{"id":978,"date":"2025-09-22T02:09:33","date_gmt":"2025-09-22T02:09:33","guid":{"rendered":"https:\/\/szjialu.com\/?post_type=product&#038;p=978"},"modified":"2026-02-13T04:42:28","modified_gmt":"2026-02-13T04:42:28","slug":"20w-dual-usb-c-pd-ladegerat-tr1002ckr","status":"publish","type":"product","link":"https:\/\/szjialu.com\/de\/product\/20w-dual-usb-c-pd-charger-tr1002ckr\/","title":{"rendered":"20W Dual USB-C PD Ladeger\u00e4t TR1002CKR"},"content":{"rendered":"<h2 data-start=\"536\" data-end=\"575\">Produkteinf\u00fchrung<\/h2>\n<p data-start=\"576\" data-end=\"1048\">Das TR1002CKR 20W Dual-Port PD-Ladeger\u00e4t vereint kompaktes Design mit hoher Leistungsf\u00e4higkeit und bietet zwei USB-C-Ausg\u00e4nge f\u00fcr flexibles Laden. Beide USB-C-Anschl\u00fcsse unterst\u00fctzen Power Delivery (PD) Schnellladeprofile (5V\/3A, 9V\/2,22A, 12V\/1,67A) und gew\u00e4hrleisten so effizientes Laden von Smartphones, Tablets und anderen USB-C-Ger\u00e4ten. Bei gleichzeitiger Nutzung beider Anschl\u00fcsse verteilt das Ladeger\u00e4t die Ausgangsleistung intelligent auf bis zu 5V\/3A und sorgt so f\u00fcr sicheres und stabiles Laden.<\/p>\n<p data-start=\"1050\" data-end=\"1655\">Dank seines leichten und robusten Polycarbonat-Geh\u00e4uses (PC) ist dieses 50 g leichte Ladeger\u00e4t ideal f\u00fcr Reisen, B\u00fcro und den t\u00e4glichen Gebrauch. Integrierte Schutzfunktionen (SCP, OVP, OCP, OLP) sch\u00fctzen Ihre Ger\u00e4te vor Kurzschluss, \u00dcberspannung, \u00dcberstrom und \u00dcberlastung. Zertifiziert mit <strong data-start=\"1337\" data-end=\"1351\">KC und KCC<\/strong>, Der TR1002CKR erf\u00fcllt die globalen Effizienzstandards (Level VI) und ist daher eine hervorragende OEM\/ODM-Wahl f\u00fcr Marken, die auf die schnell wachsenden europ\u00e4ischen und asiatischen M\u00e4rkte abzielen. Er ist in Schwarz oder Wei\u00df erh\u00e4ltlich, wird mit einer einj\u00e4hrigen Garantie geliefert und vereint Leistung, Sicherheit und Vielseitigkeit in einem kompakten Geh\u00e4use.<\/p>\n<h2 data-start=\"1662\" data-end=\"1683\">Wichtigste Verkaufsargumente<\/h2>\n<ul data-start=\"1684\" data-end=\"2257\">\n<li data-start=\"1684\" data-end=\"1765\">\n<p data-start=\"1686\" data-end=\"1765\"><strong data-start=\"1686\" data-end=\"1707\">Zwei USB-C-Anschl\u00fcsse:<\/strong> Zwei Ger\u00e4te gleichzeitig laden dank intelligenter Energieverteilung.<\/p>\n<\/li>\n<li data-start=\"1766\" data-end=\"1842\">\n<p data-start=\"1768\" data-end=\"1842\"><strong data-start=\"1768\" data-end=\"1793\">20-W-PD-Schnellladung:<\/strong> Jeder Port unterst\u00fctzt 5V\/3A, 9V\/2,22A, 12V\/1,67A.<\/p>\n<\/li>\n<li data-start=\"1843\" data-end=\"1922\">\n<p data-start=\"1845\" data-end=\"1922\"><strong data-start=\"1845\" data-end=\"1869\">Intelligente Stromverteilung:<\/strong> Im Dual-Port-Modus wird eine gemeinsame Ausgangsleistung von bis zu 5 V\/3 A bereitgestellt.<\/p>\n<\/li>\n<li data-start=\"1923\" data-end=\"1993\">\n<p data-start=\"1925\" data-end=\"1993\"><strong data-start=\"1925\" data-end=\"1944\">Zertifiziert sicher:<\/strong> KC und KCC sind f\u00fcr Konformit\u00e4t und Zuverl\u00e4ssigkeit gelistet.<\/p>\n<\/li>\n<li data-start=\"1994\" data-end=\"2075\">\n<p data-start=\"1996\" data-end=\"2075\"><strong data-start=\"1996\" data-end=\"2027\">Leicht und reisefertig:<\/strong> Wiegt nur 50 g und verf\u00fcgt \u00fcber einen kompakten EU-Stecker.<\/p>\n<\/li>\n<li data-start=\"2076\" data-end=\"2143\">\n<p data-start=\"2078\" data-end=\"2143\"><strong data-start=\"2078\" data-end=\"2099\">Strapazierf\u00e4higes Material:<\/strong> Hitzebest\u00e4ndiges PC-Geh\u00e4use (Polycarbonat).<\/p>\n<\/li>\n<li data-start=\"2144\" data-end=\"2198\">\n<p data-start=\"2146\" data-end=\"2198\"><strong data-start=\"2146\" data-end=\"2176\">Umfassender Schutz:<\/strong> SCP, OVP, OCP, OLP.<\/p>\n<\/li>\n<li data-start=\"2199\" data-end=\"2257\">\n<p data-start=\"2201\" data-end=\"2257\"><strong data-start=\"2201\" data-end=\"2223\">Garantie inklusive:<\/strong> 1 Jahr Herstellergarantie.<\/p>\n<\/li>\n<\/ul>\n<h2 data-start=\"2264\" data-end=\"2291\">Technische Spezifikationen<\/h2>\n<table width=\"901\">\n<tbody>\n<tr>\n<td width=\"230\">Produktname<\/td>\n<td width=\"670\">20-W-PD-Ladeger\u00e4t<\/td>\n<\/tr>\n<tr>\n<td>Modellnummer<\/td>\n<td>TR1002CKR<\/td>\n<\/tr>\n<tr>\n<td>Herkunftsort<\/td>\n<td>China (Festland)<\/td>\n<\/tr>\n<tr>\n<td>Anwendungen<\/td>\n<td>Mobiltelefon, Tablet usw.<\/td>\n<\/tr>\n<tr>\n<td>Eingang<\/td>\n<td>100\u2013240 V, 50\/60 Hz, max. 0,6 A<\/td>\n<\/tr>\n<tr>\n<td>Ausgabe<\/td>\n<td width=\"670\">USB-C1 (PD): PD-C 5 V\/3 A, 9 V\/2,22 A, 12 V\/1,67 A<\/p>\n<p>USB-C2: 5 V\/3 A, 9 V\/2,22 A, 12 V\/1,67 A<\/p>\n<p>USB-C1+USB-C2: 5V3A gemeinsam genutzt<\/td>\n<\/tr>\n<tr>\n<td>Steckdosenstandard<\/td>\n<td>EU<\/td>\n<\/tr>\n<tr>\n<td>Farben<\/td>\n<td>Schwarz, Wei\u00df<\/td>\n<\/tr>\n<tr>\n<td>Material<\/td>\n<td>PC<\/td>\n<\/tr>\n<tr>\n<td>Gewicht<\/td>\n<td>50 g<\/td>\n<\/tr>\n<tr>\n<td>Verpackung<\/td>\n<td>PE-BEUTEL-Verpackung<\/td>\n<\/tr>\n<tr>\n<td>Schutz<\/td>\n<td width=\"670\">SCP OVP OCP OLP<\/td>\n<\/tr>\n<tr>\n<td>Effizienz<\/td>\n<td>VI<\/td>\n<\/tr>\n<tr>\n<td>Zertifikat<\/td>\n<td>KC KCC<\/td>\n<\/tr>\n<tr>\n<td>Garantie<\/td>\n<td>1 Jahr<\/td>\n<\/tr>\n<tr>\n<td>Betriebstemperatur<\/td>\n<td>\u2018-20\u2103 ~ 55\u2103<\/td>\n<\/tr>\n<tr>\n<td>Lagertemperatur<\/td>\n<td>\u2018-40 \u00b0C ~ 70 \u00b0C<\/td>\n<\/tr>\n<\/tbody>\n<\/table>\n<h2 data-start=\"3022\" data-end=\"3042\">Was ist in der Box?<\/h2>\n<ul data-start=\"3043\" data-end=\"3155\">\n<li data-start=\"3043\" data-end=\"3092\">\n<p data-start=\"3045\" data-end=\"3092\">1 \u00d7 TR1002CKR Dual USB-C PD Ladeger\u00e4t (EU-Stecker)<\/p>\n<\/li>\n<li data-start=\"3093\" data-end=\"3127\">\n<p data-start=\"3095\" data-end=\"3127\">1 \u00d7 Kurzanleitung\/Sicherheitshinweise<\/p>\n<\/li>\n<li data-start=\"3128\" data-end=\"3155\">\n<p data-start=\"3130\" data-end=\"3155\">Standard-PE-Beutelverpackung<\/p>\n<\/li>\n<\/ul>\n<h2 data-start=\"3162\" data-end=\"3198\">Unternehmensvorstellung &amp; Vorteile<\/h2>\n<p data-start=\"3199\" data-end=\"3521\">Shenzhen Jialu Technology Co., Ltd. ist ein etablierter Hersteller von Stromversorgungsl\u00f6sungen und spezialisiert auf USB-C PD-Ladeger\u00e4te, Adapter und OEM\/ODM-Kundenl\u00f6sungen. Dank modernster Produktionslinien, internationaler Zertifizierungen und strenger Qualit\u00e4tskontrollen bietet Jialu zuverl\u00e4ssige Produkte f\u00fcr den globalen Markt. <strong data-start=\"3492\" data-end=\"3519\">Zu den wichtigsten Vorteilen geh\u00f6ren:<\/strong><\/p>\n<ul data-start=\"3522\" data-end=\"3800\">\n<li data-start=\"3522\" data-end=\"3589\">\n<p data-start=\"3524\" data-end=\"3589\">Zertifiziert nach KC, KCC und anderen internationalen Sicherheitsstandards<\/p>\n<\/li>\n<li data-start=\"3590\" data-end=\"3653\">\n<p data-start=\"3592\" data-end=\"3653\">Starke OEM\/ODM-Kompetenz mit skalierbarer Produktionskapazit\u00e4t<\/p>\n<\/li>\n<li data-start=\"3654\" data-end=\"3734\">\n<p data-start=\"3656\" data-end=\"3734\">Leichte, reisefreundliche Ladeger\u00e4te, optimiert f\u00fcr einen mobilen Lebensstil<\/p>\n<\/li>\n<li data-start=\"3735\" data-end=\"3800\">\n<p data-start=\"3737\" data-end=\"3800\">Umfassender technischer Support und Kundendienst mit 1 Jahr Garantie<\/p>\n<\/li>\n<\/ul>\n<h2 data-start=\"3807\" data-end=\"3814\">H\u00e4ufig gestellte Fragen<\/h2>\n<p data-start=\"3815\" data-end=\"3953\"><strong data-start=\"3815\" data-end=\"3864\">1. Kann ich zwei Ger\u00e4te gleichzeitig aufladen?<\/strong><br data-start=\"3864\" data-end=\"3867\" \/>Ja, beide USB-C-Anschl\u00fcsse k\u00f6nnen gleichzeitig verwendet werden. Die Gesamtausgangsleistung betr\u00e4gt 5 V\/3 A.<\/p>\n<p data-start=\"3955\" data-end=\"4101\"><strong data-start=\"3955\" data-end=\"4002\">2. Unterst\u00fctzt jeder Port PD-Schnellladung?<\/strong><br data-start=\"4002\" data-end=\"4005\" \/>Ja, jeder USB-C-Anschluss unterst\u00fctzt PD-Profile (5V\/3A, 9V\/2,22A, 12V\/1,67A), wenn er einzeln verwendet wird.<\/p>\n<p data-start=\"4103\" data-end=\"4239\"><strong data-start=\"4103\" data-end=\"4139\">3. Ist es f\u00fcr den sicheren Gebrauch zertifiziert?<\/strong><br data-start=\"4139\" data-end=\"4142\" \/>Ja, es besitzt die KC- und KCC-Zertifizierungen und verf\u00fcgt \u00fcber integrierte Schutzmechanismen (SCP, OVP, OCP, OLP).<\/p>\n<p data-start=\"4241\" data-end=\"4331\"><strong data-start=\"4241\" data-end=\"4278\">4. Welche Art von Stecker ben\u00f6tigt es?<\/strong><br data-start=\"4278\" data-end=\"4281\" \/>Dieses Modell ist mit einem EU-Steckerstandard ausgestattet.<\/p>\n<p data-start=\"4333\" data-end=\"4454\"><strong data-start=\"4333\" data-end=\"4364\">5. Ist ein Kabel im Lieferumfang enthalten?<\/strong><br data-start=\"4364\" data-end=\"4367\" \/>Nein \u2013 das Ladeger\u00e4t wird ohne Kabel geliefert. OEM-Kunden k\u00f6nnen ein Kabelset anfordern.<\/p>\n<p data-start=\"4456\" data-end=\"4583\"><strong data-start=\"4456\" data-end=\"4485\">6. Kann es Laptops aufladen?<\/strong><br data-start=\"4485\" data-end=\"4488\" \/>Nein \u2013 es liefert bis zu 20 W, ausreichend f\u00fcr Smartphones und Tablets, aber nicht f\u00fcr leistungsstarke Laptops.<\/p>\n<p data-start=\"4585\" data-end=\"4661\"><strong data-start=\"4585\" data-end=\"4618\">7. Welche Garantie ist inbegriffen?<\/strong><br data-start=\"4618\" data-end=\"4621\" \/>1 Jahr Garantie ab Kaufdatum.<\/p>","protected":false},"excerpt":{"rendered":"<p data-start=\"2294\" data-end=\"2339\"><strong data-start=\"2294\" data-end=\"2311\">Produktname:<\/strong> 20-W-Dual-USB-C-PD-Ladeger\u00e4t<\/p>\n<p data-start=\"2342\" data-end=\"2371\"><strong data-start=\"2342\" data-end=\"2359\">Modellnummer:<\/strong> TR1002CKR<\/p>\n<p data-start=\"2374\" data-end=\"2413\"><strong data-start=\"2374\" data-end=\"2394\">Herkunftsort:<\/strong> China (Festland)<\/p>\n<p data-start=\"2416\" data-end=\"2471\"><strong data-start=\"2416\" data-end=\"2433\">Anwendungsbereiche:<\/strong> Mobiltelefon, Tablet, USB-C-Ger\u00e4te<\/p>\n<p data-start=\"2474\" data-end=\"2517\"><strong data-start=\"2474\" data-end=\"2484\">Eingang:<\/strong> 100\u2013240 V Wechselstrom, 50\/60 Hz, max. 0,6 A<\/p>\n<p data-start=\"2520\" data-end=\"2533\"><strong data-start=\"2520\" data-end=\"2531\">Ausgabe:<\/strong><\/p>\n<p data-start=\"2538\" data-end=\"2579\">USB-C1 (PD): 5 V\/3 A, 9 V\/2,22 A, 12 V\/1,67 A<\/p>\n<p data-start=\"2584\" data-end=\"2620\">USB-C2: 5 V\/3 A, 9 V\/2,22 A, 12 V\/1,67 A<\/p>\n<p data-start=\"2625\" data-end=\"2658\">USB-C1 + USB-C2: 5V\/3A (gemeinsam genutzt)<\/p>\n<p data-start=\"2661\" data-end=\"2691\"><strong data-start=\"2661\" data-end=\"2681\">Steckdosenstandard:<\/strong> EU-Stecker<\/p>","protected":false},"featured_media":979,"comment_status":"open","ping_status":"closed","template":"","meta":{"_acf_changed":false,"site-sidebar-layout":"default","site-content-layout":"","ast-site-content-layout":"default","site-content-style":"default","site-sidebar-style":"default","ast-global-header-display":"","ast-banner-title-visibility":"","ast-main-header-display":"","ast-hfb-above-header-display":"","ast-hfb-below-header-display":"","ast-hfb-mobile-header-display":"","site-post-title":"","ast-breadcrumbs-content":"","ast-featured-img":"","footer-sml-layout":"","ast-disable-related-posts":"","theme-transparent-header-meta":"default","adv-header-id-meta":"","stick-header-meta":"","header-above-stick-meta":"","header-main-stick-meta":"","header-below-stick-meta":"","astra-migrate-meta-layouts":"set","ast-page-background-enabled":"default","ast-page-background-meta":{"desktop":{"background-color":"var(--ast-global-color-5)","background-image":"","background-repeat":"repeat","background-position":"center center","background-size":"auto","background-attachment":"scroll","background-type":"","background-media":"","overlay-type":"","overlay-color":"","overlay-opacity":"","overlay-gradient":""},"tablet":{"background-color":"","background-image":"","background-repeat":"repeat","background-position":"center center","background-size":"auto","background-attachment":"scroll","background-type":"","background-media":"","overlay-type":"","overlay-color":"","overlay-opacity":"","overlay-gradient":""},"mobile":{"background-color":"","background-image":"","background-repeat":"repeat","background-position":"center center","background-size":"auto","background-attachment":"scroll","background-type":"","background-media":"","overlay-type":"","overlay-color":"","overlay-opacity":"","overlay-gradient":""}},"ast-content-background-meta":{"desktop":{"background-color":"var(--ast-global-color-4)","background-image":"","background-repeat":"repeat","background-position":"center center","background-size":"auto","background-attachment":"scroll","background-type":"","background-media":"","overlay-type":"","overlay-color":"","overlay-opacity":"","overlay-gradient":""},"tablet":{"background-color":"var(--ast-global-color-4)","background-image":"","background-repeat":"repeat","background-position":"center center","background-size":"auto","background-attachment":"scroll","background-type":"","background-media":"","overlay-type":"","overlay-color":"","overlay-opacity":"","overlay-gradient":""},"mobile":{"background-color":"var(--ast-global-color-4)","background-image":"","background-repeat":"repeat","background-position":"center center","background-size":"auto","background-attachment":"scroll","background-type":"","background-media":"","overlay-type":"","overlay-color":"","overlay-opacity":"","overlay-gradient":""}}},"product_brand":[],"product_cat":[30,45],"product_tag":[80,73,81],"class_list":{"0":"post-978","1":"product","2":"type-product","3":"status-publish","4":"has-post-thumbnail","6":"product_cat-gan-charger","7":"product_cat-20w","8":"product_tag-20w-dual-usb-c-pd-charger","9":"product_tag-20w-pd-charger","10":"product_tag-usb-pd-charger","11":"desktop-align-left","12":"tablet-align-left","13":"mobile-align-left","15":"first","16":"instock","17":"shipping-taxable","18":"product-type-simple"},"acf":[],"_links":{"self":[{"href":"https:\/\/szjialu.com\/de\/wp-json\/wp\/v2\/product\/978","targetHints":{"allow":["GET"]}}],"collection":[{"href":"https:\/\/szjialu.com\/de\/wp-json\/wp\/v2\/product"}],"about":[{"href":"https:\/\/szjialu.com\/de\/wp-json\/wp\/v2\/types\/product"}],"replies":[{"embeddable":true,"href":"https:\/\/szjialu.com\/de\/wp-json\/wp\/v2\/comments?post=978"}],"wp:featuredmedia":[{"embeddable":true,"href":"https:\/\/szjialu.com\/de\/wp-json\/wp\/v2\/media\/979"}],"wp:attachment":[{"href":"https:\/\/szjialu.com\/de\/wp-json\/wp\/v2\/media?parent=978"}],"wp:term":[{"taxonomy":"product_brand","embeddable":true,"href":"https:\/\/szjialu.com\/de\/wp-json\/wp\/v2\/product_brand?post=978"},{"taxonomy":"product_cat","embeddable":true,"href":"https:\/\/szjialu.com\/de\/wp-json\/wp\/v2\/product_cat?post=978"},{"taxonomy":"product_tag","embeddable":true,"href":"https:\/\/szjialu.com\/de\/wp-json\/wp\/v2\/product_tag?post=978"}],"curies":[{"name":"wp","href":"https:\/\/api.w.org\/{rel}","templated":true}]}}