{"id":966,"date":"2025-09-20T13:58:17","date_gmt":"2025-09-20T13:58:17","guid":{"rendered":"https:\/\/szjialu.com\/?post_type=product&#038;p=966"},"modified":"2026-02-13T04:42:28","modified_gmt":"2026-02-13T04:42:28","slug":"20w-pd-ladegerat-tr100ceu","status":"publish","type":"product","link":"https:\/\/szjialu.com\/de\/product\/20w-pd-charger-tr100ceu\/","title":{"rendered":"20W PD Ladeger\u00e4t TR100CEU"},"content":{"rendered":"<h2 data-start=\"487\" data-end=\"526\">Produkteinf\u00fchrung<\/h2>\n<p data-start=\"527\" data-end=\"1432\">Das TR100CEU 20W PD-Ladeger\u00e4t ist ein elegantes und zuverl\u00e4ssiges Wandladeger\u00e4t, das f\u00fcr sicheres und effizientes Laden moderner Mobilger\u00e4te entwickelt wurde. Es unterst\u00fctzt USB-C Power Delivery mit verschiedenen Ausgangsprofilen (5V\/3A, 9V\/2,22A, 12V\/1,67A) und gew\u00e4hrleistet so schnelles und optimiertes Laden f\u00fcr Smartphones, Tablets und andere USB-C-f\u00e4hige Ger\u00e4te. Das robuste Polycarbonat-Geh\u00e4use (PC) vereint geringes Gewicht (nur 48 g) mit Hitzebest\u00e4ndigkeit und Sto\u00dffestigkeit und macht es damit ideal f\u00fcr Reisen, B\u00fcro und den t\u00e4glichen Gebrauch. Umfassende Sicherheitsfunktionen (SCP, OVP, OCP, OLP) und die Einhaltung der geltenden Normen gew\u00e4hrleisten optimale Ladesicherheit. <strong data-start=\"1135\" data-end=\"1162\">CE, GS, RoHS und REACH<\/strong> Dieses Modell erf\u00fcllt h\u00f6chste Standards und ist f\u00fcr den europ\u00e4ischen Markt und dar\u00fcber hinaus konzipiert. Erh\u00e4ltlich in klassischem Schwarz oder Wei\u00df und mit einer einj\u00e4hrigen Garantie, bietet der TR100CEU sowohl Leistung als auch Sicherheit \u2013 die ideale OEM-Wahl f\u00fcr Marken, die eine bew\u00e4hrte Schnellladel\u00f6sung suchen.<\/p>\n<h2 data-start=\"1439\" data-end=\"1460\">Wichtigste Verkaufsargumente<\/h2>\n<ul data-start=\"1461\" data-end=\"2042\">\n<li data-start=\"1461\" data-end=\"1573\">\n<p data-start=\"1463\" data-end=\"1573\"><strong data-start=\"1463\" data-end=\"1488\">20-W-PD-Schnellladung:<\/strong> Unterst\u00fctzt USB-C Power Delivery mit den Ausgangsprofilen 5V\/3A, 9V\/2,22A und 12V\/1,67A.<\/p>\n<\/li>\n<li data-start=\"1574\" data-end=\"1680\">\n<p data-start=\"1576\" data-end=\"1680\"><strong data-start=\"1576\" data-end=\"1614\">Zertifiziert f\u00fcr Sicherheit und Konformit\u00e4t:<\/strong> CE-, GS-, ROHS- und REACH-zertifiziert gem\u00e4\u00df den Anforderungen des europ\u00e4ischen Marktes.<\/p>\n<\/li>\n<li data-start=\"1681\" data-end=\"1761\">\n<p data-start=\"1683\" data-end=\"1761\"><strong data-start=\"1683\" data-end=\"1709\">Leicht und kompakt:<\/strong> Nur 48 g, leicht zu transportieren f\u00fcr Reisen oder den t\u00e4glichen Gebrauch.<\/p>\n<\/li>\n<li data-start=\"1762\" data-end=\"1854\">\n<p data-start=\"1764\" data-end=\"1854\"><strong data-start=\"1764\" data-end=\"1782\">Robuste Bauweise:<\/strong> Hergestellt aus hochwertigem PC-Material (Polycarbonat) f\u00fcr Hitzebest\u00e4ndigkeit.<\/p>\n<\/li>\n<li data-start=\"1855\" data-end=\"1931\">\n<p data-start=\"1857\" data-end=\"1931\"><strong data-start=\"1857\" data-end=\"1882\">Zuverl\u00e4ssiger Schutz:<\/strong> Integrierte SCP-, OVP-, OCP- und OLP-Funktionen f\u00fcr sicheres Laden.<\/p>\n<\/li>\n<li data-start=\"1932\" data-end=\"1993\">\n<p data-start=\"1934\" data-end=\"1993\"><strong data-start=\"1934\" data-end=\"1957\">EU-Steckdosenstandard:<\/strong> Kompatibel mit europ\u00e4ischen Steckdosen.<\/p>\n<\/li>\n<li data-start=\"1994\" data-end=\"2042\">\n<p data-start=\"1996\" data-end=\"2042\"><strong data-start=\"1996\" data-end=\"2017\">Garantieunterst\u00fctzung:<\/strong> 1 Jahr Produktgarantie.<\/p>\n<\/li>\n<\/ul>\n<h2 data-start=\"2049\" data-end=\"2076\">Technische Spezifikationen<\/h2>\n<table width=\"901\">\n<tbody>\n<tr>\n<td width=\"230\">Produktname<\/td>\n<td width=\"670\">20-W-PD-Ladeger\u00e4t<\/td>\n<\/tr>\n<tr>\n<td>Modellnummer<\/td>\n<td>TR100CEU<\/td>\n<\/tr>\n<tr>\n<td>Herkunftsort<\/td>\n<td>China (Festland)<\/td>\n<\/tr>\n<tr>\n<td>Anwendungen<\/td>\n<td>Mobiltelefon, Tablet usw.<\/td>\n<\/tr>\n<tr>\n<td>Eingang<\/td>\n<td>100\u2013240 V, 50\/60 Hz, max. 0,6 A<\/td>\n<\/tr>\n<tr>\n<td>Ausgabe<\/td>\n<td>USB-C: 5 V\/3 A, 9 V\/2,22 A, 12 V\/1,67 A<\/td>\n<\/tr>\n<tr>\n<td>Steckdosenstandard<\/td>\n<td>EU<\/td>\n<\/tr>\n<tr>\n<td>Farben<\/td>\n<td>Schwarz, Wei\u00df<\/td>\n<\/tr>\n<tr>\n<td>Material<\/td>\n<td>PC<\/td>\n<\/tr>\n<tr>\n<td>Gewicht<\/td>\n<td>48 g<\/td>\n<\/tr>\n<tr>\n<td>Verpackung<\/td>\n<td>PE-BEUTEL-Verpackung<\/td>\n<\/tr>\n<tr>\n<td>Schutz<\/td>\n<td width=\"670\">SCP OVP OCP OLP<\/td>\n<\/tr>\n<tr>\n<td>Effizienz<\/td>\n<td>VI<\/td>\n<\/tr>\n<tr>\n<td>Zertifikat<\/td>\n<td>CE GS RoHS REACH<\/td>\n<\/tr>\n<tr>\n<td>Garantie<\/td>\n<td>1 Jahr<\/td>\n<\/tr>\n<tr>\n<td>Betriebstemperatur<\/td>\n<td>\u2018-20\u2103 ~ 55\u2103<\/td>\n<\/tr>\n<tr>\n<td>Lagertemperatur<\/td>\n<td>\u2018-40 \u00b0C ~ 70 \u00b0C<\/td>\n<\/tr>\n<\/tbody>\n<\/table>\n<h2 data-start=\"2716\" data-end=\"2736\">Was ist in der Box?<\/h2>\n<ul data-start=\"2737\" data-end=\"2855\">\n<li data-start=\"2737\" data-end=\"2784\">\n<p data-start=\"2739\" data-end=\"2784\">1 \u00d7 TR100CEU 20W USB-C PD Ladeger\u00e4t (EU-Stecker)<\/p>\n<\/li>\n<li data-start=\"2785\" data-end=\"2817\">\n<p data-start=\"2787\" data-end=\"2817\">1 \u00d7 Kurzanleitung f\u00fcr Sicherheit und Verwendung<\/p>\n<\/li>\n<li data-start=\"2818\" data-end=\"2855\">\n<p data-start=\"2820\" data-end=\"2855\">Verpackt im PE-Beutel (OEM-Gro\u00dfverpackung)<\/p>\n<\/li>\n<\/ul>\n<hr data-start=\"2857\" data-end=\"2860\" \/>\n<h2 data-start=\"2862\" data-end=\"2898\">Unternehmensvorstellung &amp; Vorteile<\/h2>\n<p data-start=\"2899\" data-end=\"3326\">Shenzhen Jialu Technology Co., Ltd. ist ein professioneller Hersteller von Stromversorgungsl\u00f6sungen und spezialisiert auf USB-C-PD-Ladeger\u00e4te, AC\/DC-Adapter und kundenspezifische OEM\/ODM-Produkte. Mit ISO-zertifizierten Produktionsanlagen, automatisierten Testger\u00e4ten und strengen Qualit\u00e4tskontrollprozessen liefert das Unternehmen zuverl\u00e4ssige Produkte, die internationalen Sicherheits- und Umweltstandards entsprechen. Jialu exportiert weltweit und ist bekannt f\u00fcr:<\/p>\n<ul data-start=\"3327\" data-end=\"3539\">\n<li data-start=\"3327\" data-end=\"3367\">\n<p data-start=\"3329\" data-end=\"3367\">Schnelle Prototypenerstellung &amp; OEM-Anpassung<\/p>\n<\/li>\n<li data-start=\"3368\" data-end=\"3425\">\n<p data-start=\"3370\" data-end=\"3425\">CE-, GS-, RoHS- und REACH-zertifizierte Produkte f\u00fcr den EU-Markt<\/p>\n<\/li>\n<li data-start=\"3426\" data-end=\"3484\">\n<p data-start=\"3428\" data-end=\"3484\">Hohe Produktionskapazit\u00e4t und gleichbleibende Qualit\u00e4t<\/p>\n<\/li>\n<li data-start=\"3485\" data-end=\"3539\">\n<p data-start=\"3487\" data-end=\"3539\">Engagierter Kundensupport und After-Sales-Service<\/p>\n<\/li>\n<\/ul>\n<hr data-start=\"3541\" data-end=\"3544\" \/>\n<h2 data-start=\"3546\" data-end=\"3553\">H\u00e4ufig gestellte Fragen<\/h2>\n<p data-start=\"3554\" data-end=\"3754\"><strong data-start=\"3554\" data-end=\"3632\">1. Unterst\u00fctzt das TR100CEU Schnellladen f\u00fcr iPhones und Android-Handys?<\/strong><br data-start=\"3632\" data-end=\"3635\" \/>Ja, es unterst\u00fctzt PD-Schnellladung sowohl f\u00fcr iPhones (\u00fcber ein USB-C-auf-Lightning-Kabel) als auch f\u00fcr kompatible Android-Smartphones.<\/p>\n<p data-start=\"3756\" data-end=\"3929\"><strong data-start=\"3756\" data-end=\"3792\">2. Ist ein Ladekabel im Lieferumfang enthalten?<\/strong><br data-start=\"3792\" data-end=\"3795\" \/>Nein \u2013 dieses Ladeger\u00e4t wird in einer PE-Beutelverpackung ohne Kabel geliefert. OEM-Kunden k\u00f6nnen ein USB-C- oder USB-C-auf-Lightning-Kabel im Lieferumfang anfordern.<\/p>\n<p data-start=\"3931\" data-end=\"4085\"><strong data-start=\"3931\" data-end=\"3972\">3. Welche Sicherheitsmerkmale sind integriert?<\/strong><br data-start=\"3972\" data-end=\"3975\" \/>Das Ladeger\u00e4t verf\u00fcgt \u00fcber einen Kurzschlussschutz (SCP), einen \u00dcberspannungsschutz (OVP), einen \u00dcberstromschutz (OCP) und einen \u00dcberlastschutz (OLP).<\/p>\n<p data-start=\"4087\" data-end=\"4218\"><strong data-start=\"4087\" data-end=\"4128\">4. \u00dcber welche Zertifizierungen verf\u00fcgt es?<\/strong><br data-start=\"4128\" data-end=\"4131\" \/>Der TR100CEU ist CE-, GS-, ROHS- und REACH-zertifiziert \u2013 geeignet f\u00fcr die Einhaltung europ\u00e4ischer Vorschriften.<\/p>\n<p data-start=\"4220\" data-end=\"4345\"><strong data-start=\"4220\" data-end=\"4256\">5. Ist es f\u00fcr Laptops geeignet?<\/strong><br data-start=\"4256\" data-end=\"4259\" \/>Nein \u2013 es handelt sich um ein 20-Watt-Ladeger\u00e4t, das f\u00fcr Smartphones, Tablets und kleine USB-C-Ger\u00e4te entwickelt wurde.<\/p>\n<p data-start=\"4347\" data-end=\"4426\"><strong data-start=\"4347\" data-end=\"4380\">6. Welche Garantie wird gew\u00e4hrt?<\/strong><br data-start=\"4380\" data-end=\"4383\" \/>F\u00fcr das Produkt gilt eine einj\u00e4hrige Garantie.<\/p>","protected":false},"excerpt":{"rendered":"<p data-start=\"2079\" data-end=\"2113\"><strong data-start=\"2079\" data-end=\"2096\">Produktname:<\/strong> 20-W-PD-Ladeger\u00e4t<\/p>\n<p data-start=\"2116\" data-end=\"2144\"><strong data-start=\"2116\" data-end=\"2133\">Modellnummer:<\/strong> TR100CEU<\/p>\n<p data-start=\"2147\" data-end=\"2186\"><strong data-start=\"2147\" data-end=\"2167\">Herkunftsort:<\/strong> China (Festland)<\/p>\n<p data-start=\"2189\" data-end=\"2248\"><strong data-start=\"2189\" data-end=\"2206\">Anwendungsbereiche:<\/strong> Mobiltelefone, Tablets und USB-C-Ger\u00e4te<\/p>\n<p data-start=\"2251\" data-end=\"2291\"><strong data-start=\"2251\" data-end=\"2261\">Eingang:<\/strong> 100\u2013240 V, 50\/60 Hz, max. 0,6 A<\/p>\n<p data-start=\"2294\" data-end=\"2342\"><strong data-start=\"2294\" data-end=\"2313\">Ausgang (USB-C):<\/strong> 5 V\/3 A, 9 V\/2,22 A, 12 V\/1,67 A<\/p>\n<p data-start=\"2345\" data-end=\"2375\"><strong data-start=\"2345\" data-end=\"2365\">Steckdosenstandard:<\/strong> EU-Stecker<\/p>\n<p data-start=\"2378\" data-end=\"2404\"><strong data-start=\"2378\" data-end=\"2389\">Farben:<\/strong> Schwarz, Wei\u00df<\/p>\n<p data-start=\"2407\" data-end=\"2441\"><strong data-start=\"2407\" data-end=\"2420\">Material:<\/strong> PC (Polycarbonat)<\/p>","protected":false},"featured_media":967,"comment_status":"open","ping_status":"closed","template":"","meta":{"_acf_changed":false,"site-sidebar-layout":"default","site-content-layout":"","ast-site-content-layout":"default","site-content-style":"default","site-sidebar-style":"default","ast-global-header-display":"","ast-banner-title-visibility":"","ast-main-header-display":"","ast-hfb-above-header-display":"","ast-hfb-below-header-display":"","ast-hfb-mobile-header-display":"","site-post-title":"","ast-breadcrumbs-content":"","ast-featured-img":"","footer-sml-layout":"","ast-disable-related-posts":"","theme-transparent-header-meta":"default","adv-header-id-meta":"","stick-header-meta":"","header-above-stick-meta":"","header-main-stick-meta":"","header-below-stick-meta":"","astra-migrate-meta-layouts":"set","ast-page-background-enabled":"default","ast-page-background-meta":{"desktop":{"background-color":"var(--ast-global-color-5)","background-image":"","background-repeat":"repeat","background-position":"center center","background-size":"auto","background-attachment":"scroll","background-type":"","background-media":"","overlay-type":"","overlay-color":"","overlay-opacity":"","overlay-gradient":""},"tablet":{"background-color":"","background-image":"","background-repeat":"repeat","background-position":"center center","background-size":"auto","background-attachment":"scroll","background-type":"","background-media":"","overlay-type":"","overlay-color":"","overlay-opacity":"","overlay-gradient":""},"mobile":{"background-color":"","background-image":"","background-repeat":"repeat","background-position":"center center","background-size":"auto","background-attachment":"scroll","background-type":"","background-media":"","overlay-type":"","overlay-color":"","overlay-opacity":"","overlay-gradient":""}},"ast-content-background-meta":{"desktop":{"background-color":"var(--ast-global-color-4)","background-image":"","background-repeat":"repeat","background-position":"center center","background-size":"auto","background-attachment":"scroll","background-type":"","background-media":"","overlay-type":"","overlay-color":"","overlay-opacity":"","overlay-gradient":""},"tablet":{"background-color":"var(--ast-global-color-4)","background-image":"","background-repeat":"repeat","background-position":"center center","background-size":"auto","background-attachment":"scroll","background-type":"","background-media":"","overlay-type":"","overlay-color":"","overlay-opacity":"","overlay-gradient":""},"mobile":{"background-color":"var(--ast-global-color-4)","background-image":"","background-repeat":"repeat","background-position":"center center","background-size":"auto","background-attachment":"scroll","background-type":"","background-media":"","overlay-type":"","overlay-color":"","overlay-opacity":"","overlay-gradient":""}}},"product_brand":[],"product_cat":[30,45],"product_tag":[73],"class_list":{"0":"post-966","1":"product","2":"type-product","3":"status-publish","4":"has-post-thumbnail","6":"product_cat-gan-charger","7":"product_cat-20w","8":"product_tag-20w-pd-charger","9":"desktop-align-left","10":"tablet-align-left","11":"mobile-align-left","13":"first","14":"instock","15":"shipping-taxable","16":"product-type-simple"},"acf":[],"_links":{"self":[{"href":"https:\/\/szjialu.com\/de\/wp-json\/wp\/v2\/product\/966","targetHints":{"allow":["GET"]}}],"collection":[{"href":"https:\/\/szjialu.com\/de\/wp-json\/wp\/v2\/product"}],"about":[{"href":"https:\/\/szjialu.com\/de\/wp-json\/wp\/v2\/types\/product"}],"replies":[{"embeddable":true,"href":"https:\/\/szjialu.com\/de\/wp-json\/wp\/v2\/comments?post=966"}],"wp:featuredmedia":[{"embeddable":true,"href":"https:\/\/szjialu.com\/de\/wp-json\/wp\/v2\/media\/967"}],"wp:attachment":[{"href":"https:\/\/szjialu.com\/de\/wp-json\/wp\/v2\/media?parent=966"}],"wp:term":[{"taxonomy":"product_brand","embeddable":true,"href":"https:\/\/szjialu.com\/de\/wp-json\/wp\/v2\/product_brand?post=966"},{"taxonomy":"product_cat","embeddable":true,"href":"https:\/\/szjialu.com\/de\/wp-json\/wp\/v2\/product_cat?post=966"},{"taxonomy":"product_tag","embeddable":true,"href":"https:\/\/szjialu.com\/de\/wp-json\/wp\/v2\/product_tag?post=966"}],"curies":[{"name":"wp","href":"https:\/\/api.w.org\/{rel}","templated":true}]}}