{"id":942,"date":"2025-09-18T12:47:26","date_gmt":"2025-09-18T12:47:26","guid":{"rendered":"https:\/\/szjialu.com\/?post_type=product&#038;p=942"},"modified":"2026-02-13T04:42:29","modified_gmt":"2026-02-13T04:42:29","slug":"20w-pd-ladegerat-tr100ackr","status":"publish","type":"product","link":"https:\/\/szjialu.com\/de\/product\/20w-pd-charger-tr100ackr\/","title":{"rendered":"20W PD-Ladeger\u00e4t TR100ACKR"},"content":{"rendered":"<h2 data-start=\"956\" data-end=\"982\">Produktbeschreibung<\/h2>\n<p data-start=\"983\" data-end=\"1345\">Die TR100ACKR ist eine <strong data-start=\"1002\" data-end=\"1025\">20-W-PD-Wandladeger\u00e4t<\/strong> Entwickelt f\u00fcr sicheres und effizientes Laden in kompakter Bauweise. Ausgestattet mit einem USB-C-Anschluss mit PD-Schnellladefunktion und einem leistungsstarken USB-A-Anschluss unterst\u00fctzt es eine Vielzahl von Mobiltelefonen, Tablets und tragbaren Elektronikger\u00e4ten. Bei gleichzeitiger Nutzung beider Anschl\u00fcsse wird die Stromzufuhr intelligent verteilt, um ein sicheres Laden der Ger\u00e4te zu gew\u00e4hrleisten.<\/p>\n<p data-start=\"1347\" data-end=\"1708\">Die TR100ACKR ist aus robustem, flammhemmendem Polycarbonat gefertigt und wiegt nur 50 g, wodurch sie sich ideal f\u00fcr Gesch\u00e4ftsreisen, zu Hause oder auf Reisen eignet. Zertifiziert durch <strong data-start=\"1502\" data-end=\"1516\">KC und KCC<\/strong> und bewertet mit <strong data-start=\"1530\" data-end=\"1560\">Energieeffizienzklasse VI<\/strong>, Dieses Ladeger\u00e4t bietet dank fortschrittlicher Schutzsysteme, darunter \u00dcberspannungs-, \u00dcberstrom-, Kurzschluss- und \u00dcberlastschutz, absolute Sicherheit.<\/p>\n<h1 data-start=\"2406\" data-end=\"2453\">Technische Spezifikationen<\/h1>\n<table width=\"901\">\n<tbody>\n<tr>\n<td width=\"230\">Produktname<\/td>\n<td width=\"670\">20-W-PD-Ladeger\u00e4t<\/td>\n<\/tr>\n<tr>\n<td>Modellnummer<\/td>\n<td>TR100ACEU<\/td>\n<\/tr>\n<tr>\n<td>Herkunftsort<\/td>\n<td>China (Festland)<\/td>\n<\/tr>\n<tr>\n<td>Anwendungen<\/td>\n<td>Mobiltelefon, Tablet usw.<\/td>\n<\/tr>\n<tr>\n<td>Eingang<\/td>\n<td>100\u2013240 V, 50\/60 Hz, max. 0,6 A<\/td>\n<\/tr>\n<tr>\n<td>Ausgabe<\/td>\n<td width=\"670\">USB-C: 5 V\/3 A, 9 V\/2,22 A, 12 V\/1,67 A<br \/>\nUSB-A: 5V 3A, 9V 2A, 12V 1,5A,<br \/>\nUSB-A + USB-C: 5V 3A gemeinsam genutzt<\/td>\n<\/tr>\n<tr>\n<td>Steckdosenstandard<\/td>\n<td>EU<\/td>\n<\/tr>\n<tr>\n<td>Farben<\/td>\n<td>Schwarz, Wei\u00df<\/td>\n<\/tr>\n<tr>\n<td>Material<\/td>\n<td>PC<\/td>\n<\/tr>\n<tr>\n<td>Gewicht<\/td>\n<td>50 g<\/td>\n<\/tr>\n<tr>\n<td>Verpackung<\/td>\n<td>PE-BEUTEL-Verpackung<\/td>\n<\/tr>\n<tr>\n<td>Schutz<\/td>\n<td width=\"670\">SCP OVP OCP OLP<\/td>\n<\/tr>\n<tr>\n<td>Effizienz<\/td>\n<td>VI<\/td>\n<\/tr>\n<tr>\n<td>Zertifikat<\/td>\n<td>CE GS RoHS REACH<\/td>\n<\/tr>\n<tr>\n<td>Garantie<\/td>\n<td>1 Jahr<\/td>\n<\/tr>\n<tr>\n<td>Betriebstemperatur<\/td>\n<td>\u2018-20\u2103 ~ 55\u2103<\/td>\n<\/tr>\n<tr>\n<td>Lagertemperatur<\/td>\n<td>\u2018-40 \u00b0C ~ 70 \u00b0C<\/td>\n<\/tr>\n<\/tbody>\n<\/table>\n<h2 data-start=\"1715\" data-end=\"1748\">Wichtigste Verkaufsargumente<\/h2>\n<ul data-start=\"1749\" data-end=\"2399\">\n<li data-start=\"1749\" data-end=\"1843\">\n<p data-start=\"1751\" data-end=\"1843\"><strong data-start=\"1753\" data-end=\"1783\">20-W-USB-C-PD-Schnellladung<\/strong> zum Schnellladen kompatibler Smartphones und Tablets.<\/p>\n<\/li>\n<li data-start=\"1844\" data-end=\"1954\">\n<p data-start=\"1846\" data-end=\"1954\"><strong data-start=\"1849\" data-end=\"1879\">Zwei Anschl\u00fcsse (USB-C + USB-A)<\/strong> \u2014 Laden Sie zwei Ger\u00e4te gleichzeitig mit intelligenter Stromverteilung.<\/p>\n<\/li>\n<li data-start=\"1955\" data-end=\"2033\">\n<p data-start=\"1957\" data-end=\"2033\"><strong data-start=\"1960\" data-end=\"1993\">Breiter Eingangsspannungsbereich (100\u2013240 V)<\/strong> F\u00fcr den weltweiten Einsatz mit EU-Steckerstandard.<\/p>\n<\/li>\n<li data-start=\"2034\" data-end=\"2123\">\n<p data-start=\"2036\" data-end=\"2123\"><strong data-start=\"2039\" data-end=\"2070\">Ultrakompakt und leicht<\/strong> - nur <strong data-start=\"2078\" data-end=\"2086\">50 g<\/strong>, Perfekt f\u00fcr Reisen und den t\u00e4glichen Gebrauch.<\/p>\n<\/li>\n<li data-start=\"2124\" data-end=\"2184\">\n<p data-start=\"2126\" data-end=\"2184\"><strong data-start=\"2130\" data-end=\"2161\">Mehrfache Sicherheitsvorkehrungen<\/strong>: SCP, OVP, OCP, OLP.<\/p>\n<\/li>\n<li data-start=\"2185\" data-end=\"2261\">\n<p data-start=\"2187\" data-end=\"2261\"><strong data-start=\"2189\" data-end=\"2211\">KC- und KCC-zertifiziert<\/strong> zur Einhaltung von Vorschriften und zur Gew\u00e4hrleistung der Sicherheit in regulierten M\u00e4rkten.<\/p>\n<\/li>\n<li data-start=\"2262\" data-end=\"2332\">\n<p data-start=\"2264\" data-end=\"2332\"><strong data-start=\"2267\" data-end=\"2297\">Energieeffizienzklasse VI<\/strong>, wodurch Energie- und W\u00e4rmeverluste reduziert werden.<\/p>\n<\/li>\n<li data-start=\"2333\" data-end=\"2399\">\n<p data-start=\"2335\" data-end=\"2399\"><strong data-start=\"2338\" data-end=\"2369\">Erh\u00e4ltlich in Schwarz oder Wei\u00df<\/strong> passend zum Stil Ihres Ger\u00e4ts.<\/p>\n<\/li>\n<\/ul>\n<h2 data-start=\"3260\" data-end=\"3279\">Was ist in der Box?<\/h2>\n<ul data-start=\"3280\" data-end=\"3365\">\n<li data-start=\"3280\" data-end=\"3322\">\n<p data-start=\"3282\" data-end=\"3322\">1 \u00d7 TR100ACKR 20W PD-Ladeger\u00e4t (EU-Stecker)<\/p>\n<\/li>\n<li data-start=\"3323\" data-end=\"3365\">\n<p data-start=\"3325\" data-end=\"3365\">1 \u00d7 Kurzanleitung &amp; Sicherheitshinweise<\/p>\n<\/li>\n<\/ul>\n<h2 data-start=\"3434\" data-end=\"3463\">Zertifizierungen und Konformit\u00e4t<\/h2>\n<ul data-start=\"3464\" data-end=\"3660\">\n<li data-start=\"3464\" data-end=\"3538\">\n<p data-start=\"3466\" data-end=\"3538\"><strong data-start=\"3466\" data-end=\"3488\">KC- und KCC-zertifiziert<\/strong> \u2014 entspricht den koreanischen Sicherheits- und Konformit\u00e4tsstandards.<\/p>\n<\/li>\n<li data-start=\"3539\" data-end=\"3602\">\n<p data-start=\"3541\" data-end=\"3602\"><strong data-start=\"3541\" data-end=\"3564\">Effizienz der Stufe VI<\/strong> \u2014 umweltfreundlich und energieeffizient.<\/p>\n<\/li>\n<li data-start=\"3603\" data-end=\"3660\">\n<p data-start=\"3605\" data-end=\"3660\">Erweiterte Schutzschaltungen: <strong data-start=\"3635\" data-end=\"3657\">SCP, OVP, OCP, OLP<\/strong>.<\/p>\n<\/li>\n<\/ul>\n<h2 data-start=\"3667\" data-end=\"3709\">Unternehmensvorstellung<\/h2>\n<p data-start=\"3710\" data-end=\"4033\">Wir sind spezialisiert auf <strong data-start=\"3727\" data-end=\"3782\">Netzteile, PD-Ladeger\u00e4te und mobiles Zubeh\u00f6r<\/strong>, Wir bieten hochwertige Produkte mit umfassender Unterst\u00fctzung bei Konformit\u00e4t und Zertifizierung. Dank jahrelanger OEM\/ODM-Erfahrung, interner Qualit\u00e4tskontrollprozesse und kurzer Lieferzeiten liefern wir Ladeger\u00e4te, denen Distributoren und Einzelh\u00e4ndler weltweit vertrauen. Zu unseren Vorteilen z\u00e4hlen:<\/p>\n<ul data-start=\"4034\" data-end=\"4275\">\n<li data-start=\"4034\" data-end=\"4102\">\n<p data-start=\"4036\" data-end=\"4102\">OEM\/ODM-Anpassungsdienstleistungen (Logodruck, Verpackung, Farbe)<\/p>\n<\/li>\n<li data-start=\"4103\" data-end=\"4157\">\n<p data-start=\"4105\" data-end=\"4157\">Strenge Tests und mehrstufige Qualit\u00e4tspr\u00fcfungen<\/p>\n<\/li>\n<li data-start=\"4158\" data-end=\"4216\">\n<p data-start=\"4160\" data-end=\"4216\">Internationale Zertifizierungen (CE, KC, KCC, RoHS usw.)<\/p>\n<\/li>\n<li data-start=\"4217\" data-end=\"4275\">\n<p data-start=\"4219\" data-end=\"4275\">Niedrige Mindestbestellmengen f\u00fcr Probebestellungen und hohe Produktionskapazit\u00e4t<\/p>\n<\/li>\n<\/ul>\n<h2 data-start=\"4282\" data-end=\"4290\">H\u00e4ufig gestellte Fragen<\/h2>\n<p data-start=\"4291\" data-end=\"4502\"><strong data-start=\"4291\" data-end=\"4338\">Frage 1 \u2013 Kann dieses Ladeger\u00e4t mein Handy schnell aufladen?<\/strong><br data-start=\"4338\" data-end=\"4341\" \/>Ja. Der USB-C-PD-Anschluss liefert bis zu <strong data-start=\"4379\" data-end=\"4386\">20 W<\/strong> Schnellladen. Die meisten PD-f\u00e4higen Smartphones und Tablets laden deutlich schneller als mit einem herk\u00f6mmlichen 5-Watt-Netzteil.<\/p>\n<p data-start=\"4504\" data-end=\"4701\"><strong data-start=\"4504\" data-end=\"4551\">Frage 2 \u2013 Kann ich beide Anschl\u00fcsse gleichzeitig benutzen?<\/strong><br data-start=\"4551\" data-end=\"4554\" \/>Ja. Die USB-C- und USB-A-Anschl\u00fcsse k\u00f6nnen gleichzeitig verwendet werden, mit einem gemeinsamen Ausgang von <strong data-start=\"4631\" data-end=\"4646\">5 V\/3 A gesamt<\/strong>. F\u00fcr maximale Ladegeschwindigkeit verwenden Sie jeweils nur einen Anschluss.<\/p>\n<p data-start=\"4703\" data-end=\"4917\"><strong data-start=\"4703\" data-end=\"4750\">Frage 3 \u2013 Ist das Ladeger\u00e4t f\u00fcr den Langzeitgebrauch sicher?<\/strong><br data-start=\"4750\" data-end=\"4753\" \/>Absolut. Der TR100ACKR verf\u00fcgt \u00fcber integrierte Schutzmechanismen gegen Kurzschluss, \u00dcberspannung, \u00dcberstrom und \u00dcberlastung und hat die KC\/KCC-Zertifizierung erhalten.<\/p>\n<p data-start=\"4919\" data-end=\"5084\"><strong data-start=\"4919\" data-end=\"4962\">Frage 4 \u2013 Ist es f\u00fcr den internationalen Einsatz geeignet?<\/strong><br data-start=\"4962\" data-end=\"4965\" \/>Ja. Mit <strong data-start=\"4975\" data-end=\"4993\">100\u2013240 V Eingang<\/strong>, Es kann weltweit mit dem EU-Steckerstandard oder einem Steckeradapter f\u00fcr andere Regionen verwendet werden.<\/p>\n<p data-start=\"5086\" data-end=\"5214\"><strong data-start=\"5086\" data-end=\"5115\">Frage 5 \u2013 Wie sieht die Garantie aus?<\/strong><br data-start=\"5115\" data-end=\"5118\" \/>Das Ladeger\u00e4t wird mit einem <strong data-start=\"5143\" data-end=\"5162\">1 Jahr Garantie<\/strong>, die Herstellungsfehler bei normalem Gebrauch abdeckt.<\/p>","protected":false},"excerpt":{"rendered":"<p data-start=\"2456\" data-end=\"2490\"><strong data-start=\"2456\" data-end=\"2473\">Produktname:<\/strong> 20-W-PD-Ladeger\u00e4t<\/p>\n<p data-start=\"2493\" data-end=\"2522\"><strong data-start=\"2493\" data-end=\"2510\">Modellnummer:<\/strong> TR100ACKR<\/p>\n<p data-start=\"2525\" data-end=\"2564\"><strong data-start=\"2525\" data-end=\"2545\">Herkunftsort:<\/strong> China (Festland)<\/p>\n<p data-start=\"2567\" data-end=\"2641\"><strong data-start=\"2567\" data-end=\"2584\">Anwendungsbereiche:<\/strong> Mobiltelefone, Tablets, Bluetooth-Ger\u00e4te, Zubeh\u00f6r<\/p>\n<p data-start=\"2644\" data-end=\"2688\"><strong data-start=\"2644\" data-end=\"2654\">Eingang:<\/strong> 100\u2013240 V ~ 50\/60 Hz, max. 0,6 A<\/p>\n<p data-start=\"2691\" data-end=\"2705\"><strong data-start=\"2691\" data-end=\"2703\">Ausgaben:<\/strong><\/p>\n<p data-start=\"2710\" data-end=\"2760\"><strong data-start=\"2710\" data-end=\"2725\">USB-C (PD):<\/strong> 5V\/3A, 9V\/2,22A, 12V\/1,67A<\/p>\n<p data-start=\"2765\" data-end=\"2806\"><strong data-start=\"2765\" data-end=\"2775\">USB-A:<\/strong> 5 V\/3 A, 9 V\/2 A, 12 V\/1,5 A<\/p>\n<p data-start=\"2811\" data-end=\"2846\"><strong data-start=\"2811\" data-end=\"2829\">USB-A + USB-C:<\/strong> 5 V\/3 A gemeinsam genutzt<\/p>\n<p data-start=\"2849\" data-end=\"2881\"><strong data-start=\"2849\" data-end=\"2867\">Steckdose \/ Stecker:<\/strong> EU-Standard<\/p>","protected":false},"featured_media":943,"comment_status":"open","ping_status":"closed","template":"","meta":{"_acf_changed":false,"site-sidebar-layout":"default","site-content-layout":"","ast-site-content-layout":"default","site-content-style":"default","site-sidebar-style":"default","ast-global-header-display":"","ast-banner-title-visibility":"","ast-main-header-display":"","ast-hfb-above-header-display":"","ast-hfb-below-header-display":"","ast-hfb-mobile-header-display":"","site-post-title":"","ast-breadcrumbs-content":"","ast-featured-img":"","footer-sml-layout":"","ast-disable-related-posts":"","theme-transparent-header-meta":"default","adv-header-id-meta":"","stick-header-meta":"","header-above-stick-meta":"","header-main-stick-meta":"","header-below-stick-meta":"","astra-migrate-meta-layouts":"set","ast-page-background-enabled":"default","ast-page-background-meta":{"desktop":{"background-color":"var(--ast-global-color-5)","background-image":"","background-repeat":"repeat","background-position":"center center","background-size":"auto","background-attachment":"scroll","background-type":"","background-media":"","overlay-type":"","overlay-color":"","overlay-opacity":"","overlay-gradient":""},"tablet":{"background-color":"","background-image":"","background-repeat":"repeat","background-position":"center center","background-size":"auto","background-attachment":"scroll","background-type":"","background-media":"","overlay-type":"","overlay-color":"","overlay-opacity":"","overlay-gradient":""},"mobile":{"background-color":"","background-image":"","background-repeat":"repeat","background-position":"center center","background-size":"auto","background-attachment":"scroll","background-type":"","background-media":"","overlay-type":"","overlay-color":"","overlay-opacity":"","overlay-gradient":""}},"ast-content-background-meta":{"desktop":{"background-color":"var(--ast-global-color-4)","background-image":"","background-repeat":"repeat","background-position":"center center","background-size":"auto","background-attachment":"scroll","background-type":"","background-media":"","overlay-type":"","overlay-color":"","overlay-opacity":"","overlay-gradient":""},"tablet":{"background-color":"var(--ast-global-color-4)","background-image":"","background-repeat":"repeat","background-position":"center center","background-size":"auto","background-attachment":"scroll","background-type":"","background-media":"","overlay-type":"","overlay-color":"","overlay-opacity":"","overlay-gradient":""},"mobile":{"background-color":"var(--ast-global-color-4)","background-image":"","background-repeat":"repeat","background-position":"center center","background-size":"auto","background-attachment":"scroll","background-type":"","background-media":"","overlay-type":"","overlay-color":"","overlay-opacity":"","overlay-gradient":""}}},"product_brand":[],"product_cat":[45,30],"product_tag":[73,76,75,74],"class_list":{"0":"post-942","1":"product","2":"type-product","3":"status-publish","4":"has-post-thumbnail","6":"product_cat-20w","7":"product_cat-gan-charger","8":"product_tag-20w-pd-charger","9":"product_tag-dual-port-eu-charger","10":"product_tag-usb-a-charger","11":"product_tag-usb-c-pd","12":"desktop-align-left","13":"tablet-align-left","14":"mobile-align-left","16":"first","17":"instock","18":"shipping-taxable","19":"product-type-simple"},"acf":[],"_links":{"self":[{"href":"https:\/\/szjialu.com\/de\/wp-json\/wp\/v2\/product\/942","targetHints":{"allow":["GET"]}}],"collection":[{"href":"https:\/\/szjialu.com\/de\/wp-json\/wp\/v2\/product"}],"about":[{"href":"https:\/\/szjialu.com\/de\/wp-json\/wp\/v2\/types\/product"}],"replies":[{"embeddable":true,"href":"https:\/\/szjialu.com\/de\/wp-json\/wp\/v2\/comments?post=942"}],"wp:featuredmedia":[{"embeddable":true,"href":"https:\/\/szjialu.com\/de\/wp-json\/wp\/v2\/media\/943"}],"wp:attachment":[{"href":"https:\/\/szjialu.com\/de\/wp-json\/wp\/v2\/media?parent=942"}],"wp:term":[{"taxonomy":"product_brand","embeddable":true,"href":"https:\/\/szjialu.com\/de\/wp-json\/wp\/v2\/product_brand?post=942"},{"taxonomy":"product_cat","embeddable":true,"href":"https:\/\/szjialu.com\/de\/wp-json\/wp\/v2\/product_cat?post=942"},{"taxonomy":"product_tag","embeddable":true,"href":"https:\/\/szjialu.com\/de\/wp-json\/wp\/v2\/product_tag?post=942"}],"curies":[{"name":"wp","href":"https:\/\/api.w.org\/{rel}","templated":true}]}}