{"id":929,"date":"2025-09-18T12:32:54","date_gmt":"2025-09-18T12:32:54","guid":{"rendered":"https:\/\/szjialu.com\/?post_type=product&#038;p=929"},"modified":"2026-02-13T04:42:30","modified_gmt":"2026-02-13T04:42:30","slug":"20w-pd-ladegerat-tr100aceu","status":"publish","type":"product","link":"https:\/\/szjialu.com\/de\/product\/20w-pd-charger-tr100aceu\/","title":{"rendered":"20W PD-Ladeger\u00e4t TR100ACEU"},"content":{"rendered":"<h2 data-start=\"919\" data-end=\"945\">Produktbeschreibung<\/h2>\n<p data-start=\"946\" data-end=\"1583\">Das TR100ACEU ist ein schlankes, hocheffizientes 20-W-PD-Netzteil f\u00fcr schnelles und zuverl\u00e4ssiges Laden moderner Mobilger\u00e4te. Der USB-C-Anschluss unterst\u00fctzt Power-Delivery-Profile mit bis zu 20 W und l\u00e4dt PD-f\u00e4hige Smartphones und kleine Tablets schnell auf. Der zweite USB-A-Anschluss bietet adaptive hohe Ausgangsleistung f\u00fcr \u00e4ltere Ger\u00e4te und Zubeh\u00f6r. Bei gleichzeitiger Nutzung beider Anschl\u00fcsse verteilt das Netzteil die Leistung intelligent. Das aus robustem Polycarbonat gefertigte Netzteil ist in Schwarz oder Wei\u00df erh\u00e4ltlich und erf\u00fcllt strenge Sicherheits- und Energieeffizienzstandards. Es eignet sich ideal f\u00fcr Zuhause, B\u00fcro und Reisen in Regionen mit EU-Steckerstandard.<\/p>\n<hr data-start=\"1585\" data-end=\"1588\" \/>\n<h2 data-start=\"1590\" data-end=\"1621\">Wichtigste Verkaufsargumente<\/h2>\n<ul data-start=\"1622\" data-end=\"2430\">\n<li data-start=\"1622\" data-end=\"1731\">\n<p data-start=\"1624\" data-end=\"1731\"><strong data-start=\"1624\" data-end=\"1653\">Echtes 20-W-PD-Schnellladen<\/strong> via USB-C (PD-Profile bis zu 9V\/2,22A \/ 12V\/1,67A) f\u00fcr schnelles Aufladen des Telefons.<\/p>\n<\/li>\n<li data-start=\"1732\" data-end=\"1867\">\n<p data-start=\"1734\" data-end=\"1867\"><strong data-start=\"1734\" data-end=\"1759\">Komfort mit zwei Anschl\u00fcssen<\/strong> \u2014 gleichzeitiges Laden \u00fcber USB-C und USB-A mit intelligenter Leistungsverteilung (5 V\/3 A werden geteilt, wenn beide Anschl\u00fcsse verwendet werden).<\/p>\n<\/li>\n<li data-start=\"1868\" data-end=\"1954\">\n<p data-start=\"1870\" data-end=\"1954\"><strong data-start=\"1870\" data-end=\"1889\">Universeller Eingang<\/strong>: 100\u2013240V 50\/60Hz \u2014 funktioniert weltweit mit L\u00e4ndersteckeradapter.<\/p>\n<\/li>\n<li data-start=\"1955\" data-end=\"2039\">\n<p data-start=\"1957\" data-end=\"2039\"><strong data-start=\"1957\" data-end=\"1982\">Kompakt und leicht<\/strong>: nur <strong data-start=\"1989\" data-end=\"1997\">50 g<\/strong>, schlankes Format, ideal f\u00fcr Reisen und die Hosentasche.<\/p>\n<\/li>\n<li data-start=\"2040\" data-end=\"2176\">\n<p data-start=\"2042\" data-end=\"2176\"><strong data-start=\"2042\" data-end=\"2071\">Robuste Sicherheitsvorkehrungen<\/strong>: SCP (Kurzschluss), OVP (\u00dcberspannung), OCP (\u00dcberstrom), OLP (\u00dcberlastung) \u2014 sch\u00fctzt Ihre Ger\u00e4te.<\/p>\n<\/li>\n<li data-start=\"2177\" data-end=\"2258\">\n<p data-start=\"2179\" data-end=\"2258\"><strong data-start=\"2179\" data-end=\"2198\">Hohe Effizienz<\/strong>: Energieeffizienzklasse VI reduziert W\u00e4rme und spart Energie.<\/p>\n<\/li>\n<li data-start=\"2259\" data-end=\"2333\">\n<p data-start=\"2261\" data-end=\"2333\"><strong data-start=\"2261\" data-end=\"2279\">Zertifizierungen<\/strong>CE, GS, RoHS, REACH \u2013 bereit f\u00fcr regulierte M\u00e4rkte.<\/p>\n<\/li>\n<li data-start=\"2334\" data-end=\"2430\">\n<p data-start=\"2336\" data-end=\"2430\"><strong data-start=\"2336\" data-end=\"2358\">Attraktive Optionen<\/strong>: zwei Farben (Schwarz, Wei\u00df), passend zu den Ger\u00e4ten und den Anforderungen der Einzelhandelsverpackung.<\/p>\n<\/li>\n<\/ul>\n<hr data-start=\"2432\" data-end=\"2435\" \/>\n<h2 data-start=\"2437\" data-end=\"2484\">Technische Spezifikationen<\/h2>\n<table width=\"901\">\n<tbody>\n<tr>\n<td width=\"230\">Produktname<\/td>\n<td width=\"670\">20-W-PD-Ladeger\u00e4t<\/td>\n<\/tr>\n<tr>\n<td>Modellnummer<\/td>\n<td>TR100ACEU<\/td>\n<\/tr>\n<tr>\n<td>Herkunftsort<\/td>\n<td>China (Festland)<\/td>\n<\/tr>\n<tr>\n<td>Anwendungen<\/td>\n<td>Mobiltelefon, Tablet usw.<\/td>\n<\/tr>\n<tr>\n<td>Eingang<\/td>\n<td>100\u2013240 V, 50\/60 Hz, max. 0,6 A<\/td>\n<\/tr>\n<tr>\n<td>Ausgabe<\/td>\n<td width=\"670\">USB-C: 5 V\/3 A, 9 V\/2,22 A, 12 V\/1,67 A<br \/>\nUSB-A: 5V 3A, 9V 2A, 12V 1,5A,<br \/>\nUSB-A + USB-C: 5V 3A gemeinsam genutzt<\/td>\n<\/tr>\n<tr>\n<td>Steckdosenstandard<\/td>\n<td>EU<\/td>\n<\/tr>\n<tr>\n<td>Farben<\/td>\n<td>Schwarz, Wei\u00df<\/td>\n<\/tr>\n<tr>\n<td>Material<\/td>\n<td>PC<\/td>\n<\/tr>\n<tr>\n<td>Gewicht<\/td>\n<td>50 g<\/td>\n<\/tr>\n<tr>\n<td>Verpackung<\/td>\n<td>PE-BEUTEL-Verpackung<\/td>\n<\/tr>\n<tr>\n<td>Schutz<\/td>\n<td width=\"670\">SCP OVP OCP OLP<\/td>\n<\/tr>\n<tr>\n<td>Effizienz<\/td>\n<td>VI<\/td>\n<\/tr>\n<tr>\n<td>Zertifikat<\/td>\n<td>CE GS RoHS REACH<\/td>\n<\/tr>\n<tr>\n<td>Garantie<\/td>\n<td>1 Jahr<\/td>\n<\/tr>\n<tr>\n<td>Betriebstemperatur<\/td>\n<td>\u2018-20\u2103 ~ 55\u2103<\/td>\n<\/tr>\n<tr>\n<td>Lagertemperatur<\/td>\n<td>\u2018-40 \u00b0C ~ 70 \u00b0C<\/td>\n<\/tr>\n<\/tbody>\n<\/table>\n<hr data-start=\"3471\" data-end=\"3474\" \/>\n<h2 data-start=\"3476\" data-end=\"3495\">Was ist in der Box?<\/h2>\n<ul data-start=\"3496\" data-end=\"3663\">\n<li data-start=\"3496\" data-end=\"3538\">\n<p data-start=\"3498\" data-end=\"3538\">1 \u00d7 TR100ACEU 20W PD-Ladeger\u00e4t (EU-Stecker)<\/p>\n<\/li>\n<li data-start=\"3539\" data-end=\"3663\">\n<p data-start=\"3541\" data-end=\"3663\">1 \u00d7 Schnellstart-\/Sicherheitsbrosch\u00fcre<br data-start=\"3573\" data-end=\"3576\" \/><em data-start=\"3576\" data-end=\"3663\">(Die Verpackung kann bei OEM-\/Markenbestellungen abweichen \u2013 Einzelhandelsverpackung\/Anleitung auf Anfrage erh\u00e4ltlich.)<\/em><\/p>\n<\/li>\n<\/ul>\n<hr data-start=\"3665\" data-end=\"3668\" \/>\n<h2 data-start=\"3670\" data-end=\"3699\">Zertifizierungen und Konformit\u00e4t<\/h2>\n<p data-start=\"3700\" data-end=\"3942\">Das Ladeger\u00e4t ist CE-, GS-, RoHS- und REACH-zertifiziert. Es erf\u00fcllt die Energieeffizienzklasse VI und verf\u00fcgt \u00fcber mehrere Hardware-Schutzfunktionen (Kurzschluss, \u00dcberspannung, \u00dcberstrom, \u00dcberlastung), um ein sicheres Laden aller unterst\u00fctzten Ger\u00e4te zu gew\u00e4hrleisten.<\/p>\n<hr data-start=\"3944\" data-end=\"3947\" \/>\n<h2 data-start=\"3949\" data-end=\"4016\">Unternehmensvorstellung &amp; Vorteile<\/h2>\n<p data-start=\"4017\" data-end=\"4553\"><strong data-start=\"4017\" data-end=\"4063\">\u00dcber uns (Beispiel zur Anpassung\/Verwendung auf der Website):<\/strong><br data-start=\"4063\" data-end=\"4066\" \/>Wir sind ein erfahrener OEM\/ODM-Elektronikhersteller mit Fokus auf Stromversorgungs- und Ladel\u00f6sungen f\u00fcr Mobilger\u00e4te. Dank strenger Qualit\u00e4tskontrollen, eigener Entwicklungsabteilung und globaler Exporterfahrung liefern wir zertifizierte, hocheffiziente Ladeger\u00e4te, die auf Sicherheit und Langlebigkeit ausgelegt sind. Zu unseren Vorteilen z\u00e4hlen: flexible OEM\/ODM-Branding-Optionen, geringe Mindestbestellmengen f\u00fcr Neukunden, kurze Lieferzeiten f\u00fcr Muster, strenge Qualit\u00e4tskontrollen und Tests sowie technischer Kundendienst.<\/p>\n<h2 data-start=\"6430\" data-end=\"6465\">H\u00e4ufig gestellte Fragen (FAQ)<\/h2>\n<p data-start=\"6466\" data-end=\"6782\"><strong data-start=\"6466\" data-end=\"6521\">Frage 1 \u2013 Welche Ger\u00e4te sind mit diesem Ladeger\u00e4t kompatibel?<\/strong><br data-start=\"6521\" data-end=\"6524\" \/>A: Der TR100ACEU unterst\u00fctzt die meisten USB-C-PD-Ger\u00e4te (Smartphones, kleine Tablets) und USB-A-Ger\u00e4te (Telefone, Headsets, Bluetooth-Lautsprecher). Da der Eingangsspannungsbereich 100\u2013240 V betr\u00e4gt, kann er mit dem passenden Steckeradapter f\u00fcr Steckdosen au\u00dferhalb der EU international verwendet werden.<\/p>\n<p data-start=\"6784\" data-end=\"7085\"><strong data-start=\"6784\" data-end=\"6849\">Frage 2 \u2013 Kann ich zwei Ger\u00e4te gleichzeitig mit voller Geschwindigkeit aufladen?<\/strong><br data-start=\"6849\" data-end=\"6852\" \/>A: Wenn USB-C und USB-A gleichzeitig verwendet werden, teilt sich das Ladeger\u00e4t die verf\u00fcgbare Ausgangsleistung. Die Anschl\u00fcsse sind f\u00fcr ein ausgewogenes und sicheres Laden ausgelegt (USB-A + USB-C: 5 V\/3 A gemeinsam). Um die maximale Ladegeschwindigkeit f\u00fcr ein einzelnes Ger\u00e4t zu erreichen, verwenden Sie ausschlie\u00dflich den USB-C-PD-Anschluss.<\/p>\n<p data-start=\"7087\" data-end=\"7306\"><strong data-start=\"7087\" data-end=\"7117\">Frage 3 \u2013 Ist dieses Ladeger\u00e4t sicher?<\/strong><br data-start=\"7117\" data-end=\"7120\" \/>A: Ja. Der TR100ACEU verf\u00fcgt \u00fcber Schutzfunktionen gegen Kurzschluss, \u00dcberspannung, \u00dcberstrom und \u00dcberlast und erf\u00fcllt die CE\/GS\/RoHS\/REACH-Normen. Er erf\u00fcllt au\u00dferdem die Anforderungen der Energieeffizienzklasse VI.<\/p>\n<p data-start=\"7308\" data-end=\"7575\"><strong data-start=\"7308\" data-end=\"7346\">Frage 4 \u2013 Wird es mein Handy schnell aufladen?<\/strong><br data-start=\"7346\" data-end=\"7349\" \/>A: Der USB-C-PD-Anschluss unterst\u00fctzt PD-Profile bis zu ca. 20 W, wodurch viele PD-f\u00e4hige Smartphones deutlich schneller geladen werden als mit herk\u00f6mmlichen 5-W-Ladeger\u00e4ten. Die tats\u00e4chliche Ladegeschwindigkeit h\u00e4ngt vom jeweiligen Smartphone-Modell und dessen Ladeprotokoll ab.<\/p>\n<p data-start=\"7577\" data-end=\"7817\"><strong data-start=\"7577\" data-end=\"7615\">Frage 5 \u2013 Welche Garantie bieten Sie an?<\/strong><br data-start=\"7615\" data-end=\"7618\" \/>A: Das Ladeger\u00e4t enth\u00e4lt ein <strong data-start=\"7644\" data-end=\"7671\">1 Jahr beschr\u00e4nkte Garantie<\/strong> Die Garantie deckt Herstellungsfehler bei normalem Gebrauch ab. Garantiebedingungen und Vorgehensweise bei der Geltendmachung von Garantieanspr\u00fcchen k\u00f6nnen je nach Verk\u00e4ufer variieren; bitte bewahren Sie Ihre Kaufunterlagen auf.<\/p>\n<p data-start=\"7819\" data-end=\"8043\"><strong data-start=\"7819\" data-end=\"7858\">Frage 6 \u2013 Ist eine Einzelhandelsverpackung erh\u00e4ltlich?<\/strong><br data-start=\"7858\" data-end=\"7861\" \/>A: Standardm\u00e4\u00dfig verpacken wir in PE-Beuteln. F\u00fcr Gro\u00dfbestellungen oder Markenbestellungen sind auch Einzelhandelsverpackungen, Farbkartondruck und OEM-Etikettierung m\u00f6glich \u2013 bitte kontaktieren Sie Ihren Vertriebsmitarbeiter bez\u00fcglich Mindestbestellmenge und Lieferzeiten.<\/p>","protected":false},"excerpt":{"rendered":"<p data-start=\"2487\" data-end=\"2521\"><strong data-start=\"2487\" data-end=\"2504\">Produktname:<\/strong> 20-W-PD-Ladeger\u00e4t<\/p>\n<p data-start=\"2524\" data-end=\"2553\"><strong data-start=\"2524\" data-end=\"2541\">Modellnummer:<\/strong> TR100ACEU<\/p>\n<p data-start=\"2556\" data-end=\"2595\"><strong data-start=\"2556\" data-end=\"2576\">Herkunftsort:<\/strong> China (Festland)<\/p>\n<p data-start=\"2598\" data-end=\"2701\"><strong data-start=\"2598\" data-end=\"2615\">Anwendungsbereiche:<\/strong> Mobiltelefone, Tablets, Bluetooth-Ger\u00e4te, tragbare Lautsprecher, Powerbanks (zum Aufladen)<\/p>\n<p data-start=\"2704\" data-end=\"2748\"><strong data-start=\"2704\" data-end=\"2714\">Eingang:<\/strong> 100\u2013240 V ~ 50\/60 Hz, max. 0,6 A<\/p>\n<p data-start=\"2751\" data-end=\"2765\"><strong data-start=\"2751\" data-end=\"2763\">Ausgaben:<\/strong><\/p>\n<p data-start=\"2770\" data-end=\"2842\"><strong data-start=\"2770\" data-end=\"2785\">USB-C (PD):<\/strong> 5 V \u2393 3 A, 9 V \u2393 2,22 A, 12 V \u2393 1,67 A (bis zu 20 W PD)<\/p>\n<p data-start=\"2847\" data-end=\"2912\"><strong data-start=\"2847\" data-end=\"2857\">USB-A:<\/strong> 5 V \u2393 3 A, 9 V \u2393 2 A, 12 V \u2393 1,5 A (adaptiver Ausgang)<\/p>\n<p data-start=\"2917\" data-end=\"3013\"><strong data-start=\"2917\" data-end=\"2950\">USB-A + USB-C (gleichzeitig):<\/strong> 5 V \u2393 3 A Gemeinsamer Strom (Gesamtstrom, der zwischen den Anschl\u00fcssen bei 5 V aufgeteilt wird)<\/p>\n<p data-start=\"3016\" data-end=\"3053\"><strong data-start=\"3016\" data-end=\"3043\">Steckdosen-\/Steckerstandard:<\/strong> EU-Stecker<\/p>","protected":false},"featured_media":930,"comment_status":"open","ping_status":"closed","template":"","meta":{"_acf_changed":false,"site-sidebar-layout":"default","site-content-layout":"","ast-site-content-layout":"default","site-content-style":"default","site-sidebar-style":"default","ast-global-header-display":"","ast-banner-title-visibility":"","ast-main-header-display":"","ast-hfb-above-header-display":"","ast-hfb-below-header-display":"","ast-hfb-mobile-header-display":"","site-post-title":"","ast-breadcrumbs-content":"","ast-featured-img":"","footer-sml-layout":"","ast-disable-related-posts":"","theme-transparent-header-meta":"default","adv-header-id-meta":"","stick-header-meta":"","header-above-stick-meta":"","header-main-stick-meta":"","header-below-stick-meta":"","astra-migrate-meta-layouts":"set","ast-page-background-enabled":"default","ast-page-background-meta":{"desktop":{"background-color":"var(--ast-global-color-5)","background-image":"","background-repeat":"repeat","background-position":"center center","background-size":"auto","background-attachment":"scroll","background-type":"","background-media":"","overlay-type":"","overlay-color":"","overlay-opacity":"","overlay-gradient":""},"tablet":{"background-color":"","background-image":"","background-repeat":"repeat","background-position":"center center","background-size":"auto","background-attachment":"scroll","background-type":"","background-media":"","overlay-type":"","overlay-color":"","overlay-opacity":"","overlay-gradient":""},"mobile":{"background-color":"","background-image":"","background-repeat":"repeat","background-position":"center center","background-size":"auto","background-attachment":"scroll","background-type":"","background-media":"","overlay-type":"","overlay-color":"","overlay-opacity":"","overlay-gradient":""}},"ast-content-background-meta":{"desktop":{"background-color":"var(--ast-global-color-4)","background-image":"","background-repeat":"repeat","background-position":"center center","background-size":"auto","background-attachment":"scroll","background-type":"","background-media":"","overlay-type":"","overlay-color":"","overlay-opacity":"","overlay-gradient":""},"tablet":{"background-color":"var(--ast-global-color-4)","background-image":"","background-repeat":"repeat","background-position":"center center","background-size":"auto","background-attachment":"scroll","background-type":"","background-media":"","overlay-type":"","overlay-color":"","overlay-opacity":"","overlay-gradient":""},"mobile":{"background-color":"var(--ast-global-color-4)","background-image":"","background-repeat":"repeat","background-position":"center center","background-size":"auto","background-attachment":"scroll","background-type":"","background-media":"","overlay-type":"","overlay-color":"","overlay-opacity":"","overlay-gradient":""}}},"product_brand":[],"product_cat":[30,45],"product_tag":[73,78,79,77],"class_list":{"0":"post-929","1":"product","2":"type-product","3":"status-publish","4":"has-post-thumbnail","6":"product_cat-gan-charger","7":"product_cat-20w","8":"product_tag-20w-pd-charger","9":"product_tag-dual-port-wall-charger","10":"product_tag-fast-charger-eu-plug","11":"product_tag-usb-c-pd-20w-eu-charger","12":"desktop-align-left","13":"tablet-align-left","14":"mobile-align-left","16":"first","17":"instock","18":"shipping-taxable","19":"product-type-simple"},"acf":[],"_links":{"self":[{"href":"https:\/\/szjialu.com\/de\/wp-json\/wp\/v2\/product\/929","targetHints":{"allow":["GET"]}}],"collection":[{"href":"https:\/\/szjialu.com\/de\/wp-json\/wp\/v2\/product"}],"about":[{"href":"https:\/\/szjialu.com\/de\/wp-json\/wp\/v2\/types\/product"}],"replies":[{"embeddable":true,"href":"https:\/\/szjialu.com\/de\/wp-json\/wp\/v2\/comments?post=929"}],"wp:featuredmedia":[{"embeddable":true,"href":"https:\/\/szjialu.com\/de\/wp-json\/wp\/v2\/media\/930"}],"wp:attachment":[{"href":"https:\/\/szjialu.com\/de\/wp-json\/wp\/v2\/media?parent=929"}],"wp:term":[{"taxonomy":"product_brand","embeddable":true,"href":"https:\/\/szjialu.com\/de\/wp-json\/wp\/v2\/product_brand?post=929"},{"taxonomy":"product_cat","embeddable":true,"href":"https:\/\/szjialu.com\/de\/wp-json\/wp\/v2\/product_cat?post=929"},{"taxonomy":"product_tag","embeddable":true,"href":"https:\/\/szjialu.com\/de\/wp-json\/wp\/v2\/product_tag?post=929"}],"curies":[{"name":"wp","href":"https:\/\/api.w.org\/{rel}","templated":true}]}}