{"id":248,"date":"2025-08-23T10:44:11","date_gmt":"2025-08-23T10:44:11","guid":{"rendered":"https:\/\/szjialu.com\/?post_type=product&#038;p=248"},"modified":"2026-02-13T04:42:32","modified_gmt":"2026-02-13T04:42:32","slug":"65-w-pd-ladegerat","status":"publish","type":"product","link":"https:\/\/szjialu.com\/de\/product\/65w-pd-charger\/","title":{"rendered":"65-W-PD-Ladeger\u00e4t"},"content":{"rendered":"<table width=\"801\">\n<tbody>\n<tr>\n<td width=\"205\">Modellnummer<\/td>\n<td width=\"596\">TR672C1AKR<\/td>\n<\/tr>\n<tr>\n<td>Herkunftsort<\/td>\n<td>China (Festland)<\/td>\n<\/tr>\n<tr>\n<td>Anwendungen<\/td>\n<td>Laptop, Notebook, Tablet, Mobiltelefon usw.<\/td>\n<\/tr>\n<tr>\n<td>Eingang<\/td>\n<td>110\u2013240 V, 50\/60 Hz, 1,5 A<\/td>\n<\/tr>\n<tr>\n<td width=\"205\">Ausgabe<\/td>\n<td width=\"596\">Ausgang: USB-C1: 5 V\/3 A, 9 V\/3 A, 12 V\/3 A, 15 V\/3 A<br \/>\n20 V\/3,25 A (65 W)<br \/>\nUSB-C2: 5 V\/2,4 A, 9 V\/2,22 A, 12 V\/1,67 A<br \/>\nUSB-A: DC 5 V\/2,4 A, 9 V\/2 A, 12 V\/1,5 A<br \/>\nUSB-C1+USB-C2 : USB-C2: 5V\/2,4A 9V\/2,22A<br \/>\n12 V \/ 1,67 A<br \/>\nUSB-C1+USB-C2 : USB-C1\uff1a5V\/2A\uff0c<br \/>\n9 V\/2 A, 12 V\/2,25 A, 15 V\/2,25 A, 20 V\/2,25 A<\/td>\n<\/tr>\n<tr>\n<td>Steckdosenstandard<\/td>\n<td>US EU UK JP KC<\/td>\n<\/tr>\n<tr>\n<td>Farben<\/td>\n<td>Schwarz, Wei\u00df<\/td>\n<\/tr>\n<tr>\n<td>Material<\/td>\n<td>PC<\/td>\n<\/tr>\n<tr>\n<td>Gewicht<\/td>\n<td>108 g<\/td>\n<\/tr>\n<tr>\n<td>Verpackung<\/td>\n<td>PE-BEUTEL-Verpackung<\/td>\n<\/tr>\n<tr>\n<td>Schutz<\/td>\n<td width=\"596\">Kurzschlussschutz, \u00dcberspannungsschutz, \u00dcberstromschutz, \u00dcberlastschutz,<\/td>\n<\/tr>\n<tr>\n<td>Effizienz<\/td>\n<td>VI<\/td>\n<\/tr>\n<tr>\n<td>Zertifikat<\/td>\n<td>CE FCC ETL KC PSE RoHS<\/td>\n<\/tr>\n<tr>\n<td>Garantie<\/td>\n<td>1 Jahr<\/td>\n<\/tr>\n<tr>\n<td>Betriebstemperatur<\/td>\n<td>\u2018-20\u2103 ~ 55\u2103<\/td>\n<\/tr>\n<tr>\n<td>Lagertemperatur<\/td>\n<td>\u2018-40 \u00b0C ~ 70 \u00b0C<\/td>\n<\/tr>\n<\/tbody>\n<\/table>","protected":false},"excerpt":{"rendered":"<p>Unser 65W PD-Ladeger\u00e4t kann mit mehreren USB-Anschl\u00fcssen ausgestattet werden, sodass Sie mehrere Ger\u00e4te wie Laptops, Tablets und Mobiltelefone gleichzeitig mit hoher Geschwindigkeit aufladen k\u00f6nnen.<\/p>","protected":false},"featured_media":237,"comment_status":"open","ping_status":"closed","template":"","meta":{"_acf_changed":false,"site-sidebar-layout":"default","site-content-layout":"","ast-site-content-layout":"default","site-content-style":"default","site-sidebar-style":"default","ast-global-header-display":"","ast-banner-title-visibility":"","ast-main-header-display":"","ast-hfb-above-header-display":"","ast-hfb-below-header-display":"","ast-hfb-mobile-header-display":"","site-post-title":"","ast-breadcrumbs-content":"","ast-featured-img":"","footer-sml-layout":"","ast-disable-related-posts":"","theme-transparent-header-meta":"default","adv-header-id-meta":"","stick-header-meta":"","header-above-stick-meta":"","header-main-stick-meta":"","header-below-stick-meta":"","astra-migrate-meta-layouts":"set","ast-page-background-enabled":"default","ast-page-background-meta":{"desktop":{"background-color":"var(--ast-global-color-5)","background-image":"","background-repeat":"repeat","background-position":"center center","background-size":"auto","background-attachment":"scroll","background-type":"","background-media":"","overlay-type":"","overlay-color":"","overlay-opacity":"","overlay-gradient":""},"tablet":{"background-color":"","background-image":"","background-repeat":"repeat","background-position":"center center","background-size":"auto","background-attachment":"scroll","background-type":"","background-media":"","overlay-type":"","overlay-color":"","overlay-opacity":"","overlay-gradient":""},"mobile":{"background-color":"","background-image":"","background-repeat":"repeat","background-position":"center center","background-size":"auto","background-attachment":"scroll","background-type":"","background-media":"","overlay-type":"","overlay-color":"","overlay-opacity":"","overlay-gradient":""}},"ast-content-background-meta":{"desktop":{"background-color":"var(--ast-global-color-4)","background-image":"","background-repeat":"repeat","background-position":"center center","background-size":"auto","background-attachment":"scroll","background-type":"","background-media":"","overlay-type":"","overlay-color":"","overlay-opacity":"","overlay-gradient":""},"tablet":{"background-color":"var(--ast-global-color-4)","background-image":"","background-repeat":"repeat","background-position":"center center","background-size":"auto","background-attachment":"scroll","background-type":"","background-media":"","overlay-type":"","overlay-color":"","overlay-opacity":"","overlay-gradient":""},"mobile":{"background-color":"var(--ast-global-color-4)","background-image":"","background-repeat":"repeat","background-position":"center center","background-size":"auto","background-attachment":"scroll","background-type":"","background-media":"","overlay-type":"","overlay-color":"","overlay-opacity":"","overlay-gradient":""}}},"product_brand":[],"product_cat":[44,30],"product_tag":[],"class_list":{"0":"post-248","1":"product","2":"type-product","3":"status-publish","4":"has-post-thumbnail","6":"product_cat-65w","7":"product_cat-gan-charger","8":"desktop-align-left","9":"tablet-align-left","10":"mobile-align-left","12":"first","13":"instock","14":"shipping-taxable","15":"product-type-simple"},"acf":[],"_links":{"self":[{"href":"https:\/\/szjialu.com\/de\/wp-json\/wp\/v2\/product\/248","targetHints":{"allow":["GET"]}}],"collection":[{"href":"https:\/\/szjialu.com\/de\/wp-json\/wp\/v2\/product"}],"about":[{"href":"https:\/\/szjialu.com\/de\/wp-json\/wp\/v2\/types\/product"}],"replies":[{"embeddable":true,"href":"https:\/\/szjialu.com\/de\/wp-json\/wp\/v2\/comments?post=248"}],"wp:featuredmedia":[{"embeddable":true,"href":"https:\/\/szjialu.com\/de\/wp-json\/wp\/v2\/media\/237"}],"wp:attachment":[{"href":"https:\/\/szjialu.com\/de\/wp-json\/wp\/v2\/media?parent=248"}],"wp:term":[{"taxonomy":"product_brand","embeddable":true,"href":"https:\/\/szjialu.com\/de\/wp-json\/wp\/v2\/product_brand?post=248"},{"taxonomy":"product_cat","embeddable":true,"href":"https:\/\/szjialu.com\/de\/wp-json\/wp\/v2\/product_cat?post=248"},{"taxonomy":"product_tag","embeddable":true,"href":"https:\/\/szjialu.com\/de\/wp-json\/wp\/v2\/product_tag?post=248"}],"curies":[{"name":"wp","href":"https:\/\/api.w.org\/{rel}","templated":true}]}}