{"id":1724,"date":"2026-04-06T10:45:39","date_gmt":"2026-04-06T10:45:39","guid":{"rendered":"https:\/\/szjialu.com\/?post_type=product&#038;p=1724"},"modified":"2026-04-06T10:45:41","modified_gmt":"2026-04-06T10:45:41","slug":"24v-4a-desktop-netzteil-as1001a-2404000uk","status":"publish","type":"product","link":"https:\/\/szjialu.com\/de\/product\/24v-4a-desktop-power-adapter-as1001a-2404000uk\/","title":{"rendered":"24V 4A Desktop-Netzteil AS1001A-2404000UK"},"content":{"rendered":"<h2 data-section-id=\"uw3pna\" data-start=\"367\" data-end=\"425\" data-imt-p=\"1\">24V 4A Desktop-Netzteil (Modell: AS1001A-2404000UK)<\/h2>\n<p data-start=\"427\" data-end=\"687\" data-imt-p=\"1\">Wenn Ihre Ausr\u00fcstung von <strong data-start=\"458\" data-end=\"483\">Konstante 24V-Ausgangsleistung<\/strong>, Instabilit\u00e4t ist keine Option. <strong data-start=\"519\" data-end=\"566\">AS1001A-2404000UK <a href=\"https:\/\/szjialu.com\/de\/product-category\/netzteil\/desktop-netzteil\/\">96-W-Desktop-Netzteil<\/a><\/strong> wurde speziell f\u00fcr gewerbliche und industrielle Anwendungen entwickelt, bei denen Verf\u00fcgbarkeit, Sicherheit und Konformit\u00e4t von Bedeutung sind.<\/p>\n<p data-start=\"689\" data-end=\"892\" data-imt-p=\"1\">Im Gegensatz zu Standardadaptern konzentriert sich dieses Modell auf <strong data-start=\"736\" data-end=\"765\">Pr\u00e4zise 24V 4A Lieferung<\/strong>, Damit ist es eine ideale Stromversorgungsl\u00f6sung f\u00fcr Systemintegratoren, OEM-Marken und Distributoren, die eine zuverl\u00e4ssige Langzeitleistung ben\u00f6tigen.<\/p>\n<h2 data-section-id=\"18m2u27\" data-start=\"899\" data-end=\"949\" data-imt-p=\"1\">Was unterscheidet dieses 24V 4A Netzteil von anderen?<\/h2>\n<p data-start=\"951\" data-end=\"1053\" data-imt-p=\"1\">Die meisten Netzteile konkurrieren \u00fcber ihre Wattzahl. Dieses hier konkurriert \u00fcber\u2026 <strong data-start=\"1012\" data-end=\"1052\">Zuverl\u00e4ssigkeit im realen Einsatz<\/strong>.<\/p>\n<ul data-start=\"1055\" data-end=\"1406\">\n<li data-section-id=\"1y7bxke\" data-start=\"1055\" data-end=\"1138\">Speziell entwickelt f\u00fcr <strong data-start=\"1083\" data-end=\"1098\">24V-Systeme<\/strong> (keine Kompromissl\u00f6sungen mit mehreren Ausg\u00e4ngen)<\/li>\n<li data-section-id=\"1sk868r\" data-start=\"1139\" data-end=\"1214\">Desktop-Formfaktor gew\u00e4hrleistet <strong data-start=\"1169\" data-end=\"1212\">bessere W\u00e4rmeregulierung und l\u00e4ngere Lebensdauer<\/strong><\/li>\n<li data-section-id=\"1db02nr\" data-start=\"1215\" data-end=\"1285\">Vollst\u00e4ndige Sicherheitsarchitektur f\u00fcr <strong data-start=\"1246\" data-end=\"1283\">kontinuierliche Betriebsumgebungen<\/strong><\/li>\n<li data-section-id=\"g30asv\" data-start=\"1286\" data-end=\"1350\">Globale Zertifizierungen vereinfachen <strong data-start=\"1319\" data-end=\"1348\">Multi-Markt-Vertrieb<\/strong><\/li>\n<li data-section-id=\"gm4rwi\" data-start=\"1351\" data-end=\"1406\">Bereit f\u00fcr <strong data-start=\"1363\" data-end=\"1406\">OEM-Anpassung und Serienfertigung<\/strong><\/li>\n<\/ul>\n<h2 data-section-id=\"1cgu054\" data-start=\"1413\" data-end=\"1440\" data-imt-p=\"1\">Technische Spezifikationen<\/h2>\n<div class=\"TyagGW_tableContainer\">\n<div class=\"group TyagGW_tableWrapper flex flex-col-reverse w-fit\" tabindex=\"-1\">\n<table class=\"w-fit min-w-(--thread-content-width)\" data-start=\"1442\" data-end=\"1891\">\n<thead data-start=\"1442\" data-end=\"1464\">\n<tr data-start=\"1442\" data-end=\"1464\">\n<th class=\"\" data-start=\"1442\" data-end=\"1453\" data-col-size=\"sm\" data-imt-p=\"1\">Kategorie<\/th>\n<th class=\"\" data-start=\"1453\" data-end=\"1464\" data-col-size=\"md\" data-imt-p=\"1\">Details<\/th>\n<\/tr>\n<\/thead>\n<tbody data-start=\"1475\" data-end=\"1891\">\n<tr data-start=\"1475\" data-end=\"1505\">\n<td data-start=\"1475\" data-end=\"1490\" data-col-size=\"sm\" data-imt-p=\"1\">Produktname<\/td>\n<td data-col-size=\"md\" data-start=\"1490\" data-end=\"1505\" data-imt-p=\"1\">96-W-Adapter<\/td>\n<\/tr>\n<tr data-start=\"1506\" data-end=\"1542\">\n<td data-start=\"1506\" data-end=\"1521\" data-col-size=\"sm\" data-imt-p=\"1\">Modellnummer<\/td>\n<td data-col-size=\"md\" data-start=\"1521\" data-end=\"1542\">AS1001A-2404000UK<\/td>\n<\/tr>\n<tr data-start=\"1543\" data-end=\"1572\">\n<td data-start=\"1543\" data-end=\"1552\" data-col-size=\"sm\" data-imt-p=\"1\">Herkunft<\/td>\n<td data-col-size=\"md\" data-start=\"1552\" data-end=\"1572\" data-imt-p=\"1\">China (Festland)<\/td>\n<\/tr>\n<tr data-start=\"1573\" data-end=\"1610\">\n<td data-start=\"1573\" data-end=\"1581\" data-col-size=\"sm\" data-imt-p=\"1\">Eingang<\/td>\n<td data-col-size=\"md\" data-start=\"1581\" data-end=\"1610\" data-imt-p=\"1\">100\u2013240 V, 50\/60 Hz, max. 2,5 A<\/td>\n<\/tr>\n<tr data-start=\"1611\" data-end=\"1630\">\n<td data-start=\"1611\" data-end=\"1620\" data-col-size=\"sm\" data-imt-p=\"1\">Ausgabe<\/td>\n<td data-col-size=\"md\" data-start=\"1620\" data-end=\"1630\" data-imt-p=\"1\">24 V 4 A<\/td>\n<\/tr>\n<tr data-start=\"1631\" data-end=\"1656\">\n<td data-start=\"1631\" data-end=\"1645\" data-col-size=\"sm\" data-imt-p=\"1\">Formfaktor<\/td>\n<td data-col-size=\"md\" data-start=\"1645\" data-end=\"1656\" data-imt-p=\"1\">Desktop<\/td>\n<\/tr>\n<tr data-start=\"1657\" data-end=\"1690\">\n<td data-start=\"1657\" data-end=\"1673\" data-col-size=\"sm\" data-imt-p=\"1\">Farboptionen<\/td>\n<td data-col-size=\"md\" data-start=\"1673\" data-end=\"1690\" data-imt-p=\"1\">Schwarz\/Wei\u00df<\/td>\n<\/tr>\n<tr data-start=\"1691\" data-end=\"1716\">\n<td data-start=\"1691\" data-end=\"1710\" data-col-size=\"sm\" data-imt-p=\"1\">Geh\u00e4usematerial<\/td>\n<td data-col-size=\"md\" data-start=\"1710\" data-end=\"1716\">PC<\/td>\n<\/tr>\n<tr data-start=\"1717\" data-end=\"1739\">\n<td data-start=\"1717\" data-end=\"1729\" data-col-size=\"sm\" data-imt-p=\"1\">Verpackung<\/td>\n<td data-col-size=\"md\" data-start=\"1729\" data-end=\"1739\" data-imt-p=\"1\">PE-Beutel<\/td>\n<\/tr>\n<tr data-start=\"1740\" data-end=\"1778\">\n<td data-start=\"1740\" data-end=\"1753\" data-col-size=\"sm\" data-imt-p=\"1\">Schutz<\/td>\n<td data-col-size=\"md\" data-start=\"1753\" data-end=\"1778\" data-imt-p=\"1\" data-imt_insert_failed_reason=\"same_text\">SCP \/ OCP \/ OVP \/ OTP<\/td>\n<\/tr>\n<tr data-start=\"1779\" data-end=\"1804\">\n<td data-start=\"1779\" data-end=\"1798\" data-col-size=\"sm\" data-imt-p=\"1\">Effizienzniveau<\/td>\n<td data-col-size=\"md\" data-start=\"1798\" data-end=\"1804\">VI<\/td>\n<\/tr>\n<tr data-start=\"1805\" data-end=\"1868\">\n<td data-start=\"1805\" data-end=\"1822\" data-col-size=\"sm\" data-imt-p=\"1\">Zertifizierungen<\/td>\n<td data-col-size=\"md\" data-start=\"1822\" data-end=\"1868\" data-imt-p=\"1\" data-imt_insert_failed_reason=\"same_text\">UL \/ CE \/ FCC \/ UKCA \/ GS \/ RCM \/ KC \/ PSE<\/td>\n<\/tr>\n<tr data-start=\"1869\" data-end=\"1891\">\n<td data-start=\"1869\" data-end=\"1880\" data-col-size=\"sm\" data-imt-p=\"1\">Garantie<\/td>\n<td data-col-size=\"md\" data-start=\"1880\" data-end=\"1891\" data-imt-p=\"1\">2 Jahre<\/td>\n<\/tr>\n<\/tbody>\n<\/table>\n<\/div>\n<\/div>\n<figure id=\"attachment_1725\" aria-describedby=\"caption-attachment-1725\" style=\"width: 634px\" class=\"wp-caption alignnone\"><img fetchpriority=\"high\" decoding=\"async\" class=\"wp-image-1725\" src=\"https:\/\/szjialu.com\/wp-content\/uploads\/2026\/04\/1-1-300x300.jpg\" alt=\"24V 4A Netzteil\" width=\"634\" height=\"634\" srcset=\"https:\/\/szjialu.com\/wp-content\/uploads\/2026\/04\/1-1-300x300.jpg 300w, https:\/\/szjialu.com\/wp-content\/uploads\/2026\/04\/1-1-150x150.jpg 150w, https:\/\/szjialu.com\/wp-content\/uploads\/2026\/04\/1-1-768x768.jpg 768w, https:\/\/szjialu.com\/wp-content\/uploads\/2026\/04\/1-1-600x600.jpg 600w, https:\/\/szjialu.com\/wp-content\/uploads\/2026\/04\/1-1-100x100.jpg 100w, https:\/\/szjialu.com\/wp-content\/uploads\/2026\/04\/1-1-64x64.jpg 64w, https:\/\/szjialu.com\/wp-content\/uploads\/2026\/04\/1-1.jpg 800w\" sizes=\"(max-width: 634px) 100vw, 634px\" \/><figcaption id=\"caption-attachment-1725\" class=\"wp-caption-text\">24V 4A Netzteil<\/figcaption><\/figure>\n<h2 data-section-id=\"1oq3tiu\" data-start=\"1898\" data-end=\"1930\" data-imt-p=\"1\">Konzipiert f\u00fcr B2B-Anwendungen<\/h2>\n<p data-start=\"1932\" data-end=\"2026\" data-imt-p=\"1\">Das <strong data-start=\"1937\" data-end=\"1966\">24V Desktop-Netzteil<\/strong> ist nicht f\u00fcr den Einzelhandel konzipiert \u2013 es ist f\u00fcr die Integration entwickelt worden.<\/p>\n<h3 data-section-id=\"1iuk5af\" data-start=\"2028\" data-end=\"2047\" data-imt-p=\"1\">Ideale Anwendungsf\u00e4lle<\/h3>\n<ul data-start=\"2049\" data-end=\"2290\">\n<li data-section-id=\"xwcxty\" data-start=\"2049\" data-end=\"2082\">Industrielle Automatisierungssysteme<\/li>\n<li data-section-id=\"1ynvtex\" data-start=\"2083\" data-end=\"2125\">Stromversorgungssysteme f\u00fcr LED-Beleuchtung und Beschilderung<\/li>\n<li data-section-id=\"1phduad\" data-start=\"2126\" data-end=\"2170\">POS-Terminals und kommerzielle Elektronik<\/li>\n<li data-section-id=\"rnnq2g\" data-start=\"2171\" data-end=\"2210\"><a href=\"https:\/\/www.ring-see.com\/\" target=\"_blank\" rel=\"noopener\">Sicherheits- und \u00dcberwachungsausr\u00fcstung<\/a><\/li>\n<li data-section-id=\"19knk52\" data-start=\"2211\" data-end=\"2251\">Netzwerk- und Kommunikationsger\u00e4te<\/li>\n<li data-section-id=\"1cs2yyt\" data-start=\"2252\" data-end=\"2290\">Intelligente Steuerungs- und eingebettete Systeme<\/li>\n<\/ul>\n<p data-start=\"2292\" data-end=\"2395\" data-imt-p=\"1\">Wenn Ihr Produkt Folgendes erfordert <strong data-start=\"2317\" data-end=\"2340\">stabiler 24V DC-Eingang<\/strong>, Dieses Modell bietet eine zuverl\u00e4ssige und skalierbare L\u00f6sung.<\/p>\n<h2 data-section-id=\"1gewu33\" data-start=\"2402\" data-end=\"2437\" data-imt-p=\"1\">OEM- und Anpassungsm\u00f6glichkeiten<\/h2>\n<p data-start=\"2439\" data-end=\"2535\" data-imt-p=\"1\">Als herstellerorientierte L\u00f6sung ist dieses Produkt vollst\u00e4ndig kompatibel mit <strong data-start=\"2513\" data-end=\"2534\">OEM\/ODM-Workflows<\/strong>.<\/p>\n<h3 data-section-id=\"1rx38ue\" data-start=\"2537\" data-end=\"2566\" data-imt-p=\"1\">Individuelle Anpassungsm\u00f6glichkeiten verf\u00fcgbar:<\/h3>\n<ul data-start=\"2568\" data-end=\"2787\">\n<li data-section-id=\"2b31gy\" data-start=\"2568\" data-end=\"2606\">Logodruck und Private Labeling<\/li>\n<li data-section-id=\"1ioicx5\" data-start=\"2607\" data-end=\"2655\">DC-Steckertypen und Kabell\u00e4ngenanpassung<\/li>\n<li data-section-id=\"18hh8bl\" data-start=\"2656\" data-end=\"2699\">Feinabstimmung der Ausgabe f\u00fcr bestimmte Ger\u00e4te<\/li>\n<li data-section-id=\"8cf04h\" data-start=\"2700\" data-end=\"2744\">Verpackungsanpassung (Einzelhandel oder Gro\u00dfhandel)<\/li>\n<li data-section-id=\"xslu0s\" data-start=\"2745\" data-end=\"2787\">Regionenspezifische Anpassungen der Compliance<\/li>\n<\/ul>\n<p data-start=\"2789\" data-end=\"2816\" data-imt-p=\"1\">Dadurch eignet es sich f\u00fcr:<\/p>\n<ul data-start=\"2817\" data-end=\"2913\">\n<li data-section-id=\"cblnwh\" data-start=\"2817\" data-end=\"2833\">Markeninhaber<\/li>\n<li data-section-id=\"2oi0cr\" data-start=\"2834\" data-end=\"2862\">Importeure und Vertriebsh\u00e4ndler<\/li>\n<li data-section-id=\"11sk0x2\" data-start=\"2863\" data-end=\"2890\">Ger\u00e4tehersteller<\/li>\n<li data-section-id=\"bf3pw5\" data-start=\"2891\" data-end=\"2913\">Systemintegratoren<\/li>\n<\/ul>\n<h2 data-section-id=\"tmc6ic\" data-start=\"2920\" data-end=\"2970\" data-imt-p=\"1\">Warum K\u00e4ufer dieses 96-Watt-Desktop-Netzteil w\u00e4hlen<\/h2>\n<h3 data-section-id=\"1ao4vnu\" data-start=\"2972\" data-end=\"3014\" data-imt-p=\"1\">1. Fokussierte Leistung = H\u00f6here Stabilit\u00e4t<\/h3>\n<p data-start=\"3015\" data-end=\"3146\" data-imt-p=\"1\">Im Gegensatz zu Mehrspannungsadaptern ist dieses Modell optimiert f\u00fcr <strong data-start=\"3074\" data-end=\"3093\">Ausgang nur 24 V<\/strong>, wodurch eine strengere Regulierung und eine bessere Leistung gew\u00e4hrleistet werden.<\/p>\n<h3 data-section-id=\"18owktt\" data-start=\"3148\" data-end=\"3181\" data-imt-p=\"1\">2. Vorteile des Desktop-Designs<\/h3>\n<p data-start=\"3182\" data-end=\"3286\" data-imt-p=\"1\">Besseres W\u00e4rmemanagement im Vergleich zu Wandadaptern, wodurch die Ausfallrate bei Dauerbetrieb reduziert wird.<\/p>\n<h3 data-section-id=\"9gcxim\" data-start=\"3288\" data-end=\"3326\" data-imt-p=\"1\">3. Compliance ohne Komplexit\u00e4t<\/h3>\n<p data-start=\"3327\" data-end=\"3458\" data-imt-p=\"1\">Mit Zertifizierungen wie UL, CE, FCC, UKCA, GS, RCM, KC und PSE k\u00f6nnen Sie ohne zus\u00e4tzliche Verz\u00f6gerungen durch Tests in mehrere M\u00e4rkte eintreten.<\/p>\n<h3 data-section-id=\"116ft32\" data-start=\"3460\" data-end=\"3492\" data-imt-p=\"1\">4. Schutz, der wirklich z\u00e4hlt<\/h3>\n<p data-start=\"3493\" data-end=\"3561\" data-imt-p=\"1\">Eingebaute Schutzmechanismen sichern sowohl den Adapter als auch Ihr Endger\u00e4t:<\/p>\n<ul data-start=\"3562\" data-end=\"3700\">\n<li data-section-id=\"4sftt7\" data-start=\"3562\" data-end=\"3596\">Kurzschlussschutz (SCP)<\/li>\n<li data-section-id=\"9711qp\" data-start=\"3597\" data-end=\"3630\">\u00dcberstromschutz (OCP)<\/li>\n<li data-section-id=\"1hkqpcf\" data-start=\"3631\" data-end=\"3664\">\u00dcberspannungsschutz (OVP)<\/li>\n<li data-section-id=\"v2kyub\" data-start=\"3665\" data-end=\"3700\">\u00dcbertemperaturschutz (OTP)<\/li>\n<\/ul>\n<h3 data-section-id=\"1l8l1cp\" data-start=\"3702\" data-end=\"3740\" data-imt-p=\"1\">5. Skalierbare Fertigungsversorgung<\/h3>\n<p data-start=\"3741\" data-end=\"3843\" data-imt-p=\"1\">Stabile Produktionskapazit\u00e4t unterst\u00fctzt <strong data-start=\"3777\" data-end=\"3818\">Gro\u00dfbestellungen und langfristige Zusammenarbeit<\/strong>, nicht nur kleine Chargen.<\/p>\n<h2 data-section-id=\"1r8frcv\" data-start=\"3850\" data-end=\"3879\" data-imt-p=\"1\">H\u00e4ufig gestellte Fragen<\/h2>\n<h3 data-section-id=\"1qcdaz7\" data-start=\"3881\" data-end=\"3927\" data-imt-p=\"1\">Handelt es sich hierbei um ein echtes geregeltes 24V-Netzteil?<\/h3>\n<p data-start=\"3928\" data-end=\"4035\" data-imt-p=\"1\">Ja, es wurde speziell daf\u00fcr entwickelt. <strong data-start=\"3965\" data-end=\"3989\">stabiler 24V 4A Ausgang<\/strong>, geeignet f\u00fcr empfindliche elektronische Ger\u00e4te.<\/p>\n<h3 data-section-id=\"zx74xf\" data-start=\"4037\" data-end=\"4093\" data-imt-p=\"1\">Kann ich dieses 24V-Netzteil f\u00fcr meine Marke anpassen?<\/h3>\n<p data-start=\"4094\" data-end=\"4187\" data-imt-p=\"1\">Absolut. OEM\/ODM-Dienstleistungen umfassen Logo, Verpackung, Kabel und Spezifikationsanpassung.<\/p>\n<h3 data-section-id=\"1koq9kb\" data-start=\"4189\" data-end=\"4229\" data-imt-p=\"1\">Ist dieses Produkt f\u00fcr den industriellen Einsatz geeignet?<\/h3>\n<p data-start=\"4230\" data-end=\"4342\" data-imt-p=\"1\">Ja. Die Desktop-Konstruktion und die Schutzfunktionen machen es ideal f\u00fcr <strong data-start=\"4299\" data-end=\"4341\">kontinuierliche und industrielle Anwendungen<\/strong>.<\/p>\n<h3 data-section-id=\"16672ld\" data-start=\"4344\" data-end=\"4389\" data-imt-p=\"1\">Wie hoch ist die Mindestbestellmenge (MOQ)?<\/h3>\n<p data-start=\"4390\" data-end=\"4500\" data-imt-p=\"1\">Die Mindestbestellmenge (MOQ) h\u00e4ngt von den individuellen Anpassungsanforderungen ab. Standardmodelle sind in der Regel f\u00fcr flexible Gro\u00dfbestellungen verf\u00fcgbar.<\/p>\n<h3 data-section-id=\"rmetjb\" data-start=\"4502\" data-end=\"4537\" data-imt-p=\"1\">Unterst\u00fctzen Sie weltweiten Versand?<\/h3>\n<p data-start=\"4538\" data-end=\"4631\" data-imt-p=\"1\">Ja, das Produkt ist f\u00fcr den internationalen Vertrieb mit Zertifizierungen in mehreren Regionen konzipiert.<\/p>\n<h2 data-section-id=\"znnqd5\" data-start=\"4638\" data-end=\"4663\" data-imt-p=\"1\">Herstellervorteil<\/h2>\n<p data-start=\"4665\" data-end=\"4801\" data-imt-p=\"1\">Als chinesischer Hersteller von Netzteilen konzentrieren wir uns auf <strong data-start=\"4718\" data-end=\"4768\">B2B-Lieferung und kundenspezifische Anpassung auf technischer Ebene<\/strong>, nicht f\u00fcr den Massenmarkt im Konsumg\u00fcterbereich.<\/p>\n<h3 data-section-id=\"1h3vh0j\" data-start=\"4803\" data-end=\"4820\" data-imt-p=\"1\">Was Sie erhalten:<\/h3>\n<ul data-start=\"4822\" data-end=\"5000\">\n<li data-section-id=\"qysum1\" data-start=\"4822\" data-end=\"4848\">Direktpreise ab Werk<\/li>\n<li data-section-id=\"1h9rnqa\" data-start=\"4849\" data-end=\"4879\">Konsequente Qualit\u00e4tskontrolle<\/li>\n<li data-section-id=\"eugpps\" data-start=\"4880\" data-end=\"4923\">Technische Unterst\u00fctzung f\u00fcr kundenspezifische Projekte<\/li>\n<li data-section-id=\"ykks8c\" data-start=\"4924\" data-end=\"4963\">Zuverl\u00e4ssige Lieferzeiten f\u00fcr Gro\u00dfbestellungen<\/li>\n<li data-section-id=\"k1csbh\" data-start=\"4964\" data-end=\"5000\">F\u00e4higkeit zur langfristigen Partnerschaft<\/li>\n<\/ul>\n<p data-start=\"5002\" data-end=\"5119\" data-imt-p=\"1\">Wir verstehen, dass f\u00fcr B2B-K\u00e4ufer ein Netzteil nicht nur eine Komponente ist \u2013 es ist Teil der Zuverl\u00e4ssigkeit Ihres Produkts.<\/p>","protected":false},"excerpt":{"rendered":"<p>Produktname: 96-W-Adapter<\/p>\n<p>Modellnummer: AS1001A-2404000UK<\/p>\n<p>Herkunftsland China: (Festland)<\/p>\n<p>Eingang: 100\u2013240 V, 50\/60 Hz, max. 2,5 A<\/p>\n<p>Ausgang: 24 V 4 A<\/p>\n<p>Formfaktor: Desktop<\/p>\n<p>Farboptionen: Schwarz \/ Wei\u00df<\/p>\n<p>Geh\u00e4usematerial: PC<\/p>\n<p>Verpackung: PE-Beutel<\/p>\n<p>Schutz: SCP \/ OCP \/ OVP \/ OTP<\/p>\n<p>Effizienzstufe: VI<\/p>\n<p>Zertifizierungen: UL \/ CE \/ FCC \/ UKCA \/ GS \/ RCM \/ KC \/ PSE<\/p>\n<p>Garantie: 2 Jahre<\/p>","protected":false},"featured_media":1725,"comment_status":"open","ping_status":"closed","template":"","meta":{"_acf_changed":false,"site-sidebar-layout":"default","site-content-layout":"","ast-site-content-layout":"default","site-content-style":"default","site-sidebar-style":"default","ast-global-header-display":"","ast-banner-title-visibility":"","ast-main-header-display":"","ast-hfb-above-header-display":"","ast-hfb-below-header-display":"","ast-hfb-mobile-header-display":"","site-post-title":"","ast-breadcrumbs-content":"","ast-featured-img":"","footer-sml-layout":"","ast-disable-related-posts":"","theme-transparent-header-meta":"default","adv-header-id-meta":"","stick-header-meta":"","header-above-stick-meta":"","header-main-stick-meta":"","header-below-stick-meta":"","astra-migrate-meta-layouts":"set","ast-page-background-enabled":"default","ast-page-background-meta":{"desktop":{"background-color":"var(--ast-global-color-5)","background-image":"","background-repeat":"repeat","background-position":"center center","background-size":"auto","background-attachment":"scroll","background-type":"","background-media":"","overlay-type":"","overlay-color":"","overlay-opacity":"","overlay-gradient":""},"tablet":{"background-color":"","background-image":"","background-repeat":"repeat","background-position":"center center","background-size":"auto","background-attachment":"scroll","background-type":"","background-media":"","overlay-type":"","overlay-color":"","overlay-opacity":"","overlay-gradient":""},"mobile":{"background-color":"","background-image":"","background-repeat":"repeat","background-position":"center center","background-size":"auto","background-attachment":"scroll","background-type":"","background-media":"","overlay-type":"","overlay-color":"","overlay-opacity":"","overlay-gradient":""}},"ast-content-background-meta":{"desktop":{"background-color":"var(--ast-global-color-4)","background-image":"","background-repeat":"repeat","background-position":"center center","background-size":"auto","background-attachment":"scroll","background-type":"","background-media":"","overlay-type":"","overlay-color":"","overlay-opacity":"","overlay-gradient":""},"tablet":{"background-color":"var(--ast-global-color-4)","background-image":"","background-repeat":"repeat","background-position":"center center","background-size":"auto","background-attachment":"scroll","background-type":"","background-media":"","overlay-type":"","overlay-color":"","overlay-opacity":"","overlay-gradient":""},"mobile":{"background-color":"var(--ast-global-color-4)","background-image":"","background-repeat":"repeat","background-position":"center center","background-size":"auto","background-attachment":"scroll","background-type":"","background-media":"","overlay-type":"","overlay-color":"","overlay-opacity":"","overlay-gradient":""}}},"product_brand":[],"product_cat":[54,32],"product_tag":[324,323,325,326],"class_list":{"0":"post-1724","1":"product","2":"type-product","3":"status-publish","4":"has-post-thumbnail","6":"product_cat-desktop-power-supply","7":"product_cat-power-adapter","8":"product_tag-24v-4a-desktop-power-adapter","9":"product_tag-24v-4a-power-supply","10":"product_tag-96w-desktop-power-supply-manufacturer","11":"product_tag-oem-24v-power-adapter","12":"desktop-align-left","13":"tablet-align-left","14":"mobile-align-left","16":"first","17":"instock","18":"shipping-taxable","19":"product-type-simple"},"acf":[],"_links":{"self":[{"href":"https:\/\/szjialu.com\/de\/wp-json\/wp\/v2\/product\/1724","targetHints":{"allow":["GET"]}}],"collection":[{"href":"https:\/\/szjialu.com\/de\/wp-json\/wp\/v2\/product"}],"about":[{"href":"https:\/\/szjialu.com\/de\/wp-json\/wp\/v2\/types\/product"}],"replies":[{"embeddable":true,"href":"https:\/\/szjialu.com\/de\/wp-json\/wp\/v2\/comments?post=1724"}],"wp:featuredmedia":[{"embeddable":true,"href":"https:\/\/szjialu.com\/de\/wp-json\/wp\/v2\/media\/1725"}],"wp:attachment":[{"href":"https:\/\/szjialu.com\/de\/wp-json\/wp\/v2\/media?parent=1724"}],"wp:term":[{"taxonomy":"product_brand","embeddable":true,"href":"https:\/\/szjialu.com\/de\/wp-json\/wp\/v2\/product_brand?post=1724"},{"taxonomy":"product_cat","embeddable":true,"href":"https:\/\/szjialu.com\/de\/wp-json\/wp\/v2\/product_cat?post=1724"},{"taxonomy":"product_tag","embeddable":true,"href":"https:\/\/szjialu.com\/de\/wp-json\/wp\/v2\/product_tag?post=1724"}],"curies":[{"name":"wp","href":"https:\/\/api.w.org\/{rel}","templated":true}]}}