{"id":1720,"date":"2026-04-06T10:28:26","date_gmt":"2026-04-06T10:28:26","guid":{"rendered":"https:\/\/szjialu.com\/?post_type=product&#038;p=1720"},"modified":"2026-04-06T10:28:28","modified_gmt":"2026-04-06T10:28:28","slug":"100-w-desktop-netzteil-as1001a-1208000uk","status":"publish","type":"product","link":"https:\/\/szjialu.com\/de\/product\/100w-desktop-power-adapter-as1001a-1208000uk\/","title":{"rendered":"100-W-Desktop-Netzteil AS1001A-1208000UK"},"content":{"rendered":"<h2 data-section-id=\"1cfiq1t\" data-start=\"96\" data-end=\"142\">100-W-Desktop-Netzteil AS1001A-1208000UK \u2013 Produkt\u00fcbersicht<\/h2>\n<p data-start=\"165\" data-end=\"524\">Der <strong data-start=\"169\" data-end=\"217\">100-W-Desktop-Netzteil AS1001A-1208000UK<\/strong> ist ein leistungsstarkes AC\/DC-Desktop-Netzteil, das f\u00fcr einen stabilen, effizienten und zuverl\u00e4ssigen Betrieb in B2B-Anwendungen entwickelt wurde. Mit zwei Ausgangsoptionen von <strong data-start=\"367\" data-end=\"377\">12 V 8 A<\/strong> Und <strong data-start=\"382\" data-end=\"392\">24 V 4 A<\/strong>, Es eignet sich daher gut f\u00fcr Ger\u00e4te und Systeme, die eine konstante Stromversorgung, lange Betriebszeiten und zuverl\u00e4ssigen Schutz erfordern.<\/p>\n<p data-start=\"526\" data-end=\"946\">Dieser Adapter im Desktop-Format bietet eine bessere W\u00e4rmeableitung und h\u00f6here Stabilit\u00e4t als kompakte Wandadapter und ist daher eine praktische Wahl f\u00fcr gewerbliche Ger\u00e4te, Industrieanlagen und kundenspezifische Stromversorgungsprojekte. Er unterst\u00fctzt <strong data-start=\"784\" data-end=\"812\">Universaleingang 100-240 V<\/strong>, trifft <strong data-start=\"820\" data-end=\"843\">Effizienzstufe VI<\/strong>, und umfasst mehrere Schutzmechanismen wie zum Beispiel <strong data-start=\"887\" data-end=\"913\">SCP, OCP, OVP und OTP<\/strong> f\u00fcr zus\u00e4tzliche Sicherheit und Langlebigkeit.<\/p>\n<p data-start=\"948\" data-end=\"1413\">Als chinesischer Hersteller, <strong data-start=\"975\" data-end=\"1014\">Shenzhen Jialu Technology Co., Ltd.<\/strong> Schwerpunkt auf Netzteilen, USB\/PD-Ladeger\u00e4ten, <a href=\"https:\/\/szjialu.com\/de\/product-category\/gan-ladegerat\/\">GaN-Ladeger\u00e4te<\/a>, Powerbanks und <a href=\"https:\/\/szjialu.com\/de\/nachricht\/oem-odm-netzteil-herstellungsleitfaden\/\">kundenspezifische OEM\/ODM-Stromversorgungsl\u00f6sungen<\/a>. Das Unternehmen gibt an, dass es h\u00e4lt <strong data-start=\"1159\" data-end=\"1190\">ISO 9001, ISO 14001 und BSCI<\/strong> Zertifizierungen, betreibt ein ungef\u00e4hr <strong data-start=\"1226\" data-end=\"1239\">6.000 m\u00b2<\/strong> Fabrik mit etwa <strong data-start=\"1259\" data-end=\"1276\">300 Mitarbeiter<\/strong>, und liefert Produkte an <strong data-start=\"1303\" data-end=\"1321\">Mehr als 100 L\u00e4nder<\/strong>. Das Unternehmen bietet au\u00dferdem OEM\/ODM-Dienstleistungen f\u00fcr globale Partner an.<\/p>\n<h2 data-section-id=\"pt95n\" data-start=\"1420\" data-end=\"1441\">Wichtigste Verkaufsargumente<\/h2>\n<ul data-start=\"1443\" data-end=\"2025\">\n<li data-section-id=\"1fhg9n3\" data-start=\"1443\" data-end=\"1507\"><strong data-start=\"1445\" data-end=\"1472\">100-W-Hochleistungsdesign<\/strong> f\u00fcr anspruchsvolle Leistungsanforderungen<\/li>\n<li data-section-id=\"1g311so\" data-start=\"1508\" data-end=\"1552\"><strong data-start=\"1510\" data-end=\"1534\">Unterst\u00fctzung f\u00fcr zwei Ausg\u00e4nge:<\/strong> 12 V 8 A \/ 24 V 4 A<\/li>\n<li data-section-id=\"1ecc87t\" data-start=\"1553\" data-end=\"1623\"><strong data-start=\"1555\" data-end=\"1576\">Desktop-Struktur<\/strong> f\u00fcr bessere W\u00e4rmeleistung und Stabilit\u00e4t<\/li>\n<li data-section-id=\"1mnyr9j\" data-start=\"1624\" data-end=\"1666\"><strong data-start=\"1626\" data-end=\"1646\">Universeller Eingang:<\/strong> 100\u2013240 V, 50\/60 Hz<\/li>\n<li data-section-id=\"2s4yhn\" data-start=\"1667\" data-end=\"1725\"><strong data-start=\"1669\" data-end=\"1704\">Mehrere Schutzmechanismen:<\/strong> SCP, OCP, OVP, OTP<\/li>\n<li data-section-id=\"1tc891x\" data-start=\"1726\" data-end=\"1772\"><strong data-start=\"1728\" data-end=\"1761\">Energieeffiziente Leistung:<\/strong> Stufe VI<\/li>\n<li data-section-id=\"8eggm5\" data-start=\"1773\" data-end=\"1846\"><strong data-start=\"1775\" data-end=\"1808\">F\u00fcr globale M\u00e4rkte zertifiziert:<\/strong> UL, CE, FCC, UKCA, GS, RCM, KC, PSE<\/li>\n<li data-section-id=\"18yu4f5\" data-start=\"1847\" data-end=\"1906\"><strong data-start=\"1849\" data-end=\"1868\">OEM\/ODM-Unterst\u00fctzung<\/strong> f\u00fcr kundenspezifische Projekte und Gro\u00dfbestellungen<\/li>\n<li data-section-id=\"1wfqebz\" data-start=\"1907\" data-end=\"1976\"><strong data-start=\"1909\" data-end=\"1941\">Erh\u00e4ltlich in Schwarz und Wei\u00df<\/strong> f\u00fcr unterschiedliche Marktpr\u00e4ferenzen<\/li>\n<li data-section-id=\"11ba9m2\" data-start=\"1977\" data-end=\"2025\"><strong data-start=\"1979\" data-end=\"1998\">2 Jahre Garantie<\/strong> f\u00fcr zus\u00e4tzliches K\u00e4ufervertrauen<\/li>\n<\/ul>\n<h2 data-section-id=\"1hh064s\" data-start=\"2032\" data-end=\"2055\">Technische Parameter<\/h2>\n<div class=\"TyagGW_tableContainer\">\n<div class=\"group TyagGW_tableWrapper flex flex-col-reverse w-fit\" tabindex=\"-1\">\n<table class=\"w-fit min-w-(--thread-content-width)\" data-start=\"2057\" data-end=\"2513\">\n<thead data-start=\"2057\" data-end=\"2081\">\n<tr data-start=\"2057\" data-end=\"2081\">\n<th class=\"\" data-start=\"2057\" data-end=\"2064\" data-col-size=\"sm\">Artikel<\/th>\n<th class=\"\" data-start=\"2064\" data-end=\"2081\" data-col-size=\"md\">Spezifikation<\/th>\n<\/tr>\n<\/thead>\n<tbody data-start=\"2092\" data-end=\"2513\">\n<tr data-start=\"2092\" data-end=\"2123\">\n<td data-start=\"2092\" data-end=\"2107\" data-col-size=\"sm\">Produktname<\/td>\n<td data-col-size=\"md\" data-start=\"2107\" data-end=\"2123\">100-W-Adapter<\/td>\n<\/tr>\n<tr data-start=\"2124\" data-end=\"2160\">\n<td data-start=\"2124\" data-end=\"2139\" data-col-size=\"sm\">Modellnummer<\/td>\n<td data-start=\"2139\" data-end=\"2160\" data-col-size=\"md\">AS1001A-1208000UK<\/td>\n<\/tr>\n<tr data-start=\"2161\" data-end=\"2199\">\n<td data-start=\"2161\" data-end=\"2179\" data-col-size=\"sm\">Herkunftsort<\/td>\n<td data-start=\"2179\" data-end=\"2199\" data-col-size=\"md\">China (Festland)<\/td>\n<\/tr>\n<tr data-start=\"2200\" data-end=\"2237\">\n<td data-start=\"2200\" data-end=\"2208\" data-col-size=\"sm\">Eingang<\/td>\n<td data-start=\"2208\" data-end=\"2237\" data-col-size=\"md\">100\u2013240 V, 50\/60 Hz, max. 2,5 A<\/td>\n<\/tr>\n<tr data-start=\"2238\" data-end=\"2266\">\n<td data-start=\"2238\" data-end=\"2247\" data-col-size=\"sm\">Ausgabe<\/td>\n<td data-start=\"2247\" data-end=\"2266\" data-col-size=\"md\">12 V 8 A \/ 24 V 4 A<\/td>\n<\/tr>\n<tr data-start=\"2267\" data-end=\"2296\">\n<td data-start=\"2267\" data-end=\"2285\" data-col-size=\"sm\">Steckdosenstandard<\/td>\n<td data-start=\"2285\" data-end=\"2296\" data-col-size=\"md\">Desktop<\/td>\n<\/tr>\n<tr data-start=\"2297\" data-end=\"2322\">\n<td data-start=\"2297\" data-end=\"2306\" data-col-size=\"sm\">Farben<\/td>\n<td data-col-size=\"md\" data-start=\"2306\" data-end=\"2322\">Schwarz, Wei\u00df<\/td>\n<\/tr>\n<tr data-start=\"2323\" data-end=\"2340\">\n<td data-start=\"2323\" data-end=\"2334\" data-col-size=\"sm\">Material<\/td>\n<td data-start=\"2334\" data-end=\"2340\" data-col-size=\"md\">PC<\/td>\n<\/tr>\n<tr data-start=\"2341\" data-end=\"2369\">\n<td data-start=\"2341\" data-end=\"2351\" data-col-size=\"sm\">Verpackung<\/td>\n<td data-start=\"2351\" data-end=\"2369\" data-col-size=\"md\">PE-BEUTEL-Verpackung<\/td>\n<\/tr>\n<tr data-start=\"2370\" data-end=\"2408\">\n<td data-start=\"2370\" data-end=\"2383\" data-col-size=\"sm\">Schutz<\/td>\n<td data-col-size=\"md\" data-start=\"2383\" data-end=\"2408\">SCP \/ OCP \/ OVP \/ OTP<\/td>\n<\/tr>\n<tr data-start=\"2409\" data-end=\"2428\">\n<td data-start=\"2409\" data-end=\"2422\" data-col-size=\"sm\">Effizienz<\/td>\n<td data-start=\"2422\" data-end=\"2428\" data-col-size=\"md\">VI<\/td>\n<\/tr>\n<tr data-start=\"2429\" data-end=\"2490\">\n<td data-start=\"2429\" data-end=\"2444\" data-col-size=\"sm\">Zertifikate<\/td>\n<td data-start=\"2444\" data-end=\"2490\" data-col-size=\"md\">UL \/ CE \/ FCC \/ UKCA \/ GS \/ RCM \/ KC \/ PSE<\/td>\n<\/tr>\n<tr data-start=\"2491\" data-end=\"2513\">\n<td data-start=\"2491\" data-end=\"2502\" data-col-size=\"sm\">Garantie<\/td>\n<td data-col-size=\"md\" data-start=\"2502\" data-end=\"2513\">2 Jahre<\/td>\n<\/tr>\n<\/tbody>\n<\/table>\n<\/div>\n<\/div>\n<figure id=\"attachment_1721\" aria-describedby=\"caption-attachment-1721\" style=\"width: 527px\" class=\"wp-caption alignnone\"><img fetchpriority=\"high\" decoding=\"async\" class=\"wp-image-1721\" src=\"https:\/\/szjialu.com\/wp-content\/uploads\/2026\/04\/1-300x300.jpg\" alt=\"100-W-Desktop-Netzteil\" width=\"527\" height=\"527\" srcset=\"https:\/\/szjialu.com\/wp-content\/uploads\/2026\/04\/1-300x300.jpg 300w, https:\/\/szjialu.com\/wp-content\/uploads\/2026\/04\/1-150x150.jpg 150w, https:\/\/szjialu.com\/wp-content\/uploads\/2026\/04\/1-768x768.jpg 768w, https:\/\/szjialu.com\/wp-content\/uploads\/2026\/04\/1-600x600.jpg 600w, https:\/\/szjialu.com\/wp-content\/uploads\/2026\/04\/1-100x100.jpg 100w, https:\/\/szjialu.com\/wp-content\/uploads\/2026\/04\/1-64x64.jpg 64w, https:\/\/szjialu.com\/wp-content\/uploads\/2026\/04\/1.jpg 800w\" sizes=\"(max-width: 527px) 100vw, 527px\" \/><figcaption id=\"caption-attachment-1721\" class=\"wp-caption-text\">100-W-Desktop-Netzteil<\/figcaption><\/figure>\n<h2 data-section-id=\"mu966k\" data-start=\"2520\" data-end=\"2535\">Anwendungen<\/h2>\n<p data-start=\"2537\" data-end=\"2720\">Dieses 100-W-Desktop-Netzteil eignet sich f\u00fcr eine Vielzahl von B2B-Anwendungen, insbesondere dort, wo eine stabile Gleichstromausgabe und langfristige Zuverl\u00e4ssigkeit wichtig sind. Typische Anwendungsf\u00e4lle sind:<\/p>\n<ul data-start=\"2722\" data-end=\"3001\">\n<li data-section-id=\"grdw1l\" data-start=\"2722\" data-end=\"2757\">Sicherheits- und \u00dcberwachungsger\u00e4te<\/li>\n<li data-section-id=\"q3fkm1\" data-start=\"2758\" data-end=\"2788\"><a href=\"https:\/\/www.aonpostech.com\/\" target=\"_blank\" rel=\"noopener\">Kassensysteme und kommerzielle Ger\u00e4te<\/a><\/li>\n<li data-section-id=\"eqvefa\" data-start=\"2789\" data-end=\"2815\">LED- und Beleuchtungssysteme<\/li>\n<li data-section-id=\"1dljrpv\" data-start=\"2816\" data-end=\"2860\">Industrielle Steuerungs- und Niederspannungsger\u00e4te<\/li>\n<li data-section-id=\"1l37bmt\" data-start=\"2861\" data-end=\"2900\">Kommunikations- und Netzwerkprodukte<\/li>\n<li data-section-id=\"1x7wns0\" data-start=\"2901\" data-end=\"2938\">Smart-Home- und Automatisierungstechnik<\/li>\n<li data-section-id=\"1pj3phb\" data-start=\"2939\" data-end=\"2967\">Kundenspezifische OEM-Elektronik<\/li>\n<li data-section-id=\"1h5z9qr\" data-start=\"2968\" data-end=\"3001\">Andere 12V \/ 24V-betriebene Ger\u00e4te<\/li>\n<\/ul>\n<p data-start=\"3003\" data-end=\"3204\">Jialu gibt an, dass seine Stromversorgungsprodukte Anwendungen wie Mobilger\u00e4te, Notebooks, Sicherheits- und Informationsger\u00e4te, Batteriesysteme und LED-Anwendungen bedienen.<\/p>\n<h2 data-section-id=\"oo1u4v\" data-start=\"3211\" data-end=\"3246\">Warum B2B-K\u00e4ufer dieses Modell w\u00e4hlen<\/h2>\n<p data-start=\"3248\" data-end=\"3465\">F\u00fcr Distributoren, Importeure, Markeninhaber und Projektk\u00e4ufer liegt der Hauptvorteil dieses Adapters nicht nur in der Wattzahl, sondern in der Kombination aus <strong data-start=\"3390\" data-end=\"3464\">Sicherheit, Zertifizierung, Flexibilit\u00e4t bei der Anpassung und Versorgungssicherheit<\/strong>.<\/p>\n<p data-start=\"3467\" data-end=\"3514\">Dieses Modell eignet sich hervorragend f\u00fcr K\u00e4ufer, die Folgendes ben\u00f6tigen:<\/p>\n<ul data-start=\"3515\" data-end=\"3725\">\n<li data-section-id=\"1w62b37\" data-start=\"3515\" data-end=\"3571\">ein zuverl\u00e4ssiger Desktop-Adapter f\u00fcr Private-Label-Projekte,<\/li>\n<li data-section-id=\"inwjes\" data-start=\"3572\" data-end=\"3622\">ein zertifiziertes Produkt f\u00fcr mehrere Zielm\u00e4rkte,<\/li>\n<li data-section-id=\"1mmicg4\" data-start=\"3623\" data-end=\"3657\">eine stabile 12V\/24V-Stromversorgungsl\u00f6sung,<\/li>\n<li data-section-id=\"60z20s\" data-start=\"3658\" data-end=\"3725\">oder ein Hersteller, der Gro\u00dfbestellungen und individuelle Anpassungen erm\u00f6glicht.<\/li>\n<\/ul>\n<p data-start=\"3727\" data-end=\"4009\">Jialu positioniert sich als in Shenzhen ans\u00e4ssiger Hersteller und Exporteur von <a href=\"https:\/\/szjialu.com\/de\/oem-service\/\">Stromversorgungsprodukte mit OEM\/ODM-Anpassungsdiensten<\/a>, was es zu einem praktischen Beschaffungspartner f\u00fcr K\u00e4ufer macht, die kundenspezifische Spezifikationen und gro\u00dfe Liefermengen suchen.<\/p>\n<h2 data-section-id=\"1hryhf7\" data-start=\"4016\" data-end=\"4022\">H\u00e4ufig gestellte Fragen<\/h2>\n<h3 data-section-id=\"dmkd3i\" data-start=\"4024\" data-end=\"4083\">1. Kann dieser Adapter f\u00fcr OEM\/ODM-Projekte angepasst werden?<\/h3>\n<p data-start=\"4084\" data-end=\"4275\">Ja. Jialu gibt an, dass es OEM\/ODM-kundenspezifische Stromversorgungsdienstleistungen f\u00fcr globale Partner anbietet, einschlie\u00dflich ma\u00dfgeschneiderter Spezifikationen und Produktl\u00f6sungen.<\/p>\n<h3 data-section-id=\"11gm2nu\" data-start=\"4277\" data-end=\"4329\">2. Ist dieser Adapter f\u00fcr den Kauf gro\u00dfer Mengen geeignet?<\/h3>\n<p data-start=\"4330\" data-end=\"4522\">Ja. Das Produkt ist f\u00fcr B2B-K\u00e4ufer, H\u00e4ndler und projektbezogene Bestellungen konzipiert, und Jialu f\u00f6rdert die Lieferung in gro\u00dfen Mengen sowie kundenspezifische Fertigungsdienstleistungen.<\/p>\n<h3 data-section-id=\"dwykk0\" data-start=\"4524\" data-end=\"4561\">3. Welche Schutzma\u00dfnahmen sind enthalten?<\/h3>\n<p data-start=\"4562\" data-end=\"4730\">Dieses Modell beinhaltet <strong data-start=\"4582\" data-end=\"4589\">SCP<\/strong> (Kurzschlussschutz), <strong data-start=\"4618\" data-end=\"4625\">OCP<\/strong> (\u00dcberstromschutz), <strong data-start=\"4653\" data-end=\"4660\">OVP<\/strong> (\u00dcberspannungsschutz) und <strong data-start=\"4692\" data-end=\"4699\">OTP<\/strong> (\u00dcberhitzungsschutz).<\/p>\n<h3 data-section-id=\"1pg5nr4\" data-start=\"4732\" data-end=\"4771\">4. Welche Zertifikate sind verf\u00fcgbar?<\/h3>\n<p data-start=\"4772\" data-end=\"4844\">Die aufgef\u00fchrten Zertifikate sind <strong data-start=\"4800\" data-end=\"4843\">UL, CE, FCC, UKCA, GS, RCM, KC und PSE<\/strong>.<\/p>\n<h3 data-section-id=\"19rh256\" data-start=\"4846\" data-end=\"4881\">5. Wie lange betr\u00e4gt die Garantiezeit?<\/h3>\n<p data-start=\"4882\" data-end=\"4910\">Die Garantie ist <strong data-start=\"4898\" data-end=\"4909\">2 Jahre<\/strong>.<\/p>\n<h3 data-section-id=\"w39w3h\" data-start=\"4912\" data-end=\"4961\">6. F\u00fcr welche M\u00e4rkte ist dieser Adapter geeignet?<\/h3>\n<p data-start=\"4962\" data-end=\"5117\">Dank universeller Eingangsgr\u00f6\u00dfen und eines breiten Zertifizierungsspektrums eignet es sich f\u00fcr internationale B2B-M\u00e4rkte, die kompatible und stabile Desktop-Stromversorgungsl\u00f6sungen ben\u00f6tigen.<\/p>\n<h2 data-section-id=\"1od2yn5\" data-start=\"5124\" data-end=\"5145\">Unternehmenshighlights<\/h2>\n<p data-start=\"5147\" data-end=\"5691\"><a href=\"https:\/\/szjialu.com\/de\/\">Shenzhen Jialu Technology Co., Ltd.<\/a> Das Unternehmen pr\u00e4sentiert sich als in Shenzhen ans\u00e4ssiger Entwickler, Hersteller und Exporteur von Stromversorgungsprodukten, darunter Netzadapter, USB-Ladeger\u00e4te, PD-Ladeger\u00e4te, GaN-Ladeger\u00e4te, Powerbanks und kundenspezifische Stromversorgungsl\u00f6sungen. Das Unternehmen gibt an, \u2026 <strong data-start=\"5420\" data-end=\"5451\">ISO 9001, ISO 14001 und BSCI<\/strong> Zertifizierungen, betreibt ein <strong data-start=\"5479\" data-end=\"5492\">6.000 m\u00b2<\/strong> Fabrik, besch\u00e4ftigt rund <strong data-start=\"5517\" data-end=\"5531\">300 Personen<\/strong>, und verkauft an <strong data-start=\"5546\" data-end=\"5564\">Mehr als 100 L\u00e4nder<\/strong>. Zudem legt das Unternehmen Wert auf OEM\/ODM-Service, qualitativ hochwertige Produktion und schnellen Support.<\/p>","protected":false},"excerpt":{"rendered":"<p>Produktname: 100-W-Adapter<\/p>\n<p>Modellnummer: AS1001A-1208000UK<\/p>\n<p>Herkunftsort: China (Festland)<\/p>\n<p>Eingang: 100\u2013240 V, 50\/60 Hz, max. 2,5 A<\/p>\n<p>Ausgang: 12 V 8 A \/ 24 V 4 A<\/p>\n<p>Sockelstandard: Desktop<\/p>\n<p>Farben: Schwarz, Wei\u00df<\/p>\n<p>Material: PC<\/p>\n<p>Verpackung: PE-Beutel<\/p>\n<p>Schutz: SCP \/ OCP \/ OVP \/ OTP<\/p>\n<p>Effizienz: VI<\/p>\n<p>Zertifikate: UL \/ CE \/ FCC \/ UKCA \/ GS \/ RCM \/ KC \/ PSE<\/p>\n<p>Garantie: 2 Jahre<\/p>","protected":false},"featured_media":1721,"comment_status":"open","ping_status":"closed","template":"","meta":{"_acf_changed":false,"site-sidebar-layout":"default","site-content-layout":"","ast-site-content-layout":"default","site-content-style":"default","site-sidebar-style":"default","ast-global-header-display":"","ast-banner-title-visibility":"","ast-main-header-display":"","ast-hfb-above-header-display":"","ast-hfb-below-header-display":"","ast-hfb-mobile-header-display":"","site-post-title":"","ast-breadcrumbs-content":"","ast-featured-img":"","footer-sml-layout":"","ast-disable-related-posts":"","theme-transparent-header-meta":"default","adv-header-id-meta":"","stick-header-meta":"","header-above-stick-meta":"","header-main-stick-meta":"","header-below-stick-meta":"","astra-migrate-meta-layouts":"set","ast-page-background-enabled":"default","ast-page-background-meta":{"desktop":{"background-color":"var(--ast-global-color-5)","background-image":"","background-repeat":"repeat","background-position":"center center","background-size":"auto","background-attachment":"scroll","background-type":"","background-media":"","overlay-type":"","overlay-color":"","overlay-opacity":"","overlay-gradient":""},"tablet":{"background-color":"","background-image":"","background-repeat":"repeat","background-position":"center center","background-size":"auto","background-attachment":"scroll","background-type":"","background-media":"","overlay-type":"","overlay-color":"","overlay-opacity":"","overlay-gradient":""},"mobile":{"background-color":"","background-image":"","background-repeat":"repeat","background-position":"center center","background-size":"auto","background-attachment":"scroll","background-type":"","background-media":"","overlay-type":"","overlay-color":"","overlay-opacity":"","overlay-gradient":""}},"ast-content-background-meta":{"desktop":{"background-color":"var(--ast-global-color-4)","background-image":"","background-repeat":"repeat","background-position":"center center","background-size":"auto","background-attachment":"scroll","background-type":"","background-media":"","overlay-type":"","overlay-color":"","overlay-opacity":"","overlay-gradient":""},"tablet":{"background-color":"var(--ast-global-color-4)","background-image":"","background-repeat":"repeat","background-position":"center center","background-size":"auto","background-attachment":"scroll","background-type":"","background-media":"","overlay-type":"","overlay-color":"","overlay-opacity":"","overlay-gradient":""},"mobile":{"background-color":"var(--ast-global-color-4)","background-image":"","background-repeat":"repeat","background-position":"center center","background-size":"auto","background-attachment":"scroll","background-type":"","background-media":"","overlay-type":"","overlay-color":"","overlay-opacity":"","overlay-gradient":""}}},"product_brand":[],"product_cat":[54,32],"product_tag":[321,322,323],"class_list":{"0":"post-1720","1":"product","2":"type-product","3":"status-publish","4":"has-post-thumbnail","6":"product_cat-desktop-power-supply","7":"product_cat-power-adapter","8":"product_tag-100w-desktop-power-adapter","9":"product_tag-12v-8a-adapter","10":"product_tag-24v-4a-power-supply","11":"desktop-align-left","12":"tablet-align-left","13":"mobile-align-left","15":"first","16":"instock","17":"shipping-taxable","18":"product-type-simple"},"acf":[],"_links":{"self":[{"href":"https:\/\/szjialu.com\/de\/wp-json\/wp\/v2\/product\/1720","targetHints":{"allow":["GET"]}}],"collection":[{"href":"https:\/\/szjialu.com\/de\/wp-json\/wp\/v2\/product"}],"about":[{"href":"https:\/\/szjialu.com\/de\/wp-json\/wp\/v2\/types\/product"}],"replies":[{"embeddable":true,"href":"https:\/\/szjialu.com\/de\/wp-json\/wp\/v2\/comments?post=1720"}],"wp:featuredmedia":[{"embeddable":true,"href":"https:\/\/szjialu.com\/de\/wp-json\/wp\/v2\/media\/1721"}],"wp:attachment":[{"href":"https:\/\/szjialu.com\/de\/wp-json\/wp\/v2\/media?parent=1720"}],"wp:term":[{"taxonomy":"product_brand","embeddable":true,"href":"https:\/\/szjialu.com\/de\/wp-json\/wp\/v2\/product_brand?post=1720"},{"taxonomy":"product_cat","embeddable":true,"href":"https:\/\/szjialu.com\/de\/wp-json\/wp\/v2\/product_cat?post=1720"},{"taxonomy":"product_tag","embeddable":true,"href":"https:\/\/szjialu.com\/de\/wp-json\/wp\/v2\/product_tag?post=1720"}],"curies":[{"name":"wp","href":"https:\/\/api.w.org\/{rel}","templated":true}]}}