{"id":1681,"date":"2026-03-26T06:11:22","date_gmt":"2026-03-26T06:11:22","guid":{"rendered":"https:\/\/szjialu.com\/?post_type=product&#038;p=1681"},"modified":"2026-03-26T06:11:23","modified_gmt":"2026-03-26T06:11:23","slug":"60-w-netzteil-as6501a-1205000dh","status":"publish","type":"product","link":"https:\/\/szjialu.com\/de\/product\/60w-power-adapter-as6501a-1205000dh\/","title":{"rendered":"60-W-Netzteil AS6501A-1205000DH"},"content":{"rendered":"<h2 data-section-id=\"1bovg99\" data-start=\"333\" data-end=\"356\"><span role=\"text\"><strong data-start=\"336\" data-end=\"356\">Produkt\u00fcbersicht zum 60-W-Netzteil<\/strong><\/span><\/h2>\n<p data-start=\"358\" data-end=\"761\">Der <strong data-start=\"362\" data-end=\"410\">60-W-Netzteil (Modell: AS6501A-1205000DH)<\/strong> ist ein vielseitiges und hocheffizientes AC\/DC-Netzteil f\u00fcr Desktop-Ger\u00e4te, das f\u00fcr einen stabilen Betrieb mit einer Vielzahl elektronischer Ger\u00e4te entwickelt wurde. Obwohl es mit einem <strong data-start=\"575\" data-end=\"608\">Maximale Ausgangsleistung: 65 W<\/strong>, Dieses Modell wird \u00fcblicherweise als ein <strong data-start=\"649\" data-end=\"670\">60-W-Netzteil<\/strong> f\u00fcr g\u00e4ngige Anwendungen, bietet es ein optimales Gleichgewicht zwischen Leistung, Effizienz und Kosten.<\/p>\n<p data-start=\"763\" data-end=\"968\">Mit Unterst\u00fctzung f\u00fcr <strong data-start=\"780\" data-end=\"841\">Mehrfachausgangskonfigurationen (12 V 5 A, 24 V 2,5 A, 29 V 2 A)<\/strong>, Dieser Adapter ist ideal f\u00fcr Hersteller, H\u00e4ndler und Systemintegratoren, die eine zuverl\u00e4ssige und flexible Stromversorgungsl\u00f6sung suchen.<\/p>\n<p data-start=\"970\" data-end=\"1095\">Entwickelt f\u00fcr <strong data-start=\"983\" data-end=\"1001\">globale M\u00e4rkte<\/strong>, Es erf\u00fcllt internationale Sicherheitszertifizierungen und ist f\u00fcr OEM\/ODM-Projekte vollst\u00e4ndig anpassbar.<\/p>\n<h2 data-section-id=\"id1bjs\" data-start=\"1102\" data-end=\"1133\"><span role=\"text\"><strong data-start=\"1105\" data-end=\"1133\">Technische Spezifikationen<\/strong><\/span><\/h2>\n<div class=\"TyagGW_tableContainer\">\n<div class=\"group TyagGW_tableWrapper flex flex-col-reverse w-fit\" tabindex=\"-1\">\n<table class=\"w-fit min-w-(--thread-content-width)\" data-start=\"1135\" data-end=\"1695\">\n<thead data-start=\"1135\" data-end=\"1158\">\n<tr data-start=\"1135\" data-end=\"1158\">\n<th class=\"\" data-start=\"1135\" data-end=\"1147\" data-col-size=\"sm\">Parameter<\/th>\n<th class=\"\" data-start=\"1147\" data-end=\"1158\" data-col-size=\"sm\">Details<\/th>\n<\/tr>\n<\/thead>\n<tbody data-start=\"1181\" data-end=\"1695\">\n<tr data-start=\"1181\" data-end=\"1217\">\n<td data-start=\"1181\" data-end=\"1196\" data-col-size=\"sm\">Produktname<\/td>\n<td data-col-size=\"sm\" data-start=\"1196\" data-end=\"1217\">60-W-Netzteil<\/td>\n<\/tr>\n<tr data-start=\"1218\" data-end=\"1254\">\n<td data-start=\"1218\" data-end=\"1233\" data-col-size=\"sm\">Modellnummer<\/td>\n<td data-col-size=\"sm\" data-start=\"1233\" data-end=\"1254\">AS6501A-1205000DH<\/td>\n<\/tr>\n<tr data-start=\"1255\" data-end=\"1305\">\n<td data-start=\"1255\" data-end=\"1271\" data-col-size=\"sm\">Eingangsspannung<\/td>\n<td data-col-size=\"sm\" data-start=\"1271\" data-end=\"1305\">100\u2013240 V Wechselstrom, 50\/60 Hz, max. 2,5 A<\/td>\n<\/tr>\n<tr data-start=\"1306\" data-end=\"1353\">\n<td data-start=\"1306\" data-end=\"1323\" data-col-size=\"sm\">Ausgabeoptionen<\/td>\n<td data-col-size=\"sm\" data-start=\"1323\" data-end=\"1353\">12 V 5 A \/ 24 V 2,5 A \/ 29 V 2 A<\/td>\n<\/tr>\n<tr data-start=\"1354\" data-end=\"1396\">\n<td data-start=\"1354\" data-end=\"1368\" data-col-size=\"sm\">Nennleistung<\/td>\n<td data-col-size=\"sm\" data-start=\"1368\" data-end=\"1396\">60 W<\/td>\n<\/tr>\n<tr data-start=\"1397\" data-end=\"1436\">\n<td data-start=\"1397\" data-end=\"1411\" data-col-size=\"sm\">Formfaktor<\/td>\n<td data-col-size=\"sm\" data-start=\"1411\" data-end=\"1436\">Desktop-Netzteil<\/td>\n<\/tr>\n<tr data-start=\"1437\" data-end=\"1472\">\n<td data-start=\"1437\" data-end=\"1448\" data-col-size=\"sm\">Material<\/td>\n<td data-col-size=\"sm\" data-start=\"1448\" data-end=\"1472\">PC (flammhemmend)<\/td>\n<\/tr>\n<tr data-start=\"1473\" data-end=\"1506\">\n<td data-start=\"1473\" data-end=\"1489\" data-col-size=\"sm\">Farboptionen<\/td>\n<td data-col-size=\"sm\" data-start=\"1489\" data-end=\"1506\">Schwarz\/Wei\u00df<\/td>\n<\/tr>\n<tr data-start=\"1507\" data-end=\"1543\">\n<td data-start=\"1507\" data-end=\"1527\" data-col-size=\"sm\">Energieeffizienz<\/td>\n<td data-col-size=\"sm\" data-start=\"1527\" data-end=\"1543\">DOE Stufe VI<\/td>\n<\/tr>\n<tr data-start=\"1544\" data-end=\"1591\">\n<td data-start=\"1544\" data-end=\"1566\" data-col-size=\"sm\">Schutzfunktionen<\/td>\n<td data-col-size=\"sm\" data-start=\"1566\" data-end=\"1591\">SCP \/ OCP \/ OVP \/ OTP<\/td>\n<\/tr>\n<tr data-start=\"1592\" data-end=\"1649\">\n<td data-start=\"1592\" data-end=\"1609\" data-col-size=\"sm\">Zertifizierungen<\/td>\n<td data-col-size=\"sm\" data-start=\"1609\" data-end=\"1649\">UL, FCC, CE, UKCA, SAA, RCM, KC, PSE<\/td>\n<\/tr>\n<tr data-start=\"1650\" data-end=\"1672\">\n<td data-start=\"1650\" data-end=\"1661\" data-col-size=\"sm\">Garantie<\/td>\n<td data-col-size=\"sm\" data-start=\"1661\" data-end=\"1672\">2 Jahre<\/td>\n<\/tr>\n<tr data-start=\"1673\" data-end=\"1695\">\n<td data-start=\"1673\" data-end=\"1685\" data-col-size=\"sm\">Verpackung<\/td>\n<td data-col-size=\"sm\" data-start=\"1685\" data-end=\"1695\">PE-Beutel<\/td>\n<\/tr>\n<\/tbody>\n<\/table>\n<\/div>\n<\/div>\n<h2 data-section-id=\"1lw2i5h\" data-start=\"1702\" data-end=\"1739\"><span role=\"text\"><strong data-start=\"1705\" data-end=\"1739\">Kernvorteile f\u00fcr B2B-K\u00e4ufer<\/strong><\/span><\/h2>\n<h3 data-section-id=\"oejas5\" data-start=\"1741\" data-end=\"1780\"><span role=\"text\"><strong data-start=\"1745\" data-end=\"1780\">1. Optimierte 60-W-Leistungsplattform<\/strong><\/span><\/h3>\n<p data-start=\"1781\" data-end=\"1953\">Positioniert als <strong data-start=\"1797\" data-end=\"1818\">60-W-Netzteil<\/strong>, Dieses Modell bietet eine stabile Ausgangsleistung f\u00fcr die meisten Ger\u00e4te mittlerer Leistung und l\u00e4sst gleichzeitig Spielraum f\u00fcr Spitzenlasten \u2013 ideal f\u00fcr langfristige Zuverl\u00e4ssigkeit.<\/p>\n<h3 data-section-id=\"10i1lgv\" data-start=\"1955\" data-end=\"1992\"><span role=\"text\"><strong data-start=\"1959\" data-end=\"1992\">2. Kompatibilit\u00e4t mit mehreren Ausg\u00e4ngen<\/strong><\/span><\/h3>\n<p data-start=\"1993\" data-end=\"2046\">Ein Adapter unterst\u00fctzt mehrere Spannungskonfigurationen:<\/p>\n<ul data-start=\"2047\" data-end=\"2119\">\n<li data-section-id=\"1c97yed\" data-start=\"2047\" data-end=\"2068\">12V 5A Netzteil<\/li>\n<li data-section-id=\"40pvi0\" data-start=\"2069\" data-end=\"2093\">24V 2,5A Netzteil<\/li>\n<li data-section-id=\"nuygo0\" data-start=\"2094\" data-end=\"2119\">29V 2A Stromversorgungsl\u00f6sung<\/li>\n<\/ul>\n<p data-start=\"2121\" data-end=\"2191\">Ideal zur Reduzierung der Komplexit\u00e4t des Lagerbestands und zur Vereinfachung der Beschaffung.<\/p>\n<h3 data-section-id=\"141jtac\" data-start=\"2193\" data-end=\"2232\"><span role=\"text\"><strong data-start=\"2197\" data-end=\"2232\">3. Energieeffizient und konform<\/strong><\/span><\/h3>\n<p data-start=\"2233\" data-end=\"2369\">Gebaut, um zu erf\u00fcllen <strong data-start=\"2247\" data-end=\"2280\">Effizienzstandards der Stufe VI<\/strong>, um Ihnen dabei zu helfen, Ihre Produkte an die Energievorschriften in wichtigen M\u00e4rkten wie den USA und der EU anzupassen.<\/p>\n<h3 data-section-id=\"xlyljy\" data-start=\"2371\" data-end=\"2404\"><span role=\"text\"><strong data-start=\"2375\" data-end=\"2404\">4. Vollst\u00e4ndiges Schutzdesign<\/strong><\/span><\/h3>\n<p data-start=\"2405\" data-end=\"2449\">Gew\u00e4hrleistet einen sicheren Betrieb unter allen Bedingungen:<\/p>\n<ul data-start=\"2450\" data-end=\"2551\">\n<li data-section-id=\"14s7m03\" data-start=\"2450\" data-end=\"2473\">\u00dcberlastschutz<\/li>\n<li data-section-id=\"1c4pm0a\" data-start=\"2474\" data-end=\"2502\">Kurzschlussschutz<\/li>\n<li data-section-id=\"11ntudm\" data-start=\"2503\" data-end=\"2530\">\u00dcberspannungsschutz<\/li>\n<li data-section-id=\"sgunjf\" data-start=\"2531\" data-end=\"2551\">Thermische Abschaltung<\/li>\n<\/ul>\n<h3 data-section-id=\"v7w9ph\" data-start=\"2553\" data-end=\"2590\"><span role=\"text\"><strong data-start=\"2557\" data-end=\"2590\">5. Bereit f\u00fcr globale Zertifizierungen<\/strong><\/span><\/h3>\n<p data-start=\"2591\" data-end=\"2665\">Erm\u00f6glicht einen schnellen Markteintritt auf internationalen M\u00e4rkten ohne zus\u00e4tzliche Neugestaltung.<\/p>\n<h3 data-section-id=\"14luhr6\" data-start=\"2667\" data-end=\"2709\"><span role=\"text\"><strong data-start=\"2671\" data-end=\"2709\">6. OEM\/ODM-Anpassungsunterst\u00fctzung<\/strong><\/span><\/h3>\n<p data-start=\"2710\" data-end=\"2753\">Wir bieten flexible Anpassungsm\u00f6glichkeiten:<\/p>\n<ul data-start=\"2754\" data-end=\"2907\">\n<li data-section-id=\"141h55k\" data-start=\"2754\" data-end=\"2780\">Eigenmarken-Branding<\/li>\n<li data-section-id=\"zqws40\" data-start=\"2781\" data-end=\"2815\">Geh\u00e4usedesign &amp; Farboptionen<\/li>\n<li data-section-id=\"53gpzy\" data-start=\"2816\" data-end=\"2854\">DC-Stecker- und Kabelanpassung<\/li>\n<li data-section-id=\"1gi1k2g\" data-start=\"2855\" data-end=\"2872\">Ausgangsoptimierung<\/li>\n<li data-section-id=\"ef0cq2\" data-start=\"2873\" data-end=\"2907\">Einzelhandels- oder Industrieverpackung<\/li>\n<\/ul>\n<h2 data-section-id=\"1w46w82\" data-start=\"2914\" data-end=\"2942\"><span role=\"text\"><strong data-start=\"2917\" data-end=\"2942\">Anwendungsszenarien<\/strong><\/span><\/h2>\n<p data-start=\"2944\" data-end=\"2997\">Das <strong data-start=\"2949\" data-end=\"2978\">60-W-Desktop-Netzteil<\/strong> wird h\u00e4ufig verwendet in:<\/p>\n<h3 data-section-id=\"zgdusx\" data-start=\"2999\" data-end=\"3040\"><span role=\"text\"><strong data-start=\"3003\" data-end=\"3040\">Gewerbliche und industrielle Ausr\u00fcstung<\/strong><\/span><\/h3>\n<ul data-start=\"3041\" data-end=\"3107\">\n<li data-section-id=\"6gqijl\" data-start=\"3041\" data-end=\"3063\">Automatisierungssysteme<\/li>\n<li data-section-id=\"qpcw8a\" data-start=\"3064\" data-end=\"3082\">Bedienfelder<\/li>\n<li data-section-id=\"ahuc3c\" data-start=\"3083\" data-end=\"3107\">Industrieanlagen<\/li>\n<\/ul>\n<h3 data-section-id=\"1npq6vp\" data-start=\"3109\" data-end=\"3151\"><span role=\"text\"><strong data-start=\"3113\" data-end=\"3151\">Netzwerk- und Kommunikationsger\u00e4te<\/strong><\/span><\/h3>\n<ul data-start=\"3152\" data-end=\"3217\">\n<li data-section-id=\"ee64tu\" data-start=\"3152\" data-end=\"3174\">Router und Switches<\/li>\n<li data-section-id=\"16e6gft\" data-start=\"3175\" data-end=\"3200\">Glasfaserger\u00e4te<\/li>\n<li data-section-id=\"1rwa569\" data-start=\"3201\" data-end=\"3217\">IoT-Gateways<\/li>\n<\/ul>\n<h3 data-section-id=\"1mgclxo\" data-start=\"3219\" data-end=\"3251\"><span role=\"text\"><strong data-start=\"3223\" data-end=\"3251\">Verbraucher- und Smart-Ger\u00e4te<\/strong><\/span><\/h3>\n<ul data-start=\"3252\" data-end=\"3329\">\n<li data-section-id=\"1jh2p60\" data-start=\"3252\" data-end=\"3274\">Smart-Home-Systeme<\/li>\n<li data-section-id=\"111gqui\" data-start=\"3275\" data-end=\"3300\">Audio-\/Videoger\u00e4te<\/li>\n<li data-section-id=\"1aq8mn4\" data-start=\"3301\" data-end=\"3329\">LED-Beleuchtung und Beschilderung<\/li>\n<\/ul>\n<h3 data-section-id=\"1fgkxc7\" data-start=\"3331\" data-end=\"3361\"><span role=\"text\"><strong data-start=\"3335\" data-end=\"3361\">Professionelle Ausr\u00fcstung<\/strong><\/span><\/h3>\n<ul data-start=\"3362\" data-end=\"3437\">\n<li data-section-id=\"l5n5le\" data-start=\"3362\" data-end=\"3377\">Kassensysteme<\/li>\n<li data-section-id=\"1wzcq6a\" data-start=\"3378\" data-end=\"3401\">Selbstbedienungskioske<\/li>\n<li data-section-id=\"8oexn8\" data-start=\"3402\" data-end=\"3437\">Sicherheits- und \u00dcberwachungsger\u00e4te<\/li>\n<\/ul>\n<h2 data-section-id=\"r3qqg9\" data-start=\"3444\" data-end=\"3470\"><span role=\"text\"><strong data-start=\"3447\" data-end=\"3470\">Warum Sie mit uns zusammenarbeiten sollten<\/strong><\/span><\/h2>\n<p data-start=\"3472\" data-end=\"3591\">Wir sind ein <a href=\"https:\/\/szjialu.com\/de\/\"><strong data-start=\"3481\" data-end=\"3536\">Professioneller Netzteilhersteller mit Sitz in China<\/strong><\/a> mit starker Expertise in B2B-Lieferung und -Anpassung.<\/p>\n<h3 data-section-id=\"kjtqw\" data-start=\"3593\" data-end=\"3614\"><span role=\"text\"><strong data-start=\"3597\" data-end=\"3614\">Unsere St\u00e4rken<\/strong><\/span><\/h3>\n<ul data-start=\"3615\" data-end=\"3852\">\n<li data-section-id=\"1glgwje\" data-start=\"3615\" data-end=\"3660\">\u2714 Mehr als 10 Jahre Fertigungserfahrung<\/li>\n<li data-section-id=\"67lxc2\" data-start=\"3661\" data-end=\"3704\">\u2714 Starke OEM\/ODM-Entwicklungskompetenz<\/li>\n<li data-section-id=\"1y0mgzc\" data-start=\"3705\" data-end=\"3751\">\u2714 Strenge Qualit\u00e4tskontrolle (100%-Alterungstest)<\/li>\n<li data-section-id=\"ev7oko\" data-start=\"3752\" data-end=\"3804\">\u2714 Unterst\u00fctzung mehrerer Zertifizierungen f\u00fcr globale M\u00e4rkte<\/li>\n<li data-section-id=\"1vio4py\" data-start=\"3805\" data-end=\"3852\">\u2714 Stabile Lieferkette &amp; wettbewerbsf\u00e4hige Preise<\/li>\n<\/ul>\n<p data-start=\"3854\" data-end=\"3938\">Wir helfen globalen Kunden, Kosten zu senken, Vorlaufzeiten zu verk\u00fcrzen und Produkte schneller auf den Markt zu bringen.<\/p>\n<h2 data-section-id=\"elc90z\" data-start=\"3945\" data-end=\"3955\"><span role=\"text\"><strong data-start=\"3948\" data-end=\"3955\">H\u00e4ufig gestellte Fragen<\/strong><\/span><\/h2>\n<h3 data-section-id=\"aja39q\" data-start=\"3957\" data-end=\"4006\"><span role=\"text\"><strong data-start=\"3961\" data-end=\"4004\">Frage 1: Handelt es sich um ein 60-W- oder ein 65-W-Netzteil?<\/strong><\/span><\/h3>\n<p data-start=\"4007\" data-end=\"4140\">Es ist so konzipiert, dass <strong data-start=\"4029\" data-end=\"4054\">maximale Ausgangsleistung von 65 W<\/strong>, wird aber \u00fcblicherweise als solches vermarktet und verwendet <strong data-start=\"4092\" data-end=\"4113\">60-W-Netzteil<\/strong> f\u00fcr Standardanwendungen.<\/p>\n<h3 data-section-id=\"1sc3qo0\" data-start=\"4142\" data-end=\"4192\"><span role=\"text\"><strong data-start=\"4146\" data-end=\"4190\">Frage 2: Kann ich Spannung und Stromst\u00e4rke anpassen?<\/strong><\/span><\/h3>\n<p data-start=\"4193\" data-end=\"4261\">Ja, wir bieten eine vollst\u00e4ndige Anpassung an Ihre Projektanforderungen an.<\/p>\n<h3 data-section-id=\"jek8ai\" data-start=\"4263\" data-end=\"4305\"><span role=\"text\"><strong data-start=\"4267\" data-end=\"4303\">Frage 3: Unterst\u00fctzen Sie OEM-Branding?<\/strong><\/span><\/h3>\n<p data-start=\"4306\" data-end=\"4375\">Ja, inklusive Logodruck, Verpackungsdesign und Produktetikettierung.<\/p>\n<h3 data-section-id=\"123yq7f\" data-start=\"4377\" data-end=\"4421\"><span role=\"text\"><strong data-start=\"4381\" data-end=\"4419\">Frage 4: Welche Branchen beliefern Sie?<\/strong><\/span><\/h3>\n<p data-start=\"4422\" data-end=\"4508\">Wir bedienen die Branchen Industrie, Unterhaltungselektronik, Telekommunikation, Medizin und intelligente Ger\u00e4te.<\/p>\n<h3 data-section-id=\"17st4k7\" data-start=\"4510\" data-end=\"4546\"><span role=\"text\"><strong data-start=\"4514\" data-end=\"4544\">Frage 5: Wie lange ist die Lieferzeit?<\/strong><\/span><\/h3>\n<ul data-start=\"4547\" data-end=\"4622\">\n<li data-section-id=\"12qm0sf\" data-start=\"4547\" data-end=\"4568\">Proben: 3\u20137 Tage<\/li>\n<li data-section-id=\"u3m4zq\" data-start=\"4569\" data-end=\"4622\">Gro\u00dfbestellungen: 2\u20134 Wochen (abh\u00e4ngig von der individuellen Anpassung)<\/li>\n<\/ul>","protected":false},"excerpt":{"rendered":"<p>Produktname: 60-W-Netzteil<\/p>\n<p>Modellnummer: AS6501A-1205000DH<\/p>\n<p>Eingangsspannung: 100\u2013240 V Wechselstrom, 50\/60 Hz, max. 2,5 A<\/p>\n<p>Ausgangsoptionen: 12 V 5 A \/ 24 V 2,5 A \/ 29 V 2 A<\/p>\n<p>Nennleistung: 60 W (maximale Leistung: 65 W)<\/p>\n<p>Bauform: Desktop-Netzteil<\/p>\n<p>Material: PC (flammhemmend)<\/p>\n<p>Farboptionen: Schwarz \/ Wei\u00df<\/p>\n<p>Energieeffizienz: DOE-Stufe VI<\/p>\n<p>Schutzfunktionen: SCP \/ OCP \/ OVP \/ OTP<\/p>\n<p>Zertifizierungen: UL, FCC, CE, UKCA, SAA, RCM, KC, PSE<\/p>\n<p>Garantie: 2 Jahre<\/p>\n<p>Verpackung: PE-Beutel<\/p>","protected":false},"featured_media":1682,"comment_status":"open","ping_status":"closed","template":"","meta":{"_acf_changed":false,"site-sidebar-layout":"default","site-content-layout":"","ast-site-content-layout":"default","site-content-style":"default","site-sidebar-style":"default","ast-global-header-display":"","ast-banner-title-visibility":"","ast-main-header-display":"","ast-hfb-above-header-display":"","ast-hfb-below-header-display":"","ast-hfb-mobile-header-display":"","site-post-title":"","ast-breadcrumbs-content":"","ast-featured-img":"","footer-sml-layout":"","ast-disable-related-posts":"","theme-transparent-header-meta":"default","adv-header-id-meta":"","stick-header-meta":"","header-above-stick-meta":"","header-main-stick-meta":"","header-below-stick-meta":"","astra-migrate-meta-layouts":"set","ast-page-background-enabled":"default","ast-page-background-meta":{"desktop":{"background-color":"var(--ast-global-color-5)","background-image":"","background-repeat":"repeat","background-position":"center center","background-size":"auto","background-attachment":"scroll","background-type":"","background-media":"","overlay-type":"","overlay-color":"","overlay-opacity":"","overlay-gradient":""},"tablet":{"background-color":"","background-image":"","background-repeat":"repeat","background-position":"center center","background-size":"auto","background-attachment":"scroll","background-type":"","background-media":"","overlay-type":"","overlay-color":"","overlay-opacity":"","overlay-gradient":""},"mobile":{"background-color":"","background-image":"","background-repeat":"repeat","background-position":"center center","background-size":"auto","background-attachment":"scroll","background-type":"","background-media":"","overlay-type":"","overlay-color":"","overlay-opacity":"","overlay-gradient":""}},"ast-content-background-meta":{"desktop":{"background-color":"var(--ast-global-color-4)","background-image":"","background-repeat":"repeat","background-position":"center center","background-size":"auto","background-attachment":"scroll","background-type":"","background-media":"","overlay-type":"","overlay-color":"","overlay-opacity":"","overlay-gradient":""},"tablet":{"background-color":"var(--ast-global-color-4)","background-image":"","background-repeat":"repeat","background-position":"center center","background-size":"auto","background-attachment":"scroll","background-type":"","background-media":"","overlay-type":"","overlay-color":"","overlay-opacity":"","overlay-gradient":""},"mobile":{"background-color":"var(--ast-global-color-4)","background-image":"","background-repeat":"repeat","background-position":"center center","background-size":"auto","background-attachment":"scroll","background-type":"","background-media":"","overlay-type":"","overlay-color":"","overlay-opacity":"","overlay-gradient":""}}},"product_brand":[],"product_cat":[54,32],"product_tag":[306,308,307,309],"class_list":{"0":"post-1681","1":"product","2":"type-product","3":"status-publish","4":"has-post-thumbnail","6":"product_cat-desktop-power-supply","7":"product_cat-power-adapter","8":"product_tag-12v-5a-power-adapter","9":"product_tag-24v-2-5a-power-supply","10":"product_tag-60w-power-adapter","11":"product_tag-desktop-power-adapter-60w","12":"desktop-align-left","13":"tablet-align-left","14":"mobile-align-left","16":"first","17":"instock","18":"shipping-taxable","19":"product-type-simple"},"acf":[],"_links":{"self":[{"href":"https:\/\/szjialu.com\/de\/wp-json\/wp\/v2\/product\/1681","targetHints":{"allow":["GET"]}}],"collection":[{"href":"https:\/\/szjialu.com\/de\/wp-json\/wp\/v2\/product"}],"about":[{"href":"https:\/\/szjialu.com\/de\/wp-json\/wp\/v2\/types\/product"}],"replies":[{"embeddable":true,"href":"https:\/\/szjialu.com\/de\/wp-json\/wp\/v2\/comments?post=1681"}],"wp:featuredmedia":[{"embeddable":true,"href":"https:\/\/szjialu.com\/de\/wp-json\/wp\/v2\/media\/1682"}],"wp:attachment":[{"href":"https:\/\/szjialu.com\/de\/wp-json\/wp\/v2\/media?parent=1681"}],"wp:term":[{"taxonomy":"product_brand","embeddable":true,"href":"https:\/\/szjialu.com\/de\/wp-json\/wp\/v2\/product_brand?post=1681"},{"taxonomy":"product_cat","embeddable":true,"href":"https:\/\/szjialu.com\/de\/wp-json\/wp\/v2\/product_cat?post=1681"},{"taxonomy":"product_tag","embeddable":true,"href":"https:\/\/szjialu.com\/de\/wp-json\/wp\/v2\/product_tag?post=1681"}],"curies":[{"name":"wp","href":"https:\/\/api.w.org\/{rel}","templated":true}]}}