{"id":1678,"date":"2026-03-26T03:08:52","date_gmt":"2026-03-26T03:08:52","guid":{"rendered":"https:\/\/szjialu.com\/?post_type=product&#038;p=1678"},"modified":"2026-03-26T04:18:35","modified_gmt":"2026-03-26T04:18:35","slug":"65-w-desktop-netzteil-as6501a-1205400dh","status":"publish","type":"product","link":"https:\/\/szjialu.com\/de\/product\/65w-desktop-power-adapter-as6501a-1205400dh\/","title":{"rendered":"65-W-Desktop-Netzteil AS6501A-1205400DH"},"content":{"rendered":"<h2 data-section-id=\"1bovg99\" data-start=\"307\" data-end=\"330\"><span role=\"text\"><strong data-start=\"310\" data-end=\"330\">Produkt\u00fcbersicht des 65-W-Desktop-Netzteils<\/strong><\/span><\/h2>\n<p data-start=\"332\" data-end=\"744\">Der <strong data-start=\"336\" data-end=\"392\">65-W-Desktop-Netzteil (Modell: AS6501A-1205400DH)<\/strong> ist ein leistungsstarkes externes Netzteil, das f\u00fcr eine Vielzahl von Anwendungen in Industrie, Handel und Unterhaltungselektronik entwickelt wurde. Dieses Netzteil wurde f\u00fcr Stabilit\u00e4t, Sicherheit und weltweite Konformit\u00e4t konzipiert und unterst\u00fctzt verschiedene Ausgangskonfigurationen, darunter <strong data-start=\"649\" data-end=\"681\">12 V 5,4 A, 24 V 2,7 A und 29 V 2,27 A<\/strong>, Dadurch ist es in hohem Ma\u00dfe anpassungsf\u00e4hig an unterschiedliche Ger\u00e4teanforderungen.<\/p>\n<p data-start=\"746\" data-end=\"1052\">Dieses aus hochwertigen PC-Materialien gefertigte und nach internationalen Sicherheitsstandards zertifizierte Netzteil eignet sich ideal f\u00fcr OEM\/ODM-Projekte und die Beschaffung gro\u00dfer Mengen. Als professioneller chinesischer Hersteller bieten wir flexible Anpassungsm\u00f6glichkeiten, darunter Logo-Branding, verschiedene DC-Steckeroptionen und Verpackungsl\u00f6sungen.<\/p>\n<h2 data-section-id=\"10od2gs\" data-start=\"1059\" data-end=\"1084\"><span role=\"text\"><strong data-start=\"1062\" data-end=\"1084\">Wichtigste Spezifikationen<\/strong><\/span><\/h2>\n<div class=\"TyagGW_tableContainer\">\n<div class=\"group TyagGW_tableWrapper flex flex-col-reverse w-fit\" tabindex=\"-1\">\n<table class=\"w-fit min-w-(--thread-content-width)\" data-start=\"1086\" data-end=\"1610\">\n<thead data-start=\"1086\" data-end=\"1109\">\n<tr data-start=\"1086\" data-end=\"1109\">\n<th class=\"\" data-start=\"1086\" data-end=\"1098\" data-col-size=\"sm\">Parameter<\/th>\n<th class=\"\" data-start=\"1098\" data-end=\"1109\" data-col-size=\"sm\">Details<\/th>\n<\/tr>\n<\/thead>\n<tbody data-start=\"1132\" data-end=\"1610\">\n<tr data-start=\"1132\" data-end=\"1176\">\n<td data-start=\"1132\" data-end=\"1147\" data-col-size=\"sm\">Produktname<\/td>\n<td data-col-size=\"sm\" data-start=\"1147\" data-end=\"1176\">65-W-Desktop-Netzteil<\/td>\n<\/tr>\n<tr data-start=\"1177\" data-end=\"1213\">\n<td data-start=\"1177\" data-end=\"1192\" data-col-size=\"sm\">Modellnummer<\/td>\n<td data-col-size=\"sm\" data-start=\"1192\" data-end=\"1213\">AS6501A-1205400DH<\/td>\n<\/tr>\n<tr data-start=\"1214\" data-end=\"1264\">\n<td data-start=\"1214\" data-end=\"1230\" data-col-size=\"sm\">Eingangsspannung<\/td>\n<td data-col-size=\"sm\" data-start=\"1230\" data-end=\"1264\">100\u2013240 V Wechselstrom, 50\/60 Hz, max. 2,5 A<\/td>\n<\/tr>\n<tr data-start=\"1265\" data-end=\"1312\">\n<td data-start=\"1265\" data-end=\"1282\" data-col-size=\"sm\">Ausgabeoptionen<\/td>\n<td data-col-size=\"sm\" data-start=\"1282\" data-end=\"1312\">12 V 5,4 A \/ 24 V 2,7 A \/ 29 V 2,24 A<\/td>\n<\/tr>\n<tr data-start=\"1313\" data-end=\"1339\">\n<td data-start=\"1313\" data-end=\"1328\" data-col-size=\"sm\">Nennleistung<\/td>\n<td data-col-size=\"sm\" data-start=\"1328\" data-end=\"1339\">65 W Max.<\/td>\n<\/tr>\n<tr data-start=\"1340\" data-end=\"1370\">\n<td data-start=\"1340\" data-end=\"1354\" data-col-size=\"sm\">Formfaktor<\/td>\n<td data-col-size=\"sm\" data-start=\"1354\" data-end=\"1370\">Desktop-Typ<\/td>\n<\/tr>\n<tr data-start=\"1371\" data-end=\"1405\">\n<td data-start=\"1371\" data-end=\"1382\" data-col-size=\"sm\">Material<\/td>\n<td data-col-size=\"sm\" data-start=\"1382\" data-end=\"1405\">PC (feuerfest)<\/td>\n<\/tr>\n<tr data-start=\"1406\" data-end=\"1431\">\n<td data-start=\"1406\" data-end=\"1414\" data-col-size=\"sm\">Farbe<\/td>\n<td data-col-size=\"sm\" data-start=\"1414\" data-end=\"1431\">Schwarz\/Wei\u00df<\/td>\n<\/tr>\n<tr data-start=\"1432\" data-end=\"1467\">\n<td data-start=\"1432\" data-end=\"1451\" data-col-size=\"sm\">Effizienzniveau<\/td>\n<td data-col-size=\"sm\" data-start=\"1451\" data-end=\"1467\">DOE Stufe VI<\/td>\n<\/tr>\n<tr data-start=\"1468\" data-end=\"1506\">\n<td data-start=\"1468\" data-end=\"1481\" data-col-size=\"sm\">Schutz<\/td>\n<td data-col-size=\"sm\" data-start=\"1481\" data-end=\"1506\">SCP \/ OCP \/ OVP \/ OTP<\/td>\n<\/tr>\n<tr data-start=\"1507\" data-end=\"1564\">\n<td data-start=\"1507\" data-end=\"1524\" data-col-size=\"sm\">Zertifizierungen<\/td>\n<td data-col-size=\"sm\" data-start=\"1524\" data-end=\"1564\">UL, FCC, CE, UKCA, SAA, RCM, KC, PSE<\/td>\n<\/tr>\n<tr data-start=\"1565\" data-end=\"1587\">\n<td data-start=\"1565\" data-end=\"1576\" data-col-size=\"sm\">Garantie<\/td>\n<td data-col-size=\"sm\" data-start=\"1576\" data-end=\"1587\">2 Jahre<\/td>\n<\/tr>\n<tr data-start=\"1588\" data-end=\"1610\">\n<td data-start=\"1588\" data-end=\"1600\" data-col-size=\"sm\">Verpackung<\/td>\n<td data-col-size=\"sm\" data-start=\"1600\" data-end=\"1610\">PE-Beutel<\/td>\n<\/tr>\n<\/tbody>\n<\/table>\n<\/div>\n<\/div>\n<figure id=\"attachment_1679\" aria-describedby=\"caption-attachment-1679\" style=\"width: 512px\" class=\"wp-caption alignnone\"><img fetchpriority=\"high\" decoding=\"async\" class=\"wp-image-1679\" src=\"https:\/\/szjialu.com\/wp-content\/uploads\/2026\/03\/0A8A2969-300x300.jpg\" alt=\"65-W-Desktop-Netzteil\" width=\"512\" height=\"512\" srcset=\"https:\/\/szjialu.com\/wp-content\/uploads\/2026\/03\/0A8A2969-300x300.jpg 300w, https:\/\/szjialu.com\/wp-content\/uploads\/2026\/03\/0A8A2969-150x150.jpg 150w, https:\/\/szjialu.com\/wp-content\/uploads\/2026\/03\/0A8A2969-768x768.jpg 768w, https:\/\/szjialu.com\/wp-content\/uploads\/2026\/03\/0A8A2969-600x600.jpg 600w, https:\/\/szjialu.com\/wp-content\/uploads\/2026\/03\/0A8A2969-100x100.jpg 100w, https:\/\/szjialu.com\/wp-content\/uploads\/2026\/03\/0A8A2969-64x64.jpg 64w, https:\/\/szjialu.com\/wp-content\/uploads\/2026\/03\/0A8A2969.jpg 1000w\" sizes=\"(max-width: 512px) 100vw, 512px\" \/><figcaption id=\"caption-attachment-1679\" class=\"wp-caption-text\">65-W-Desktop-Netzteil<\/figcaption><\/figure>\n<h2 data-section-id=\"1ajgckb\" data-start=\"1617\" data-end=\"1642\"><span role=\"text\"><strong data-start=\"1620\" data-end=\"1642\">Wichtigste Verkaufsargumente<\/strong><\/span><\/h2>\n<h3 data-section-id=\"1m9nny5\" data-start=\"1644\" data-end=\"1687\"><span role=\"text\"><strong data-start=\"1648\" data-end=\"1687\">1. Flexible Ausgangsspannung<\/strong><\/span><\/h3>\n<p data-start=\"1688\" data-end=\"1843\">Unterst\u00fctzt <strong data-start=\"1697\" data-end=\"1726\">12-V-, 24-V- und 29-V-Ausg\u00e4nge<\/strong>, Dadurch kann eine einzige Plattform mehrere Ger\u00e4tekategorien bedienen, was die Komplexit\u00e4t der Artikelnummern f\u00fcr Distributoren und OEM-K\u00e4ufer reduziert.<\/p>\n<h3 data-section-id=\"1wh4db7\" data-start=\"1845\" data-end=\"1887\"><span role=\"text\"><strong data-start=\"1849\" data-end=\"1887\">2. Hohe Effizienz &amp; Energieeinsparung<\/strong><\/span><\/h3>\n<p data-start=\"1888\" data-end=\"2022\">Entwickelt, um die Anforderungen zu erf\u00fcllen <strong data-start=\"1905\" data-end=\"1942\">DOE-Effizienzstandards der Stufe VI<\/strong>, wodurch der Standby-Stromverbrauch minimiert und die Gesamtenergieeffizienz verbessert wird.<\/p>\n<h3 data-section-id=\"30mih4\" data-start=\"2024\" data-end=\"2066\"><span role=\"text\"><strong data-start=\"2028\" data-end=\"2066\">3. Umfassender Sicherheitsschutz<\/strong><\/span><\/h3>\n<p data-start=\"2067\" data-end=\"2111\">Integriert mit fortschrittlichen Schutzsystemen:<\/p>\n<ul data-start=\"2112\" data-end=\"2244\">\n<li data-section-id=\"cse3l7\" data-start=\"2112\" data-end=\"2144\">Kurzschlussschutz (SCP)<\/li>\n<li data-section-id=\"6nt9u9\" data-start=\"2145\" data-end=\"2176\">\u00dcberstromschutz (OCP)<\/li>\n<li data-section-id=\"1f6pcun\" data-start=\"2177\" data-end=\"2208\">\u00dcberspannungsschutz (OVP)<\/li>\n<li data-section-id=\"v2kyub\" data-start=\"2209\" data-end=\"2244\">\u00dcbertemperaturschutz (OTP)<\/li>\n<\/ul>\n<p data-start=\"2246\" data-end=\"2302\">Gew\u00e4hrleistet langfristige Zuverl\u00e4ssigkeit in anspruchsvollen Umgebungen.<\/p>\n<h3 data-section-id=\"184ystw\" data-start=\"2304\" data-end=\"2353\"><span role=\"text\"><strong data-start=\"2308\" data-end=\"2353\">4. Globale Zertifizierung f\u00fcr Marktzugang<\/strong><\/span><\/h3>\n<p data-start=\"2354\" data-end=\"2432\">Vollst\u00e4ndig konform mit internationalen Zertifizierungen, was einen reibungslosen Einstieg erm\u00f6glicht in:<\/p>\n<ul data-start=\"2433\" data-end=\"2513\">\n<li data-section-id=\"16jeg5h\" data-start=\"2433\" data-end=\"2458\">Nordamerika (UL, FCC)<\/li>\n<li data-section-id=\"1e6pa07\" data-start=\"2459\" data-end=\"2478\">Europa (CE, UKCA)<\/li>\n<li data-section-id=\"1a1c950\" data-start=\"2479\" data-end=\"2513\">Asien-Pazifik (PSE, KC, SAA, RCM)<\/li>\n<\/ul>\n<h3 data-section-id=\"1fhvr46\" data-start=\"2515\" data-end=\"2560\"><span role=\"text\"><strong data-start=\"2519\" data-end=\"2560\">5. Konzipiert f\u00fcr OEM\/ODM-Anpassungen<\/strong><\/span><\/h3>\n<p data-start=\"2561\" data-end=\"2572\">Wir unterst\u00fctzen:<\/p>\n<ul data-start=\"2573\" data-end=\"2721\">\n<li data-section-id=\"5wsk7d\" data-start=\"2573\" data-end=\"2610\">Logodruck (Siebdruck \/ Laser)<\/li>\n<li data-section-id=\"170n2pd\" data-start=\"2611\" data-end=\"2639\">Anpassung von DC-Steckverbindern<\/li>\n<li data-section-id=\"1ceoke\" data-start=\"2640\" data-end=\"2671\">Kabell\u00e4ngen- und Typoptionen<\/li>\n<li data-section-id=\"ynp5j9\" data-start=\"2672\" data-end=\"2690\">Verpackungsdesign<\/li>\n<li data-section-id=\"1aygc8y\" data-start=\"2691\" data-end=\"2721\">Anpassungen der Ausgabeparameter<\/li>\n<\/ul>\n<h2 data-section-id=\"5cs82e\" data-start=\"2728\" data-end=\"2755\"><span role=\"text\"><strong data-start=\"2731\" data-end=\"2755\">Typische Anwendungen<\/strong><\/span><\/h2>\n<p data-start=\"2757\" data-end=\"2833\">Das <strong data-start=\"2762\" data-end=\"2790\">65-W-Desktop-Netzteil<\/strong> wird in zahlreichen Branchen weit verbreitet eingesetzt:<\/p>\n<ul data-start=\"2835\" data-end=\"3217\">\n<li data-section-id=\"6br76b\" data-start=\"2835\" data-end=\"2897\"><strong data-start=\"2837\" data-end=\"2861\">Industrieanlagen<\/strong> (Automatisierungssysteme, Steuereinheiten)<\/li>\n<li data-section-id=\"fxvms0\" data-start=\"2898\" data-end=\"2959\"><strong data-start=\"2900\" data-end=\"2922\">Netzwerkger\u00e4te<\/strong> (Router, Switches, Glasfaserger\u00e4te)<\/li>\n<li data-section-id=\"7oeky2\" data-start=\"2960\" data-end=\"3026\"><strong data-start=\"2962\" data-end=\"2986\">LED-Beleuchtungssysteme<\/strong> (LED-Streifen, Beschilderung, Displaybeleuchtung)<\/li>\n<li data-section-id=\"ypo0qq\" data-start=\"3027\" data-end=\"3080\"><strong data-start=\"3029\" data-end=\"3048\">Medizinprodukte<\/strong> (zertifizierte Niedrigenergieger\u00e4te)<\/li>\n<li data-section-id=\"1rvywuv\" data-start=\"3081\" data-end=\"3143\"><strong data-start=\"3083\" data-end=\"3107\">Unterhaltungselektronik<\/strong> (Smart-Home-Ger\u00e4te, Audiosysteme)<\/li>\n<li data-section-id=\"13ir9rj\" data-start=\"3144\" data-end=\"3186\"><a href=\"https:\/\/www.aonpostech.com\/self-service-payment-kiosk\" target=\"_blank\" rel=\"noopener\"><strong data-start=\"3146\" data-end=\"3186\">Kassensysteme und Selbstbedienungsterminals<\/strong><\/a><\/li>\n<li data-section-id=\"6jukrw\" data-start=\"3187\" data-end=\"3217\"><strong data-start=\"3189\" data-end=\"3217\">Batterieladesysteme<\/strong><\/li>\n<\/ul>\n<h2 data-section-id=\"1je6465\" data-start=\"3224\" data-end=\"3265\"><span role=\"text\"><strong data-start=\"3227\" data-end=\"3265\">Warum Sie sich f\u00fcr uns entscheiden sollten<\/strong><\/span><\/h2>\n<p data-start=\"3267\" data-end=\"3431\">Bei <strong data-start=\"3270\" data-end=\"3305\">SZ Jialu<\/strong>, Wir sind ein professionelles Unternehmen. <a href=\"https:\/\/szjialu.com\/de\/uber-uns\/\"><strong data-start=\"3329\" data-end=\"3368\">Netzteilhersteller in China<\/strong><\/a>, spezialisiert auf AC\/DC-Stromversorgungsl\u00f6sungen f\u00fcr globale B2B-Kunden.<\/p>\n<h3 data-section-id=\"1wgc2mu\" data-start=\"3433\" data-end=\"3455\"><span role=\"text\"><strong data-start=\"3437\" data-end=\"3455\">Unsere Vorteile<\/strong><\/span><\/h3>\n<ul data-start=\"3456\" data-end=\"3838\">\n<li data-section-id=\"dzikd2\" data-start=\"3456\" data-end=\"3535\"><strong data-start=\"3460\" data-end=\"3485\">Starke Forschungs- und Entwicklungskapazit\u00e4t<\/strong> \u2013 Kundenspezifische Energiel\u00f6sungen f\u00fcr diverse Branchen<\/li>\n<li data-section-id=\"1kvhfwj\" data-start=\"3536\" data-end=\"3597\"><strong data-start=\"3540\" data-end=\"3561\">OEM\/ODM-Expertise<\/strong> \u2013 Vom Konzept zur Massenproduktion<\/li>\n<li data-section-id=\"cz3dty\" data-start=\"3598\" data-end=\"3673\"><strong data-start=\"3602\" data-end=\"3628\">Strenge Qualit\u00e4tskontrolle<\/strong> \u2013 Alterungstest und Zuverl\u00e4ssigkeitsvalidierung des 100%<\/li>\n<li data-section-id=\"2aahhd\" data-start=\"3674\" data-end=\"3749\"><strong data-start=\"3678\" data-end=\"3710\">Globale Compliance-Erfahrung<\/strong> \u2013 Unterst\u00fctzung bei der Zertifizierung in mehreren M\u00e4rkten<\/li>\n<li data-section-id=\"d880ee\" data-start=\"3750\" data-end=\"3838\"><strong data-start=\"3754\" data-end=\"3786\">Flexible Mindestbestellmenge &amp; schnelle Lieferung<\/strong> \u2013 Skalierbare Produktion f\u00fcr Startups bis hin zu Gro\u00dfunternehmen<\/li>\n<\/ul>\n<h2 data-section-id=\"1x067s8\" data-start=\"3845\" data-end=\"3884\"><span role=\"text\"><strong data-start=\"3848\" data-end=\"3884\">FAQ (H\u00e4ufig gestellte Fragen)<\/strong><\/span><\/h2>\n<h3 data-section-id=\"svjxw3\" data-start=\"3886\" data-end=\"3946\"><span role=\"text\"><strong data-start=\"3890\" data-end=\"3944\">Frage 1: Kann ich die Ausgangsspannung oder den Ausgangsstrom anpassen?<\/strong><\/span><\/h3>\n<p data-start=\"3947\" data-end=\"4026\">Ja, wir unterst\u00fctzen kundenspezifische Ausgabeparameter, die auf die Anforderungen Ihres Ger\u00e4ts abgestimmt sind.<\/p>\n<h3 data-section-id=\"wwj7mu\" data-start=\"4028\" data-end=\"4087\"><span role=\"text\"><strong data-start=\"4032\" data-end=\"4085\">Frage 2: Bieten Sie Private Labeling (OEM-Branding) an?<\/strong><\/span><\/h3>\n<p data-start=\"4088\" data-end=\"4178\">Absolut. Wir bieten Logodruck, Verpackungsgestaltung und umfassende Branding-Services an.<\/p>\n<h3 data-section-id=\"11zr83h\" data-start=\"4180\" data-end=\"4229\"><span role=\"text\"><strong data-start=\"4184\" data-end=\"4227\">Frage 3: Welche DC-Steckeroptionen stehen zur Verf\u00fcgung?<\/strong><\/span><\/h3>\n<p data-start=\"4230\" data-end=\"4336\">Wir unterst\u00fctzen eine breite Palette von DC-Anschl\u00fcssen (z. B. 5,5\u00d72,1 mm, 5,5\u00d72,5 mm, USB-C optional je nach Ausf\u00fchrung).<\/p>\n<h3 data-section-id=\"5dwdli\" data-start=\"4338\" data-end=\"4394\"><span role=\"text\"><strong data-start=\"4342\" data-end=\"4392\">Frage 4: Wie hoch ist Ihre Mindestbestellmenge (MOQ)?<\/strong><\/span><\/h3>\n<p data-start=\"4395\" data-end=\"4480\">Die Mindestbestellmenge (MOQ) ist je nach Anpassungsgrad flexibel. Standardmodelle unterst\u00fctzen niedrigere Mindestbestellmengen.<\/p>\n<h3 data-section-id=\"1wvnsmb\" data-start=\"4482\" data-end=\"4530\"><span role=\"text\"><strong data-start=\"4486\" data-end=\"4528\">Frage 5: Wie stellen Sie die Produktqualit\u00e4t sicher?<\/strong><\/span><\/h3>\n<p data-start=\"4531\" data-end=\"4549\">Alle Einheiten werden folgendem unterzogen:<\/p>\n<ul data-start=\"4550\" data-end=\"4642\">\n<li data-section-id=\"1otx5h0\" data-start=\"4550\" data-end=\"4579\">100% Volllast-Alterungstest<\/li>\n<li data-section-id=\"bphrn5\" data-start=\"4580\" data-end=\"4614\">Sicherheits- und Leistungspr\u00fcfung<\/li>\n<li data-section-id=\"1xx0nt8\" data-start=\"4615\" data-end=\"4642\">Konformit\u00e4tspr\u00fcfung<\/li>\n<\/ul>\n<h3 data-section-id=\"7bn24n\" data-start=\"4644\" data-end=\"4692\"><span role=\"text\"><strong data-start=\"4648\" data-end=\"4690\">Frage 6: Kann dieser Adapter weltweit eingesetzt werden?<\/strong><\/span><\/h3>\n<p data-start=\"4693\" data-end=\"4769\">Ja, mit <strong data-start=\"4703\" data-end=\"4734\">Weitbereichseingangsspannung 100-240 V<\/strong>, Es eignet sich f\u00fcr den weltweiten Einsatz.<\/p>","protected":false},"excerpt":{"rendered":"<p>Produktname: 65-W-Desktop-Netzteil<\/p>\n<p>Modellnummer: AS6501A-1205400DH<\/p>\n<p>Eingangsspannung: 100\u2013240 V Wechselstrom, 50\/60 Hz, max. 2,5 A<\/p>\n<p>Ausgangsoptionen: 12 V 5,4 A \/ 24 V 2,7 A \/ 29 V 2,24 A<\/p>\n<p>Nennleistung: 65 W (maximal)<\/p>\n<p>Bauform: Desktop-Typ<\/p>\n<p>Material: PC (feuerfest)<\/p>\n<p>Farbe: Schwarz \/ Wei\u00df<\/p>\n<p>Effizienzniveau: DOE-Stufe VI<\/p>\n<p>Schutz: SCP \/ OCP \/ OVP \/ OTP<\/p>\n<p>Zertifizierungen: UL, FCC, CE, UKCA, SAA, RCM, KC, PSE<\/p>\n<p>Garantie: 2 Jahre<\/p>\n<p>Verpackung: PE-Beutel<\/p>","protected":false},"featured_media":1679,"comment_status":"open","ping_status":"closed","template":"","meta":{"_acf_changed":false,"site-sidebar-layout":"default","site-content-layout":"","ast-site-content-layout":"default","site-content-style":"default","site-sidebar-style":"default","ast-global-header-display":"","ast-banner-title-visibility":"","ast-main-header-display":"","ast-hfb-above-header-display":"","ast-hfb-below-header-display":"","ast-hfb-mobile-header-display":"","site-post-title":"","ast-breadcrumbs-content":"","ast-featured-img":"","footer-sml-layout":"","ast-disable-related-posts":"","theme-transparent-header-meta":"default","adv-header-id-meta":"","stick-header-meta":"","header-above-stick-meta":"","header-main-stick-meta":"","header-below-stick-meta":"","astra-migrate-meta-layouts":"set","ast-page-background-enabled":"default","ast-page-background-meta":{"desktop":{"background-color":"var(--ast-global-color-5)","background-image":"","background-repeat":"repeat","background-position":"center center","background-size":"auto","background-attachment":"scroll","background-type":"","background-media":"","overlay-type":"","overlay-color":"","overlay-opacity":"","overlay-gradient":""},"tablet":{"background-color":"","background-image":"","background-repeat":"repeat","background-position":"center center","background-size":"auto","background-attachment":"scroll","background-type":"","background-media":"","overlay-type":"","overlay-color":"","overlay-opacity":"","overlay-gradient":""},"mobile":{"background-color":"","background-image":"","background-repeat":"repeat","background-position":"center center","background-size":"auto","background-attachment":"scroll","background-type":"","background-media":"","overlay-type":"","overlay-color":"","overlay-opacity":"","overlay-gradient":""}},"ast-content-background-meta":{"desktop":{"background-color":"var(--ast-global-color-4)","background-image":"","background-repeat":"repeat","background-position":"center center","background-size":"auto","background-attachment":"scroll","background-type":"","background-media":"","overlay-type":"","overlay-color":"","overlay-opacity":"","overlay-gradient":""},"tablet":{"background-color":"var(--ast-global-color-4)","background-image":"","background-repeat":"repeat","background-position":"center center","background-size":"auto","background-attachment":"scroll","background-type":"","background-media":"","overlay-type":"","overlay-color":"","overlay-opacity":"","overlay-gradient":""},"mobile":{"background-color":"var(--ast-global-color-4)","background-image":"","background-repeat":"repeat","background-position":"center center","background-size":"auto","background-attachment":"scroll","background-type":"","background-media":"","overlay-type":"","overlay-color":"","overlay-opacity":"","overlay-gradient":""}}},"product_brand":[],"product_cat":[54,32],"product_tag":[303,302,305,304],"class_list":{"0":"post-1678","1":"product","2":"type-product","3":"status-publish","4":"has-post-thumbnail","6":"product_cat-desktop-power-supply","7":"product_cat-power-adapter","8":"product_tag-12v-5-4a-power-adapter","9":"product_tag-65w-desktop-power-adapter","10":"product_tag-industrial-power-supply-65w","11":"product_tag-oem-power-adapter-manufacturer","12":"desktop-align-left","13":"tablet-align-left","14":"mobile-align-left","16":"first","17":"instock","18":"shipping-taxable","19":"product-type-simple"},"acf":[],"_links":{"self":[{"href":"https:\/\/szjialu.com\/de\/wp-json\/wp\/v2\/product\/1678","targetHints":{"allow":["GET"]}}],"collection":[{"href":"https:\/\/szjialu.com\/de\/wp-json\/wp\/v2\/product"}],"about":[{"href":"https:\/\/szjialu.com\/de\/wp-json\/wp\/v2\/types\/product"}],"replies":[{"embeddable":true,"href":"https:\/\/szjialu.com\/de\/wp-json\/wp\/v2\/comments?post=1678"}],"wp:featuredmedia":[{"embeddable":true,"href":"https:\/\/szjialu.com\/de\/wp-json\/wp\/v2\/media\/1679"}],"wp:attachment":[{"href":"https:\/\/szjialu.com\/de\/wp-json\/wp\/v2\/media?parent=1678"}],"wp:term":[{"taxonomy":"product_brand","embeddable":true,"href":"https:\/\/szjialu.com\/de\/wp-json\/wp\/v2\/product_brand?post=1678"},{"taxonomy":"product_cat","embeddable":true,"href":"https:\/\/szjialu.com\/de\/wp-json\/wp\/v2\/product_cat?post=1678"},{"taxonomy":"product_tag","embeddable":true,"href":"https:\/\/szjialu.com\/de\/wp-json\/wp\/v2\/product_tag?post=1678"}],"curies":[{"name":"wp","href":"https:\/\/api.w.org\/{rel}","templated":true}]}}