{"id":1674,"date":"2026-03-23T12:09:42","date_gmt":"2026-03-23T12:09:42","guid":{"rendered":"https:\/\/szjialu.com\/?post_type=product&#038;p=1674"},"modified":"2026-03-23T12:09:44","modified_gmt":"2026-03-23T12:09:44","slug":"12v-3a-desktop-netzteil-as3601a-1203000ue","status":"publish","type":"product","link":"https:\/\/szjialu.com\/de\/product\/12v-3a-desktop-power-supply-as3601a-1203000ue\/","title":{"rendered":"12V 3A Desktop-Netzteil AS3601A-1203000UE"},"content":{"rendered":"<h2 data-section-id=\"12g9jek\" data-start=\"346\" data-end=\"368\">12V 3A Desktop-Netzteil \u2013 Produkt\u00fcbersicht<\/h2>\n<p data-start=\"370\" data-end=\"746\">Der <a href=\"https:\/\/szjialu.com\/de\/product\/36-w-desktop-netzteil-as3601a-1203000ue\/\"><strong data-start=\"374\" data-end=\"411\">12V 3A Desktop-Netzteil (36W)<\/strong><\/a> Dieser vielseitige und zuverl\u00e4ssige AC\/DC-Adapter wurde entwickelt, um den Leistungsbedarf einer breiten Palette moderner Elektronikanwendungen zu decken. Entwickelt f\u00fcr Stabilit\u00e4t, Sicherheit und weltweite Kompatibilit\u00e4t, ist diese Stromversorgungsl\u00f6sung ideal f\u00fcr Hersteller, Systemintegratoren und Distributoren, die eine zuverl\u00e4ssige Stromquelle f\u00fcr verschiedene Branchen suchen.<\/p>\n<p data-start=\"748\" data-end=\"994\">Mit Unterst\u00fctzung f\u00fcr <strong data-start=\"765\" data-end=\"782\">12V 3A Ausgang<\/strong> sowie optional <strong data-start=\"803\" data-end=\"843\">24V 1,5A und 29,4V 1A Konfigurationen<\/strong>, Dieser Adapter ist \u00e4u\u00dferst anpassungsf\u00e4hig an verschiedene Anwendungsf\u00e4lle und somit eine praktische Wahl f\u00fcr Projekte, die skalierbare und flexible Stromversorgungsl\u00f6sungen erfordern.<\/p>\n<p data-start=\"996\" data-end=\"1142\">Als <strong data-start=\"1001\" data-end=\"1050\">in China ans\u00e4ssiger OEM\/ODM-Netzteilhersteller<\/strong>, Wir bieten Ihnen umfassende Anpassungs- und Gro\u00dfmengenlieferdienste, die genau auf Ihre Anwendungsbed\u00fcrfnisse zugeschnitten sind.<\/p>\n<h2 data-section-id=\"1h9ugi6\" data-start=\"1149\" data-end=\"1179\">Technische Spezifikationen<\/h2>\n<div class=\"TyagGW_tableContainer\">\n<div class=\"group TyagGW_tableWrapper flex flex-col-reverse w-fit\" tabindex=\"-1\">\n<table class=\"w-fit min-w-(--thread-content-width)\" data-start=\"1181\" data-end=\"1730\">\n<thead data-start=\"1181\" data-end=\"1205\">\n<tr data-start=\"1181\" data-end=\"1205\">\n<th class=\"\" data-start=\"1181\" data-end=\"1188\" data-col-size=\"sm\">Artikel<\/th>\n<th class=\"\" data-start=\"1188\" data-end=\"1205\" data-col-size=\"sm\">Spezifikation<\/th>\n<\/tr>\n<\/thead>\n<tbody data-start=\"1229\" data-end=\"1730\">\n<tr data-start=\"1229\" data-end=\"1275\">\n<td data-start=\"1229\" data-end=\"1244\" data-col-size=\"sm\">Produktname<\/td>\n<td data-col-size=\"sm\" data-start=\"1244\" data-end=\"1275\">12V 3A Desktop-Netzteil<\/td>\n<\/tr>\n<tr data-start=\"1276\" data-end=\"1312\">\n<td data-start=\"1276\" data-end=\"1291\" data-col-size=\"sm\">Modellnummer<\/td>\n<td data-start=\"1291\" data-end=\"1312\" data-col-size=\"sm\">AS3601A-1203000UE<\/td>\n<\/tr>\n<tr data-start=\"1313\" data-end=\"1363\">\n<td data-start=\"1313\" data-end=\"1329\" data-col-size=\"sm\">Eingangsspannung<\/td>\n<td data-col-size=\"sm\" data-start=\"1329\" data-end=\"1363\">100\u2013240 V Wechselstrom, 50\/60 Hz, max. 1,0 A<\/td>\n<\/tr>\n<tr data-start=\"1364\" data-end=\"1413\">\n<td data-start=\"1364\" data-end=\"1381\" data-col-size=\"sm\">Ausgabeoptionen<\/td>\n<td data-col-size=\"sm\" data-start=\"1381\" data-end=\"1413\">12 V 3 A \/ 24 V 1,5 A \/ 29,4 V 1 A<\/td>\n<\/tr>\n<tr data-start=\"1414\" data-end=\"1435\">\n<td data-start=\"1414\" data-end=\"1428\" data-col-size=\"sm\">Nennleistung<\/td>\n<td data-col-size=\"sm\" data-start=\"1428\" data-end=\"1435\">36W<\/td>\n<\/tr>\n<tr data-start=\"1436\" data-end=\"1466\">\n<td data-start=\"1436\" data-end=\"1450\" data-col-size=\"sm\">Formfaktor<\/td>\n<td data-start=\"1450\" data-end=\"1466\" data-col-size=\"sm\">Desktop-Typ<\/td>\n<\/tr>\n<tr data-start=\"1467\" data-end=\"1509\">\n<td data-start=\"1467\" data-end=\"1478\" data-col-size=\"sm\">Material<\/td>\n<td data-start=\"1478\" data-end=\"1509\" data-col-size=\"sm\">PC (feuerfestes Geh\u00e4use)<\/td>\n<\/tr>\n<tr data-start=\"1510\" data-end=\"1535\">\n<td data-start=\"1510\" data-end=\"1518\" data-col-size=\"sm\">Farbe<\/td>\n<td data-col-size=\"sm\" data-start=\"1518\" data-end=\"1535\">Schwarz\/Wei\u00df<\/td>\n<\/tr>\n<tr data-start=\"1536\" data-end=\"1568\">\n<td data-start=\"1536\" data-end=\"1556\" data-col-size=\"sm\">Energieeffizienz<\/td>\n<td data-col-size=\"sm\" data-start=\"1556\" data-end=\"1568\">Stufe VI<\/td>\n<\/tr>\n<tr data-start=\"1569\" data-end=\"1607\">\n<td data-start=\"1569\" data-end=\"1582\" data-col-size=\"sm\">Schutz<\/td>\n<td data-col-size=\"sm\" data-start=\"1582\" data-end=\"1607\">SCP \/ OCP \/ OVP \/ OTP<\/td>\n<\/tr>\n<tr data-start=\"1608\" data-end=\"1665\">\n<td data-start=\"1608\" data-end=\"1625\" data-col-size=\"sm\">Zertifizierungen<\/td>\n<td data-col-size=\"sm\" data-start=\"1625\" data-end=\"1665\">UL, FCC, CE, UKCA, SAA, RCM, KC, PSE<\/td>\n<\/tr>\n<tr data-start=\"1666\" data-end=\"1707\">\n<td data-start=\"1666\" data-end=\"1678\" data-col-size=\"sm\">Verpackung<\/td>\n<td data-col-size=\"sm\" data-start=\"1678\" data-end=\"1707\">PE-Beutel (Sonderanfertigungen m\u00f6glich)<\/td>\n<\/tr>\n<tr data-start=\"1708\" data-end=\"1730\">\n<td data-start=\"1708\" data-end=\"1719\" data-col-size=\"sm\">Garantie<\/td>\n<td data-col-size=\"sm\" data-start=\"1719\" data-end=\"1730\">2 Jahre<\/td>\n<\/tr>\n<\/tbody>\n<\/table>\n<\/div>\n<\/div>\n<figure id=\"attachment_1675\" aria-describedby=\"caption-attachment-1675\" style=\"width: 566px\" class=\"wp-caption alignnone\"><img fetchpriority=\"high\" decoding=\"async\" class=\"wp-image-1675\" src=\"https:\/\/szjialu.com\/wp-content\/uploads\/2026\/03\/0A8A4041-300x300.jpg\" alt=\"12V 3A Desktop-Netzteil\" width=\"566\" height=\"566\" srcset=\"https:\/\/szjialu.com\/wp-content\/uploads\/2026\/03\/0A8A4041-300x300.jpg 300w, https:\/\/szjialu.com\/wp-content\/uploads\/2026\/03\/0A8A4041-150x150.jpg 150w, https:\/\/szjialu.com\/wp-content\/uploads\/2026\/03\/0A8A4041-768x768.jpg 768w, https:\/\/szjialu.com\/wp-content\/uploads\/2026\/03\/0A8A4041-600x600.jpg 600w, https:\/\/szjialu.com\/wp-content\/uploads\/2026\/03\/0A8A4041-100x100.jpg 100w, https:\/\/szjialu.com\/wp-content\/uploads\/2026\/03\/0A8A4041-64x64.jpg 64w, https:\/\/szjialu.com\/wp-content\/uploads\/2026\/03\/0A8A4041.jpg 1000w\" sizes=\"(max-width: 566px) 100vw, 566px\" \/><figcaption id=\"caption-attachment-1675\" class=\"wp-caption-text\">12V 3A Desktop-Netzteil<\/figcaption><\/figure>\n<h2 data-section-id=\"11mr8cj\" data-start=\"1737\" data-end=\"1778\">Anwendungsorientierte Stromversorgungsl\u00f6sung<\/h2>\n<p data-start=\"1780\" data-end=\"1945\">Das <strong data-start=\"1785\" data-end=\"1816\">12V 3A Desktop-Netzteil<\/strong> wurde speziell f\u00fcr praktische Anwendungen entwickelt. Seine stabile Leistung und seine Sicherheitsmerkmale machen es f\u00fcr verschiedene Branchen geeignet:<\/p>\n<h3 data-section-id=\"idkt8r\" data-start=\"1947\" data-end=\"1978\">Smart-Home- und IoT-Ger\u00e4te<\/h3>\n<p data-start=\"1979\" data-end=\"2000\">Ideal zur Stromversorgung:<\/p>\n<ul data-start=\"2001\" data-end=\"2095\">\n<li data-section-id=\"1vv0gbd\" data-start=\"2001\" data-end=\"2031\">Intelligente Hubs und Controller<\/li>\n<li data-section-id=\"6r42rm\" data-start=\"2032\" data-end=\"2066\">WLAN-Router und Mesh-Systeme<\/li>\n<li data-section-id=\"1nyy1cj\" data-start=\"2067\" data-end=\"2095\">Hausautomatisierungs-Gateways<\/li>\n<\/ul>\n<p data-start=\"2097\" data-end=\"2220\">Long-Tail-Keywords werden auf nat\u00fcrliche Weise abgedeckt:<br data-start=\"2134\" data-end=\"2137\" \/><em data-start=\"2137\" data-end=\"2220\">12V 3A Netzteil f\u00fcr Router, Smart-Home-Netzteil, IoT-Ger\u00e4te-Netzteil<\/em><\/p>\n<h3 data-section-id=\"ibl9s3\" data-start=\"2227\" data-end=\"2265\">Sicherheits- und \u00dcberwachungssysteme<\/h3>\n<p data-start=\"2266\" data-end=\"2281\">Weit verbreitet in:<\/p>\n<ul data-start=\"2282\" data-end=\"2345\">\n<li data-section-id=\"1egeq5c\" data-start=\"2282\" data-end=\"2298\">\u00dcberwachungskameras<\/li>\n<li data-section-id=\"1ukzri3\" data-start=\"2299\" data-end=\"2318\">DVR\/NVR-Systeme<\/li>\n<li data-section-id=\"x5w5ts\" data-start=\"2319\" data-end=\"2345\">Zugangskontrollger\u00e4te<\/li>\n<\/ul>\n<p data-start=\"2347\" data-end=\"2421\">Ein zuverl\u00e4ssiger Dauerbetrieb gew\u00e4hrleistet, dass die Sicherheitssysteme rund um die Uhr aktiv bleiben.<\/p>\n<p data-start=\"2423\" data-end=\"2523\">Schl\u00fcsselw\u00f6rter:<br data-start=\"2432\" data-end=\"2435\" \/><em data-start=\"2435\" data-end=\"2523\">12V 3A Netzteil f\u00fcr Video\u00fcberwachungssysteme, Sicherheitssystem-Netzteil, \u00dcberwachungsnetzteil<\/em><\/p>\n<h3 data-section-id=\"1uep8zf\" data-start=\"2530\" data-end=\"2567\">LED-Beleuchtungs- und Anzeigesysteme<\/h3>\n<p data-start=\"2568\" data-end=\"2578\">Ideal f\u00fcr:<\/p>\n<ul data-start=\"2579\" data-end=\"2660\">\n<li data-section-id=\"ybomzb\" data-start=\"2579\" data-end=\"2601\">LED-Streifenbeleuchtung<\/li>\n<li data-section-id=\"1ouwgvz\" data-start=\"2602\" data-end=\"2628\">Werbeleuchtk\u00e4sten<\/li>\n<li data-section-id=\"glwq40\" data-start=\"2629\" data-end=\"2660\">Dekorative Beleuchtungssysteme<\/li>\n<\/ul>\n<p data-start=\"2662\" data-end=\"2732\">Sorgt f\u00fcr einen stabilen Stromfluss, um Flackern zu verhindern und die Lebensdauer der LEDs zu verl\u00e4ngern.<\/p>\n<p data-start=\"2734\" data-end=\"2809\">Schl\u00fcsselw\u00f6rter:<br data-start=\"2743\" data-end=\"2746\" \/><em data-start=\"2746\" data-end=\"2809\">12V 3A LED-Netzteil, Tischadapter f\u00fcr LED-Streifen<\/em><\/p>\n<h3 data-section-id=\"rykor4\" data-start=\"2816\" data-end=\"2859\">Kommunikations- und Netzwerkger\u00e4te<\/h3>\n<p data-start=\"2860\" data-end=\"2869\">Unterst\u00fctzt:<\/p>\n<ul data-start=\"2870\" data-end=\"2935\">\n<li data-section-id=\"dh14fu\" data-start=\"2870\" data-end=\"2893\">Modems und Schalter<\/li>\n<li data-section-id=\"13cl5w\" data-start=\"2894\" data-end=\"2915\">Signalverst\u00e4rker<\/li>\n<li data-section-id=\"f5jpiy\" data-start=\"2916\" data-end=\"2935\">Telekommunikationsger\u00e4te<\/li>\n<\/ul>\n<p data-start=\"2937\" data-end=\"3002\">Gew\u00e4hrleistet eine gleichbleibende Leistung in Daten\u00fcbertragungsumgebungen.<\/p>\n<h3 data-section-id=\"1602od2\" data-start=\"3009\" data-end=\"3049\">Industrie- und Automatisierungsausr\u00fcstung<\/h3>\n<p data-start=\"3050\" data-end=\"3063\">Geeignet f\u00fcr:<\/p>\n<ul data-start=\"3064\" data-end=\"3132\">\n<li data-section-id=\"qpcw8a\" data-start=\"3064\" data-end=\"3082\">Bedienfelder<\/li>\n<li data-section-id=\"8rp5w0\" data-start=\"3083\" data-end=\"3103\">Eingebettete Systeme<\/li>\n<li data-section-id=\"ycvpnf\" data-start=\"3104\" data-end=\"3132\">Kleine Industrieger\u00e4te<\/li>\n<\/ul>\n<p data-start=\"3134\" data-end=\"3185\">Entwickelt f\u00fcr Langlebigkeit und Sicherheit im Langzeiteinsatz.<\/p>\n<h3 data-section-id=\"c40q0p\" data-start=\"3192\" data-end=\"3228\">Anwendungen zum Laden von Batterien<\/h3>\n<p data-start=\"3229\" data-end=\"3279\">Der <strong data-start=\"3233\" data-end=\"3256\">29,4-V-Ausgangsoption<\/strong> macht es geeignet f\u00fcr:<\/p>\n<ul data-start=\"3280\" data-end=\"3353\">\n<li data-section-id=\"sgcsw7\" data-start=\"3280\" data-end=\"3305\">Lithium-Akkus<\/li>\n<li data-section-id=\"1nqaosj\" data-start=\"3306\" data-end=\"3353\">E-Bikes und tragbare Energiespeichersysteme<\/li>\n<\/ul>\n<h2 data-section-id=\"1ks1v1j\" data-start=\"3360\" data-end=\"3384\">Wichtigste Verkaufsargumente<\/h2>\n<h3 data-section-id=\"1i7ktub\" data-start=\"3386\" data-end=\"3423\">Multi-Anwendungs-Kompatibilit\u00e4t<\/h3>\n<p data-start=\"3424\" data-end=\"3515\">Ein einziger Adapter unterst\u00fctzt mehrere Branchen und hilft H\u00e4ndlern so, die Komplexit\u00e4t ihrer Lagerhaltung zu reduzieren.<\/p>\n<h3 data-section-id=\"64359y\" data-start=\"3517\" data-end=\"3543\">Stabiler 12V 3A Ausgang<\/h3>\n<p data-start=\"3544\" data-end=\"3618\">Konzipiert f\u00fcr Ger\u00e4te, die eine konstante und zuverl\u00e4ssige 12-V-Stromversorgung ben\u00f6tigen.<\/p>\n<h3 data-section-id=\"1pbm3lz\" data-start=\"3620\" data-end=\"3645\">Bereit f\u00fcr den globalen Markt<\/h3>\n<p data-start=\"3646\" data-end=\"3714\">Zertifiziert f\u00fcr den weltweiten Einsatz, vereinfacht den internationalen Vertrieb.<\/p>\n<h3 data-section-id=\"tpcx4f\" data-start=\"3716\" data-end=\"3744\">Vollst\u00e4ndiger Sicherheitsschutz<\/h3>\n<p data-start=\"3745\" data-end=\"3808\">Eingebaute Schutzmechanismen gew\u00e4hrleisten einen sicheren Betrieb in allen Umgebungen.<\/p>\n<h3 data-section-id=\"ndyksw\" data-start=\"3810\" data-end=\"3837\">OEM\/ODM-Anpassung<\/h3>\n<p data-start=\"3838\" data-end=\"3895\">Flexible Anpassungsm\u00f6glichkeiten, die perfekt auf Ihre Anwendung abgestimmt sind:<\/p>\n<ul data-start=\"3896\" data-end=\"3988\">\n<li data-section-id=\"v2ixxv\" data-start=\"3896\" data-end=\"3922\">Ausgangsspannung\/Ausgangsstrom<\/li>\n<li data-section-id=\"vbluoa\" data-start=\"3923\" data-end=\"3940\">DC-Steckertypen<\/li>\n<li data-section-id=\"1sxjxyr\" data-start=\"3941\" data-end=\"3964\">Markenbildung &amp; Etikettierung<\/li>\n<li data-section-id=\"1xm9ri5\" data-start=\"3965\" data-end=\"3988\">Verpackungsl\u00f6sungen<\/li>\n<\/ul>\n<h2 data-section-id=\"1u3fply\" data-start=\"3995\" data-end=\"4022\">Herstellerst\u00e4rke<\/h2>\n<p data-start=\"4024\" data-end=\"4095\">Wir sind ein <strong data-start=\"4033\" data-end=\"4084\">professioneller Netzteilhersteller in China<\/strong>, Angebot:<\/p>\n<ul data-start=\"4097\" data-end=\"4283\">\n<li data-section-id=\"12v2uri\" data-start=\"4097\" data-end=\"4145\">Skalierbare Produktionskapazit\u00e4t f\u00fcr Gro\u00dfauftr\u00e4ge<\/li>\n<li data-section-id=\"9arb3v\" data-start=\"4146\" data-end=\"4185\">Starke Forschung und Entwicklung f\u00fcr kundenspezifische L\u00f6sungen<\/li>\n<li data-section-id=\"1p2rl74\" data-start=\"4186\" data-end=\"4241\">Strenge Qualit\u00e4tskontrolle mit vollst\u00e4ndigen Testverfahren<\/li>\n<li data-section-id=\"1b9yfp3\" data-start=\"4242\" data-end=\"4283\">Erfahrung in der Betreuung globaler B2B-Kunden<\/li>\n<\/ul>\n<p data-start=\"4285\" data-end=\"4413\">Ob Sie Energiel\u00f6sungen f\u00fcr den Wiederverkauf, die Integration oder die Projektumsetzung suchen \u2013 wir bieten zuverl\u00e4ssige und kosteng\u00fcnstige L\u00f6sungen.<\/p>\n<h2 data-section-id=\"q9ay4z\" data-start=\"4420\" data-end=\"4447\">Anpassungsoptionen<\/h2>\n<ul data-start=\"4449\" data-end=\"4629\">\n<li data-section-id=\"1704j62\" data-start=\"4449\" data-end=\"4481\">Kundenspezifische Ausgabespezifikationen<\/li>\n<li data-section-id=\"1xijkmr\" data-start=\"4482\" data-end=\"4516\">Kabell\u00e4nge und Steckertypen<\/li>\n<li data-section-id=\"l3cvjy\" data-start=\"4517\" data-end=\"4549\">Eigenmarke (OEM-Branding)<\/li>\n<li data-section-id=\"ef0cq2\" data-start=\"4550\" data-end=\"4584\">Einzelhandels- oder Industrieverpackung<\/li>\n<li data-section-id=\"15fyu9u\" data-start=\"4585\" data-end=\"4629\">Unterst\u00fctzung bei der Zertifizierung f\u00fcr Zielm\u00e4rkte<\/li>\n<\/ul>\n<h2 data-section-id=\"h5hji8\" data-start=\"4636\" data-end=\"4644\">H\u00e4ufig gestellte Fragen<\/h2>\n<h3 data-section-id=\"wkqg9q\" data-start=\"4646\" data-end=\"4713\">Frage 1: Ist dieses Netzteil f\u00fcr Router und Video\u00fcberwachungssysteme geeignet?<\/h3>\n<p data-start=\"4714\" data-end=\"4799\">Ja, die <strong data-start=\"4723\" data-end=\"4740\">12V 3A Ausgang<\/strong> wird h\u00e4ufig f\u00fcr Router, Kameras und Sicherheitssysteme verwendet.<\/p>\n<h3 data-section-id=\"1b5coj4\" data-start=\"4801\" data-end=\"4837\">F2: Kann ich den DC-Stecker individuell gestalten?<\/h3>\n<p data-start=\"4838\" data-end=\"4916\">Ja, wir bieten verschiedene DC-Anschlussm\u00f6glichkeiten an, die auf die Anforderungen Ihres Ger\u00e4ts abgestimmt sind.<\/p>\n<h3 data-section-id=\"1x7rrvv\" data-start=\"4918\" data-end=\"4953\">Frage 3: Unterst\u00fctzen Sie Gro\u00dfbestellungen?<\/h3>\n<p data-start=\"4954\" data-end=\"5017\">Ja, wir sind auf B2B-Gro\u00dfhandelslieferungen zu wettbewerbsf\u00e4higen Preisen spezialisiert.<\/p>\n<h3 data-section-id=\"1pdguv8\" data-start=\"5019\" data-end=\"5061\">Frage 4: Kann dies f\u00fcr LED-Beleuchtung verwendet werden?<\/h3>\n<p data-start=\"5062\" data-end=\"5142\">Absolut. Es liefert eine stabile Ausgangsleistung, ideal f\u00fcr LED-Streifen und Beleuchtungssysteme.<\/p>\n<h3 data-section-id=\"1ia23vw\" data-start=\"5144\" data-end=\"5195\">Frage 5: \u00dcber welche Zertifizierungen verf\u00fcgt dieses Produkt?<\/h3>\n<p data-start=\"5196\" data-end=\"5273\">Es umfasst UL, CE, FCC, UKCA, PSE, KC und mehr und gew\u00e4hrleistet so die weltweite Konformit\u00e4t.<\/p>","protected":false},"excerpt":{"rendered":"<p>Produktname: 12V 3A Desktop-Netzteil<br \/>\nModellnummer: AS3601A-1203000UE<br \/>\nEingangsspannung: 100\u2013240 V Wechselstrom, 50\/60 Hz, max. 1,0 A<br \/>\nAusgangsoptionen: 12 V 3 A \/ 24 V 1,5 A \/ 29,4 V 1 A<br \/>\nNennleistung: 36 W<br \/>\nBauform: Desktop-Typ<br \/>\nMaterial PC: (Feuerfestes Geh\u00e4use)<br \/>\nFarbe: Schwarz \/ Wei\u00df<br \/>\nEnergieeffizienz: Stufe VI<br \/>\nSchutz: SCP \/ OCP \/ OVP \/ OTP<br \/>\nZertifizierungen: UL, FCC, CE, UKCA, SAA, RCM, KC, PSE<br \/>\nVerpackung: PE-Beutel (kundenspezifische Anpassung m\u00f6glich)<br \/>\nGarantie: 2 Jahre<\/p>","protected":false},"featured_media":1675,"comment_status":"open","ping_status":"closed","template":"","meta":{"_acf_changed":false,"site-sidebar-layout":"default","site-content-layout":"","ast-site-content-layout":"default","site-content-style":"default","site-sidebar-style":"default","ast-global-header-display":"","ast-banner-title-visibility":"","ast-main-header-display":"","ast-hfb-above-header-display":"","ast-hfb-below-header-display":"","ast-hfb-mobile-header-display":"","site-post-title":"","ast-breadcrumbs-content":"","ast-featured-img":"","footer-sml-layout":"","ast-disable-related-posts":"","theme-transparent-header-meta":"default","adv-header-id-meta":"","stick-header-meta":"","header-above-stick-meta":"","header-main-stick-meta":"","header-below-stick-meta":"","astra-migrate-meta-layouts":"set","ast-page-background-enabled":"default","ast-page-background-meta":{"desktop":{"background-color":"var(--ast-global-color-5)","background-image":"","background-repeat":"repeat","background-position":"center center","background-size":"auto","background-attachment":"scroll","background-type":"","background-media":"","overlay-type":"","overlay-color":"","overlay-opacity":"","overlay-gradient":""},"tablet":{"background-color":"","background-image":"","background-repeat":"repeat","background-position":"center center","background-size":"auto","background-attachment":"scroll","background-type":"","background-media":"","overlay-type":"","overlay-color":"","overlay-opacity":"","overlay-gradient":""},"mobile":{"background-color":"","background-image":"","background-repeat":"repeat","background-position":"center center","background-size":"auto","background-attachment":"scroll","background-type":"","background-media":"","overlay-type":"","overlay-color":"","overlay-opacity":"","overlay-gradient":""}},"ast-content-background-meta":{"desktop":{"background-color":"var(--ast-global-color-4)","background-image":"","background-repeat":"repeat","background-position":"center center","background-size":"auto","background-attachment":"scroll","background-type":"","background-media":"","overlay-type":"","overlay-color":"","overlay-opacity":"","overlay-gradient":""},"tablet":{"background-color":"var(--ast-global-color-4)","background-image":"","background-repeat":"repeat","background-position":"center center","background-size":"auto","background-attachment":"scroll","background-type":"","background-media":"","overlay-type":"","overlay-color":"","overlay-opacity":"","overlay-gradient":""},"mobile":{"background-color":"var(--ast-global-color-4)","background-image":"","background-repeat":"repeat","background-position":"center center","background-size":"auto","background-attachment":"scroll","background-type":"","background-media":"","overlay-type":"","overlay-color":"","overlay-opacity":"","overlay-gradient":""}}},"product_brand":[],"product_cat":[54,32],"product_tag":[298,299,300,301],"class_list":{"0":"post-1674","1":"product","2":"type-product","3":"status-publish","4":"has-post-thumbnail","6":"product_cat-desktop-power-supply","7":"product_cat-power-adapter","8":"product_tag-12v-3a-desktop-power-supply","9":"product_tag-12v-3a-power-adapter-for-cctv","10":"product_tag-36w-desktop-power-supply","11":"product_tag-led-power-supply-12v-3a","12":"desktop-align-left","13":"tablet-align-left","14":"mobile-align-left","16":"first","17":"instock","18":"shipping-taxable","19":"product-type-simple"},"acf":[],"_links":{"self":[{"href":"https:\/\/szjialu.com\/de\/wp-json\/wp\/v2\/product\/1674","targetHints":{"allow":["GET"]}}],"collection":[{"href":"https:\/\/szjialu.com\/de\/wp-json\/wp\/v2\/product"}],"about":[{"href":"https:\/\/szjialu.com\/de\/wp-json\/wp\/v2\/types\/product"}],"replies":[{"embeddable":true,"href":"https:\/\/szjialu.com\/de\/wp-json\/wp\/v2\/comments?post=1674"}],"wp:featuredmedia":[{"embeddable":true,"href":"https:\/\/szjialu.com\/de\/wp-json\/wp\/v2\/media\/1675"}],"wp:attachment":[{"href":"https:\/\/szjialu.com\/de\/wp-json\/wp\/v2\/media?parent=1674"}],"wp:term":[{"taxonomy":"product_brand","embeddable":true,"href":"https:\/\/szjialu.com\/de\/wp-json\/wp\/v2\/product_brand?post=1674"},{"taxonomy":"product_cat","embeddable":true,"href":"https:\/\/szjialu.com\/de\/wp-json\/wp\/v2\/product_cat?post=1674"},{"taxonomy":"product_tag","embeddable":true,"href":"https:\/\/szjialu.com\/de\/wp-json\/wp\/v2\/product_tag?post=1674"}],"curies":[{"name":"wp","href":"https:\/\/api.w.org\/{rel}","templated":true}]}}