{"id":1671,"date":"2026-03-23T11:33:26","date_gmt":"2026-03-23T11:33:26","guid":{"rendered":"https:\/\/szjialu.com\/?post_type=product&#038;p=1671"},"modified":"2026-03-23T11:35:04","modified_gmt":"2026-03-23T11:35:04","slug":"36-w-desktop-netzteil-as3601a-1203000ue","status":"publish","type":"product","link":"https:\/\/szjialu.com\/de\/product\/36w-desktop-power-adapter-as3601a-1203000ue\/","title":{"rendered":"36-W-Desktop-Netzteil AS3601A-1203000UE"},"content":{"rendered":"<h2 data-section-id=\"14kcqqs\" data-start=\"153\" data-end=\"213\">36-W-Desktop-Netzteil \u2013 Produkt\u00fcbersicht<\/h2>\n<p data-start=\"273\" data-end=\"577\" data-imt-p=\"1\">Der <strong data-start=\"277\" data-end=\"321\">36-W-Desktop-Netzteil der Serie AS3601A<\/strong> Diese hocheffiziente AC\/DC-Stromversorgungsl\u00f6sung gew\u00e4hrleistet zuverl\u00e4ssigen und stabilen Betrieb f\u00fcr eine Vielzahl elektronischer Ger\u00e4te. Sie erf\u00fcllt globale Sicherheits- und Energieeffizienzstandards und eignet sich ideal f\u00fcr OEM\/ODM-Projekte und die Beschaffung gro\u00dfer Mengen.<\/p>\n<p data-start=\"579\" data-end=\"786\" data-imt-p=\"1\">Dank universeller Eingangskompatibilit\u00e4t (100\u2013240 V), vielf\u00e4ltiger Ausgangsoptionen und umfassender Schutzmechanismen findet es breite Anwendung in der Unterhaltungselektronik, in Kommunikationsger\u00e4ten und in industriellen Anwendungen.<\/p>\n<p data-start=\"788\" data-end=\"923\" data-imt-p=\"1\">Als <strong data-start=\"793\" data-end=\"825\">vertrauensw\u00fcrdiger chinesischer Hersteller<\/strong>, Wir bieten <strong data-start=\"838\" data-end=\"890\">Individualisierung, Markenbildung und Lieferung in gro\u00dfen Mengen<\/strong> um Ihr Unternehmenswachstum zu unterst\u00fctzen.<\/p>\n<h2 data-section-id=\"1h9ugi6\" data-start=\"930\" data-end=\"960\" data-imt-p=\"1\">Technische Spezifikationen<\/h2>\n<div class=\"TyagGW_tableContainer\">\n<div class=\"group TyagGW_tableWrapper flex flex-col-reverse w-fit\" tabindex=\"-1\">\n<table class=\"w-fit min-w-(--thread-content-width)\" data-start=\"962\" data-end=\"1552\">\n<thead data-start=\"962\" data-end=\"986\">\n<tr data-start=\"962\" data-end=\"986\">\n<th class=\"\" data-start=\"962\" data-end=\"969\" data-col-size=\"sm\" data-imt-p=\"1\">Artikel<\/th>\n<th class=\"\" data-start=\"969\" data-end=\"986\" data-col-size=\"sm\" data-imt-p=\"1\">Spezifikation<\/th>\n<\/tr>\n<\/thead>\n<tbody data-start=\"1010\" data-end=\"1552\">\n<tr data-start=\"1010\" data-end=\"1054\">\n<td data-start=\"1010\" data-end=\"1025\" data-col-size=\"sm\" data-imt-p=\"1\">Produktname<\/td>\n<td data-col-size=\"sm\" data-start=\"1025\" data-end=\"1054\" data-imt-p=\"1\">36-W-Desktop-Netzteil<\/td>\n<\/tr>\n<tr data-start=\"1055\" data-end=\"1091\">\n<td data-start=\"1055\" data-end=\"1070\" data-col-size=\"sm\" data-imt-p=\"1\">Modellnummer<\/td>\n<td data-col-size=\"sm\" data-start=\"1070\" data-end=\"1091\">AS3601A-1203000UE<\/td>\n<\/tr>\n<tr data-start=\"1092\" data-end=\"1142\">\n<td data-start=\"1092\" data-end=\"1108\" data-col-size=\"sm\" data-imt-p=\"1\">Eingangsspannung<\/td>\n<td data-col-size=\"sm\" data-start=\"1108\" data-end=\"1142\" data-imt-p=\"1\">100\u2013240 V Wechselstrom, 50\/60 Hz, max. 1,0 A<\/td>\n<\/tr>\n<tr data-start=\"1143\" data-end=\"1192\">\n<td data-start=\"1143\" data-end=\"1160\" data-col-size=\"sm\" data-imt-p=\"1\">Ausgabeoptionen<\/td>\n<td data-col-size=\"sm\" data-start=\"1160\" data-end=\"1192\" data-imt-p=\"1\">12 V 3 A \/ 24 V 1,5 A \/ 29,4 V 1 A<\/td>\n<\/tr>\n<tr data-start=\"1193\" data-end=\"1219\">\n<td data-start=\"1193\" data-end=\"1208\" data-col-size=\"sm\" data-imt-p=\"1\">Ausgangsleistung<\/td>\n<td data-col-size=\"sm\" data-start=\"1208\" data-end=\"1219\" data-imt-p=\"1\">36 W Max.<\/td>\n<\/tr>\n<tr data-start=\"1220\" data-end=\"1245\">\n<td data-start=\"1220\" data-end=\"1234\" data-col-size=\"sm\" data-imt-p=\"1\">Steckdosentyp<\/td>\n<td data-col-size=\"sm\" data-start=\"1234\" data-end=\"1245\" data-imt-p=\"1\">Desktop<\/td>\n<\/tr>\n<tr data-start=\"1246\" data-end=\"1280\">\n<td data-start=\"1246\" data-end=\"1257\" data-col-size=\"sm\" data-imt-p=\"1\">Material<\/td>\n<td data-col-size=\"sm\" data-start=\"1257\" data-end=\"1280\" data-imt-p=\"1\">PC (feuerfest)<\/td>\n<\/tr>\n<tr data-start=\"1281\" data-end=\"1314\">\n<td data-start=\"1281\" data-end=\"1297\" data-col-size=\"sm\" data-imt-p=\"1\">Farboptionen<\/td>\n<td data-col-size=\"sm\" data-start=\"1297\" data-end=\"1314\" data-imt-p=\"1\">Schwarz\/Wei\u00df<\/td>\n<\/tr>\n<tr data-start=\"1315\" data-end=\"1347\">\n<td data-start=\"1315\" data-end=\"1335\" data-col-size=\"sm\" data-imt-p=\"1\">Energieeffizienz<\/td>\n<td data-col-size=\"sm\" data-start=\"1335\" data-end=\"1347\" data-imt-p=\"1\">Stufe VI<\/td>\n<\/tr>\n<tr data-start=\"1348\" data-end=\"1386\">\n<td data-start=\"1348\" data-end=\"1361\" data-col-size=\"sm\" data-imt-p=\"1\">Schutz<\/td>\n<td data-col-size=\"sm\" data-start=\"1361\" data-end=\"1386\" data-imt-p=\"1\">SCP \/ OCP \/ OVP \/ OTP<\/td>\n<\/tr>\n<tr data-start=\"1387\" data-end=\"1444\">\n<td data-start=\"1387\" data-end=\"1404\" data-col-size=\"sm\" data-imt-p=\"1\">Zertifizierungen<\/td>\n<td data-col-size=\"sm\" data-start=\"1404\" data-end=\"1444\" data-imt-p=\"1\">UL, FCC, CE, UKCA, SAA, RCM, KC, PSE<\/td>\n<\/tr>\n<tr data-start=\"1445\" data-end=\"1483\">\n<td data-start=\"1445\" data-end=\"1469\" data-col-size=\"sm\" data-imt-p=\"1\">Betriebsumgebung<\/td>\n<td data-col-size=\"sm\" data-start=\"1469\" data-end=\"1483\" data-imt-p=\"1\">F\u00fcr den Innenbereich geeignet<\/td>\n<\/tr>\n<tr data-start=\"1484\" data-end=\"1529\">\n<td data-start=\"1484\" data-end=\"1496\" data-col-size=\"sm\" data-imt-p=\"1\">Verpackung<\/td>\n<td data-col-size=\"sm\" data-start=\"1496\" data-end=\"1529\" data-imt-p=\"1\">PE-Beutelverpackung (anpassbar)<\/td>\n<\/tr>\n<tr data-start=\"1530\" data-end=\"1552\">\n<td data-start=\"1530\" data-end=\"1541\" data-col-size=\"sm\" data-imt-p=\"1\">Garantie<\/td>\n<td data-col-size=\"sm\" data-start=\"1541\" data-end=\"1552\" data-imt-p=\"1\">2 Jahre<\/td>\n<\/tr>\n<\/tbody>\n<\/table>\n<\/div>\n<\/div>\n<figure id=\"attachment_1672\" aria-describedby=\"caption-attachment-1672\" style=\"width: 615px\" class=\"wp-caption alignnone\"><img fetchpriority=\"high\" decoding=\"async\" class=\"wp-image-1672\" src=\"https:\/\/szjialu.com\/wp-content\/uploads\/2026\/03\/0A8A4038-300x300.jpg\" alt=\"36-W-Desktop-Netzteil\" width=\"615\" height=\"615\" srcset=\"https:\/\/szjialu.com\/wp-content\/uploads\/2026\/03\/0A8A4038-300x300.jpg 300w, https:\/\/szjialu.com\/wp-content\/uploads\/2026\/03\/0A8A4038-150x150.jpg 150w, https:\/\/szjialu.com\/wp-content\/uploads\/2026\/03\/0A8A4038-768x768.jpg 768w, https:\/\/szjialu.com\/wp-content\/uploads\/2026\/03\/0A8A4038-600x600.jpg 600w, https:\/\/szjialu.com\/wp-content\/uploads\/2026\/03\/0A8A4038-100x100.jpg 100w, https:\/\/szjialu.com\/wp-content\/uploads\/2026\/03\/0A8A4038-64x64.jpg 64w, https:\/\/szjialu.com\/wp-content\/uploads\/2026\/03\/0A8A4038.jpg 1000w\" sizes=\"(max-width: 615px) 100vw, 615px\" \/><figcaption id=\"caption-attachment-1672\" class=\"wp-caption-text\">36-W-Desktop-Netzteil<\/figcaption><\/figure>\n<h2 data-section-id=\"1ygdf3a\" data-start=\"1559\" data-end=\"1583\" data-imt-p=\"1\">Wichtigste Verkaufsargumente<\/h2>\n<h3 data-section-id=\"1rovj1r\" data-start=\"1585\" data-end=\"1627\" data-imt-p=\"1\">Hohe Kompatibilit\u00e4t und flexible Ausgabe<\/h3>\n<p data-start=\"1628\" data-end=\"1779\" data-imt-p=\"1\">Unterst\u00fctzt mehrere Spannungsausg\u00e4nge (12V \/ 24V \/ 29,4V), wodurch es f\u00fcr verschiedene Ger\u00e4teanforderungen geeignet ist und die SKU-Komplexit\u00e4t f\u00fcr Distributoren reduziert wird.<\/p>\n<h3 data-section-id=\"fnxy6z\" data-start=\"1781\" data-end=\"1813\" data-imt-p=\"1\">Bereit f\u00fcr globale Zertifizierung<\/h3>\n<p data-start=\"1814\" data-end=\"1960\" data-imt-p=\"1\">Vollst\u00e4ndig zertifiziert mit <strong data-start=\"1835\" data-end=\"1870\">UL, CE, FCC, UKCA, PSE, KC, SAA<\/strong>, und erm\u00f6glicht so einen reibungslosen Markteintritt in Nordamerika, Europa, Japan, Korea und Australien.<\/p>\n<h3 data-section-id=\"1rm7n6q\" data-start=\"1962\" data-end=\"1994\" data-imt-p=\"1\">Erweiterter Sicherheitsschutz<\/h3>\n<p data-start=\"1995\" data-end=\"2036\" data-imt-p=\"1\">Integriertes intelligentes Schutzsystem:<\/p>\n<ul data-start=\"2037\" data-end=\"2169\">\n<li data-section-id=\"cse3l7\" data-start=\"2037\" data-end=\"2069\">Kurzschlussschutz (SCP)<\/li>\n<li data-section-id=\"6nt9u9\" data-start=\"2070\" data-end=\"2101\">\u00dcberstromschutz (OCP)<\/li>\n<li data-section-id=\"1f6pcun\" data-start=\"2102\" data-end=\"2133\">\u00dcberspannungsschutz (OVP)<\/li>\n<li data-section-id=\"v2kyub\" data-start=\"2134\" data-end=\"2169\">\u00dcbertemperaturschutz (OTP)<\/li>\n<\/ul>\n<p data-start=\"2171\" data-end=\"2212\" data-imt-p=\"1\">Gew\u00e4hrleistet langfristige Zuverl\u00e4ssigkeit und Sicherheit.<\/p>\n<h3 data-section-id=\"1uay3ww\" data-start=\"2214\" data-end=\"2247\" data-imt-p=\"1\">Energieeffizient (Stufe VI)<\/h3>\n<p data-start=\"2248\" data-end=\"2380\" data-imt-p=\"1\">Erf\u00fcllt strenge <strong data-start=\"2261\" data-end=\"2298\">DOE-Effizienzstandards der Stufe VI<\/strong>, Dadurch werden Energieverbrauch und W\u00e4rmeerzeugung reduziert \u2013 ideal f\u00fcr umweltbewusste M\u00e4rkte.<\/p>\n<h3 data-section-id=\"tuf3q1\" data-start=\"2382\" data-end=\"2419\" data-imt-p=\"1\">Anpassung &amp; OEM\/ODM-Unterst\u00fctzung<\/h3>\n<p data-start=\"2420\" data-end=\"2431\" data-imt-p=\"1\">Wir unterst\u00fctzen:<\/p>\n<ul data-start=\"2432\" data-end=\"2561\">\n<li data-section-id=\"4dwogf\" data-start=\"2432\" data-end=\"2458\">Logodruck &amp; Branding<\/li>\n<li data-section-id=\"1e686w3\" data-start=\"2459\" data-end=\"2491\">Anpassung der Ausgabeparameter<\/li>\n<li data-section-id=\"xsei4c\" data-start=\"2492\" data-end=\"2515\">Anpassung des Gleichstromsteckers<\/li>\n<li data-section-id=\"ynp5j9\" data-start=\"2516\" data-end=\"2534\">Verpackungsdesign<\/li>\n<li data-section-id=\"ifvcgm\" data-start=\"2535\" data-end=\"2561\">Unterst\u00fctzung bei der Zertifizierung<\/li>\n<\/ul>\n<h2 data-section-id=\"1uqtakd\" data-start=\"2568\" data-end=\"2586\">Anwendungen<\/h2>\n<p data-start=\"2588\" data-end=\"2637\">Dieses 36-W-Desktop-Netzteil findet breite Anwendung in:<\/p>\n<ul data-start=\"2639\" data-end=\"2887\">\n<li data-section-id=\"mnfx39\" data-start=\"2639\" data-end=\"2695\">Unterhaltungselektronik (Router, Lautsprecher, LED-Beleuchtung)<\/li>\n<li data-section-id=\"uo43yb\" data-start=\"2696\" data-end=\"2728\">Netzwerk- und Telekommunikationsausr\u00fcstung<\/li>\n<li data-section-id=\"1grxtvi\" data-start=\"2729\" data-end=\"2768\">Sicherheitssysteme (\u00dcberwachungskameras, digitale Videorekorder)<\/li>\n<li data-section-id=\"1ihp53p\" data-start=\"2769\" data-end=\"2789\">Smart-Home-Ger\u00e4te<\/li>\n<li data-section-id=\"15a7wvy\" data-start=\"2790\" data-end=\"2818\">Industrielle Steuerungssysteme<\/li>\n<li data-section-id=\"1ryv11q\" data-start=\"2819\" data-end=\"2887\">Anwendungen zum Laden von Batterien (29,4-V-Option f\u00fcr Lithiumbatterien)<\/li>\n<\/ul>\n<h2 data-section-id=\"1vd8r43\" data-start=\"2894\" data-end=\"2934\">Warum sollten Sie sich f\u00fcr uns entscheiden?<\/h2>\n<p data-start=\"2936\" data-end=\"3101\">Bei <strong data-start=\"2939\" data-end=\"2987\"><a class=\"decorated-link\" href=\"https:\/\/szjialu.com\/de\/\" target=\"_new\" rel=\"noopener\" data-start=\"2941\" data-end=\"2985\">SZ Jialu Electronics<\/a><\/strong>, Wir sind spezialisiert auf die Herstellung von Stromversorgungen und verf\u00fcgen \u00fcber starke Kompetenzen in den Bereichen Forschung und Entwicklung, kundenspezifische Anpassung und Massenproduktion.<\/p>\n<h3 data-section-id=\"v8i04u\" data-start=\"3103\" data-end=\"3131\">Herstellervorteil<\/h3>\n<ul data-start=\"3132\" data-end=\"3211\">\n<li data-section-id=\"dttvyq\" data-start=\"3132\" data-end=\"3171\">Direktpreise ab Werk (ohne Zwischenh\u00e4ndler)<\/li>\n<li data-section-id=\"1wj7sto\" data-start=\"3172\" data-end=\"3211\">Stabile Lieferkette und schnelle Lieferung<\/li>\n<\/ul>\n<h3 data-section-id=\"yifmzl\" data-start=\"3213\" data-end=\"3240\">Starke Forschungs- und Entwicklungskapazit\u00e4t<\/h3>\n<ul data-start=\"3241\" data-end=\"3326\">\n<li data-section-id=\"rmlr4c\" data-start=\"3241\" data-end=\"3288\">Kundenspezifische Stromversorgungsl\u00f6sungen f\u00fcr verschiedene Branchen<\/li>\n<li data-section-id=\"1cxzri0\" data-start=\"3289\" data-end=\"3326\">Unterst\u00fctzung bei der Entwicklung neuer Produkte<\/li>\n<\/ul>\n<h3 data-section-id=\"1338m28\" data-start=\"3328\" data-end=\"3351\">Qualit\u00e4tssicherung<\/h3>\n<ul data-start=\"3352\" data-end=\"3417\">\n<li data-section-id=\"drxkcs\" data-start=\"3352\" data-end=\"3383\">Strenges Qualit\u00e4tskontrollsystem<\/li>\n<li data-section-id=\"1xvngdh\" data-start=\"3384\" data-end=\"3417\">100% Alterungstest vor dem Versand<\/li>\n<\/ul>\n<h3 data-section-id=\"1bolo4j\" data-start=\"3419\" data-end=\"3449\">Globale Exporterfahrung<\/h3>\n<ul data-start=\"3450\" data-end=\"3563\">\n<li data-section-id=\"i0xfsp\" data-start=\"3450\" data-end=\"3506\">Wir betreuen Kunden in ganz Europa, Nordamerika und Asien.<\/li>\n<li data-section-id=\"j8vap\" data-start=\"3507\" data-end=\"3563\">Kenntnisse der internationalen Zertifizierungsanforderungen<\/li>\n<\/ul>\n<h2 data-section-id=\"1s6b7x\" data-start=\"3570\" data-end=\"3598\">Anpassungsdienste<\/h2>\n<p data-start=\"3600\" data-end=\"3658\">Wir bieten flexible Anpassungsm\u00f6glichkeiten f\u00fcr B2B-Kunden:<\/p>\n<ul data-start=\"3660\" data-end=\"3832\">\n<li data-section-id=\"4phy0s\" data-start=\"3660\" data-end=\"3695\">Ausgangsspannungs-\/Ausgangsstromeinstellung<\/li>\n<li data-section-id=\"k0whku\" data-start=\"3696\" data-end=\"3745\">DC-Steckverbindertypen (5,5<em data-start=\"3721\" data-end=\"3733\">2,1 mm, 5,5<\/em>2,5 mm usw.)<\/li>\n<li data-section-id=\"1byy5gg\" data-start=\"3746\" data-end=\"3774\">Anpassung der Kabell\u00e4nge<\/li>\n<li data-section-id=\"17zyno8\" data-start=\"3775\" data-end=\"3799\">Eigenmarken-Branding<\/li>\n<li data-section-id=\"ynbzsa\" data-start=\"3800\" data-end=\"3832\">Einzelhandels- oder Industrieverpackung<\/li>\n<\/ul>\n<h2 data-section-id=\"qchmm3\" data-start=\"3839\" data-end=\"3876\">FAQ (H\u00e4ufig gestellte Fragen)<\/h2>\n<h3 data-section-id=\"eqv4a8\" data-start=\"3878\" data-end=\"3917\">Frage 1: K\u00f6nnen Sie OEM\/ODM-Auftr\u00e4ge annehmen?<\/h3>\n<p data-start=\"3918\" data-end=\"4025\">Ja, wir bieten umfassende OEM\/ODM-Dienstleistungen an, einschlie\u00dflich Logodruck, Geh\u00e4useanpassung und Verpackungsdesign.<\/p>\n<h3 data-section-id=\"ihhopc\" data-start=\"4027\" data-end=\"4077\">Frage 2: Wie hoch ist Ihre Mindestbestellmenge (MOQ)?<\/h3>\n<p data-start=\"4078\" data-end=\"4175\">Die Mindestbestellmenge (MOQ) richtet sich nach den individuellen Anpassungsanforderungen. Standardmodelle unterst\u00fctzen flexible Mindestbestellmengen f\u00fcr Testbestellungen.<\/p>\n<h3 data-section-id=\"if4z73\" data-start=\"4177\" data-end=\"4208\">Frage 3: Stellen Sie Muster zur Verf\u00fcgung?<\/h3>\n<p data-start=\"4209\" data-end=\"4282\">Ja, Muster sind vor Gro\u00dfbestellungen zum Testen und Bewerten erh\u00e4ltlich.<\/p>\n<h3 data-section-id=\"17y49t9\" data-start=\"4284\" data-end=\"4335\">Frage 4: F\u00fcr welche M\u00e4rkte ist dieser Adapter geeignet?<\/h3>\n<p data-start=\"4336\" data-end=\"4454\">Mit globalen Zertifizierungen (UL, CE, FCC usw.) eignet es sich f\u00fcr Nordamerika, Europa, Japan, Korea und Australien.<\/p>\n<h3 data-section-id=\"vnyven\" data-start=\"4456\" data-end=\"4487\">Frage 5: Wie lange ist Ihre Lieferzeit?<\/h3>\n<ul data-start=\"4488\" data-end=\"4567\">\n<li data-section-id=\"12qm0sf\" data-start=\"4488\" data-end=\"4509\">Proben: 3\u20137 Tage<\/li>\n<li data-section-id=\"1x0j9c8\" data-start=\"4510\" data-end=\"4567\">Serienproduktion: 15\u201325 Tage abh\u00e4ngig von der Bestellmenge<\/li>\n<\/ul>","protected":false},"excerpt":{"rendered":"<p>Produktname: 36-W-Desktop-Netzteil<br \/>\nModellnummer: AS3601A-1203000UE<br \/>\nEingangsspannung: 100\u2013240 V Wechselstrom, 50\/60 Hz, max. 1,0 A<br \/>\nAusgangsoptionen: 12 V 3 A \/ 24 V 1,5 A \/ 29,4 V 1 A<br \/>\nAusgangsleistung: max. 36 W<br \/>\nAnschlusstyp: Desktop<br \/>\nMaterial PC: (feuerfest)<br \/>\nFarboptionen: Schwarz \/ Wei\u00df<br \/>\nEnergieeffizienz: Stufe VI<br \/>\nSchutz: SCP \/ OCP \/ OVP \/ OTP<br \/>\nZertifizierungen: UL, FCC, CE, UKCA, SAA, RCM, KC, PSE<br \/>\nBetriebsumgebung: Verwendung in Innenr\u00e4umen<br \/>\nVerpackung: PE-Beutelverpackung (anpassbar)<br \/>\nGarantie: 2 Jahre<\/p>","protected":false},"featured_media":1672,"comment_status":"open","ping_status":"closed","template":"","meta":{"_acf_changed":false,"site-sidebar-layout":"default","site-content-layout":"","ast-site-content-layout":"default","site-content-style":"default","site-sidebar-style":"default","ast-global-header-display":"","ast-banner-title-visibility":"","ast-main-header-display":"","ast-hfb-above-header-display":"","ast-hfb-below-header-display":"","ast-hfb-mobile-header-display":"","site-post-title":"","ast-breadcrumbs-content":"","ast-featured-img":"","footer-sml-layout":"","ast-disable-related-posts":"","theme-transparent-header-meta":"default","adv-header-id-meta":"","stick-header-meta":"","header-above-stick-meta":"","header-main-stick-meta":"","header-below-stick-meta":"","astra-migrate-meta-layouts":"set","ast-page-background-enabled":"default","ast-page-background-meta":{"desktop":{"background-color":"var(--ast-global-color-5)","background-image":"","background-repeat":"repeat","background-position":"center center","background-size":"auto","background-attachment":"scroll","background-type":"","background-media":"","overlay-type":"","overlay-color":"","overlay-opacity":"","overlay-gradient":""},"tablet":{"background-color":"","background-image":"","background-repeat":"repeat","background-position":"center center","background-size":"auto","background-attachment":"scroll","background-type":"","background-media":"","overlay-type":"","overlay-color":"","overlay-opacity":"","overlay-gradient":""},"mobile":{"background-color":"","background-image":"","background-repeat":"repeat","background-position":"center center","background-size":"auto","background-attachment":"scroll","background-type":"","background-media":"","overlay-type":"","overlay-color":"","overlay-opacity":"","overlay-gradient":""}},"ast-content-background-meta":{"desktop":{"background-color":"var(--ast-global-color-4)","background-image":"","background-repeat":"repeat","background-position":"center center","background-size":"auto","background-attachment":"scroll","background-type":"","background-media":"","overlay-type":"","overlay-color":"","overlay-opacity":"","overlay-gradient":""},"tablet":{"background-color":"var(--ast-global-color-4)","background-image":"","background-repeat":"repeat","background-position":"center center","background-size":"auto","background-attachment":"scroll","background-type":"","background-media":"","overlay-type":"","overlay-color":"","overlay-opacity":"","overlay-gradient":""},"mobile":{"background-color":"var(--ast-global-color-4)","background-image":"","background-repeat":"repeat","background-position":"center center","background-size":"auto","background-attachment":"scroll","background-type":"","background-media":"","overlay-type":"","overlay-color":"","overlay-opacity":"","overlay-gradient":""}}},"product_brand":[],"product_cat":[54,32],"product_tag":[295,294,297,296],"class_list":{"0":"post-1671","1":"product","2":"type-product","3":"status-publish","4":"has-post-thumbnail","6":"product_cat-desktop-power-supply","7":"product_cat-power-adapter","8":"product_tag-12v-3a-power-adapter","9":"product_tag-36w-desktop-power-adapter","10":"product_tag-adapter-supplier-china","11":"product_tag-desktop-power-adapter-manufacturer","12":"desktop-align-left","13":"tablet-align-left","14":"mobile-align-left","16":"first","17":"instock","18":"shipping-taxable","19":"product-type-simple"},"acf":[],"_links":{"self":[{"href":"https:\/\/szjialu.com\/de\/wp-json\/wp\/v2\/product\/1671","targetHints":{"allow":["GET"]}}],"collection":[{"href":"https:\/\/szjialu.com\/de\/wp-json\/wp\/v2\/product"}],"about":[{"href":"https:\/\/szjialu.com\/de\/wp-json\/wp\/v2\/types\/product"}],"replies":[{"embeddable":true,"href":"https:\/\/szjialu.com\/de\/wp-json\/wp\/v2\/comments?post=1671"}],"wp:featuredmedia":[{"embeddable":true,"href":"https:\/\/szjialu.com\/de\/wp-json\/wp\/v2\/media\/1672"}],"wp:attachment":[{"href":"https:\/\/szjialu.com\/de\/wp-json\/wp\/v2\/media?parent=1671"}],"wp:term":[{"taxonomy":"product_brand","embeddable":true,"href":"https:\/\/szjialu.com\/de\/wp-json\/wp\/v2\/product_brand?post=1671"},{"taxonomy":"product_cat","embeddable":true,"href":"https:\/\/szjialu.com\/de\/wp-json\/wp\/v2\/product_cat?post=1671"},{"taxonomy":"product_tag","embeddable":true,"href":"https:\/\/szjialu.com\/de\/wp-json\/wp\/v2\/product_tag?post=1671"}],"curies":[{"name":"wp","href":"https:\/\/api.w.org\/{rel}","templated":true}]}}