{"id":1666,"date":"2026-03-22T11:51:28","date_gmt":"2026-03-22T11:51:28","guid":{"rendered":"https:\/\/szjialu.com\/?post_type=product&#038;p=1666"},"modified":"2026-03-22T11:51:30","modified_gmt":"2026-03-22T11:51:30","slug":"24-w-desktop-netzteil-as2406a-1202000d","status":"publish","type":"product","link":"https:\/\/szjialu.com\/de\/product\/24w-desktop-power-adapter-as2406a-1202000d\/","title":{"rendered":"24-W-Desktop-Netzteil AS2406A-1202000D"},"content":{"rendered":"<h2 data-section-id=\"1bovg99\" data-start=\"342\" data-end=\"365\"><span role=\"text\"><strong data-start=\"345\" data-end=\"365\">Produkt\u00fcbersicht zum 24-W-Desktop-Netzteil<\/strong><\/span><\/h2>\n<p data-start=\"367\" data-end=\"674\">Der <strong data-start=\"371\" data-end=\"417\">AS2406A-1202000D <a href=\"https:\/\/szjialu.com\/de\/product-category\/netzteil\/desktop-netzteil\/\">24-W-Desktop-Netzteil<\/a><\/strong> Dieser Adapter wurde f\u00fcr eine stabile und hocheffiziente Stromversorgung einer Vielzahl elektronischer Ger\u00e4te entwickelt. Er entspricht globalen Konformit\u00e4tsstandards und ist aus robusten Materialien gefertigt. Damit eignet er sich ideal f\u00fcr OEM\/ODM-Projekte, Industrieanlagen und Unterhaltungselektronik.<\/p>\n<p data-start=\"676\" data-end=\"871\">Dank flexibler Ausgangsoptionen (5 V \/ 12 V \/ 24 V) bietet dieses Modell vielseitige Kompatibilit\u00e4t und ist daher eine bevorzugte Wahl f\u00fcr B2B-K\u00e4ufer, die \u2026 <strong data-start=\"820\" data-end=\"870\">zuverl\u00e4ssige Gro\u00dfmengenlieferung und Unterst\u00fctzung bei kundenspezifischen Anpassungen<\/strong>.<\/p>\n<p data-start=\"873\" data-end=\"1036\">Dieser in China unter strengen Qualit\u00e4tskontrollverfahren hergestellte Adapter spiegelt unser Engagement f\u00fcr <strong data-start=\"974\" data-end=\"1035\">Konstante Leistung, Sicherheit und langfristige Zuverl\u00e4ssigkeit<\/strong>.<\/p>\n<h2 data-section-id=\"1ajgckb\" data-start=\"1043\" data-end=\"1068\"><span role=\"text\"><strong data-start=\"1046\" data-end=\"1068\">Wichtigste Verkaufsargumente<\/strong><\/span><\/h2>\n<h3 data-section-id=\"18thu8v\" data-start=\"1070\" data-end=\"1105\"><span role=\"text\"><strong data-start=\"1074\" data-end=\"1105\">1. Flexibilit\u00e4t durch mehrere Ausg\u00e4nge<\/strong><\/span><\/h3>\n<p data-start=\"1106\" data-end=\"1146\">Unterst\u00fctzt mehrere Ausgabekonfigurationen:<\/p>\n<ul data-start=\"1147\" data-end=\"1180\">\n<li data-section-id=\"g5ix1q\" data-start=\"1147\" data-end=\"1157\">12 V 2 A<\/li>\n<li data-section-id=\"b98f6a\" data-start=\"1158\" data-end=\"1170\">24 V 0,5 A<\/li>\n<li data-section-id=\"smgjoe\" data-start=\"1171\" data-end=\"1180\">5V 4A<\/li>\n<\/ul>\n<p data-start=\"1182\" data-end=\"1244\">Ideal f\u00fcr vielf\u00e4ltige Ger\u00e4teanforderungen und Produktintegration.<\/p>\n<h3 data-section-id=\"nt30ax\" data-start=\"1251\" data-end=\"1295\"><span role=\"text\"><strong data-start=\"1255\" data-end=\"1295\">2. Hohe Energieeffizienz (Stufe VI)<\/strong><\/span><\/h3>\n<p data-start=\"1296\" data-end=\"1413\">Entspricht den <strong data-start=\"1310\" data-end=\"1340\">Energieeffizienzklasse VI<\/strong>, wodurch der Energieverbrauch gesenkt und globale Umweltstandards erf\u00fcllt werden.<\/p>\n<h3 data-section-id=\"30mih4\" data-start=\"1420\" data-end=\"1462\"><span role=\"text\"><strong data-start=\"1424\" data-end=\"1462\">3. Umfassender Sicherheitsschutz<\/strong><\/span><\/h3>\n<p data-start=\"1463\" data-end=\"1502\">Eingebautes intelligentes Schutzsystem:<\/p>\n<ul data-start=\"1503\" data-end=\"1643\">\n<li data-section-id=\"ss5tm3\" data-start=\"1503\" data-end=\"1537\">SCP (Kurzschlussschutz)<\/li>\n<li data-section-id=\"v3tes1\" data-start=\"1538\" data-end=\"1571\">OCP (\u00dcberstromschutz)<\/li>\n<li data-section-id=\"z2jdvz\" data-start=\"1572\" data-end=\"1605\">OVP (\u00dcberspannungsschutz)<\/li>\n<li data-section-id=\"1fscx9f\" data-start=\"1606\" data-end=\"1643\">OTP (\u00dcbertemperaturschutz)<\/li>\n<\/ul>\n<p data-start=\"1645\" data-end=\"1699\">Gew\u00e4hrleistet einen sicheren Betrieb auch unter anspruchsvollen Bedingungen.<\/p>\n<h3 data-section-id=\"1effec2\" data-start=\"1706\" data-end=\"1748\"><span role=\"text\"><strong data-start=\"1710\" data-end=\"1748\">4. Einhaltung globaler Zertifizierungsrichtlinien<\/strong><\/span><\/h3>\n<p data-start=\"1749\" data-end=\"1785\">F\u00fcr internationale M\u00e4rkte zertifiziert:<\/p>\n<ul data-start=\"1786\" data-end=\"1899\">\n<li data-section-id=\"1q5rbcu\" data-start=\"1786\" data-end=\"1804\">UL \/ FCC (USA)<\/li>\n<li data-section-id=\"1r5id8c\" data-start=\"1805\" data-end=\"1832\">CE \/ UKCA (Europa &amp; Vereinigtes K\u00f6nigreich)<\/li>\n<li data-section-id=\"1nw9drn\" data-start=\"1833\" data-end=\"1847\">KC (Korea)<\/li>\n<li data-section-id=\"fgmzfi\" data-start=\"1848\" data-end=\"1867\">SAA (Australien)<\/li>\n<li data-section-id=\"1tfhpvf\" data-start=\"1868\" data-end=\"1883\">PSE (Japan)<\/li>\n<li data-section-id=\"ocdarr\" data-start=\"1884\" data-end=\"1899\">CCC (China)<\/li>\n<\/ul>\n<p data-start=\"1901\" data-end=\"1943\">Perfekt f\u00fcr Unternehmen, die weltweit exportieren.<\/p>\n<h3 data-section-id=\"1knd0m5\" data-start=\"1950\" data-end=\"1994\"><span role=\"text\"><strong data-start=\"1954\" data-end=\"1994\">5. Langlebiges und feuerbest\u00e4ndiges Material<\/strong><\/span><\/h3>\n<p data-start=\"1995\" data-end=\"2056\">Hergestellt aus hochwertigen Materialien <strong data-start=\"2025\" data-end=\"2047\">PC (Polycarbonat)<\/strong> Geh\u00e4use:<\/p>\n<ul data-start=\"2057\" data-end=\"2117\">\n<li data-section-id=\"1n4tkr0\" data-start=\"2057\" data-end=\"2075\">Hitzebest\u00e4ndig<\/li>\n<li data-section-id=\"b6b6w9\" data-start=\"2076\" data-end=\"2095\">Flammhemmend<\/li>\n<li data-section-id=\"ymf61l\" data-start=\"2096\" data-end=\"2117\">Lange Lebensdauer<\/li>\n<\/ul>\n<h3 data-section-id=\"njdv0t\" data-start=\"2124\" data-end=\"2162\"><span role=\"text\"><strong data-start=\"2128\" data-end=\"2162\">6. OEM- und Anpassungsunterst\u00fctzung<\/strong><\/span><\/h3>\n<p data-start=\"2163\" data-end=\"2202\">Wir bieten umfassende Anpassungsm\u00f6glichkeiten:<\/p>\n<ul data-start=\"2203\" data-end=\"2331\">\n<li data-section-id=\"ze6j4i\" data-start=\"2203\" data-end=\"2220\">Logodruck<\/li>\n<li data-section-id=\"167xcgs\" data-start=\"2221\" data-end=\"2237\">Etikettendesign<\/li>\n<li data-section-id=\"h0usv9\" data-start=\"2238\" data-end=\"2273\">Anpassung der Ausgabespezifikation<\/li>\n<li data-section-id=\"bbt6pf\" data-start=\"2274\" data-end=\"2307\">Anpassung von Kabel und DC-Stecker<\/li>\n<li data-section-id=\"1xm9ri5\" data-start=\"2308\" data-end=\"2331\">Verpackungsl\u00f6sungen<\/li>\n<\/ul>\n<h2 data-section-id=\"id1bjs\" data-start=\"2338\" data-end=\"2369\"><span role=\"text\"><strong data-start=\"2341\" data-end=\"2369\">Technische Spezifikationen<\/strong><\/span><\/h2>\n<div class=\"TyagGW_tableContainer\">\n<div class=\"group TyagGW_tableWrapper flex flex-col-reverse w-fit\" tabindex=\"-1\">\n<table class=\"w-fit min-w-(--thread-content-width)\" data-start=\"2371\" data-end=\"2927\">\n<thead data-start=\"2371\" data-end=\"2400\">\n<tr data-start=\"2371\" data-end=\"2400\">\n<th class=\"\" data-start=\"2371\" data-end=\"2383\" data-col-size=\"sm\">Parameter<\/th>\n<th class=\"\" data-start=\"2383\" data-end=\"2400\" data-col-size=\"sm\">Spezifikation<\/th>\n<\/tr>\n<\/thead>\n<tbody data-start=\"2428\" data-end=\"2927\">\n<tr data-start=\"2428\" data-end=\"2472\">\n<td data-start=\"2428\" data-end=\"2443\" data-col-size=\"sm\">Produktname<\/td>\n<td data-col-size=\"sm\" data-start=\"2443\" data-end=\"2472\">24-W-Desktop-Netzteil<\/td>\n<\/tr>\n<tr data-start=\"2473\" data-end=\"2508\">\n<td data-start=\"2473\" data-end=\"2488\" data-col-size=\"sm\">Modellnummer<\/td>\n<td data-col-size=\"sm\" data-start=\"2488\" data-end=\"2508\">AS2406A-1202000D<\/td>\n<\/tr>\n<tr data-start=\"2509\" data-end=\"2540\">\n<td data-start=\"2509\" data-end=\"2525\" data-col-size=\"sm\">Eingangsspannung<\/td>\n<td data-col-size=\"sm\" data-start=\"2525\" data-end=\"2540\">100\u2013240 V Wechselstrom<\/td>\n<\/tr>\n<tr data-start=\"2541\" data-end=\"2564\">\n<td data-start=\"2541\" data-end=\"2553\" data-col-size=\"sm\">Frequenz<\/td>\n<td data-col-size=\"sm\" data-start=\"2553\" data-end=\"2564\">50\/60 Hz<\/td>\n<\/tr>\n<tr data-start=\"2565\" data-end=\"2593\">\n<td data-start=\"2565\" data-end=\"2581\" data-col-size=\"sm\">Eingangsstrom<\/td>\n<td data-col-size=\"sm\" data-start=\"2581\" data-end=\"2593\">0,8 A Max.<\/td>\n<\/tr>\n<tr data-start=\"2594\" data-end=\"2640\">\n<td data-start=\"2594\" data-end=\"2611\" data-col-size=\"sm\">Ausgabeoptionen<\/td>\n<td data-col-size=\"sm\" data-start=\"2611\" data-end=\"2640\">12 V 2 A \/ 24 V 0,5 A \/ 5 V 4 A<\/td>\n<\/tr>\n<tr data-start=\"2641\" data-end=\"2663\">\n<td data-start=\"2641\" data-end=\"2656\" data-col-size=\"sm\">Nennleistung<\/td>\n<td data-col-size=\"sm\" data-start=\"2656\" data-end=\"2663\">24W<\/td>\n<\/tr>\n<tr data-start=\"2664\" data-end=\"2689\">\n<td data-start=\"2664\" data-end=\"2677\" data-col-size=\"sm\">Effizienz<\/td>\n<td data-col-size=\"sm\" data-start=\"2677\" data-end=\"2689\">Stufe VI<\/td>\n<\/tr>\n<tr data-start=\"2690\" data-end=\"2724\">\n<td data-start=\"2690\" data-end=\"2701\" data-col-size=\"sm\">Material<\/td>\n<td data-col-size=\"sm\" data-start=\"2701\" data-end=\"2724\">PC (feuerfest)<\/td>\n<\/tr>\n<tr data-start=\"2725\" data-end=\"2758\">\n<td data-start=\"2725\" data-end=\"2741\" data-col-size=\"sm\">Farboptionen<\/td>\n<td data-col-size=\"sm\" data-start=\"2741\" data-end=\"2758\">Schwarz\/Wei\u00df<\/td>\n<\/tr>\n<tr data-start=\"2759\" data-end=\"2784\">\n<td data-start=\"2759\" data-end=\"2773\" data-col-size=\"sm\">Steckdosentyp<\/td>\n<td data-col-size=\"sm\" data-start=\"2773\" data-end=\"2784\">Desktop<\/td>\n<\/tr>\n<tr data-start=\"2785\" data-end=\"2823\">\n<td data-start=\"2785\" data-end=\"2798\" data-col-size=\"sm\">Schutz<\/td>\n<td data-col-size=\"sm\" data-start=\"2798\" data-end=\"2823\">SCP \/ OCP \/ OVP \/ OTP<\/td>\n<\/tr>\n<tr data-start=\"2824\" data-end=\"2881\">\n<td data-start=\"2824\" data-end=\"2841\" data-col-size=\"sm\">Zertifizierungen<\/td>\n<td data-col-size=\"sm\" data-start=\"2841\" data-end=\"2881\">UL, FCC, CE, UKCA, KC, SAA, PSE, CCC<\/td>\n<\/tr>\n<tr data-start=\"2882\" data-end=\"2904\">\n<td data-start=\"2882\" data-end=\"2894\" data-col-size=\"sm\">Verpackung<\/td>\n<td data-col-size=\"sm\" data-start=\"2894\" data-end=\"2904\">PE-Beutel<\/td>\n<\/tr>\n<tr data-start=\"2905\" data-end=\"2927\">\n<td data-start=\"2905\" data-end=\"2916\" data-col-size=\"sm\">Garantie<\/td>\n<td data-col-size=\"sm\" data-start=\"2916\" data-end=\"2927\">2 Jahre<\/td>\n<\/tr>\n<\/tbody>\n<\/table>\n<\/div>\n<\/div>\n<figure id=\"attachment_1667\" aria-describedby=\"caption-attachment-1667\" style=\"width: 596px\" class=\"wp-caption alignnone\"><img fetchpriority=\"high\" decoding=\"async\" class=\"wp-image-1667\" src=\"https:\/\/szjialu.com\/wp-content\/uploads\/2026\/03\/0A8A4353-300x300.jpg\" alt=\"24-W-Desktop-Netzteil\" width=\"596\" height=\"596\" srcset=\"https:\/\/szjialu.com\/wp-content\/uploads\/2026\/03\/0A8A4353-300x300.jpg 300w, https:\/\/szjialu.com\/wp-content\/uploads\/2026\/03\/0A8A4353-150x150.jpg 150w, https:\/\/szjialu.com\/wp-content\/uploads\/2026\/03\/0A8A4353-768x768.jpg 768w, https:\/\/szjialu.com\/wp-content\/uploads\/2026\/03\/0A8A4353-600x600.jpg 600w, https:\/\/szjialu.com\/wp-content\/uploads\/2026\/03\/0A8A4353-100x100.jpg 100w, https:\/\/szjialu.com\/wp-content\/uploads\/2026\/03\/0A8A4353-64x64.jpg 64w, https:\/\/szjialu.com\/wp-content\/uploads\/2026\/03\/0A8A4353.jpg 1000w\" sizes=\"(max-width: 596px) 100vw, 596px\" \/><figcaption id=\"caption-attachment-1667\" class=\"wp-caption-text\">24-W-Desktop-Netzteil<\/figcaption><\/figure>\n<h2 data-section-id=\"k0zlak\" data-start=\"2934\" data-end=\"2953\"><span role=\"text\"><strong data-start=\"2937\" data-end=\"2953\">Anwendungen<\/strong><\/span><\/h2>\n<p data-start=\"2955\" data-end=\"3013\">Dieser 24-Watt-Desktop-Adapter findet in vielen Branchen breite Anwendung:<\/p>\n<h3 data-section-id=\"t0m57t\" data-start=\"3015\" data-end=\"3043\"><span role=\"text\"><strong data-start=\"3019\" data-end=\"3043\">Unterhaltungselektronik<\/strong><\/span><\/h3>\n<ul data-start=\"3044\" data-end=\"3119\">\n<li data-section-id=\"sj7m6b\" data-start=\"3044\" data-end=\"3076\">Router und Netzwerkger\u00e4te<\/li>\n<li data-section-id=\"1xx28wf\" data-start=\"3077\" data-end=\"3094\">Set-Top-Boxen<\/li>\n<li data-section-id=\"wklx9p\" data-start=\"3095\" data-end=\"3119\">LED-Beleuchtungssysteme<\/li>\n<\/ul>\n<h3 data-section-id=\"3xa1or\" data-start=\"3121\" data-end=\"3149\"><span role=\"text\"><strong data-start=\"3125\" data-end=\"3149\">Industrieanlagen<\/strong><\/span><\/h3>\n<ul data-start=\"3150\" data-end=\"3231\">\n<li data-section-id=\"xysi3q\" data-start=\"3150\" data-end=\"3180\">Automatisierungssteuerungssysteme<\/li>\n<li data-section-id=\"19055e7\" data-start=\"3181\" data-end=\"3203\">\u00dcberwachungsger\u00e4te<\/li>\n<li data-section-id=\"cwsg8v\" data-start=\"3204\" data-end=\"3231\">Kommunikationsendger\u00e4te<\/li>\n<\/ul>\n<h3 data-section-id=\"4ld76e\" data-start=\"3233\" data-end=\"3260\"><span role=\"text\"><strong data-start=\"3237\" data-end=\"3260\">IT- und B\u00fcroger\u00e4te<\/strong><\/span><\/h3>\n<ul data-start=\"3261\" data-end=\"3302\">\n<li data-section-id=\"l5n5le\" data-start=\"3261\" data-end=\"3276\"><a href=\"https:\/\/www.aonpostech.com\/pos-system\" target=\"_blank\" rel=\"noopener\">Kassensysteme<\/a><\/li>\n<li data-section-id=\"14pxs8t\" data-start=\"3277\" data-end=\"3289\">Drucker<\/li>\n<li data-section-id=\"1ypqkd9\" data-start=\"3290\" data-end=\"3302\">Scanner<\/li>\n<\/ul>\n<h3 data-section-id=\"1q0ffec\" data-start=\"3304\" data-end=\"3325\"><span role=\"text\"><strong data-start=\"3308\" data-end=\"3325\">Intelligente Ger\u00e4te<\/strong><\/span><\/h3>\n<ul data-start=\"3326\" data-end=\"3384\">\n<li data-section-id=\"ma42vm\" data-start=\"3326\" data-end=\"3345\">Smart-Home-Zentralen<\/li>\n<li data-section-id=\"h5xsdw\" data-start=\"3346\" data-end=\"3366\"><a href=\"https:\/\/www.ring-see.com\/\" target=\"_blank\" rel=\"noopener\">Sicherheitskameras<\/a><\/li>\n<li data-section-id=\"1gnlceo\" data-start=\"3367\" data-end=\"3384\">IoT-Ger\u00e4te<\/li>\n<\/ul>\n<h2 data-section-id=\"1je6465\" data-start=\"3391\" data-end=\"3432\"><span role=\"text\"><strong data-start=\"3394\" data-end=\"3432\">Warum Sie sich f\u00fcr uns entscheiden sollten<\/strong><\/span><\/h2>\n<p data-start=\"3434\" data-end=\"3577\">Bei <strong data-start=\"3437\" data-end=\"3475\">SZ Jialu Electronics (szjialu.com)<\/strong>, Wir sind mehr als nur ein Lieferant von Netzteilen \u2013 wir sind ein <strong data-start=\"3533\" data-end=\"3576\">Fertigungspartner f\u00fcr globale Marken<\/strong>.<\/p>\n<h3 data-section-id=\"18nepv5\" data-start=\"3579\" data-end=\"3620\"><span role=\"text\"><strong data-start=\"3583\" data-end=\"3620\">Starke Fertigungskapazit\u00e4t<\/strong><\/span><\/h3>\n<ul data-start=\"3621\" data-end=\"3709\">\n<li data-section-id=\"umdax4\" data-start=\"3621\" data-end=\"3650\">Moderne Produktionslinien<\/li>\n<li data-section-id=\"yo45fw\" data-start=\"3651\" data-end=\"3674\">Strenge Qualit\u00e4tskontrollprozesse<\/li>\n<li data-section-id=\"1qc6u6j\" data-start=\"3675\" data-end=\"3709\">Stabile monatliche Produktionskapazit\u00e4t<\/li>\n<\/ul>\n<h3 data-section-id=\"1oxl4pe\" data-start=\"3711\" data-end=\"3744\"><span role=\"text\"><strong data-start=\"3715\" data-end=\"3744\">Umfangreiche OEM\/ODM-Erfahrung<\/strong><\/span><\/h3>\n<ul data-start=\"3745\" data-end=\"3866\">\n<li data-section-id=\"1k1yb2o\" data-start=\"3745\" data-end=\"3791\">Jahrelange Erfahrung in der Betreuung globaler Kunden<\/li>\n<li data-section-id=\"95wmiz\" data-start=\"3792\" data-end=\"3825\">Schnelle Anpassungsabwicklung<\/li>\n<li data-section-id=\"1ejrnkv\" data-start=\"3826\" data-end=\"3866\">Technische Unterst\u00fctzung f\u00fcr neue Projekte<\/li>\n<\/ul>\n<h3 data-section-id=\"1ygqdcc\" data-start=\"3868\" data-end=\"3901\"><span role=\"text\"><strong data-start=\"3872\" data-end=\"3901\">Globale Exportkompetenz<\/strong><\/span><\/h3>\n<ul data-start=\"3902\" data-end=\"4028\">\n<li data-section-id=\"1n44o61\" data-start=\"3902\" data-end=\"3929\">Produkte werden weltweit verkauft<\/li>\n<li data-section-id=\"18gqptc\" data-start=\"3930\" data-end=\"3982\">Kenntnisse internationaler Compliance-Standards<\/li>\n<li data-section-id=\"1bgrec0\" data-start=\"3983\" data-end=\"4028\">Professionelle Export- und Logistikunterst\u00fctzung<\/li>\n<\/ul>\n<h3 data-section-id=\"1tvhgen\" data-start=\"4030\" data-end=\"4063\"><span role=\"text\"><strong data-start=\"4034\" data-end=\"4063\">Wettbewerbsf\u00e4hige B2B-Preise<\/strong><\/span><\/h3>\n<ul data-start=\"4064\" data-end=\"4141\">\n<li data-section-id=\"1f4kkj8\" data-start=\"4064\" data-end=\"4090\">Preise direkt vom Hersteller<\/li>\n<li data-section-id=\"m7c8b2\" data-start=\"4091\" data-end=\"4107\">Flexible Mindestbestellmenge<\/li>\n<li data-section-id=\"npsx1e\" data-start=\"4108\" data-end=\"4141\">Unterst\u00fctzung durch langfristige Partnerschaften<\/li>\n<\/ul>\n<h2 data-section-id=\"j3ueqo\" data-start=\"4148\" data-end=\"4175\"><span role=\"text\"><strong data-start=\"4151\" data-end=\"4175\">Verpackung &amp; Lieferung<\/strong><\/span><\/h2>\n<ul data-start=\"4177\" data-end=\"4377\">\n<li data-section-id=\"1piem13\" data-start=\"4177\" data-end=\"4209\">Standardverpackung: <strong data-start=\"4199\" data-end=\"4209\">PE-Beutel<\/strong><\/li>\n<li data-section-id=\"1tc0g0j\" data-start=\"4210\" data-end=\"4271\">Individuelle Verpackungsl\u00f6sungen erh\u00e4ltlich (Verkaufskarton, Branding, Etikettierung)<\/li>\n<li data-section-id=\"14zjbhq\" data-start=\"4272\" data-end=\"4318\">Flexible Versandarten: Luftfracht, Seefracht, Expressversand<\/li>\n<li data-section-id=\"1cq9mwn\" data-start=\"4319\" data-end=\"4377\">Lieferzeit: abh\u00e4ngig von Bestellmenge und Anpassung<\/li>\n<\/ul>\n<h2 data-section-id=\"1x067s8\" data-start=\"4384\" data-end=\"4423\"><span role=\"text\"><strong data-start=\"4387\" data-end=\"4423\">FAQ (H\u00e4ufig gestellte Fragen)<\/strong><\/span><\/h2>\n<h3 data-section-id=\"v968jz\" data-start=\"4425\" data-end=\"4488\"><span role=\"text\"><strong data-start=\"4429\" data-end=\"4486\">Frage 1: K\u00f6nnen Ausgangsspannung und -strom individuell angepasst werden?<\/strong><\/span><\/h3>\n<p data-start=\"4489\" data-end=\"4573\">Ja, wir unterst\u00fctzen kundenspezifische Ausgabespezifikationen, die auf Ihre Projektanforderungen abgestimmt sind.<\/p>\n<h3 data-section-id=\"wnwt8k\" data-start=\"4580\" data-end=\"4627\"><span role=\"text\"><strong data-start=\"4584\" data-end=\"4625\">Frage 2: Wie hoch ist Ihre Mindestbestellmenge f\u00fcr Gro\u00dfbestellungen?<\/strong><\/span><\/h3>\n<p data-start=\"4628\" data-end=\"4705\">Die Mindestbestellmenge (MOQ) h\u00e4ngt vom Grad der Anpassung ab. Standardmodelle haben in der Regel eine niedrigere Mindestbestellmenge.<\/p>\n<h3 data-section-id=\"9xx2yw\" data-start=\"4712\" data-end=\"4767\"><span role=\"text\"><strong data-start=\"4716\" data-end=\"4765\">Frage 3: Kann ich mein Firmenlogo auf dem Adapter anbringen?<\/strong><\/span><\/h3>\n<p data-start=\"4768\" data-end=\"4848\">Absolut. Wir bieten komplettes OEM-Branding inklusive Logodruck und Etikettendesign an.<\/p>\n<h3 data-section-id=\"oafdtq\" data-start=\"4855\" data-end=\"4915\"><span role=\"text\"><strong data-start=\"4859\" data-end=\"4913\">Frage 4: Stellen Sie vor der Massenproduktion Muster zur Verf\u00fcgung?<\/strong><\/span><\/h3>\n<p data-start=\"4916\" data-end=\"4976\">Ja, Musterbestellungen sind zum Testen und Bewerten m\u00f6glich.<\/p>\n<h3 data-section-id=\"11g4l6p\" data-start=\"4983\" data-end=\"5032\"><span role=\"text\"><strong data-start=\"4987\" data-end=\"5030\">Frage 5: Welche Zertifizierungen unterst\u00fctzen Sie?<\/strong><\/span><\/h3>\n<p data-start=\"5033\" data-end=\"5113\">Wir bieten zahlreiche globale Zertifizierungen an, darunter UL, CE, FCC, UKCA und weitere.<\/p>\n<h3 data-section-id=\"136xidt\" data-start=\"5120\" data-end=\"5163\"><span role=\"text\"><strong data-start=\"5124\" data-end=\"5161\">Frage 6: Wie lauten Ihre Garantiebestimmungen?<\/strong><\/span><\/h3>\n<p data-start=\"5164\" data-end=\"5221\">Wir bieten ein <strong data-start=\"5175\" data-end=\"5194\">2 Jahre Garantie<\/strong> f\u00fcr alle Standardprodukte.<\/p>","protected":false},"excerpt":{"rendered":"<p>Produktname: 24-W-Desktop-Netzteil<br \/>\nModellnummer: AS2406A-1202000D<br \/>\nEingangsspannung: 100\u2013240 V Wechselstrom<br \/>\nFrequenz: 50\/60 Hz<br \/>\nEingangsstrom: max. 0,8 A<br \/>\nAusgangsoptionen: 12 V 2 A \/ 24 V 0,5 A \/ 5 V 4 A<br \/>\nNennleistung: 24 W<br \/>\nEffizienzstufe: VI<br \/>\nMaterial: PC (feuerfest)<br \/>\nFarboptionen: Schwarz \/ Wei\u00df<br \/>\nAnschlusstyp: Desktop<br \/>\nSchutz: SCP \/ OCP \/ OVP \/ OTP<br \/>\nZertifizierungen: UL, FCC, CE, UKCA, KC, SAA, PSE, CCC<br \/>\nVerpackung: PE-Beutel<br \/>\nGarantie: 2 Jahre<\/p>","protected":false},"featured_media":1667,"comment_status":"open","ping_status":"closed","template":"","meta":{"_acf_changed":false,"site-sidebar-layout":"default","site-content-layout":"","ast-site-content-layout":"default","site-content-style":"default","site-sidebar-style":"default","ast-global-header-display":"","ast-banner-title-visibility":"","ast-main-header-display":"","ast-hfb-above-header-display":"","ast-hfb-below-header-display":"","ast-hfb-mobile-header-display":"","site-post-title":"","ast-breadcrumbs-content":"","ast-featured-img":"","footer-sml-layout":"","ast-disable-related-posts":"","theme-transparent-header-meta":"default","adv-header-id-meta":"","stick-header-meta":"","header-above-stick-meta":"","header-main-stick-meta":"","header-below-stick-meta":"","astra-migrate-meta-layouts":"set","ast-page-background-enabled":"default","ast-page-background-meta":{"desktop":{"background-color":"var(--ast-global-color-5)","background-image":"","background-repeat":"repeat","background-position":"center center","background-size":"auto","background-attachment":"scroll","background-type":"","background-media":"","overlay-type":"","overlay-color":"","overlay-opacity":"","overlay-gradient":""},"tablet":{"background-color":"","background-image":"","background-repeat":"repeat","background-position":"center center","background-size":"auto","background-attachment":"scroll","background-type":"","background-media":"","overlay-type":"","overlay-color":"","overlay-opacity":"","overlay-gradient":""},"mobile":{"background-color":"","background-image":"","background-repeat":"repeat","background-position":"center center","background-size":"auto","background-attachment":"scroll","background-type":"","background-media":"","overlay-type":"","overlay-color":"","overlay-opacity":"","overlay-gradient":""}},"ast-content-background-meta":{"desktop":{"background-color":"var(--ast-global-color-4)","background-image":"","background-repeat":"repeat","background-position":"center center","background-size":"auto","background-attachment":"scroll","background-type":"","background-media":"","overlay-type":"","overlay-color":"","overlay-opacity":"","overlay-gradient":""},"tablet":{"background-color":"var(--ast-global-color-4)","background-image":"","background-repeat":"repeat","background-position":"center center","background-size":"auto","background-attachment":"scroll","background-type":"","background-media":"","overlay-type":"","overlay-color":"","overlay-opacity":"","overlay-gradient":""},"mobile":{"background-color":"var(--ast-global-color-4)","background-image":"","background-repeat":"repeat","background-position":"center center","background-size":"auto","background-attachment":"scroll","background-type":"","background-media":"","overlay-type":"","overlay-color":"","overlay-opacity":"","overlay-gradient":""}}},"product_brand":[],"product_cat":[54,32],"product_tag":[285,291,292,293],"class_list":{"0":"post-1666","1":"product","2":"type-product","3":"status-publish","4":"has-post-thumbnail","6":"product_cat-desktop-power-supply","7":"product_cat-power-adapter","8":"product_tag-12v-2a-power-adapter","9":"product_tag-24w-desktop-power-adapter","10":"product_tag-5v-4a-power-supply","11":"product_tag-desktop-adapter-manufacturer","12":"desktop-align-left","13":"tablet-align-left","14":"mobile-align-left","16":"first","17":"instock","18":"shipping-taxable","19":"product-type-simple"},"acf":[],"_links":{"self":[{"href":"https:\/\/szjialu.com\/de\/wp-json\/wp\/v2\/product\/1666","targetHints":{"allow":["GET"]}}],"collection":[{"href":"https:\/\/szjialu.com\/de\/wp-json\/wp\/v2\/product"}],"about":[{"href":"https:\/\/szjialu.com\/de\/wp-json\/wp\/v2\/types\/product"}],"replies":[{"embeddable":true,"href":"https:\/\/szjialu.com\/de\/wp-json\/wp\/v2\/comments?post=1666"}],"wp:featuredmedia":[{"embeddable":true,"href":"https:\/\/szjialu.com\/de\/wp-json\/wp\/v2\/media\/1667"}],"wp:attachment":[{"href":"https:\/\/szjialu.com\/de\/wp-json\/wp\/v2\/media?parent=1666"}],"wp:term":[{"taxonomy":"product_brand","embeddable":true,"href":"https:\/\/szjialu.com\/de\/wp-json\/wp\/v2\/product_brand?post=1666"},{"taxonomy":"product_cat","embeddable":true,"href":"https:\/\/szjialu.com\/de\/wp-json\/wp\/v2\/product_cat?post=1666"},{"taxonomy":"product_tag","embeddable":true,"href":"https:\/\/szjialu.com\/de\/wp-json\/wp\/v2\/product_tag?post=1666"}],"curies":[{"name":"wp","href":"https:\/\/api.w.org\/{rel}","templated":true}]}}