{"id":1655,"date":"2026-03-16T13:53:02","date_gmt":"2026-03-16T13:53:02","guid":{"rendered":"https:\/\/szjialu.com\/?post_type=product&#038;p=1655"},"modified":"2026-03-16T13:53:04","modified_gmt":"2026-03-16T13:53:04","slug":"24-w-wechselnetzteil-der-serie-as2406a","status":"publish","type":"product","link":"https:\/\/szjialu.com\/de\/product\/24w-interchangeable-power-adapter-as2406a-series\/","title":{"rendered":"24-W-Wechselnetzteil der Serie AS2406A"},"content":{"rendered":"<h2 data-section-id=\"1p927wt\" data-start=\"227\" data-end=\"246\">Produkt\u00fcbersicht zum austauschbaren 24-W-Netzteil<\/h2>\n<p data-start=\"248\" data-end=\"658\">Der <strong data-start=\"252\" data-end=\"304\">AS2406A Serie 24W Austauschbarer Netzadapter<\/strong> ist eine vielseitige AC\/DC-Stromversorgungsl\u00f6sung, die f\u00fcr weltweit einsetzbare elektronische Ger\u00e4te entwickelt wurde, die eine zuverl\u00e4ssige und effiziente Stromversorgung ben\u00f6tigen. Sie verf\u00fcgt \u00fcber eine <strong data-start=\"441\" data-end=\"480\">modulares austauschbares Steckersystem<\/strong>, Dieser Adapter erm\u00f6glicht es Herstellern und H\u00e4ndlern, dasselbe Netzteil einfach an verschiedene internationale M\u00e4rkte anzupassen, wodurch die Komplexit\u00e4t der Lagerhaltung und die Logistikkosten reduziert werden.<\/p>\n<p data-start=\"660\" data-end=\"872\">Entworfen mit <strong data-start=\"674\" data-end=\"702\">Universaleingang 100\u2013240 V<\/strong>, Dank Energieeffizienzklasse VI und vielf\u00e4ltigen Schutzmechanismen gew\u00e4hrleistet der Adapter eine stabile Leistungsabgabe und langfristige Zuverl\u00e4ssigkeit f\u00fcr kommerzielle und industrielle Ger\u00e4te.<\/p>\n<p data-start=\"874\" data-end=\"1131\">Hergestellt von <strong data-start=\"890\" data-end=\"914\">SZ Jialu Electronics<\/strong>, Dieser Adapter ist ideal f\u00fcr einen professionellen chinesischen Netzteilhersteller. <strong data-start=\"992\" data-end=\"1071\">OEM-Marken, Elektronikhersteller, Distributoren und Systemintegratoren<\/strong> die ben\u00f6tigen <strong data-start=\"1084\" data-end=\"1130\">kundenspezifische Stromversorgungsl\u00f6sungen und Gro\u00dfmengenversorgung<\/strong>.<\/p>\n<h2 data-section-id=\"12eslrt\" data-start=\"1138\" data-end=\"1169\">Hauptmerkmale und Verkaufsargumente<\/h2>\n<h3 data-section-id=\"mw37ve\" data-start=\"1171\" data-end=\"1208\">Global austauschbares Steckerdesign<\/h3>\n<p data-start=\"1209\" data-end=\"1427\">Der <strong data-start=\"1213\" data-end=\"1244\">austauschbares Steckersystem<\/strong> erm\u00f6glicht es, mit einem einzigen Netzteil mehrere Steckertypen (UK, US, EU, AU) zu unterst\u00fctzen, wodurch es f\u00fcr Marken einfacher wird, Produkte in verschiedenen Regionen zu verkaufen, ohne das Netzteil neu gestalten zu m\u00fcssen.<\/p>\n<p data-start=\"1429\" data-end=\"1446\">Zu den Vorteilen geh\u00f6ren:<\/p>\n<ul data-start=\"1448\" data-end=\"1554\">\n<li data-section-id=\"zd8v5x\" data-start=\"1448\" data-end=\"1474\">\n<p data-start=\"1450\" data-end=\"1474\">Reduzierte SKU-Komplexit\u00e4t<\/p>\n<\/li>\n<li data-section-id=\"41vs8x\" data-start=\"1475\" data-end=\"1514\">\n<p data-start=\"1477\" data-end=\"1514\">Niedrigere Logistik- und Lagerkosten<\/p>\n<\/li>\n<li data-section-id=\"iokhnc\" data-start=\"1515\" data-end=\"1554\">\n<p data-start=\"1517\" data-end=\"1554\">Schnellere Expansion auf internationale M\u00e4rkte<\/p>\n<\/li>\n<\/ul>\n<h3 data-section-id=\"pu4g2k\" data-start=\"1556\" data-end=\"1582\">Universelle Eingangsspannung<\/h3>\n<p data-start=\"1583\" data-end=\"1691\">Unterst\u00fctzt <strong data-start=\"1592\" data-end=\"1623\">100-240 V Wechselstromeingang (50\/60 Hz)<\/strong>, Dadurch ist der Adapter mit den weltweiten elektrischen Standards kompatibel.<\/p>\n<p data-start=\"1693\" data-end=\"1784\">Dadurch eignet es sich f\u00fcr den weltweiten Produkteinsatz ohne zus\u00e4tzliche Spannungswandler.<\/p>\n<h3 data-section-id=\"11f27zu\" data-start=\"1786\" data-end=\"1812\">Mehrere Ausgabeoptionen<\/h3>\n<p data-start=\"1814\" data-end=\"1911\">Die AS2406A-Serie unterst\u00fctzt mehrere Ausgangskonfigurationen, um unterschiedlichen Ger\u00e4teanforderungen gerecht zu werden:<\/p>\n<ul data-start=\"1913\" data-end=\"1952\">\n<li data-section-id=\"hael72\" data-start=\"1913\" data-end=\"1925\">\n<p data-start=\"1915\" data-end=\"1925\"><strong data-start=\"1915\" data-end=\"1925\">12 V 2 A<\/strong><\/p>\n<\/li>\n<li data-section-id=\"oladoy\" data-start=\"1926\" data-end=\"1940\">\n<p data-start=\"1928\" data-end=\"1940\"><strong data-start=\"1928\" data-end=\"1940\">24 V 0,5 A<\/strong><\/p>\n<\/li>\n<li data-section-id=\"3knhr2\" data-start=\"1941\" data-end=\"1952\">\n<p data-start=\"1943\" data-end=\"1952\"><strong data-start=\"1943\" data-end=\"1952\">5V 4A<\/strong><\/p>\n<\/li>\n<\/ul>\n<p data-start=\"1954\" data-end=\"2048\">Durch diese Flexibilit\u00e4t eignet sich der Adapter f\u00fcr eine breite Palette von Elektronik- und Smart-Ger\u00e4ten.<\/p>\n<h3 data-section-id=\"l1witg\" data-start=\"2050\" data-end=\"2086\">Hohe Energieeffizienz \u2013 Stufe VI<\/h3>\n<p data-start=\"2088\" data-end=\"2162\">Der Adapter erf\u00fcllt <strong data-start=\"2106\" data-end=\"2150\">DOE-Energieeffizienzstandards der Stufe VI<\/strong>, Bereitstellung von:<\/p>\n<ul data-start=\"2164\" data-end=\"2281\">\n<li data-section-id=\"1pp4pwm\" data-start=\"2164\" data-end=\"2199\">\n<p data-start=\"2166\" data-end=\"2199\">Geringerer Standby-Stromverbrauch<\/p>\n<\/li>\n<li data-section-id=\"1uxvx8j\" data-start=\"2200\" data-end=\"2227\">\n<p data-start=\"2202\" data-end=\"2227\">Verbesserte Energieeinsparungen<\/p>\n<\/li>\n<li data-section-id=\"1kz3hpu\" data-start=\"2228\" data-end=\"2255\">\n<p data-start=\"2230\" data-end=\"2255\">Reduzierte W\u00e4rmeerzeugung<\/p>\n<\/li>\n<li data-section-id=\"9ktuyc\" data-start=\"2256\" data-end=\"2281\">\n<p data-start=\"2258\" data-end=\"2281\">L\u00e4ngere Produktlebensdauer<\/p>\n<\/li>\n<\/ul>\n<h3 data-section-id=\"1iz6b2u\" data-start=\"2283\" data-end=\"2317\">Umfassender Sicherheitsschutz<\/h3>\n<p data-start=\"2319\" data-end=\"2419\">Um einen sicheren und zuverl\u00e4ssigen Betrieb zu gew\u00e4hrleisten, verf\u00fcgt der Adapter \u00fcber integrierte intelligente Schutzsysteme:<\/p>\n<ul data-start=\"2421\" data-end=\"2569\">\n<li data-section-id=\"1m9ljjt\" data-start=\"2421\" data-end=\"2457\">\n<p data-start=\"2423\" data-end=\"2457\"><strong data-start=\"2423\" data-end=\"2457\">SCP \u2013 Kurzschlussschutz<\/strong><\/p>\n<\/li>\n<li data-section-id=\"1m5khcz\" data-start=\"2458\" data-end=\"2493\">\n<p data-start=\"2460\" data-end=\"2493\"><strong data-start=\"2460\" data-end=\"2493\">OCP \u2013 \u00dcberstromschutz<\/strong><\/p>\n<\/li>\n<li data-section-id=\"1e3xwnx\" data-start=\"2494\" data-end=\"2529\">\n<p data-start=\"2496\" data-end=\"2529\"><strong data-start=\"2496\" data-end=\"2529\">OVP \u2013 \u00dcberspannungsschutz<\/strong><\/p>\n<\/li>\n<li data-section-id=\"1eq0b3l\" data-start=\"2530\" data-end=\"2569\">\n<p data-start=\"2532\" data-end=\"2569\"><strong data-start=\"2532\" data-end=\"2569\">OTP \u2013 \u00dcbertemperaturschutz<\/strong><\/p>\n<\/li>\n<\/ul>\n<p data-start=\"2571\" data-end=\"2650\">Diese Sicherheitsfunktionen sch\u00fctzen sowohl das Netzteil als auch die angeschlossenen Ger\u00e4te.<\/p>\n<h3 data-section-id=\"1yqans9\" data-start=\"2652\" data-end=\"2685\">Langlebiges, feuerbest\u00e4ndiges Geh\u00e4use<\/h3>\n<p data-start=\"2687\" data-end=\"2770\">Das Geh\u00e4use besteht aus <strong data-start=\"2714\" data-end=\"2758\">hochwertiges, flammhemmendes PC-Material<\/strong>, Bereitstellung von:<\/p>\n<ul data-start=\"2772\" data-end=\"2853\">\n<li data-section-id=\"h9ek7n\" data-start=\"2772\" data-end=\"2791\">\n<p data-start=\"2774\" data-end=\"2791\">Hitzebest\u00e4ndigkeit<\/p>\n<\/li>\n<li data-section-id=\"1b2fsvd\" data-start=\"2792\" data-end=\"2813\">\n<p data-start=\"2794\" data-end=\"2813\">Schlagfestigkeit<\/p>\n<\/li>\n<li data-section-id=\"sa0z92\" data-start=\"2814\" data-end=\"2853\">\n<p data-start=\"2816\" data-end=\"2853\">Verbesserte Haltbarkeit f\u00fcr den Langzeiteinsatz<\/p>\n<\/li>\n<\/ul>\n<h2 data-section-id=\"zjxypn\" data-start=\"2860\" data-end=\"2886\">Technische Spezifikationen<\/h2>\n<div class=\"TyagGW_tableContainer\">\n<div class=\"group TyagGW_tableWrapper flex flex-col-reverse w-fit\" tabindex=\"-1\">\n<table class=\"w-fit min-w-(--thread-content-width)\" data-start=\"2888\" data-end=\"3492\">\n<thead data-start=\"2888\" data-end=\"2917\">\n<tr data-start=\"2888\" data-end=\"2917\">\n<th class=\"\" data-start=\"2888\" data-end=\"2900\" data-col-size=\"sm\">Parameter<\/th>\n<th class=\"\" data-start=\"2900\" data-end=\"2917\" data-col-size=\"sm\">Spezifikation<\/th>\n<\/tr>\n<\/thead>\n<tbody data-start=\"2928\" data-end=\"3492\">\n<tr data-start=\"2928\" data-end=\"2980\">\n<td data-start=\"2928\" data-end=\"2943\" data-col-size=\"sm\">Produktname<\/td>\n<td data-col-size=\"sm\" data-start=\"2943\" data-end=\"2980\">24-W-Wechselnetzteil<\/td>\n<\/tr>\n<tr data-start=\"2981\" data-end=\"3014\">\n<td data-start=\"2981\" data-end=\"2996\" data-col-size=\"sm\">Modellnummer<\/td>\n<td data-start=\"2996\" data-end=\"3014\" data-col-size=\"sm\">AS2406A-Serie<\/td>\n<\/tr>\n<tr data-start=\"3015\" data-end=\"3042\">\n<td data-start=\"3015\" data-end=\"3033\" data-col-size=\"sm\">Herkunftsort<\/td>\n<td data-col-size=\"sm\" data-start=\"3033\" data-end=\"3042\">China<\/td>\n<\/tr>\n<tr data-start=\"3043\" data-end=\"3074\">\n<td data-start=\"3043\" data-end=\"3059\" data-col-size=\"sm\">Eingangsspannung<\/td>\n<td data-start=\"3059\" data-end=\"3074\" data-col-size=\"sm\">100-240 V Wechselstrom<\/td>\n<\/tr>\n<tr data-start=\"3075\" data-end=\"3104\">\n<td data-start=\"3075\" data-end=\"3093\" data-col-size=\"sm\">Eingangsfrequenz<\/td>\n<td data-start=\"3093\" data-end=\"3104\" data-col-size=\"sm\">50\/60 Hz<\/td>\n<\/tr>\n<tr data-start=\"3105\" data-end=\"3133\">\n<td data-start=\"3105\" data-end=\"3121\" data-col-size=\"sm\">Eingangsstrom<\/td>\n<td data-start=\"3121\" data-end=\"3133\" data-col-size=\"sm\">0,8 A Max.<\/td>\n<\/tr>\n<tr data-start=\"3134\" data-end=\"3180\">\n<td data-start=\"3134\" data-end=\"3151\" data-col-size=\"sm\">Ausgabeoptionen<\/td>\n<td data-start=\"3151\" data-end=\"3180\" data-col-size=\"sm\">12 V 2 A \/ 24 V 0,5 A \/ 5 V 4 A<\/td>\n<\/tr>\n<tr data-start=\"3181\" data-end=\"3209\">\n<td data-start=\"3181\" data-end=\"3202\" data-col-size=\"sm\">Gesamtausgangsleistung<\/td>\n<td data-col-size=\"sm\" data-start=\"3202\" data-end=\"3209\">24W<\/td>\n<\/tr>\n<tr data-start=\"3210\" data-end=\"3249\">\n<td data-start=\"3210\" data-end=\"3222\" data-col-size=\"sm\">Steckertyp<\/td>\n<td data-col-size=\"sm\" data-start=\"3222\" data-end=\"3249\">UK-Wechselstecker<\/td>\n<\/tr>\n<tr data-start=\"3250\" data-end=\"3281\">\n<td data-start=\"3250\" data-end=\"3269\" data-col-size=\"sm\">Effizienzniveau<\/td>\n<td data-col-size=\"sm\" data-start=\"3269\" data-end=\"3281\">Stufe VI<\/td>\n<\/tr>\n<tr data-start=\"3282\" data-end=\"3323\">\n<td data-start=\"3282\" data-end=\"3301\" data-col-size=\"sm\">Geh\u00e4usematerial<\/td>\n<td data-start=\"3301\" data-end=\"3323\" data-col-size=\"sm\">PC Flammschutzmittel<\/td>\n<\/tr>\n<tr data-start=\"3324\" data-end=\"3349\">\n<td data-start=\"3324\" data-end=\"3332\" data-col-size=\"sm\">Farbe<\/td>\n<td data-start=\"3332\" data-end=\"3349\" data-col-size=\"sm\">Schwarz\/Wei\u00df<\/td>\n<\/tr>\n<tr data-start=\"3350\" data-end=\"3388\">\n<td data-start=\"3350\" data-end=\"3363\" data-col-size=\"sm\">Schutz<\/td>\n<td data-start=\"3363\" data-end=\"3388\" data-col-size=\"sm\">SCP \/ OCP \/ OVP \/ OTP<\/td>\n<\/tr>\n<tr data-start=\"3389\" data-end=\"3446\">\n<td data-start=\"3389\" data-end=\"3406\" data-col-size=\"sm\">Zertifizierungen<\/td>\n<td data-start=\"3406\" data-end=\"3446\" data-col-size=\"sm\">UL, FCC, CE, UKCA, KC, SAA, PSE, CCC<\/td>\n<\/tr>\n<tr data-start=\"3447\" data-end=\"3469\">\n<td data-start=\"3447\" data-end=\"3459\" data-col-size=\"sm\">Verpackung<\/td>\n<td data-start=\"3459\" data-end=\"3469\" data-col-size=\"sm\">PE-Beutel<\/td>\n<\/tr>\n<tr data-start=\"3470\" data-end=\"3492\">\n<td data-start=\"3470\" data-end=\"3481\" data-col-size=\"sm\">Garantie<\/td>\n<td data-start=\"3481\" data-end=\"3492\" data-col-size=\"sm\">2 Jahre<\/td>\n<\/tr>\n<\/tbody>\n<\/table>\n<\/div>\n<\/div>\n<h2 data-section-id=\"bazihh\" data-start=\"3499\" data-end=\"3521\">Typische Anwendungen<\/h2>\n<p data-start=\"3523\" data-end=\"3679\">Der <strong data-start=\"3527\" data-end=\"3570\">24-W-Wechselnetzteil (AC\/DC)<\/strong> wird in der kommerziellen Elektronik und in industriellen Ger\u00e4ten, die eine stabile und effiziente Stromversorgung erfordern, h\u00e4ufig eingesetzt.<\/p>\n<p data-start=\"3681\" data-end=\"3710\">Typische Anwendungsgebiete sind:<\/p>\n<ul data-start=\"3712\" data-end=\"3970\">\n<li data-section-id=\"pp16zz\" data-start=\"3712\" data-end=\"3745\">\n<p data-start=\"3714\" data-end=\"3745\">Sicherheits\u00fcberwachungssysteme<\/p>\n<\/li>\n<li data-section-id=\"r2zm1g\" data-start=\"3746\" data-end=\"3770\">\n<p data-start=\"3748\" data-end=\"3770\">Smart-Home-Ger\u00e4te<\/p>\n<\/li>\n<li data-section-id=\"18x6pf2\" data-start=\"3771\" data-end=\"3816\">\n<p data-start=\"3773\" data-end=\"3816\">Netzwerkrouter und Kommunikationsger\u00e4te<\/p>\n<\/li>\n<li data-section-id=\"x0ospg\" data-start=\"3817\" data-end=\"3854\">\n<p data-start=\"3819\" data-end=\"3854\">Kassensysteme und Zahlungsterminals<\/p>\n<\/li>\n<li data-section-id=\"12lgoac\" data-start=\"3855\" data-end=\"3883\">\n<p data-start=\"3857\" data-end=\"3883\">LED-Beleuchtungssteuerungen<\/p>\n<\/li>\n<li data-section-id=\"1um754u\" data-start=\"3884\" data-end=\"3914\">\n<p data-start=\"3886\" data-end=\"3914\">Industrielle Steuerungssysteme<\/p>\n<\/li>\n<li data-section-id=\"1ss8nc5\" data-start=\"3915\" data-end=\"3947\">\n<p data-start=\"3917\" data-end=\"3947\">Medizinische Peripherieger\u00e4te<\/p>\n<\/li>\n<li data-section-id=\"va2yxz\" data-start=\"3948\" data-end=\"3970\">\n<p data-start=\"3950\" data-end=\"3970\">Unterhaltungselektronik<\/p>\n<\/li>\n<\/ul>\n<p data-start=\"3972\" data-end=\"4095\">Durch das austauschbare Steckerdesign eignet es sich besonders f\u00fcr <strong data-start=\"4039\" data-end=\"4094\">Produkte, die auf mehreren internationalen M\u00e4rkten verkauft werden<\/strong>.<\/p>\n<h2 data-section-id=\"18ja9ys\" data-start=\"4102\" data-end=\"4132\">OEM- und Anpassungsdienstleistungen<\/h2>\n<p data-start=\"4134\" data-end=\"4243\">Als <strong data-start=\"4139\" data-end=\"4182\">professioneller Hersteller von Netzteilen<\/strong>, Wir bieten flexible Anpassungsdienstleistungen f\u00fcr B2B-Kunden an.<\/p>\n<p data-start=\"4245\" data-end=\"4275\">Zu den Anpassungsoptionen geh\u00f6ren:<\/p>\n<ul data-start=\"4277\" data-end=\"4504\">\n<li data-section-id=\"1qsvz0y\" data-start=\"4277\" data-end=\"4319\">\n<p data-start=\"4279\" data-end=\"4319\">Unterschiedliche Ausgangsspannungen und -str\u00f6me<\/p>\n<\/li>\n<li data-section-id=\"qyit3h\" data-start=\"4320\" data-end=\"4359\">\n<p data-start=\"4322\" data-end=\"4359\">Austauschbare Steckerkonfigurationen<\/p>\n<\/li>\n<li data-section-id=\"fnogsn\" data-start=\"4360\" data-end=\"4382\">\n<p data-start=\"4362\" data-end=\"4382\">DC-Steckverbindertypen<\/p>\n<\/li>\n<li data-section-id=\"whapsw\" data-start=\"4383\" data-end=\"4413\">\n<p data-start=\"4385\" data-end=\"4413\">Anpassung der Kabell\u00e4nge<\/p>\n<\/li>\n<li data-section-id=\"2b31gy\" data-start=\"4414\" data-end=\"4452\">\n<p data-start=\"4416\" data-end=\"4452\">Logodruck und Private Labeling<\/p>\n<\/li>\n<li data-section-id=\"12yn5r6\" data-start=\"4453\" data-end=\"4480\">\n<p data-start=\"4455\" data-end=\"4480\">Design von Einzelhandelsverpackungen<\/p>\n<\/li>\n<li data-section-id=\"1w7kz5g\" data-start=\"4481\" data-end=\"4504\">\n<p data-start=\"4483\" data-end=\"4504\">Sonderfarben f\u00fcr das Geh\u00e4use<\/p>\n<\/li>\n<\/ul>\n<p data-start=\"4506\" data-end=\"4608\">Unser Ingenieurteam kann auch bei der Entwicklung helfen <strong data-start=\"4549\" data-end=\"4607\">Kundenspezifische Stromversorgungsl\u00f6sungen f\u00fcr spezifische elektronische Ger\u00e4te<\/strong>.<\/p>\n<h2 data-section-id=\"1qf1f1a\" data-start=\"4615\" data-end=\"4648\">Warum Sie sich f\u00fcr SZ Jialu Electronics entscheiden sollten<\/h2>\n<h3 data-section-id=\"jgh66c\" data-start=\"4650\" data-end=\"4690\">Erfahrener Netzteilhersteller<\/h3>\n<p data-start=\"4691\" data-end=\"4808\">Wir sind spezialisiert auf die Entwicklung und Herstellung von <strong data-start=\"4745\" data-end=\"4807\">Netzadapter, USB-Ladeger\u00e4te und Schaltnetzteile<\/strong>.<\/p>\n<h3 data-section-id=\"1p7d6yf\" data-start=\"4810\" data-end=\"4837\">Globale Marktkonformit\u00e4t<\/h3>\n<p data-start=\"4838\" data-end=\"4988\">Unsere Produkte entsprechen internationalen Zertifizierungen wie z. B. <strong data-start=\"4900\" data-end=\"4944\">UL, CE, FCC, UKCA, KC, SAA, PSE und CCC<\/strong>, um einen reibungslosen Eintritt in die globalen M\u00e4rkte zu gew\u00e4hrleisten.<\/p>\n<h3 data-section-id=\"19x41qv\" data-start=\"4990\" data-end=\"5017\">Zuverl\u00e4ssige Qualit\u00e4tskontrolle<\/h3>\n<p data-start=\"5018\" data-end=\"5077\">Jedes Produkt durchl\u00e4uft eine strenge Qualit\u00e4tspr\u00fcfung, die Folgendes umfasst:<\/p>\n<ul data-start=\"5079\" data-end=\"5180\">\n<li data-section-id=\"1ex81vs\" data-start=\"5079\" data-end=\"5113\">\n<p data-start=\"5081\" data-end=\"5113\">Pr\u00fcfung der elektrischen Leistungsf\u00e4higkeit<\/p>\n<\/li>\n<li data-section-id=\"1kjf63v\" data-start=\"5114\" data-end=\"5129\">\n<p data-start=\"5116\" data-end=\"5129\">Alterungstests<\/p>\n<\/li>\n<li data-section-id=\"6i8bd9\" data-start=\"5130\" data-end=\"5153\">\n<p data-start=\"5132\" data-end=\"5153\">Sicherheits\u00fcberpr\u00fcfung<\/p>\n<\/li>\n<li data-section-id=\"16wsz87\" data-start=\"5154\" data-end=\"5180\">\n<p data-start=\"5156\" data-end=\"5180\">Endkontrolle<\/p>\n<\/li>\n<\/ul>\n<h3 data-section-id=\"x4rw8e\" data-start=\"5182\" data-end=\"5212\">Flexible OEM\/ODM-F\u00e4higkeiten<\/h3>\n<p data-start=\"5213\" data-end=\"5301\">Wir unterst\u00fctzen <strong data-start=\"5224\" data-end=\"5267\">Kundenspezifische Produktentwicklung und Markenbildung<\/strong> f\u00fcr Elektronikmarken weltweit.<\/p>\n<h3 data-section-id=\"sq0zm7\" data-start=\"5303\" data-end=\"5337\">Stabile Massenproduktionskapazit\u00e4t<\/h3>\n<p data-start=\"5338\" data-end=\"5442\">Unsere Produktionsanlagen gew\u00e4hrleisten <strong data-start=\"5374\" data-end=\"5425\">stabile Produktionskapazit\u00e4t und p\u00fcnktliche Lieferung<\/strong> f\u00fcr Gro\u00dfbestellungen.<\/p>\n<p data-start=\"5444\" data-end=\"5518\">Erfahren Sie mehr \u00fcber unser Unternehmen und unsere Produktl\u00f6sungen:<br data-start=\"5495\" data-end=\"5498\" \/><a class=\"decorated-link\" href=\"https:\/\/szjialu.com\/de\/\" target=\"_new\" rel=\"noopener\" data-start=\"5498\" data-end=\"5518\">https:\/\/szjialu.com\/<\/a><\/p>\n<h2 data-section-id=\"1mpc0g\" data-start=\"5525\" data-end=\"5530\">H\u00e4ufig gestellte Fragen<\/h2>\n<h3 data-section-id=\"1jhue8q\" data-start=\"5532\" data-end=\"5579\">1. Was ist ein austauschbares Netzteil?<\/h3>\n<p data-start=\"5580\" data-end=\"5748\">Ein austauschbares Netzteil verwendet <strong data-start=\"5618\" data-end=\"5643\">abnehmbare Steckerk\u00f6pfe<\/strong>, Dadurch kann dasselbe Netzteil verschiedene regionale Steckerstandards wie US, EU, UK und AU unterst\u00fctzen.<\/p>\n<h3 data-section-id=\"dsmzl9\" data-start=\"5750\" data-end=\"5799\">2. Unterst\u00fctzen Sie OEM- oder Private-Label-Auftr\u00e4ge?<\/h3>\n<p data-start=\"5800\" data-end=\"5915\">Ja. Wir bieten an <strong data-start=\"5816\" data-end=\"5840\">OEM- und ODM-Dienstleistungen<\/strong>, einschlie\u00dflich Logodruck, kundenspezifischer Verpackungen und Produktmodifikationen.<\/p>\n<h3 data-section-id=\"137ozxl\" data-start=\"5917\" data-end=\"5960\">3. L\u00e4sst sich die Ausgangsspannung anpassen?<\/h3>\n<p data-start=\"5961\" data-end=\"6081\">Ja. Wir k\u00f6nnen es anpassen. <strong data-start=\"5987\" data-end=\"6046\">Ausgangsspannung, Stromst\u00e4rke, Kabell\u00e4nge und DC-Anschluss<\/strong> basierend auf den Anforderungen Ihres Ger\u00e4ts.<\/p>\n<h3 data-section-id=\"l58od8\" data-start=\"6083\" data-end=\"6135\">4. Wie lange ist die \u00fcbliche Lieferzeit f\u00fcr Gro\u00dfbestellungen?<\/h3>\n<p data-start=\"6136\" data-end=\"6274\">Die Lieferzeit h\u00e4ngt von der Bestellmenge und den individuellen Anpassungsw\u00fcnschen ab, aber wir sind bestrebt, diese so kurz wie m\u00f6glich zu halten. <strong data-start=\"6229\" data-end=\"6273\">effiziente Produktion und p\u00fcnktliche Lieferung<\/strong>.<\/p>\n<h3 data-section-id=\"115bnvz\" data-start=\"6276\" data-end=\"6309\">5. Welche Garantie bieten Sie an?<\/h3>\n<p data-start=\"6310\" data-end=\"6387\">Dieses Produkt wird mit einem <strong data-start=\"6336\" data-end=\"6355\">2 Jahre Garantie<\/strong> Abdeckung von Herstellungsfehlern.<\/p>","protected":false},"excerpt":{"rendered":"<p>Produktname: 24-W-Wechselnetzteil<br \/>\nModellnummer: Serie AS2406A<br \/>\nHerkunftsort: China<br \/>\nEingangsspannung: 100\u2013240 V Wechselstrom<br \/>\nEingangsfrequenz: 50\/60 Hz<br \/>\nEingangsstrom: max. 0,8 A<br \/>\nAusgangsoptionen: 12 V 2 A \/ 24 V 0,5 A \/ 5 V 4 A<br \/>\nGesamtausgangsleistung: 24 W<br \/>\nSteckertyp: UK-Wechselstecker<br \/>\nEffizienzstufe: Stufe VI<br \/>\nGeh\u00e4usematerial: PC, flammhemmend<br \/>\nFarbe: Schwarz \/ Wei\u00df<br \/>\nSchutz: SCP \/ OCP \/ OVP \/ OTP<br \/>\nZertifizierungen: UL, FCC, CE, UKCA, KC, SAA, PSE, CCC<br \/>\nVerpackung: PE-Beutel<br \/>\nGarantie: 2 Jahre<\/p>","protected":false},"featured_media":1656,"comment_status":"open","ping_status":"closed","template":"","meta":{"_acf_changed":false,"site-sidebar-layout":"default","site-content-layout":"","ast-site-content-layout":"default","site-content-style":"default","site-sidebar-style":"default","ast-global-header-display":"","ast-banner-title-visibility":"","ast-main-header-display":"","ast-hfb-above-header-display":"","ast-hfb-below-header-display":"","ast-hfb-mobile-header-display":"","site-post-title":"","ast-breadcrumbs-content":"","ast-featured-img":"","footer-sml-layout":"","ast-disable-related-posts":"","theme-transparent-header-meta":"default","adv-header-id-meta":"","stick-header-meta":"","header-above-stick-meta":"","header-main-stick-meta":"","header-below-stick-meta":"","astra-migrate-meta-layouts":"set","ast-page-background-enabled":"default","ast-page-background-meta":{"desktop":{"background-color":"var(--ast-global-color-5)","background-image":"","background-repeat":"repeat","background-position":"center center","background-size":"auto","background-attachment":"scroll","background-type":"","background-media":"","overlay-type":"","overlay-color":"","overlay-opacity":"","overlay-gradient":""},"tablet":{"background-color":"","background-image":"","background-repeat":"repeat","background-position":"center center","background-size":"auto","background-attachment":"scroll","background-type":"","background-media":"","overlay-type":"","overlay-color":"","overlay-opacity":"","overlay-gradient":""},"mobile":{"background-color":"","background-image":"","background-repeat":"repeat","background-position":"center center","background-size":"auto","background-attachment":"scroll","background-type":"","background-media":"","overlay-type":"","overlay-color":"","overlay-opacity":"","overlay-gradient":""}},"ast-content-background-meta":{"desktop":{"background-color":"var(--ast-global-color-4)","background-image":"","background-repeat":"repeat","background-position":"center center","background-size":"auto","background-attachment":"scroll","background-type":"","background-media":"","overlay-type":"","overlay-color":"","overlay-opacity":"","overlay-gradient":""},"tablet":{"background-color":"var(--ast-global-color-4)","background-image":"","background-repeat":"repeat","background-position":"center center","background-size":"auto","background-attachment":"scroll","background-type":"","background-media":"","overlay-type":"","overlay-color":"","overlay-opacity":"","overlay-gradient":""},"mobile":{"background-color":"var(--ast-global-color-4)","background-image":"","background-repeat":"repeat","background-position":"center center","background-size":"auto","background-attachment":"scroll","background-type":"","background-media":"","overlay-type":"","overlay-color":"","overlay-opacity":"","overlay-gradient":""}}},"product_brand":[],"product_cat":[55,32],"product_tag":[289,287,288],"class_list":{"0":"post-1655","1":"product","2":"type-product","3":"status-publish","4":"has-post-thumbnail","6":"product_cat-interchangeable-plug-power-adapter","7":"product_cat-power-adapter","8":"product_tag-12v-2a-power-adapter-manufacturer","9":"product_tag-24w-interchangeable-power-adapter","10":"product_tag-interchangeable-plug-power-adapter","11":"desktop-align-left","12":"tablet-align-left","13":"mobile-align-left","15":"first","16":"instock","17":"shipping-taxable","18":"product-type-simple"},"acf":[],"_links":{"self":[{"href":"https:\/\/szjialu.com\/de\/wp-json\/wp\/v2\/product\/1655","targetHints":{"allow":["GET"]}}],"collection":[{"href":"https:\/\/szjialu.com\/de\/wp-json\/wp\/v2\/product"}],"about":[{"href":"https:\/\/szjialu.com\/de\/wp-json\/wp\/v2\/types\/product"}],"replies":[{"embeddable":true,"href":"https:\/\/szjialu.com\/de\/wp-json\/wp\/v2\/comments?post=1655"}],"wp:featuredmedia":[{"embeddable":true,"href":"https:\/\/szjialu.com\/de\/wp-json\/wp\/v2\/media\/1656"}],"wp:attachment":[{"href":"https:\/\/szjialu.com\/de\/wp-json\/wp\/v2\/media?parent=1655"}],"wp:term":[{"taxonomy":"product_brand","embeddable":true,"href":"https:\/\/szjialu.com\/de\/wp-json\/wp\/v2\/product_brand?post=1655"},{"taxonomy":"product_cat","embeddable":true,"href":"https:\/\/szjialu.com\/de\/wp-json\/wp\/v2\/product_cat?post=1655"},{"taxonomy":"product_tag","embeddable":true,"href":"https:\/\/szjialu.com\/de\/wp-json\/wp\/v2\/product_tag?post=1655"}],"curies":[{"name":"wp","href":"https:\/\/api.w.org\/{rel}","templated":true}]}}