{"id":1651,"date":"2026-03-16T13:40:10","date_gmt":"2026-03-16T13:40:10","guid":{"rendered":"https:\/\/szjialu.com\/?post_type=product&#038;p=1651"},"modified":"2026-03-16T13:40:13","modified_gmt":"2026-03-16T13:40:13","slug":"24-w-netzteil-der-serie-as2406a","status":"publish","type":"product","link":"https:\/\/szjialu.com\/de\/product\/24w-power-adapter-as2406a-series\/","title":{"rendered":"24-W-Netzteil der Serie AS2406A"},"content":{"rendered":"<h2 data-section-id=\"1p927wt\" data-start=\"306\" data-end=\"325\">Produkt\u00fcbersicht zum 24-W-Netzteil<\/h2>\n<p data-start=\"327\" data-end=\"756\">Der <strong data-start=\"331\" data-end=\"367\">AS2406A Serie 24W Netzteil<\/strong> Es handelt sich um ein hocheffizientes AC\/DC-Netzteil, das f\u00fcr einen stabilen und dauerhaften Betrieb einer Vielzahl elektronischer Ger\u00e4te entwickelt wurde. Dieser Adapter ist weltweit kompatibel und unterst\u00fctzt \u2026 <strong data-start=\"554\" data-end=\"582\">Universaleingang 100-240 V<\/strong> und ist ausgestattet mit einem <strong data-start=\"606\" data-end=\"626\">UK-Standardstecker<\/strong>, Dadurch eignet es sich f\u00fcr M\u00e4rkte wie Gro\u00dfbritannien, Singapur, Hongkong und andere Regionen, die den britischen Steckdosenstandard verwenden.<\/p>\n<p data-start=\"758\" data-end=\"1048\">Erstellt mit <strong data-start=\"769\" data-end=\"811\">hochwertiges, feuerfestes PC-Geh\u00e4use<\/strong> Dank fortschrittlicher Schutzschaltungen bietet der Adapter eine zuverl\u00e4ssige Leistung f\u00fcr industrielle und kommerzielle Ger\u00e4te. <strong data-start=\"932\" data-end=\"973\">Einhaltung der Energieeffizienzklasse VI<\/strong>, Es reduziert den Stromverbrauch im Standby-Modus bei gleichbleibender Leistung.<\/p>\n<p data-start=\"1050\" data-end=\"1264\">Als <strong data-start=\"1055\" data-end=\"1106\">professioneller chinesischer Hersteller von Netzteilen<\/strong>, <strong data-start=\"1108\" data-end=\"1132\">SZ Jialu Electronics<\/strong> Angebote <strong data-start=\"1140\" data-end=\"1201\">OEM\/ODM-Anpassung, Serienproduktion und stabile Versorgung<\/strong> f\u00fcr globale Distributoren, Markeninhaber und Systemintegratoren.<\/p>\n<h2 data-section-id=\"12eslrt\" data-start=\"1271\" data-end=\"1302\">Hauptmerkmale und Verkaufsargumente<\/h2>\n<h3 data-section-id=\"10hpb8l\" data-start=\"1304\" data-end=\"1345\">1. Universeller Input f\u00fcr globale M\u00e4rkte<\/h3>\n<p data-start=\"1346\" data-end=\"1494\">Unterst\u00fctzt <strong data-start=\"1355\" data-end=\"1376\">100-240 V Wechselstromeingang<\/strong>, Dadurch eignet es sich f\u00fcr weltweite elektrische Systeme und vereinfacht die Produkteinf\u00fchrung auf internationalen M\u00e4rkten.<\/p>\n<h3 data-section-id=\"m7dxl1\" data-start=\"1496\" data-end=\"1526\">2. Mehrere Ausgabeoptionen<\/h3>\n<p data-start=\"1527\" data-end=\"1613\">Es stehen flexible Ausgangskonfigurationen zur Verf\u00fcgung, um unterschiedliche Ger\u00e4teanforderungen zu erf\u00fcllen:<\/p>\n<ul data-start=\"1615\" data-end=\"1654\">\n<li data-section-id=\"hael72\" data-start=\"1615\" data-end=\"1627\">\n<p data-start=\"1617\" data-end=\"1627\"><strong data-start=\"1617\" data-end=\"1627\">12 V 2 A<\/strong><\/p>\n<\/li>\n<li data-section-id=\"oladoy\" data-start=\"1628\" data-end=\"1642\">\n<p data-start=\"1630\" data-end=\"1642\"><strong data-start=\"1630\" data-end=\"1642\">24 V 0,5 A<\/strong><\/p>\n<\/li>\n<li data-section-id=\"3knhr2\" data-start=\"1643\" data-end=\"1654\">\n<p data-start=\"1645\" data-end=\"1654\"><strong data-start=\"1645\" data-end=\"1654\">5V 4A<\/strong><\/p>\n<\/li>\n<\/ul>\n<p data-start=\"1656\" data-end=\"1752\">Diese Optionen erm\u00f6glichen es dem Adapter, verschiedene elektronische Produkte mit stabiler Ausgangsspannung zu versorgen.<\/p>\n<h3 data-section-id=\"1nfyti2\" data-start=\"1754\" data-end=\"1794\">3. Hohe Energieeffizienz \u2013 Stufe VI<\/h3>\n<p data-start=\"1795\" data-end=\"1867\">Entwickelt, um die Anforderungen zu erf\u00fcllen <strong data-start=\"1812\" data-end=\"1856\">DOE-Energieeffizienzstandards der Stufe VI<\/strong>, um Folgendes sicherzustellen:<\/p>\n<ul data-start=\"1869\" data-end=\"1965\">\n<li data-section-id=\"1pp4pwm\" data-start=\"1869\" data-end=\"1904\">\n<p data-start=\"1871\" data-end=\"1904\">Geringerer Standby-Stromverbrauch<\/p>\n<\/li>\n<li data-section-id=\"1kz3hpu\" data-start=\"1905\" data-end=\"1932\">\n<p data-start=\"1907\" data-end=\"1932\">Reduzierte W\u00e4rmeerzeugung<\/p>\n<\/li>\n<li data-section-id=\"1m2vdnz\" data-start=\"1933\" data-end=\"1965\">\n<p data-start=\"1935\" data-end=\"1965\">Verbesserte Langzeitzuverl\u00e4ssigkeit<\/p>\n<\/li>\n<\/ul>\n<h3 data-section-id=\"13u9jov\" data-start=\"1967\" data-end=\"2005\">4. Umfassender Sicherheitsschutz<\/h3>\n<p data-start=\"2006\" data-end=\"2070\">Ein integriertes intelligentes Schutzsystem gew\u00e4hrleistet einen sicheren Betrieb:<\/p>\n<ul data-start=\"2072\" data-end=\"2220\">\n<li data-section-id=\"1m9ljjt\" data-start=\"2072\" data-end=\"2108\">\n<p data-start=\"2074\" data-end=\"2108\"><strong data-start=\"2074\" data-end=\"2108\">SCP \u2013 Kurzschlussschutz<\/strong><\/p>\n<\/li>\n<li data-section-id=\"1m5khcz\" data-start=\"2109\" data-end=\"2144\">\n<p data-start=\"2111\" data-end=\"2144\"><strong data-start=\"2111\" data-end=\"2144\">OCP \u2013 \u00dcberstromschutz<\/strong><\/p>\n<\/li>\n<li data-section-id=\"1e3xwnx\" data-start=\"2145\" data-end=\"2180\">\n<p data-start=\"2147\" data-end=\"2180\"><strong data-start=\"2147\" data-end=\"2180\">OVP \u2013 \u00dcberspannungsschutz<\/strong><\/p>\n<\/li>\n<li data-section-id=\"1eq0b3l\" data-start=\"2181\" data-end=\"2220\">\n<p data-start=\"2183\" data-end=\"2220\"><strong data-start=\"2183\" data-end=\"2220\">OTP \u2013 \u00dcbertemperaturschutz<\/strong><\/p>\n<\/li>\n<\/ul>\n<p data-start=\"2222\" data-end=\"2295\">Diese Schutzmechanismen sch\u00fctzen sowohl das Netzteil als auch die angeschlossenen Ger\u00e4te.<\/p>\n<h3 data-section-id=\"1y4ejvl\" data-start=\"2297\" data-end=\"2332\">5. Globale Sicherheitszertifizierungen<\/h3>\n<p data-start=\"2333\" data-end=\"2440\">Das Produkt erf\u00fcllt zahlreiche internationale Standards und eignet sich daher f\u00fcr den Export in wichtige M\u00e4rkte.<\/p>\n<p data-start=\"2442\" data-end=\"2465\">Zu den Zertifizierungen geh\u00f6ren:<\/p>\n<ul data-start=\"2467\" data-end=\"2544\">\n<li data-section-id=\"eovv5\" data-start=\"2467\" data-end=\"2475\">\n<p data-start=\"2469\" data-end=\"2475\"><strong data-start=\"2469\" data-end=\"2475\">UL<\/strong><\/p>\n<\/li>\n<li data-section-id=\"d6fhse\" data-start=\"2476\" data-end=\"2485\">\n<p data-start=\"2478\" data-end=\"2485\"><strong data-start=\"2478\" data-end=\"2485\">FCC<\/strong><\/p>\n<\/li>\n<li data-section-id=\"eee1a\" data-start=\"2486\" data-end=\"2494\">\n<p data-start=\"2488\" data-end=\"2494\"><strong data-start=\"2488\" data-end=\"2494\">CE<\/strong><\/p>\n<\/li>\n<li data-section-id=\"iarzqs\" data-start=\"2495\" data-end=\"2505\">\n<p data-start=\"2497\" data-end=\"2505\"><strong data-start=\"2497\" data-end=\"2505\">UKCA<\/strong><\/p>\n<\/li>\n<li data-section-id=\"e83nk\" data-start=\"2506\" data-end=\"2514\">\n<p data-start=\"2508\" data-end=\"2514\"><strong data-start=\"2508\" data-end=\"2514\">KC<\/strong><\/p>\n<\/li>\n<li data-section-id=\"difguz\" data-start=\"2515\" data-end=\"2524\">\n<p data-start=\"2517\" data-end=\"2524\"><strong data-start=\"2517\" data-end=\"2524\">SAA<\/strong><\/p>\n<\/li>\n<li data-section-id=\"dfz2oe\" data-start=\"2525\" data-end=\"2534\">\n<p data-start=\"2527\" data-end=\"2534\"><strong data-start=\"2527\" data-end=\"2534\">PSE<\/strong><\/p>\n<\/li>\n<li data-section-id=\"d70aiz\" data-start=\"2535\" data-end=\"2544\">\n<p data-start=\"2537\" data-end=\"2544\"><strong data-start=\"2537\" data-end=\"2544\">CCC<\/strong><\/p>\n<\/li>\n<\/ul>\n<h3 data-section-id=\"1dvfxzt\" data-start=\"2546\" data-end=\"2587\">6. Langlebiges und feuerbest\u00e4ndiges Geh\u00e4use<\/h3>\n<p data-start=\"2588\" data-end=\"2650\">Das Geh\u00e4use besteht aus <strong data-start=\"2613\" data-end=\"2639\">hochwertiges PC-Material<\/strong>, Angebot:<\/p>\n<ul data-start=\"2652\" data-end=\"2714\">\n<li data-section-id=\"16teumg\" data-start=\"2652\" data-end=\"2672\">\n<p data-start=\"2654\" data-end=\"2672\">Flammbest\u00e4ndigkeit<\/p>\n<\/li>\n<li data-section-id=\"1b2fsvd\" data-start=\"2673\" data-end=\"2694\">\n<p data-start=\"2675\" data-end=\"2694\">Schlagfestigkeit<\/p>\n<\/li>\n<li data-section-id=\"1wdzf4p\" data-start=\"2695\" data-end=\"2714\">\n<p data-start=\"2697\" data-end=\"2714\">Lange Lebensdauer<\/p>\n<\/li>\n<\/ul>\n<h2 data-section-id=\"zjxypn\" data-start=\"2721\" data-end=\"2747\">Technische Spezifikationen<\/h2>\n<div class=\"TyagGW_tableContainer\">\n<div class=\"group TyagGW_tableWrapper flex flex-col-reverse w-fit\" tabindex=\"-1\">\n<table class=\"w-fit min-w-(--thread-content-width)\" data-start=\"2749\" data-end=\"3313\">\n<thead data-start=\"2749\" data-end=\"2778\">\n<tr data-start=\"2749\" data-end=\"2778\">\n<th class=\"\" data-start=\"2749\" data-end=\"2761\" data-col-size=\"sm\">Parameter<\/th>\n<th class=\"\" data-start=\"2761\" data-end=\"2778\" data-col-size=\"sm\">Spezifikation<\/th>\n<\/tr>\n<\/thead>\n<tbody data-start=\"2789\" data-end=\"3313\">\n<tr data-start=\"2789\" data-end=\"2825\">\n<td data-start=\"2789\" data-end=\"2804\" data-col-size=\"sm\">Produktname<\/td>\n<td data-start=\"2804\" data-end=\"2825\" data-col-size=\"sm\">24-W-Netzteil<\/td>\n<\/tr>\n<tr data-start=\"2826\" data-end=\"2852\">\n<td data-start=\"2826\" data-end=\"2834\" data-col-size=\"sm\">Modell<\/td>\n<td data-start=\"2834\" data-end=\"2852\" data-col-size=\"sm\">AS2406A-Serie<\/td>\n<\/tr>\n<tr data-start=\"2853\" data-end=\"2884\">\n<td data-start=\"2853\" data-end=\"2869\" data-col-size=\"sm\">Eingangsspannung<\/td>\n<td data-start=\"2869\" data-end=\"2884\" data-col-size=\"sm\">100-240 V Wechselstrom<\/td>\n<\/tr>\n<tr data-start=\"2885\" data-end=\"2914\">\n<td data-start=\"2885\" data-end=\"2903\" data-col-size=\"sm\">Eingangsfrequenz<\/td>\n<td data-start=\"2903\" data-end=\"2914\" data-col-size=\"sm\">50\/60 Hz<\/td>\n<\/tr>\n<tr data-start=\"2915\" data-end=\"2943\">\n<td data-start=\"2915\" data-end=\"2931\" data-col-size=\"sm\">Eingangsstrom<\/td>\n<td data-start=\"2931\" data-end=\"2943\" data-col-size=\"sm\">0,8 A Max.<\/td>\n<\/tr>\n<tr data-start=\"2944\" data-end=\"2990\">\n<td data-start=\"2944\" data-end=\"2961\" data-col-size=\"sm\">Ausgabeoptionen<\/td>\n<td data-start=\"2961\" data-end=\"2990\" data-col-size=\"sm\">12 V 2 A \/ 24 V 0,5 A \/ 5 V 4 A<\/td>\n<\/tr>\n<tr data-start=\"2991\" data-end=\"3013\">\n<td data-start=\"2991\" data-end=\"3006\" data-col-size=\"sm\">Ausgangsleistung<\/td>\n<td data-start=\"3006\" data-end=\"3013\" data-col-size=\"sm\">24W<\/td>\n<\/tr>\n<tr data-start=\"3014\" data-end=\"3043\">\n<td data-start=\"3014\" data-end=\"3032\" data-col-size=\"sm\">Steckdosenstandard<\/td>\n<td data-start=\"3032\" data-end=\"3043\" data-col-size=\"sm\">UK-Stecker<\/td>\n<\/tr>\n<tr data-start=\"3044\" data-end=\"3075\">\n<td data-start=\"3044\" data-end=\"3063\" data-col-size=\"sm\">Effizienzniveau<\/td>\n<td data-start=\"3063\" data-end=\"3075\" data-col-size=\"sm\">Stufe VI<\/td>\n<\/tr>\n<tr data-start=\"3076\" data-end=\"3125\">\n<td data-start=\"3076\" data-end=\"3095\" data-col-size=\"sm\">Geh\u00e4usematerial<\/td>\n<td data-start=\"3095\" data-end=\"3125\" data-col-size=\"sm\">PC-feuerbest\u00e4ndiges Material<\/td>\n<\/tr>\n<tr data-start=\"3126\" data-end=\"3151\">\n<td data-start=\"3126\" data-end=\"3134\" data-col-size=\"sm\">Farbe<\/td>\n<td data-start=\"3134\" data-end=\"3151\" data-col-size=\"sm\">Schwarz\/Wei\u00df<\/td>\n<\/tr>\n<tr data-start=\"3152\" data-end=\"3190\">\n<td data-start=\"3152\" data-end=\"3165\" data-col-size=\"sm\">Schutz<\/td>\n<td data-start=\"3165\" data-end=\"3190\" data-col-size=\"sm\">SCP \/ OCP \/ OVP \/ OTP<\/td>\n<\/tr>\n<tr data-start=\"3191\" data-end=\"3248\">\n<td data-start=\"3191\" data-end=\"3208\" data-col-size=\"sm\">Zertifizierungen<\/td>\n<td data-start=\"3208\" data-end=\"3248\" data-col-size=\"sm\">UL, FCC, CE, UKCA, KC, SAA, PSE, CCC<\/td>\n<\/tr>\n<tr data-start=\"3249\" data-end=\"3271\">\n<td data-start=\"3249\" data-end=\"3261\" data-col-size=\"sm\">Verpackung<\/td>\n<td data-start=\"3261\" data-end=\"3271\" data-col-size=\"sm\">PE-Beutel<\/td>\n<\/tr>\n<tr data-start=\"3272\" data-end=\"3294\">\n<td data-start=\"3272\" data-end=\"3283\" data-col-size=\"sm\">Garantie<\/td>\n<td data-start=\"3283\" data-end=\"3294\" data-col-size=\"sm\">2 Jahre<\/td>\n<\/tr>\n<tr data-start=\"3295\" data-end=\"3313\">\n<td data-start=\"3295\" data-end=\"3304\" data-col-size=\"sm\">Herkunft<\/td>\n<td data-start=\"3304\" data-end=\"3313\" data-col-size=\"sm\">China<\/td>\n<\/tr>\n<\/tbody>\n<\/table>\n<\/div>\n<\/div>\n<h2 data-section-id=\"bazihh\" data-start=\"3320\" data-end=\"3342\">Typische Anwendungen<\/h2>\n<p data-start=\"3344\" data-end=\"3460\">Der <strong data-start=\"3348\" data-end=\"3375\">24-W-AC\/DC-Netzteil<\/strong> wird in der Unterhaltungselektronik, bei Industrieanlagen und intelligenten Ger\u00e4ten weit verbreitet eingesetzt.<\/p>\n<p data-start=\"3462\" data-end=\"3490\">Typische Anwendungsgebiete sind:<\/p>\n<ul data-start=\"3492\" data-end=\"3767\">\n<li data-section-id=\"1gfcwxw\" data-start=\"3492\" data-end=\"3525\">\n<p data-start=\"3494\" data-end=\"3525\"><strong data-start=\"3494\" data-end=\"3525\">Sicherheits\u00fcberwachungssysteme<\/strong><\/p>\n<\/li>\n<li data-section-id=\"1ryqtap\" data-start=\"3526\" data-end=\"3554\">\n<p data-start=\"3528\" data-end=\"3554\"><strong data-start=\"3528\" data-end=\"3554\">LED-Beleuchtungsausr\u00fcstung<\/strong><\/p>\n<\/li>\n<li data-section-id=\"13urulq\" data-start=\"3555\" data-end=\"3602\">\n<p data-start=\"3557\" data-end=\"3602\"><strong data-start=\"3557\" data-end=\"3602\">Netzwerkrouter und Kommunikationsger\u00e4te<\/strong><\/p>\n<\/li>\n<li data-section-id=\"1kq8ifo\" data-start=\"3603\" data-end=\"3642\">\n<p data-start=\"3605\" data-end=\"3642\"><strong data-start=\"3605\" data-end=\"3642\">Kassensysteme und Zahlungsterminals<\/strong><\/p>\n<\/li>\n<li data-section-id=\"4ndpqt\" data-start=\"3643\" data-end=\"3667\">\n<p data-start=\"3645\" data-end=\"3667\"><strong data-start=\"3645\" data-end=\"3667\">Smart-Home-Ger\u00e4te<\/strong><\/p>\n<\/li>\n<li data-section-id=\"y61uo2\" data-start=\"3668\" data-end=\"3702\">\n<p data-start=\"3670\" data-end=\"3702\"><strong data-start=\"3670\" data-end=\"3702\">Industrielle Steuerungstechnik<\/strong><\/p>\n<\/li>\n<li data-section-id=\"1sgf6ck\" data-start=\"3703\" data-end=\"3735\">\n<p data-start=\"3705\" data-end=\"3735\"><strong data-start=\"3705\" data-end=\"3735\">Medizinische Peripherieger\u00e4te<\/strong><\/p>\n<\/li>\n<li data-section-id=\"zuiw6a\" data-start=\"3736\" data-end=\"3767\">\n<p data-start=\"3738\" data-end=\"3767\"><strong data-start=\"3738\" data-end=\"3767\">Digitale Anzeigeger\u00e4te<\/strong><\/p>\n<\/li>\n<\/ul>\n<p data-start=\"3769\" data-end=\"3886\">Dank seiner stabilen Leistung und seines Sicherheitsdesigns ist es ideal f\u00fcr <strong data-start=\"3832\" data-end=\"3885\">OEM-Ausr\u00fcstungshersteller und Markenintegratoren<\/strong>.<\/p>\n<h2 data-section-id=\"fh4p4m\" data-start=\"3893\" data-end=\"3933\">Anpassungsdienstleistungen f\u00fcr B2B-Kunden<\/h2>\n<p data-start=\"3935\" data-end=\"4067\">Als <strong data-start=\"3940\" data-end=\"3992\">professioneller Hersteller von Netzteilen in China<\/strong>, Wir unterst\u00fctzen umfassende <strong data-start=\"4019\" data-end=\"4041\">OEM- und ODM-Dienstleistungen<\/strong> f\u00fcr globale B2B-Kunden.<\/p>\n<p data-start=\"4069\" data-end=\"4099\">Zu den Anpassungsoptionen geh\u00f6ren:<\/p>\n<ul data-start=\"4101\" data-end=\"4259\">\n<li data-section-id=\"1gc0n7b\" data-start=\"4101\" data-end=\"4129\">\n<p data-start=\"4103\" data-end=\"4129\">Ausgangsspannung und -strom<\/p>\n<\/li>\n<li data-section-id=\"1h93x1m\" data-start=\"4130\" data-end=\"4145\">\n<p data-start=\"4132\" data-end=\"4145\">DC-Steckertypen<\/p>\n<\/li>\n<li data-section-id=\"1565q71\" data-start=\"4146\" data-end=\"4160\">\n<p data-start=\"4148\" data-end=\"4160\">Kabell\u00e4nge<\/p>\n<\/li>\n<li data-section-id=\"jb1nz0\" data-start=\"4161\" data-end=\"4191\">\n<p data-start=\"4163\" data-end=\"4191\">Steckerstandards (US\/EU\/GB\/AU)<\/p>\n<\/li>\n<li data-section-id=\"9ooyc2\" data-start=\"4192\" data-end=\"4207\">\n<p data-start=\"4194\" data-end=\"4207\">Logodruck<\/p>\n<\/li>\n<li data-section-id=\"1qqnlss\" data-start=\"4208\" data-end=\"4233\">\n<p data-start=\"4210\" data-end=\"4233\">Eigenmarkenverpackung<\/p>\n<\/li>\n<li data-section-id=\"pssrj6\" data-start=\"4234\" data-end=\"4259\">\n<p data-start=\"4236\" data-end=\"4259\">Design von Einzelhandelsverpackungen<\/p>\n<\/li>\n<\/ul>\n<p data-start=\"4261\" data-end=\"4362\">Unser Ingenieurteam kann Ihnen auch dabei behilflich sein. <strong data-start=\"4303\" data-end=\"4361\">Kundenspezifische Stromversorgungsl\u00f6sungen f\u00fcr spezifische elektronische Ger\u00e4te<\/strong>.<\/p>\n<h2 data-section-id=\"1qf1f1a\" data-start=\"4369\" data-end=\"4402\">Warum Sie sich f\u00fcr SZ Jialu Electronics entscheiden sollten<\/h2>\n<p data-start=\"4404\" data-end=\"4559\"><strong data-start=\"4404\" data-end=\"4448\">1. Erfahrener Netzteilhersteller<\/strong><br data-start=\"4448\" data-end=\"4451\" \/>Wir sind spezialisiert auf die Entwicklung und Herstellung von Netzadaptern, USB-Ladeger\u00e4ten und Schaltnetzteilen.<\/p>\n<p data-start=\"4561\" data-end=\"4672\"><strong data-start=\"4561\" data-end=\"4590\">2. Strenge Qualit\u00e4tskontrolle<\/strong><br data-start=\"4590\" data-end=\"4593\" \/>Alle Produkte werden durchlaufen <strong data-start=\"4614\" data-end=\"4655\">mehrere Zuverl\u00e4ssigkeits- und Sicherheitstests<\/strong> vor dem Versand.<\/p>\n<p data-start=\"4674\" data-end=\"4790\"><strong data-start=\"4674\" data-end=\"4709\">3. Unterst\u00fctzung bei der globalen Zertifizierung<\/strong><br data-start=\"4709\" data-end=\"4712\" \/>Unsere Adapter erf\u00fcllen die internationalen Zertifizierungsanforderungen f\u00fcr globale M\u00e4rkte.<\/p>\n<p data-start=\"4792\" data-end=\"4903\"><strong data-start=\"4792\" data-end=\"4823\">4. Flexibler OEM\/ODM-Service<\/strong><br data-start=\"4823\" data-end=\"4826\" \/>Wir helfen Marken dabei, ma\u00dfgeschneiderte Stromversorgungsl\u00f6sungen f\u00fcr ihre Produkte zu entwickeln.<\/p>\n<p data-start=\"4905\" data-end=\"5056\"><strong data-start=\"4905\" data-end=\"4939\">5. Stabile Sch\u00fcttgutversorgungskapazit\u00e4t<\/strong><br data-start=\"4939\" data-end=\"4942\" \/>Mit effizientem Produktionsmanagement bieten wir zuverl\u00e4ssige <strong data-start=\"5000\" data-end=\"5055\">Gro\u00dfmengenlieferungen f\u00fcr Distributoren und OEM-Marken<\/strong>.<\/p>\n<p data-start=\"5058\" data-end=\"5113\">Erfahren Sie mehr \u00fcber unser Unternehmen:<br data-start=\"5087\" data-end=\"5090\" \/><a class=\"decorated-link\" href=\"https:\/\/szjialu.com\/de\/\" target=\"_new\" rel=\"noopener\" data-start=\"5093\" data-end=\"5113\">https:\/\/szjialu.com\/<\/a><\/p>\n<h2 data-section-id=\"1mpc0g\" data-start=\"5120\" data-end=\"5125\">H\u00e4ufig gestellte Fragen<\/h2>\n<h3 data-section-id=\"odjlyl\" data-start=\"5127\" data-end=\"5177\">1. Unterst\u00fctzen Sie OEM- oder Private-Label-Bestellungen?<\/h3>\n<p data-start=\"5178\" data-end=\"5289\">Ja. Wir bieten an <strong data-start=\"5194\" data-end=\"5218\">OEM- und ODM-Dienstleistungen<\/strong>, einschlie\u00dflich Logodruck, individueller Verpackung und Produktindividualisierung.<\/p>\n<h3 data-section-id=\"of2uhp\" data-start=\"5291\" data-end=\"5339\">2. Wie hoch ist die Mindestbestellmenge (MOQ)?<\/h3>\n<p data-start=\"5340\" data-end=\"5465\">Die Mindestbestellmenge variiert je nach Anpassungsanforderungen. Standardmodelle unterst\u00fctzen in der Regel <strong data-start=\"5424\" data-end=\"5464\">flexible Gro\u00dfbestellungen f\u00fcr B2B-Kunden<\/strong>.<\/p>\n<h3 data-section-id=\"g3b9m6\" data-start=\"5467\" data-end=\"5537\">3. K\u00f6nnen Sie verschiedene Steckertypen f\u00fcr internationale M\u00e4rkte anbieten?<\/h3>\n<p data-start=\"5538\" data-end=\"5637\">Ja. Zus\u00e4tzlich zu <strong data-start=\"5558\" data-end=\"5570\">UK-Stecker<\/strong>, Wir k\u00f6nnen Folgendes anbieten <strong data-start=\"5587\" data-end=\"5636\">Versionen f\u00fcr die USA, die EU, Australien und mit austauschbarem Stecker<\/strong>.<\/p>\n<h3 data-section-id=\"1mqrtqp\" data-start=\"5639\" data-end=\"5696\">4. Welche Qualit\u00e4tspr\u00fcfungen werden vor dem Versand durchgef\u00fchrt?<\/h3>\n<p data-start=\"5697\" data-end=\"5723\">Jeder Adapter durchl\u00e4uft:<\/p>\n<ul data-start=\"5725\" data-end=\"5831\">\n<li data-section-id=\"1ex81vs\" data-start=\"5725\" data-end=\"5759\">\n<p data-start=\"5727\" data-end=\"5759\">Pr\u00fcfung der elektrischen Leistungsf\u00e4higkeit<\/p>\n<\/li>\n<li data-section-id=\"gs3jyw\" data-start=\"5760\" data-end=\"5774\">\n<p data-start=\"5762\" data-end=\"5774\">Alterungstest<\/p>\n<\/li>\n<li data-section-id=\"1b4ma5q\" data-start=\"5775\" data-end=\"5809\">\n<p data-start=\"5777\" data-end=\"5809\">Sicherheitsschutzpr\u00fcfung<\/p>\n<\/li>\n<li data-section-id=\"61hd9e\" data-start=\"5810\" data-end=\"5831\">\n<p data-start=\"5812\" data-end=\"5831\">Sichtpr\u00fcfung<\/p>\n<\/li>\n<\/ul>\n<p data-start=\"5833\" data-end=\"5885\">Dies gew\u00e4hrleistet eine zuverl\u00e4ssige Leistung bei langfristiger Nutzung.<\/p>\n<h3 data-section-id=\"1amai4n\" data-start=\"5887\" data-end=\"5923\">5. Welche Garantie bieten Sie an?<\/h3>\n<p data-start=\"5924\" data-end=\"5987\">Wir bieten eine <strong data-start=\"5937\" data-end=\"5956\">2 Jahre Garantie<\/strong> f\u00fcr diese Netzteilserie.<\/p>","protected":false},"excerpt":{"rendered":"<p>Produktname: 24-W-Netzteil<br \/>\nModell: Serie AS2406A<br \/>\nEingangsspannung: 100\u2013240 V Wechselstrom<br \/>\nEingangsfrequenz: 50\/60 Hz<br \/>\nEingangsstrom: max. 0,8 A<br \/>\nAusgangsoptionen: 12 V 2 A \/ 24 V 0,5 A \/ 5 V 4 A<br \/>\nAusgangsleistung: 24 W<br \/>\nSteckdosenstandard: UK-Stecker<br \/>\nEffizienzstufe: Stufe VI<br \/>\nGeh\u00e4usematerial: Feuerbest\u00e4ndiges PC-Material<br \/>\nFarbe: Schwarz \/ Wei\u00df<br \/>\nSchutz: SCP \/ OCP \/ OVP \/ OTP<br \/>\nZertifizierungen: UL, FCC, CE, UKCA, KC, SAA, PSE, CCC<br \/>\nVerpackung: PE-Beutel<br \/>\nGarantie: 2 Jahre<br \/>\nHerkunft: China<\/p>","protected":false},"featured_media":1652,"comment_status":"open","ping_status":"closed","template":"","meta":{"_acf_changed":false,"site-sidebar-layout":"default","site-content-layout":"","ast-site-content-layout":"default","site-content-style":"default","site-sidebar-style":"default","ast-global-header-display":"","ast-banner-title-visibility":"","ast-main-header-display":"","ast-hfb-above-header-display":"","ast-hfb-below-header-display":"","ast-hfb-mobile-header-display":"","site-post-title":"","ast-breadcrumbs-content":"","ast-featured-img":"","footer-sml-layout":"","ast-disable-related-posts":"","theme-transparent-header-meta":"default","adv-header-id-meta":"","stick-header-meta":"","header-above-stick-meta":"","header-main-stick-meta":"","header-below-stick-meta":"","astra-migrate-meta-layouts":"set","ast-page-background-enabled":"default","ast-page-background-meta":{"desktop":{"background-color":"var(--ast-global-color-5)","background-image":"","background-repeat":"repeat","background-position":"center center","background-size":"auto","background-attachment":"scroll","background-type":"","background-media":"","overlay-type":"","overlay-color":"","overlay-opacity":"","overlay-gradient":""},"tablet":{"background-color":"","background-image":"","background-repeat":"repeat","background-position":"center center","background-size":"auto","background-attachment":"scroll","background-type":"","background-media":"","overlay-type":"","overlay-color":"","overlay-opacity":"","overlay-gradient":""},"mobile":{"background-color":"","background-image":"","background-repeat":"repeat","background-position":"center center","background-size":"auto","background-attachment":"scroll","background-type":"","background-media":"","overlay-type":"","overlay-color":"","overlay-opacity":"","overlay-gradient":""}},"ast-content-background-meta":{"desktop":{"background-color":"var(--ast-global-color-4)","background-image":"","background-repeat":"repeat","background-position":"center center","background-size":"auto","background-attachment":"scroll","background-type":"","background-media":"","overlay-type":"","overlay-color":"","overlay-opacity":"","overlay-gradient":""},"tablet":{"background-color":"var(--ast-global-color-4)","background-image":"","background-repeat":"repeat","background-position":"center center","background-size":"auto","background-attachment":"scroll","background-type":"","background-media":"","overlay-type":"","overlay-color":"","overlay-opacity":"","overlay-gradient":""},"mobile":{"background-color":"var(--ast-global-color-4)","background-image":"","background-repeat":"repeat","background-position":"center center","background-size":"auto","background-attachment":"scroll","background-type":"","background-media":"","overlay-type":"","overlay-color":"","overlay-opacity":"","overlay-gradient":""}}},"product_brand":[],"product_cat":[53,32],"product_tag":[285,286,243],"class_list":{"0":"post-1651","1":"product","2":"type-product","3":"status-publish","4":"has-post-thumbnail","6":"product_cat-wall-mount-power-adapter","7":"product_cat-power-adapter","8":"product_tag-12v-2a-power-adapter","9":"product_tag-24w-power-adapter","10":"product_tag-oem-power-adapter-supplier","11":"desktop-align-left","12":"tablet-align-left","13":"mobile-align-left","15":"first","16":"instock","17":"shipping-taxable","18":"product-type-simple"},"acf":[],"_links":{"self":[{"href":"https:\/\/szjialu.com\/de\/wp-json\/wp\/v2\/product\/1651","targetHints":{"allow":["GET"]}}],"collection":[{"href":"https:\/\/szjialu.com\/de\/wp-json\/wp\/v2\/product"}],"about":[{"href":"https:\/\/szjialu.com\/de\/wp-json\/wp\/v2\/types\/product"}],"replies":[{"embeddable":true,"href":"https:\/\/szjialu.com\/de\/wp-json\/wp\/v2\/comments?post=1651"}],"wp:featuredmedia":[{"embeddable":true,"href":"https:\/\/szjialu.com\/de\/wp-json\/wp\/v2\/media\/1652"}],"wp:attachment":[{"href":"https:\/\/szjialu.com\/de\/wp-json\/wp\/v2\/media?parent=1651"}],"wp:term":[{"taxonomy":"product_brand","embeddable":true,"href":"https:\/\/szjialu.com\/de\/wp-json\/wp\/v2\/product_brand?post=1651"},{"taxonomy":"product_cat","embeddable":true,"href":"https:\/\/szjialu.com\/de\/wp-json\/wp\/v2\/product_cat?post=1651"},{"taxonomy":"product_tag","embeddable":true,"href":"https:\/\/szjialu.com\/de\/wp-json\/wp\/v2\/product_tag?post=1651"}],"curies":[{"name":"wp","href":"https:\/\/api.w.org\/{rel}","templated":true}]}}