{"id":1648,"date":"2026-03-15T11:00:11","date_gmt":"2026-03-15T11:00:11","guid":{"rendered":"https:\/\/szjialu.com\/?post_type=product&#038;p=1648"},"modified":"2026-03-15T11:00:13","modified_gmt":"2026-03-15T11:00:13","slug":"36-w-wandadapter-as36-120300","status":"publish","type":"product","link":"https:\/\/szjialu.com\/de\/product\/36w-wall-mount-power-adapter-as36-120300\/","title":{"rendered":"36W Wand-Netzteil AS36-120300"},"content":{"rendered":"<h2 data-section-id=\"1d9ltv1\" data-start=\"1180\" data-end=\"1199\">36-W-Wandnetzteil \u2013 Produkt\u00fcbersicht<\/h2>\n<p data-start=\"1200\" data-end=\"1779\">Das AS36-120300 ist ein kompaktes, hocheffizientes 36-W-Netzteil f\u00fcr die Wandmontage, das eine stabile 12-V-Gleichstromversorgung mit bis zu 3 A liefert. Dank seines breiten Eingangsspannungsbereichs und der verschiedenen internationalen Steckeroptionen ist dieses Netzteil f\u00fcr den weltweiten Einsatz konzipiert und eignet sich ideal f\u00fcr OEM\/ODM-Anpassungen \u2013 inklusive bedruckter oder eingespritzter Logos und individueller Verpackung. Damit ist es eine Komplettl\u00f6sung f\u00fcr Marken und Systemintegratoren. Zu den typischen Merkmalen geh\u00f6ren \u00dcberspannungs-, Kurzschluss- und \u00dcberhitzungsschutz, eine effiziente Schalttechnologie sowie g\u00e4ngige DC-Steckeroptionen f\u00fcr einfache Kompatibilit\u00e4t.<\/p>\n<h2 data-section-id=\"t4ytit\" data-start=\"1781\" data-end=\"1796\">Hauptmerkmale<\/h2>\n<ul data-start=\"1797\" data-end=\"2788\">\n<li data-section-id=\"1xfcce\" data-start=\"1797\" data-end=\"1884\">\n<p data-start=\"1799\" data-end=\"1884\"><strong data-start=\"1799\" data-end=\"1816\">Nennleistung:<\/strong> 12V DC \u2393, 3,0 A (36 W max).<\/p>\n<\/li>\n<li data-section-id=\"191gftw\" data-start=\"1885\" data-end=\"1991\">\n<p data-start=\"1887\" data-end=\"1991\"><strong data-start=\"1887\" data-end=\"1910\">Universeller Wechselstromeingang:<\/strong> 100\u2013240 VAC, 50\/60 Hz (weltweit einsetzbar).<\/p>\n<\/li>\n<li data-section-id=\"1ckkgf8\" data-start=\"1992\" data-end=\"2066\">\n<p data-start=\"1994\" data-end=\"2066\"><strong data-start=\"1994\" data-end=\"2014\">Hohe Effizienz:<\/strong> Entspricht dem modernen Effizienzniveau VI (energiesparend).<\/p>\n<\/li>\n<li data-section-id=\"1nj7hy2\" data-start=\"2067\" data-end=\"2186\">\n<p data-start=\"2069\" data-end=\"2186\"><strong data-start=\"2069\" data-end=\"2099\">Umfassender Schutz:<\/strong> OVP (\u00dcberspannung), OCP (\u00dcberstrom), SCP (Kurzschluss), OTP (\u00dcbertemperatur).<\/p>\n<\/li>\n<li data-section-id=\"1o5x7k6\" data-start=\"2187\" data-end=\"2286\">\n<p data-start=\"2189\" data-end=\"2286\"><strong data-start=\"2189\" data-end=\"2213\">Sicherheit und Konformit\u00e4t:<\/strong> Modelle mit CE-, RoHS-, FCC- und UL\/ETL-Zertifizierung sind auf Anfrage erh\u00e4ltlich.<\/p>\n<\/li>\n<li data-section-id=\"1x6d57a\" data-start=\"2287\" data-end=\"2434\">\n<p data-start=\"2289\" data-end=\"2434\"><strong data-start=\"2289\" data-end=\"2318\">Anschluss- und Steckeroptionen:<\/strong> Standard-DC-Hohlstecker (5,5\u00d72,1 mm oder 5,5\u00d72,5 mm), kundenspezifische Kabell\u00e4ngen erh\u00e4ltlich; Stecker: US \/ EU \/ UK \/ AU \/ JP \/ KR.<\/p>\n<\/li>\n<li data-section-id=\"10ualu5\" data-start=\"2435\" data-end=\"2577\">\n<p data-start=\"2437\" data-end=\"2577\"><strong data-start=\"2437\" data-end=\"2457\">Individuelles Branding:<\/strong> Logodruck, Etikettengestaltung, Eigenmarken und kundenspezifische Verpackungen (OEM\/ODM).<\/p>\n<\/li>\n<li data-section-id=\"1830elx\" data-start=\"2578\" data-end=\"2692\">\n<p data-start=\"2580\" data-end=\"2692\"><strong data-start=\"2580\" data-end=\"2600\">Robustes Geh\u00e4use:<\/strong> Flammhemmender Kunststoff mit kompakter Wandmontageform; erh\u00e4ltlich in Schwarz oder Wei\u00df.<\/p>\n<\/li>\n<li data-section-id=\"1eh9qfn\" data-start=\"2693\" data-end=\"2788\">\n<p data-start=\"2695\" data-end=\"2788\"><strong data-start=\"2695\" data-end=\"2722\">Leiser und k\u00fchler Betrieb:<\/strong> Geringe Restwelligkeit und geringes Rauschen \u2013 geeignet f\u00fcr empfindliche Elektronik.<\/p>\n<\/li>\n<\/ul>\n<h2 data-section-id=\"1nx49ur\" data-start=\"2790\" data-end=\"2827\">Technische Spezifikationen<\/h2>\n<ul data-start=\"2828\" data-end=\"3674\">\n<li data-section-id=\"goqxf5\" data-start=\"2828\" data-end=\"2903\">\n<p data-start=\"2830\" data-end=\"2903\">Modell: <strong data-start=\"2837\" data-end=\"2852\">AS36-120300<\/strong><\/p>\n<\/li>\n<li data-section-id=\"pv5af\" data-start=\"2904\" data-end=\"2987\">\n<p data-start=\"2906\" data-end=\"2987\">Eingangsspannung: <strong data-start=\"2921\" data-end=\"2936\">100\u2013240 V AC<\/strong>, 50\/60 Hz.<\/p>\n<\/li>\n<li data-section-id=\"uac4i7\" data-start=\"2988\" data-end=\"3084\">\n<p data-start=\"2990\" data-end=\"3084\">Ausgangsspannung\/Ausgangsstrom: <strong data-start=\"3014\" data-end=\"3043\">12 V Gleichstrom, 3,0 A (36 W max.)<\/strong>.<\/p>\n<\/li>\n<li data-section-id=\"eb56s7\" data-start=\"3085\" data-end=\"3119\">\n<p data-start=\"3087\" data-end=\"3119\">Effizienz: Stufe VI (typisch)<\/p>\n<\/li>\n<li data-section-id=\"1ayo4y8\" data-start=\"3120\" data-end=\"3160\">\n<p data-start=\"3122\" data-end=\"3160\">Restwelligkeit und Rauschen: &lt; 150 mVpp (typisch)<\/p>\n<\/li>\n<li data-section-id=\"jbzjgz\" data-start=\"3161\" data-end=\"3199\">\n<p data-start=\"3163\" data-end=\"3199\">Schutzma\u00dfnahmen: OVP \/ OCP \/ SCP \/ OTP<\/p>\n<\/li>\n<li data-section-id=\"1n34uwy\" data-start=\"3200\" data-end=\"3305\">\n<p data-start=\"3202\" data-end=\"3305\">Betriebstemperatur: -10 \u00b0C bis +40 \u00b0C (Lagerung: -20 \u00b0C bis +85 \u00b0C) \u2013 auf Anfrage f\u00fcr erweiterte Bereiche konfigurierbar.<\/p>\n<\/li>\n<li data-section-id=\"n7tws7\" data-start=\"3306\" data-end=\"3370\">\n<p data-start=\"3308\" data-end=\"3370\">DC-Anschluss: 5,5 \u00d7 2,1 mm (Standard) \u2013 andere Gr\u00f6\u00dfen erh\u00e4ltlich<\/p>\n<\/li>\n<li data-section-id=\"18zdi5o\" data-start=\"3371\" data-end=\"3432\">\n<p data-start=\"3373\" data-end=\"3432\">Kabell\u00e4nge: 1,2 m (Standard) \u2013 Sonderl\u00e4ngen auf Anfrage<\/p>\n<\/li>\n<li data-section-id=\"i9v94e\" data-start=\"3433\" data-end=\"3494\">\n<p data-start=\"3435\" data-end=\"3494\">Steckertypen: US \/ EU \/ UK \/ AU \/ KR \/ JP (austauschbar)<\/p>\n<\/li>\n<li data-section-id=\"ac43fg\" data-start=\"3495\" data-end=\"3578\">\n<p data-start=\"3497\" data-end=\"3578\">Zertifizierungen: CE \/ RoHS \/ FCC \/ UL verf\u00fcgbar (je nach Modell und Pr\u00fcfung)<\/p>\n<\/li>\n<li data-section-id=\"980pyn\" data-start=\"3579\" data-end=\"3645\">\n<p data-start=\"3581\" data-end=\"3645\">Abmessungen (ca.): 87 \u00d7 48 \u00d7 31 mm (Beispielgr\u00f6\u00dfe f\u00fcr die Wandmontage)<\/p>\n<\/li>\n<li data-section-id=\"9yfc0e\" data-start=\"3646\" data-end=\"3674\">\n<p data-start=\"3648\" data-end=\"3674\">Gewicht (ca.): 150\u2013180 g<\/p>\n<\/li>\n<\/ul>\n<p data-start=\"3676\" data-end=\"3825\"><em data-start=\"3676\" data-end=\"3825\">(Falls Sie genaue Abmessungen\/Gewichtsangaben und Zertifizierungsdokumente f\u00fcr Ihre genaue Artikelnummer ben\u00f6tigen, kann ich das Datenblatt an Ihre Werkspr\u00fcfberichte anpassen.)<\/em><\/p>\n<figure id=\"attachment_1649\" aria-describedby=\"caption-attachment-1649\" style=\"width: 483px\" class=\"wp-caption alignnone\"><img fetchpriority=\"high\" decoding=\"async\" class=\"wp-image-1649\" src=\"https:\/\/szjialu.com\/wp-content\/uploads\/2026\/03\/ScreenShot_2026-03-15_185715_849-300x297.jpg\" alt=\"36-W-Netzteil\" width=\"483\" height=\"478\" srcset=\"https:\/\/szjialu.com\/wp-content\/uploads\/2026\/03\/ScreenShot_2026-03-15_185715_849-300x297.jpg 300w, https:\/\/szjialu.com\/wp-content\/uploads\/2026\/03\/ScreenShot_2026-03-15_185715_849-600x594.jpg 600w, https:\/\/szjialu.com\/wp-content\/uploads\/2026\/03\/ScreenShot_2026-03-15_185715_849-100x100.jpg 100w, https:\/\/szjialu.com\/wp-content\/uploads\/2026\/03\/ScreenShot_2026-03-15_185715_849-64x63.jpg 64w, https:\/\/szjialu.com\/wp-content\/uploads\/2026\/03\/ScreenShot_2026-03-15_185715_849.jpg 619w\" sizes=\"(max-width: 483px) 100vw, 483px\" \/><figcaption id=\"caption-attachment-1649\" class=\"wp-caption-text\">36-W-Netzteil<\/figcaption><\/figure>\n<h2 data-section-id=\"kirbcm\" data-start=\"3827\" data-end=\"3850\">Typische Anwendungen<\/h2>\n<ul data-start=\"3851\" data-end=\"4152\">\n<li data-section-id=\"1nug55c\" data-start=\"3851\" data-end=\"3891\">\n<p data-start=\"3853\" data-end=\"3891\">Video\u00fcberwachung \/ \u00dcberwachungskameras und DVRs<\/p>\n<\/li>\n<li data-section-id=\"1yn7hcu\" data-start=\"3892\" data-end=\"3942\">\n<p data-start=\"3894\" data-end=\"3942\">Drahtlose Router, Modems und Netzwerkger\u00e4te<\/p>\n<\/li>\n<li data-section-id=\"18wj1gj\" data-start=\"3943\" data-end=\"3995\">\n<p data-start=\"3945\" data-end=\"3995\">LED-Streifenbeleuchtung und Beschilderung (12V-LED-Systeme)<\/p>\n<\/li>\n<li data-section-id=\"1csv8l6\" data-start=\"3996\" data-end=\"4054\">\n<p data-start=\"3998\" data-end=\"4054\">POS-Terminals, Barcode-Scanner und Peripherieger\u00e4te<\/p>\n<\/li>\n<li data-section-id=\"7800bi\" data-start=\"4055\" data-end=\"4120\">\n<p data-start=\"4057\" data-end=\"4120\">Industriesteuerungen, eingebettete Systeme und Kleinger\u00e4te<\/p>\n<\/li>\n<li data-section-id=\"1a3yx82\" data-start=\"4121\" data-end=\"4152\">\n<p data-start=\"4123\" data-end=\"4152\">IoT-Gateways und Edge-Ger\u00e4te<\/p>\n<\/li>\n<\/ul>\n<h2 data-section-id=\"7hui5o\" data-start=\"4154\" data-end=\"4211\">Warum Sie sich f\u00fcr unseren 36W 12V3A Adapter entscheiden sollten \u2013 Vorteile des Anbieters<\/h2>\n<ul data-start=\"4212\" data-end=\"4823\">\n<li data-section-id=\"18rxb6y\" data-start=\"4212\" data-end=\"4368\">\n<p data-start=\"4214\" data-end=\"4368\"><strong data-start=\"4214\" data-end=\"4243\">Direkt vom Hersteller: OEM &amp; ODM<\/strong> Vollst\u00e4ndige Individualisierung (Logodruck, Farbe, Kabel, Stecker, Verpackung) mit niedriger Mindestbestellmenge.<\/p>\n<\/li>\n<li data-section-id=\"18axnsu\" data-start=\"4369\" data-end=\"4477\">\n<p data-start=\"4371\" data-end=\"4477\"><strong data-start=\"4371\" data-end=\"4395\">Strenge Qualit\u00e4tskontrolle und Tests:<\/strong> 100% Warenausgangspr\u00fcfung, Einbrennpr\u00fcfung und Sicherheitstests f\u00fcr zertifizierte Artikelnummern.<\/p>\n<\/li>\n<li data-section-id=\"z9cxl1\" data-start=\"4478\" data-end=\"4593\">\n<p data-start=\"4480\" data-end=\"4593\"><strong data-start=\"4480\" data-end=\"4508\">Flexible Zertifizierungen:<\/strong> Wir unterst\u00fctzen CE\/FCC\/RoHS und k\u00f6nnen UL\/ETL\/T\u00dcV-Pr\u00fcfungen f\u00fcr den US-amerikanischen\/europ\u00e4ischen Markt organisieren.<\/p>\n<\/li>\n<li data-section-id=\"tjjta9\" data-start=\"4594\" data-end=\"4709\">\n<p data-start=\"4596\" data-end=\"4709\"><strong data-start=\"4596\" data-end=\"4624\">Reaktionsschnelle Lieferkette:<\/strong> Kurze Lieferzeiten f\u00fcr Gro\u00dfbestellungen und stabile Produktionskapazit\u00e4t f\u00fcr eine kontinuierliche Versorgung.<\/p>\n<\/li>\n<li data-section-id=\"rwclfq\" data-start=\"4710\" data-end=\"4823\">\n<p data-start=\"4712\" data-end=\"4823\"><strong data-start=\"4712\" data-end=\"4736\">Kundendienst:<\/strong> Technischer Support f\u00fcr die Integration und Verf\u00fcgbarkeit von Ersatzteilen f\u00fcr Langzeitprojekte.<\/p>\n<\/li>\n<\/ul>\n<p data-start=\"5536\" data-end=\"5663\">Verwenden Sie diese Long-Tail-Keywords auf nat\u00fcrliche Weise in der Produktbeschreibung, in H2-\u00dcberschriften, im Alt-Text von Bildern und in den FAQ-Inhalten, um die Kaufabsicht der K\u00e4ufer gezielt anzusprechen.<\/p>\n<h2 data-section-id=\"wdx5or\" data-start=\"5665\" data-end=\"5680\">H\u00e4ufig gestellte Fragen zu Produkten<\/h2>\n<p data-start=\"5681\" data-end=\"5901\"><strong data-start=\"5681\" data-end=\"5725\">F: Ist dieser Adapter weltweit kompatibel?<\/strong><br data-start=\"5725\" data-end=\"5728\" \/>A: Ja \u2013 der Adapter unterst\u00fctzt einen universellen Wechselstromeingang (100\u2013240 V AC, 50\/60 Hz). W\u00e4hlen Sie den passenden Steckertyp (US\/EU\/UK\/AU) f\u00fcr Ihren Markt.<\/p>\n<p data-start=\"5903\" data-end=\"6073\"><strong data-start=\"5903\" data-end=\"5940\">F: Welchen Gleichstromanschluss verwendet es?<\/strong><br data-start=\"5940\" data-end=\"5943\" \/>A: Der Standardstecker hat die Abmessungen 5,5 \u00d7 2,1 mm (Mitte positiv). Andere Steckergr\u00f6\u00dfen oder kundenspezifische Kabel sind auf Anfrage erh\u00e4ltlich.<\/p>\n<p data-start=\"6075\" data-end=\"6332\"><strong data-start=\"6075\" data-end=\"6126\">F: Kann ich diesen Adapter mit meinem Firmenlogo erhalten?<\/strong><br data-start=\"6126\" data-end=\"6129\" \/>A: Ja \u2013 wir bieten OEM-Branding (gedruckte oder gepr\u00e4gte Logos), individuelle Etiketten und Private-Label-Verpackungen an. Mindestbestellmenge und Lieferzeiten h\u00e4ngen vom Druckverfahren und der Bestellmenge ab.<\/p>\n<p data-start=\"6334\" data-end=\"6499\"><strong data-start=\"6334\" data-end=\"6371\">F: Welche Schutzma\u00dfnahmen sind enthalten?<\/strong><br data-start=\"6371\" data-end=\"6374\" \/>A: Standardm\u00e4\u00dfige Schutzfunktionen: Schutz vor \u00dcberspannung, \u00dcberstrom, Kurzschluss und \u00dcberhitzung zur Gew\u00e4hrleistung der Ger\u00e4tesicherheit.<\/p>\n<p data-start=\"6501\" data-end=\"6750\"><strong data-start=\"6501\" data-end=\"6551\">F: Bieten Sie Zertifizierungen f\u00fcr CE\/UL\/FCC an?<\/strong><br data-start=\"6551\" data-end=\"6554\" \/>A: Wir k\u00f6nnen CE\/RoHS\/FCC-Zertifikate f\u00fcr Standardmodelle liefern; UL\/ETL\/T\u00dcV-Zertifikate k\u00f6nnen f\u00fcr bestimmte Modelle arrangiert werden (zus\u00e4tzliche Pr\u00fcfgeb\u00fchren und Lieferzeiten fallen an).<\/p>\n<p data-start=\"6752\" data-end=\"6878\"><strong data-start=\"6752\" data-end=\"6780\">F: Wie sieht die Garantie aus?<\/strong><br data-start=\"6780\" data-end=\"6783\" \/>A: Die Standardgarantie betr\u00e4gt 12 Monate; f\u00fcr Gro\u00dfkunden sind erweiterte Garantieoptionen erh\u00e4ltlich.<\/p>","protected":false},"excerpt":{"rendered":"<p data-start=\"2830\" data-end=\"2903\">Modell: <strong data-start=\"2837\" data-end=\"2852\">AS36-120300<\/strong><\/p>\n<p data-start=\"2906\" data-end=\"2987\">Eingangsspannung: <strong data-start=\"2921\" data-end=\"2936\">100\u2013240 V AC<\/strong>, 50\/60 Hz.<\/p>\n<p data-start=\"2990\" data-end=\"3084\">Ausgangsspannung\/Ausgangsstrom: <strong data-start=\"3014\" data-end=\"3043\">12 V Gleichstrom, 3,0 A (36 W max.)<\/strong>.<\/p>\n<p data-start=\"3087\" data-end=\"3119\">Effizienz: Stufe VI (typisch)<\/p>\n<p data-start=\"3122\" data-end=\"3160\">Restwelligkeit und Rauschen: &lt; 150 mVpp (typisch)<\/p>\n<p data-start=\"3163\" data-end=\"3199\">Schutzma\u00dfnahmen: OVP \/ OCP \/ SCP \/ OTP<\/p>\n<p data-start=\"3202\" data-end=\"3305\">Betriebstemperatur: -10 \u00b0C bis +40 \u00b0C (Lagerung: -20 \u00b0C bis +85 \u00b0C) \u2013 auf Anfrage f\u00fcr erweiterte Bereiche konfigurierbar.<\/p>\n<p data-start=\"3308\" data-end=\"3370\">DC-Anschluss: 5,5 \u00d7 2,1 mm (Standard) \u2013 andere Gr\u00f6\u00dfen erh\u00e4ltlich<\/p>\n<p data-start=\"3373\" data-end=\"3432\">Kabell\u00e4nge: 1,2 m (Standard) \u2013 Sonderl\u00e4ngen auf Anfrage<\/p>\n<p data-start=\"3435\" data-end=\"3494\">Steckertypen: US \/ EU \/ UK \/ AU \/ KR \/ JP (austauschbar)<\/p>\n<p data-start=\"3497\" data-end=\"3578\">Zertifizierungen: CE \/ RoHS \/ FCC \/ UL verf\u00fcgbar (je nach Modell und Pr\u00fcfung)<\/p>\n<p data-start=\"3581\" data-end=\"3645\">Abmessungen (ca.): 87 \u00d7 48 \u00d7 31 mm (Beispielgr\u00f6\u00dfe f\u00fcr die Wandmontage)<\/p>\n<p data-start=\"3648\" data-end=\"3674\">Gewicht (ca.): 150\u2013180 g<\/p>","protected":false},"featured_media":1649,"comment_status":"open","ping_status":"closed","template":"","meta":{"_acf_changed":false,"site-sidebar-layout":"default","site-content-layout":"","ast-site-content-layout":"default","site-content-style":"default","site-sidebar-style":"default","ast-global-header-display":"","ast-banner-title-visibility":"","ast-main-header-display":"","ast-hfb-above-header-display":"","ast-hfb-below-header-display":"","ast-hfb-mobile-header-display":"","site-post-title":"","ast-breadcrumbs-content":"","ast-featured-img":"","footer-sml-layout":"","ast-disable-related-posts":"","theme-transparent-header-meta":"default","adv-header-id-meta":"","stick-header-meta":"","header-above-stick-meta":"","header-main-stick-meta":"","header-below-stick-meta":"","astra-migrate-meta-layouts":"set","ast-page-background-enabled":"default","ast-page-background-meta":{"desktop":{"background-color":"var(--ast-global-color-5)","background-image":"","background-repeat":"repeat","background-position":"center center","background-size":"auto","background-attachment":"scroll","background-type":"","background-media":"","overlay-type":"","overlay-color":"","overlay-opacity":"","overlay-gradient":""},"tablet":{"background-color":"","background-image":"","background-repeat":"repeat","background-position":"center center","background-size":"auto","background-attachment":"scroll","background-type":"","background-media":"","overlay-type":"","overlay-color":"","overlay-opacity":"","overlay-gradient":""},"mobile":{"background-color":"","background-image":"","background-repeat":"repeat","background-position":"center center","background-size":"auto","background-attachment":"scroll","background-type":"","background-media":"","overlay-type":"","overlay-color":"","overlay-opacity":"","overlay-gradient":""}},"ast-content-background-meta":{"desktop":{"background-color":"var(--ast-global-color-4)","background-image":"","background-repeat":"repeat","background-position":"center center","background-size":"auto","background-attachment":"scroll","background-type":"","background-media":"","overlay-type":"","overlay-color":"","overlay-opacity":"","overlay-gradient":""},"tablet":{"background-color":"var(--ast-global-color-4)","background-image":"","background-repeat":"repeat","background-position":"center center","background-size":"auto","background-attachment":"scroll","background-type":"","background-media":"","overlay-type":"","overlay-color":"","overlay-opacity":"","overlay-gradient":""},"mobile":{"background-color":"var(--ast-global-color-4)","background-image":"","background-repeat":"repeat","background-position":"center center","background-size":"auto","background-attachment":"scroll","background-type":"","background-media":"","overlay-type":"","overlay-color":"","overlay-opacity":"","overlay-gradient":""}}},"product_brand":[],"product_cat":[53,32],"product_tag":[284,282,283,269],"class_list":{"0":"post-1648","1":"product","2":"type-product","3":"status-publish","4":"has-post-thumbnail","6":"product_cat-wall-mount-power-adapter","7":"product_cat-power-adapter","8":"product_tag-12v-3a-power-supply","9":"product_tag-12v3a-power-adapter","10":"product_tag-36w-ac-dc-adapter","11":"product_tag-36w-power-adapter","12":"desktop-align-left","13":"tablet-align-left","14":"mobile-align-left","16":"first","17":"instock","18":"shipping-taxable","19":"product-type-simple"},"acf":[],"_links":{"self":[{"href":"https:\/\/szjialu.com\/de\/wp-json\/wp\/v2\/product\/1648","targetHints":{"allow":["GET"]}}],"collection":[{"href":"https:\/\/szjialu.com\/de\/wp-json\/wp\/v2\/product"}],"about":[{"href":"https:\/\/szjialu.com\/de\/wp-json\/wp\/v2\/types\/product"}],"replies":[{"embeddable":true,"href":"https:\/\/szjialu.com\/de\/wp-json\/wp\/v2\/comments?post=1648"}],"wp:featuredmedia":[{"embeddable":true,"href":"https:\/\/szjialu.com\/de\/wp-json\/wp\/v2\/media\/1649"}],"wp:attachment":[{"href":"https:\/\/szjialu.com\/de\/wp-json\/wp\/v2\/media?parent=1648"}],"wp:term":[{"taxonomy":"product_brand","embeddable":true,"href":"https:\/\/szjialu.com\/de\/wp-json\/wp\/v2\/product_brand?post=1648"},{"taxonomy":"product_cat","embeddable":true,"href":"https:\/\/szjialu.com\/de\/wp-json\/wp\/v2\/product_cat?post=1648"},{"taxonomy":"product_tag","embeddable":true,"href":"https:\/\/szjialu.com\/de\/wp-json\/wp\/v2\/product_tag?post=1648"}],"curies":[{"name":"wp","href":"https:\/\/api.w.org\/{rel}","templated":true}]}}