{"id":1620,"date":"2026-03-04T14:08:31","date_gmt":"2026-03-04T14:08:31","guid":{"rendered":"https:\/\/szjialu.com\/?post_type=product&#038;p=1620"},"modified":"2026-04-13T02:43:17","modified_gmt":"2026-04-13T02:43:17","slug":"12-w-netzteil-der-serie-as1201a","status":"publish","type":"product","link":"https:\/\/szjialu.com\/de\/product\/12w-power-adapter-as1201a-series\/","title":{"rendered":"12-W-Netzteil \u2013 Serie AS1201A"},"content":{"rendered":"<p data-start=\"354\" data-end=\"695\" data-imt-p=\"1\">Bei der Beschaffung eines 12-Watt-Netzteils f\u00fcr gewerbliche oder industrielle Projekte sind Stabilit\u00e4t und Konformit\u00e4t weitaus wichtiger als der Preis allein. <strong data-start=\"490\" data-end=\"520\">AS1201A Serie 12W Adapter<\/strong> wurde speziell f\u00fcr OEM-Kunden, Distributoren und Ger\u00e4tehersteller entwickelt, die zuverl\u00e4ssige, zertifizierte und anpassbare AC\/DC-Stromversorgungsl\u00f6sungen f\u00fcr globale M\u00e4rkte ben\u00f6tigen.<\/p>\n<p data-start=\"697\" data-end=\"1035\" data-imt-p=\"1\">Dieser in China unter strenger Qualit\u00e4tskontrolle gefertigte 12-W-Adapter unterst\u00fctzt einen breiten Eingangsspannungsbereich von 90\u2013264 V und ist somit international einsetzbar. Dank verschiedener Ausgangsspannungsoptionen und umfassender Sicherheitszertifizierungen (UL, CE, FCC, UKCA, KC, SAA, PSE, CCC) eignet er sich f\u00fcr Nordamerika, Europa, den asiatisch-pazifischen Raum und weitere Regionen.<\/p>\n<p data-start=\"1037\" data-end=\"1212\" data-imt-p=\"1\">Bei <a href=\"https:\/\/szjialu.com\/de\/\"><strong data-start=\"1040\" data-end=\"1075\">SZJialu<\/strong><\/a>, Wir konzentrieren uns auf langfristige B2B-Partnerschaften und bieten flexible Anpassungsm\u00f6glichkeiten sowie skalierbare Produktionskapazit\u00e4ten zur Unterst\u00fctzung Ihrer Produktlinie.<\/p>\n<h2 data-start=\"1219\" data-end=\"1263\" data-imt-p=\"1\">Technische Daten \u2013 Serie AS1201A<\/h2>\n<div class=\"TyagGW_tableContainer\">\n<div class=\"group TyagGW_tableWrapper flex flex-col-reverse w-fit\" tabindex=\"-1\">\n<table class=\"w-fit min-w-(--thread-content-width)\" data-start=\"1265\" data-end=\"1959\">\n<thead data-start=\"1265\" data-end=\"1289\">\n<tr data-start=\"1265\" data-end=\"1289\">\n<th class=\"\" data-start=\"1265\" data-end=\"1272\" data-col-size=\"sm\" data-imt-p=\"1\">Artikel<\/th>\n<th class=\"\" data-start=\"1272\" data-end=\"1289\" data-col-size=\"md\" data-imt-p=\"1\">Spezifikation<\/th>\n<\/tr>\n<\/thead>\n<tbody data-start=\"1314\" data-end=\"1959\">\n<tr data-start=\"1314\" data-end=\"1348\">\n<td data-start=\"1314\" data-end=\"1333\" data-col-size=\"sm\"><strong data-start=\"1316\" data-end=\"1332\" data-imt-p=\"1\">Produktname<\/strong><\/td>\n<td data-col-size=\"md\" data-start=\"1333\" data-end=\"1348\" data-imt-p=\"1\">12-W-Adapter<\/td>\n<\/tr>\n<tr data-start=\"1349\" data-end=\"1386\">\n<td data-start=\"1349\" data-end=\"1368\" data-col-size=\"sm\"><strong data-start=\"1351\" data-end=\"1367\" data-imt-p=\"1\">Modellnummer<\/strong><\/td>\n<td data-col-size=\"md\" data-start=\"1368\" data-end=\"1386\" data-imt-p=\"1\">AS1201A-Serie<\/td>\n<\/tr>\n<tr data-start=\"1387\" data-end=\"1429\">\n<td data-start=\"1387\" data-end=\"1409\" data-col-size=\"sm\"><strong data-start=\"1389\" data-end=\"1408\" data-imt-p=\"1\">Herkunftsort<\/strong><\/td>\n<td data-col-size=\"md\" data-start=\"1409\" data-end=\"1429\" data-imt-p=\"1\">China (Festland)<\/td>\n<\/tr>\n<tr data-start=\"1430\" data-end=\"1464\">\n<td data-start=\"1430\" data-end=\"1450\" data-col-size=\"sm\"><strong data-start=\"1432\" data-end=\"1449\" data-imt-p=\"1\">Eingangsspannung<\/strong><\/td>\n<td data-col-size=\"md\" data-start=\"1450\" data-end=\"1464\" data-imt-p=\"1\">90\u2013264 V Wechselstrom<\/td>\n<\/tr>\n<tr data-start=\"1465\" data-end=\"1498\">\n<td data-start=\"1465\" data-end=\"1487\" data-col-size=\"sm\"><strong data-start=\"1467\" data-end=\"1486\" data-imt-p=\"1\">Eingangsfrequenz<\/strong><\/td>\n<td data-col-size=\"md\" data-start=\"1487\" data-end=\"1498\" data-imt-p=\"1\" data-imt_insert_failed_reason=\"same_text\">50\/60 Hz<\/td>\n<\/tr>\n<tr data-start=\"1499\" data-end=\"1532\">\n<td data-start=\"1499\" data-end=\"1519\" data-col-size=\"sm\"><strong data-start=\"1501\" data-end=\"1518\" data-imt-p=\"1\">Eingangsstrom<\/strong><\/td>\n<td data-col-size=\"md\" data-start=\"1519\" data-end=\"1532\" data-imt-p=\"1\">0,35 A Max.<\/td>\n<\/tr>\n<tr data-start=\"1533\" data-end=\"1609\">\n<td data-start=\"1533\" data-end=\"1554\" data-col-size=\"sm\"><strong data-start=\"1535\" data-end=\"1553\" data-imt-p=\"1\">Ausgabeoptionen<\/strong><\/td>\n<td data-col-size=\"md\" data-start=\"1554\" data-end=\"1609\" data-imt-p=\"1\">5 V 2 A \/ 6 V 2 A \/ 9 V 1 A \/ 8,4 V 1 A \/ 12 V 1 A \/ 24 V 0,5 A<\/td>\n<\/tr>\n<tr data-start=\"1610\" data-end=\"1669\">\n<td data-start=\"1610\" data-end=\"1633\" data-col-size=\"sm\"><strong data-start=\"1612\" data-end=\"1632\" data-imt-p=\"1\">Steckdosenstandards<\/strong><\/td>\n<td data-col-size=\"md\" data-start=\"1633\" data-end=\"1669\" data-imt-p=\"1\">USA \/ EU \/ UK \/ AU \/ JP \/ KR \/ CN<\/td>\n<\/tr>\n<tr data-start=\"1670\" data-end=\"1717\">\n<td data-start=\"1670\" data-end=\"1685\" data-col-size=\"sm\"><strong data-start=\"1672\" data-end=\"1684\" data-imt-p=\"1\">Material<\/strong><\/td>\n<td data-col-size=\"md\" data-start=\"1685\" data-end=\"1717\" data-imt-p=\"1\">PC (flammhemmendes Geh\u00e4use)<\/td>\n<\/tr>\n<tr data-start=\"1718\" data-end=\"1755\">\n<td data-start=\"1718\" data-end=\"1738\" data-col-size=\"sm\"><strong data-start=\"1720\" data-end=\"1737\" data-imt-p=\"1\">Farboptionen<\/strong><\/td>\n<td data-col-size=\"md\" data-start=\"1738\" data-end=\"1755\" data-imt-p=\"1\">Schwarz\/Wei\u00df<\/td>\n<\/tr>\n<tr data-start=\"1756\" data-end=\"1795\">\n<td data-start=\"1756\" data-end=\"1779\" data-col-size=\"sm\"><strong data-start=\"1758\" data-end=\"1778\" data-imt-p=\"1\">Effizienzniveau<\/strong><\/td>\n<td data-col-size=\"md\" data-start=\"1779\" data-end=\"1795\" data-imt-p=\"1\">DOE Stufe VI<\/td>\n<\/tr>\n<tr data-start=\"1796\" data-end=\"1838\">\n<td data-start=\"1796\" data-end=\"1813\" data-col-size=\"sm\"><strong data-start=\"1798\" data-end=\"1812\" data-imt-p=\"1\">Schutz<\/strong><\/td>\n<td data-col-size=\"md\" data-start=\"1813\" data-end=\"1838\" data-imt-p=\"1\" data-imt_insert_failed_reason=\"same_text\">SCP \/ OCP \/ OVP \/ OTP<\/td>\n<\/tr>\n<tr data-start=\"1839\" data-end=\"1907\">\n<td data-start=\"1839\" data-end=\"1860\" data-col-size=\"sm\"><strong data-start=\"1841\" data-end=\"1859\" data-imt-p=\"1\">Zertifizierungen<\/strong><\/td>\n<td data-col-size=\"md\" data-start=\"1860\" data-end=\"1907\" data-imt-p=\"1\">UL \/ FCC \/ CE \/ UKCA \/ KC \/ SAA \/ PSE \/ CCC<\/td>\n<\/tr>\n<tr data-start=\"1908\" data-end=\"1932\">\n<td data-start=\"1908\" data-end=\"1922\" data-col-size=\"sm\"><strong data-start=\"1910\" data-end=\"1921\" data-imt-p=\"1\">Verpackung<\/strong><\/td>\n<td data-col-size=\"md\" data-start=\"1922\" data-end=\"1932\" data-imt-p=\"1\">PE-Beutel<\/td>\n<\/tr>\n<tr data-start=\"1933\" data-end=\"1959\">\n<td data-start=\"1933\" data-end=\"1948\" data-col-size=\"sm\"><strong data-start=\"1935\" data-end=\"1947\" data-imt-p=\"1\">Garantie<\/strong><\/td>\n<td data-col-size=\"md\" data-start=\"1948\" data-end=\"1959\" data-imt-p=\"1\">2 Jahre<\/td>\n<\/tr>\n<\/tbody>\n<\/table>\n<\/div>\n<\/div>\n<h2 data-start=\"1966\" data-end=\"2002\" data-imt-p=\"1\">Wichtigste Verkaufsargumente f\u00fcr B2B-K\u00e4ufer<\/h2>\n<h3 data-start=\"2004\" data-end=\"2039\" data-imt-p=\"1\">1. Globale Spannungskompatibilit\u00e4t<\/h3>\n<p data-start=\"2040\" data-end=\"2188\" data-imt-p=\"1\">Das universelle Eingangsdesign (90\u2013264 V) vereinfacht die Lagerverwaltung f\u00fcr Importeure und globale Marken. Eine einzige Adapterplattform kann mehrere M\u00e4rkte bedienen.<\/p>\n<h3 data-start=\"2190\" data-end=\"2227\" data-imt-p=\"1\">2. Mehrere Ausgabekonfigurationen<\/h3>\n<p data-start=\"2228\" data-end=\"2348\" data-imt-p=\"1\">Von 5V 2A bis 24V 0,5A unterst\u00fctzt dieser 12W AC\/DC-Adapter diverse elektronische Ger\u00e4te und reduziert so den Bedarf an mehreren Artikeln.<\/p>\n<h3 data-start=\"2350\" data-end=\"2379\" data-imt-p=\"1\">3. Vollst\u00e4ndiger Sicherheitsschutz<\/h3>\n<p data-start=\"2380\" data-end=\"2391\" data-imt-p=\"1\">Integriert:<\/p>\n<ul data-start=\"2392\" data-end=\"2532\">\n<li data-start=\"2392\" data-end=\"2426\">\n<p data-start=\"2394\" data-end=\"2426\" data-imt-p=\"1\">Kurzschlussschutz (SCP)<\/p>\n<\/li>\n<li data-start=\"2427\" data-end=\"2460\">\n<p data-start=\"2429\" data-end=\"2460\" data-imt-p=\"1\">\u00dcberstromschutz (OCP)<\/p>\n<\/li>\n<li data-start=\"2461\" data-end=\"2494\">\n<p data-start=\"2463\" data-end=\"2494\" data-imt-p=\"1\">\u00dcberspannungsschutz (OVP)<\/p>\n<\/li>\n<li data-start=\"2495\" data-end=\"2532\">\n<p data-start=\"2497\" data-end=\"2532\" data-imt-p=\"1\">\u00dcbertemperaturschutz (OTP)<\/p>\n<\/li>\n<\/ul>\n<p data-start=\"2534\" data-end=\"2597\" data-imt-p=\"1\">Entwickelt, um sowohl Ihr Endprodukt als auch Ihren Markenruf zu sch\u00fctzen.<\/p>\n<h3 data-start=\"2599\" data-end=\"2641\" data-imt-p=\"1\">4. Zertifiziert f\u00fcr internationale M\u00e4rkte<\/h3>\n<p data-start=\"2642\" data-end=\"2785\" data-imt-p=\"1\">Mit UL-, CE-, FCC-, UKCA-, KC-, SAA-, PSE- und CCC-Zertifizierungen werden die H\u00fcrden f\u00fcr die Einhaltung von Vorschriften f\u00fcr Distributoren und OEM-Kunden deutlich reduziert.<\/p>\n<h3 data-start=\"2787\" data-end=\"2820\" data-imt-p=\"1\">5. Energieeffizienzklasse VI<\/h3>\n<p data-start=\"2821\" data-end=\"2950\" data-imt-p=\"1\">Erf\u00fcllt die DOE-Effizienzstandards der Stufe VI und tr\u00e4gt so dazu bei, dass Ihre Produkte den modernen Energievorschriften entsprechen und ihre Wettbewerbsf\u00e4higkeit verbessert wird.<\/p>\n<h3 data-start=\"2952\" data-end=\"2992\" data-imt-p=\"1\">6. Anpassbar f\u00fcr OEM\/ODM-Projekte<\/h3>\n<p data-start=\"2993\" data-end=\"3004\" data-imt-p=\"1\">Wir bieten:<\/p>\n<ul data-start=\"3005\" data-end=\"3201\">\n<li data-start=\"3005\" data-end=\"3020\">\n<p data-start=\"3007\" data-end=\"3020\" data-imt-p=\"1\">Logodruck<\/p>\n<\/li>\n<li data-start=\"3021\" data-end=\"3050\">\n<p data-start=\"3023\" data-end=\"3050\" data-imt-p=\"1\">Geh\u00e4usefarbanpassung<\/p>\n<\/li>\n<li data-start=\"3051\" data-end=\"3094\">\n<p data-start=\"3053\" data-end=\"3094\" data-imt-p=\"1\">Ausgangskabell\u00e4nge und Steckerauswahl<\/p>\n<\/li>\n<li data-start=\"3095\" data-end=\"3113\">\n<p data-start=\"3097\" data-end=\"3113\" data-imt-p=\"1\">Private Labeling<\/p>\n<\/li>\n<li data-start=\"3114\" data-end=\"3139\">\n<p data-start=\"3116\" data-end=\"3139\" data-imt-p=\"1\">Verpackungsanpassung<\/p>\n<\/li>\n<li data-start=\"3140\" data-end=\"3201\">\n<p data-start=\"3142\" data-end=\"3201\" data-imt-p=\"1\">Anpassungen der technischen Parameter (innerhalb der technischen Grenzen)<\/p>\n<\/li>\n<\/ul>\n<h2 data-start=\"3208\" data-end=\"3231\" data-imt-p=\"1\">Typische Anwendungen<\/h2>\n<p data-start=\"3233\" data-end=\"3281\" data-imt-p=\"1\">Das 12-W-Netzteil AS1201A findet breite Anwendung in:<\/p>\n<ul data-start=\"3283\" data-end=\"3505\">\n<li data-start=\"3283\" data-end=\"3325\">\n<p data-start=\"3285\" data-end=\"3325\" data-imt-p=\"1\"><a href=\"https:\/\/szjialu.com\/de\/nachricht\/router-netzteil-anleitung-behebung-von-wlan-problemen-auswahl-des-richtigen-netzteils\/\">Netzwerkger\u00e4te (Router, Switches)<\/a><\/p>\n<\/li>\n<li data-start=\"3326\" data-end=\"3359\">\n<p data-start=\"3328\" data-end=\"3359\" data-imt-p=\"1\">Sicherheitssysteme (\u00dcberwachungskameras)<\/p>\n<\/li>\n<li data-start=\"3360\" data-end=\"3382\">\n<p data-start=\"3362\" data-end=\"3382\" data-imt-p=\"1\"><a href=\"https:\/\/szjialu.com\/de\/nachricht\/led-netzteil-anleitung-12v-adapter-led-leuchten\/\">LED-Beleuchtungssysteme<\/a><\/p>\n<\/li>\n<li data-start=\"3383\" data-end=\"3403\">\n<p data-start=\"3385\" data-end=\"3403\" data-imt-p=\"1\">Smart-Home-Ger\u00e4te<\/p>\n<\/li>\n<li data-start=\"3404\" data-end=\"3419\">\n<p data-start=\"3406\" data-end=\"3419\" data-imt-p=\"1\"><a href=\"https:\/\/www.aonpostech.com\/pos-system\" target=\"_blank\" rel=\"noopener\">POS-Terminals<\/a><\/p>\n<\/li>\n<li data-start=\"3420\" data-end=\"3442\">\n<p data-start=\"3422\" data-end=\"3442\" data-imt-p=\"1\">Unterhaltungselektronik<\/p>\n<\/li>\n<li data-start=\"3443\" data-end=\"3470\">\n<p data-start=\"3445\" data-end=\"3470\" data-imt-p=\"1\">Medizinische Hilfsmittel<\/p>\n<\/li>\n<li data-start=\"3471\" data-end=\"3505\">\n<p data-start=\"3473\" data-end=\"3505\" data-imt-p=\"1\">Kleine industrielle Steuerungssysteme<\/p>\n<\/li>\n<\/ul>\n<p data-start=\"3507\" data-end=\"3617\" data-imt-p=\"1\">Wenn Sie ein 12-W-Netzteil in ein neues Hardwareprodukt integrieren, k\u00f6nnen wir Sie bei der Kompatibilit\u00e4tspr\u00fcfung unterst\u00fctzen.<\/p>\n<h2 data-start=\"3624\" data-end=\"3682\" data-imt-p=\"1\">Warum sollten Sie SZJialu als Ihren Netzteilhersteller w\u00e4hlen?<\/h2>\n<p data-start=\"3684\" data-end=\"3830\" data-imt-p=\"1\">Bei SZ Jialu sind wir nicht nur ein Handelsunternehmen \u2013 wir sind ein professioneller chinesischer Hersteller, der sich auf Netzteile und Ladel\u00f6sungen spezialisiert hat.<\/p>\n<h3 data-start=\"3832\" data-end=\"3851\" data-imt-p=\"1\">Unsere Vorteile:<\/h3>\n<ul data-start=\"3853\" data-end=\"4088\">\n<li data-start=\"3853\" data-end=\"3886\">\n<p data-start=\"3855\" data-end=\"3886\" data-imt-p=\"1\">Stabile Massenproduktionskapazit\u00e4t<\/p>\n<\/li>\n<li data-start=\"3887\" data-end=\"3918\">\n<p data-start=\"3889\" data-end=\"3918\" data-imt-p=\"1\">Strenges Qualit\u00e4tskontrollsystem<\/p>\n<\/li>\n<li data-start=\"3919\" data-end=\"3957\">\n<p data-start=\"3921\" data-end=\"3957\" data-imt-p=\"1\">Technische Unterst\u00fctzung f\u00fcr OEM-Projekte<\/p>\n<\/li>\n<li data-start=\"3958\" data-end=\"3992\">\n<p data-start=\"3960\" data-end=\"3992\" data-imt-p=\"1\">Kurze Lieferzeiten f\u00fcr Gro\u00dfbestellungen<\/p>\n<\/li>\n<li data-start=\"3993\" data-end=\"4029\">\n<p data-start=\"3995\" data-end=\"4029\" data-imt-p=\"1\">Wettbewerbsf\u00e4hige Preise direkt ab Werk<\/p>\n<\/li>\n<li data-start=\"4030\" data-end=\"4088\">\n<p data-start=\"4032\" data-end=\"4088\" data-imt-p=\"1\">Exporterfahrung nach Nordamerika, Europa und in den asiatisch-pazifischen Raum<\/p>\n<\/li>\n<\/ul>\n<p data-start=\"4090\" data-end=\"4196\" data-imt-p=\"1\">Wir verstehen die Bed\u00fcrfnisse von B2B-K\u00e4ufern: Konsistenz, Compliance, Dokumentation und zuverl\u00e4ssige Kommunikation.<\/p>\n<h2 data-start=\"4203\" data-end=\"4227\" data-imt-p=\"1\">FAQ \u2013 F\u00fcr B2B-Kunden<\/h2>\n<h3 data-start=\"4229\" data-end=\"4277\" data-imt-p=\"1\">Frage 1: Wie hoch ist Ihre Mindestbestellmenge f\u00fcr die AS1201A-Serie?<\/h3>\n<p data-start=\"4278\" data-end=\"4364\">Die Mindestbestellmenge h\u00e4ngt von den Ausgangsspezifikationen und dem Steckertyp ab. Kontaktieren Sie uns f\u00fcr ein detailliertes Gespr\u00e4ch.<\/p>\n<h3 data-start=\"4366\" data-end=\"4419\" data-imt-p=\"1\">Frage 2: K\u00f6nnen Ausgangsspannung und -strom individuell angepasst werden?<\/h3>\n<p data-start=\"4420\" data-end=\"4505\" data-imt-p=\"1\">Ja, im Leistungsbereich von 12 W. Unser Ingenieurteam kann Ihre Anforderungen pr\u00fcfen.<\/p>\n<h3 data-start=\"4507\" data-end=\"4556\" data-imt-p=\"1\">Frage 3: Stellen Sie vor einer Gro\u00dfbestellung Muster zur Verf\u00fcgung?<\/h3>\n<p data-start=\"4557\" data-end=\"4625\" data-imt-p=\"1\">Ja. Muster sind f\u00fcr Tests und die Zertifizierungsvalidierung verf\u00fcgbar.<\/p>\n<h3 data-start=\"4627\" data-end=\"4675\" data-imt-p=\"1\">Frage 4: K\u00f6nnen Sie Zertifizierungsdokumente vorlegen?<\/h3>\n<p data-start=\"4676\" data-end=\"4755\" data-imt-p=\"1\">Ja, offizielle Zertifikatskopien k\u00f6nnen zur \u00dcberpr\u00fcfung der Konformit\u00e4t vorgelegt werden.<\/p>\n<h3 data-start=\"4757\" data-end=\"4795\" data-imt-p=\"1\">Frage 5: Wie lange ist die \u00fcbliche Lieferzeit?<\/h3>\n<ul data-start=\"4796\" data-end=\"4872\">\n<li data-start=\"4796\" data-end=\"4825\">\n<p data-start=\"4798\" data-end=\"4825\" data-imt-p=\"1\">Muster: 5\u20137 Werktage<\/p>\n<\/li>\n<li data-start=\"4826\" data-end=\"4872\">\n<p data-start=\"4828\" data-end=\"4872\" data-imt-p=\"1\">Gro\u00dfbestellungen: 3\u20135 Wochen je nach Menge<\/p>\n<\/li>\n<\/ul>\n<h3 data-start=\"4874\" data-end=\"4921\" data-imt-p=\"1\">Frage 6: K\u00f6nnen Sie Private-Label-Branding unterst\u00fctzen?<\/h3>\n<p data-start=\"4922\" data-end=\"4994\" data-imt-p=\"1\">Absolut. Wir unterst\u00fctzen Logodruck und individuelle Verpackungsl\u00f6sungen.<\/p>","protected":false},"excerpt":{"rendered":"<p><strong data-start=\"1316\" data-end=\"1332\" data-imt-p=\"1\">Produktname: <\/strong>12-W-Adapter<\/p>\n<p><strong data-start=\"1351\" data-end=\"1367\" data-imt-p=\"1\">Modellnummer: <\/strong>AS1201A-Serie<\/p>\n<p><strong data-start=\"1389\" data-end=\"1408\" data-imt-p=\"1\">Herkunftsort: <\/strong>China (Festland)<\/p>\n<p><strong data-start=\"1432\" data-end=\"1449\" data-imt-p=\"1\">Eingangsspannung: <\/strong>90\u2013264 V Wechselstrom<\/p>\n<p><strong data-start=\"1467\" data-end=\"1486\" data-imt-p=\"1\">Eingangsfrequenz: <\/strong>50\/60 Hz<\/p>\n<p><strong data-start=\"1501\" data-end=\"1518\" data-imt-p=\"1\">Eingangsstrom: <\/strong>0,35 A Max.<\/p>\n<p><strong data-start=\"1535\" data-end=\"1553\" data-imt-p=\"1\">Ausgabeoptionen: <\/strong>5 V 2 A \/ 6 V 2 A \/ 9 V 1 A \/ 8,4 V 1 A \/ 12 V 1 A \/ 24 V 0,5 A<\/p>\n<p><strong data-start=\"1612\" data-end=\"1632\" data-imt-p=\"1\">Steckdosenstandards: <\/strong>USA \/ EU \/ UK \/ AU \/ JP \/ KR \/ CN<\/p>\n<p><strong data-start=\"1672\" data-end=\"1684\" data-imt-p=\"1\">Material: <\/strong>PC (flammhemmendes Geh\u00e4use)<\/p>\n<p><strong data-start=\"1720\" data-end=\"1737\" data-imt-p=\"1\">Farboptionen: <\/strong>Schwarz\/Wei\u00df<\/p>\n<p><strong data-start=\"1758\" data-end=\"1778\" data-imt-p=\"1\">Effizienzniveau: <\/strong>DOE Stufe VI<\/p>\n<p><strong data-start=\"1798\" data-end=\"1812\" data-imt-p=\"1\">Schutz: <\/strong>SCP \/ OCP \/ OVP \/ OTP<\/p>\n<p><strong data-start=\"1841\" data-end=\"1859\" data-imt-p=\"1\">Zertifizierungen: <\/strong>UL \/ FCC \/ CE \/ UKCA \/ KC \/ SAA \/ PSE \/ CCC<\/p>","protected":false},"featured_media":1621,"comment_status":"open","ping_status":"closed","template":"","meta":{"_acf_changed":false,"site-sidebar-layout":"default","site-content-layout":"","ast-site-content-layout":"default","site-content-style":"default","site-sidebar-style":"default","ast-global-header-display":"","ast-banner-title-visibility":"","ast-main-header-display":"","ast-hfb-above-header-display":"","ast-hfb-below-header-display":"","ast-hfb-mobile-header-display":"","site-post-title":"","ast-breadcrumbs-content":"","ast-featured-img":"","footer-sml-layout":"","ast-disable-related-posts":"","theme-transparent-header-meta":"default","adv-header-id-meta":"","stick-header-meta":"","header-above-stick-meta":"","header-main-stick-meta":"","header-below-stick-meta":"","astra-migrate-meta-layouts":"set","ast-page-background-enabled":"default","ast-page-background-meta":{"desktop":{"background-color":"var(--ast-global-color-5)","background-image":"","background-repeat":"repeat","background-position":"center center","background-size":"auto","background-attachment":"scroll","background-type":"","background-media":"","overlay-type":"","overlay-color":"","overlay-opacity":"","overlay-gradient":""},"tablet":{"background-color":"","background-image":"","background-repeat":"repeat","background-position":"center center","background-size":"auto","background-attachment":"scroll","background-type":"","background-media":"","overlay-type":"","overlay-color":"","overlay-opacity":"","overlay-gradient":""},"mobile":{"background-color":"","background-image":"","background-repeat":"repeat","background-position":"center center","background-size":"auto","background-attachment":"scroll","background-type":"","background-media":"","overlay-type":"","overlay-color":"","overlay-opacity":"","overlay-gradient":""}},"ast-content-background-meta":{"desktop":{"background-color":"var(--ast-global-color-4)","background-image":"","background-repeat":"repeat","background-position":"center center","background-size":"auto","background-attachment":"scroll","background-type":"","background-media":"","overlay-type":"","overlay-color":"","overlay-opacity":"","overlay-gradient":""},"tablet":{"background-color":"var(--ast-global-color-4)","background-image":"","background-repeat":"repeat","background-position":"center center","background-size":"auto","background-attachment":"scroll","background-type":"","background-media":"","overlay-type":"","overlay-color":"","overlay-opacity":"","overlay-gradient":""},"mobile":{"background-color":"var(--ast-global-color-4)","background-image":"","background-repeat":"repeat","background-position":"center center","background-size":"auto","background-attachment":"scroll","background-type":"","background-media":"","overlay-type":"","overlay-color":"","overlay-opacity":"","overlay-gradient":""}}},"product_brand":[],"product_cat":[53,32],"product_tag":[261,263,262],"class_list":{"0":"post-1620","1":"product","2":"type-product","3":"status-publish","4":"has-post-thumbnail","6":"product_cat-wall-mount-power-adapter","7":"product_cat-power-adapter","8":"product_tag-12w-power-adapter","9":"product_tag-12w-power-supply-manufacturer","10":"product_tag-ac-dc-adapter-12w","11":"desktop-align-left","12":"tablet-align-left","13":"mobile-align-left","15":"first","16":"instock","17":"shipping-taxable","18":"product-type-simple"},"acf":[],"_links":{"self":[{"href":"https:\/\/szjialu.com\/de\/wp-json\/wp\/v2\/product\/1620","targetHints":{"allow":["GET"]}}],"collection":[{"href":"https:\/\/szjialu.com\/de\/wp-json\/wp\/v2\/product"}],"about":[{"href":"https:\/\/szjialu.com\/de\/wp-json\/wp\/v2\/types\/product"}],"replies":[{"embeddable":true,"href":"https:\/\/szjialu.com\/de\/wp-json\/wp\/v2\/comments?post=1620"}],"wp:featuredmedia":[{"embeddable":true,"href":"https:\/\/szjialu.com\/de\/wp-json\/wp\/v2\/media\/1621"}],"wp:attachment":[{"href":"https:\/\/szjialu.com\/de\/wp-json\/wp\/v2\/media?parent=1620"}],"wp:term":[{"taxonomy":"product_brand","embeddable":true,"href":"https:\/\/szjialu.com\/de\/wp-json\/wp\/v2\/product_brand?post=1620"},{"taxonomy":"product_cat","embeddable":true,"href":"https:\/\/szjialu.com\/de\/wp-json\/wp\/v2\/product_cat?post=1620"},{"taxonomy":"product_tag","embeddable":true,"href":"https:\/\/szjialu.com\/de\/wp-json\/wp\/v2\/product_tag?post=1620"}],"curies":[{"name":"wp","href":"https:\/\/api.w.org\/{rel}","templated":true}]}}