{"id":1590,"date":"2026-02-22T13:11:34","date_gmt":"2026-02-22T13:11:34","guid":{"rendered":"https:\/\/szjialu.com\/?post_type=product&#038;p=1590"},"modified":"2026-02-22T13:11:36","modified_gmt":"2026-02-22T13:11:36","slug":"6-w-netzteil-der-serie-as0601a","status":"publish","type":"product","link":"https:\/\/szjialu.com\/de\/product\/6w-power-adapter-as0601a-series\/","title":{"rendered":"6-W-Netzteil \u2013 Serie AS0601A"},"content":{"rendered":"<p data-start=\"454\" data-end=\"729\" data-imt-p=\"1\">Der <strong data-start=\"458\" data-end=\"493\">AS0601A Serie 6W Netzteil<\/strong> Dieses vielseitige und hocheffiziente AC\/DC-Netzteil ist f\u00fcr den weltweiten Einsatz konzipiert. Es erf\u00fcllt internationale Sicherheits- und Effizienzstandards und liefert eine stabile Stromversorgung f\u00fcr eine Vielzahl von elektronischen Ger\u00e4ten mit geringem Stromverbrauch.<\/p>\n<p data-start=\"731\" data-end=\"1085\" data-imt-p=\"1\">Hergestellt von <a href=\"https:\/\/szjialu.com\/de\/\"><strong data-start=\"747\" data-end=\"788\"><span class=\"hover:entity-accent entity-underline inline cursor-pointer align-baseline\"><span class=\"whitespace-normal\">Shenzhen Jialu Technology Co., Ltd<\/span><\/span><\/strong><\/a>, Dieses Produkt ist ideal f\u00fcr einen in Shenzhen ans\u00e4ssigen Spezialisten f\u00fcr Netzteile und Ladeger\u00e4te mit mehr als zehn Jahren Branchenerfahrung. <strong data-start=\"918\" data-end=\"982\">OEM\/ODM-Partner, globale Distributoren und Industrieabnehmer<\/strong> Wir suchen qualitativ hochwertige, konforme und skalierbare L\u00f6sungen f\u00fcr die Gro\u00dfversorgung.<\/p>\n<p data-start=\"1087\" data-end=\"1317\" data-imt-p=\"1\">Die Produktionskapazit\u00e4t unseres Unternehmens und unser Qualit\u00e4tsanspruch gew\u00e4hrleisten, dass jedes Ger\u00e4t strengen Standards entspricht \u2013 was die AS0601A-Serie zu einer ausgezeichneten Wahl f\u00fcr die B2B-Beschaffung auf globalen M\u00e4rkten macht.<\/p>\n<h2 data-start=\"1324\" data-end=\"1356\"><strong data-start=\"1327\" data-end=\"1354\" data-imt-p=\"1\">Hauptmerkmale und Vorteile<\/strong><\/h2>\n<h3 data-start=\"1358\" data-end=\"1386\" data-imt-p=\"1\">\u2714 Globale Kompatibilit\u00e4t<\/h3>\n<ul data-start=\"1387\" data-end=\"1600\">\n<li data-start=\"1387\" data-end=\"1481\">\n<p data-start=\"1389\" data-end=\"1481\" data-imt-p=\"1\"><strong data-start=\"1389\" data-end=\"1418\">Breiter Eingangsspannungsbereich:<\/strong> 100\u2013240 V, 50\/60 Hz \u2014 kompatibel mit Stromnetzen weltweit.<\/p>\n<\/li>\n<li data-start=\"1482\" data-end=\"1600\">\n<p data-start=\"1484\" data-end=\"1600\" data-imt-p=\"1\">Mehrere Steckdosenstandards verf\u00fcgbar \u2014 <strong data-start=\"1522\" data-end=\"1552\">USA, EU, Gro\u00dfbritannien, Australien, Japan, S\u00fcdkorea, China<\/strong> \u2014 f\u00fcr eine einfache Einf\u00fchrung auf internationalen M\u00e4rkten.<\/p>\n<\/li>\n<\/ul>\n<h3 data-start=\"1602\" data-end=\"1640\" data-imt-p=\"1\">\u2714 Mehrere Ausgabekonfigurationen<\/h3>\n<ul data-start=\"1641\" data-end=\"1754\">\n<li data-start=\"1641\" data-end=\"1694\">\n<p data-start=\"1643\" data-end=\"1694\" data-imt-p=\"1\">Anpassbare Ausgaben: <strong data-start=\"1665\" data-end=\"1691\">5 V 1 A, 6 V 1 A, 12 V 0,5 A<\/strong>.<\/p>\n<\/li>\n<li data-start=\"1695\" data-end=\"1754\">\n<p data-start=\"1697\" data-end=\"1754\" data-imt-p=\"1\">Unterst\u00fctzt vielf\u00e4ltige Ger\u00e4teanforderungen in unterschiedlichen Anwendungen.<\/p>\n<\/li>\n<\/ul>\n<h3 data-start=\"1756\" data-end=\"1795\" data-imt-p=\"1\">\u2714 Erh\u00f6hte Sicherheit und Zuverl\u00e4ssigkeit<\/h3>\n<ul data-start=\"1796\" data-end=\"2001\">\n<li data-start=\"1796\" data-end=\"2001\">\n<p data-start=\"1798\" data-end=\"2001\" data-imt-p=\"1\">Umfassende Schutzmechanismen:<br data-start=\"1834\" data-end=\"1837\" \/>\u2022 <strong data-start=\"1841\" data-end=\"1875\">Kurzschlussschutz (SCP)<\/strong><br data-start=\"1875\" data-end=\"1878\" \/>\u2022 <strong data-start=\"1882\" data-end=\"1915\">\u00dcberstromschutz (OCP)<\/strong><br data-start=\"1915\" data-end=\"1918\" \/>\u2022 <strong data-start=\"1922\" data-end=\"1955\">\u00dcberspannungsschutz (OVP)<\/strong><br data-start=\"1955\" data-end=\"1958\" \/>\u2022 <strong data-start=\"1962\" data-end=\"1999\">\u00dcbertemperaturschutz (OTP)<\/strong><\/p>\n<\/li>\n<\/ul>\n<h3 data-start=\"2003\" data-end=\"2034\" data-imt-p=\"1\">\u2714 Effizienz &amp; Compliance<\/h3>\n<ul data-start=\"2035\" data-end=\"2258\">\n<li data-start=\"2035\" data-end=\"2145\">\n<p data-start=\"2037\" data-end=\"2145\" data-imt-p=\"1\"><strong data-start=\"2037\" data-end=\"2064\">DOE-Effizienz der Stufe VI<\/strong>, wodurch der Standby-Stromverlust reduziert und globale Energieeffizienzvorschriften erf\u00fcllt werden.<\/p>\n<\/li>\n<li data-start=\"2146\" data-end=\"2258\">\n<p data-start=\"2148\" data-end=\"2258\" data-imt-p=\"1\">Vollst\u00e4ndig f\u00fcr den Export zertifiziert: <strong data-start=\"2176\" data-end=\"2216\">UL, FCC, CE, UKCA, KC, SAA, PSE, CCC<\/strong> \u2014 Erleichterung des Markteintritts in wichtigen Regionen.<\/p>\n<\/li>\n<\/ul>\n<h3 data-start=\"2260\" data-end=\"2288\" data-imt-p=\"1\">\u2714 Robuste Konstruktion<\/h3>\n<ul data-start=\"2289\" data-end=\"2413\">\n<li data-start=\"2289\" data-end=\"2357\">\n<p data-start=\"2291\" data-end=\"2357\" data-imt-p=\"1\">Hergestellt aus robustem <strong data-start=\"2308\" data-end=\"2322\">PC-Geh\u00e4use<\/strong> In den Farben Schwarz oder Wei\u00df erh\u00e4ltlich.<\/p>\n<\/li>\n<li data-start=\"2358\" data-end=\"2413\">\n<p data-start=\"2360\" data-end=\"2413\" data-imt-p=\"1\">Einfache PE-Beutelverpackung f\u00fcr kosteneffiziente Logistik.<\/p>\n<\/li>\n<\/ul>\n<h3 data-start=\"2415\" data-end=\"2445\" data-imt-p=\"1\">\u2714 Direkter Werkssupport<\/h3>\n<ul data-start=\"2446\" data-end=\"2576\">\n<li data-start=\"2446\" data-end=\"2508\">\n<p data-start=\"2448\" data-end=\"2508\" data-imt-p=\"1\">OEM\/ODM-Anpassung \u2013 Logos, Etiketten, Verpackungen und mehr.<\/p>\n<\/li>\n<li data-start=\"2509\" data-end=\"2576\">\n<p data-start=\"2511\" data-end=\"2576\" data-imt-p=\"1\">Stabile Massenproduktionskapazit\u00e4t zur Unterst\u00fctzung langfristiger Vertr\u00e4ge.<\/p>\n<\/li>\n<\/ul>\n<h2 data-start=\"2583\" data-end=\"2614\"><strong data-start=\"2586\" data-end=\"2614\" data-imt-p=\"1\">Technische Spezifikationen<\/strong><\/h2>\n<div class=\"TyagGW_tableContainer\">\n<div class=\"group TyagGW_tableWrapper flex flex-col-reverse w-fit\" tabindex=\"-1\">\n<table class=\"w-fit min-w-(--thread-content-width)\" data-start=\"2616\" data-end=\"3250\">\n<thead data-start=\"2616\" data-end=\"2651\">\n<tr data-start=\"2616\" data-end=\"2651\">\n<th class=\"\" data-start=\"2616\" data-end=\"2636\" data-col-size=\"sm\"><strong data-start=\"2618\" data-end=\"2635\" data-imt-p=\"1\">Spezifikation<\/strong><\/th>\n<th class=\"\" data-start=\"2636\" data-end=\"2651\" data-col-size=\"md\"><strong data-start=\"2638\" data-end=\"2649\" data-imt-p=\"1\">Details<\/strong><\/th>\n<\/tr>\n<\/thead>\n<tbody data-start=\"2687\" data-end=\"3250\">\n<tr data-start=\"2687\" data-end=\"2726\">\n<td data-start=\"2687\" data-end=\"2706\" data-col-size=\"sm\"><strong data-start=\"2689\" data-end=\"2705\" data-imt-p=\"1\">Produktname<\/strong><\/td>\n<td data-start=\"2706\" data-end=\"2726\" data-col-size=\"md\" data-imt-p=\"1\">6-W-Netzteil<\/td>\n<\/tr>\n<tr data-start=\"2727\" data-end=\"2764\">\n<td data-start=\"2727\" data-end=\"2746\" data-col-size=\"sm\"><strong data-start=\"2729\" data-end=\"2745\" data-imt-p=\"1\">Modellnummer<\/strong><\/td>\n<td data-start=\"2746\" data-end=\"2764\" data-col-size=\"md\" data-imt-p=\"1\">AS0601A Serie<\/td>\n<\/tr>\n<tr data-start=\"2765\" data-end=\"2807\">\n<td data-start=\"2765\" data-end=\"2787\" data-col-size=\"sm\"><strong data-start=\"2767\" data-end=\"2786\" data-imt-p=\"1\">Herkunftsort<\/strong><\/td>\n<td data-start=\"2787\" data-end=\"2807\" data-col-size=\"md\" data-imt-p=\"1\">China (Festland)<\/td>\n<\/tr>\n<tr data-start=\"2808\" data-end=\"2852\">\n<td data-start=\"2808\" data-end=\"2820\" data-col-size=\"sm\"><strong data-start=\"2810\" data-end=\"2819\" data-imt-p=\"1\">Eingang<\/strong><\/td>\n<td data-start=\"2820\" data-end=\"2852\" data-col-size=\"md\" data-imt-p=\"1\">100\u2013240 V ~ 50\/60 Hz, max. 0,2 A<\/td>\n<\/tr>\n<tr data-start=\"2853\" data-end=\"2902\">\n<td data-start=\"2853\" data-end=\"2874\" data-col-size=\"sm\"><strong data-start=\"2855\" data-end=\"2873\" data-imt-p=\"1\">Ausgabeoptionen<\/strong><\/td>\n<td data-start=\"2874\" data-end=\"2902\" data-col-size=\"md\" data-imt-p=\"1\">5 V 1 A \/ 6 V 1 A \/ 12 V 0,5 A<\/td>\n<\/tr>\n<tr data-start=\"2903\" data-end=\"2961\">\n<td data-start=\"2903\" data-end=\"2925\" data-col-size=\"sm\"><strong data-start=\"2905\" data-end=\"2924\" data-imt-p=\"1\">Steckdosenstandard<\/strong><\/td>\n<td data-start=\"2925\" data-end=\"2961\" data-col-size=\"md\" data-imt-p=\"1\">USA \/ EU \/ UK \/ AU \/ JP \/ KR \/ CN<\/td>\n<\/tr>\n<tr data-start=\"2962\" data-end=\"2998\">\n<td data-start=\"2962\" data-end=\"2982\" data-col-size=\"sm\"><strong data-start=\"2964\" data-end=\"2981\" data-imt-p=\"1\">Farboptionen<\/strong><\/td>\n<td data-start=\"2982\" data-end=\"2998\" data-col-size=\"md\" data-imt-p=\"1\">Schwarz, Wei\u00df<\/td>\n<\/tr>\n<tr data-start=\"2999\" data-end=\"3045\">\n<td data-start=\"2999\" data-end=\"3014\" data-col-size=\"sm\"><strong data-start=\"3001\" data-end=\"3013\" data-imt-p=\"1\">Material<\/strong><\/td>\n<td data-start=\"3014\" data-end=\"3045\" data-col-size=\"md\" data-imt-p=\"1\">PC (feuerbest\u00e4ndiges Geh\u00e4use)<\/td>\n<\/tr>\n<tr data-start=\"3046\" data-end=\"3070\">\n<td data-start=\"3046\" data-end=\"3060\" data-col-size=\"sm\"><strong data-start=\"3048\" data-end=\"3059\" data-imt-p=\"1\">Verpackung<\/strong><\/td>\n<td data-col-size=\"md\" data-start=\"3060\" data-end=\"3070\" data-imt-p=\"1\">PE-Beutel<\/td>\n<\/tr>\n<tr data-start=\"3071\" data-end=\"3114\">\n<td data-start=\"3071\" data-end=\"3089\" data-col-size=\"sm\"><strong data-start=\"3073\" data-end=\"3088\" data-imt-p=\"1\">Schutzma\u00dfnahmen<\/strong><\/td>\n<td data-start=\"3089\" data-end=\"3114\" data-col-size=\"md\" data-imt-p=\"1\" data-imt_insert_failed_reason=\"same_text\">SCP \/ OCP \/ OVP \/ OTP<\/td>\n<\/tr>\n<tr data-start=\"3115\" data-end=\"3154\">\n<td data-start=\"3115\" data-end=\"3138\" data-col-size=\"sm\"><strong data-start=\"3117\" data-end=\"3137\" data-imt-p=\"1\">Effizienzniveau<\/strong><\/td>\n<td data-start=\"3138\" data-end=\"3154\" data-col-size=\"md\" data-imt-p=\"1\">DOE Stufe VI<\/td>\n<\/tr>\n<tr data-start=\"3155\" data-end=\"3223\">\n<td data-start=\"3155\" data-end=\"3176\" data-col-size=\"sm\"><strong data-start=\"3157\" data-end=\"3175\" data-imt-p=\"1\">Zertifizierungen<\/strong><\/td>\n<td data-col-size=\"md\" data-start=\"3176\" data-end=\"3223\" data-imt-p=\"1\">UL \/ FCC \/ CE \/ UKCA \/ KC \/ SAA \/ PSE \/ CCC<\/td>\n<\/tr>\n<tr data-start=\"3224\" data-end=\"3250\">\n<td data-start=\"3224\" data-end=\"3239\" data-col-size=\"sm\"><strong data-start=\"3226\" data-end=\"3238\" data-imt-p=\"1\">Garantie<\/strong><\/td>\n<td data-col-size=\"md\" data-start=\"3239\" data-end=\"3250\" data-imt-p=\"1\">2 Jahre<\/td>\n<\/tr>\n<\/tbody>\n<\/table>\n<\/div>\n<\/div>\n<h2 data-start=\"3257\" data-end=\"3276\"><strong data-start=\"3260\" data-end=\"3276\" data-imt-p=\"1\">Anwendungen<\/strong><\/h2>\n<p data-start=\"3278\" data-end=\"3353\" data-imt-p=\"1\">Ideal zur Stromversorgung von Ger\u00e4ten in verschiedenen Branchen, darunter:<\/p>\n<ul data-start=\"3355\" data-end=\"3580\">\n<li data-start=\"3355\" data-end=\"3374\">\n<p data-start=\"3357\" data-end=\"3374\" data-imt-p=\"1\">Smart-Home-Ger\u00e4te<\/p>\n<\/li>\n<li data-start=\"3375\" data-end=\"3414\">\n<p data-start=\"3377\" data-end=\"3414\" data-imt-p=\"1\">Sicherheitssysteme (IP-Kameras, DVRs)<\/p>\n<\/li>\n<li data-start=\"3415\" data-end=\"3454\">\n<p data-start=\"3417\" data-end=\"3454\" data-imt-p=\"1\">Netzwerk- und Kommunikationsger\u00e4te<\/p>\n<\/li>\n<li data-start=\"3455\" data-end=\"3491\">\n<p data-start=\"3457\" data-end=\"3491\" data-imt-p=\"1\">Zubeh\u00f6r f\u00fcr Unterhaltungselektronik<\/p>\n<\/li>\n<li data-start=\"3492\" data-end=\"3522\">\n<p data-start=\"3494\" data-end=\"3522\" data-imt-p=\"1\">LED-Beleuchtung &amp; Steuerungen<\/p>\n<\/li>\n<li data-start=\"3523\" data-end=\"3553\">\n<p data-start=\"3525\" data-end=\"3553\" data-imt-p=\"1\">Industrielle Steuermodule<\/p>\n<\/li>\n<li data-start=\"3554\" data-end=\"3580\">\n<p data-start=\"3556\" data-end=\"3580\" data-imt-p=\"1\">POS-Systeme und Peripherieger\u00e4te<\/p>\n<\/li>\n<\/ul>\n<p data-start=\"3582\" data-end=\"3708\" data-imt-p=\"1\">Dank seiner universellen Eingangs- und breiten Ausgangsunterst\u00fctzung eignet es sich f\u00fcr <strong data-start=\"3647\" data-end=\"3707\">globale Vertriebsprojekte und OEM-Ger\u00e4teintegrationen<\/strong>.<\/p>\n<h2 data-start=\"3715\" data-end=\"3746\"><strong data-start=\"3718\" data-end=\"3746\" data-imt-p=\"1\">Warum B2B-K\u00e4ufer uns w\u00e4hlen<\/strong><\/h2>\n<h3 data-start=\"3748\" data-end=\"3789\"><strong data-start=\"3752\" data-end=\"3787\" data-imt-p=\"1\">Professionelle Produktionsst\u00e4tte<\/strong><\/h3>\n<p data-start=\"3790\" data-end=\"4070\" data-imt-p=\"1\">Als mittelst\u00e4ndischer Hersteller von Netzteilen mit Sitz in Shenzhen, China, vereinen wir Forschungs- und Entwicklungskompetenz mit effizienter Produktion und strengen Qualit\u00e4tssicherungssystemen. Unsere Produktionsumgebung und unser Qualit\u00e4tsmanagement gew\u00e4hrleisten zuverl\u00e4ssige und reproduzierbare Ergebnisse bei allen Auftr\u00e4gen.<\/p>\n<h3 data-start=\"4072\" data-end=\"4110\"><strong data-start=\"4076\" data-end=\"4108\" data-imt-p=\"1\">Fokus auf Qualit\u00e4t und Compliance<\/strong><\/h3>\n<p data-start=\"4111\" data-end=\"4320\" data-imt-p=\"1\">Wir halten uns an strenge Qualit\u00e4tsmanagementstandards (ISO9001), Umweltverantwortung (ISO14001) und soziale Standards (BSCI) \u2013 eine solide Grundlage f\u00fcr internationale Partnerschaften.<\/p>\n<h3 data-start=\"4322\" data-end=\"4367\"><strong data-start=\"4326\" data-end=\"4365\" data-imt-p=\"1\">Globale Liefer- und Exportkapazit\u00e4t<\/strong><\/h3>\n<p data-start=\"4368\" data-end=\"4517\" data-imt-p=\"1\">Unsere Produkte werden in \u00fcber 100 L\u00e4nder versandt und werden durch einen reaktionsschnellen Kundenservice und technischen Support rund um die Uhr unterst\u00fctzt.<\/p>\n<h3 data-start=\"4519\" data-end=\"4562\"><strong data-start=\"4523\" data-end=\"4560\" data-imt-p=\"1\">Vollst\u00e4ndige OEM- und Anpassungskapazit\u00e4t<\/strong><\/h3>\n<p data-start=\"4563\" data-end=\"4799\" data-imt-p=\"1\">Von Leistungsdaten und Markenbildung bis hin zu Steckerstandards, Verpackung und Etikettierung \u2013 unser Team unterst\u00fctzt ma\u00dfgeschneiderte B2B-Projektanforderungen mit skalierbaren Produktionslinien und professioneller technischer Zusammenarbeit.<\/p>\n<h2 data-start=\"4806\" data-end=\"4835\"><strong data-start=\"4809\" data-end=\"4835\" data-imt-p=\"1\">H\u00e4ufig gestellte Fragen (f\u00fcr Unternehmen)<\/strong><\/h2>\n<p data-start=\"4837\" data-end=\"4969\" data-imt-p=\"1\"><strong data-start=\"4837\" data-end=\"4876\" data-imt-p=\"1\">Frage 1: Unterst\u00fctzen Sie individuelles Branding?<\/strong><br data-start=\"4876\" data-end=\"4879\" \/>Ja \u2013 wir bieten Logodruck, Etikettendesign, Verpackung und individuelle Spezifikationsanpassung an.<\/p>\n<p data-start=\"4971\" data-end=\"5102\" data-imt-p=\"1\"><strong data-start=\"4971\" data-end=\"5004\" data-imt-p=\"1\">Frage 2: Was ist Ihre \u00fcbliche Mindestbestellmenge?<\/strong><br data-start=\"5004\" data-end=\"5007\" \/>Die Mindestbestellmenge variiert je nach Steckertyp und individuellen Anforderungen. Kontaktieren Sie unser Vertriebsteam f\u00fcr ein ma\u00dfgeschneidertes Angebot.<\/p>\n<p data-start=\"5104\" data-end=\"5213\" data-imt-p=\"1\"><strong data-start=\"5104\" data-end=\"5151\" data-imt-p=\"1\">Frage 3: Kann ich vor einer Gro\u00dfbestellung Muster erhalten?<\/strong><br data-start=\"5151\" data-end=\"5154\" \/>Ja, wir bieten Muster zur Produktbewertung und -pr\u00fcfung an.<\/p>\n<p data-start=\"5215\" data-end=\"5358\" data-imt-p=\"1\"><strong data-start=\"5215\" data-end=\"5260\" data-imt-p=\"1\">Frage 4: Sind kundenspezifische Ausgangsspannungen verf\u00fcgbar?<\/strong><br data-start=\"5260\" data-end=\"5263\" \/>Es werden Standardkonfigurationen angeboten, und kundenspezifische Ausf\u00fchrungen k\u00f6nnen je nach Volumen gepr\u00fcft werden.<\/p>\n<p data-start=\"5360\" data-end=\"5496\" data-imt-p=\"1\"><strong data-start=\"5360\" data-end=\"5391\" data-imt-p=\"1\">Frage 5: Wie wird die Qualit\u00e4t sichergestellt?<\/strong><br data-start=\"5391\" data-end=\"5394\" \/>Jeder Adapter wird vor dem Versand einer vollst\u00e4ndigen Pr\u00fcfung unterzogen \u2013 Alterungs-, Belastungs-, Sicherheits- und Funktionspr\u00fcfungen.<\/p>","protected":false},"excerpt":{"rendered":"<p><strong data-start=\"2689\" data-end=\"2705\" data-imt-p=\"1\">Produktname: <\/strong>6-W-Netzteil<\/p>\n<p><strong data-start=\"2729\" data-end=\"2745\" data-imt-p=\"1\">Modellnummer: <\/strong>AS0601A Serie<\/p>\n<p><strong data-start=\"2767\" data-end=\"2786\" data-imt-p=\"1\">Herkunftsort: <\/strong>China (Festland)<\/p>\n<p><strong data-start=\"2810\" data-end=\"2819\" data-imt-p=\"1\">Eingang: <\/strong>100\u2013240 V ~ 50\/60 Hz, max. 0,2 A<\/p>\n<p><strong data-start=\"2855\" data-end=\"2873\" data-imt-p=\"1\">Ausgabeoptionen: <\/strong>5 V 1 A \/ 6 V 1 A \/ 12 V 0,5 A<\/p>\n<p><strong data-start=\"2905\" data-end=\"2924\" data-imt-p=\"1\">Steckdosenstandard: <\/strong>USA \/ EU \/ UK \/ AU \/ JP \/ KR \/ CN<\/p>\n<p><strong data-start=\"2964\" data-end=\"2981\" data-imt-p=\"1\">Farboptionen: <\/strong>Schwarz, Wei\u00df<\/p>\n<p><strong data-start=\"3001\" data-end=\"3013\" data-imt-p=\"1\">Material: <\/strong>PC (feuerbest\u00e4ndiges Geh\u00e4use)<\/p>\n<p><strong data-start=\"3048\" data-end=\"3059\" data-imt-p=\"1\">Verpackung: <\/strong>PE-Beutel<\/p>\n<p><strong data-start=\"3073\" data-end=\"3088\" data-imt-p=\"1\">Schutzma\u00dfnahmen: <\/strong>SCP \/ OCP \/ OVP \/ OTP<\/p>\n<p><strong data-start=\"3117\" data-end=\"3137\" data-imt-p=\"1\">Effizienzniveau: <\/strong>DOE Stufe VI<\/p>\n<p><strong data-start=\"3157\" data-end=\"3175\" data-imt-p=\"1\">Zertifizierungen: <\/strong>UL \/ FCC \/ CE \/ UKCA \/ KC \/ SAA \/ PSE \/ CCC<\/p>","protected":false},"featured_media":1591,"comment_status":"open","ping_status":"closed","template":"","meta":{"_acf_changed":false,"site-sidebar-layout":"default","site-content-layout":"","ast-site-content-layout":"default","site-content-style":"default","site-sidebar-style":"default","ast-global-header-display":"","ast-banner-title-visibility":"","ast-main-header-display":"","ast-hfb-above-header-display":"","ast-hfb-below-header-display":"","ast-hfb-mobile-header-display":"","site-post-title":"","ast-breadcrumbs-content":"","ast-featured-img":"","footer-sml-layout":"","ast-disable-related-posts":"","theme-transparent-header-meta":"default","adv-header-id-meta":"","stick-header-meta":"","header-above-stick-meta":"","header-main-stick-meta":"","header-below-stick-meta":"","astra-migrate-meta-layouts":"set","ast-page-background-enabled":"default","ast-page-background-meta":{"desktop":{"background-color":"var(--ast-global-color-5)","background-image":"","background-repeat":"repeat","background-position":"center center","background-size":"auto","background-attachment":"scroll","background-type":"","background-media":"","overlay-type":"","overlay-color":"","overlay-opacity":"","overlay-gradient":""},"tablet":{"background-color":"","background-image":"","background-repeat":"repeat","background-position":"center center","background-size":"auto","background-attachment":"scroll","background-type":"","background-media":"","overlay-type":"","overlay-color":"","overlay-opacity":"","overlay-gradient":""},"mobile":{"background-color":"","background-image":"","background-repeat":"repeat","background-position":"center center","background-size":"auto","background-attachment":"scroll","background-type":"","background-media":"","overlay-type":"","overlay-color":"","overlay-opacity":"","overlay-gradient":""}},"ast-content-background-meta":{"desktop":{"background-color":"var(--ast-global-color-4)","background-image":"","background-repeat":"repeat","background-position":"center center","background-size":"auto","background-attachment":"scroll","background-type":"","background-media":"","overlay-type":"","overlay-color":"","overlay-opacity":"","overlay-gradient":""},"tablet":{"background-color":"var(--ast-global-color-4)","background-image":"","background-repeat":"repeat","background-position":"center center","background-size":"auto","background-attachment":"scroll","background-type":"","background-media":"","overlay-type":"","overlay-color":"","overlay-opacity":"","overlay-gradient":""},"mobile":{"background-color":"var(--ast-global-color-4)","background-image":"","background-repeat":"repeat","background-position":"center center","background-size":"auto","background-attachment":"scroll","background-type":"","background-media":"","overlay-type":"","overlay-color":"","overlay-opacity":"","overlay-gradient":""}}},"product_brand":[],"product_cat":[53,32],"product_tag":[245,246,242,244,243],"class_list":{"0":"post-1590","1":"product","2":"type-product","3":"status-publish","4":"has-post-thumbnail","6":"product_cat-wall-mount-power-adapter","7":"product_cat-power-adapter","8":"product_tag-5v1a-power-adapter","9":"product_tag-6v1a-power-adapter","10":"product_tag-6w-power-adapter","11":"product_tag-global-safety-certified-adapter","12":"product_tag-oem-power-adapter-supplier","13":"desktop-align-left","14":"tablet-align-left","15":"mobile-align-left","17":"first","18":"instock","19":"shipping-taxable","20":"product-type-simple"},"acf":[],"_links":{"self":[{"href":"https:\/\/szjialu.com\/de\/wp-json\/wp\/v2\/product\/1590","targetHints":{"allow":["GET"]}}],"collection":[{"href":"https:\/\/szjialu.com\/de\/wp-json\/wp\/v2\/product"}],"about":[{"href":"https:\/\/szjialu.com\/de\/wp-json\/wp\/v2\/types\/product"}],"replies":[{"embeddable":true,"href":"https:\/\/szjialu.com\/de\/wp-json\/wp\/v2\/comments?post=1590"}],"wp:featuredmedia":[{"embeddable":true,"href":"https:\/\/szjialu.com\/de\/wp-json\/wp\/v2\/media\/1591"}],"wp:attachment":[{"href":"https:\/\/szjialu.com\/de\/wp-json\/wp\/v2\/media?parent=1590"}],"wp:term":[{"taxonomy":"product_brand","embeddable":true,"href":"https:\/\/szjialu.com\/de\/wp-json\/wp\/v2\/product_brand?post=1590"},{"taxonomy":"product_cat","embeddable":true,"href":"https:\/\/szjialu.com\/de\/wp-json\/wp\/v2\/product_cat?post=1590"},{"taxonomy":"product_tag","embeddable":true,"href":"https:\/\/szjialu.com\/de\/wp-json\/wp\/v2\/product_tag?post=1590"}],"curies":[{"name":"wp","href":"https:\/\/api.w.org\/{rel}","templated":true}]}}