{"id":1529,"date":"2025-12-24T13:52:30","date_gmt":"2025-12-24T13:52:30","guid":{"rendered":"https:\/\/szjialu.com\/?post_type=product&#038;p=1529"},"modified":"2026-02-19T06:40:49","modified_gmt":"2026-02-19T06:40:49","slug":"20w-pd-ladegerat-tr8320acau","status":"publish","type":"product","link":"https:\/\/szjialu.com\/de\/product\/20w-pd-charger-tr8320acau\/","title":{"rendered":"20W PD-Ladeger\u00e4t TR8320ACAU"},"content":{"rendered":"<h2 data-start=\"739\" data-end=\"761\"><strong data-start=\"741\" data-end=\"761\">Produkt\u00fcbersicht<\/strong><\/h2>\n<p data-start=\"762\" data-end=\"1100\">Der <strong data-start=\"766\" data-end=\"804\">20W PD-Ladeger\u00e4t (Modell: TR8320ACAU)<\/strong> ist ein kompaktes, hocheffizientes Wandladeger\u00e4t, das speziell f\u00fcr die Schnellladeanforderungen moderner Mobilger\u00e4te entwickelt wurde. Ausgestattet mit <strong data-start=\"929\" data-end=\"958\">USB-C Power Delivery (PD)<\/strong> und ein <strong data-start=\"965\" data-end=\"979\">USB-A-Anschluss<\/strong>, Es unterst\u00fctzt intelligente Energieverteilung und schnelles Laden f\u00fcr Smartphones, Tablets und andere USB-betriebene Elektronikger\u00e4te.<\/p>\n<p data-start=\"1102\" data-end=\"1397\">Entworfen mit einem <strong data-start=\"1119\" data-end=\"1130\">AU-Stecker<\/strong> und zertifiziert nach <strong data-start=\"1148\" data-end=\"1182\">SAA-, C-TICK- und RCM-Standards<\/strong>, Dieses Ladeger\u00e4t ist vollst\u00e4ndig mit den australischen Marktstandards kompatibel. Dank seiner leichten Bauweise, des robusten PC-Geh\u00e4uses und der umfassenden Sicherheitsvorkehrungen ist es eine zuverl\u00e4ssige Ladel\u00f6sung f\u00fcr Zuhause, B\u00fcro und unterwegs.<\/p>\n<h2 data-start=\"1404\" data-end=\"1432\"><strong data-start=\"1406\" data-end=\"1432\">Produktspezifikationen<\/strong><\/h2>\n<div class=\"TyagGW_tableContainer\">\n<div class=\"group TyagGW_tableWrapper flex w-fit flex-col-reverse\" tabindex=\"-1\">\n<table class=\"w-fit min-w-(--thread-content-width)\" data-start=\"1434\" data-end=\"2213\">\n<thead data-start=\"1434\" data-end=\"1456\">\n<tr data-start=\"1434\" data-end=\"1456\">\n<th data-start=\"1434\" data-end=\"1441\" data-col-size=\"sm\">Artikel<\/th>\n<th data-start=\"1441\" data-end=\"1456\" data-col-size=\"md\">Beschreibung<\/th>\n<\/tr>\n<\/thead>\n<tbody data-start=\"1478\" data-end=\"2213\">\n<tr data-start=\"1478\" data-end=\"1515\">\n<td data-start=\"1478\" data-end=\"1497\" data-col-size=\"sm\"><strong data-start=\"1480\" data-end=\"1496\">Produktname<\/strong><\/td>\n<td data-start=\"1497\" data-end=\"1515\" data-col-size=\"md\">20-W-PD-Ladeger\u00e4t<\/td>\n<\/tr>\n<tr data-start=\"1516\" data-end=\"1549\">\n<td data-start=\"1516\" data-end=\"1535\" data-col-size=\"sm\"><strong data-start=\"1518\" data-end=\"1534\">Modellnummer<\/strong><\/td>\n<td data-col-size=\"md\" data-start=\"1535\" data-end=\"1549\">TR8320ACAU<\/td>\n<\/tr>\n<tr data-start=\"1550\" data-end=\"1592\">\n<td data-start=\"1550\" data-end=\"1572\" data-col-size=\"sm\"><strong data-start=\"1552\" data-end=\"1571\">Herkunftsort<\/strong><\/td>\n<td data-col-size=\"md\" data-start=\"1572\" data-end=\"1592\">China (Festland)<\/td>\n<\/tr>\n<tr data-start=\"1593\" data-end=\"1640\">\n<td data-start=\"1593\" data-end=\"1605\" data-col-size=\"sm\"><strong data-start=\"1595\" data-end=\"1604\">Eingang<\/strong><\/td>\n<td data-col-size=\"md\" data-start=\"1605\" data-end=\"1640\">Wechselstrom 100\u2013240 V ~ 50\/60 Hz, max. 0,6 A<\/td>\n<\/tr>\n<tr data-start=\"1641\" data-end=\"1755\">\n<td data-start=\"1641\" data-end=\"1654\" data-col-size=\"sm\"><strong data-start=\"1643\" data-end=\"1653\">Ausgabe<\/strong><\/td>\n<td data-col-size=\"md\" data-start=\"1654\" data-end=\"1755\">USB-C: 5 V\/3 A, 9 V\/2,22 A, 12 V\/1,67 A<br \/>\nUSB-A: 5 V\/3 A, 9 V\/2 A, 12 V\/1,5 A<br \/>\nUSB-A + USB-C: 5V\/3A gemeinsam genutzt<\/td>\n<\/tr>\n<tr data-start=\"1756\" data-end=\"1789\">\n<td data-start=\"1756\" data-end=\"1778\" data-col-size=\"sm\"><strong data-start=\"1758\" data-end=\"1777\">Steckdosenstandard<\/strong><\/td>\n<td data-col-size=\"md\" data-start=\"1778\" data-end=\"1789\">AU-Stecker<\/td>\n<\/tr>\n<tr data-start=\"1790\" data-end=\"1826\">\n<td data-start=\"1790\" data-end=\"1805\" data-col-size=\"sm\"><strong data-start=\"1792\" data-end=\"1804\">Material<\/strong><\/td>\n<td data-col-size=\"md\" data-start=\"1805\" data-end=\"1826\">Feuerfester PC<\/td>\n<\/tr>\n<tr data-start=\"1827\" data-end=\"1863\">\n<td data-start=\"1827\" data-end=\"1847\" data-col-size=\"sm\"><strong data-start=\"1829\" data-end=\"1846\">Farboptionen<\/strong><\/td>\n<td data-col-size=\"md\" data-start=\"1847\" data-end=\"1863\">Schwarz, Wei\u00df<\/td>\n<\/tr>\n<tr data-start=\"1864\" data-end=\"1884\">\n<td data-start=\"1864\" data-end=\"1877\" data-col-size=\"sm\"><strong data-start=\"1866\" data-end=\"1876\">Gewicht<\/strong><\/td>\n<td data-col-size=\"md\" data-start=\"1877\" data-end=\"1884\">54 g<\/td>\n<\/tr>\n<tr data-start=\"1885\" data-end=\"1917\">\n<td data-start=\"1885\" data-end=\"1899\" data-col-size=\"sm\"><strong data-start=\"1887\" data-end=\"1898\">Verpackung<\/strong><\/td>\n<td data-col-size=\"md\" data-start=\"1899\" data-end=\"1917\">PE-Beutelverpackung<\/td>\n<\/tr>\n<tr data-start=\"1918\" data-end=\"1957\">\n<td data-start=\"1918\" data-end=\"1941\" data-col-size=\"sm\"><strong data-start=\"1920\" data-end=\"1940\">Effizienzniveau<\/strong><\/td>\n<td data-col-size=\"md\" data-start=\"1941\" data-end=\"1957\">DOE Stufe VI<\/td>\n<\/tr>\n<tr data-start=\"1958\" data-end=\"2000\">\n<td data-start=\"1958\" data-end=\"1975\" data-col-size=\"sm\"><strong data-start=\"1960\" data-end=\"1974\">Schutz<\/strong><\/td>\n<td data-col-size=\"md\" data-start=\"1975\" data-end=\"2000\">SCP \/ OVP \/ OCP \/ OLP<\/td>\n<\/tr>\n<tr data-start=\"2001\" data-end=\"2040\">\n<td data-start=\"2001\" data-end=\"2020\" data-col-size=\"sm\"><strong data-start=\"2003\" data-end=\"2019\">Zertifikate<\/strong><\/td>\n<td data-col-size=\"md\" data-start=\"2020\" data-end=\"2040\">SAA, C-TICK, RCM<\/td>\n<\/tr>\n<tr data-start=\"2041\" data-end=\"2066\">\n<td data-start=\"2041\" data-end=\"2056\" data-col-size=\"sm\"><strong data-start=\"2043\" data-end=\"2055\">Garantie<\/strong><\/td>\n<td data-col-size=\"md\" data-start=\"2056\" data-end=\"2066\">1 Jahr<\/td>\n<\/tr>\n<tr data-start=\"2067\" data-end=\"2111\">\n<td data-start=\"2067\" data-end=\"2095\" data-col-size=\"sm\"><strong data-start=\"2069\" data-end=\"2094\">Betriebstemperatur<\/strong><\/td>\n<td data-start=\"2095\" data-end=\"2111\" data-col-size=\"md\">-20 \u00b0C ~ 55 \u00b0C<\/td>\n<\/tr>\n<tr data-start=\"2112\" data-end=\"2154\">\n<td data-start=\"2112\" data-end=\"2138\" data-col-size=\"sm\"><strong data-start=\"2114\" data-end=\"2137\">Lagertemperatur<\/strong><\/td>\n<td data-col-size=\"md\" data-start=\"2138\" data-end=\"2154\">-40 \u00b0C ~ 70 \u00b0C<\/td>\n<\/tr>\n<tr data-start=\"2155\" data-end=\"2213\">\n<td data-start=\"2155\" data-end=\"2174\" data-col-size=\"sm\"><strong data-start=\"2157\" data-end=\"2173\">Anwendungen<\/strong><\/td>\n<td data-col-size=\"md\" data-start=\"2174\" data-end=\"2213\">Mobiltelefone, Tablets, USB-Ger\u00e4te<\/td>\n<\/tr>\n<\/tbody>\n<\/table>\n<\/div>\n<\/div>\n<h2 data-start=\"2220\" data-end=\"2244\"><strong data-start=\"2222\" data-end=\"2244\">Wichtigste Verkaufsargumente<\/strong><\/h2>\n<p data-start=\"2246\" data-end=\"2277\"><strong data-start=\"2250\" data-end=\"2277\">Schnelle 20-W-Leistungsabgabe<\/strong><\/p>\n<p data-start=\"2278\" data-end=\"2410\">Der USB-C-Anschluss unterst\u00fctzt PD-Schnellladung bis zu <strong data-start=\"2325\" data-end=\"2332\">20 W<\/strong>, wodurch die Ladezeit f\u00fcr kompatible Smartphones und Tablets deutlich verk\u00fcrzt wird.<\/p>\n<p data-start=\"2412\" data-end=\"2450\"><strong data-start=\"2416\" data-end=\"2450\">Komfortables Laden \u00fcber zwei Anschl\u00fcsse<\/strong><\/p>\n<p data-start=\"2451\" data-end=\"2556\">Dank der USB-C- und USB-A-Anschl\u00fcsse k\u00f6nnen zwei Ger\u00e4te gleichzeitig geladen werden, was das Ger\u00e4t ideal f\u00fcr Nutzer mit mehreren Ger\u00e4ten macht.<\/p>\n<p data-start=\"2558\" data-end=\"2597\"><strong data-start=\"2562\" data-end=\"2597\">F\u00fcr den australischen Markt zertifiziert<\/strong><\/p>\n<p data-start=\"2598\" data-end=\"2717\">Entspricht den <strong data-start=\"2612\" data-end=\"2651\">SAA-, C-TICK- und RCM-Zertifizierungen<\/strong>, um Sicherheit, Zuverl\u00e4ssigkeit und die Einhaltung gesetzlicher Bestimmungen in Australien zu gew\u00e4hrleisten.<\/p>\n<p data-start=\"2719\" data-end=\"2758\"><strong data-start=\"2723\" data-end=\"2758\">Umfassender Sicherheitsschutz<\/strong><\/p>\n<p data-start=\"2759\" data-end=\"2893\">Ein integrierter Schutz gegen Kurzschluss, \u00dcberspannung, \u00dcberstrom und \u00dcberlastung sch\u00fctzt sowohl das Ladeger\u00e4t als auch die angeschlossenen Ger\u00e4te.<\/p>\n<p data-start=\"2895\" data-end=\"2931\"><strong data-start=\"2899\" data-end=\"2931\">Kompaktes und leichtes Design<\/strong><\/p>\n<p data-start=\"2932\" data-end=\"3039\">nur <strong data-start=\"2946\" data-end=\"2953\">54 g<\/strong>, Das Ladeger\u00e4t ist leicht zu transportieren und perfekt f\u00fcr Reisen geeignet, ohne dass die Haltbarkeit beeintr\u00e4chtigt wird.<\/p>\n<p data-start=\"3041\" data-end=\"3077\"><strong data-start=\"3045\" data-end=\"3077\">Energieeffiziente Leistung<\/strong><\/p>\n<p data-start=\"3078\" data-end=\"3173\">Trifft <strong data-start=\"3084\" data-end=\"3124\">Energieeffizienzstandards der Stufe VI<\/strong>, wodurch der Stromverbrauch und die W\u00e4rmeentwicklung reduziert werden.<\/p>\n<h2 data-start=\"3180\" data-end=\"3198\"><strong data-start=\"3182\" data-end=\"3198\">Anwendungen<\/strong><\/h2>\n<p data-start=\"3199\" data-end=\"3248\">Das 20-W-PD-Ladeger\u00e4t TR8320ACAU findet breite Anwendung f\u00fcr:<\/p>\n<ul data-start=\"3250\" data-end=\"3437\">\n<li data-start=\"3250\" data-end=\"3289\">\n<p data-start=\"3252\" data-end=\"3289\">Smartphones (iPhone, Android-Ger\u00e4te)<\/p>\n<\/li>\n<li data-start=\"3290\" data-end=\"3309\">\n<p data-start=\"3292\" data-end=\"3309\">Tablets und iPads<\/p>\n<\/li>\n<li data-start=\"3310\" data-end=\"3345\">\n<p data-start=\"3312\" data-end=\"3345\">Bluetooth-Kopfh\u00f6rer und Wearables<\/p>\n<\/li>\n<li data-start=\"3346\" data-end=\"3384\">\n<p data-start=\"3348\" data-end=\"3384\">Powerbanks und tragbare Elektronik<\/p>\n<\/li>\n<li data-start=\"3385\" data-end=\"3437\">\n<p data-start=\"3387\" data-end=\"3437\">Ladel\u00f6sungen f\u00fcr Zuhause, B\u00fcro, Hotel und Reisen<\/p>\n<\/li>\n<\/ul>\n<h2 data-start=\"3444\" data-end=\"3471\"><strong data-start=\"3446\" data-end=\"3471\">Unser Unternehmensvorteil<\/strong><\/h2>\n<p data-start=\"3472\" data-end=\"3763\">Wie hervorgehoben auf <strong data-start=\"3490\" data-end=\"3505\">szjialu.com<\/strong>, Unser Unternehmen ist ein professionelles <strong data-start=\"3537\" data-end=\"3582\">Hersteller von Netzteilen und PD-Ladeger\u00e4ten<\/strong> mit starken <strong data-start=\"3595\" data-end=\"3633\">OEM\/ODM-Anpassungsm\u00f6glichkeiten<\/strong>. Wir betreiben moderne Produktionslinien unter strengen Qualit\u00e4tsmanagementsystemen und legen Wert auf die Einhaltung globaler Sicherheitsstandards.<\/p>\n<p data-start=\"3765\" data-end=\"4146\">Mit umfassender Erfahrung in der Betreuung internationaler M\u00e4rkte wie z.B. <strong data-start=\"3832\" data-end=\"3873\">Australien, Europa und S\u00fcdostasien<\/strong>, Wir unterst\u00fctzen unsere Kunden dabei, Zertifizierungszyklen zu verk\u00fcrzen, Beschaffungsrisiken zu reduzieren und Produkte schneller auf den Markt zu bringen. Von Produktdesign und Werkzeugbau bis hin zu Serienproduktion und Verpackung bieten wir alles aus einer Hand. <strong data-start=\"4060\" data-end=\"4099\">Komplettl\u00f6sungen f\u00fcr Ladel\u00f6sungen<\/strong> F\u00fcr Markeninhaber, Importeure und Vertriebsh\u00e4ndler.<\/p>\n<h2 data-start=\"4153\" data-end=\"4170\"><strong data-start=\"4155\" data-end=\"4170\">Produkt-FAQ<\/strong><\/h2>\n<p data-start=\"4172\" data-end=\"4352\"><strong data-start=\"4172\" data-end=\"4231\">Frage 1: Ist dieses Ladeger\u00e4t f\u00fcr den australischen Markt geeignet?<\/strong><br data-start=\"4231\" data-end=\"4234\" \/>A: Ja. Es verwendet einen australischen Stecker und ist zertifiziert mit <strong data-start=\"4283\" data-end=\"4307\">SAA, C-TICK und RCM<\/strong>, die den australischen regulatorischen Anforderungen entsprechen.<\/p>\n<p data-start=\"4354\" data-end=\"4510\"><strong data-start=\"4354\" data-end=\"4405\">Frage 2: Kann es zwei Ger\u00e4te gleichzeitig aufladen?<\/strong><br data-start=\"4405\" data-end=\"4408\" \/>A: Ja. USB-C- und USB-A-Anschl\u00fcsse unterst\u00fctzen das gleichzeitige Laden mit einem gemeinsamen 5V\/3A-Ausgang, wenn sie gleichzeitig verwendet werden.<\/p>\n<p data-start=\"4512\" data-end=\"4694\"><strong data-start=\"4512\" data-end=\"4581\">Frage 3: Unterst\u00fctzt es Schnellladen f\u00fcr iPhones und Android-Handys?<\/strong><br data-start=\"4581\" data-end=\"4584\" \/>A: Ja. Der USB-C PD-Anschluss unterst\u00fctzt Schnellladen f\u00fcr kompatible iPhones, Samsung-Ger\u00e4te und andere PD-f\u00e4hige Ger\u00e4te.<\/p>\n<p data-start=\"4696\" data-end=\"4832\"><strong data-start=\"4696\" data-end=\"4741\">Frage 4: Welche Sicherheitsvorkehrungen sind enthalten?<\/strong><br data-start=\"4741\" data-end=\"4744\" \/>A: Das Ladeger\u00e4t verf\u00fcgt \u00fcber SCP-, OVP-, OCP- und OLP-Schutzfunktionen f\u00fcr sicheres und stabiles Laden.<\/p>\n<p data-start=\"4834\" data-end=\"4992\"><strong data-start=\"4834\" data-end=\"4878\">Frage 5: K\u00f6nnen Sie OEM- oder ODM-Dienstleistungen anbieten?<\/strong><br data-start=\"4878\" data-end=\"4881\" \/>A: Ja. Wir bieten Logodruck, individuelle Geh\u00e4usefarben, Verpackungsdesign und Spezifikationsanpassungen an.<\/p>\n<p data-start=\"4994\" data-end=\"5081\"><strong data-start=\"4994\" data-end=\"5030\">Frage 6: Wie lange ist die Garantiezeit?<\/strong><br data-start=\"5030\" data-end=\"5033\" \/>A: Das Produkt wird mit einem <strong data-start=\"5061\" data-end=\"5080\">1 Jahr Garantie<\/strong>.<\/p>","protected":false},"excerpt":{"rendered":"<p><strong data-start=\"1480\" data-end=\"1496\">Produktname: <\/strong>20-W-PD-Ladeger\u00e4t<\/p>\n<p><strong data-start=\"1518\" data-end=\"1534\">Modellnummer: <\/strong>TR8320ACAU<\/p>\n<p><strong data-start=\"1552\" data-end=\"1571\">Herkunftsort: <\/strong>China (Festland)<\/p>\n<p><strong data-start=\"1595\" data-end=\"1604\">Eingang: <\/strong>Wechselstrom 100\u2013240 V ~ 50\/60 Hz, max. 0,6 A<\/p>\n<p><strong data-start=\"1643\" data-end=\"1653\">Ausgabe: <\/strong>USB-C: 5 V\/3 A, 9 V\/2,22 A, 12 V\/1,67 A<br \/>\nUSB-A: 5 V\/3 A, 9 V\/2 A, 12 V\/1,5 A<br \/>\nUSB-A + USB-C: 5V\/3A gemeinsam genutzt<\/p>\n<p><strong data-start=\"1758\" data-end=\"1777\">Steckdosenstandard: <\/strong>AU-Stecker<\/p>\n<p><strong data-start=\"1792\" data-end=\"1804\">Material: <\/strong>Feuerfester PC<\/p>\n<p><strong data-start=\"1829\" data-end=\"1846\">Farboptionen: <\/strong>Schwarz, Wei\u00df<\/p>\n<p><strong data-start=\"1866\" data-end=\"1876\">Gewicht: <\/strong>54 g<\/p>\n<p><strong data-start=\"1887\" data-end=\"1898\">Verpackung: <\/strong>PE-Beutelverpackung<\/p>\n<p><strong data-start=\"1920\" data-end=\"1940\">Effizienzniveau: <\/strong>DOE Stufe VI<\/p>\n<p><strong data-start=\"1960\" data-end=\"1974\">Schutz: <\/strong>SCP \/ OVP \/ OCP \/ OLP<\/p>","protected":false},"featured_media":1530,"comment_status":"open","ping_status":"closed","template":"","meta":{"_acf_changed":false,"site-sidebar-layout":"default","site-content-layout":"","ast-site-content-layout":"default","site-content-style":"default","site-sidebar-style":"default","ast-global-header-display":"","ast-banner-title-visibility":"","ast-main-header-display":"","ast-hfb-above-header-display":"","ast-hfb-below-header-display":"","ast-hfb-mobile-header-display":"","site-post-title":"","ast-breadcrumbs-content":"","ast-featured-img":"","footer-sml-layout":"","ast-disable-related-posts":"","theme-transparent-header-meta":"default","adv-header-id-meta":"","stick-header-meta":"","header-above-stick-meta":"","header-main-stick-meta":"","header-below-stick-meta":"","astra-migrate-meta-layouts":"set","ast-page-background-enabled":"default","ast-page-background-meta":{"desktop":{"background-color":"var(--ast-global-color-5)","background-image":"","background-repeat":"repeat","background-position":"center center","background-size":"auto","background-attachment":"scroll","background-type":"","background-media":"","overlay-type":"","overlay-color":"","overlay-opacity":"","overlay-gradient":""},"tablet":{"background-color":"","background-image":"","background-repeat":"repeat","background-position":"center center","background-size":"auto","background-attachment":"scroll","background-type":"","background-media":"","overlay-type":"","overlay-color":"","overlay-opacity":"","overlay-gradient":""},"mobile":{"background-color":"","background-image":"","background-repeat":"repeat","background-position":"center center","background-size":"auto","background-attachment":"scroll","background-type":"","background-media":"","overlay-type":"","overlay-color":"","overlay-opacity":"","overlay-gradient":""}},"ast-content-background-meta":{"desktop":{"background-color":"var(--ast-global-color-4)","background-image":"","background-repeat":"repeat","background-position":"center center","background-size":"auto","background-attachment":"scroll","background-type":"","background-media":"","overlay-type":"","overlay-color":"","overlay-opacity":"","overlay-gradient":""},"tablet":{"background-color":"var(--ast-global-color-4)","background-image":"","background-repeat":"repeat","background-position":"center center","background-size":"auto","background-attachment":"scroll","background-type":"","background-media":"","overlay-type":"","overlay-color":"","overlay-opacity":"","overlay-gradient":""},"mobile":{"background-color":"var(--ast-global-color-4)","background-image":"","background-repeat":"repeat","background-position":"center center","background-size":"auto","background-attachment":"scroll","background-type":"","background-media":"","overlay-type":"","overlay-color":"","overlay-opacity":"","overlay-gradient":""}}},"product_brand":[],"product_cat":[45,30],"product_tag":[73,212,215],"class_list":{"0":"post-1529","1":"product","2":"type-product","3":"status-publish","4":"has-post-thumbnail","6":"product_cat-20w","7":"product_cat-gan-charger","8":"product_tag-20w-pd-charger","9":"product_tag-pd-charger-manufacturer-china","10":"product_tag-usb-c-fast-charger-australia","11":"desktop-align-left","12":"tablet-align-left","13":"mobile-align-left","15":"first","16":"instock","17":"shipping-taxable","18":"product-type-simple"},"acf":[],"_links":{"self":[{"href":"https:\/\/szjialu.com\/de\/wp-json\/wp\/v2\/product\/1529","targetHints":{"allow":["GET"]}}],"collection":[{"href":"https:\/\/szjialu.com\/de\/wp-json\/wp\/v2\/product"}],"about":[{"href":"https:\/\/szjialu.com\/de\/wp-json\/wp\/v2\/types\/product"}],"replies":[{"embeddable":true,"href":"https:\/\/szjialu.com\/de\/wp-json\/wp\/v2\/comments?post=1529"}],"wp:featuredmedia":[{"embeddable":true,"href":"https:\/\/szjialu.com\/de\/wp-json\/wp\/v2\/media\/1530"}],"wp:attachment":[{"href":"https:\/\/szjialu.com\/de\/wp-json\/wp\/v2\/media?parent=1529"}],"wp:term":[{"taxonomy":"product_brand","embeddable":true,"href":"https:\/\/szjialu.com\/de\/wp-json\/wp\/v2\/product_brand?post=1529"},{"taxonomy":"product_cat","embeddable":true,"href":"https:\/\/szjialu.com\/de\/wp-json\/wp\/v2\/product_cat?post=1529"},{"taxonomy":"product_tag","embeddable":true,"href":"https:\/\/szjialu.com\/de\/wp-json\/wp\/v2\/product_tag?post=1529"}],"curies":[{"name":"wp","href":"https:\/\/api.w.org\/{rel}","templated":true}]}}