{"id":1522,"date":"2025-12-23T14:40:20","date_gmt":"2025-12-23T14:40:20","guid":{"rendered":"https:\/\/szjialu.com\/?post_type=product&#038;p=1522"},"modified":"2026-02-19T06:43:48","modified_gmt":"2026-02-19T06:43:48","slug":"65w-pd-ladegerat-tr672cuk","status":"publish","type":"product","link":"https:\/\/szjialu.com\/de\/product\/65w-pd-charger-tr672cuk\/","title":{"rendered":"65W PD-Ladeger\u00e4t TR672CUK"},"content":{"rendered":"<h2 data-start=\"831\" data-end=\"879\"><strong data-start=\"833\" data-end=\"879\">65-W-PD-Ladeger\u00e4t TR672CUK \u2013 Produkt\u00fcbersicht<\/strong><\/h2>\n<p data-start=\"881\" data-end=\"1225\">Der <strong data-start=\"885\" data-end=\"920\">65W PD-Ladeger\u00e4t (Modell TR672CUK)<\/strong> ist ein hocheffizientes USB-C-Ladeger\u00e4t mit Power Delivery, das schnelles, stabiles und sicheres Laden f\u00fcr eine Vielzahl elektronischer Ger\u00e4te erm\u00f6glicht. Ausgestattet mit <strong data-start=\"1077\" data-end=\"1097\">zwei USB-C-Anschl\u00fcsse<\/strong>, Es unterst\u00fctzt eine intelligente Stromverteilung, die es erm\u00f6glicht, zwei Ger\u00e4te gleichzeitig zu laden, ohne die Leistung zu beeintr\u00e4chtigen.<\/p>\n<p data-start=\"1227\" data-end=\"1514\">Der in China aus hochwertigen, flammhemmenden PC-Materialien und mit modernster Fertigungstechnologie hergestellte TR672CUK vereint kompaktes Design, weltweite Kompatibilit\u00e4t und umfassenden Sicherheitsschutz. Er ist die ideale Ladel\u00f6sung f\u00fcr Zuhause, B\u00fcro, Reisen und professionelle Anwendungen.<\/p>\n<h2 data-start=\"1521\" data-end=\"1550\"><strong data-start=\"1524\" data-end=\"1550\">Produktspezifikationen<\/strong><\/h2>\n<div class=\"TyagGW_tableContainer\">\n<div class=\"group TyagGW_tableWrapper flex w-fit flex-col-reverse\" tabindex=\"-1\">\n<table class=\"w-fit min-w-(--thread-content-width)\" data-start=\"1552\" data-end=\"2338\">\n<thead data-start=\"1552\" data-end=\"1578\">\n<tr data-start=\"1552\" data-end=\"1578\">\n<th data-start=\"1552\" data-end=\"1563\" data-col-size=\"sm\"><strong data-start=\"1554\" data-end=\"1562\">Artikel<\/strong><\/th>\n<th data-start=\"1563\" data-end=\"1578\" data-col-size=\"md\"><strong data-start=\"1565\" data-end=\"1576\">Details<\/strong><\/th>\n<\/tr>\n<\/thead>\n<tbody data-start=\"1600\" data-end=\"2338\">\n<tr data-start=\"1600\" data-end=\"1633\">\n<td data-start=\"1600\" data-end=\"1615\" data-col-size=\"sm\">Produktname<\/td>\n<td data-start=\"1615\" data-end=\"1633\" data-col-size=\"md\">65-W-PD-Ladeger\u00e4t<\/td>\n<\/tr>\n<tr data-start=\"1634\" data-end=\"1661\">\n<td data-start=\"1634\" data-end=\"1649\" data-col-size=\"sm\">Modellnummer<\/td>\n<td data-start=\"1649\" data-end=\"1661\" data-col-size=\"md\">TR672CUK<\/td>\n<\/tr>\n<tr data-start=\"1662\" data-end=\"1700\">\n<td data-start=\"1662\" data-end=\"1680\" data-col-size=\"sm\">Herkunftsort<\/td>\n<td data-start=\"1680\" data-end=\"1700\" data-col-size=\"md\">China (Festland)<\/td>\n<\/tr>\n<tr data-start=\"1701\" data-end=\"1739\">\n<td data-start=\"1701\" data-end=\"1709\" data-col-size=\"sm\">Eingang<\/td>\n<td data-start=\"1709\" data-end=\"1739\" data-col-size=\"md\">100\u2013240 V Wechselstrom, 50\/60 Hz, 1,5 A<\/td>\n<\/tr>\n<tr data-start=\"1740\" data-end=\"1807\">\n<td data-start=\"1740\" data-end=\"1758\" data-col-size=\"sm\">Ausgang \u2013 USB-C1<\/td>\n<td data-start=\"1758\" data-end=\"1807\" data-col-size=\"md\">5V\/3A, 9V\/3A, 12V\/3A, 15V\/3A, 20V\/3,25A (65W)<\/td>\n<\/tr>\n<tr data-start=\"1808\" data-end=\"1875\">\n<td data-start=\"1808\" data-end=\"1826\" data-col-size=\"sm\">Ausgang \u2013 USB-C2<\/td>\n<td data-start=\"1826\" data-end=\"1875\" data-col-size=\"md\">5V\/3A, 9V\/3A, 12V\/3A, 15V\/3A, 20V\/3,25A (65W)<\/td>\n<\/tr>\n<tr data-start=\"1876\" data-end=\"1921\">\n<td data-start=\"1876\" data-end=\"1895\" data-col-size=\"sm\">Dual-Port-Ausgang<\/td>\n<td data-start=\"1895\" data-end=\"1921\" data-col-size=\"md\">45 W + 20 W oder 20 W + 45 W<\/td>\n<\/tr>\n<tr data-start=\"1922\" data-end=\"1967\">\n<td data-start=\"1922\" data-end=\"1941\" data-col-size=\"sm\">Steckdosenstandards<\/td>\n<td data-start=\"1941\" data-end=\"1967\" data-col-size=\"md\">USA \/ EU \/ Gro\u00dfbritannien \/ Japan \/ KC<\/td>\n<\/tr>\n<tr data-start=\"1968\" data-end=\"1993\">\n<td data-start=\"1968\" data-end=\"1977\" data-col-size=\"sm\">Farben<\/td>\n<td data-start=\"1977\" data-end=\"1993\" data-col-size=\"md\">Schwarz, Wei\u00df<\/td>\n<\/tr>\n<tr data-start=\"1994\" data-end=\"2027\">\n<td data-start=\"1994\" data-end=\"2005\" data-col-size=\"sm\">Material<\/td>\n<td data-start=\"2005\" data-end=\"2027\" data-col-size=\"md\">Flammhemmende PC<\/td>\n<\/tr>\n<tr data-start=\"2028\" data-end=\"2044\">\n<td data-start=\"2028\" data-end=\"2037\" data-col-size=\"sm\">Gewicht<\/td>\n<td data-start=\"2037\" data-end=\"2044\" data-col-size=\"md\">92 g<\/td>\n<\/tr>\n<tr data-start=\"2045\" data-end=\"2073\">\n<td data-start=\"2045\" data-end=\"2055\" data-col-size=\"sm\">Verpackung<\/td>\n<td data-start=\"2055\" data-end=\"2073\" data-col-size=\"md\">PE-Beutelverpackung<\/td>\n<\/tr>\n<tr data-start=\"2074\" data-end=\"2143\">\n<td data-start=\"2074\" data-end=\"2087\" data-col-size=\"sm\">Schutz<\/td>\n<td data-start=\"2087\" data-end=\"2143\" data-col-size=\"md\">Kurzschluss, \u00dcberspannung, \u00dcberstrom, \u00dcberlastung<\/td>\n<\/tr>\n<tr data-start=\"2144\" data-end=\"2176\">\n<td data-start=\"2144\" data-end=\"2164\" data-col-size=\"sm\">Energieeffizienz<\/td>\n<td data-start=\"2164\" data-end=\"2176\" data-col-size=\"md\">Stufe VI<\/td>\n<\/tr>\n<tr data-start=\"2177\" data-end=\"2238\">\n<td data-start=\"2177\" data-end=\"2194\" data-col-size=\"sm\">Zertifizierungen<\/td>\n<td data-start=\"2194\" data-end=\"2238\" data-col-size=\"md\">UKCA, CE, FCC, ETL, KC, PSE, RoHS, REACH<\/td>\n<\/tr>\n<tr data-start=\"2239\" data-end=\"2260\">\n<td data-start=\"2239\" data-end=\"2250\" data-col-size=\"sm\">Garantie<\/td>\n<td data-start=\"2250\" data-end=\"2260\" data-col-size=\"md\">1 Jahr<\/td>\n<\/tr>\n<tr data-start=\"2261\" data-end=\"2300\">\n<td data-start=\"2261\" data-end=\"2285\" data-col-size=\"sm\">Betriebstemperatur<\/td>\n<td data-start=\"2285\" data-end=\"2300\" data-col-size=\"md\">\u201320\u2103 bis 55\u2103<\/td>\n<\/tr>\n<tr data-start=\"2301\" data-end=\"2338\">\n<td data-start=\"2301\" data-end=\"2323\" data-col-size=\"sm\">Lagertemperatur<\/td>\n<td data-start=\"2323\" data-end=\"2338\" data-col-size=\"md\">\u201340\u2103 bis 70\u2103<\/td>\n<\/tr>\n<\/tbody>\n<\/table>\n<\/div>\n<\/div>\n<h2 data-start=\"2345\" data-end=\"2370\"><strong data-start=\"2348\" data-end=\"2370\">Wichtigste Verkaufsargumente<\/strong><\/h2>\n<p data-start=\"2372\" data-end=\"2420\"><strong data-start=\"2378\" data-end=\"2420\">65-W-Schnellladung \u00fcber USB-C Power Delivery<\/strong><\/p>\n<p data-start=\"2421\" data-end=\"2567\">Unterst\u00fctzt mehrere PD-Spannungsprofile bis zu <strong data-start=\"2465\" data-end=\"2478\">20 V \/ 3,25 A<\/strong>, und liefert ausreichend Strom f\u00fcr Laptops, Notebooks und andere USB-C-Ger\u00e4te mit hohem Stromverbrauch.<\/p>\n<p data-start=\"2569\" data-end=\"2624\"><strong data-start=\"2576\" data-end=\"2624\">Zwei USB-C-Anschl\u00fcsse mit intelligenter Stromverteilung<\/strong><\/p>\n<p data-start=\"2625\" data-end=\"2768\">Erm\u00f6glicht das gleichzeitige Laden von zwei Ger\u00e4ten durch automatische Stromverteilung. <strong data-start=\"2708\" data-end=\"2721\">45 W + 20 W<\/strong> oder <strong data-start=\"2725\" data-end=\"2738\">20 W + 45 W<\/strong> basierend auf den Ger\u00e4teanforderungen.<\/p>\n<p data-start=\"2770\" data-end=\"2801\"><strong data-start=\"2777\" data-end=\"2801\">Globale Kompatibilit\u00e4t<\/strong><\/p>\n<p data-start=\"2802\" data-end=\"2944\">Dank des breiten Eingangsspannungsbereichs von 100\u2013240 V und der Kompatibilit\u00e4t mit verschiedenen Steckdosenstandards (US, EU, UK, JP, KC) eignet sich dieses Ladeger\u00e4t f\u00fcr internationale M\u00e4rkte und Reisen rund um den Globus.<\/p>\n<p data-start=\"2946\" data-end=\"2984\"><strong data-start=\"2953\" data-end=\"2984\">Mehrfache Sicherheitsvorkehrungen<\/strong><\/p>\n<p data-start=\"2985\" data-end=\"3106\">Eingebaute Schutzmechanismen gegen Kurzschl\u00fcsse, \u00dcberspannung, \u00dcberstrom und \u00dcberlastung gew\u00e4hrleisten einen sicheren und zuverl\u00e4ssigen Betrieb.<\/p>\n<p data-start=\"3108\" data-end=\"3143\"><strong data-start=\"3115\" data-end=\"3143\">Kompaktes und robustes Design<\/strong><\/p>\n<p data-start=\"3144\" data-end=\"3278\">Leichtgewicht bei nur <strong data-start=\"3164\" data-end=\"3171\">92 g<\/strong>, mit einem flammhemmenden PC-Geh\u00e4use, das eine ausgezeichnete Hitzebest\u00e4ndigkeit und Langlebigkeit f\u00fcr den Langzeiteinsatz bietet.<\/p>\n<h2 data-start=\"3285\" data-end=\"3304\"><strong data-start=\"3288\" data-end=\"3304\">Anwendungen<\/strong><\/h2>\n<p data-start=\"3306\" data-end=\"3354\">Der <strong data-start=\"3310\" data-end=\"3337\">65W PD-Ladeger\u00e4t TR672CUK<\/strong> ist geeignet f\u00fcr:<\/p>\n<ul data-start=\"3356\" data-end=\"3635\">\n<li data-start=\"3356\" data-end=\"3403\">\n<p data-start=\"3358\" data-end=\"3403\">Laptops und Notebooks mit USB-C PD-Unterst\u00fctzung<\/p>\n<\/li>\n<li data-start=\"3404\" data-end=\"3448\">\n<p data-start=\"3406\" data-end=\"3448\">Tablets wie iPads und Android-Ger\u00e4te<\/p>\n<\/li>\n<li data-start=\"3449\" data-end=\"3494\">\n<p data-start=\"3451\" data-end=\"3494\">Smartphones mit Schnellladefunktion<\/p>\n<\/li>\n<li data-start=\"3495\" data-end=\"3536\">\n<p data-start=\"3497\" data-end=\"3536\">Ladeumgebungen zu Hause und im B\u00fcro<\/p>\n<\/li>\n<li data-start=\"3537\" data-end=\"3579\">\n<p data-start=\"3539\" data-end=\"3579\">Gesch\u00e4ftsreisen und Remote-Arbeitspl\u00e4tze<\/p>\n<\/li>\n<li data-start=\"3580\" data-end=\"3635\">\n<p data-start=\"3582\" data-end=\"3635\">OEM\/ODM-Ladel\u00f6sungen f\u00fcr Marken und Einzelh\u00e4ndler<\/p>\n<\/li>\n<\/ul>\n<h2 data-start=\"3642\" data-end=\"3660\"><strong data-start=\"3645\" data-end=\"3660\">Produkt-FAQ<\/strong><\/h2>\n<p data-start=\"3662\" data-end=\"3847\"><strong data-start=\"3662\" data-end=\"3715\">Frage 1: Kann dieses Ladeger\u00e4t einen USB-C-Laptop vollst\u00e4ndig aufladen?<\/strong><br data-start=\"3715\" data-end=\"3718\" \/>A: Ja. Wenn Ihr Laptop USB-C Power Delivery unterst\u00fctzt und 65 W oder weniger ben\u00f6tigt, kann dieses Ladeger\u00e4t ein schnelles und stabiles Laden gew\u00e4hrleisten.<\/p>\n<p data-start=\"3849\" data-end=\"4028\"><strong data-start=\"3849\" data-end=\"3916\">Frage 2: Was passiert, wenn beide USB-C-Anschl\u00fcsse gleichzeitig verwendet werden?<\/strong><br data-start=\"3916\" data-end=\"3919\" \/>A: Das Ladeger\u00e4t teilt die Leistung intelligent zwischen den beiden Anschl\u00fcssen auf und liefert typischerweise 45 W + 20 W oder 20 W + 45 W.<\/p>\n<p data-start=\"4030\" data-end=\"4198\"><strong data-start=\"4030\" data-end=\"4089\">Frage 3: Ist das Ladeger\u00e4t f\u00fcr den Langzeitgebrauch oder den Gebrauch \u00fcber Nacht geeignet?<\/strong><br data-start=\"4089\" data-end=\"4092\" \/>A: Ja. Das Ladeger\u00e4t verf\u00fcgt \u00fcber mehrere Sicherheitsvorkehrungen und entspricht internationalen Sicherheitsstandards.<\/p>\n<p data-start=\"4200\" data-end=\"4344\"><strong data-start=\"4200\" data-end=\"4239\">Frage 4: Welche Steckertypen sind verf\u00fcgbar?<\/strong><br data-start=\"4239\" data-end=\"4242\" \/>A: Um den unterschiedlichen regionalen Marktanforderungen gerecht zu werden, sind Steckerstandards f\u00fcr die USA, die EU, Gro\u00dfbritannien, Japan und KC verf\u00fcgbar.<\/p>\n<p data-start=\"4346\" data-end=\"4505\"><strong data-start=\"4346\" data-end=\"4387\">Frage 5: Bieten Sie OEM- oder ODM-Dienstleistungen an?<\/strong><br data-start=\"4387\" data-end=\"4390\" \/>A: Ja. Wir bieten Logodruck, Verpackungsanpassung und Produktspezifikationsanpassung f\u00fcr Gro\u00dfbestellungen an.<\/p>\n<h2 data-start=\"4512\" data-end=\"4565\"><strong data-start=\"4515\" data-end=\"4565\">Unternehmensvorteil \u2013 Warum Sie sich f\u00fcr unsere PD-Ladeger\u00e4te entscheiden sollten<\/strong><\/h2>\n<p data-start=\"4567\" data-end=\"5094\">Laut Informationen von <strong data-start=\"4597\" data-end=\"4612\">szjialu.com<\/strong>, Einer unserer Hauptvorteile ist unser <strong data-start=\"4647\" data-end=\"4736\">starke hauseigene Fertigungskapazit\u00e4ten kombiniert mit strengen Qualit\u00e4tskontrollsystemen<\/strong>. Von der Forschung und Entwicklung \u00fcber die Komponentenauswahl bis hin zur Serienproduktion und Endkontrolle durchl\u00e4uft jedes PD-Ladeger\u00e4t strenge Tests, um gleichbleibende Qualit\u00e4t und die Einhaltung globaler Standards zu gew\u00e4hrleisten. Dadurch k\u00f6nnen wir zuverl\u00e4ssige Produkte, stabile Lieferkapazit\u00e4ten und flexible L\u00f6sungen anbieten. <strong data-start=\"5005\" data-end=\"5026\">OEM\/ODM-L\u00f6sungen<\/strong>, um unseren Partnern zu helfen, auf internationalen M\u00e4rkten erfolgreich zu konkurrieren.<\/p>","protected":false},"excerpt":{"rendered":"<p>Produktname: 65-W-PD-Ladeger\u00e4t<\/p>\n<p>Modellnummer: TR672CUK<\/p>\n<p>Herkunftsort: China (Festland)<\/p>\n<p>Eingang: 100\u2013240 V Wechselstrom, 50\/60 Hz, 1,5 A<\/p>\n<p>Ausgang \u2013 USB-C1: 5V\/3A, 9V\/3A, 12V\/3A, 15V\/3A, 20V\/3,25A (65W)<\/p>\n<p>Ausgang \u2013 USB-C2: 5V\/3A, 9V\/3A, 12V\/3A, 15V\/3A, 20V\/3,25A (65W)<\/p>\n<p>Doppelausgang: 45 W + 20 W oder 20 W + 45 W<\/p>\n<p>Steckdosenstandards: US \/ EU \/ UK \/ JP \/ KC<\/p>\n<p>Farben: Schwarz, Wei\u00df<\/p>\n<p>Material: Flammhemmendes Polycarbonat<\/p>\n<p>Gewicht: 92 g<\/p>\n<p>Verpackung: PE-Beutelverpackung<\/p>\n<p>Schutzfunktionen: Kurzschluss, \u00dcberspannung, \u00dcberstrom, \u00dcberlast<\/p>","protected":false},"featured_media":1523,"comment_status":"open","ping_status":"closed","template":"","meta":{"_acf_changed":false,"site-sidebar-layout":"default","site-content-layout":"","ast-site-content-layout":"default","site-content-style":"default","site-sidebar-style":"default","ast-global-header-display":"","ast-banner-title-visibility":"","ast-main-header-display":"","ast-hfb-above-header-display":"","ast-hfb-below-header-display":"","ast-hfb-mobile-header-display":"","site-post-title":"","ast-breadcrumbs-content":"","ast-featured-img":"","footer-sml-layout":"","ast-disable-related-posts":"","theme-transparent-header-meta":"default","adv-header-id-meta":"","stick-header-meta":"","header-above-stick-meta":"","header-main-stick-meta":"","header-below-stick-meta":"","astra-migrate-meta-layouts":"set","ast-page-background-enabled":"default","ast-page-background-meta":{"desktop":{"background-color":"var(--ast-global-color-5)","background-image":"","background-repeat":"repeat","background-position":"center center","background-size":"auto","background-attachment":"scroll","background-type":"","background-media":"","overlay-type":"","overlay-color":"","overlay-opacity":"","overlay-gradient":""},"tablet":{"background-color":"","background-image":"","background-repeat":"repeat","background-position":"center center","background-size":"auto","background-attachment":"scroll","background-type":"","background-media":"","overlay-type":"","overlay-color":"","overlay-opacity":"","overlay-gradient":""},"mobile":{"background-color":"","background-image":"","background-repeat":"repeat","background-position":"center center","background-size":"auto","background-attachment":"scroll","background-type":"","background-media":"","overlay-type":"","overlay-color":"","overlay-opacity":"","overlay-gradient":""}},"ast-content-background-meta":{"desktop":{"background-color":"var(--ast-global-color-4)","background-image":"","background-repeat":"repeat","background-position":"center center","background-size":"auto","background-attachment":"scroll","background-type":"","background-media":"","overlay-type":"","overlay-color":"","overlay-opacity":"","overlay-gradient":""},"tablet":{"background-color":"var(--ast-global-color-4)","background-image":"","background-repeat":"repeat","background-position":"center center","background-size":"auto","background-attachment":"scroll","background-type":"","background-media":"","overlay-type":"","overlay-color":"","overlay-opacity":"","overlay-gradient":""},"mobile":{"background-color":"var(--ast-global-color-4)","background-image":"","background-repeat":"repeat","background-position":"center center","background-size":"auto","background-attachment":"scroll","background-type":"","background-media":"","overlay-type":"","overlay-color":"","overlay-opacity":"","overlay-gradient":""}}},"product_brand":[],"product_cat":[44,30],"product_tag":[138,141,140,99],"class_list":{"0":"post-1522","1":"product","2":"type-product","3":"status-publish","4":"has-post-thumbnail","6":"product_cat-65w","7":"product_cat-gan-charger","8":"product_tag-65w-pd-charger","9":"product_tag-65w-pd-fast-charger","10":"product_tag-65w-power-adapter","11":"product_tag-dual-port-charger","12":"desktop-align-left","13":"tablet-align-left","14":"mobile-align-left","16":"first","17":"instock","18":"shipping-taxable","19":"product-type-simple"},"acf":[],"_links":{"self":[{"href":"https:\/\/szjialu.com\/de\/wp-json\/wp\/v2\/product\/1522","targetHints":{"allow":["GET"]}}],"collection":[{"href":"https:\/\/szjialu.com\/de\/wp-json\/wp\/v2\/product"}],"about":[{"href":"https:\/\/szjialu.com\/de\/wp-json\/wp\/v2\/types\/product"}],"replies":[{"embeddable":true,"href":"https:\/\/szjialu.com\/de\/wp-json\/wp\/v2\/comments?post=1522"}],"wp:featuredmedia":[{"embeddable":true,"href":"https:\/\/szjialu.com\/de\/wp-json\/wp\/v2\/media\/1523"}],"wp:attachment":[{"href":"https:\/\/szjialu.com\/de\/wp-json\/wp\/v2\/media?parent=1522"}],"wp:term":[{"taxonomy":"product_brand","embeddable":true,"href":"https:\/\/szjialu.com\/de\/wp-json\/wp\/v2\/product_brand?post=1522"},{"taxonomy":"product_cat","embeddable":true,"href":"https:\/\/szjialu.com\/de\/wp-json\/wp\/v2\/product_cat?post=1522"},{"taxonomy":"product_tag","embeddable":true,"href":"https:\/\/szjialu.com\/de\/wp-json\/wp\/v2\/product_tag?post=1522"}],"curies":[{"name":"wp","href":"https:\/\/api.w.org\/{rel}","templated":true}]}}