{"id":1517,"date":"2025-12-23T14:21:37","date_gmt":"2025-12-23T14:21:37","guid":{"rendered":"https:\/\/szjialu.com\/?post_type=product&#038;p=1517"},"modified":"2026-02-19T06:55:48","modified_gmt":"2026-02-19T06:55:48","slug":"65w-pd-ladegerat-tr672ceu","status":"publish","type":"product","link":"https:\/\/szjialu.com\/de\/product\/65w-pd-charger-tr672ceu\/","title":{"rendered":"65W PD-Ladeger\u00e4t TR672CEU"},"content":{"rendered":"<h2 data-start=\"829\" data-end=\"877\"><strong data-start=\"831\" data-end=\"877\">65-W-PD-Ladeger\u00e4t TR672CEU \u2013 Produkt\u00fcbersicht<\/strong><\/h2>\n<p data-start=\"879\" data-end=\"1209\">Der <strong data-start=\"883\" data-end=\"918\">65W PD-Ladeger\u00e4t (Modell TR672CEU)<\/strong> ist ein leistungsstarkes Dual-USB-C-Ladeger\u00e4t mit Power Delivery, das schnelles, stabiles und sicheres Laden moderner elektronischer Ger\u00e4te erm\u00f6glicht. Es unterst\u00fctzt bis zu <strong data-start=\"1081\" data-end=\"1095\">65 W Ausgangsleistung<\/strong>, Mit diesem Ladeger\u00e4t lassen sich Laptops, Notebooks, Tablets und Mobiltelefone effizient \u00fcber einen einzigen kompakten Adapter mit Strom versorgen.<\/p>\n<p data-start=\"1211\" data-end=\"1457\">Der in China aus hochwertigen PC-Materialien und unter Anwendung fortschrittlicher Produktionsprozesse hergestellte TR672CEU vereint Portabilit\u00e4t, Langlebigkeit und globale Kompatibilit\u00e4t und ist somit die ideale Ladel\u00f6sung f\u00fcr Zuhause, B\u00fcro, Reisen und den professionellen Einsatz.<\/p>\n<h2 data-start=\"1464\" data-end=\"1493\"><strong data-start=\"1467\" data-end=\"1493\">Produktspezifikationen<\/strong><\/h2>\n<div class=\"TyagGW_tableContainer\">\n<div class=\"group TyagGW_tableWrapper flex w-fit flex-col-reverse\" tabindex=\"-1\">\n<table class=\"w-fit min-w-(--thread-content-width)\" data-start=\"1495\" data-end=\"2279\">\n<thead data-start=\"1495\" data-end=\"1521\">\n<tr data-start=\"1495\" data-end=\"1521\">\n<th data-start=\"1495\" data-end=\"1506\" data-col-size=\"sm\"><strong data-start=\"1497\" data-end=\"1505\">Artikel<\/strong><\/th>\n<th data-start=\"1506\" data-end=\"1521\" data-col-size=\"md\"><strong data-start=\"1508\" data-end=\"1519\">Details<\/strong><\/th>\n<\/tr>\n<\/thead>\n<tbody data-start=\"1543\" data-end=\"2279\">\n<tr data-start=\"1543\" data-end=\"1576\">\n<td data-start=\"1543\" data-end=\"1558\" data-col-size=\"sm\">Produktname<\/td>\n<td data-col-size=\"md\" data-start=\"1558\" data-end=\"1576\">65-W-PD-Ladeger\u00e4t<\/td>\n<\/tr>\n<tr data-start=\"1577\" data-end=\"1604\">\n<td data-start=\"1577\" data-end=\"1592\" data-col-size=\"sm\">Modellnummer<\/td>\n<td data-col-size=\"md\" data-start=\"1592\" data-end=\"1604\">TR672CEU<\/td>\n<\/tr>\n<tr data-start=\"1605\" data-end=\"1643\">\n<td data-start=\"1605\" data-end=\"1623\" data-col-size=\"sm\">Herkunftsort<\/td>\n<td data-col-size=\"md\" data-start=\"1623\" data-end=\"1643\">China (Festland)<\/td>\n<\/tr>\n<tr data-start=\"1644\" data-end=\"1682\">\n<td data-start=\"1644\" data-end=\"1652\" data-col-size=\"sm\">Eingang<\/td>\n<td data-col-size=\"md\" data-start=\"1652\" data-end=\"1682\">100\u2013240 V Wechselstrom, 50\/60 Hz, 1,5 A<\/td>\n<\/tr>\n<tr data-start=\"1683\" data-end=\"1750\">\n<td data-start=\"1683\" data-end=\"1701\" data-col-size=\"sm\">Ausgang \u2013 USB-C1<\/td>\n<td data-col-size=\"md\" data-start=\"1701\" data-end=\"1750\">5V\/3A, 9V\/3A, 12V\/3A, 15V\/3A, 20V\/3,25A (65W)<\/td>\n<\/tr>\n<tr data-start=\"1751\" data-end=\"1818\">\n<td data-start=\"1751\" data-end=\"1769\" data-col-size=\"sm\">Ausgang \u2013 USB-C2<\/td>\n<td data-col-size=\"md\" data-start=\"1769\" data-end=\"1818\">5V\/3A, 9V\/3A, 12V\/3A, 15V\/3A, 20V\/3,25A (65W)<\/td>\n<\/tr>\n<tr data-start=\"1819\" data-end=\"1864\">\n<td data-start=\"1819\" data-end=\"1838\" data-col-size=\"sm\">Dual-Port-Ausgang<\/td>\n<td data-col-size=\"md\" data-start=\"1838\" data-end=\"1864\">45 W + 20 W oder 20 W + 45 W<\/td>\n<\/tr>\n<tr data-start=\"1865\" data-end=\"1910\">\n<td data-start=\"1865\" data-end=\"1884\" data-col-size=\"sm\">Steckdosenstandards<\/td>\n<td data-col-size=\"md\" data-start=\"1884\" data-end=\"1910\">USA \/ EU \/ Gro\u00dfbritannien \/ Japan \/ KC<\/td>\n<\/tr>\n<tr data-start=\"1911\" data-end=\"1936\">\n<td data-start=\"1911\" data-end=\"1920\" data-col-size=\"sm\">Farben<\/td>\n<td data-col-size=\"md\" data-start=\"1920\" data-end=\"1936\">Schwarz, Wei\u00df<\/td>\n<\/tr>\n<tr data-start=\"1937\" data-end=\"1970\">\n<td data-start=\"1937\" data-end=\"1948\" data-col-size=\"sm\">Material<\/td>\n<td data-col-size=\"md\" data-start=\"1948\" data-end=\"1970\">Flammhemmende PC<\/td>\n<\/tr>\n<tr data-start=\"1971\" data-end=\"1987\">\n<td data-start=\"1971\" data-end=\"1980\" data-col-size=\"sm\">Gewicht<\/td>\n<td data-col-size=\"md\" data-start=\"1980\" data-end=\"1987\">92 g<\/td>\n<\/tr>\n<tr data-start=\"1988\" data-end=\"2016\">\n<td data-start=\"1988\" data-end=\"1998\" data-col-size=\"sm\">Verpackung<\/td>\n<td data-col-size=\"md\" data-start=\"1998\" data-end=\"2016\">PE-Beutelverpackung<\/td>\n<\/tr>\n<tr data-start=\"2017\" data-end=\"2097\">\n<td data-start=\"2017\" data-end=\"2030\" data-col-size=\"sm\">Schutz<\/td>\n<td data-col-size=\"md\" data-start=\"2030\" data-end=\"2097\">Kurzschluss-, \u00dcberspannungs-, \u00dcberstrom- und \u00dcberlastschutz<\/td>\n<\/tr>\n<tr data-start=\"2098\" data-end=\"2130\">\n<td data-start=\"2098\" data-end=\"2118\" data-col-size=\"sm\">Energieeffizienz<\/td>\n<td data-col-size=\"md\" data-start=\"2118\" data-end=\"2130\">Stufe VI<\/td>\n<\/tr>\n<tr data-start=\"2131\" data-end=\"2179\">\n<td data-start=\"2131\" data-end=\"2148\" data-col-size=\"sm\">Zertifizierungen<\/td>\n<td data-col-size=\"md\" data-start=\"2148\" data-end=\"2179\">CE, FCC, ETL, KC, PSE, RoHS<\/td>\n<\/tr>\n<tr data-start=\"2180\" data-end=\"2201\">\n<td data-start=\"2180\" data-end=\"2191\" data-col-size=\"sm\">Garantie<\/td>\n<td data-col-size=\"md\" data-start=\"2191\" data-end=\"2201\">1 Jahr<\/td>\n<\/tr>\n<tr data-start=\"2202\" data-end=\"2241\">\n<td data-start=\"2202\" data-end=\"2226\" data-col-size=\"sm\">Betriebstemperatur<\/td>\n<td data-col-size=\"md\" data-start=\"2226\" data-end=\"2241\">\u201320\u2103 bis 55\u2103<\/td>\n<\/tr>\n<tr data-start=\"2242\" data-end=\"2279\">\n<td data-start=\"2242\" data-end=\"2264\" data-col-size=\"sm\">Lagertemperatur<\/td>\n<td data-col-size=\"md\" data-start=\"2264\" data-end=\"2279\">\u201340\u2103 bis 70\u2103<\/td>\n<\/tr>\n<\/tbody>\n<\/table>\n<\/div>\n<\/div>\n<h2 data-start=\"2286\" data-end=\"2311\"><strong data-start=\"2289\" data-end=\"2311\">Wichtigste Verkaufsargumente<\/strong><\/h2>\n<p data-start=\"2313\" data-end=\"2361\"><strong data-start=\"2319\" data-end=\"2361\">65-W-Schnellladung \u00fcber USB-C Power Delivery<\/strong><\/p>\n<p data-start=\"2362\" data-end=\"2495\">Unterst\u00fctzt mehrere PD-Spannungsprofile bis zu <strong data-start=\"2406\" data-end=\"2419\">20 V \/ 3,25 A<\/strong>, liefert schnelle und stabile Stromversorgung f\u00fcr Laptops und andere Ger\u00e4te mit hohem Stromverbrauch.<\/p>\n<p data-start=\"2497\" data-end=\"2552\"><strong data-start=\"2504\" data-end=\"2552\">Zwei USB-C-Anschl\u00fcsse mit intelligenter Stromverteilung<\/strong><\/p>\n<p data-start=\"2553\" data-end=\"2692\">Erm\u00f6glicht das gleichzeitige Laden von zwei Ger\u00e4ten und verteilt die Leistung intelligent. <strong data-start=\"2634\" data-end=\"2647\">45 W + 20 W<\/strong> oder <strong data-start=\"2651\" data-end=\"2664\">20 W + 45 W<\/strong> abh\u00e4ngig von der Ger\u00e4tenachfrage.<\/p>\n<p data-start=\"2694\" data-end=\"2745\"><strong data-start=\"2701\" data-end=\"2745\">Breites Spannungsspektrum und weltweite Steckerkompatibilit\u00e4t<\/strong><\/p>\n<p data-start=\"2746\" data-end=\"2883\">Mit einem Eingangsspannungsbereich von 100\u2013240 V und mehreren Steckdosenstandards (US\/EU\/UK\/JP\/KC) eignet sich dieses Ladeger\u00e4t f\u00fcr globale M\u00e4rkte und internationale Reisen.<\/p>\n<p data-start=\"2885\" data-end=\"2923\"><strong data-start=\"2892\" data-end=\"2923\">Mehrfache Sicherheitsvorkehrungen<\/strong><\/p>\n<p data-start=\"2924\" data-end=\"3073\">Eingebaute Schutzmechanismen sch\u00fctzen vor Kurzschl\u00fcssen, \u00dcberspannung, \u00dcberstrom und \u00dcberlastung und gew\u00e4hrleisten so einen sicheren Betrieb und eine lange Lebensdauer.<\/p>\n<p data-start=\"3075\" data-end=\"3123\"><strong data-start=\"3082\" data-end=\"3123\">Kompaktes, leichtes und robustes Design<\/strong><\/p>\n<p data-start=\"3124\" data-end=\"3263\">nur <strong data-start=\"3138\" data-end=\"3145\">92 g<\/strong>, Das Ladeger\u00e4t ist leicht zu transportieren, und sein flammhemmendes PC-Geh\u00e4use bietet hervorragende Hitzebest\u00e4ndigkeit und Langlebigkeit.<\/p>\n<h2 data-start=\"3270\" data-end=\"3289\"><strong data-start=\"3273\" data-end=\"3289\">Anwendungen<\/strong><\/h2>\n<p data-start=\"3291\" data-end=\"3342\">Der <strong data-start=\"3295\" data-end=\"3322\">65W PD-Ladeger\u00e4t TR672CEU<\/strong> wird h\u00e4ufig verwendet f\u00fcr:<\/p>\n<ul data-start=\"3344\" data-end=\"3630\">\n<li data-start=\"3344\" data-end=\"3391\">\n<p data-start=\"3346\" data-end=\"3391\">Laptops und Notebooks mit USB-C PD-Unterst\u00fctzung<\/p>\n<\/li>\n<li data-start=\"3392\" data-end=\"3436\">\n<p data-start=\"3394\" data-end=\"3436\">Tablets wie iPads und Android-Tablets<\/p>\n<\/li>\n<li data-start=\"3437\" data-end=\"3482\">\n<p data-start=\"3439\" data-end=\"3482\">Smartphones mit Schnellladefunktion<\/p>\n<\/li>\n<li data-start=\"3483\" data-end=\"3524\">\n<p data-start=\"3485\" data-end=\"3524\">Ladeumgebungen zu Hause und im B\u00fcro<\/p>\n<\/li>\n<li data-start=\"3525\" data-end=\"3567\">\n<p data-start=\"3527\" data-end=\"3567\">Gesch\u00e4ftsreisen und mobile Arbeitsumgebungen<\/p>\n<\/li>\n<li data-start=\"3568\" data-end=\"3630\">\n<p data-start=\"3570\" data-end=\"3630\">OEM\/ODM-L\u00f6sungen f\u00fcr Stromversorgungszubeh\u00f6r f\u00fcr Marken und Einzelh\u00e4ndler<\/p>\n<\/li>\n<\/ul>\n<h2 data-start=\"3637\" data-end=\"3655\"><strong data-start=\"3640\" data-end=\"3655\">Produkt-FAQ<\/strong><\/h2>\n<p data-start=\"3657\" data-end=\"3839\"><strong data-start=\"3657\" data-end=\"3712\">Frage 1: Kann dieses Ladeger\u00e4t einen Laptop mit voller Geschwindigkeit aufladen?<\/strong><br data-start=\"3712\" data-end=\"3715\" \/>A: Ja. Wenn Ihr Laptop USB-C Power Delivery unterst\u00fctzt und 65 W oder weniger ben\u00f6tigt, kann dieses Ladeger\u00e4t eine Volllastladung erm\u00f6glichen.<\/p>\n<p data-start=\"3841\" data-end=\"4002\"><strong data-start=\"3841\" data-end=\"3893\">Frage 2: Was passiert, wenn beide USB-C-Anschl\u00fcsse verwendet werden?<\/strong><br data-start=\"3893\" data-end=\"3896\" \/>A: Das Ladeger\u00e4t verteilt die Leistung automatisch zwischen den beiden Anschl\u00fcssen, typischerweise als 45W + 20W oder 20W + 45W.<\/p>\n<p data-start=\"4004\" data-end=\"4169\"><strong data-start=\"4004\" data-end=\"4055\">Frage 3: Ist das Ladeger\u00e4t f\u00fcr das Laden \u00fcber Nacht geeignet?<\/strong><br data-start=\"4055\" data-end=\"4058\" \/>A: Ja. Das Ladeger\u00e4t verf\u00fcgt \u00fcber umfassende Sicherheitsvorkehrungen und entspricht internationalen Sicherheitsstandards.<\/p>\n<p data-start=\"4171\" data-end=\"4310\"><strong data-start=\"4171\" data-end=\"4210\">Frage 4: Welche Steckertypen sind verf\u00fcgbar?<\/strong><br data-start=\"4210\" data-end=\"4213\" \/>A: Um den unterschiedlichen regionalen Anforderungen gerecht zu werden, sind Steckdosenstandards f\u00fcr die USA, die EU, Gro\u00dfbritannien, Japan und KC verf\u00fcgbar.<\/p>\n<p data-start=\"4312\" data-end=\"4457\"><strong data-start=\"4312\" data-end=\"4355\">Frage 5: Bieten Sie OEM- oder ODM-Dienstleistungen an?<\/strong><br data-start=\"4355\" data-end=\"4358\" \/>A: Ja. Wir bieten Logoanpassung, Verpackungsdesign und Produktanpassung f\u00fcr Gro\u00dfbestellungen an.<\/p>\n<h2 data-start=\"4464\" data-end=\"4517\"><strong data-start=\"4467\" data-end=\"4517\">Unternehmensvorteil \u2013 Warum Sie sich f\u00fcr unsere PD-Ladeger\u00e4te entscheiden sollten<\/strong><\/h2>\n<p data-start=\"4519\" data-end=\"5017\">Laut Informationen von <strong data-start=\"4549\" data-end=\"4564\">szjialu.com<\/strong>, Einer unserer Hauptvorteile ist <strong data-start=\"4595\" data-end=\"4697\">starke Eigenfertigung kombiniert mit strenger Qualit\u00e4tskontrolle und flexibler OEM\/ODM-F\u00e4higkeit<\/strong>. Dank erfahrener F&amp;E-Ingenieure, standardisierter Produktionsprozesse und umfassender Zertifizierungsunterst\u00fctzung liefern wir konstant hochwertige PD-Ladeger\u00e4te, die den Anforderungen des globalen Marktes entsprechen. So k\u00f6nnen unsere Partner Beschaffungsrisiken minimieren, Produktkonsistenz gew\u00e4hrleisten und ihr Gesch\u00e4ft effizient skalieren.<\/p>","protected":false},"excerpt":{"rendered":"<p>Produktname: 65-W-PD-Ladeger\u00e4t<\/p>\n<p>Modellnummer: TR672CEU<\/p>\n<p>Herkunftsort: China (Festland)<\/p>\n<p>Eingang: 100\u2013240 V Wechselstrom, 50\/60 Hz, 1,5 A<\/p>\n<p>Ausgang \u2013 USB-C1: 5V\/3A, 9V\/3A, 12V\/3A, 15V\/3A, 20V\/3,25A (65W)<\/p>\n<p>Ausgang \u2013 USB-C2: 5V\/3A, 9V\/3A, 12V\/3A, 15V\/3A, 20V\/3,25A (65W)<\/p>\n<p>Doppelausgang: 45 W + 20 W oder 20 W + 45 W<\/p>\n<p>Steckdosenstandards: US \/ EU \/ UK \/ JP \/ KC<\/p>\n<p>Farben: Schwarz, Wei\u00df<\/p>\n<p>Material: Flammhemmendes Polycarbonat<\/p>\n<p>Gewicht: 92 g<\/p>\n<p>Verpackung: PE-Beutelverpackung<\/p>","protected":false},"featured_media":1518,"comment_status":"open","ping_status":"closed","template":"","meta":{"_acf_changed":false,"site-sidebar-layout":"default","site-content-layout":"","ast-site-content-layout":"default","site-content-style":"default","site-sidebar-style":"default","ast-global-header-display":"","ast-banner-title-visibility":"","ast-main-header-display":"","ast-hfb-above-header-display":"","ast-hfb-below-header-display":"","ast-hfb-mobile-header-display":"","site-post-title":"","ast-breadcrumbs-content":"","ast-featured-img":"","footer-sml-layout":"","ast-disable-related-posts":"","theme-transparent-header-meta":"default","adv-header-id-meta":"","stick-header-meta":"","header-above-stick-meta":"","header-main-stick-meta":"","header-below-stick-meta":"","astra-migrate-meta-layouts":"set","ast-page-background-enabled":"default","ast-page-background-meta":{"desktop":{"background-color":"var(--ast-global-color-5)","background-image":"","background-repeat":"repeat","background-position":"center center","background-size":"auto","background-attachment":"scroll","background-type":"","background-media":"","overlay-type":"","overlay-color":"","overlay-opacity":"","overlay-gradient":""},"tablet":{"background-color":"","background-image":"","background-repeat":"repeat","background-position":"center center","background-size":"auto","background-attachment":"scroll","background-type":"","background-media":"","overlay-type":"","overlay-color":"","overlay-opacity":"","overlay-gradient":""},"mobile":{"background-color":"","background-image":"","background-repeat":"repeat","background-position":"center center","background-size":"auto","background-attachment":"scroll","background-type":"","background-media":"","overlay-type":"","overlay-color":"","overlay-opacity":"","overlay-gradient":""}},"ast-content-background-meta":{"desktop":{"background-color":"var(--ast-global-color-4)","background-image":"","background-repeat":"repeat","background-position":"center center","background-size":"auto","background-attachment":"scroll","background-type":"","background-media":"","overlay-type":"","overlay-color":"","overlay-opacity":"","overlay-gradient":""},"tablet":{"background-color":"var(--ast-global-color-4)","background-image":"","background-repeat":"repeat","background-position":"center center","background-size":"auto","background-attachment":"scroll","background-type":"","background-media":"","overlay-type":"","overlay-color":"","overlay-opacity":"","overlay-gradient":""},"mobile":{"background-color":"var(--ast-global-color-4)","background-image":"","background-repeat":"repeat","background-position":"center center","background-size":"auto","background-attachment":"scroll","background-type":"","background-media":"","overlay-type":"","overlay-color":"","overlay-opacity":"","overlay-gradient":""}}},"product_brand":[],"product_cat":[44,30],"product_tag":[138,91,194],"class_list":{"0":"post-1517","1":"product","2":"type-product","3":"status-publish","4":"has-post-thumbnail","6":"product_cat-65w","7":"product_cat-gan-charger","8":"product_tag-65w-pd-charger","9":"product_tag-dual-usb-c-charger","10":"product_tag-usb-c-power-delivery-adapter","11":"desktop-align-left","12":"tablet-align-left","13":"mobile-align-left","15":"first","16":"instock","17":"shipping-taxable","18":"product-type-simple"},"acf":[],"_links":{"self":[{"href":"https:\/\/szjialu.com\/de\/wp-json\/wp\/v2\/product\/1517","targetHints":{"allow":["GET"]}}],"collection":[{"href":"https:\/\/szjialu.com\/de\/wp-json\/wp\/v2\/product"}],"about":[{"href":"https:\/\/szjialu.com\/de\/wp-json\/wp\/v2\/types\/product"}],"replies":[{"embeddable":true,"href":"https:\/\/szjialu.com\/de\/wp-json\/wp\/v2\/comments?post=1517"}],"wp:featuredmedia":[{"embeddable":true,"href":"https:\/\/szjialu.com\/de\/wp-json\/wp\/v2\/media\/1518"}],"wp:attachment":[{"href":"https:\/\/szjialu.com\/de\/wp-json\/wp\/v2\/media?parent=1517"}],"wp:term":[{"taxonomy":"product_brand","embeddable":true,"href":"https:\/\/szjialu.com\/de\/wp-json\/wp\/v2\/product_brand?post=1517"},{"taxonomy":"product_cat","embeddable":true,"href":"https:\/\/szjialu.com\/de\/wp-json\/wp\/v2\/product_cat?post=1517"},{"taxonomy":"product_tag","embeddable":true,"href":"https:\/\/szjialu.com\/de\/wp-json\/wp\/v2\/product_tag?post=1517"}],"curies":[{"name":"wp","href":"https:\/\/api.w.org\/{rel}","templated":true}]}}