{"id":1514,"date":"2025-12-23T14:06:45","date_gmt":"2025-12-23T14:06:45","guid":{"rendered":"https:\/\/szjialu.com\/?post_type=product&#038;p=1514"},"modified":"2026-02-19T06:56:41","modified_gmt":"2026-02-19T06:56:41","slug":"65-w-pd-ladegerat-tr672cus","status":"publish","type":"product","link":"https:\/\/szjialu.com\/de\/product\/65w-pd-charger-tr672cus\/","title":{"rendered":"65W PD-Ladeger\u00e4t TR672CUS"},"content":{"rendered":"<h2 data-start=\"859\" data-end=\"907\"><strong data-start=\"861\" data-end=\"907\">65-W-PD-Ladeger\u00e4t TR672CUS \u2013 Produkt\u00fcbersicht<\/strong><\/h2>\n<p data-start=\"909\" data-end=\"1247\">Der <strong data-start=\"913\" data-end=\"940\">65W PD-Ladeger\u00e4t TR672CUS<\/strong> ist ein kompaktes, hocheffizientes USB-C-Ladeger\u00e4t mit Power Delivery, das speziell f\u00fcr die Schnellladeanforderungen moderner elektronischer Ger\u00e4te entwickelt wurde. Ausgestattet mit <strong data-start=\"1085\" data-end=\"1105\">zwei USB-C-Anschl\u00fcsse<\/strong>, Dieses Ladeger\u00e4t verteilt die Leistung intelligent, um Laptops, Notebooks, Tablets und Mobiltelefone gleichzeitig sicher und effizient aufzuladen.<\/p>\n<p data-start=\"1249\" data-end=\"1494\">Der in China aus hochwertigen PC-Materialien und mit fortschrittlichen Produktionsverfahren hergestellte TR672CUS bietet stabile Leistung, globale Kompatibilit\u00e4t und umfassenden Sicherheitsschutz \u2013 und ist damit die ideale L\u00f6sung f\u00fcr Zuhause, B\u00fcro und unterwegs.<\/p>\n<h2 data-start=\"1501\" data-end=\"1530\"><strong data-start=\"1504\" data-end=\"1530\">Produktspezifikationen<\/strong><\/h2>\n<div class=\"TyagGW_tableContainer\">\n<div class=\"group TyagGW_tableWrapper flex w-fit flex-col-reverse\" tabindex=\"-1\">\n<table class=\"w-fit min-w-(--thread-content-width)\" data-start=\"1532\" data-end=\"2321\">\n<thead data-start=\"1532\" data-end=\"1558\">\n<tr data-start=\"1532\" data-end=\"1558\">\n<th data-start=\"1532\" data-end=\"1543\" data-col-size=\"sm\"><strong data-start=\"1534\" data-end=\"1542\">Artikel<\/strong><\/th>\n<th data-start=\"1543\" data-end=\"1558\" data-col-size=\"md\"><strong data-start=\"1545\" data-end=\"1556\">Details<\/strong><\/th>\n<\/tr>\n<\/thead>\n<tbody data-start=\"1583\" data-end=\"2321\">\n<tr data-start=\"1583\" data-end=\"1616\">\n<td data-start=\"1583\" data-end=\"1598\" data-col-size=\"sm\">Produktname<\/td>\n<td data-col-size=\"md\" data-start=\"1598\" data-end=\"1616\">65-W-PD-Ladeger\u00e4t<\/td>\n<\/tr>\n<tr data-start=\"1617\" data-end=\"1644\">\n<td data-start=\"1617\" data-end=\"1632\" data-col-size=\"sm\">Modellnummer<\/td>\n<td data-col-size=\"md\" data-start=\"1632\" data-end=\"1644\">TR672CUS<\/td>\n<\/tr>\n<tr data-start=\"1645\" data-end=\"1683\">\n<td data-start=\"1645\" data-end=\"1663\" data-col-size=\"sm\">Herkunftsort<\/td>\n<td data-col-size=\"md\" data-start=\"1663\" data-end=\"1683\">China (Festland)<\/td>\n<\/tr>\n<tr data-start=\"1684\" data-end=\"1722\">\n<td data-start=\"1684\" data-end=\"1692\" data-col-size=\"sm\">Eingang<\/td>\n<td data-col-size=\"md\" data-start=\"1692\" data-end=\"1722\">100\u2013240 V Wechselstrom, 50\/60 Hz, 1,5 A<\/td>\n<\/tr>\n<tr data-start=\"1723\" data-end=\"1790\">\n<td data-start=\"1723\" data-end=\"1741\" data-col-size=\"sm\">Ausgang \u2013 USB-C1<\/td>\n<td data-col-size=\"md\" data-start=\"1741\" data-end=\"1790\">5V\/3A, 9V\/3A, 12V\/3A, 15V\/3A, 20V\/3,25A (65W)<\/td>\n<\/tr>\n<tr data-start=\"1791\" data-end=\"1858\">\n<td data-start=\"1791\" data-end=\"1809\" data-col-size=\"sm\">Ausgang \u2013 USB-C2<\/td>\n<td data-col-size=\"md\" data-start=\"1809\" data-end=\"1858\">5V\/3A, 9V\/3A, 12V\/3A, 15V\/3A, 20V\/3,25A (65W)<\/td>\n<\/tr>\n<tr data-start=\"1859\" data-end=\"1904\">\n<td data-start=\"1859\" data-end=\"1878\" data-col-size=\"sm\">Dual-Port-Ausgang<\/td>\n<td data-col-size=\"md\" data-start=\"1878\" data-end=\"1904\">45 W + 20 W oder 20 W + 45 W<\/td>\n<\/tr>\n<tr data-start=\"1905\" data-end=\"1950\">\n<td data-start=\"1905\" data-end=\"1924\" data-col-size=\"sm\">Steckdosenstandards<\/td>\n<td data-col-size=\"md\" data-start=\"1924\" data-end=\"1950\">USA \/ EU \/ Gro\u00dfbritannien \/ Japan \/ KC<\/td>\n<\/tr>\n<tr data-start=\"1951\" data-end=\"1976\">\n<td data-start=\"1951\" data-end=\"1960\" data-col-size=\"sm\">Farben<\/td>\n<td data-col-size=\"md\" data-start=\"1960\" data-end=\"1976\">Schwarz, Wei\u00df<\/td>\n<\/tr>\n<tr data-start=\"1977\" data-end=\"2010\">\n<td data-start=\"1977\" data-end=\"1988\" data-col-size=\"sm\">Material<\/td>\n<td data-col-size=\"md\" data-start=\"1988\" data-end=\"2010\">Flammhemmende PC<\/td>\n<\/tr>\n<tr data-start=\"2011\" data-end=\"2027\">\n<td data-start=\"2011\" data-end=\"2020\" data-col-size=\"sm\">Gewicht<\/td>\n<td data-col-size=\"md\" data-start=\"2020\" data-end=\"2027\">92 g<\/td>\n<\/tr>\n<tr data-start=\"2028\" data-end=\"2056\">\n<td data-start=\"2028\" data-end=\"2038\" data-col-size=\"sm\">Verpackung<\/td>\n<td data-col-size=\"md\" data-start=\"2038\" data-end=\"2056\">PE-Beutelverpackung<\/td>\n<\/tr>\n<tr data-start=\"2057\" data-end=\"2126\">\n<td data-start=\"2057\" data-end=\"2070\" data-col-size=\"sm\">Schutz<\/td>\n<td data-col-size=\"md\" data-start=\"2070\" data-end=\"2126\">Kurzschluss, \u00dcberspannung, \u00dcberstrom, \u00dcberlastung<\/td>\n<\/tr>\n<tr data-start=\"2127\" data-end=\"2159\">\n<td data-start=\"2127\" data-end=\"2147\" data-col-size=\"sm\">Energieeffizienz<\/td>\n<td data-col-size=\"md\" data-start=\"2147\" data-end=\"2159\">Stufe VI<\/td>\n<\/tr>\n<tr data-start=\"2160\" data-end=\"2221\">\n<td data-start=\"2160\" data-end=\"2177\" data-col-size=\"sm\">Zertifizierungen<\/td>\n<td data-col-size=\"md\" data-start=\"2177\" data-end=\"2221\">UKCA, CE, FCC, ETL, KC, PSE, RoHS, REACH<\/td>\n<\/tr>\n<tr data-start=\"2222\" data-end=\"2243\">\n<td data-start=\"2222\" data-end=\"2233\" data-col-size=\"sm\">Garantie<\/td>\n<td data-col-size=\"md\" data-start=\"2233\" data-end=\"2243\">1 Jahr<\/td>\n<\/tr>\n<tr data-start=\"2244\" data-end=\"2283\">\n<td data-start=\"2244\" data-end=\"2268\" data-col-size=\"sm\">Betriebstemperatur<\/td>\n<td data-col-size=\"md\" data-start=\"2268\" data-end=\"2283\">\u201320\u2103 bis 55\u2103<\/td>\n<\/tr>\n<tr data-start=\"2284\" data-end=\"2321\">\n<td data-start=\"2284\" data-end=\"2306\" data-col-size=\"sm\">Lagertemperatur<\/td>\n<td data-col-size=\"md\" data-start=\"2306\" data-end=\"2321\">\u201340\u2103 bis 70\u2103<\/td>\n<\/tr>\n<\/tbody>\n<\/table>\n<\/div>\n<\/div>\n<h2 data-start=\"2328\" data-end=\"2353\"><strong data-start=\"2331\" data-end=\"2353\">Wichtigste Verkaufsargumente<\/strong><\/h2>\n<p data-start=\"2355\" data-end=\"2388\"><strong data-start=\"2361\" data-end=\"2388\">65 W schnelle Leistungsabgabe<\/strong><\/p>\n<p data-start=\"2389\" data-end=\"2519\">Unterst\u00fctzt USB-C PD-Protokolle mit bis zu <strong data-start=\"2428\" data-end=\"2442\">65 W Ausgangsleistung<\/strong>, erm\u00f6glicht schnelles und stabiles Laden von Laptops und anderen Ger\u00e4ten mit hohem Stromverbrauch.<\/p>\n<p data-start=\"2521\" data-end=\"2561\"><strong data-start=\"2528\" data-end=\"2561\">Intelligenter Dual-USB-C-Ausgang<\/strong><\/p>\n<p data-start=\"2562\" data-end=\"2698\">Laden Sie zwei Ger\u00e4te gleichzeitig mit intelligenter Leistungsverteilung (45W + 20W oder 20W + 45W), um optimale Effizienz und Ger\u00e4tesicherheit zu gew\u00e4hrleisten.<\/p>\n<p data-start=\"2700\" data-end=\"2734\"><strong data-start=\"2707\" data-end=\"2734\">Weltweite Kompatibilit\u00e4t<\/strong><\/p>\n<p data-start=\"2735\" data-end=\"2856\">Unterst\u00fctzt mehrere Steckerstandards (US, EU, UK, JP, KC) und ist somit f\u00fcr globale M\u00e4rkte und internationale Reisende geeignet.<\/p>\n<p data-start=\"2858\" data-end=\"2895\"><strong data-start=\"2865\" data-end=\"2895\">Erweiterter Sicherheitsschutz<\/strong><\/p>\n<p data-start=\"2896\" data-end=\"3020\">Ein integriertes Mehrfachschutzsystem verhindert Sch\u00e4den durch Kurzschl\u00fcsse, \u00dcberstrom, \u00dcberspannung und \u00dcberlastung.<\/p>\n<p data-start=\"3022\" data-end=\"3057\"><strong data-start=\"3029\" data-end=\"3057\">Kompaktes und robustes Design<\/strong><\/p>\n<p data-start=\"3058\" data-end=\"3188\">Leichtgewicht (nur 92 g) mit einem flammhemmenden PC-Geh\u00e4use, ideal f\u00fcr den mobilen Einsatz bei gleichzeitig hoher Haltbarkeit und Hitzebest\u00e4ndigkeit.<\/p>\n<h2 data-start=\"3195\" data-end=\"3214\"><strong data-start=\"3198\" data-end=\"3214\">Anwendungen<\/strong><\/h2>\n<p data-start=\"3216\" data-end=\"3267\">Der <strong data-start=\"3220\" data-end=\"3247\">65W PD-Ladeger\u00e4t TR672CUS<\/strong> wird h\u00e4ufig verwendet f\u00fcr:<\/p>\n<ul data-start=\"3269\" data-end=\"3539\">\n<li data-start=\"3269\" data-end=\"3316\">\n<p data-start=\"3271\" data-end=\"3316\">Laptops und Notebooks mit USB-C PD-Unterst\u00fctzung<\/p>\n<\/li>\n<li data-start=\"3317\" data-end=\"3361\">\n<p data-start=\"3319\" data-end=\"3361\">Tablets wie iPads und Android-Ger\u00e4te<\/p>\n<\/li>\n<li data-start=\"3362\" data-end=\"3407\">\n<p data-start=\"3364\" data-end=\"3407\">Smartphones mit Schnellladefunktion<\/p>\n<\/li>\n<li data-start=\"3408\" data-end=\"3456\">\n<p data-start=\"3410\" data-end=\"3456\">B\u00fcroarbeitspl\u00e4tze und Ladeeinrichtungen f\u00fcr zu Hause<\/p>\n<\/li>\n<li data-start=\"3457\" data-end=\"3484\">\n<p data-start=\"3459\" data-end=\"3484\">Reise- und Gesch\u00e4ftsnutzung<\/p>\n<\/li>\n<li data-start=\"3485\" data-end=\"3539\">\n<p data-start=\"3487\" data-end=\"3539\">OEM\/ODM-Zubeh\u00f6rpakete f\u00fcr Marken und Einzelh\u00e4ndler<\/p>\n<\/li>\n<\/ul>\n<h2 data-start=\"3546\" data-end=\"3564\"><strong data-start=\"3549\" data-end=\"3564\">Produkt-FAQ<\/strong><\/h2>\n<p data-start=\"3566\" data-end=\"3794\"><strong data-start=\"3566\" data-end=\"3627\">Frage 1: Kann dieses Ladeger\u00e4t zwei Laptops gleichzeitig aufladen?<\/strong><br data-start=\"3627\" data-end=\"3630\" \/>A: Es k\u00f6nnen zwei USB-C-Ger\u00e4te gleichzeitig geladen werden, die Gesamtleistung wird jedoch aufgeteilt. Ein Anschluss liefert bis zu 45 W, der andere 20 W, abh\u00e4ngig vom Leistungsbedarf des angeschlossenen Ger\u00e4ts.<\/p>\n<p data-start=\"3796\" data-end=\"3998\"><strong data-start=\"3796\" data-end=\"3842\">Frage 2: Ist das Ladeger\u00e4t f\u00fcr den Langzeitgebrauch sicher?<\/strong><br data-start=\"3842\" data-end=\"3845\" \/>A: Ja. Das Ladeger\u00e4t verf\u00fcgt \u00fcber mehrere integrierte Schutzmechanismen und entspricht internationalen Sicherheitszertifizierungen, um einen stabilen und zuverl\u00e4ssigen Betrieb zu gew\u00e4hrleisten.<\/p>\n<p data-start=\"4000\" data-end=\"4143\"><strong data-start=\"4000\" data-end=\"4054\">Frage 3: Unterst\u00fctzt es Schnellladen f\u00fcr Smartphones?<\/strong><br data-start=\"4054\" data-end=\"4057\" \/>A: Ja. Es unterst\u00fctzt PD-Schnellladeprotokolle f\u00fcr die meisten USB-C-Smartphones und -Tablets.<\/p>\n<p data-start=\"4145\" data-end=\"4281\"><strong data-start=\"4145\" data-end=\"4183\">Frage 4: Welche Steckertypen sind verf\u00fcgbar?<\/strong><br data-start=\"4183\" data-end=\"4186\" \/>A: Um den unterschiedlichen Marktanforderungen gerecht zu werden, sind Steckdosenstandards f\u00fcr die USA, die EU, Gro\u00dfbritannien, Japan und KC verf\u00fcgbar.<\/p>\n<p data-start=\"4283\" data-end=\"4460\"><strong data-start=\"4283\" data-end=\"4341\">F5: Unterst\u00fctzen Sie OEM- oder Private-Label-Anpassungen?<\/strong><br data-start=\"4341\" data-end=\"4344\" \/>A: Ja. Logodruck, Verpackungsanpassung und Spezifikationsanpassungen sind f\u00fcr OEM\/ODM-Gro\u00dfbestellungen m\u00f6glich.<\/p>\n<h2 data-start=\"4467\" data-end=\"4507\"><strong data-start=\"4470\" data-end=\"4507\">Unternehmensvorteil \u2013 Warum Sie sich f\u00fcr uns entscheiden sollten<\/strong><\/h2>\n<p data-start=\"4509\" data-end=\"5020\">Wie hervorgehoben auf <strong data-start=\"4527\" data-end=\"4542\">szjialu.com<\/strong>, Der entscheidende Vorteil unseres Unternehmens liegt darin <strong data-start=\"4580\" data-end=\"4655\">starke Fertigungskapazit\u00e4t kombiniert mit flexiblen OEM\/ODM-Dienstleistungen<\/strong>. Mit einem erfahrenen Forschungs- und Entwicklungsteam, automatisierten Produktionslinien und strengen Qualit\u00e4tskontrollsystemen sind wir in der Lage zu liefern <strong data-start=\"4774\" data-end=\"4836\">Hochwertige PD-Ladeger\u00e4te, die internationalen Standards entsprechen<\/strong> effizient und zuverl\u00e4ssig. Unsere Produkte werden weltweit exportiert und helfen globalen Marken, Beschaffungsrisiken zu reduzieren, Lieferzeiten zu verk\u00fcrzen und zuverl\u00e4ssige Stromversorgungsl\u00f6sungen schneller auf den Markt zu bringen.<\/p>","protected":false},"excerpt":{"rendered":"<p>Produktname: 65-W-PD-Ladeger\u00e4t<\/p>\n<p>Modellnummer: TR672CUS<\/p>\n<p>Herkunftsort: China (Festland)<\/p>\n<p>Eingang: 100\u2013240 V Wechselstrom, 50\/60 Hz, 1,5 A<\/p>\n<p>Ausgang \u2013 USB-C1: 5V\/3A, 9V\/3A, 12V\/3A, 15V\/3A, 20V\/3,25A (65W)<\/p>\n<p>Ausgang \u2013 USB-C2: 5V\/3A, 9V\/3A, 12V\/3A, 15V\/3A, 20V\/3,25A (65W)<\/p>\n<p>Doppelausgang: 45 W + 20 W oder 20 W + 45 W<\/p>\n<p>Steckdosenstandards: US \/ EU \/ UK \/ JP \/ KC<\/p>\n<p>Farben: Schwarz, Wei\u00df<\/p>\n<p>Material: Flammhemmendes Polycarbonat<\/p>\n<p>Gewicht: 92 g<\/p>\n<p>Verpackung: PE-Beutelverpackung<\/p>\n<p>Schutzfunktionen: Kurzschluss, \u00dcberspannung, \u00dcberstrom, \u00dcberlast<\/p>\n<p>Energieeffizienz: Stufe VI<\/p>\n<p>Zertifizierungen: UKCA, CE, FCC, ETL, KC, PSE, RoHS, REACH<\/p>","protected":false},"featured_media":1515,"comment_status":"open","ping_status":"closed","template":"","meta":{"_acf_changed":false,"site-sidebar-layout":"default","site-content-layout":"","ast-site-content-layout":"default","site-content-style":"default","site-sidebar-style":"default","ast-global-header-display":"","ast-banner-title-visibility":"","ast-main-header-display":"","ast-hfb-above-header-display":"","ast-hfb-below-header-display":"","ast-hfb-mobile-header-display":"","site-post-title":"","ast-breadcrumbs-content":"","ast-featured-img":"","footer-sml-layout":"","ast-disable-related-posts":"","theme-transparent-header-meta":"default","adv-header-id-meta":"","stick-header-meta":"","header-above-stick-meta":"","header-main-stick-meta":"","header-below-stick-meta":"","astra-migrate-meta-layouts":"set","ast-page-background-enabled":"default","ast-page-background-meta":{"desktop":{"background-color":"var(--ast-global-color-5)","background-image":"","background-repeat":"repeat","background-position":"center center","background-size":"auto","background-attachment":"scroll","background-type":"","background-media":"","overlay-type":"","overlay-color":"","overlay-opacity":"","overlay-gradient":""},"tablet":{"background-color":"","background-image":"","background-repeat":"repeat","background-position":"center center","background-size":"auto","background-attachment":"scroll","background-type":"","background-media":"","overlay-type":"","overlay-color":"","overlay-opacity":"","overlay-gradient":""},"mobile":{"background-color":"","background-image":"","background-repeat":"repeat","background-position":"center center","background-size":"auto","background-attachment":"scroll","background-type":"","background-media":"","overlay-type":"","overlay-color":"","overlay-opacity":"","overlay-gradient":""}},"ast-content-background-meta":{"desktop":{"background-color":"var(--ast-global-color-4)","background-image":"","background-repeat":"repeat","background-position":"center center","background-size":"auto","background-attachment":"scroll","background-type":"","background-media":"","overlay-type":"","overlay-color":"","overlay-opacity":"","overlay-gradient":""},"tablet":{"background-color":"var(--ast-global-color-4)","background-image":"","background-repeat":"repeat","background-position":"center center","background-size":"auto","background-attachment":"scroll","background-type":"","background-media":"","overlay-type":"","overlay-color":"","overlay-opacity":"","overlay-gradient":""},"mobile":{"background-color":"var(--ast-global-color-4)","background-image":"","background-repeat":"repeat","background-position":"center center","background-size":"auto","background-attachment":"scroll","background-type":"","background-media":"","overlay-type":"","overlay-color":"","overlay-opacity":"","overlay-gradient":""}}},"product_brand":[],"product_cat":[44,30],"product_tag":[138],"class_list":{"0":"post-1514","1":"product","2":"type-product","3":"status-publish","4":"has-post-thumbnail","6":"product_cat-65w","7":"product_cat-gan-charger","8":"product_tag-65w-pd-charger","9":"desktop-align-left","10":"tablet-align-left","11":"mobile-align-left","13":"first","14":"instock","15":"shipping-taxable","16":"product-type-simple"},"acf":[],"_links":{"self":[{"href":"https:\/\/szjialu.com\/de\/wp-json\/wp\/v2\/product\/1514","targetHints":{"allow":["GET"]}}],"collection":[{"href":"https:\/\/szjialu.com\/de\/wp-json\/wp\/v2\/product"}],"about":[{"href":"https:\/\/szjialu.com\/de\/wp-json\/wp\/v2\/types\/product"}],"replies":[{"embeddable":true,"href":"https:\/\/szjialu.com\/de\/wp-json\/wp\/v2\/comments?post=1514"}],"wp:featuredmedia":[{"embeddable":true,"href":"https:\/\/szjialu.com\/de\/wp-json\/wp\/v2\/media\/1515"}],"wp:attachment":[{"href":"https:\/\/szjialu.com\/de\/wp-json\/wp\/v2\/media?parent=1514"}],"wp:term":[{"taxonomy":"product_brand","embeddable":true,"href":"https:\/\/szjialu.com\/de\/wp-json\/wp\/v2\/product_brand?post=1514"},{"taxonomy":"product_cat","embeddable":true,"href":"https:\/\/szjialu.com\/de\/wp-json\/wp\/v2\/product_cat?post=1514"},{"taxonomy":"product_tag","embeddable":true,"href":"https:\/\/szjialu.com\/de\/wp-json\/wp\/v2\/product_tag?post=1514"}],"curies":[{"name":"wp","href":"https:\/\/api.w.org\/{rel}","templated":true}]}}