{"id":1496,"date":"2025-12-22T13:54:19","date_gmt":"2025-12-22T13:54:19","guid":{"rendered":"https:\/\/szjialu.com\/?post_type=product&#038;p=1496"},"modified":"2026-02-19T06:51:24","modified_gmt":"2026-02-19T06:51:24","slug":"65w-pd-ladegerat-tr671ckr","status":"publish","type":"product","link":"https:\/\/szjialu.com\/de\/product\/65w-pd-charger-tr671ckr\/","title":{"rendered":"65W PD-Ladeger\u00e4t TR671CKR"},"content":{"rendered":"<h2 data-start=\"965\" data-end=\"996\"><strong data-start=\"967\" data-end=\"996\">65-W-PD-Ladeger\u00e4t \u2013 TR671CKR <\/strong><strong data-start=\"1001\" data-end=\"1021\">Produkt\u00fcbersicht<\/strong><\/h2>\n<p data-start=\"1022\" data-end=\"1462\">Das 65-W-PD-Ladeger\u00e4t (Modell) <strong data-start=\"1048\" data-end=\"1060\">TR671CKR<\/strong>Dieser vielseitige und leistungsstarke USB-C-Power-Delivery-Adapter erm\u00f6glicht schnelles und effizientes Laden von Laptops, Tablets, Smartphones und anderen USB-C-Ger\u00e4ten. Er eignet sich sowohl f\u00fcr den gesch\u00e4ftlichen als auch f\u00fcr den t\u00e4glichen Gebrauch, unterst\u00fctzt einen breiten Eingangsspannungsbereich und liefert eine stabile, hocheffiziente Ausgangsleistung mit fortschrittlichen Sicherheitsfunktionen. Dadurch ist er ideal f\u00fcr globale M\u00e4rkte und OEM\/ODM-Anwendungen.<\/p>\n<h2 data-start=\"1469\" data-end=\"1494\"><strong data-start=\"1472\" data-end=\"1494\">Wichtigste Spezifikationen<\/strong><\/h2>\n<div class=\"TyagGW_tableContainer\">\n<div class=\"group TyagGW_tableWrapper flex w-fit flex-col-reverse\" tabindex=\"-1\">\n<table class=\"w-fit min-w-(--thread-content-width)\" data-start=\"1496\" data-end=\"2203\">\n<thead data-start=\"1496\" data-end=\"1525\">\n<tr data-start=\"1496\" data-end=\"1525\">\n<th data-start=\"1496\" data-end=\"1510\" data-col-size=\"sm\"><strong data-start=\"1498\" data-end=\"1509\">Besonderheit<\/strong><\/th>\n<th data-start=\"1510\" data-end=\"1525\" data-col-size=\"md\"><strong data-start=\"1512\" data-end=\"1523\">Details<\/strong><\/th>\n<\/tr>\n<\/thead>\n<tbody data-start=\"1556\" data-end=\"2203\">\n<tr data-start=\"1556\" data-end=\"1593\">\n<td data-start=\"1556\" data-end=\"1575\" data-col-size=\"sm\"><strong data-start=\"1558\" data-end=\"1574\">Produktname<\/strong><\/td>\n<td data-start=\"1575\" data-end=\"1593\" data-col-size=\"md\">65-W-PD-Ladeger\u00e4t<\/td>\n<\/tr>\n<tr data-start=\"1594\" data-end=\"1625\">\n<td data-start=\"1594\" data-end=\"1613\" data-col-size=\"sm\"><strong data-start=\"1596\" data-end=\"1612\">Modellnummer<\/strong><\/td>\n<td data-start=\"1613\" data-end=\"1625\" data-col-size=\"md\">TR671CKR<\/td>\n<\/tr>\n<tr data-start=\"1626\" data-end=\"1659\">\n<td data-start=\"1626\" data-end=\"1639\" data-col-size=\"sm\"><strong data-start=\"1628\" data-end=\"1638\">Herkunft<\/strong><\/td>\n<td data-start=\"1639\" data-end=\"1659\" data-col-size=\"md\">China (Festland)<\/td>\n<\/tr>\n<tr data-start=\"1660\" data-end=\"1702\">\n<td data-start=\"1660\" data-end=\"1672\" data-col-size=\"sm\"><strong data-start=\"1662\" data-end=\"1671\">Eingang<\/strong><\/td>\n<td data-start=\"1672\" data-end=\"1702\" data-col-size=\"md\">100\u2013240 V Wechselstrom, 50\/60 Hz, 1,5 A<\/td>\n<\/tr>\n<tr data-start=\"1703\" data-end=\"1759\">\n<td data-start=\"1703\" data-end=\"1716\" data-col-size=\"sm\"><strong data-start=\"1705\" data-end=\"1715\">Ausgabe<\/strong><\/td>\n<td data-start=\"1716\" data-end=\"1759\" data-col-size=\"md\">5 V\/3 A, 9 V\/3 A, 12 V\/3 A, 15 V\/3 A, 20 V\/3,25 A<\/td>\n<\/tr>\n<tr data-start=\"1760\" data-end=\"1808\">\n<td data-start=\"1760\" data-end=\"1777\" data-col-size=\"sm\"><strong data-start=\"1762\" data-end=\"1776\">PPS-Ausgang<\/strong><\/td>\n<td data-start=\"1777\" data-end=\"1808\" data-col-size=\"md\">3,3\u201311 V\/4,05 A, 3,3\u201316 V\/3,0 A<\/td>\n<\/tr>\n<tr data-start=\"1809\" data-end=\"1850\">\n<td data-start=\"1809\" data-end=\"1828\" data-col-size=\"sm\"><strong data-start=\"1811\" data-end=\"1827\">Steckdosentypen<\/strong><\/td>\n<td data-start=\"1828\" data-end=\"1850\" data-col-size=\"md\">USA, EU, Gro\u00dfbritannien, Japan, KC<\/td>\n<\/tr>\n<tr data-start=\"1851\" data-end=\"1890\">\n<td data-start=\"1851\" data-end=\"1874\" data-col-size=\"sm\"><strong data-start=\"1853\" data-end=\"1873\">Verf\u00fcgbare Farben<\/strong><\/td>\n<td data-start=\"1874\" data-end=\"1890\" data-col-size=\"md\">Schwarz, Wei\u00df<\/td>\n<\/tr>\n<tr data-start=\"1891\" data-end=\"1927\">\n<td data-start=\"1891\" data-end=\"1906\" data-col-size=\"sm\"><strong data-start=\"1893\" data-end=\"1905\">Material<\/strong><\/td>\n<td data-start=\"1906\" data-end=\"1927\" data-col-size=\"md\">Feuerfester PC<\/td>\n<\/tr>\n<tr data-start=\"1928\" data-end=\"1949\">\n<td data-start=\"1928\" data-end=\"1941\" data-col-size=\"sm\"><strong data-start=\"1930\" data-end=\"1940\">Gewicht<\/strong><\/td>\n<td data-start=\"1941\" data-end=\"1949\" data-col-size=\"md\">108 g<\/td>\n<\/tr>\n<tr data-start=\"1950\" data-end=\"2024\">\n<td data-start=\"1950\" data-end=\"1968\" data-col-size=\"sm\"><strong data-start=\"1952\" data-end=\"1967\">Schutzma\u00dfnahmen<\/strong><\/td>\n<td data-start=\"1968\" data-end=\"2024\" data-col-size=\"md\">Kurzschluss, \u00dcberspannung, \u00dcberstrom, \u00dcberlast<\/td>\n<\/tr>\n<tr data-start=\"2025\" data-end=\"2054\">\n<td data-start=\"2025\" data-end=\"2048\" data-col-size=\"sm\"><strong data-start=\"2027\" data-end=\"2047\">Effizienzniveau<\/strong><\/td>\n<td data-start=\"2048\" data-end=\"2054\" data-col-size=\"md\">VI<\/td>\n<\/tr>\n<tr data-start=\"2055\" data-end=\"2105\">\n<td data-start=\"2055\" data-end=\"2074\" data-col-size=\"sm\"><strong data-start=\"2057\" data-end=\"2073\">Zertifikate<\/strong><\/td>\n<td data-start=\"2074\" data-end=\"2105\" data-col-size=\"md\">CE, FCC, ETL, KC, PSE, RoHS<\/td>\n<\/tr>\n<tr data-start=\"2106\" data-end=\"2142\">\n<td data-start=\"2106\" data-end=\"2127\" data-col-size=\"sm\"><strong data-start=\"2108\" data-end=\"2126\">Betriebstemperatur<\/strong><\/td>\n<td data-start=\"2127\" data-end=\"2142\" data-col-size=\"md\">-20\u2103 bis 55\u2103<\/td>\n<\/tr>\n<tr data-start=\"2143\" data-end=\"2177\">\n<td data-start=\"2143\" data-end=\"2162\" data-col-size=\"sm\"><strong data-start=\"2145\" data-end=\"2161\">Lagertemperatur<\/strong><\/td>\n<td data-start=\"2162\" data-end=\"2177\" data-col-size=\"md\">-40\u2103 bis 70\u2103<\/td>\n<\/tr>\n<tr data-start=\"2178\" data-end=\"2203\">\n<td data-start=\"2178\" data-end=\"2193\" data-col-size=\"sm\"><strong data-start=\"2180\" data-end=\"2192\">Garantie<\/strong><\/td>\n<td data-start=\"2193\" data-end=\"2203\" data-col-size=\"md\">1 Jahr<\/td>\n<\/tr>\n<\/tbody>\n<\/table>\n<\/div>\n<\/div>\n<h2 data-start=\"2210\" data-end=\"2231\"><strong data-start=\"2213\" data-end=\"2231\">Verkaufsargumente<\/strong><\/h2>\n<p data-start=\"2233\" data-end=\"2269\"><strong data-start=\"2237\" data-end=\"2269\">Hochgeschwindigkeits-Stromversorgung<\/strong><\/p>\n<p data-start=\"2270\" data-end=\"2568\">Unterst\u00fctzt 65-W-USB-C-Power-Delivery und PPS-Profile und erm\u00f6glicht so schnelles und intelligentes Laden kompatibler Laptops, Tablets und Smartphones. Dieser universelle PD-Standard erlaubt die dynamische Anpassung von Spannung und Stromst\u00e4rke und optimiert so die Ladeleistung f\u00fcr jedes Ger\u00e4t.<\/p>\n<p data-start=\"2570\" data-end=\"2601\"><strong data-start=\"2574\" data-end=\"2601\">Globale Kompatibilit\u00e4t<\/strong><\/p>\n<p data-start=\"2602\" data-end=\"2777\">Dank eines breiten Eingangsspannungsbereichs (100-240 V) und mehrerer Steckdosenstandards (US, EU, UK, JP, KC) ist dieses Ladeger\u00e4t weltweit einsetzbar \u2013 perfekt f\u00fcr Reisen und internationale Eins\u00e4tze.<\/p>\n<p data-start=\"2779\" data-end=\"2815\"><strong data-start=\"2783\" data-end=\"2815\">Umfassender Schutz<\/strong><\/p>\n<p data-start=\"2816\" data-end=\"2970\">Eingebaute Sicherheitssysteme sch\u00fctzen vor Kurzschl\u00fcssen, \u00dcberstrom, \u00dcberspannung und \u00dcberlastung, um sowohl das Ladeger\u00e4t als auch die angeschlossenen Ger\u00e4te zu sch\u00fctzen.<\/p>\n<p data-start=\"2972\" data-end=\"3000\"><strong data-start=\"2976\" data-end=\"3000\">Zertifizierte Qualit\u00e4t<\/strong><\/p>\n<p data-start=\"3001\" data-end=\"3162\">Erf\u00fcllt die wichtigsten internationalen Sicherheits- und Konformit\u00e4tsstandards, darunter CE, FCC, ETL, KC, PSE und RoHS, und gew\u00e4hrleistet so eine zuverl\u00e4ssige Leistung und einfachere Marktzulassungen.<\/p>\n<p data-start=\"3164\" data-end=\"3203\"><strong data-start=\"3168\" data-end=\"3203\">Anpassbare OEM\/ODM-Unterst\u00fctzung<\/strong><\/p>\n<p data-start=\"3204\" data-end=\"3353\">Erh\u00e4ltlich in Schwarz oder Wei\u00df, mit Optionen f\u00fcr individuelles Branding, Verpackung und Steckerkonfigurationen \u2013 ideal f\u00fcr Private-Label- und Gro\u00dfhandelslieferanten.<\/p>\n<h2 data-start=\"3360\" data-end=\"3379\"><strong data-start=\"3363\" data-end=\"3379\">Anwendungen<\/strong><\/h2>\n<p data-start=\"3381\" data-end=\"3425\">Das TR671CKR 65W PD-Ladeger\u00e4t ist geeignet f\u00fcr:<\/p>\n<ul data-start=\"3427\" data-end=\"3919\">\n<li data-start=\"3427\" data-end=\"3494\">\n<p data-start=\"3429\" data-end=\"3494\"><strong data-start=\"3429\" data-end=\"3452\">Laptops &amp; Notebooks<\/strong> \u2013 Schnellladung f\u00fcr PD-kompatible Modelle.<\/p>\n<\/li>\n<li data-start=\"3495\" data-end=\"3558\">\n<p data-start=\"3497\" data-end=\"3558\"><strong data-start=\"3497\" data-end=\"3516\">Tablets &amp; iPads<\/strong> \u2013 Effizientes und sicheres Schnellladen.<\/p>\n<\/li>\n<li data-start=\"3559\" data-end=\"3636\">\n<p data-start=\"3561\" data-end=\"3636\"><strong data-start=\"3561\" data-end=\"3595\">Smartphones und tragbare Ger\u00e4te<\/strong> \u2013 Universelle Unterst\u00fctzung f\u00fcr USB-C PD-f\u00e4hige Mobiltelefone.<\/p>\n<\/li>\n<li data-start=\"3637\" data-end=\"3738\">\n<p data-start=\"3639\" data-end=\"3738\"><strong data-start=\"3639\" data-end=\"3660\">Gesch\u00e4ftsreisen<\/strong> \u2013 Dank des kompakten Designs und des breiten Spannungsbereichs ist es ideal f\u00fcr Vielreisende.<\/p>\n<\/li>\n<li data-start=\"3739\" data-end=\"3824\">\n<p data-start=\"3741\" data-end=\"3824\"><strong data-start=\"3741\" data-end=\"3765\">OEM-\/Wiederverk\u00e4ufer-Bundles<\/strong> \u2013 Ma\u00dfgeschneiderte Konfigurationen f\u00fcr Marken der Unterhaltungselektronik.<\/p>\n<\/li>\n<li data-start=\"3825\" data-end=\"3919\">\n<p data-start=\"3827\" data-end=\"3919\"><strong data-start=\"3827\" data-end=\"3854\">Arbeitsbereiche &amp; \u00f6ffentliche Nutzung<\/strong> \u2013 Zuverl\u00e4ssige Stromversorgung f\u00fcr gemeinsam genutzte B\u00fcro- und Bildungseinrichtungen.<\/p>\n<\/li>\n<\/ul>\n<h2 data-start=\"3926\" data-end=\"3944\"><strong data-start=\"3929\" data-end=\"3944\">Produkt-FAQ<\/strong><\/h2>\n<p data-start=\"3946\" data-end=\"4226\"><strong data-start=\"3946\" data-end=\"3997\">Frage 1: Welche Ger\u00e4te kann dieses 65-W-PD-Ladeger\u00e4t mit Strom versorgen?<\/strong><br data-start=\"3997\" data-end=\"4000\" \/>A: Dieses Ladeger\u00e4t unterst\u00fctzt die meisten USB-C-Ger\u00e4te mit Power Delivery \u2013 darunter Laptops, Ultrabooks, Tablets und Smartphones \u2013, sofern das Ger\u00e4t eine PD-Eingangsleistung von bis zu 65 W akzeptiert. \u00dcberpr\u00fcfen Sie vor der Verwendung immer die PD-Kompatibilit\u00e4t Ihres Ger\u00e4ts.<\/p>\n<p data-start=\"4228\" data-end=\"4419\"><strong data-start=\"4228\" data-end=\"4269\">Frage 2: Funktioniert dieses Ladeger\u00e4t weltweit?<\/strong><br data-start=\"4269\" data-end=\"4272\" \/>A: Ja \u2013 es unterst\u00fctzt einen Wechselstromeingang von 100\u2013240 V und kann mit verschiedenen regionalen Steckdosen (US\/EU\/GB\/JP\/KC) bestellt werden, wodurch es f\u00fcr den internationalen Einsatz geeignet ist.<\/p>\n<p data-start=\"4421\" data-end=\"4619\"><strong data-start=\"4421\" data-end=\"4479\">Frage 3: Welche Sicherheitsvorkehrungen sind in diesem Ladeger\u00e4t enthalten?<\/strong><br data-start=\"4479\" data-end=\"4482\" \/>A: Der TR671CKR verf\u00fcgt \u00fcber Schutzschaltungen gegen Kurzschluss, \u00dcberstrom, \u00dcberspannung und \u00dcberlastung, um einen sicheren Betrieb zu gew\u00e4hrleisten.<\/p>\n<p data-start=\"4621\" data-end=\"4797\"><strong data-start=\"4621\" data-end=\"4669\">Frage 4: Kann ich dieses Ladeger\u00e4t mit meinem eigenen Logo erhalten?<\/strong><br data-start=\"4669\" data-end=\"4672\" \/>A: Ja \u2013 wir bieten OEM\/ODM-Anpassungsoptionen an, einschlie\u00dflich Branding, Verpackung und Steckertypen, die auf Ihre Marktbed\u00fcrfnisse zugeschnitten sind.<\/p>\n<p data-start=\"4799\" data-end=\"4992\"><strong data-start=\"4799\" data-end=\"4849\">Frage 5: \u00dcber welche Zertifizierungen verf\u00fcgt das Ladeger\u00e4t?<\/strong><br data-start=\"4849\" data-end=\"4852\" \/>A: Es verf\u00fcgt \u00fcber wichtige internationale Sicherheitszertifizierungen wie CE, FCC, ETL, KC, PSE und RoHS, was dazu beitr\u00e4gt, die H\u00fcrden f\u00fcr den weltweiten Vertrieb zu senken.<\/p>\n<h2 data-start=\"4999\" data-end=\"5039\"><strong data-start=\"5002\" data-end=\"5039\">Warum Sie sich f\u00fcr uns entscheiden sollten \u2013 Unternehmensvorteile<\/strong><\/h2>\n<p data-start=\"5041\" data-end=\"5296\">Als in Shenzhen ans\u00e4ssige Fabrik, die sich auf PD-Ladeger\u00e4te und Netzteile spezialisiert hat, <strong data-start=\"5117\" data-end=\"5156\">Shenzhen Jialu Technology Co., Ltd.<\/strong> Wir kombinieren professionelle Forschung und Entwicklung, moderne Fertigung und globale Serviceleistungen, um Ihr Unternehmenswachstum zu unterst\u00fctzen. Zu unseren Vorteilen z\u00e4hlen:<\/p>\n<ul data-start=\"5298\" data-end=\"6060\">\n<li data-start=\"5298\" data-end=\"5521\">\n<p data-start=\"5300\" data-end=\"5521\"><strong data-start=\"5300\" data-end=\"5329\">Zertifizierte globale Qualit\u00e4t:<\/strong> Qualit\u00e4tsmanagement nach ISO 9001, Umweltmanagementsysteme nach ISO 14001 und BSCI-Systemen zur Einhaltung sozialer Standards gew\u00e4hrleisten eine einheitliche Fertigung, die internationalen Standards entspricht.<\/p>\n<\/li>\n<li data-start=\"5522\" data-end=\"5735\">\n<p data-start=\"5524\" data-end=\"5735\"><strong data-start=\"5524\" data-end=\"5561\">Skalierbare Produktion &amp; Erfahrung:<\/strong> Ein engagiertes Team mit modernster Ausr\u00fcstung produziert hochwertige Ladeger\u00e4te f\u00fcr weltweite M\u00e4rkte und kann dabei auf umfangreiche Exporterfahrung zur\u00fcckgreifen.<\/p>\n<\/li>\n<li data-start=\"5736\" data-end=\"5896\">\n<p data-start=\"5738\" data-end=\"5896\"><strong data-start=\"5738\" data-end=\"5760\">OEM\/ODM-Expertise:<\/strong> Von der Konzeption bis zur Auslieferung bieten wir flexible, ma\u00dfgeschneiderte Energiel\u00f6sungen mit reaktionsschnellem Service.<\/p>\n<\/li>\n<li data-start=\"5897\" data-end=\"6060\">\n<p data-start=\"5899\" data-end=\"6060\"><strong data-start=\"5899\" data-end=\"5920\">Zuverl\u00e4ssiger Support:<\/strong> Unser professioneller Kundenservice steht Ihnen rund um die Uhr zur Verf\u00fcgung, um Sie bei technischen Fragen und Bestellungen zu unterst\u00fctzen.<\/p>\n<\/li>\n<\/ul>","protected":false},"excerpt":{"rendered":"<p><strong data-start=\"1558\" data-end=\"1574\">Produktname: <\/strong>65-W-PD-Ladeger\u00e4t<\/p>\n<p><strong data-start=\"1596\" data-end=\"1612\">Modellnummer: <\/strong>TR671CKR<\/p>\n<p><strong data-start=\"1628\" data-end=\"1638\">Herkunft: <\/strong>China (Festland)<\/p>\n<p><strong data-start=\"1662\" data-end=\"1671\">Eingang: <\/strong>100\u2013240 V Wechselstrom, 50\/60 Hz, 1,5 A<\/p>\n<p><strong data-start=\"1705\" data-end=\"1715\">Ausgabe: <\/strong>5 V\/3 A, 9 V\/3 A, 12 V\/3 A, 15 V\/3 A, 20 V\/3,25 A<\/p>\n<p><strong data-start=\"1762\" data-end=\"1776\">PPS-Ausgabe: <\/strong>3,3\u201311 V\/4,05 A, 3,3\u201316 V\/3,0 A<\/p>\n<p><strong data-start=\"1811\" data-end=\"1827\">Steckdosentypen: <\/strong>USA, EU, Gro\u00dfbritannien, Japan, KC<\/p>\n<p><strong data-start=\"1853\" data-end=\"1873\">Verf\u00fcgbare Farben: <\/strong>Schwarz, Wei\u00df<\/p>\n<p><strong data-start=\"1893\" data-end=\"1905\">Material: <\/strong>Feuerfester PC<\/p>\n<p><strong data-start=\"1930\" data-end=\"1940\">Gewicht: <\/strong>108 g<\/p>\n<p><strong data-start=\"1952\" data-end=\"1967\">Schutzma\u00dfnahmen: <\/strong>Kurzschluss, \u00dcberspannung, \u00dcberstrom, \u00dcberlast<\/p>","protected":false},"featured_media":1497,"comment_status":"open","ping_status":"closed","template":"","meta":{"_acf_changed":false,"site-sidebar-layout":"default","site-content-layout":"","ast-site-content-layout":"default","site-content-style":"default","site-sidebar-style":"default","ast-global-header-display":"","ast-banner-title-visibility":"","ast-main-header-display":"","ast-hfb-above-header-display":"","ast-hfb-below-header-display":"","ast-hfb-mobile-header-display":"","site-post-title":"","ast-breadcrumbs-content":"","ast-featured-img":"","footer-sml-layout":"","ast-disable-related-posts":"","theme-transparent-header-meta":"default","adv-header-id-meta":"","stick-header-meta":"","header-above-stick-meta":"","header-main-stick-meta":"","header-below-stick-meta":"","astra-migrate-meta-layouts":"set","ast-page-background-enabled":"default","ast-page-background-meta":{"desktop":{"background-color":"var(--ast-global-color-5)","background-image":"","background-repeat":"repeat","background-position":"center center","background-size":"auto","background-attachment":"scroll","background-type":"","background-media":"","overlay-type":"","overlay-color":"","overlay-opacity":"","overlay-gradient":""},"tablet":{"background-color":"","background-image":"","background-repeat":"repeat","background-position":"center center","background-size":"auto","background-attachment":"scroll","background-type":"","background-media":"","overlay-type":"","overlay-color":"","overlay-opacity":"","overlay-gradient":""},"mobile":{"background-color":"","background-image":"","background-repeat":"repeat","background-position":"center center","background-size":"auto","background-attachment":"scroll","background-type":"","background-media":"","overlay-type":"","overlay-color":"","overlay-opacity":"","overlay-gradient":""}},"ast-content-background-meta":{"desktop":{"background-color":"var(--ast-global-color-4)","background-image":"","background-repeat":"repeat","background-position":"center center","background-size":"auto","background-attachment":"scroll","background-type":"","background-media":"","overlay-type":"","overlay-color":"","overlay-opacity":"","overlay-gradient":""},"tablet":{"background-color":"var(--ast-global-color-4)","background-image":"","background-repeat":"repeat","background-position":"center center","background-size":"auto","background-attachment":"scroll","background-type":"","background-media":"","overlay-type":"","overlay-color":"","overlay-opacity":"","overlay-gradient":""},"mobile":{"background-color":"var(--ast-global-color-4)","background-image":"","background-repeat":"repeat","background-position":"center center","background-size":"auto","background-attachment":"scroll","background-type":"","background-media":"","overlay-type":"","overlay-color":"","overlay-opacity":"","overlay-gradient":""}}},"product_brand":[],"product_cat":[44,30],"product_tag":[138,141,140,214],"class_list":{"0":"post-1496","1":"product","2":"type-product","3":"status-publish","4":"has-post-thumbnail","6":"product_cat-65w","7":"product_cat-gan-charger","8":"product_tag-65w-pd-charger","9":"product_tag-65w-pd-fast-charger","10":"product_tag-65w-power-adapter","11":"product_tag-usb-c-power-delivery","12":"desktop-align-left","13":"tablet-align-left","14":"mobile-align-left","16":"first","17":"instock","18":"shipping-taxable","19":"product-type-simple"},"acf":[],"_links":{"self":[{"href":"https:\/\/szjialu.com\/de\/wp-json\/wp\/v2\/product\/1496","targetHints":{"allow":["GET"]}}],"collection":[{"href":"https:\/\/szjialu.com\/de\/wp-json\/wp\/v2\/product"}],"about":[{"href":"https:\/\/szjialu.com\/de\/wp-json\/wp\/v2\/types\/product"}],"replies":[{"embeddable":true,"href":"https:\/\/szjialu.com\/de\/wp-json\/wp\/v2\/comments?post=1496"}],"wp:featuredmedia":[{"embeddable":true,"href":"https:\/\/szjialu.com\/de\/wp-json\/wp\/v2\/media\/1497"}],"wp:attachment":[{"href":"https:\/\/szjialu.com\/de\/wp-json\/wp\/v2\/media?parent=1496"}],"wp:term":[{"taxonomy":"product_brand","embeddable":true,"href":"https:\/\/szjialu.com\/de\/wp-json\/wp\/v2\/product_brand?post=1496"},{"taxonomy":"product_cat","embeddable":true,"href":"https:\/\/szjialu.com\/de\/wp-json\/wp\/v2\/product_cat?post=1496"},{"taxonomy":"product_tag","embeddable":true,"href":"https:\/\/szjialu.com\/de\/wp-json\/wp\/v2\/product_tag?post=1496"}],"curies":[{"name":"wp","href":"https:\/\/api.w.org\/{rel}","templated":true}]}}