{"id":1493,"date":"2025-12-21T12:48:04","date_gmt":"2025-12-21T12:48:04","guid":{"rendered":"https:\/\/szjialu.com\/?post_type=product&#038;p=1493"},"modified":"2026-02-19T06:48:59","modified_gmt":"2026-02-19T06:48:59","slug":"65w-pd-ladegerat-tr671c1auk","status":"publish","type":"product","link":"https:\/\/szjialu.com\/de\/product\/65w-pd-charger-tr671c1auk\/","title":{"rendered":"65W PD-Ladeger\u00e4t TR671C1AUK"},"content":{"rendered":"<h2 data-start=\"832\" data-end=\"855\"><strong data-start=\"835\" data-end=\"855\">Produkt\u00fcbersicht<\/strong><\/h2>\n<p data-start=\"857\" data-end=\"1173\">Der <strong data-start=\"861\" data-end=\"898\">65W PD-Ladeger\u00e4t (Modell TR671C1AUK)<\/strong> ist ein leistungsstarker Schnellladeadapter, der den Strombedarf moderner digitaler Ger\u00e4te deckt. <strong data-start=\"1013\" data-end=\"1047\">USB-C-Stromversorgung mit bis zu 65 W<\/strong> Mit einem zus\u00e4tzlichen USB-A-Ausgang bietet es effizientes und flexibles Laden f\u00fcr Laptops, Notebooks, Tablets und Mobiltelefone.<\/p>\n<p data-start=\"1175\" data-end=\"1463\">Mit <strong data-start=\"1180\" data-end=\"1209\">100\u2013240 V Weitbereichseingang<\/strong>, Dank verschiedener Steckdosenstandards und umfassender Sicherheitsvorkehrungen ist dieses Ladeger\u00e4t ideal f\u00fcr den globalen Markt und den Langzeiteinsatz. Seine kompakte Gr\u00f6\u00dfe, das geringe Gewicht und die stabile Ausgangsleistung machen es geeignet f\u00fcr Zuhause, B\u00fcro, Reisen und gewerbliche Anwendungen.<\/p>\n<h2 data-start=\"1470\" data-end=\"1499\"><strong data-start=\"1473\" data-end=\"1499\">Produktspezifikationen<\/strong><\/h2>\n<div class=\"TyagGW_tableContainer\">\n<div class=\"group TyagGW_tableWrapper flex w-fit flex-col-reverse\" tabindex=\"-1\">\n<table class=\"w-fit min-w-(--thread-content-width)\" data-start=\"1501\" data-end=\"2405\">\n<thead data-start=\"1501\" data-end=\"1525\">\n<tr data-start=\"1501\" data-end=\"1525\">\n<th data-start=\"1501\" data-end=\"1508\" data-col-size=\"sm\">Artikel<\/th>\n<th data-start=\"1508\" data-end=\"1525\" data-col-size=\"md\">Spezifikation<\/th>\n<\/tr>\n<\/thead>\n<tbody data-start=\"1550\" data-end=\"2405\">\n<tr data-start=\"1550\" data-end=\"1587\">\n<td data-start=\"1550\" data-end=\"1569\" data-col-size=\"sm\"><strong data-start=\"1552\" data-end=\"1568\">Produktname<\/strong><\/td>\n<td data-col-size=\"md\" data-start=\"1569\" data-end=\"1587\">65-W-PD-Ladeger\u00e4t<\/td>\n<\/tr>\n<tr data-start=\"1588\" data-end=\"1621\">\n<td data-start=\"1588\" data-end=\"1607\" data-col-size=\"sm\"><strong data-start=\"1590\" data-end=\"1606\">Modellnummer<\/strong><\/td>\n<td data-col-size=\"md\" data-start=\"1607\" data-end=\"1621\">TR671C1AUK<\/td>\n<\/tr>\n<tr data-start=\"1622\" data-end=\"1664\">\n<td data-start=\"1622\" data-end=\"1644\" data-col-size=\"sm\"><strong data-start=\"1624\" data-end=\"1643\">Herkunftsort<\/strong><\/td>\n<td data-col-size=\"md\" data-start=\"1644\" data-end=\"1664\">China (Festland)<\/td>\n<\/tr>\n<tr data-start=\"1665\" data-end=\"1726\">\n<td data-start=\"1665\" data-end=\"1684\" data-col-size=\"sm\"><strong data-start=\"1667\" data-end=\"1683\">Anwendungen<\/strong><\/td>\n<td data-col-size=\"md\" data-start=\"1684\" data-end=\"1726\">Laptop, Notebook, Tablet, Mobiltelefon<\/td>\n<\/tr>\n<tr data-start=\"1727\" data-end=\"1769\">\n<td data-start=\"1727\" data-end=\"1739\" data-col-size=\"sm\"><strong data-start=\"1729\" data-end=\"1738\">Eingang<\/strong><\/td>\n<td data-col-size=\"md\" data-start=\"1739\" data-end=\"1769\">100\u2013240 V Wechselstrom, 50\/60 Hz, 1,5 A<\/td>\n<\/tr>\n<tr data-start=\"1770\" data-end=\"1842\">\n<td data-start=\"1770\" data-end=\"1789\" data-col-size=\"sm\"><strong data-start=\"1772\" data-end=\"1788\">USB-C-Ausgang<\/strong><\/td>\n<td data-col-size=\"md\" data-start=\"1789\" data-end=\"1842\">5V\/3A, 9V\/3A, 12V\/3A, 15V\/3A, 20V\/3,25A (Max. 65W)<\/td>\n<\/tr>\n<tr data-start=\"1843\" data-end=\"1898\">\n<td data-start=\"1843\" data-end=\"1862\" data-col-size=\"sm\"><strong data-start=\"1845\" data-end=\"1861\">USB-A-Ausgang<\/strong><\/td>\n<td data-col-size=\"md\" data-start=\"1862\" data-end=\"1898\">5V\/3A, 9V\/2A, 12V\/1,5A (Max. 18W)<\/td>\n<\/tr>\n<tr data-start=\"1899\" data-end=\"1961\">\n<td data-start=\"1899\" data-end=\"1925\" data-col-size=\"sm\"><strong data-start=\"1901\" data-end=\"1924\">Doppelausgang (A + C)<\/strong><\/td>\n<td data-start=\"1925\" data-end=\"1961\" data-col-size=\"md\">USB-A: 5 V\/2,4 A; USB-C: bis zu 45 W<\/td>\n<\/tr>\n<tr data-start=\"1962\" data-end=\"2011\">\n<td data-start=\"1962\" data-end=\"1985\" data-col-size=\"sm\"><strong data-start=\"1964\" data-end=\"1984\">Steckdosenstandards<\/strong><\/td>\n<td data-start=\"1985\" data-end=\"2011\" data-col-size=\"md\">USA \/ EU \/ Gro\u00dfbritannien \/ Japan \/ KC<\/td>\n<\/tr>\n<tr data-start=\"2012\" data-end=\"2041\">\n<td data-start=\"2012\" data-end=\"2025\" data-col-size=\"sm\"><strong data-start=\"2014\" data-end=\"2024\">Farben<\/strong><\/td>\n<td data-start=\"2025\" data-end=\"2041\" data-col-size=\"md\">Schwarz, Wei\u00df<\/td>\n<\/tr>\n<tr data-start=\"2042\" data-end=\"2078\">\n<td data-start=\"2042\" data-end=\"2057\" data-col-size=\"sm\"><strong data-start=\"2044\" data-end=\"2056\">Material<\/strong><\/td>\n<td data-start=\"2057\" data-end=\"2078\" data-col-size=\"md\">Feuerfester PC<\/td>\n<\/tr>\n<tr data-start=\"2079\" data-end=\"2100\">\n<td data-start=\"2079\" data-end=\"2092\" data-col-size=\"sm\"><strong data-start=\"2081\" data-end=\"2091\">Gewicht<\/strong><\/td>\n<td data-start=\"2092\" data-end=\"2100\" data-col-size=\"md\">108 g<\/td>\n<\/tr>\n<tr data-start=\"2101\" data-end=\"2133\">\n<td data-start=\"2101\" data-end=\"2115\" data-col-size=\"sm\"><strong data-start=\"2103\" data-end=\"2114\">Verpackung<\/strong><\/td>\n<td data-start=\"2115\" data-end=\"2133\" data-col-size=\"md\">PE-Beutelverpackung<\/td>\n<\/tr>\n<tr data-start=\"2134\" data-end=\"2169\">\n<td data-start=\"2134\" data-end=\"2157\" data-col-size=\"sm\"><strong data-start=\"2136\" data-end=\"2156\">Effizienzniveau<\/strong><\/td>\n<td data-start=\"2157\" data-end=\"2169\" data-col-size=\"md\">Stufe VI<\/td>\n<\/tr>\n<tr data-start=\"2170\" data-end=\"2242\">\n<td data-start=\"2170\" data-end=\"2187\" data-col-size=\"sm\"><strong data-start=\"2172\" data-end=\"2186\">Schutz<\/strong><\/td>\n<td data-start=\"2187\" data-end=\"2242\" data-col-size=\"md\">Kurzschluss, \u00dcberspannung, \u00dcberstrom, \u00dcberlastung<\/td>\n<\/tr>\n<tr data-start=\"2243\" data-end=\"2293\">\n<td data-start=\"2243\" data-end=\"2262\" data-col-size=\"sm\"><strong data-start=\"2245\" data-end=\"2261\">Zertifikate<\/strong><\/td>\n<td data-start=\"2262\" data-end=\"2293\" data-col-size=\"md\">CE, FCC, ETL, KC, PSE, RoHS<\/td>\n<\/tr>\n<tr data-start=\"2294\" data-end=\"2319\">\n<td data-start=\"2294\" data-end=\"2309\" data-col-size=\"sm\"><strong data-start=\"2296\" data-end=\"2308\">Garantie<\/strong><\/td>\n<td data-start=\"2309\" data-end=\"2319\" data-col-size=\"md\">1 Jahr<\/td>\n<\/tr>\n<tr data-start=\"2320\" data-end=\"2363\">\n<td data-start=\"2320\" data-end=\"2348\" data-col-size=\"sm\"><strong data-start=\"2322\" data-end=\"2347\">Betriebstemperatur<\/strong><\/td>\n<td data-start=\"2348\" data-end=\"2363\" data-col-size=\"md\">\u201320\u2103 bis 55\u2103<\/td>\n<\/tr>\n<tr data-start=\"2364\" data-end=\"2405\">\n<td data-start=\"2364\" data-end=\"2390\" data-col-size=\"sm\"><strong data-start=\"2366\" data-end=\"2389\">Lagertemperatur<\/strong><\/td>\n<td data-start=\"2390\" data-end=\"2405\" data-col-size=\"md\">\u201340\u2103 bis 70\u2103<\/td>\n<\/tr>\n<\/tbody>\n<\/table>\n<\/div>\n<\/div>\n<h2 data-start=\"2412\" data-end=\"2437\"><strong data-start=\"2415\" data-end=\"2437\">Wichtigste Verkaufsargumente<\/strong><\/h2>\n<h3 data-start=\"2439\" data-end=\"2473\"><strong data-start=\"2445\" data-end=\"2473\">65-W-USB-C-Stromversorgung<\/strong><\/h3>\n<p data-start=\"2474\" data-end=\"2573\">Bietet bis zu <strong data-start=\"2489\" data-end=\"2510\">65-W-Schnellladung<\/strong>, Geeignet f\u00fcr die meisten PD-f\u00e4higen Laptops, Notebooks und Tablets.<strong data-start=\"2582\" data-end=\"2611\">Dualer USB-C- und USB-A-Ausgang<\/strong><\/p>\n<p data-start=\"2612\" data-end=\"2717\">Unterst\u00fctzt das gleichzeitige Laden von zwei Ger\u00e4ten durch intelligente Stromverteilung f\u00fcr eine bessere Effizienz.<\/p>\n<h3 data-start=\"2719\" data-end=\"2750\"><strong data-start=\"2726\" data-end=\"2750\">Globale Kompatibilit\u00e4t<\/strong><\/h3>\n<p data-start=\"2751\" data-end=\"2871\">Durch den breiten Eingangsspannungsbereich und die Verwendung mehrerer Steckerstandards (einschlie\u00dflich UK) eignet es sich f\u00fcr internationale M\u00e4rkte und den Einsatz auf Reisen.<\/p>\n<h3 data-start=\"2873\" data-end=\"2910\"><strong data-start=\"2880\" data-end=\"2910\">Erweiterter Sicherheitsschutz<\/strong><\/h3>\n<p data-start=\"2911\" data-end=\"3022\">Eingebaute Schutzmechanismen gegen Kurzschluss, \u00dcberspannung, \u00dcberstrom und \u00dcberlastung gew\u00e4hrleisten einen sicheren und zuverl\u00e4ssigen Betrieb.<\/p>\n<h3 data-start=\"3024\" data-end=\"3063\"><strong data-start=\"3031\" data-end=\"3063\">Kompaktes und leichtes Design<\/strong><\/h3>\n<p data-start=\"3064\" data-end=\"3168\">nur <strong data-start=\"3078\" data-end=\"3086\">108 g<\/strong>, Leicht zu transportieren und ideal f\u00fcr den t\u00e4glichen Gebrauch, B\u00fcroumgebungen und Gesch\u00e4ftsreisen.<\/p>\n<h3 data-start=\"3170\" data-end=\"3209\"><strong data-start=\"3177\" data-end=\"3209\">F\u00fcr globale M\u00e4rkte zertifiziert<\/strong><\/h3>\n<p data-start=\"3210\" data-end=\"3326\">Erf\u00fcllt die wichtigsten internationalen Sicherheits- und Umweltstandards und reduziert so die Compliance-Risiken f\u00fcr Vertriebspartner und Marken.<\/p>\n<h2 data-start=\"3333\" data-end=\"3352\"><strong data-start=\"3336\" data-end=\"3352\">Anwendungen<\/strong><\/h2>\n<p data-start=\"3354\" data-end=\"3403\">Das 65-W-PD-Ladeger\u00e4t TR671C1AUK findet breite Anwendung f\u00fcr:<\/p>\n<ul data-start=\"3405\" data-end=\"3628\">\n<li data-start=\"3405\" data-end=\"3437\">\n<p data-start=\"3407\" data-end=\"3437\"><strong data-start=\"3407\" data-end=\"3437\">Laptop- und Notebook-Ladefunktion<\/strong><\/p>\n<\/li>\n<li data-start=\"3438\" data-end=\"3479\">\n<p data-start=\"3440\" data-end=\"3479\"><strong data-start=\"3440\" data-end=\"3479\">Schnellladen f\u00fcr Tablets und Smartphones<\/strong><\/p>\n<\/li>\n<li data-start=\"3480\" data-end=\"3514\">\n<p data-start=\"3482\" data-end=\"3514\"><strong data-start=\"3482\" data-end=\"3514\">Stromversorgung f\u00fcr Zuhause und B\u00fcro<\/strong><\/p>\n<\/li>\n<li data-start=\"3515\" data-end=\"3548\">\n<p data-start=\"3517\" data-end=\"3548\"><strong data-start=\"3517\" data-end=\"3548\">Reise-Ladezubeh\u00f6r<\/strong><\/p>\n<\/li>\n<li data-start=\"3549\" data-end=\"3579\">\n<p data-start=\"3551\" data-end=\"3579\"><strong data-start=\"3551\" data-end=\"3579\">OEM\/ODM-Markenprodukte<\/strong><\/p>\n<\/li>\n<li data-start=\"3580\" data-end=\"3628\">\n<p data-start=\"3582\" data-end=\"3628\"><strong data-start=\"3582\" data-end=\"3628\">Einzelhandels-, Gro\u00dfhandels- und E-Commerce-Kan\u00e4le<\/strong><\/p>\n<\/li>\n<\/ul>\n<h2 data-start=\"3635\" data-end=\"3669\"><strong data-start=\"3638\" data-end=\"3669\">Unser Fertigungsvorteil<\/strong><\/h2>\n<p data-start=\"3671\" data-end=\"4026\">Als professioneller Hersteller von Netzteilen, <strong data-start=\"3717\" data-end=\"3756\">Shenzhen Jialu Technology Co., Ltd.<\/strong> ist spezialisiert auf die Entwicklung und Produktion von PD-Ladeger\u00e4ten und Schaltnetzteilen. Das Unternehmen arbeitet mit einem <strong data-start=\"3876\" data-end=\"3965\">ausgereiftes Forschungs- und Entwicklungsteam, standardisierte Produktionsprozesse und ein strenges Qualit\u00e4tskontrollsystem<\/strong>, wodurch eine gleichbleibende Produktqualit\u00e4t und stabile Leistung gew\u00e4hrleistet werden.<\/p>\n<p data-start=\"4028\" data-end=\"4051\">Zu den wichtigsten Vorteilen geh\u00f6ren:<\/p>\n<ul data-start=\"4052\" data-end=\"4359\">\n<li data-start=\"4052\" data-end=\"4097\">\n<p data-start=\"4054\" data-end=\"4097\">Stark <strong data-start=\"4061\" data-end=\"4097\">OEM\/ODM-Anpassungsm\u00f6glichkeiten<\/strong><\/p>\n<\/li>\n<li data-start=\"4098\" data-end=\"4152\">\n<p data-start=\"4100\" data-end=\"4152\">Interne technische Unterst\u00fctzung f\u00fcr die Produktentwicklung<\/p>\n<\/li>\n<li data-start=\"4153\" data-end=\"4225\">\n<p data-start=\"4155\" data-end=\"4225\">Strenge Qualit\u00e4tskontrolle vom Wareneingang bis zum fertigen Produkt<\/p>\n<\/li>\n<li data-start=\"4226\" data-end=\"4292\">\n<p data-start=\"4228\" data-end=\"4292\">Einhaltung internationaler Sicherheits- und Umweltstandards<\/p>\n<\/li>\n<li data-start=\"4293\" data-end=\"4359\">\n<p data-start=\"4295\" data-end=\"4359\">Stabile Produktionskapazit\u00e4t zur Unterst\u00fctzung globaler Gro\u00dfauftr\u00e4ge<\/p>\n<\/li>\n<\/ul>\n<p data-start=\"4361\" data-end=\"4488\">Diese St\u00e4rken erm\u00f6glichen es uns, Folgendes anzubieten <strong data-start=\"4398\" data-end=\"4463\">zuverl\u00e4ssige, zertifizierte und kosteng\u00fcnstige PD-Ladel\u00f6sungen<\/strong> f\u00fcr Kunden weltweit.<\/p>\n<h2 data-start=\"4495\" data-end=\"4513\"><strong data-start=\"4498\" data-end=\"4513\">Produkt-FAQ<\/strong><\/h2>\n<p data-start=\"4515\" data-end=\"4671\"><strong data-start=\"4515\" data-end=\"4560\">Frage 1: Kann dieses Ladeger\u00e4t auch f\u00fcr Laptops verwendet werden?<\/strong><br data-start=\"4560\" data-end=\"4563\" \/>A: Ja. Der USB-C-Anschluss unterst\u00fctzt bis zu <strong data-start=\"4601\" data-end=\"4618\">65 W PD-Ausgangsleistung<\/strong>, Geeignet f\u00fcr die meisten PD-f\u00e4higen Laptops und Notebooks.<\/p>\n<p data-start=\"4673\" data-end=\"4821\"><strong data-start=\"4673\" data-end=\"4721\">Frage 2: Kann ich zwei Ger\u00e4te gleichzeitig aufladen?<\/strong><br data-start=\"4721\" data-end=\"4724\" \/>A: Ja. Die USB-C- und USB-A-Anschl\u00fcsse k\u00f6nnen dank intelligenter Stromverteilung gleichzeitig genutzt werden.<\/p>\n<p data-start=\"4823\" data-end=\"4990\"><strong data-start=\"4823\" data-end=\"4870\">Frage 3: Ist dieses Ladeger\u00e4t f\u00fcr den Langzeitgebrauch geeignet?<\/strong><br data-start=\"4870\" data-end=\"4873\" \/>A: Ja. Es verf\u00fcgt \u00fcber mehrere Sicherheitsvorkehrungen und verwendet feuerbest\u00e4ndiges PC-Material f\u00fcr einen zuverl\u00e4ssigen Langzeitbetrieb.<\/p>\n<p data-start=\"4992\" data-end=\"5160\"><strong data-start=\"4992\" data-end=\"5043\">Frage 4: Bieten Sie OEM- oder Private-Label-Dienstleistungen an?<\/strong><br data-start=\"5043\" data-end=\"5046\" \/>A: Ja. Wir bieten OEM\/ODM-Dienstleistungen an, darunter Logodruck, Verpackungsanpassung und Auswahl von Steckerstandards.<\/p>\n<p data-start=\"5162\" data-end=\"5361\"><strong data-start=\"5162\" data-end=\"5213\">Frage 5: F\u00fcr welche M\u00e4rkte ist dieses Produkt geeignet?<\/strong><br data-start=\"5213\" data-end=\"5216\" \/>A: Dank verschiedener Steckeroptionen und internationaler Zertifizierungen eignet es sich f\u00fcr Gro\u00dfbritannien, Europa, Nordamerika, Asien und andere globale M\u00e4rkte.<\/p>","protected":false},"excerpt":{"rendered":"<p><strong data-start=\"1552\" data-end=\"1568\">Produktname: <\/strong>65-W-PD-Ladeger\u00e4t<\/p>\n<p><strong data-start=\"1590\" data-end=\"1606\">Modellnummer: <\/strong>TR671C1AUK<\/p>\n<p><strong data-start=\"1624\" data-end=\"1643\">Herkunftsort: <\/strong>China (Festland)<\/p>\n<p><strong data-start=\"1667\" data-end=\"1683\">Anwendungsbereiche: <\/strong>Laptop, Notebook, Tablet, Mobiltelefon<\/p>\n<p><strong data-start=\"1729\" data-end=\"1738\">Eingang: <\/strong>100\u2013240 V Wechselstrom, 50\/60 Hz, 1,5 A<\/p>\n<p><strong data-start=\"1772\" data-end=\"1788\">USB-C-Ausgang: <\/strong>5V\/3A, 9V\/3A, 12V\/3A, 15V\/3A, 20V\/3,25A (Max. 65W)<\/p>\n<p><strong data-start=\"1845\" data-end=\"1861\">USB-A-Ausgang: <\/strong>5V\/3A, 9V\/2A, 12V\/1,5A (Max. 18W)<\/p>\n<p><strong data-start=\"1901\" data-end=\"1924\">Doppelausgang (A + C): <\/strong>USB-A: 5 V\/2,4 A; USB-C: bis zu 45 W<\/p>\n<p><strong data-start=\"1964\" data-end=\"1984\">Steckdosenstandards: <\/strong>USA \/ EU \/ Gro\u00dfbritannien \/ Japan \/ KC<strong data-start=\"2014\" data-end=\"2024\">Farben<\/strong>Schwarz, Wei\u00df<\/p>\n<p><strong data-start=\"2044\" data-end=\"2056\">Material: <\/strong>Feuerfester PC<\/p>\n<p><strong data-start=\"2081\" data-end=\"2091\">Gewicht: <\/strong>108 g<\/p>\n<p><strong data-start=\"2103\" data-end=\"2114\">Verpackung: <\/strong>PE-Beutelverpackung<\/p>\n<p><strong data-start=\"2136\" data-end=\"2156\">Effizienzniveau: <\/strong>Stufe VI<\/p>\n<p><strong data-start=\"2172\" data-end=\"2186\">Schutz: <\/strong>Kurzschluss, \u00dcberspannung, \u00dcberstrom, \u00dcberlastung<\/p>","protected":false},"featured_media":1494,"comment_status":"open","ping_status":"closed","template":"","meta":{"_acf_changed":false,"site-sidebar-layout":"default","site-content-layout":"","ast-site-content-layout":"default","site-content-style":"default","site-sidebar-style":"default","ast-global-header-display":"","ast-banner-title-visibility":"","ast-main-header-display":"","ast-hfb-above-header-display":"","ast-hfb-below-header-display":"","ast-hfb-mobile-header-display":"","site-post-title":"","ast-breadcrumbs-content":"","ast-featured-img":"","footer-sml-layout":"","ast-disable-related-posts":"","theme-transparent-header-meta":"default","adv-header-id-meta":"","stick-header-meta":"","header-above-stick-meta":"","header-main-stick-meta":"","header-below-stick-meta":"","astra-migrate-meta-layouts":"set","ast-page-background-enabled":"default","ast-page-background-meta":{"desktop":{"background-color":"var(--ast-global-color-5)","background-image":"","background-repeat":"repeat","background-position":"center center","background-size":"auto","background-attachment":"scroll","background-type":"","background-media":"","overlay-type":"","overlay-color":"","overlay-opacity":"","overlay-gradient":""},"tablet":{"background-color":"","background-image":"","background-repeat":"repeat","background-position":"center center","background-size":"auto","background-attachment":"scroll","background-type":"","background-media":"","overlay-type":"","overlay-color":"","overlay-opacity":"","overlay-gradient":""},"mobile":{"background-color":"","background-image":"","background-repeat":"repeat","background-position":"center center","background-size":"auto","background-attachment":"scroll","background-type":"","background-media":"","overlay-type":"","overlay-color":"","overlay-opacity":"","overlay-gradient":""}},"ast-content-background-meta":{"desktop":{"background-color":"var(--ast-global-color-4)","background-image":"","background-repeat":"repeat","background-position":"center center","background-size":"auto","background-attachment":"scroll","background-type":"","background-media":"","overlay-type":"","overlay-color":"","overlay-opacity":"","overlay-gradient":""},"tablet":{"background-color":"var(--ast-global-color-4)","background-image":"","background-repeat":"repeat","background-position":"center center","background-size":"auto","background-attachment":"scroll","background-type":"","background-media":"","overlay-type":"","overlay-color":"","overlay-opacity":"","overlay-gradient":""},"mobile":{"background-color":"var(--ast-global-color-4)","background-image":"","background-repeat":"repeat","background-position":"center center","background-size":"auto","background-attachment":"scroll","background-type":"","background-media":"","overlay-type":"","overlay-color":"","overlay-opacity":"","overlay-gradient":""}}},"product_brand":[],"product_cat":[44,30],"product_tag":[138,149,181],"class_list":{"0":"post-1493","1":"product","2":"type-product","3":"status-publish","4":"has-post-thumbnail","6":"product_cat-65w","7":"product_cat-gan-charger","8":"product_tag-65w-pd-charger","9":"product_tag-fast-charging-adapter","10":"product_tag-usb-c-pd-charger","11":"desktop-align-left","12":"tablet-align-left","13":"mobile-align-left","15":"first","16":"instock","17":"shipping-taxable","18":"product-type-simple"},"acf":[],"_links":{"self":[{"href":"https:\/\/szjialu.com\/de\/wp-json\/wp\/v2\/product\/1493","targetHints":{"allow":["GET"]}}],"collection":[{"href":"https:\/\/szjialu.com\/de\/wp-json\/wp\/v2\/product"}],"about":[{"href":"https:\/\/szjialu.com\/de\/wp-json\/wp\/v2\/types\/product"}],"replies":[{"embeddable":true,"href":"https:\/\/szjialu.com\/de\/wp-json\/wp\/v2\/comments?post=1493"}],"wp:featuredmedia":[{"embeddable":true,"href":"https:\/\/szjialu.com\/de\/wp-json\/wp\/v2\/media\/1494"}],"wp:attachment":[{"href":"https:\/\/szjialu.com\/de\/wp-json\/wp\/v2\/media?parent=1493"}],"wp:term":[{"taxonomy":"product_brand","embeddable":true,"href":"https:\/\/szjialu.com\/de\/wp-json\/wp\/v2\/product_brand?post=1493"},{"taxonomy":"product_cat","embeddable":true,"href":"https:\/\/szjialu.com\/de\/wp-json\/wp\/v2\/product_cat?post=1493"},{"taxonomy":"product_tag","embeddable":true,"href":"https:\/\/szjialu.com\/de\/wp-json\/wp\/v2\/product_tag?post=1493"}],"curies":[{"name":"wp","href":"https:\/\/api.w.org\/{rel}","templated":true}]}}