{"id":1487,"date":"2025-12-21T12:15:28","date_gmt":"2025-12-21T12:15:28","guid":{"rendered":"https:\/\/szjialu.com\/?post_type=product&#038;p=1487"},"modified":"2026-02-19T06:47:02","modified_gmt":"2026-02-19T06:47:02","slug":"65w-pd-ladegerat-tr671c1aeu","status":"publish","type":"product","link":"https:\/\/szjialu.com\/de\/product\/65w-pd-charger-tr671c1aeu\/","title":{"rendered":"65W PD-Ladeger\u00e4t TR671C1AEU"},"content":{"rendered":"<h2 data-start=\"844\" data-end=\"867\"><strong data-start=\"847\" data-end=\"867\">Produkt\u00fcbersicht<\/strong><\/h2>\n<p data-start=\"869\" data-end=\"1199\">Der <strong data-start=\"873\" data-end=\"910\">65W PD-Ladeger\u00e4t (Modell TR671C1AEU)<\/strong> ist ein hocheffizienter Schnellladeadapter, der entwickelt wurde, um den steigenden Strombedarf moderner elektronischer Ger\u00e4te zu decken. Mit <strong data-start=\"1032\" data-end=\"1066\">USB-C-Stromversorgung mit bis zu 65 W<\/strong> Mit einem zus\u00e4tzlichen USB-A-Anschluss bietet dieses Ladeger\u00e4t flexibles und zuverl\u00e4ssiges Laden f\u00fcr Laptops, Notebooks, Tablets und Smartphones.<\/p>\n<p data-start=\"1201\" data-end=\"1516\">Das Ladeger\u00e4t ist f\u00fcr den weltweiten Einsatz konzipiert und unterst\u00fctzt <strong data-start=\"1247\" data-end=\"1276\">100\u2013240 V Weitbereichseingang<\/strong> Dank der Kompatibilit\u00e4t mit verschiedenen Steckdosenstandards eignet es sich f\u00fcr internationale M\u00e4rkte und Reisen. Seine kompakte Gr\u00f6\u00dfe, das geringe Gewicht und die umfassenden Sicherheitsvorkehrungen machen es zur idealen Wahl f\u00fcr private und gewerbliche Anwendungen.<\/p>\n<h2 data-start=\"1523\" data-end=\"1552\"><strong data-start=\"1526\" data-end=\"1552\">Produktspezifikationen<\/strong><\/h2>\n<div class=\"TyagGW_tableContainer\">\n<div class=\"group TyagGW_tableWrapper flex w-fit flex-col-reverse\" tabindex=\"-1\">\n<table class=\"w-fit min-w-(--thread-content-width)\" data-start=\"1554\" data-end=\"2400\">\n<thead data-start=\"1554\" data-end=\"1578\">\n<tr data-start=\"1554\" data-end=\"1578\">\n<th data-start=\"1554\" data-end=\"1561\" data-col-size=\"sm\">Artikel<\/th>\n<th data-start=\"1561\" data-end=\"1578\" data-col-size=\"md\">Spezifikation<\/th>\n<\/tr>\n<\/thead>\n<tbody data-start=\"1604\" data-end=\"2400\">\n<tr data-start=\"1604\" data-end=\"1641\">\n<td data-start=\"1604\" data-end=\"1623\" data-col-size=\"sm\"><strong data-start=\"1606\" data-end=\"1622\">Produktname<\/strong><\/td>\n<td data-col-size=\"md\" data-start=\"1623\" data-end=\"1641\">65-W-PD-Ladeger\u00e4t<\/td>\n<\/tr>\n<tr data-start=\"1642\" data-end=\"1675\">\n<td data-start=\"1642\" data-end=\"1661\" data-col-size=\"sm\"><strong data-start=\"1644\" data-end=\"1660\">Modellnummer<\/strong><\/td>\n<td data-col-size=\"md\" data-start=\"1661\" data-end=\"1675\">TR671C1AEU<\/td>\n<\/tr>\n<tr data-start=\"1676\" data-end=\"1718\">\n<td data-start=\"1676\" data-end=\"1698\" data-col-size=\"sm\"><strong data-start=\"1678\" data-end=\"1697\">Herkunftsort<\/strong><\/td>\n<td data-col-size=\"md\" data-start=\"1698\" data-end=\"1718\">China (Festland)<\/td>\n<\/tr>\n<tr data-start=\"1719\" data-end=\"1761\">\n<td data-start=\"1719\" data-end=\"1731\" data-col-size=\"sm\"><strong data-start=\"1721\" data-end=\"1730\">Eingang<\/strong><\/td>\n<td data-col-size=\"md\" data-start=\"1731\" data-end=\"1761\">100\u2013240 V Wechselstrom, 50\/60 Hz, 1,5 A<\/td>\n<\/tr>\n<tr data-start=\"1762\" data-end=\"1834\">\n<td data-start=\"1762\" data-end=\"1781\" data-col-size=\"sm\"><strong data-start=\"1764\" data-end=\"1780\">USB-C-Ausgang<\/strong><\/td>\n<td data-col-size=\"md\" data-start=\"1781\" data-end=\"1834\">5V\/3A, 9V\/3A, 12V\/3A, 15V\/3A, 20V\/3,25A (Max. 65W)<\/td>\n<\/tr>\n<tr data-start=\"1835\" data-end=\"1890\">\n<td data-start=\"1835\" data-end=\"1854\" data-col-size=\"sm\"><strong data-start=\"1837\" data-end=\"1853\">USB-A-Ausgang<\/strong><\/td>\n<td data-col-size=\"md\" data-start=\"1854\" data-end=\"1890\">5V\/3A, 9V\/2A, 12V\/1,5A (Max. 18W)<\/td>\n<\/tr>\n<tr data-start=\"1891\" data-end=\"1956\">\n<td data-start=\"1891\" data-end=\"1920\" data-col-size=\"sm\"><strong data-start=\"1893\" data-end=\"1919\">Doppelter Portausgang (A+C)<\/strong><\/td>\n<td data-col-size=\"md\" data-start=\"1920\" data-end=\"1956\">USB-A: 5 V\/2,4 A; USB-C: bis zu 45 W<\/td>\n<\/tr>\n<tr data-start=\"1957\" data-end=\"2005\">\n<td data-start=\"1957\" data-end=\"1979\" data-col-size=\"sm\"><strong data-start=\"1959\" data-end=\"1978\">Steckdosenstandard<\/strong><\/td>\n<td data-col-size=\"md\" data-start=\"1979\" data-end=\"2005\">USA \/ EU \/ Gro\u00dfbritannien \/ Japan \/ KC<\/td>\n<\/tr>\n<tr data-start=\"2006\" data-end=\"2042\">\n<td data-start=\"2006\" data-end=\"2026\" data-col-size=\"sm\"><strong data-start=\"2008\" data-end=\"2025\">Farboptionen<\/strong><\/td>\n<td data-col-size=\"md\" data-start=\"2026\" data-end=\"2042\">Schwarz, Wei\u00df<\/td>\n<\/tr>\n<tr data-start=\"2043\" data-end=\"2079\">\n<td data-start=\"2043\" data-end=\"2058\" data-col-size=\"sm\"><strong data-start=\"2045\" data-end=\"2057\">Material<\/strong><\/td>\n<td data-col-size=\"md\" data-start=\"2058\" data-end=\"2079\">Feuerfester PC<\/td>\n<\/tr>\n<tr data-start=\"2080\" data-end=\"2101\">\n<td data-start=\"2080\" data-end=\"2093\" data-col-size=\"sm\"><strong data-start=\"2082\" data-end=\"2092\">Gewicht<\/strong><\/td>\n<td data-col-size=\"md\" data-start=\"2093\" data-end=\"2101\">108 g<\/td>\n<\/tr>\n<tr data-start=\"2102\" data-end=\"2134\">\n<td data-start=\"2102\" data-end=\"2116\" data-col-size=\"sm\"><strong data-start=\"2104\" data-end=\"2115\">Verpackung<\/strong><\/td>\n<td data-start=\"2116\" data-end=\"2134\" data-col-size=\"md\">PE-Beutelverpackung<\/td>\n<\/tr>\n<tr data-start=\"2135\" data-end=\"2164\">\n<td data-start=\"2135\" data-end=\"2152\" data-col-size=\"sm\"><strong data-start=\"2137\" data-end=\"2151\">Effizienz<\/strong><\/td>\n<td data-col-size=\"md\" data-start=\"2152\" data-end=\"2164\">Stufe VI<\/td>\n<\/tr>\n<tr data-start=\"2165\" data-end=\"2237\">\n<td data-start=\"2165\" data-end=\"2182\" data-col-size=\"sm\"><strong data-start=\"2167\" data-end=\"2181\">Schutz<\/strong><\/td>\n<td data-col-size=\"md\" data-start=\"2182\" data-end=\"2237\">Kurzschluss, \u00dcberspannung, \u00dcberstrom, \u00dcberlastung<\/td>\n<\/tr>\n<tr data-start=\"2238\" data-end=\"2288\">\n<td data-start=\"2238\" data-end=\"2257\" data-col-size=\"sm\"><strong data-start=\"2240\" data-end=\"2256\">Zertifikate<\/strong><\/td>\n<td data-col-size=\"md\" data-start=\"2257\" data-end=\"2288\">CE, FCC, ETL, KC, PSE, RoHS<\/td>\n<\/tr>\n<tr data-start=\"2289\" data-end=\"2314\">\n<td data-start=\"2289\" data-end=\"2304\" data-col-size=\"sm\"><strong data-start=\"2291\" data-end=\"2303\">Garantie<\/strong><\/td>\n<td data-col-size=\"md\" data-start=\"2304\" data-end=\"2314\">1 Jahr<\/td>\n<\/tr>\n<tr data-start=\"2315\" data-end=\"2358\">\n<td data-start=\"2315\" data-end=\"2343\" data-col-size=\"sm\"><strong data-start=\"2317\" data-end=\"2342\">Betriebstemperatur<\/strong><\/td>\n<td data-col-size=\"md\" data-start=\"2343\" data-end=\"2358\">\u201320\u2103 bis 55\u2103<\/td>\n<\/tr>\n<tr data-start=\"2359\" data-end=\"2400\">\n<td data-start=\"2359\" data-end=\"2385\" data-col-size=\"sm\"><strong data-start=\"2361\" data-end=\"2384\">Lagertemperatur<\/strong><\/td>\n<td data-col-size=\"md\" data-start=\"2385\" data-end=\"2400\">\u201340\u2103 bis 70\u2103<\/td>\n<\/tr>\n<\/tbody>\n<\/table>\n<\/div>\n<\/div>\n<h2 data-start=\"2407\" data-end=\"2432\"><strong data-start=\"2410\" data-end=\"2432\">Wichtigste Verkaufsargumente<\/strong><\/h2>\n<p data-start=\"2434\" data-end=\"2468\"><strong data-start=\"2440\" data-end=\"2468\">65-W-USB-C-Stromversorgung<\/strong><\/p>\n<p data-start=\"2469\" data-end=\"2581\">Unterst\u00fctzt bis zu <strong data-start=\"2484\" data-end=\"2498\">65 W Ausgangsleistung<\/strong>, erm\u00f6glicht schnelles und stabiles Laden f\u00fcr PD-f\u00e4hige Laptops, Notebooks und Tablets.<\/p>\n<p data-start=\"2583\" data-end=\"2619\"><strong data-start=\"2590\" data-end=\"2619\">Dualer USB-C- und USB-A-Ausgang<\/strong><\/p>\n<p data-start=\"2620\" data-end=\"2726\">Laden Sie zwei Ger\u00e4te gleichzeitig mit intelligenter Leistungsverteilung und verbessern Sie so Komfort und Effizienz.<\/p>\n<p data-start=\"2728\" data-end=\"2762\"><strong data-start=\"2735\" data-end=\"2762\">Weltweite Kompatibilit\u00e4t<\/strong><\/p>\n<p data-start=\"2763\" data-end=\"2880\">Der breite Eingangsspannungsbereich und die Kompatibilit\u00e4t mit verschiedenen Steckerstandards machen dieses Ladeger\u00e4t geeignet f\u00fcr <strong data-start=\"2841\" data-end=\"2879\">globale Distribution und Reisenutzung<\/strong>.<\/p>\n<p data-start=\"2882\" data-end=\"2919\"><strong data-start=\"2889\" data-end=\"2919\">Erweiterter Sicherheitsschutz<\/strong><\/p>\n<p data-start=\"2920\" data-end=\"3027\">Der integrierte mehrstufige Schutz gew\u00e4hrleistet einen sicheren Betrieb, sch\u00fctzt die Ger\u00e4te und erh\u00f6ht die Produktzuverl\u00e4ssigkeit.<\/p>\n<p data-start=\"3029\" data-end=\"3061\"><strong data-start=\"3036\" data-end=\"3061\">Kompakt und leicht<\/strong><\/p>\n<p data-start=\"3062\" data-end=\"3172\">nur <strong data-start=\"3076\" data-end=\"3084\">108 g<\/strong>, Das Ladeger\u00e4t ist leicht zu transportieren und ideal f\u00fcr den t\u00e4glichen Gebrauch, B\u00fcroumgebungen und Reisen.<\/p>\n<p data-start=\"3174\" data-end=\"3213\"><strong data-start=\"3181\" data-end=\"3213\">F\u00fcr globale M\u00e4rkte zertifiziert<\/strong><\/p>\n<p data-start=\"3214\" data-end=\"3332\">Erf\u00fcllt die wichtigsten internationalen Zertifizierungen und hilft Kunden so, die regulatorischen Anforderungen in verschiedenen Regionen zu erf\u00fcllen.<\/p>\n<h2 data-start=\"3339\" data-end=\"3358\"><strong data-start=\"3342\" data-end=\"3358\">Anwendungen<\/strong><\/h2>\n<p data-start=\"3360\" data-end=\"3406\">Das 65-W-PD-Ladeger\u00e4t TR671C1AEU ist geeignet f\u00fcr:<\/p>\n<ul data-start=\"3408\" data-end=\"3651\">\n<li data-start=\"3408\" data-end=\"3459\">\n<p data-start=\"3410\" data-end=\"3459\"><strong data-start=\"3410\" data-end=\"3440\">Laptop- und Notebook-Ladefunktion<\/strong> (USB-C PD-Ger\u00e4te)<\/p>\n<\/li>\n<li data-start=\"3460\" data-end=\"3501\">\n<p data-start=\"3462\" data-end=\"3501\"><strong data-start=\"3462\" data-end=\"3501\">Schnellladen f\u00fcr Tablets und Smartphones<\/strong><\/p>\n<\/li>\n<li data-start=\"3502\" data-end=\"3537\">\n<p data-start=\"3504\" data-end=\"3537\"><strong data-start=\"3504\" data-end=\"3537\">Stromversorgungsl\u00f6sungen f\u00fcr Zuhause und B\u00fcro<\/strong><\/p>\n<\/li>\n<li data-start=\"3538\" data-end=\"3571\">\n<p data-start=\"3540\" data-end=\"3571\"><strong data-start=\"3540\" data-end=\"3571\">Reise-Ladezubeh\u00f6r<\/strong><\/p>\n<\/li>\n<li data-start=\"3572\" data-end=\"3602\">\n<p data-start=\"3574\" data-end=\"3602\"><strong data-start=\"3574\" data-end=\"3602\">OEM\/ODM-Markenprodukte<\/strong><\/p>\n<\/li>\n<li data-start=\"3603\" data-end=\"3651\">\n<p data-start=\"3605\" data-end=\"3651\"><strong data-start=\"3605\" data-end=\"3651\">Einzelhandels-, Gro\u00dfhandels- und E-Commerce-Kan\u00e4le<\/strong><\/p>\n<\/li>\n<\/ul>\n<h2 data-start=\"3658\" data-end=\"3682\"><strong data-start=\"3661\" data-end=\"3682\">Unternehmensvorteil<\/strong><\/h2>\n<p data-start=\"3684\" data-end=\"4057\">Als professioneller Hersteller, <strong data-start=\"3716\" data-end=\"3755\">Shenzhen Jialu Technology Co., Ltd.<\/strong> Jialu konzentriert sich auf die Entwicklung und Produktion hochwertiger Netzteile und PD-Ladeger\u00e4te. Laut Unternehmensangaben arbeitet Jialu mit einem <strong data-start=\"3902\" data-end=\"3992\">moderne Produktionsanlage, erfahrenes Forschungs- und Entwicklungsteam und strenges Qualit\u00e4tsmanagementsystem<\/strong>, dadurch wird eine stabile Massenproduktion und eine gleichbleibende Produktqualit\u00e4t erm\u00f6glicht.<\/p>\n<p data-start=\"4059\" data-end=\"4082\">Zu den wichtigsten Vorteilen geh\u00f6ren:<\/p>\n<ul data-start=\"4083\" data-end=\"4336\">\n<li data-start=\"4083\" data-end=\"4128\">\n<p data-start=\"4085\" data-end=\"4128\">Stark <strong data-start=\"4092\" data-end=\"4128\">OEM\/ODM-Anpassungsm\u00f6glichkeiten<\/strong><\/p>\n<\/li>\n<li data-start=\"4129\" data-end=\"4175\">\n<p data-start=\"4131\" data-end=\"4175\">Strenge Qualit\u00e4tskontrolle w\u00e4hrend der gesamten Produktion<\/p>\n<\/li>\n<li data-start=\"4176\" data-end=\"4223\">\n<p data-start=\"4178\" data-end=\"4223\">Verwendung zuverl\u00e4ssiger Komponenten und ausgereifter Konstruktionen<\/p>\n<\/li>\n<li data-start=\"4224\" data-end=\"4290\">\n<p data-start=\"4226\" data-end=\"4290\">Einhaltung internationaler Sicherheits- und Umweltstandards<\/p>\n<\/li>\n<li data-start=\"4291\" data-end=\"4336\">\n<p data-start=\"4293\" data-end=\"4336\">Stabile Lieferkapazit\u00e4t f\u00fcr Kunden weltweit<\/p>\n<\/li>\n<\/ul>\n<p data-start=\"4338\" data-end=\"4463\">Diese St\u00e4rken erm\u00f6glichen es uns, Folgendes anzubieten <strong data-start=\"4374\" data-end=\"4439\">Kosteng\u00fcnstige, zuverl\u00e4ssige und zertifizierte PD-Ladel\u00f6sungen<\/strong> f\u00fcr Kunden weltweit.<\/p>\n<h2 data-start=\"4470\" data-end=\"4488\"><strong data-start=\"4473\" data-end=\"4488\">Produkt-FAQ<\/strong><\/h2>\n<p data-start=\"4490\" data-end=\"4646\"><strong data-start=\"4490\" data-end=\"4535\">Frage 1: Ist dieses Ladeger\u00e4t f\u00fcr Laptops geeignet?<\/strong><br data-start=\"4535\" data-end=\"4538\" \/>A: Ja. Der USB-C-Anschluss unterst\u00fctzt bis zu <strong data-start=\"4576\" data-end=\"4593\">65 W PD-Ausgangsleistung<\/strong>, Geeignet f\u00fcr die meisten PD-f\u00e4higen Laptops und Notebooks.<\/p>\n<p data-start=\"4648\" data-end=\"4802\"><strong data-start=\"4648\" data-end=\"4698\">F2: Kann ich beide USB-Anschl\u00fcsse gleichzeitig benutzen?<\/strong><br data-start=\"4698\" data-end=\"4701\" \/>A: Ja. Das Ladeger\u00e4t unterst\u00fctzt gleichzeitige USB-C- und USB-A-Ausgabe mit intelligenter Stromverteilung.<\/p>\n<p data-start=\"4804\" data-end=\"4943\"><strong data-start=\"4804\" data-end=\"4849\">Frage 3: Welche Sicherheitsvorkehrungen sind enthalten?<\/strong><br data-start=\"4849\" data-end=\"4852\" \/>A: Das Ladeger\u00e4t verf\u00fcgt \u00fcber einen Schutz gegen Kurzschluss, \u00dcberspannung, \u00dcberstrom und \u00dcberlastung.<\/p>\n<p data-start=\"4945\" data-end=\"5096\"><strong data-start=\"4945\" data-end=\"4985\">Frage 4: Bieten Sie OEM\/ODM-Dienstleistungen an?<\/strong><br data-start=\"4985\" data-end=\"4988\" \/>A: Ja. Wir unterst\u00fctzen OEM\/ODM-Anpassungen, einschlie\u00dflich Logodruck, Verpackung, Steckertypen und Spezifikationen.<\/p>\n<p data-start=\"5098\" data-end=\"5288\"><strong data-start=\"5098\" data-end=\"5148\">Frage 5: F\u00fcr welche M\u00e4rkte ist dieses Produkt geeignet?<\/strong><br data-start=\"5148\" data-end=\"5151\" \/>A: Dank verschiedener Steckeroptionen und internationaler Zertifizierungen eignet es sich f\u00fcr Europa, Nordamerika, Asien und andere globale M\u00e4rkte.<\/p>","protected":false},"excerpt":{"rendered":"<p><strong data-start=\"1606\" data-end=\"1622\">Produktname: <\/strong>65-W-PD-Ladeger\u00e4t<\/p>\n<p><strong data-start=\"1644\" data-end=\"1660\">Modellnummer: <\/strong>TR671C1AEU<\/p>\n<p><strong data-start=\"1678\" data-end=\"1697\">Herkunftsort: <\/strong>China (Festland)<\/p>\n<p><strong data-start=\"1721\" data-end=\"1730\">Eingang: <\/strong>100\u2013240 V Wechselstrom, 50\/60 Hz, 1,5 A<\/p>\n<p><strong data-start=\"1764\" data-end=\"1780\">USB-C-Ausgang: <\/strong>5V\/3A, 9V\/3A, 12V\/3A, 15V\/3A, 20V\/3,25A (Max. 65W)<\/p>\n<p><strong data-start=\"1837\" data-end=\"1853\">USB-A-Ausgang: <\/strong>5V\/3A, 9V\/2A, 12V\/1,5A (Max. 18W)<\/p>\n<p><strong data-start=\"1893\" data-end=\"1919\">Doppelter Portausgang (A+C): <\/strong>USB-A: 5 V\/2,4 A; USB-C: bis zu 45 W<\/p>\n<p><strong data-start=\"1959\" data-end=\"1978\">Steckdosenstandard: <\/strong>USA \/ EU \/ Gro\u00dfbritannien \/ Japan \/ KC<\/p>\n<p><strong data-start=\"2008\" data-end=\"2025\">Farboptionen: <\/strong>Schwarz, Wei\u00df<\/p>\n<p><strong data-start=\"2045\" data-end=\"2057\">Material: <\/strong>Feuerfester PC<\/p>\n<p><strong data-start=\"2082\" data-end=\"2092\">Gewicht: <\/strong>108 g<\/p>\n<p><strong data-start=\"2104\" data-end=\"2115\">Verpackung: <\/strong>PE-Beutelverpackung<\/p>\n<p><strong data-start=\"2137\" data-end=\"2151\">Effizienz: <\/strong>Stufe VI<\/p>\n<p><strong data-start=\"2167\" data-end=\"2181\">Schutz<\/strong>S: Kurzschluss, \u00dcberspannung, \u00dcberstrom, \u00dcberlastung<strong data-start=\"2240\" data-end=\"2256\">Zertifikate<\/strong>CE, FCC, ETL, KC, PSE, RoHS<\/p>","protected":false},"featured_media":1488,"comment_status":"open","ping_status":"closed","template":"","meta":{"_acf_changed":false,"site-sidebar-layout":"default","site-content-layout":"","ast-site-content-layout":"default","site-content-style":"default","site-sidebar-style":"default","ast-global-header-display":"","ast-banner-title-visibility":"","ast-main-header-display":"","ast-hfb-above-header-display":"","ast-hfb-below-header-display":"","ast-hfb-mobile-header-display":"","site-post-title":"","ast-breadcrumbs-content":"","ast-featured-img":"","footer-sml-layout":"","ast-disable-related-posts":"","theme-transparent-header-meta":"default","adv-header-id-meta":"","stick-header-meta":"","header-above-stick-meta":"","header-main-stick-meta":"","header-below-stick-meta":"","astra-migrate-meta-layouts":"set","ast-page-background-enabled":"default","ast-page-background-meta":{"desktop":{"background-color":"var(--ast-global-color-5)","background-image":"","background-repeat":"repeat","background-position":"center center","background-size":"auto","background-attachment":"scroll","background-type":"","background-media":"","overlay-type":"","overlay-color":"","overlay-opacity":"","overlay-gradient":""},"tablet":{"background-color":"","background-image":"","background-repeat":"repeat","background-position":"center center","background-size":"auto","background-attachment":"scroll","background-type":"","background-media":"","overlay-type":"","overlay-color":"","overlay-opacity":"","overlay-gradient":""},"mobile":{"background-color":"","background-image":"","background-repeat":"repeat","background-position":"center center","background-size":"auto","background-attachment":"scroll","background-type":"","background-media":"","overlay-type":"","overlay-color":"","overlay-opacity":"","overlay-gradient":""}},"ast-content-background-meta":{"desktop":{"background-color":"var(--ast-global-color-4)","background-image":"","background-repeat":"repeat","background-position":"center center","background-size":"auto","background-attachment":"scroll","background-type":"","background-media":"","overlay-type":"","overlay-color":"","overlay-opacity":"","overlay-gradient":""},"tablet":{"background-color":"var(--ast-global-color-4)","background-image":"","background-repeat":"repeat","background-position":"center center","background-size":"auto","background-attachment":"scroll","background-type":"","background-media":"","overlay-type":"","overlay-color":"","overlay-opacity":"","overlay-gradient":""},"mobile":{"background-color":"var(--ast-global-color-4)","background-image":"","background-repeat":"repeat","background-position":"center center","background-size":"auto","background-attachment":"scroll","background-type":"","background-media":"","overlay-type":"","overlay-color":"","overlay-opacity":"","overlay-gradient":""}}},"product_brand":[],"product_cat":[44,30],"product_tag":[138,211,213,181],"class_list":{"0":"post-1487","1":"product","2":"type-product","3":"status-publish","4":"has-post-thumbnail","6":"product_cat-65w","7":"product_cat-gan-charger","8":"product_tag-65w-pd-charger","9":"product_tag-fast-charging-power-adapter","10":"product_tag-oem-pd-charger-supplier","11":"product_tag-usb-c-pd-charger","12":"desktop-align-left","13":"tablet-align-left","14":"mobile-align-left","16":"first","17":"instock","18":"shipping-taxable","19":"product-type-simple"},"acf":[],"_links":{"self":[{"href":"https:\/\/szjialu.com\/de\/wp-json\/wp\/v2\/product\/1487","targetHints":{"allow":["GET"]}}],"collection":[{"href":"https:\/\/szjialu.com\/de\/wp-json\/wp\/v2\/product"}],"about":[{"href":"https:\/\/szjialu.com\/de\/wp-json\/wp\/v2\/types\/product"}],"replies":[{"embeddable":true,"href":"https:\/\/szjialu.com\/de\/wp-json\/wp\/v2\/comments?post=1487"}],"wp:featuredmedia":[{"embeddable":true,"href":"https:\/\/szjialu.com\/de\/wp-json\/wp\/v2\/media\/1488"}],"wp:attachment":[{"href":"https:\/\/szjialu.com\/de\/wp-json\/wp\/v2\/media?parent=1487"}],"wp:term":[{"taxonomy":"product_brand","embeddable":true,"href":"https:\/\/szjialu.com\/de\/wp-json\/wp\/v2\/product_brand?post=1487"},{"taxonomy":"product_cat","embeddable":true,"href":"https:\/\/szjialu.com\/de\/wp-json\/wp\/v2\/product_cat?post=1487"},{"taxonomy":"product_tag","embeddable":true,"href":"https:\/\/szjialu.com\/de\/wp-json\/wp\/v2\/product_tag?post=1487"}],"curies":[{"name":"wp","href":"https:\/\/api.w.org\/{rel}","templated":true}]}}