{"id":1484,"date":"2025-12-21T12:08:02","date_gmt":"2025-12-21T12:08:02","guid":{"rendered":"https:\/\/szjialu.com\/?post_type=product&#038;p=1484"},"modified":"2026-02-19T07:03:09","modified_gmt":"2026-02-19T07:03:09","slug":"65w-pd-ladegerat-tr671c1aus","status":"publish","type":"product","link":"https:\/\/szjialu.com\/de\/product\/65w-pd-charger-tr671c1aus\/","title":{"rendered":"65W PD-Ladeger\u00e4t TR671C1AUS"},"content":{"rendered":"<h2 data-start=\"848\" data-end=\"871\"><strong data-start=\"851\" data-end=\"871\">Produkt\u00fcbersicht<\/strong><\/h2>\n<p data-start=\"873\" data-end=\"1215\">Der <strong data-start=\"877\" data-end=\"914\">65W PD-Ladeger\u00e4t (Modell TR671C1AUS)<\/strong> ist eine leistungsstarke, kompakte Schnellladel\u00f6sung, die moderne elektronische Ger\u00e4te effizient und sicher mit Strom versorgt. <strong data-start=\"1047\" data-end=\"1089\">USB-C-Stromversorgung und USB-A-Ausg\u00e4nge<\/strong>, Dieses Ladeger\u00e4t unterst\u00fctzt eine breite Palette von Spannungsprofilen und eignet sich daher f\u00fcr Laptops, Notebooks, Tablets und Smartphones.<\/p>\n<p data-start=\"1217\" data-end=\"1516\">Mit universell <strong data-start=\"1232\" data-end=\"1250\">100\u2013240 V Eingang<\/strong>, Dank verschiedener Steckdosenstandards und fortschrittlicher Schutzmechanismen eignet sich die TR671C1AUS ideal f\u00fcr globale M\u00e4rkte, den Reiseeinsatz und OEM\/ODM-Anpassungen. Ihr geringes Gewicht und ihre stabile Leistung machen sie zu einer zuverl\u00e4ssigen Wahl f\u00fcr private und gewerbliche Anwendungen.<\/p>\n<h2 data-start=\"1523\" data-end=\"1552\"><strong data-start=\"1526\" data-end=\"1552\">Produktspezifikationen<\/strong><\/h2>\n<div class=\"TyagGW_tableContainer\">\n<div class=\"group TyagGW_tableWrapper flex w-fit flex-col-reverse\" tabindex=\"-1\">\n<table class=\"w-fit min-w-(--thread-content-width)\" data-start=\"1554\" data-end=\"2404\">\n<thead data-start=\"1554\" data-end=\"1576\">\n<tr data-start=\"1554\" data-end=\"1576\">\n<th data-start=\"1554\" data-end=\"1561\" data-col-size=\"sm\">Artikel<\/th>\n<th data-start=\"1561\" data-end=\"1576\" data-col-size=\"md\">Beschreibung<\/th>\n<\/tr>\n<\/thead>\n<tbody data-start=\"1599\" data-end=\"2404\">\n<tr data-start=\"1599\" data-end=\"1636\">\n<td data-start=\"1599\" data-end=\"1618\" data-col-size=\"sm\"><strong data-start=\"1601\" data-end=\"1617\">Produktname<\/strong><\/td>\n<td data-col-size=\"md\" data-start=\"1618\" data-end=\"1636\">65-W-PD-Ladeger\u00e4t<\/td>\n<\/tr>\n<tr data-start=\"1637\" data-end=\"1670\">\n<td data-start=\"1637\" data-end=\"1656\" data-col-size=\"sm\"><strong data-start=\"1639\" data-end=\"1655\">Modellnummer<\/strong><\/td>\n<td data-col-size=\"md\" data-start=\"1656\" data-end=\"1670\">TR671C1AUS<\/td>\n<\/tr>\n<tr data-start=\"1671\" data-end=\"1713\">\n<td data-start=\"1671\" data-end=\"1693\" data-col-size=\"sm\"><strong data-start=\"1673\" data-end=\"1692\">Herkunftsort<\/strong><\/td>\n<td data-col-size=\"md\" data-start=\"1693\" data-end=\"1713\">China (Festland)<\/td>\n<\/tr>\n<tr data-start=\"1714\" data-end=\"1756\">\n<td data-start=\"1714\" data-end=\"1726\" data-col-size=\"sm\"><strong data-start=\"1716\" data-end=\"1725\">Eingang<\/strong><\/td>\n<td data-col-size=\"md\" data-start=\"1726\" data-end=\"1756\">100\u2013240 V Wechselstrom, 50\/60 Hz, 1,5 A<\/td>\n<\/tr>\n<tr data-start=\"1757\" data-end=\"1829\">\n<td data-start=\"1757\" data-end=\"1776\" data-col-size=\"sm\"><strong data-start=\"1759\" data-end=\"1775\">USB-C-Ausgang<\/strong><\/td>\n<td data-col-size=\"md\" data-start=\"1776\" data-end=\"1829\">5V\/3A, 9V\/3A, 12V\/3A, 15V\/3A, 20V\/3,25A (Max. 65W)<\/td>\n<\/tr>\n<tr data-start=\"1830\" data-end=\"1885\">\n<td data-start=\"1830\" data-end=\"1849\" data-col-size=\"sm\"><strong data-start=\"1832\" data-end=\"1848\">USB-A-Ausgang<\/strong><\/td>\n<td data-col-size=\"md\" data-start=\"1849\" data-end=\"1885\">5V\/3A, 9V\/2A, 12V\/1,5A (Max. 18W)<\/td>\n<\/tr>\n<tr data-start=\"1886\" data-end=\"1951\">\n<td data-start=\"1886\" data-end=\"1915\" data-col-size=\"sm\"><strong data-start=\"1888\" data-end=\"1914\">Doppelter Portausgang (A+C)<\/strong><\/td>\n<td data-col-size=\"md\" data-start=\"1915\" data-end=\"1951\">USB-A: 5 V\/2,4 A; USB-C: bis zu 45 W<\/td>\n<\/tr>\n<tr data-start=\"1952\" data-end=\"2001\">\n<td data-start=\"1952\" data-end=\"1975\" data-col-size=\"sm\"><strong data-start=\"1954\" data-end=\"1974\">Steckdosenstandards<\/strong><\/td>\n<td data-col-size=\"md\" data-start=\"1975\" data-end=\"2001\">USA \/ EU \/ Gro\u00dfbritannien \/ Japan \/ KC<\/td>\n<\/tr>\n<tr data-start=\"2002\" data-end=\"2038\">\n<td data-start=\"2002\" data-end=\"2022\" data-col-size=\"sm\"><strong data-start=\"2004\" data-end=\"2021\">Farboptionen<\/strong><\/td>\n<td data-col-size=\"md\" data-start=\"2022\" data-end=\"2038\">Schwarz, Wei\u00df<\/td>\n<\/tr>\n<tr data-start=\"2039\" data-end=\"2075\">\n<td data-start=\"2039\" data-end=\"2054\" data-col-size=\"sm\"><strong data-start=\"2041\" data-end=\"2053\">Material<\/strong><\/td>\n<td data-col-size=\"md\" data-start=\"2054\" data-end=\"2075\">Feuerfester PC<\/td>\n<\/tr>\n<tr data-start=\"2076\" data-end=\"2097\">\n<td data-start=\"2076\" data-end=\"2089\" data-col-size=\"sm\"><strong data-start=\"2078\" data-end=\"2088\">Gewicht<\/strong><\/td>\n<td data-col-size=\"md\" data-start=\"2089\" data-end=\"2097\">108 g<\/td>\n<\/tr>\n<tr data-start=\"2098\" data-end=\"2130\">\n<td data-start=\"2098\" data-end=\"2112\" data-col-size=\"sm\"><strong data-start=\"2100\" data-end=\"2111\">Verpackung<\/strong><\/td>\n<td data-col-size=\"md\" data-start=\"2112\" data-end=\"2130\">PE-Beutelverpackung<\/td>\n<\/tr>\n<tr data-start=\"2131\" data-end=\"2166\">\n<td data-start=\"2131\" data-end=\"2154\" data-col-size=\"sm\"><strong data-start=\"2133\" data-end=\"2153\">Effizienzniveau<\/strong><\/td>\n<td data-col-size=\"md\" data-start=\"2154\" data-end=\"2166\">Stufe VI<\/td>\n<\/tr>\n<tr data-start=\"2167\" data-end=\"2239\">\n<td data-start=\"2167\" data-end=\"2184\" data-col-size=\"sm\"><strong data-start=\"2169\" data-end=\"2183\">Schutz<\/strong><\/td>\n<td data-col-size=\"md\" data-start=\"2184\" data-end=\"2239\">Kurzschluss, \u00dcberspannung, \u00dcberstrom, \u00dcberlastung<\/td>\n<\/tr>\n<tr data-start=\"2240\" data-end=\"2292\">\n<td data-start=\"2240\" data-end=\"2261\" data-col-size=\"sm\"><strong data-start=\"2242\" data-end=\"2260\">Zertifizierungen<\/strong><\/td>\n<td data-col-size=\"md\" data-start=\"2261\" data-end=\"2292\">CE, FCC, ETL, KC, PSE, RoHS<\/td>\n<\/tr>\n<tr data-start=\"2293\" data-end=\"2318\">\n<td data-start=\"2293\" data-end=\"2308\" data-col-size=\"sm\"><strong data-start=\"2295\" data-end=\"2307\">Garantie<\/strong><\/td>\n<td data-col-size=\"md\" data-start=\"2308\" data-end=\"2318\">1 Jahr<\/td>\n<\/tr>\n<tr data-start=\"2319\" data-end=\"2362\">\n<td data-start=\"2319\" data-end=\"2347\" data-col-size=\"sm\"><strong data-start=\"2321\" data-end=\"2346\">Betriebstemperatur<\/strong><\/td>\n<td data-col-size=\"md\" data-start=\"2347\" data-end=\"2362\">\u201320\u2103 bis 55\u2103<\/td>\n<\/tr>\n<tr data-start=\"2363\" data-end=\"2404\">\n<td data-start=\"2363\" data-end=\"2389\" data-col-size=\"sm\"><strong data-start=\"2365\" data-end=\"2388\">Lagertemperatur<\/strong><\/td>\n<td data-col-size=\"md\" data-start=\"2389\" data-end=\"2404\">\u201340\u2103 bis 70\u2103<\/td>\n<\/tr>\n<\/tbody>\n<\/table>\n<\/div>\n<\/div>\n<h2 data-start=\"2411\" data-end=\"2436\"><strong data-start=\"2414\" data-end=\"2436\">Wichtigste Verkaufsargumente<\/strong><\/h2>\n<p data-start=\"2438\" data-end=\"2486\"><strong data-start=\"2444\" data-end=\"2486\">65-W-Schnellladung \u00fcber USB-C Power Delivery<\/strong><\/p>\n<p data-start=\"2487\" data-end=\"2618\">Liefert bis zu <strong data-start=\"2502\" data-end=\"2516\">65 W Ausgangsleistung<\/strong>, das in der Lage ist, PD-f\u00e4hige Laptops, Notebooks, Tablets und Smartphones schnell und effizient aufzuladen.<\/p>\n<p data-start=\"2620\" data-end=\"2652\"><strong data-start=\"2627\" data-end=\"2652\">Komfort mit zwei Anschl\u00fcssen<\/strong><\/p>\n<p data-start=\"2653\" data-end=\"2786\">Ausgestattet mit <strong data-start=\"2667\" data-end=\"2684\">USB-C + USB-A<\/strong> Anschl\u00fcsse, die das gleichzeitige Laden von zwei Ger\u00e4ten erm\u00f6glichen und gleichzeitig die Stromverteilung intelligent steuern.<\/p>\n<p data-start=\"2788\" data-end=\"2818\"><strong data-start=\"2795\" data-end=\"2818\">Bereit f\u00fcr den globalen Markt<\/strong><\/p>\n<p data-start=\"2819\" data-end=\"2959\">Unterst\u00fctzt <strong data-start=\"2828\" data-end=\"2857\">100\u2013240 V Weitbereichseingang<\/strong> und mehreren Steckerstandards (US\/EU\/UK\/JP\/KC), wodurch es sich ideal f\u00fcr den internationalen Vertrieb und die Nutzung auf Reisen eignet.<\/p>\n<p data-start=\"2961\" data-end=\"3003\"><strong data-start=\"2968\" data-end=\"3003\">Umfassender Sicherheitsschutz<\/strong><\/p>\n<p data-start=\"3004\" data-end=\"3136\">Der integrierte Schutz gegen Kurzschl\u00fcsse, \u00dcberspannung, \u00dcberstrom und \u00dcberlastung gew\u00e4hrleistet einen stabilen Betrieb und die Sicherheit des Ger\u00e4ts.<\/p>\n<p data-start=\"3138\" data-end=\"3177\"><strong data-start=\"3145\" data-end=\"3177\">Kompaktes und leichtes Design<\/strong><\/p>\n<p data-start=\"3178\" data-end=\"3284\">nur <strong data-start=\"3192\" data-end=\"3200\">108 g<\/strong>, Das Ladeger\u00e4t ist tragbar, robust und eignet sich f\u00fcr den t\u00e4glichen Gebrauch oder Gesch\u00e4ftsreisen.<\/p>\n<p data-start=\"3286\" data-end=\"3317\"><strong data-start=\"3293\" data-end=\"3317\">Zertifiziert und zuverl\u00e4ssig<\/strong><\/p>\n<p data-start=\"3318\" data-end=\"3450\">Erf\u00fcllt die wichtigsten internationalen Zertifizierungen und hilft so H\u00e4ndlern und Marken, die regulatorischen Anforderungen in verschiedenen Regionen zu erf\u00fcllen.<\/p>\n<h2 data-start=\"3457\" data-end=\"3476\"><strong data-start=\"3460\" data-end=\"3476\">Anwendungen<\/strong><\/h2>\n<p data-start=\"3478\" data-end=\"3527\">Das 65-W-PD-Ladeger\u00e4t TR671C1AUS findet breite Anwendung f\u00fcr:<\/p>\n<ul data-start=\"3529\" data-end=\"3763\">\n<li data-start=\"3529\" data-end=\"3590\">\n<p data-start=\"3531\" data-end=\"3590\"><strong data-start=\"3531\" data-end=\"3561\">Laptop- und Notebook-Ladefunktion<\/strong> (USB-C PD-Ger\u00e4te bis zu 65 W)<\/p>\n<\/li>\n<li data-start=\"3591\" data-end=\"3630\">\n<p data-start=\"3593\" data-end=\"3630\"><strong data-start=\"3593\" data-end=\"3630\">Schnellladen f\u00fcr Tablets und Smartphones<\/strong><\/p>\n<\/li>\n<li data-start=\"3631\" data-end=\"3654\">\n<p data-start=\"3633\" data-end=\"3654\"><strong data-start=\"3633\" data-end=\"3654\">B\u00fcro- und Heimgebrauch<\/strong><\/p>\n<\/li>\n<li data-start=\"3655\" data-end=\"3686\">\n<p data-start=\"3657\" data-end=\"3686\"><strong data-start=\"3657\" data-end=\"3686\">Ladel\u00f6sungen f\u00fcr unterwegs<\/strong><\/p>\n<\/li>\n<li data-start=\"3687\" data-end=\"3720\">\n<p data-start=\"3689\" data-end=\"3720\"><strong data-start=\"3689\" data-end=\"3720\">OEM\/ODM Markenzubeh\u00f6r<\/strong><\/p>\n<\/li>\n<li data-start=\"3721\" data-end=\"3763\">\n<p data-start=\"3723\" data-end=\"3763\"><strong data-start=\"3723\" data-end=\"3763\">Einzelhandel, Gro\u00dfhandel &amp; E-Commerce-Vertrieb<\/strong><\/p>\n<\/li>\n<\/ul>\n<h2 data-start=\"3770\" data-end=\"3804\"><strong data-start=\"3773\" data-end=\"3804\">Unser Fertigungsvorteil<\/strong><\/h2>\n<p data-start=\"3806\" data-end=\"4123\">Als professioneller Hersteller von Netzteilen, <strong data-start=\"3852\" data-end=\"3891\">Shenzhen Jialu Technology Co., Ltd.<\/strong> bringt starke Vorteile mit sich <strong data-start=\"3920\" data-end=\"3953\">OEM\/ODM PD-Ladeger\u00e4teproduktion<\/strong>. Laut Unternehmensangaben auf <em data-start=\"3991\" data-end=\"4004\">szjialu.com<\/em>, Jialu verf\u00fcgt \u00fcber eine moderne Produktionsst\u00e4tte mit einem erfahrenen Forschungs- und Entwicklungsteam und einem umfassenden Qualit\u00e4tsmanagementsystem.<\/p>\n<p data-start=\"4125\" data-end=\"4148\">Das Unternehmen betont:<\/p>\n<ul data-start=\"4149\" data-end=\"4416\">\n<li data-start=\"4149\" data-end=\"4205\">\n<p data-start=\"4151\" data-end=\"4205\"><strong data-start=\"4151\" data-end=\"4205\">Strenge Qualit\u00e4tskontrolle und standardisierte Produktion<\/strong><\/p>\n<\/li>\n<li data-start=\"4206\" data-end=\"4253\">\n<p data-start=\"4208\" data-end=\"4253\"><strong data-start=\"4208\" data-end=\"4253\">Verwendung hochwertiger elektronischer Bauteile<\/strong><\/p>\n<\/li>\n<li data-start=\"4254\" data-end=\"4317\">\n<p data-start=\"4256\" data-end=\"4317\"><strong data-start=\"4256\" data-end=\"4317\">Einhaltung globaler Sicherheits- und Umweltstandards<\/strong><\/p>\n<\/li>\n<li data-start=\"4318\" data-end=\"4363\">\n<p data-start=\"4320\" data-end=\"4363\"><strong data-start=\"4320\" data-end=\"4363\">Flexible OEM\/ODM-Anpassungsdienste<\/strong><\/p>\n<\/li>\n<li data-start=\"4364\" data-end=\"4416\">\n<p data-start=\"4366\" data-end=\"4416\"><strong data-start=\"4366\" data-end=\"4416\">Stabile Lieferkapazit\u00e4t f\u00fcr Gro\u00dfauftr\u00e4ge<\/strong><\/p>\n<\/li>\n<\/ul>\n<p data-start=\"4418\" data-end=\"4543\">Diese St\u00e4rken erm\u00f6glichen es uns, Folgendes zu liefern <strong data-start=\"4454\" data-end=\"4519\">zuverl\u00e4ssige, zertifizierte und kosteng\u00fcnstige PD-Ladel\u00f6sungen<\/strong> f\u00fcr Kunden weltweit.<\/p>\n<h2 data-start=\"4550\" data-end=\"4568\"><strong data-start=\"4553\" data-end=\"4568\">Produkt-FAQ<\/strong><\/h2>\n<p data-start=\"4570\" data-end=\"4726\"><strong data-start=\"4570\" data-end=\"4615\">Frage 1: Ist dieses Ladeger\u00e4t f\u00fcr Laptops geeignet?<\/strong><br data-start=\"4615\" data-end=\"4618\" \/>A: Ja. Der USB-C-Anschluss unterst\u00fctzt bis zu <strong data-start=\"4656\" data-end=\"4673\">65 W PD-Ausgangsleistung<\/strong>, Geeignet f\u00fcr die meisten PD-f\u00e4higen Laptops und Notebooks.<\/p>\n<p data-start=\"4728\" data-end=\"4877\"><strong data-start=\"4728\" data-end=\"4778\">Frage 2: Kann ich zwei Ger\u00e4te gleichzeitig aufladen?<\/strong><br data-start=\"4778\" data-end=\"4781\" \/>A: Ja. Die USB-C- und USB-A-Anschl\u00fcsse k\u00f6nnen gleichzeitig genutzt werden, dank intelligenter Stromverteilung.<\/p>\n<p data-start=\"4879\" data-end=\"5037\"><strong data-start=\"4879\" data-end=\"4924\">Frage 3: Welche Sicherheitsvorkehrungen sind enthalten?<\/strong><br data-start=\"4924\" data-end=\"4927\" \/>A: Das Ladeger\u00e4t verf\u00fcgt \u00fcber einen Kurzschluss-, \u00dcberspannungs-, \u00dcberstrom- und \u00dcberlastschutz f\u00fcr einen sicheren Betrieb.<\/p>\n<p data-start=\"5039\" data-end=\"5195\"><strong data-start=\"5039\" data-end=\"5084\">Frage 4: Unterst\u00fctzen Sie OEM\/ODM-Anpassungen?<\/strong><br data-start=\"5084\" data-end=\"5087\" \/>A: Ja. Wir bieten OEM\/ODM-Dienstleistungen an, darunter Logodruck, Verpackungsanpassung und Auswahl des Steckertyps.<\/p>\n<p data-start=\"5197\" data-end=\"5365\"><strong data-start=\"5197\" data-end=\"5248\">Frage 5: \u00dcber welche Zertifizierungen verf\u00fcgt dieses Ladeger\u00e4t?<\/strong><br data-start=\"5248\" data-end=\"5251\" \/>A: Das Produkt ist zertifiziert mit <strong data-start=\"5284\" data-end=\"5319\">CE, FCC, ETL, KC, PSE und RoHS<\/strong>, geeignet f\u00fcr mehrere internationale M\u00e4rkte.<\/p>","protected":false},"excerpt":{"rendered":"<p><strong data-start=\"1601\" data-end=\"1617\">Produktname: <\/strong>65-W-PD-Ladeger\u00e4t<\/p>\n<p><strong data-start=\"1639\" data-end=\"1655\">Modellnummer: <\/strong>TR671C1AUS<\/p>\n<p><strong data-start=\"1673\" data-end=\"1692\">Herkunftsort: <\/strong>China (Festland)<\/p>\n<p><strong data-start=\"1716\" data-end=\"1725\">Eingang: <\/strong>100\u2013240 V Wechselstrom, 50\/60 Hz, 1,5 A<\/p>\n<p><strong data-start=\"1759\" data-end=\"1775\">USB-C-Ausgang: <\/strong>5V\/3A, 9V\/3A, 12V\/3A, 15V\/3A, 20V\/3,25A (Max. 65W)<\/p>\n<p><strong data-start=\"1832\" data-end=\"1848\">USB-A-Ausgang: <\/strong>5V\/3A, 9V\/2A, 12V\/1,5A (Max. 18W)<\/p>\n<p><strong data-start=\"1888\" data-end=\"1914\">Doppelter Portausgang (A+C): <\/strong>USB-A: 5 V\/2,4 A; USB-C: bis zu 45 W<\/p>\n<p><strong data-start=\"1954\" data-end=\"1974\">Steckdosenstandards: <\/strong>USA \/ EU \/ Gro\u00dfbritannien \/ Japan \/ KC<\/p>\n<p><strong data-start=\"2004\" data-end=\"2021\">Farboptionen: <\/strong>Schwarz, Wei\u00df<\/p>\n<p><strong data-start=\"2041\" data-end=\"2053\">Material: <\/strong>Feuerfester PC<\/p>\n<p><strong data-start=\"2078\" data-end=\"2088\">Gewicht: <\/strong>108 g<\/p>\n<p><strong data-start=\"2100\" data-end=\"2111\">Verpackung: <\/strong>PE-Beutelverpackung<\/p>\n<p><strong data-start=\"2133\" data-end=\"2153\">Effizienzniveau: <\/strong>Stufe VI<\/p>\n<p><strong data-start=\"2169\" data-end=\"2183\">Schutz: <\/strong>Kurzschluss, \u00dcberspannung, \u00dcberstrom, \u00dcberlastung<\/p>","protected":false},"featured_media":1485,"comment_status":"open","ping_status":"closed","template":"","meta":{"_acf_changed":false,"site-sidebar-layout":"default","site-content-layout":"","ast-site-content-layout":"default","site-content-style":"default","site-sidebar-style":"default","ast-global-header-display":"","ast-banner-title-visibility":"","ast-main-header-display":"","ast-hfb-above-header-display":"","ast-hfb-below-header-display":"","ast-hfb-mobile-header-display":"","site-post-title":"","ast-breadcrumbs-content":"","ast-featured-img":"","footer-sml-layout":"","ast-disable-related-posts":"","theme-transparent-header-meta":"default","adv-header-id-meta":"","stick-header-meta":"","header-above-stick-meta":"","header-main-stick-meta":"","header-below-stick-meta":"","astra-migrate-meta-layouts":"set","ast-page-background-enabled":"default","ast-page-background-meta":{"desktop":{"background-color":"var(--ast-global-color-5)","background-image":"","background-repeat":"repeat","background-position":"center center","background-size":"auto","background-attachment":"scroll","background-type":"","background-media":"","overlay-type":"","overlay-color":"","overlay-opacity":"","overlay-gradient":""},"tablet":{"background-color":"","background-image":"","background-repeat":"repeat","background-position":"center center","background-size":"auto","background-attachment":"scroll","background-type":"","background-media":"","overlay-type":"","overlay-color":"","overlay-opacity":"","overlay-gradient":""},"mobile":{"background-color":"","background-image":"","background-repeat":"repeat","background-position":"center center","background-size":"auto","background-attachment":"scroll","background-type":"","background-media":"","overlay-type":"","overlay-color":"","overlay-opacity":"","overlay-gradient":""}},"ast-content-background-meta":{"desktop":{"background-color":"var(--ast-global-color-4)","background-image":"","background-repeat":"repeat","background-position":"center center","background-size":"auto","background-attachment":"scroll","background-type":"","background-media":"","overlay-type":"","overlay-color":"","overlay-opacity":"","overlay-gradient":""},"tablet":{"background-color":"var(--ast-global-color-4)","background-image":"","background-repeat":"repeat","background-position":"center center","background-size":"auto","background-attachment":"scroll","background-type":"","background-media":"","overlay-type":"","overlay-color":"","overlay-opacity":"","overlay-gradient":""},"mobile":{"background-color":"var(--ast-global-color-4)","background-image":"","background-repeat":"repeat","background-position":"center center","background-size":"auto","background-attachment":"scroll","background-type":"","background-media":"","overlay-type":"","overlay-color":"","overlay-opacity":"","overlay-gradient":""}}},"product_brand":[],"product_cat":[30,44],"product_tag":[138,211,213,212,181],"class_list":{"0":"post-1484","1":"product","2":"type-product","3":"status-publish","4":"has-post-thumbnail","6":"product_cat-gan-charger","7":"product_cat-65w","8":"product_tag-65w-pd-charger","9":"product_tag-fast-charging-power-adapter","10":"product_tag-oem-pd-charger-supplier","11":"product_tag-pd-charger-manufacturer-china","12":"product_tag-usb-c-pd-charger","13":"desktop-align-left","14":"tablet-align-left","15":"mobile-align-left","17":"first","18":"instock","19":"shipping-taxable","20":"product-type-simple"},"acf":[],"_links":{"self":[{"href":"https:\/\/szjialu.com\/de\/wp-json\/wp\/v2\/product\/1484","targetHints":{"allow":["GET"]}}],"collection":[{"href":"https:\/\/szjialu.com\/de\/wp-json\/wp\/v2\/product"}],"about":[{"href":"https:\/\/szjialu.com\/de\/wp-json\/wp\/v2\/types\/product"}],"replies":[{"embeddable":true,"href":"https:\/\/szjialu.com\/de\/wp-json\/wp\/v2\/comments?post=1484"}],"wp:featuredmedia":[{"embeddable":true,"href":"https:\/\/szjialu.com\/de\/wp-json\/wp\/v2\/media\/1485"}],"wp:attachment":[{"href":"https:\/\/szjialu.com\/de\/wp-json\/wp\/v2\/media?parent=1484"}],"wp:term":[{"taxonomy":"product_brand","embeddable":true,"href":"https:\/\/szjialu.com\/de\/wp-json\/wp\/v2\/product_brand?post=1484"},{"taxonomy":"product_cat","embeddable":true,"href":"https:\/\/szjialu.com\/de\/wp-json\/wp\/v2\/product_cat?post=1484"},{"taxonomy":"product_tag","embeddable":true,"href":"https:\/\/szjialu.com\/de\/wp-json\/wp\/v2\/product_tag?post=1484"}],"curies":[{"name":"wp","href":"https:\/\/api.w.org\/{rel}","templated":true}]}}