{"id":1480,"date":"2025-12-21T12:03:06","date_gmt":"2025-12-21T12:03:06","guid":{"rendered":"https:\/\/szjialu.com\/?post_type=product&#038;p=1480"},"modified":"2026-02-19T07:04:14","modified_gmt":"2026-02-19T07:04:14","slug":"65w-pd-ladegerat-tr671c1akr","status":"publish","type":"product","link":"https:\/\/szjialu.com\/de\/product\/65w-pd-charger-tr671c1akr\/","title":{"rendered":"65W PD-Ladeger\u00e4t TR671C1AKR"},"content":{"rendered":"<h2 data-start=\"933\" data-end=\"956\"><strong data-start=\"936\" data-end=\"956\">Produkt\u00fcbersicht<\/strong><\/h2>\n<p data-start=\"958\" data-end=\"1430\">Wir stellen vor: <strong data-start=\"974\" data-end=\"1011\">65W PD-Ladeger\u00e4t (Modell TR671C1AKR)<\/strong> \u2014 eine vielseitige, hocheffiziente Stromversorgungsl\u00f6sung, die f\u00fcr Anwender entwickelt wurde, die zuverl\u00e4ssiges Schnellladen f\u00fcr mehrere Ger\u00e4te ben\u00f6tigen. Dieses fortschrittliche Ladeger\u00e4t unterst\u00fctzt beides. <strong data-start=\"1167\" data-end=\"1194\">USB-C- und USB-A-Ausg\u00e4nge<\/strong>, Es bietet flexible Spannungsprofile und Leistungsstufen, die f\u00fcr Laptops, Tablets, Smartphones und mehr geeignet sind. Dank robuster Schutzfunktionen und weltweiter Kompatibilit\u00e4t (100\u2013240 V) ist es ideal f\u00fcr den t\u00e4glichen Gebrauch zu Hause, im B\u00fcro oder auf Reisen.<\/p>\n<p data-start=\"1432\" data-end=\"1654\">Als Teil unseres Kernsortiments an OEM\/ODM-Produkten spiegelt dieses PD-Ladeger\u00e4t unser Engagement f\u00fcr Qualit\u00e4t, Innovation und kundenorientiertes Design wider, das auf jahrelanger Erfahrung in der Leistungselektronik basiert.<\/p>\n<h2 data-start=\"1661\" data-end=\"1682\"><strong data-start=\"1664\" data-end=\"1682\">Spezifikationen<\/strong><\/h2>\n<div class=\"TyagGW_tableContainer\">\n<div class=\"group TyagGW_tableWrapper flex w-fit flex-col-reverse\" tabindex=\"-1\">\n<table class=\"w-fit min-w-(--thread-content-width)\" data-start=\"1684\" data-end=\"2562\">\n<thead data-start=\"1684\" data-end=\"1715\">\n<tr data-start=\"1684\" data-end=\"1715\">\n<th data-start=\"1684\" data-end=\"1700\" data-col-size=\"sm\"><strong data-start=\"1686\" data-end=\"1699\">Attribut<\/strong><\/th>\n<th data-start=\"1700\" data-end=\"1715\" data-col-size=\"md\"><strong data-start=\"1702\" data-end=\"1713\">Details<\/strong><\/th>\n<\/tr>\n<\/thead>\n<tbody data-start=\"1748\" data-end=\"2562\">\n<tr data-start=\"1748\" data-end=\"1785\">\n<td data-start=\"1748\" data-end=\"1767\" data-col-size=\"sm\"><strong data-start=\"1750\" data-end=\"1766\">Produktname<\/strong><\/td>\n<td data-col-size=\"md\" data-start=\"1767\" data-end=\"1785\">65-W-PD-Ladeger\u00e4t<\/td>\n<\/tr>\n<tr data-start=\"1786\" data-end=\"1819\">\n<td data-start=\"1786\" data-end=\"1805\" data-col-size=\"sm\"><strong data-start=\"1788\" data-end=\"1804\">Modellnummer<\/strong><\/td>\n<td data-col-size=\"md\" data-start=\"1805\" data-end=\"1819\">TR671C1AKR<\/td>\n<\/tr>\n<tr data-start=\"1820\" data-end=\"1862\">\n<td data-start=\"1820\" data-end=\"1842\" data-col-size=\"sm\"><strong data-start=\"1822\" data-end=\"1841\">Herkunftsort<\/strong><\/td>\n<td data-col-size=\"md\" data-start=\"1842\" data-end=\"1862\">China (Festland)<\/td>\n<\/tr>\n<tr data-start=\"1863\" data-end=\"1913\">\n<td data-start=\"1863\" data-end=\"1883\" data-col-size=\"sm\"><strong data-start=\"1865\" data-end=\"1882\">Eingangsspannung<\/strong><\/td>\n<td data-col-size=\"md\" data-start=\"1883\" data-end=\"1913\">100\u2013240 V Wechselstrom ~ 50\/60 Hz 1,5 A<\/td>\n<\/tr>\n<tr data-start=\"1914\" data-end=\"1984\">\n<td data-start=\"1914\" data-end=\"1935\" data-col-size=\"sm\"><strong data-start=\"1916\" data-end=\"1934\">Ausgang (USB-C)<\/strong><\/td>\n<td data-col-size=\"md\" data-start=\"1935\" data-end=\"1984\">5V\/3A, 9V\/3A, 12V\/3A, 15V\/3A, 20V\/3,25A (65W)<\/td>\n<\/tr>\n<tr data-start=\"1985\" data-end=\"2038\">\n<td data-start=\"1985\" data-end=\"2006\" data-col-size=\"sm\"><strong data-start=\"1987\" data-end=\"2005\">Ausgang (USB-A)<\/strong><\/td>\n<td data-col-size=\"md\" data-start=\"2006\" data-end=\"2038\">5V\/3A, 9V\/2A, 12V\/1,5A (18W)<\/td>\n<\/tr>\n<tr data-start=\"2039\" data-end=\"2141\">\n<td data-start=\"2039\" data-end=\"2069\" data-col-size=\"sm\"><strong data-start=\"2041\" data-end=\"2068\">Gesamtausgangsleistung (A + C)<\/strong><\/td>\n<td data-col-size=\"md\" data-start=\"2069\" data-end=\"2141\">USB-A: 5 V\/2,4 A; USB-C: 5 V\/3 A, 9 V\/3 A, 12 V\/3 A, 15 V\/3 A, 20 V\/2,25 A (45 W)<\/td>\n<\/tr>\n<tr data-start=\"2142\" data-end=\"2187\">\n<td data-start=\"2142\" data-end=\"2165\" data-col-size=\"sm\"><strong data-start=\"2144\" data-end=\"2164\">Steckdosenstandards<\/strong><\/td>\n<td data-start=\"2165\" data-end=\"2187\" data-col-size=\"md\">USA, EU, Gro\u00dfbritannien, Japan, KC<\/td>\n<\/tr>\n<tr data-start=\"2188\" data-end=\"2227\">\n<td data-start=\"2188\" data-end=\"2211\" data-col-size=\"sm\"><strong data-start=\"2190\" data-end=\"2210\">Verf\u00fcgbare Farben<\/strong><\/td>\n<td data-col-size=\"md\" data-start=\"2211\" data-end=\"2227\">Schwarz, Wei\u00df<\/td>\n<\/tr>\n<tr data-start=\"2228\" data-end=\"2264\">\n<td data-start=\"2228\" data-end=\"2243\" data-col-size=\"sm\"><strong data-start=\"2230\" data-end=\"2242\">Material<\/strong><\/td>\n<td data-col-size=\"md\" data-start=\"2243\" data-end=\"2264\">Feuerfester PC<\/td>\n<\/tr>\n<tr data-start=\"2265\" data-end=\"2286\">\n<td data-start=\"2265\" data-end=\"2278\" data-col-size=\"sm\"><strong data-start=\"2267\" data-end=\"2277\">Gewicht<\/strong><\/td>\n<td data-start=\"2278\" data-end=\"2286\" data-col-size=\"md\">108 g<\/td>\n<\/tr>\n<tr data-start=\"2287\" data-end=\"2368\">\n<td data-start=\"2287\" data-end=\"2313\" data-col-size=\"sm\"><strong data-start=\"2289\" data-end=\"2312\">Schutzfunktionen<\/strong><\/td>\n<td data-col-size=\"md\" data-start=\"2313\" data-end=\"2368\">Kurzschluss, \u00dcberspannung, \u00dcberstrom, \u00dcberlastung<\/td>\n<\/tr>\n<tr data-start=\"2369\" data-end=\"2398\">\n<td data-start=\"2369\" data-end=\"2392\" data-col-size=\"sm\"><strong data-start=\"2371\" data-end=\"2391\">Effizienzniveau<\/strong><\/td>\n<td data-col-size=\"md\" data-start=\"2392\" data-end=\"2398\">VI<\/td>\n<\/tr>\n<tr data-start=\"2399\" data-end=\"2464\">\n<td data-start=\"2399\" data-end=\"2420\" data-col-size=\"sm\"><strong data-start=\"2401\" data-end=\"2419\">Zertifizierungen<\/strong><\/td>\n<td data-col-size=\"md\" data-start=\"2420\" data-end=\"2464\">CE, FCC, ETL, KC, PSE, RoHS, REACH, UKCA<\/td>\n<\/tr>\n<tr data-start=\"2465\" data-end=\"2490\">\n<td data-start=\"2465\" data-end=\"2480\" data-col-size=\"sm\"><strong data-start=\"2467\" data-end=\"2479\">Garantie<\/strong><\/td>\n<td data-col-size=\"md\" data-start=\"2480\" data-end=\"2490\">1 Jahr<\/td>\n<\/tr>\n<tr data-start=\"2491\" data-end=\"2527\">\n<td data-start=\"2491\" data-end=\"2512\" data-col-size=\"sm\"><strong data-start=\"2493\" data-end=\"2511\">Betriebstemperatur<\/strong><\/td>\n<td data-col-size=\"md\" data-start=\"2512\" data-end=\"2527\">\u201320\u2103 bis 55\u2103<\/td>\n<\/tr>\n<tr data-start=\"2528\" data-end=\"2562\">\n<td data-start=\"2528\" data-end=\"2547\" data-col-size=\"sm\"><strong data-start=\"2530\" data-end=\"2546\">Lagertemperatur<\/strong><\/td>\n<td data-start=\"2547\" data-end=\"2562\" data-col-size=\"md\">\u201340\u2103 bis 70\u2103<\/td>\n<\/tr>\n<\/tbody>\n<\/table>\n<\/div>\n<\/div>\n<h2 data-start=\"2569\" data-end=\"2594\"><strong data-start=\"2572\" data-end=\"2594\">Wichtigste Verkaufsargumente<\/strong><\/h2>\n<p data-start=\"2596\" data-end=\"2631\"><strong data-start=\"2603\" data-end=\"2631\">Hochleistungsschnellladung<\/strong><\/p>\n<p data-start=\"2632\" data-end=\"2814\">Liefert bis zu <strong data-start=\"2647\" data-end=\"2679\">65 W \u00fcber USB-C Power Delivery<\/strong> \u2013 Ausreichend Kapazit\u00e4t zum Schnellladen kompatibler Laptops, Notebooks, Tablets und Smartphones. Ideal f\u00fcr Nutzer, die ein Ladeger\u00e4t f\u00fcr mehrere Ger\u00e4te ben\u00f6tigen.<\/p>\n<p data-start=\"2816\" data-end=\"2849\"><strong data-start=\"2823\" data-end=\"2849\">Flexibilit\u00e4t mehrerer Anschl\u00fcsse<\/strong><\/p>\n<p data-start=\"2850\" data-end=\"3021\">Ausgestattet mit USB-C- und USB-A-Anschl\u00fcssen bietet es eine flexible Stromverteilung f\u00fcr verschiedene Ger\u00e4tetypen. Laden Sie Smartphone und Laptop gleichzeitig ohne zus\u00e4tzliche Adapter.<\/p>\n<p data-start=\"3023\" data-end=\"3054\"><strong data-start=\"3030\" data-end=\"3054\">Globale Kompatibilit\u00e4t<\/strong><\/p>\n<p data-start=\"3055\" data-end=\"3187\">Dank des breiten Eingangsspannungsbereichs (100\u2013240 V) und f\u00fcnf Steckdosenstandards (US\/EU\/UK\/JP\/KC) eignet es sich perfekt f\u00fcr internationale Reisen oder Exportm\u00e4rkte.<\/p>\n<p data-start=\"3189\" data-end=\"3215\"><strong data-start=\"3196\" data-end=\"3215\">Erh\u00f6hte Sicherheit<\/strong><\/p>\n<p data-start=\"3216\" data-end=\"3374\">Integrierte Sicherheitsfunktionen sch\u00fctzen vor Kurzschl\u00fcssen, \u00dcberspannung, \u00dcberstrom und \u00dcberlastung und gew\u00e4hrleisten so ein sicheres Laden aller angeschlossenen Ger\u00e4te.<\/p>\n<p data-start=\"3376\" data-end=\"3404\"><strong data-start=\"3383\" data-end=\"3404\">Zertifizierte Qualit\u00e4t<\/strong><\/p>\n<p data-start=\"3405\" data-end=\"3592\">Multiregionale Zertifizierungen (CE, FCC, ETL, PSE, RoHS, REACH, UKCA) best\u00e4tigen die Einhaltung globaler Vorschriften und die Qualit\u00e4tssicherung \u2013 ein Pluspunkt f\u00fcr internationale Distributoren und Vertriebspartner.<\/p>\n<p data-start=\"3594\" data-end=\"3630\"><strong data-start=\"3601\" data-end=\"3630\">Kompaktes und zuverl\u00e4ssiges Design<\/strong><\/p>\n<p data-start=\"3631\" data-end=\"3760\">Das leichte, schlanke Geh\u00e4use aus hochwertigem PC-Material gew\u00e4hrleistet Langlebigkeit und ist gleichzeitig tragbar \u2013 ideal f\u00fcr den t\u00e4glichen Gebrauch oder Gesch\u00e4ftsreisen.<\/p>\n<h2 data-start=\"3767\" data-end=\"3786\"><strong data-start=\"3770\" data-end=\"3786\">Anwendungen<\/strong><\/h2>\n<p data-start=\"3788\" data-end=\"3833\">Das 65-W-PD-Ladeger\u00e4t TR671C1AKR ist perfekt geeignet f\u00fcr:<\/p>\n<ul data-start=\"3835\" data-end=\"4395\">\n<li data-start=\"3835\" data-end=\"3961\">\n<p data-start=\"3837\" data-end=\"3961\"><strong data-start=\"3837\" data-end=\"3868\">Laptop- und Notebook-Ladefunktion:<\/strong> USB-C PD bis zu 65W unterst\u00fctzt viele PD-f\u00e4hige Laptops.<\/p>\n<\/li>\n<li data-start=\"3962\" data-end=\"4095\">\n<p data-start=\"3964\" data-end=\"4095\"><strong data-start=\"3964\" data-end=\"3985\">Tablets &amp; Smartphones:<\/strong> Schnellladef\u00e4hige Ger\u00e4te mit PD- und adaptiven Spannungsprofilen.<\/p>\n<\/li>\n<li data-start=\"4096\" data-end=\"4183\">\n<p data-start=\"4098\" data-end=\"4183\"><strong data-start=\"4098\" data-end=\"4120\">Reisen &amp; Gesch\u00e4ft:<\/strong> Kompaktes Design mit globaler Steckdosenunterst\u00fctzung f\u00fcr weltweiten Einsatz.<\/p>\n<\/li>\n<li data-start=\"4184\" data-end=\"4282\">\n<p data-start=\"4186\" data-end=\"4282\"><strong data-start=\"4186\" data-end=\"4210\">Setups mit mehreren Ger\u00e4ten:<\/strong> Mit den kombinierten Ausg\u00e4ngen k\u00f6nnen Sie gleichzeitig ein Telefon, ein Tablet und weitere Ger\u00e4te mit Strom versorgen.<\/p>\n<\/li>\n<li data-start=\"4283\" data-end=\"4395\">\n<p data-start=\"4285\" data-end=\"4395\"><strong data-start=\"4285\" data-end=\"4312\">OEM\/ODM-Einzelhandelspakete:<\/strong> Ideal f\u00fcr die individuelle Gestaltung und das Private Labeling im Rahmen von Markenproduktangeboten.<\/p>\n<\/li>\n<\/ul>\n<h2 data-start=\"4402\" data-end=\"4442\"><strong data-start=\"4405\" data-end=\"4442\">Warum Sie sich f\u00fcr uns entscheiden sollten \u2013 Unternehmensvorteile<\/strong><\/h2>\n<p data-start=\"4444\" data-end=\"4871\">Als <strong data-start=\"4447\" data-end=\"4486\">Shenzhen Jialu Technology Co., Ltd.<\/strong>, Wir sind mehr als nur ein Ladeger\u00e4telieferant \u2013 wir sind ein <strong data-start=\"4535\" data-end=\"4567\">vertrauensw\u00fcrdiger OEM\/ODM-Hersteller<\/strong> mit starken Forschungs- und Entwicklungs- sowie Produktionskapazit\u00e4ten. Mit einem <strong data-start=\"4620\" data-end=\"4688\">6000 m\u00b2 gro\u00dfe Produktionsst\u00e4tte und rund 300 Fachkr\u00e4fte<\/strong>, Wir liefern hochwertige Energiel\u00f6sungen, die durch formale Qualit\u00e4ts- und Umweltsysteme abgesichert sind wie <strong data-start=\"4786\" data-end=\"4832\">ISO9001-, ISO14001- und BSCI-Zertifizierungen<\/strong>.<\/p>\n<p data-start=\"4873\" data-end=\"5141\">Unsere Produkte werden verkauft in <strong data-start=\"4898\" data-end=\"4916\">Mehr als 100 L\u00e4nder<\/strong>, Unterst\u00fctzt durch globale Sicherheitszertifizierungen und einen Kundenservice rund um die Uhr. Wir verwenden <strong data-start=\"4994\" data-end=\"5017\">A+ Markenkomponenten<\/strong> und fortschrittliche Automatisierung, um eine gleichbleibende Leistung und minimale Ausfallraten zu gew\u00e4hrleisten.<\/p>\n<h2 data-start=\"5148\" data-end=\"5166\"><strong data-start=\"5151\" data-end=\"5166\">Produkt-FAQ<\/strong><\/h2>\n<p data-start=\"5168\" data-end=\"5405\"><strong data-start=\"5168\" data-end=\"5218\">Frage 1: Ist dieses Ladeger\u00e4t mit meinem Laptop kompatibel?<\/strong><br data-start=\"5218\" data-end=\"5221\" \/>A: Ja \u2013 wenn Ihr Laptop USB-C Power Delivery unterst\u00fctzt und eine Eingangsleistung von bis zu 65 W ben\u00f6tigt, kann dieses Ladeger\u00e4t ihn mit Strom versorgen. \u00dcberpr\u00fcfen Sie immer die Leistungsanforderungen Ihres Ger\u00e4ts, um die Kompatibilit\u00e4t sicherzustellen.<\/p>\n<p data-start=\"5407\" data-end=\"5612\"><strong data-start=\"5407\" data-end=\"5462\">Frage 2: Kann ich mehrere Ger\u00e4te gleichzeitig aufladen?<\/strong><br data-start=\"5462\" data-end=\"5465\" \/>A: Ja \u2013 Sie k\u00f6nnen die USB-C- und USB-A-Anschl\u00fcsse gleichzeitig verwenden. Die Gesamtleistungsverteilung auf die Anschl\u00fcsse kann die Ausgangsleistung pro Anschluss je nach angeschlossener Last verringern.<\/p>\n<p data-start=\"5614\" data-end=\"5807\"><strong data-start=\"5614\" data-end=\"5670\">Frage 3: Welche Sicherheitsvorkehrungen bietet dieses Ladeger\u00e4t?<\/strong><br data-start=\"5670\" data-end=\"5673\" \/>A: Das Ladeger\u00e4t verf\u00fcgt \u00fcber Schutzmechanismen gegen Kurzschl\u00fcsse, \u00dcberstrom, \u00dcberspannung und \u00dcberlastung f\u00fcr ein sicheres Laden.<\/p>\n<p data-start=\"5809\" data-end=\"5955\"><strong data-start=\"5809\" data-end=\"5856\">Frage 4: Sind verschiedene Steckerstandards verf\u00fcgbar?<\/strong><br data-start=\"5856\" data-end=\"5859\" \/>A: Ja \u2013 wir bieten Konfigurationen f\u00fcr US-, EU-, UK-, JP- und KC-Steckdosen an, um die globalen M\u00e4rkte zu unterst\u00fctzen.<\/p>\n<p data-start=\"5957\" data-end=\"6128\"><strong data-start=\"5957\" data-end=\"6003\">F5: Kann ich Branding oder Verpackung individuell gestalten?<\/strong><br data-start=\"6003\" data-end=\"6006\" \/>A: Ja \u2013 OEM\/ODM-Anpassungen wie Logos, Verpackungen und Spezifikationen sind m\u00f6glich. Kontaktieren Sie uns f\u00fcr Informationen zu Mindestbestellmenge und Lieferzeit.<\/p>","protected":false},"excerpt":{"rendered":"<p><strong data-start=\"1750\" data-end=\"1766\">Produktname: <\/strong>65-W-PD-Ladeger\u00e4t<\/p>\n<p><strong data-start=\"1788\" data-end=\"1804\">Modellnummer: <\/strong>TR671C1AKR<\/p>\n<p><strong data-start=\"1822\" data-end=\"1841\">Herkunftsort: <\/strong>China (Festland)<\/p>\n<p><strong data-start=\"1865\" data-end=\"1882\">Eingangsspannung: <\/strong>100\u2013240 V Wechselstrom ~ 50\/60 Hz 1,5 A<\/p>\n<p><strong data-start=\"1916\" data-end=\"1934\">Ausgang (USB-C): <\/strong>5V\/3A, 9V\/3A, 12V\/3A, 15V\/3A, 20V\/3,25A (65W)<\/p>\n<p><strong data-start=\"1987\" data-end=\"2005\">Ausgang (USB-A): <\/strong>5V\/3A, 9V\/2A, 12V\/1,5A (18W)<\/p>\n<p><strong data-start=\"2041\" data-end=\"2068\">Gesamtausgangsleistung (A + C): <\/strong>USB-A: 5 V\/2,4 A; USB-C: 5 V\/3 A, 9 V\/3 A, 12 V\/3 A, 15 V\/3 A, 20 V\/2,25 A (45 W)<\/p>\n<p><strong data-start=\"2144\" data-end=\"2164\">Steckdosenstandards: <\/strong>USA, EU, Gro\u00dfbritannien, Japan, KC<\/p>\n<p><strong data-start=\"2190\" data-end=\"2210\">Verf\u00fcgbare Farben: <\/strong>Schwarz, Wei\u00df<\/p>\n<p><strong data-start=\"2230\" data-end=\"2242\">Material: <\/strong>Feuerfester PC<\/p>\n<p><strong data-start=\"2267\" data-end=\"2277\">Gewicht: <\/strong>108 g<\/p>\n<p><strong data-start=\"2289\" data-end=\"2312\">Schutzfunktionen: <\/strong>Kurzschluss, \u00dcberspannung, \u00dcberstrom, \u00dcberlastung<\/p>","protected":false},"featured_media":1481,"comment_status":"open","ping_status":"closed","template":"","meta":{"_acf_changed":false,"site-sidebar-layout":"default","site-content-layout":"","ast-site-content-layout":"default","site-content-style":"default","site-sidebar-style":"default","ast-global-header-display":"","ast-banner-title-visibility":"","ast-main-header-display":"","ast-hfb-above-header-display":"","ast-hfb-below-header-display":"","ast-hfb-mobile-header-display":"","site-post-title":"","ast-breadcrumbs-content":"","ast-featured-img":"","footer-sml-layout":"","ast-disable-related-posts":"","theme-transparent-header-meta":"default","adv-header-id-meta":"","stick-header-meta":"","header-above-stick-meta":"","header-main-stick-meta":"","header-below-stick-meta":"","astra-migrate-meta-layouts":"set","ast-page-background-enabled":"default","ast-page-background-meta":{"desktop":{"background-color":"var(--ast-global-color-5)","background-image":"","background-repeat":"repeat","background-position":"center center","background-size":"auto","background-attachment":"scroll","background-type":"","background-media":"","overlay-type":"","overlay-color":"","overlay-opacity":"","overlay-gradient":""},"tablet":{"background-color":"","background-image":"","background-repeat":"repeat","background-position":"center center","background-size":"auto","background-attachment":"scroll","background-type":"","background-media":"","overlay-type":"","overlay-color":"","overlay-opacity":"","overlay-gradient":""},"mobile":{"background-color":"","background-image":"","background-repeat":"repeat","background-position":"center center","background-size":"auto","background-attachment":"scroll","background-type":"","background-media":"","overlay-type":"","overlay-color":"","overlay-opacity":"","overlay-gradient":""}},"ast-content-background-meta":{"desktop":{"background-color":"var(--ast-global-color-4)","background-image":"","background-repeat":"repeat","background-position":"center center","background-size":"auto","background-attachment":"scroll","background-type":"","background-media":"","overlay-type":"","overlay-color":"","overlay-opacity":"","overlay-gradient":""},"tablet":{"background-color":"var(--ast-global-color-4)","background-image":"","background-repeat":"repeat","background-position":"center center","background-size":"auto","background-attachment":"scroll","background-type":"","background-media":"","overlay-type":"","overlay-color":"","overlay-opacity":"","overlay-gradient":""},"mobile":{"background-color":"var(--ast-global-color-4)","background-image":"","background-repeat":"repeat","background-position":"center center","background-size":"auto","background-attachment":"scroll","background-type":"","background-media":"","overlay-type":"","overlay-color":"","overlay-opacity":"","overlay-gradient":""}}},"product_brand":[],"product_cat":[44,30],"product_tag":[138,209,210,208],"class_list":{"0":"post-1480","1":"product","2":"type-product","3":"status-publish","4":"has-post-thumbnail","6":"product_cat-65w","7":"product_cat-gan-charger","8":"product_tag-65w-pd-charger","9":"product_tag-laptop-pd-charger","10":"product_tag-oem-odm-pd-charger","11":"product_tag-usb-c-pd-fast-charger","12":"desktop-align-left","13":"tablet-align-left","14":"mobile-align-left","16":"first","17":"instock","18":"shipping-taxable","19":"product-type-simple"},"acf":[],"_links":{"self":[{"href":"https:\/\/szjialu.com\/de\/wp-json\/wp\/v2\/product\/1480","targetHints":{"allow":["GET"]}}],"collection":[{"href":"https:\/\/szjialu.com\/de\/wp-json\/wp\/v2\/product"}],"about":[{"href":"https:\/\/szjialu.com\/de\/wp-json\/wp\/v2\/types\/product"}],"replies":[{"embeddable":true,"href":"https:\/\/szjialu.com\/de\/wp-json\/wp\/v2\/comments?post=1480"}],"wp:featuredmedia":[{"embeddable":true,"href":"https:\/\/szjialu.com\/de\/wp-json\/wp\/v2\/media\/1481"}],"wp:attachment":[{"href":"https:\/\/szjialu.com\/de\/wp-json\/wp\/v2\/media?parent=1480"}],"wp:term":[{"taxonomy":"product_brand","embeddable":true,"href":"https:\/\/szjialu.com\/de\/wp-json\/wp\/v2\/product_brand?post=1480"},{"taxonomy":"product_cat","embeddable":true,"href":"https:\/\/szjialu.com\/de\/wp-json\/wp\/v2\/product_cat?post=1480"},{"taxonomy":"product_tag","embeddable":true,"href":"https:\/\/szjialu.com\/de\/wp-json\/wp\/v2\/product_tag?post=1480"}],"curies":[{"name":"wp","href":"https:\/\/api.w.org\/{rel}","templated":true}]}}