{"id":1471,"date":"2025-12-18T14:14:45","date_gmt":"2025-12-18T14:14:45","guid":{"rendered":"https:\/\/szjialu.com\/?post_type=product&#038;p=1471"},"modified":"2026-02-19T07:06:34","modified_gmt":"2026-02-19T07:06:34","slug":"65w-pd-ladegerat-tr672c1aeu","status":"publish","type":"product","link":"https:\/\/szjialu.com\/de\/product\/65w-pd-charger-tr672c1aeu\/","title":{"rendered":"65W PD-Ladeger\u00e4t TR672C1AEU"},"content":{"rendered":"<h2>Produkt\u00fcbersicht<\/h2>\n<p data-start=\"941\" data-end=\"1257\">Der <strong data-start=\"945\" data-end=\"983\">65W PD-Ladeger\u00e4t (Modell: TR672C1AEU)<\/strong> ist ein kompaktes und leistungsstarkes Netzteil, das die Schnellladeanforderungen moderner elektronischer Ger\u00e4te erf\u00fcllt. <strong data-start=\"1120\" data-end=\"1173\">zwei USB-C Power Delivery-Anschl\u00fcsse und ein USB-A-Anschluss<\/strong>, Es erm\u00f6glicht das effiziente und intelligente Laden mehrerer Ger\u00e4te gleichzeitig.<\/p>\n<p data-start=\"1259\" data-end=\"1578\">Mit einem <strong data-start=\"1266\" data-end=\"1294\">breiter Eingangsspannungsbereich<\/strong>, Dank weltweiter Steckerkompatibilit\u00e4t und umfassendem Sicherheitsschutz eignet sich dieses Ladeger\u00e4t f\u00fcr den internationalen Vertrieb, OEM\/ODM-Kooperationen und den professionellen Einzelhandel. Sein geringes Gewicht und seine zuverl\u00e4ssige Leistung machen es zur idealen L\u00f6sung f\u00fcr Zuhause, B\u00fcro und unterwegs.<\/p>\n<h2 data-start=\"1585\" data-end=\"1606\">Spezifikationen<\/h2>\n<div class=\"TyagGW_tableContainer\">\n<div class=\"group TyagGW_tableWrapper flex w-fit flex-col-reverse\" tabindex=\"-1\">\n<table class=\"w-fit min-w-(--thread-content-width)\" data-start=\"1608\" data-end=\"2516\">\n<thead data-start=\"1608\" data-end=\"1626\">\n<tr data-start=\"1608\" data-end=\"1626\">\n<th data-start=\"1608\" data-end=\"1615\" data-col-size=\"sm\">Artikel<\/th>\n<th data-start=\"1615\" data-end=\"1626\" data-col-size=\"md\">Details<\/th>\n<\/tr>\n<\/thead>\n<tbody data-start=\"1644\" data-end=\"2516\">\n<tr data-start=\"1644\" data-end=\"1681\">\n<td data-start=\"1644\" data-end=\"1663\" data-col-size=\"sm\"><strong data-start=\"1646\" data-end=\"1662\">Produktname<\/strong><\/td>\n<td data-col-size=\"md\" data-start=\"1663\" data-end=\"1681\">65-W-PD-Ladeger\u00e4t<\/td>\n<\/tr>\n<tr data-start=\"1682\" data-end=\"1715\">\n<td data-start=\"1682\" data-end=\"1701\" data-col-size=\"sm\"><strong data-start=\"1684\" data-end=\"1700\">Modellnummer<\/strong><\/td>\n<td data-col-size=\"md\" data-start=\"1701\" data-end=\"1715\">TR672C1AEU<\/td>\n<\/tr>\n<tr data-start=\"1716\" data-end=\"1758\">\n<td data-start=\"1716\" data-end=\"1738\" data-col-size=\"sm\"><strong data-start=\"1718\" data-end=\"1737\">Herkunftsort<\/strong><\/td>\n<td data-col-size=\"md\" data-start=\"1738\" data-end=\"1758\">China (Festland)<\/td>\n<\/tr>\n<tr data-start=\"1759\" data-end=\"1798\">\n<td data-start=\"1759\" data-end=\"1771\" data-col-size=\"sm\"><strong data-start=\"1761\" data-end=\"1770\">Eingang<\/strong><\/td>\n<td data-col-size=\"md\" data-start=\"1771\" data-end=\"1798\">100\u2013240 V ~ 50\/60 Hz 1,5 A<\/td>\n<\/tr>\n<tr data-start=\"1799\" data-end=\"1872\">\n<td data-start=\"1799\" data-end=\"1819\" data-col-size=\"sm\"><strong data-start=\"1801\" data-end=\"1818\">USB-C1-Ausgang<\/strong><\/td>\n<td data-col-size=\"md\" data-start=\"1819\" data-end=\"1872\">5V\/3A, 9V\/3A, 12V\/3A, 15V\/3A, 20V\/3,25A (65W Max)<\/td>\n<\/tr>\n<tr data-start=\"1873\" data-end=\"1946\">\n<td data-start=\"1873\" data-end=\"1893\" data-col-size=\"sm\"><strong data-start=\"1875\" data-end=\"1892\">USB-C2-Ausgang<\/strong><\/td>\n<td data-col-size=\"md\" data-start=\"1893\" data-end=\"1946\">5V\/3A, 9V\/3A, 12V\/3A, 15V\/3A, 20V\/3,25A (65W Max)<\/td>\n<\/tr>\n<tr data-start=\"1947\" data-end=\"1994\">\n<td data-start=\"1947\" data-end=\"1966\" data-col-size=\"sm\"><strong data-start=\"1949\" data-end=\"1965\">USB-A-Ausgang<\/strong><\/td>\n<td data-col-size=\"md\" data-start=\"1966\" data-end=\"1994\">5 V\/2,4 A, 9 V\/2 A, 12 V\/1,5 A<\/td>\n<\/tr>\n<tr data-start=\"1995\" data-end=\"2067\">\n<td data-start=\"1995\" data-end=\"2017\" data-col-size=\"sm\"><strong data-start=\"1997\" data-end=\"2016\">Gesamtleistung<\/strong><\/td>\n<td data-start=\"2017\" data-end=\"2067\" data-col-size=\"md\">C1+C2: 45W+20W \/ C1+A: 45W+18W \/ C2+A: 45W+18W<\/td>\n<\/tr>\n<tr data-start=\"2068\" data-end=\"2116\">\n<td data-start=\"2068\" data-end=\"2090\" data-col-size=\"sm\"><strong data-start=\"2070\" data-end=\"2089\">Steckdosenstandard<\/strong><\/td>\n<td data-start=\"2090\" data-end=\"2116\" data-col-size=\"md\">USA \/ EU \/ Gro\u00dfbritannien \/ Japan \/ KC<\/td>\n<\/tr>\n<tr data-start=\"2117\" data-end=\"2156\">\n<td data-start=\"2117\" data-end=\"2132\" data-col-size=\"sm\"><strong data-start=\"2119\" data-end=\"2131\">Material<\/strong><\/td>\n<td data-start=\"2132\" data-end=\"2156\" data-col-size=\"md\">PC (flammhemmend)<\/td>\n<\/tr>\n<tr data-start=\"2157\" data-end=\"2186\">\n<td data-start=\"2157\" data-end=\"2170\" data-col-size=\"sm\"><strong data-start=\"2159\" data-end=\"2169\">Farben<\/strong><\/td>\n<td data-start=\"2170\" data-end=\"2186\" data-col-size=\"md\">Schwarz, Wei\u00df<\/td>\n<\/tr>\n<tr data-start=\"2187\" data-end=\"2208\">\n<td data-start=\"2187\" data-end=\"2200\" data-col-size=\"sm\"><strong data-start=\"2189\" data-end=\"2199\">Gewicht<\/strong><\/td>\n<td data-start=\"2200\" data-end=\"2208\" data-col-size=\"md\">108 g<\/td>\n<\/tr>\n<tr data-start=\"2209\" data-end=\"2241\">\n<td data-start=\"2209\" data-end=\"2223\" data-col-size=\"sm\"><strong data-start=\"2211\" data-end=\"2222\">Verpackung<\/strong><\/td>\n<td data-start=\"2223\" data-end=\"2241\" data-col-size=\"md\">PE-Beutelverpackung<\/td>\n<\/tr>\n<tr data-start=\"2242\" data-end=\"2281\">\n<td data-start=\"2242\" data-end=\"2265\" data-col-size=\"sm\"><strong data-start=\"2244\" data-end=\"2264\">Effizienzniveau<\/strong><\/td>\n<td data-start=\"2265\" data-end=\"2281\" data-col-size=\"md\">DOE Stufe VI<\/td>\n<\/tr>\n<tr data-start=\"2282\" data-end=\"2355\">\n<td data-start=\"2282\" data-end=\"2299\" data-col-size=\"sm\"><strong data-start=\"2284\" data-end=\"2298\">Schutz<\/strong><\/td>\n<td data-start=\"2299\" data-end=\"2355\" data-col-size=\"md\">Kurzschluss, \u00dcberspannung, \u00dcberstrom, \u00dcberlastung<\/td>\n<\/tr>\n<tr data-start=\"2356\" data-end=\"2406\">\n<td data-start=\"2356\" data-end=\"2375\" data-col-size=\"sm\"><strong data-start=\"2358\" data-end=\"2374\">Zertifikate<\/strong><\/td>\n<td data-start=\"2375\" data-end=\"2406\" data-col-size=\"md\">CE, FCC, ETL, KC, PSE, RoHS<\/td>\n<\/tr>\n<tr data-start=\"2407\" data-end=\"2432\">\n<td data-start=\"2407\" data-end=\"2422\" data-col-size=\"sm\"><strong data-start=\"2409\" data-end=\"2421\">Garantie<\/strong><\/td>\n<td data-start=\"2422\" data-end=\"2432\" data-col-size=\"md\">1 Jahr<\/td>\n<\/tr>\n<tr data-start=\"2433\" data-end=\"2475\">\n<td data-start=\"2433\" data-end=\"2461\" data-col-size=\"sm\"><strong data-start=\"2435\" data-end=\"2460\">Betriebstemperatur<\/strong><\/td>\n<td data-start=\"2461\" data-end=\"2475\" data-col-size=\"md\">-20\u2103 ~ 55\u2103<\/td>\n<\/tr>\n<tr data-start=\"2476\" data-end=\"2516\">\n<td data-start=\"2476\" data-end=\"2502\" data-col-size=\"sm\"><strong data-start=\"2478\" data-end=\"2501\">Lagertemperatur<\/strong><\/td>\n<td data-start=\"2502\" data-end=\"2516\" data-col-size=\"md\">-40\u2103 ~ 70\u2103<\/td>\n<\/tr>\n<\/tbody>\n<\/table>\n<\/div>\n<\/div>\n<h2 data-start=\"2523\" data-end=\"2547\">Wichtigste Verkaufsargumente<\/h2>\n<p data-start=\"2549\" data-end=\"2590\">Leistungsstarke 65-W-USB-C-Stromversorgung<\/p>\n<p data-start=\"2591\" data-end=\"2718\">Jeder USB-C-Anschluss unterst\u00fctzt bis zu <strong data-start=\"2622\" data-end=\"2639\">65 W PD-Ausgangsleistung<\/strong>, erm\u00f6glicht schnelles und stabiles Laden von USB-C-Laptops, Notebooks und Tablets.<\/p>\n<p data-start=\"2720\" data-end=\"2760\">Intelligentes Laden \u00fcber mehrere Ports<\/p>\n<p data-start=\"2761\" data-end=\"2891\">Unterst\u00fctzt <strong data-start=\"2770\" data-end=\"2818\">gleichzeitiges Laden von bis zu drei Ger\u00e4ten<\/strong>, Mit intelligenter Energieverteilung zur Aufrechterhaltung optimaler Leistung und Sicherheit.<\/p>\n<p data-start=\"2893\" data-end=\"2922\">Globale Kompatibilit\u00e4t<\/p>\n<p data-start=\"2923\" data-end=\"3056\">Dank des breiten Eingangsspannungsbereichs und der Kompatibilit\u00e4t mit verschiedenen Steckdosenstandards eignet sich dieses Ladeger\u00e4t f\u00fcr <strong data-start=\"3009\" data-end=\"3055\">Weltm\u00e4rkte und internationale Reisen<\/strong>.<\/p>\n<p data-start=\"3058\" data-end=\"3098\">Umfassender Sicherheitsschutz<\/p>\n<p data-start=\"3099\" data-end=\"3239\">Eingebaute Schutzmechanismen verhindern effektiv Kurzschl\u00fcsse, \u00dcberspannung, \u00dcberstrom und \u00dcberlastung und gew\u00e4hrleisten so langfristige Zuverl\u00e4ssigkeit.<\/p>\n<p data-start=\"3241\" data-end=\"3278\">Kompaktes und leichtes Design<\/p>\n<p data-start=\"3279\" data-end=\"3408\">Mit einem Gewicht von nur <strong data-start=\"3301\" data-end=\"3309\">108 g<\/strong>, Das Ladeger\u00e4t ist tragbar und leicht zu transportieren, ideal f\u00fcr mobile Berufst\u00e4tige und Vielreisende.<\/p>\n<h2 data-start=\"3415\" data-end=\"3486\">Unternehmensvorteil \u2013 Starke Fertigungs- und Compliance-Kompetenz<\/h2>\n<p data-start=\"3488\" data-end=\"3838\">Einer der Hauptvorteile von Shenzhen Jialu Technology, wie er sich widerspiegelt <strong data-start=\"3560\" data-end=\"3575\">szjialu.com<\/strong>, ist es <strong data-start=\"3584\" data-end=\"3670\">ausgereiftes Fertigungssystem kombiniert mit strengem Qualit\u00e4ts- und Compliance-Management<\/strong>. Das Unternehmen konzentriert sich auf Stromversorgungs- und Ladel\u00f6sungen und verf\u00fcgt \u00fcber eine eigene Produktion, standardisierte Prozesse und umfassende Tests, um die Produktkonsistenz zu gew\u00e4hrleisten.<\/p>\n<p data-start=\"3840\" data-end=\"3866\">Zu Jialus St\u00e4rken geh\u00f6ren:<\/p>\n<ul data-start=\"3867\" data-end=\"4070\">\n<li data-start=\"3867\" data-end=\"3909\">\n<p data-start=\"3869\" data-end=\"3909\">Stabile Produktionskapazit\u00e4t im gro\u00dfen Ma\u00dfstab<\/p>\n<\/li>\n<li data-start=\"3910\" data-end=\"3958\">\n<p data-start=\"3912\" data-end=\"3958\">Mehrere internationale Sicherheitszertifizierungen<\/p>\n<\/li>\n<li data-start=\"3959\" data-end=\"4014\">\n<p data-start=\"3961\" data-end=\"4014\">Strenge Qualit\u00e4tskontrolle in jeder Produktionsphase<\/p>\n<\/li>\n<li data-start=\"4015\" data-end=\"4070\">\n<p data-start=\"4017\" data-end=\"4070\">Flexible OEM\/ODM-Anpassung f\u00fcr globale Kunden<\/p>\n<\/li>\n<\/ul>\n<p data-start=\"4072\" data-end=\"4182\">Dies erm\u00f6glicht es Jialu, zuverl\u00e4ssige PD-Ladel\u00f6sungen f\u00fcr Marken, Distributoren und Importeure weltweit anzubieten.<\/p>\n<h2 data-start=\"4189\" data-end=\"4208\">Anwendungen<\/h2>\n<p data-start=\"4210\" data-end=\"4260\">Der <strong data-start=\"4214\" data-end=\"4243\">TR672C1AEU 65W PD-Ladeger\u00e4t<\/strong> ist geeignet f\u00fcr:<\/p>\n<ul data-start=\"4262\" data-end=\"4461\">\n<li data-start=\"4262\" data-end=\"4293\">\n<p data-start=\"4264\" data-end=\"4293\">USB-C-Laptops und -Notebooks<\/p>\n<\/li>\n<li data-start=\"4294\" data-end=\"4315\">\n<p data-start=\"4296\" data-end=\"4315\">Tablets und iPads<\/p>\n<\/li>\n<li data-start=\"4316\" data-end=\"4349\">\n<p data-start=\"4318\" data-end=\"4349\">Smartphones und Mobiltelefone<\/p>\n<\/li>\n<li data-start=\"4350\" data-end=\"4385\">\n<p data-start=\"4352\" data-end=\"4385\">Ladeeinrichtungen f\u00fcr B\u00fcro und Zuhause<\/p>\n<\/li>\n<li data-start=\"4386\" data-end=\"4413\">\n<p data-start=\"4388\" data-end=\"4413\">Reise- und Gesch\u00e4ftsnutzung<\/p>\n<\/li>\n<li data-start=\"4414\" data-end=\"4461\">\n<p data-start=\"4416\" data-end=\"4461\">OEM-Produktpakete und Einzelhandelsvertrieb<\/p>\n<\/li>\n<\/ul>\n<h2 data-start=\"4468\" data-end=\"4485\">Produkt-FAQ<\/h2>\n<p data-start=\"4487\" data-end=\"4655\"><strong data-start=\"4487\" data-end=\"4532\">Frage 1: Kann dieses Ladeger\u00e4t auch f\u00fcr Laptops verwendet werden?<\/strong><br data-start=\"4532\" data-end=\"4535\" \/>Ja. Es unterst\u00fctzt USB-C Power Delivery bis zu ... <strong data-start=\"4579\" data-end=\"4586\">65 W<\/strong>, Dadurch eignet es sich f\u00fcr die meisten USB-C-Laptops, die 65 W oder weniger ben\u00f6tigen.<\/p>\n<p data-start=\"4657\" data-end=\"4828\"><strong data-start=\"4657\" data-end=\"4720\">Frage 2: Ist es sicher, mehrere Ger\u00e4te gleichzeitig aufzuladen?<\/strong><br data-start=\"4720\" data-end=\"4723\" \/>Ja. Intelligente Stromverteilung und integrierter Schutz gew\u00e4hrleisten sicheres und stabiles Laden mehrerer Ger\u00e4te.<\/p>\n<p data-start=\"4830\" data-end=\"4987\"><strong data-start=\"4830\" data-end=\"4886\">Frage 3: Unterst\u00fctzt es internationale Spannungsstandards?<\/strong><br data-start=\"4886\" data-end=\"4889\" \/>Ja. Das Ladeger\u00e4t unterst\u00fctzt <strong data-start=\"4915\" data-end=\"4933\">100\u2013240 V Eingang<\/strong>, geeignet f\u00fcr den Einsatz in verschiedenen L\u00e4ndern und Regionen.<\/p>\n<p data-start=\"4989\" data-end=\"5133\"><strong data-start=\"4989\" data-end=\"5032\">Frage 4: Bieten Sie OEM- oder ODM-Dienstleistungen an?<\/strong><br data-start=\"5032\" data-end=\"5035\" \/>Ja. Wir bieten OEM\/ODM-Dienstleistungen an, darunter Logodruck, Steckeroptionen und Verpackungsanpassung.<\/p>\n<p data-start=\"5135\" data-end=\"5301\"><strong data-start=\"5135\" data-end=\"5186\">Frage 5: \u00dcber welche Zertifizierungen verf\u00fcgt dieses Ladeger\u00e4t?<\/strong><br data-start=\"5186\" data-end=\"5189\" \/>Das Produkt ist zertifiziert mit <strong data-start=\"5219\" data-end=\"5254\">CE, FCC, ETL, KC, PSE und RoHS<\/strong>, die wichtigsten globalen Compliance-Anforderungen erf\u00fcllen.<\/p>","protected":false},"excerpt":{"rendered":"<p><strong data-start=\"1646\" data-end=\"1662\">Produktname: <\/strong>65-W-PD-Ladeger\u00e4t<\/p>\n<p><strong data-start=\"1684\" data-end=\"1700\">Modellnummer: <\/strong>TR672C1AEU<\/p>\n<p><strong data-start=\"1718\" data-end=\"1737\">Herkunftsort: <\/strong>China (Festland)<\/p>\n<p><strong data-start=\"1761\" data-end=\"1770\">Eingang: <\/strong>100\u2013240 V ~ 50\/60 Hz 1,5 A<\/p>\n<p><strong data-start=\"1801\" data-end=\"1818\">USB-C1-Ausgang: <\/strong>5V\/3A, 9V\/3A, 12V\/3A, 15V\/3A, 20V\/3,25A (65W Max)<\/p>\n<p><strong data-start=\"1875\" data-end=\"1892\">USB-C2-Ausgang: <\/strong>5V\/3A, 9V\/3A, 12V\/3A, 15V\/3A, 20V\/3,25A (65W Max)<\/p>\n<p><strong data-start=\"1949\" data-end=\"1965\">USB-A-Ausgang: <\/strong>5 V\/2,4 A, 9 V\/2 A, 12 V\/1,5 A<\/p>\n<p><strong data-start=\"1997\" data-end=\"2016\">Gesamtleistung <\/strong>C1+C2: 45W+20W \/ C1+A: 45W+18W \/ C2+A: 45W+18W<\/p>\n<p><strong data-start=\"2070\" data-end=\"2089\">Steckdosenstandard: <\/strong>USA \/ EU \/ Gro\u00dfbritannien \/ Japan \/ KC<\/p>\n<p><strong data-start=\"2119\" data-end=\"2131\">Material: <\/strong>PC (flammhemmend)<\/p>\n<p><strong data-start=\"2159\" data-end=\"2169\">Farben: <\/strong>Schwarz, Wei\u00df<\/p>\n<p><strong data-start=\"2189\" data-end=\"2199\">Gewicht: <\/strong>108 g<\/p>\n<p><strong data-start=\"2211\" data-end=\"2222\">Verpackung: <\/strong>PE-Beutelverpackung<\/p>","protected":false},"featured_media":1472,"comment_status":"open","ping_status":"closed","template":"","meta":{"_acf_changed":false,"site-sidebar-layout":"default","site-content-layout":"","ast-site-content-layout":"default","site-content-style":"default","site-sidebar-style":"default","ast-global-header-display":"","ast-banner-title-visibility":"","ast-main-header-display":"","ast-hfb-above-header-display":"","ast-hfb-below-header-display":"","ast-hfb-mobile-header-display":"","site-post-title":"","ast-breadcrumbs-content":"","ast-featured-img":"","footer-sml-layout":"","ast-disable-related-posts":"","theme-transparent-header-meta":"default","adv-header-id-meta":"","stick-header-meta":"","header-above-stick-meta":"","header-main-stick-meta":"","header-below-stick-meta":"","astra-migrate-meta-layouts":"set","ast-page-background-enabled":"default","ast-page-background-meta":{"desktop":{"background-color":"var(--ast-global-color-5)","background-image":"","background-repeat":"repeat","background-position":"center center","background-size":"auto","background-attachment":"scroll","background-type":"","background-media":"","overlay-type":"","overlay-color":"","overlay-opacity":"","overlay-gradient":""},"tablet":{"background-color":"","background-image":"","background-repeat":"repeat","background-position":"center center","background-size":"auto","background-attachment":"scroll","background-type":"","background-media":"","overlay-type":"","overlay-color":"","overlay-opacity":"","overlay-gradient":""},"mobile":{"background-color":"","background-image":"","background-repeat":"repeat","background-position":"center center","background-size":"auto","background-attachment":"scroll","background-type":"","background-media":"","overlay-type":"","overlay-color":"","overlay-opacity":"","overlay-gradient":""}},"ast-content-background-meta":{"desktop":{"background-color":"var(--ast-global-color-4)","background-image":"","background-repeat":"repeat","background-position":"center center","background-size":"auto","background-attachment":"scroll","background-type":"","background-media":"","overlay-type":"","overlay-color":"","overlay-opacity":"","overlay-gradient":""},"tablet":{"background-color":"var(--ast-global-color-4)","background-image":"","background-repeat":"repeat","background-position":"center center","background-size":"auto","background-attachment":"scroll","background-type":"","background-media":"","overlay-type":"","overlay-color":"","overlay-opacity":"","overlay-gradient":""},"mobile":{"background-color":"var(--ast-global-color-4)","background-image":"","background-repeat":"repeat","background-position":"center center","background-size":"auto","background-attachment":"scroll","background-type":"","background-media":"","overlay-type":"","overlay-color":"","overlay-opacity":"","overlay-gradient":""}}},"product_brand":[],"product_cat":[44,30],"product_tag":[206,138,91,181],"class_list":{"0":"post-1471","1":"product","2":"type-product","3":"status-publish","4":"has-post-thumbnail","6":"product_cat-65w","7":"product_cat-gan-charger","8":"product_tag-65w-fast-charger","9":"product_tag-65w-pd-charger","10":"product_tag-dual-usb-c-charger","11":"product_tag-usb-c-pd-charger","12":"desktop-align-left","13":"tablet-align-left","14":"mobile-align-left","16":"first","17":"instock","18":"shipping-taxable","19":"product-type-simple"},"acf":[],"_links":{"self":[{"href":"https:\/\/szjialu.com\/de\/wp-json\/wp\/v2\/product\/1471","targetHints":{"allow":["GET"]}}],"collection":[{"href":"https:\/\/szjialu.com\/de\/wp-json\/wp\/v2\/product"}],"about":[{"href":"https:\/\/szjialu.com\/de\/wp-json\/wp\/v2\/types\/product"}],"replies":[{"embeddable":true,"href":"https:\/\/szjialu.com\/de\/wp-json\/wp\/v2\/comments?post=1471"}],"wp:featuredmedia":[{"embeddable":true,"href":"https:\/\/szjialu.com\/de\/wp-json\/wp\/v2\/media\/1472"}],"wp:attachment":[{"href":"https:\/\/szjialu.com\/de\/wp-json\/wp\/v2\/media?parent=1471"}],"wp:term":[{"taxonomy":"product_brand","embeddable":true,"href":"https:\/\/szjialu.com\/de\/wp-json\/wp\/v2\/product_brand?post=1471"},{"taxonomy":"product_cat","embeddable":true,"href":"https:\/\/szjialu.com\/de\/wp-json\/wp\/v2\/product_cat?post=1471"},{"taxonomy":"product_tag","embeddable":true,"href":"https:\/\/szjialu.com\/de\/wp-json\/wp\/v2\/product_tag?post=1471"}],"curies":[{"name":"wp","href":"https:\/\/api.w.org\/{rel}","templated":true}]}}