{"id":1463,"date":"2025-12-18T13:49:24","date_gmt":"2025-12-18T13:49:24","guid":{"rendered":"https:\/\/szjialu.com\/?post_type=product&#038;p=1463"},"modified":"2026-02-19T07:11:00","modified_gmt":"2026-02-19T07:11:00","slug":"65w-pd-ladegerat-tr672c1aus","status":"publish","type":"product","link":"https:\/\/szjialu.com\/de\/product\/65w-pd-charger-tr672c1aus\/","title":{"rendered":"65W PD-Ladeger\u00e4t TR672C1AUS"},"content":{"rendered":"<h2 data-start=\"914\" data-end=\"937\">Produkt\u00fcbersicht<\/h2>\n<p data-start=\"939\" data-end=\"1267\">Der <strong data-start=\"943\" data-end=\"981\"><a href=\"https:\/\/szjialu.com\/de\/product-category\/gan-ladegerat\/65-w\/\">65-W-PD-Ladeger\u00e4t<\/a> (Modell: TR672C1AUS)<\/strong> ist ein leistungsstarkes USB-Power-Delivery-Ladeger\u00e4t, das speziell f\u00fcr die Schnellladeanforderungen moderner elektronischer Ger\u00e4te entwickelt wurde. Ausgestattet mit <strong data-start=\"1116\" data-end=\"1157\">zwei USB-C PD-Anschl\u00fcsse und ein USB-A-Anschluss<\/strong>, Es verteilt die Leistung intelligent, um Laptops, Notebooks, Tablets und Mobiltelefone gleichzeitig zu unterst\u00fctzen.<\/p>\n<p data-start=\"1269\" data-end=\"1501\">Hergestellt in China unter Verwendung von <strong data-start=\"1297\" data-end=\"1327\">feuerbest\u00e4ndiges PC-Material<\/strong> Da dieses Ladeger\u00e4t globalen Sicherheits- und Effizienzstandards entspricht, ist es ideal f\u00fcr internationale M\u00e4rkte, OEM-Projekte, den Einzelhandel und professionelle Anwendungen.<\/p>\n<h2 data-start=\"1508\" data-end=\"1529\">Spezifikationen<\/h2>\n<div class=\"TyagGW_tableContainer\">\n<div class=\"group TyagGW_tableWrapper flex w-fit flex-col-reverse\" tabindex=\"-1\">\n<table class=\"w-fit min-w-(--thread-content-width)\" data-start=\"1531\" data-end=\"2484\">\n<thead data-start=\"1531\" data-end=\"1549\">\n<tr data-start=\"1531\" data-end=\"1549\">\n<th data-start=\"1531\" data-end=\"1538\" data-col-size=\"sm\">Artikel<\/th>\n<th data-start=\"1538\" data-end=\"1549\" data-col-size=\"md\">Details<\/th>\n<\/tr>\n<\/thead>\n<tbody data-start=\"1567\" data-end=\"2484\">\n<tr data-start=\"1567\" data-end=\"1604\">\n<td data-start=\"1567\" data-end=\"1586\" data-col-size=\"sm\"><strong data-start=\"1569\" data-end=\"1585\">Produktname<\/strong><\/td>\n<td data-start=\"1586\" data-end=\"1604\" data-col-size=\"md\">65-W-PD-Ladeger\u00e4t<\/td>\n<\/tr>\n<tr data-start=\"1605\" data-end=\"1638\">\n<td data-start=\"1605\" data-end=\"1624\" data-col-size=\"sm\"><strong data-start=\"1607\" data-end=\"1623\">Modellnummer<\/strong><\/td>\n<td data-start=\"1624\" data-end=\"1638\" data-col-size=\"md\">TR672C1AUS<\/td>\n<\/tr>\n<tr data-start=\"1639\" data-end=\"1681\">\n<td data-start=\"1639\" data-end=\"1661\" data-col-size=\"sm\"><strong data-start=\"1641\" data-end=\"1660\">Herkunftsort<\/strong><\/td>\n<td data-start=\"1661\" data-end=\"1681\" data-col-size=\"md\">China (Festland)<\/td>\n<\/tr>\n<tr data-start=\"1682\" data-end=\"1729\">\n<td data-start=\"1682\" data-end=\"1702\" data-col-size=\"sm\"><strong data-start=\"1684\" data-end=\"1701\">Eingangsspannung<\/strong><\/td>\n<td data-start=\"1702\" data-end=\"1729\" data-col-size=\"md\">100\u2013240 V ~ 50\/60 Hz 1,5 A<\/td>\n<\/tr>\n<tr data-start=\"1730\" data-end=\"1803\">\n<td data-start=\"1730\" data-end=\"1750\" data-col-size=\"sm\"><strong data-start=\"1732\" data-end=\"1749\">USB-C1-Ausgang<\/strong><\/td>\n<td data-start=\"1750\" data-end=\"1803\" data-col-size=\"md\">5V\/3A, 9V\/3A, 12V\/3A, 15V\/3A, 20V\/3,25A (Max. 65W)<\/td>\n<\/tr>\n<tr data-start=\"1804\" data-end=\"1877\">\n<td data-start=\"1804\" data-end=\"1824\" data-col-size=\"sm\"><strong data-start=\"1806\" data-end=\"1823\">USB-C2-Ausgang<\/strong><\/td>\n<td data-start=\"1824\" data-end=\"1877\" data-col-size=\"md\">5V\/3A, 9V\/3A, 12V\/3A, 15V\/3A, 20V\/3,25A (Max. 65W)<\/td>\n<\/tr>\n<tr data-start=\"1878\" data-end=\"1925\">\n<td data-start=\"1878\" data-end=\"1897\" data-col-size=\"sm\"><strong data-start=\"1880\" data-end=\"1896\">USB-A-Ausgang<\/strong><\/td>\n<td data-start=\"1897\" data-end=\"1925\" data-col-size=\"md\">5 V\/2,4 A, 9 V\/2 A, 12 V\/1,5 A<\/td>\n<\/tr>\n<tr data-start=\"1926\" data-end=\"2008\">\n<td data-start=\"1926\" data-end=\"1958\" data-col-size=\"sm\"><strong data-start=\"1928\" data-end=\"1957\">Dual-\/Triple-Port-Ausgang<\/strong><\/td>\n<td data-start=\"1958\" data-end=\"2008\" data-col-size=\"md\">C1+C2: 45W+20W \/ C1+A: 45W+18W \/ C2+A: 45W+18W<\/td>\n<\/tr>\n<tr data-start=\"2009\" data-end=\"2058\">\n<td data-start=\"2009\" data-end=\"2032\" data-col-size=\"sm\"><strong data-start=\"2011\" data-end=\"2031\">Steckdosenstandards<\/strong><\/td>\n<td data-start=\"2032\" data-end=\"2058\" data-col-size=\"md\">USA \/ EU \/ Gro\u00dfbritannien \/ Japan \/ KC<\/td>\n<\/tr>\n<tr data-start=\"2059\" data-end=\"2098\">\n<td data-start=\"2059\" data-end=\"2074\" data-col-size=\"sm\"><strong data-start=\"2061\" data-end=\"2073\">Material<\/strong><\/td>\n<td data-start=\"2074\" data-end=\"2098\" data-col-size=\"md\">PC (flammhemmend)<\/td>\n<\/tr>\n<tr data-start=\"2099\" data-end=\"2135\">\n<td data-start=\"2099\" data-end=\"2119\" data-col-size=\"sm\"><strong data-start=\"2101\" data-end=\"2118\">Farboptionen<\/strong><\/td>\n<td data-start=\"2119\" data-end=\"2135\" data-col-size=\"md\">Schwarz, Wei\u00df<\/td>\n<\/tr>\n<tr data-start=\"2136\" data-end=\"2157\">\n<td data-start=\"2136\" data-end=\"2149\" data-col-size=\"sm\"><strong data-start=\"2138\" data-end=\"2148\">Gewicht<\/strong><\/td>\n<td data-start=\"2149\" data-end=\"2157\" data-col-size=\"md\">108 g<\/td>\n<\/tr>\n<tr data-start=\"2158\" data-end=\"2190\">\n<td data-start=\"2158\" data-end=\"2172\" data-col-size=\"sm\"><strong data-start=\"2160\" data-end=\"2171\">Verpackung<\/strong><\/td>\n<td data-start=\"2172\" data-end=\"2190\" data-col-size=\"md\">PE-Beutelverpackung<\/td>\n<\/tr>\n<tr data-start=\"2191\" data-end=\"2230\">\n<td data-start=\"2191\" data-end=\"2214\" data-col-size=\"sm\"><strong data-start=\"2193\" data-end=\"2213\">Effizienzniveau<\/strong><\/td>\n<td data-start=\"2214\" data-end=\"2230\" data-col-size=\"md\">DOE Stufe VI<\/td>\n<\/tr>\n<tr data-start=\"2231\" data-end=\"2317\">\n<td data-start=\"2231\" data-end=\"2258\" data-col-size=\"sm\"><strong data-start=\"2233\" data-end=\"2257\">Schutzfunktionen<\/strong><\/td>\n<td data-start=\"2258\" data-end=\"2317\" data-col-size=\"md\">Kurzschluss \/ \u00dcberspannung \/ \u00dcberstrom \/ \u00dcberlastung<\/td>\n<\/tr>\n<tr data-start=\"2318\" data-end=\"2370\">\n<td data-start=\"2318\" data-end=\"2339\" data-col-size=\"sm\"><strong data-start=\"2320\" data-end=\"2338\">Zertifizierungen<\/strong><\/td>\n<td data-start=\"2339\" data-end=\"2370\" data-col-size=\"md\">CE, FCC, ETL, KC, PSE, RoHS<\/td>\n<\/tr>\n<tr data-start=\"2371\" data-end=\"2396\">\n<td data-start=\"2371\" data-end=\"2386\" data-col-size=\"sm\"><strong data-start=\"2373\" data-end=\"2385\">Garantie<\/strong><\/td>\n<td data-start=\"2386\" data-end=\"2396\" data-col-size=\"md\">1 Jahr<\/td>\n<\/tr>\n<tr data-start=\"2397\" data-end=\"2441\">\n<td data-start=\"2397\" data-end=\"2425\" data-col-size=\"sm\"><strong data-start=\"2399\" data-end=\"2424\">Betriebstemperatur<\/strong><\/td>\n<td data-start=\"2425\" data-end=\"2441\" data-col-size=\"md\">-20 \u00b0C ~ 55 \u00b0C<\/td>\n<\/tr>\n<tr data-start=\"2442\" data-end=\"2484\">\n<td data-start=\"2442\" data-end=\"2468\" data-col-size=\"sm\"><strong data-start=\"2444\" data-end=\"2467\">Lagertemperatur<\/strong><\/td>\n<td data-start=\"2468\" data-end=\"2484\" data-col-size=\"md\">-40 \u00b0C ~ 70 \u00b0C<\/td>\n<\/tr>\n<\/tbody>\n<\/table>\n<\/div>\n<\/div>\n<h2 data-start=\"2491\" data-end=\"2515\">Wichtigste Verkaufsargumente<\/h2>\n<p data-start=\"2517\" data-end=\"2557\">65-W-Hochleistungs-USB-C-PD-Ladefunktion<\/p>\n<p data-start=\"2558\" data-end=\"2689\">Jeder USB-C-Anschluss unterst\u00fctzt bis zu <strong data-start=\"2589\" data-end=\"2611\">65 W Leistungsabgabe<\/strong>, erm\u00f6glicht schnelles und stabiles Laden von USB-C-Laptops, Notebooks und Tablets.<\/p>\n<p data-start=\"2691\" data-end=\"2741\">Intelligente Mehrfach-Stromverteilung<\/p>\n<p data-start=\"2742\" data-end=\"2902\">Aufladung <strong data-start=\"2749\" data-end=\"2786\">mehrere Ger\u00e4te gleichzeitig<\/strong> mit dynamischer Leistungsverteilung, die eine optimale Leistung f\u00fcr jedes angeschlossene Ger\u00e4t ohne \u00dcberhitzung oder Leistungsverlust gew\u00e4hrleistet.<\/p>\n<p data-start=\"2904\" data-end=\"2940\">Globale Marktkompatibilit\u00e4t<\/p>\n<p data-start=\"2941\" data-end=\"3070\">Unterst\u00fctzt <strong data-start=\"2950\" data-end=\"2979\">100\u2013240 V Weitbereichseingang<\/strong> und mehreren Steckerstandards, wodurch es sich f\u00fcr den weltweiten Vertrieb und die Verwendung auf Reisen eignet.<\/p>\n<p data-start=\"3072\" data-end=\"3107\">Erweiterter Sicherheitsschutz<\/p>\n<p data-start=\"3108\" data-end=\"3269\">Das integrierte intelligente Schutzsystem verhindert Kurzschl\u00fcsse, \u00dcberspannung, \u00dcberstrom und \u00dcberlastung und gew\u00e4hrleistet so die langfristige Sicherheit von Ladeger\u00e4t und Ger\u00e4ten.<\/p>\n<p data-start=\"3271\" data-end=\"3308\">Kompaktes und leichtes Design<\/p>\n<p data-start=\"3309\" data-end=\"3443\">Nur <strong data-start=\"3317\" data-end=\"3325\">108 g<\/strong>, Das Ladeger\u00e4t ist tragbar, robust und ideal f\u00fcr Gesch\u00e4ftsreisen, B\u00fcroumgebungen und Verbraucherverpackungen.<\/p>\n<h2 data-start=\"3450\" data-end=\"3507\">Unternehmensvorteil \u2013 St\u00e4rke in der OEM\/ODM-Fertigung<\/h2>\n<p data-start=\"3509\" data-end=\"3789\">Wie hervorgehoben auf <strong data-start=\"3527\" data-end=\"3542\">szjialu.com<\/strong>, Der Kernvorteil von Shenzhen Jialu Technology liegt in seiner <strong data-start=\"3599\" data-end=\"3642\">starke OEM\/ODM-Fertigungskapazit\u00e4t<\/strong>. Das Unternehmen verf\u00fcgt \u00fcber ein vollst\u00e4ndig hauseigenes Produktionssystem, strenge Qualit\u00e4tskontrollprozesse und international anerkannte Zertifizierungen.<\/p>\n<p data-start=\"3791\" data-end=\"3878\">Mit jahrelanger Erfahrung in der Herstellung von Netzteilen und PD-Ladeger\u00e4ten bietet Jialu folgende Leistungen an:<\/p>\n<ul data-start=\"3879\" data-end=\"4092\">\n<li data-start=\"3879\" data-end=\"3917\">\n<p data-start=\"3881\" data-end=\"3917\">Individuelles Produktdesign und Branding<\/p>\n<\/li>\n<li data-start=\"3918\" data-end=\"3973\">\n<p data-start=\"3920\" data-end=\"3973\">Stecker- und Verpackungsanpassung f\u00fcr globale M\u00e4rkte<\/p>\n<\/li>\n<li data-start=\"3974\" data-end=\"4023\">\n<p data-start=\"3976\" data-end=\"4023\">Stabile Massenproduktion und gleichbleibende Qualit\u00e4t<\/p>\n<\/li>\n<li data-start=\"4024\" data-end=\"4092\">\n<p data-start=\"4026\" data-end=\"4092\">Einhaltung internationaler Sicherheits- und Umweltstandards<\/p>\n<\/li>\n<\/ul>\n<p data-start=\"4094\" data-end=\"4190\">Das macht Jialu zu einem verl\u00e4sslichen Langzeitpartner f\u00fcr Marken, Importeure und Vertriebsh\u00e4ndler weltweit.<\/p>\n<h2 data-start=\"4197\" data-end=\"4216\">Anwendungen<\/h2>\n<p data-start=\"4218\" data-end=\"4264\">Das 65-W-PD-Ladeger\u00e4t TR672C1AUS ist geeignet f\u00fcr:<\/p>\n<ul data-start=\"4266\" data-end=\"4460\">\n<li data-start=\"4266\" data-end=\"4311\">\n<p data-start=\"4268\" data-end=\"4311\">Laptops und Notebooks mit USB-C PD-Unterst\u00fctzung<\/p>\n<\/li>\n<li data-start=\"4312\" data-end=\"4333\">\n<p data-start=\"4314\" data-end=\"4333\">Tablets und iPads<\/p>\n<\/li>\n<li data-start=\"4334\" data-end=\"4367\">\n<p data-start=\"4336\" data-end=\"4367\">Smartphones und Mobiltelefone<\/p>\n<\/li>\n<li data-start=\"4368\" data-end=\"4391\">\n<p data-start=\"4370\" data-end=\"4391\">B\u00fcroarbeitspl\u00e4tze<\/p>\n<\/li>\n<li data-start=\"4392\" data-end=\"4419\">\n<p data-start=\"4394\" data-end=\"4419\">Reise- und Gesch\u00e4ftsnutzung<\/p>\n<\/li>\n<li data-start=\"4420\" data-end=\"4460\">\n<p data-start=\"4422\" data-end=\"4460\">OEM-Produktpakete und Einzelhandelsums\u00e4tze<\/p>\n<\/li>\n<\/ul>\n<h2 data-start=\"4467\" data-end=\"4484\">Produkt-FAQ<\/h2>\n<p data-start=\"4486\" data-end=\"4682\"><strong data-start=\"4486\" data-end=\"4546\">Frage 1: Kann dieses Ladeger\u00e4t mein Original-Laptop-Ladeger\u00e4t ersetzen?<\/strong><br data-start=\"4546\" data-end=\"4549\" \/>Ja, wenn Ihr Laptop USB-C Power Delivery unterst\u00fctzt und dies erfordert. <strong data-start=\"4612\" data-end=\"4627\">65 W oder weniger<\/strong>, Dieses Ladeger\u00e4t kann den Originaladapter problemlos ersetzen.<\/p>\n<p data-start=\"4684\" data-end=\"4868\"><strong data-start=\"4684\" data-end=\"4738\">Frage 2: Ist es sicher, mehrere Ger\u00e4te gleichzeitig aufzuladen?<\/strong><br data-start=\"4738\" data-end=\"4741\" \/>Ja. Das Ladeger\u00e4t verf\u00fcgt \u00fcber ein intelligentes Energiemanagement und mehrere Schutzmechanismen, um ein sicheres gleichzeitiges Laden zu gew\u00e4hrleisten.<\/p>\n<p data-start=\"4870\" data-end=\"5012\"><strong data-start=\"4870\" data-end=\"4912\">Frage 3: Ist es f\u00fcr den internationalen Einsatz geeignet?<\/strong><br data-start=\"4912\" data-end=\"4915\" \/>Absolut. Dank des 100\u2013240-V-Eingangs und der Kompatibilit\u00e4t mit verschiedenen Steckdosenstandards eignet es sich f\u00fcr globale M\u00e4rkte.<\/p>\n<p data-start=\"5014\" data-end=\"5180\"><strong data-start=\"5014\" data-end=\"5061\">Frage 4: Kann ich das Logo und die Verpackung individuell gestalten?<\/strong><br data-start=\"5061\" data-end=\"5064\" \/>Ja. OEM- und ODM-Dienstleistungen sind verf\u00fcgbar, einschlie\u00dflich Logodruck, Verpackungsdesign und kundenspezifischer Anpassung.<\/p>\n<p data-start=\"5182\" data-end=\"5354\"><strong data-start=\"5182\" data-end=\"5233\">Frage 5: \u00dcber welche Zertifizierungen verf\u00fcgt dieses Produkt?<\/strong><br data-start=\"5233\" data-end=\"5236\" \/>Das Ladeger\u00e4t entspricht den CE-, FCC-, ETL-, KC-, PSE- und RoHS-Standards und erf\u00fcllt somit die regulatorischen Anforderungen in den wichtigsten M\u00e4rkten.<\/p>","protected":false},"excerpt":{"rendered":"<p><strong data-start=\"1569\" data-end=\"1585\">Produktname: <\/strong>65-W-PD-Ladeger\u00e4t<\/p>\n<p><strong data-start=\"1607\" data-end=\"1623\">Modellnummer: <\/strong>TR672C1AUS<\/p>\n<p><strong data-start=\"1641\" data-end=\"1660\">Herkunftsort: <\/strong>China (Festland)<\/p>\n<p><strong data-start=\"1684\" data-end=\"1701\">Eingangsspannung: <\/strong>100\u2013240 V ~ 50\/60 Hz 1,5 A<\/p>\n<p><strong data-start=\"1732\" data-end=\"1749\">USB-C1-Ausgang: <\/strong>5V\/3A, 9V\/3A, 12V\/3A, 15V\/3A, 20V\/3,25A (Max. 65W)<\/p>\n<p><strong data-start=\"1806\" data-end=\"1823\">USB-C2-Ausgang: <\/strong>5V\/3A, 9V\/3A, 12V\/3A, 15V\/3A, 20V\/3,25A (Max. 65W)<\/p>\n<p><strong data-start=\"1880\" data-end=\"1896\">USB-A-Ausgang: <\/strong>5 V\/2,4 A, 9 V\/2 A, 12 V\/1,5 A<\/p>\n<p><strong data-start=\"1928\" data-end=\"1957\">Dual-\/Triple-Port-Ausgang <\/strong>C1+C2: 45W+20W \/ C1+A: 45W+18W \/ C2+A: 45W+18W<\/p>\n<p><strong data-start=\"2011\" data-end=\"2031\">Steckdosenstandards: <\/strong>USA \/ EU \/ Gro\u00dfbritannien \/ Japan \/ KC<\/p>\n<p><strong data-start=\"2061\" data-end=\"2073\">Material: <\/strong>PC (flammhemmend)<\/p>\n<p><strong data-start=\"2101\" data-end=\"2118\">Farboptionen: <\/strong>Schwarz, Wei\u00df<\/p>\n<p><strong data-start=\"2138\" data-end=\"2148\">Gewicht: <\/strong>108 g<\/p>\n<p><strong data-start=\"2160\" data-end=\"2171\">Verpackung: <\/strong>PE-Beutelverpackung<\/p>","protected":false},"featured_media":1464,"comment_status":"open","ping_status":"closed","template":"","meta":{"_acf_changed":false,"site-sidebar-layout":"default","site-content-layout":"","ast-site-content-layout":"default","site-content-style":"default","site-sidebar-style":"default","ast-global-header-display":"","ast-banner-title-visibility":"","ast-main-header-display":"","ast-hfb-above-header-display":"","ast-hfb-below-header-display":"","ast-hfb-mobile-header-display":"","site-post-title":"","ast-breadcrumbs-content":"","ast-featured-img":"","footer-sml-layout":"","ast-disable-related-posts":"","theme-transparent-header-meta":"default","adv-header-id-meta":"","stick-header-meta":"","header-above-stick-meta":"","header-main-stick-meta":"","header-below-stick-meta":"","astra-migrate-meta-layouts":"set","ast-page-background-enabled":"default","ast-page-background-meta":{"desktop":{"background-color":"var(--ast-global-color-5)","background-image":"","background-repeat":"repeat","background-position":"center center","background-size":"auto","background-attachment":"scroll","background-type":"","background-media":"","overlay-type":"","overlay-color":"","overlay-opacity":"","overlay-gradient":""},"tablet":{"background-color":"","background-image":"","background-repeat":"repeat","background-position":"center center","background-size":"auto","background-attachment":"scroll","background-type":"","background-media":"","overlay-type":"","overlay-color":"","overlay-opacity":"","overlay-gradient":""},"mobile":{"background-color":"","background-image":"","background-repeat":"repeat","background-position":"center center","background-size":"auto","background-attachment":"scroll","background-type":"","background-media":"","overlay-type":"","overlay-color":"","overlay-opacity":"","overlay-gradient":""}},"ast-content-background-meta":{"desktop":{"background-color":"var(--ast-global-color-4)","background-image":"","background-repeat":"repeat","background-position":"center center","background-size":"auto","background-attachment":"scroll","background-type":"","background-media":"","overlay-type":"","overlay-color":"","overlay-opacity":"","overlay-gradient":""},"tablet":{"background-color":"var(--ast-global-color-4)","background-image":"","background-repeat":"repeat","background-position":"center center","background-size":"auto","background-attachment":"scroll","background-type":"","background-media":"","overlay-type":"","overlay-color":"","overlay-opacity":"","overlay-gradient":""},"mobile":{"background-color":"var(--ast-global-color-4)","background-image":"","background-repeat":"repeat","background-position":"center center","background-size":"auto","background-attachment":"scroll","background-type":"","background-media":"","overlay-type":"","overlay-color":"","overlay-opacity":"","overlay-gradient":""}}},"product_brand":[],"product_cat":[44,30],"product_tag":[138,204,149,181],"class_list":{"0":"post-1463","1":"product","2":"type-product","3":"status-publish","4":"has-post-thumbnail","6":"product_cat-65w","7":"product_cat-gan-charger","8":"product_tag-65w-pd-charger","9":"product_tag-65w-usb-c-charger","10":"product_tag-fast-charging-adapter","11":"product_tag-usb-c-pd-charger","12":"desktop-align-left","13":"tablet-align-left","14":"mobile-align-left","16":"first","17":"instock","18":"shipping-taxable","19":"product-type-simple"},"acf":[],"_links":{"self":[{"href":"https:\/\/szjialu.com\/de\/wp-json\/wp\/v2\/product\/1463","targetHints":{"allow":["GET"]}}],"collection":[{"href":"https:\/\/szjialu.com\/de\/wp-json\/wp\/v2\/product"}],"about":[{"href":"https:\/\/szjialu.com\/de\/wp-json\/wp\/v2\/types\/product"}],"replies":[{"embeddable":true,"href":"https:\/\/szjialu.com\/de\/wp-json\/wp\/v2\/comments?post=1463"}],"wp:featuredmedia":[{"embeddable":true,"href":"https:\/\/szjialu.com\/de\/wp-json\/wp\/v2\/media\/1464"}],"wp:attachment":[{"href":"https:\/\/szjialu.com\/de\/wp-json\/wp\/v2\/media?parent=1463"}],"wp:term":[{"taxonomy":"product_brand","embeddable":true,"href":"https:\/\/szjialu.com\/de\/wp-json\/wp\/v2\/product_brand?post=1463"},{"taxonomy":"product_cat","embeddable":true,"href":"https:\/\/szjialu.com\/de\/wp-json\/wp\/v2\/product_cat?post=1463"},{"taxonomy":"product_tag","embeddable":true,"href":"https:\/\/szjialu.com\/de\/wp-json\/wp\/v2\/product_tag?post=1463"}],"curies":[{"name":"wp","href":"https:\/\/api.w.org\/{rel}","templated":true}]}}