{"id":1459,"date":"2025-12-18T13:42:36","date_gmt":"2025-12-18T13:42:36","guid":{"rendered":"https:\/\/szjialu.com\/?post_type=product&#038;p=1459"},"modified":"2026-02-19T07:11:49","modified_gmt":"2026-02-19T07:11:49","slug":"65w-pd-ladegerat-tr672c1akr","status":"publish","type":"product","link":"https:\/\/szjialu.com\/de\/product\/65w-pd-charger-tr672c1akr\/","title":{"rendered":"65W PD-Ladeger\u00e4t TR672C1AKR"},"content":{"rendered":"<h2 data-start=\"973\" data-end=\"998\"><strong data-start=\"978\" data-end=\"998\">Produkt\u00fcbersicht<\/strong><\/h2>\n<p data-start=\"1000\" data-end=\"1493\">Der <strong data-start=\"1004\" data-end=\"1041\">65W PD-Ladeger\u00e4t (Modell TR672C1AKR)<\/strong> ist ein vielseitiges, hocheffizientes Netzteil, das f\u00fcr das schnelle Laden einer breiten Palette von Ger\u00e4ten entwickelt wurde \u2013 von Laptops und Tablets bis hin zu Smartphones und Zubeh\u00f6r. Entwickelt mit <strong data-start=\"1224\" data-end=\"1264\">zwei USB-C PD-Anschl\u00fcsse und ein USB-A-Anschluss<\/strong>, Dieses Ladeger\u00e4t bietet intelligente Leistungsverteilung und optimale Ladeleistung f\u00fcr das gleichzeitige Laden mehrerer Ger\u00e4te. Dank branchen\u00fcblicher Sicherheitsvorkehrungen und globaler Zertifizierungen ist es ideal f\u00fcr den privaten, beruflichen und Reisegebrauch.<\/p>\n<h2 data-start=\"1500\" data-end=\"1523\"><strong data-start=\"1505\" data-end=\"1523\">Spezifikationen<\/strong><\/h2>\n<div class=\"TyagGW_tableContainer\">\n<div class=\"group TyagGW_tableWrapper flex w-fit flex-col-reverse\" tabindex=\"-1\">\n<table class=\"w-fit min-w-(--thread-content-width)\" data-start=\"1525\" data-end=\"2442\">\n<thead data-start=\"1525\" data-end=\"1560\">\n<tr data-start=\"1525\" data-end=\"1560\">\n<th data-start=\"1525\" data-end=\"1545\" data-col-size=\"sm\"><strong data-start=\"1527\" data-end=\"1544\">Spezifikation<\/strong><\/th>\n<th data-start=\"1545\" data-end=\"1560\" data-col-size=\"md\"><strong data-start=\"1547\" data-end=\"1558\">Details<\/strong><\/th>\n<\/tr>\n<\/thead>\n<tbody data-start=\"1596\" data-end=\"2442\">\n<tr data-start=\"1596\" data-end=\"1633\">\n<td data-start=\"1596\" data-end=\"1615\" data-col-size=\"sm\"><strong data-start=\"1598\" data-end=\"1614\">Produktname<\/strong><\/td>\n<td data-col-size=\"md\" data-start=\"1615\" data-end=\"1633\">65-W-PD-Ladeger\u00e4t<\/td>\n<\/tr>\n<tr data-start=\"1634\" data-end=\"1667\">\n<td data-start=\"1634\" data-end=\"1653\" data-col-size=\"sm\"><strong data-start=\"1636\" data-end=\"1652\">Modellnummer<\/strong><\/td>\n<td data-col-size=\"md\" data-start=\"1653\" data-end=\"1667\">TR672C1AKR<\/td>\n<\/tr>\n<tr data-start=\"1668\" data-end=\"1710\">\n<td data-start=\"1668\" data-end=\"1690\" data-col-size=\"sm\"><strong data-start=\"1670\" data-end=\"1689\">Herkunftsort<\/strong><\/td>\n<td data-start=\"1690\" data-end=\"1710\" data-col-size=\"md\">China (Festland)<\/td>\n<\/tr>\n<tr data-start=\"1711\" data-end=\"1750\">\n<td data-start=\"1711\" data-end=\"1723\" data-col-size=\"sm\"><strong data-start=\"1713\" data-end=\"1722\">Eingang<\/strong><\/td>\n<td data-col-size=\"md\" data-start=\"1723\" data-end=\"1750\">100\u2013240 V ~ 50\/60 Hz 1,5 A<\/td>\n<\/tr>\n<tr data-start=\"1751\" data-end=\"1822\">\n<td data-start=\"1751\" data-end=\"1773\" data-col-size=\"sm\"><strong data-start=\"1753\" data-end=\"1772\">Ausgang \u2013 USB-C1<\/strong><\/td>\n<td data-col-size=\"md\" data-start=\"1773\" data-end=\"1822\">5V\/3A, 9V\/3A, 12V\/3A, 15V\/3A, 20V\/3,25A (65W)<\/td>\n<\/tr>\n<tr data-start=\"1823\" data-end=\"1894\">\n<td data-start=\"1823\" data-end=\"1845\" data-col-size=\"sm\"><strong data-start=\"1825\" data-end=\"1844\">Ausgang \u2013 USB-C2<\/strong><\/td>\n<td data-col-size=\"md\" data-start=\"1845\" data-end=\"1894\">5V\/3A, 9V\/3A, 12V\/3A, 15V\/3A, 20V\/3,25A (65W)<\/td>\n<\/tr>\n<tr data-start=\"1895\" data-end=\"1944\">\n<td data-start=\"1895\" data-end=\"1916\" data-col-size=\"sm\"><strong data-start=\"1897\" data-end=\"1915\">Ausgang \u2013 USB-A<\/strong><\/td>\n<td data-col-size=\"md\" data-start=\"1916\" data-end=\"1944\">5 V\/2,4 A, 9 V\/2 A, 12 V\/1,5 A<\/td>\n<\/tr>\n<tr data-start=\"1945\" data-end=\"2028\">\n<td data-start=\"1945\" data-end=\"1974\" data-col-size=\"sm\"><strong data-start=\"1947\" data-end=\"1973\">Mehrfach-Stromverteiler<\/strong><\/td>\n<td data-col-size=\"md\" data-start=\"1974\" data-end=\"2028\">C1+C2: 45 W + 20 W \/ C1+A: 45 W + 18 W \/ C2+A: 45 W + 18 W<\/td>\n<\/tr>\n<tr data-start=\"2029\" data-end=\"2074\">\n<td data-start=\"2029\" data-end=\"2052\" data-col-size=\"sm\"><strong data-start=\"2031\" data-end=\"2051\">Steckdosenstandards<\/strong><\/td>\n<td data-col-size=\"md\" data-start=\"2052\" data-end=\"2074\">USA, EU, Gro\u00dfbritannien, Japan, KC<\/td>\n<\/tr>\n<tr data-start=\"2075\" data-end=\"2111\">\n<td data-start=\"2075\" data-end=\"2095\" data-col-size=\"sm\"><strong data-start=\"2077\" data-end=\"2094\">Farboptionen<\/strong><\/td>\n<td data-col-size=\"md\" data-start=\"2095\" data-end=\"2111\">Schwarz, Wei\u00df<\/td>\n<\/tr>\n<tr data-start=\"2112\" data-end=\"2150\">\n<td data-start=\"2112\" data-end=\"2127\" data-col-size=\"sm\"><strong data-start=\"2114\" data-end=\"2126\">Material<\/strong><\/td>\n<td data-col-size=\"md\" data-start=\"2127\" data-end=\"2150\">PC (feuerfest)<\/td>\n<\/tr>\n<tr data-start=\"2151\" data-end=\"2172\">\n<td data-start=\"2151\" data-end=\"2164\" data-col-size=\"sm\"><strong data-start=\"2153\" data-end=\"2163\">Gewicht<\/strong><\/td>\n<td data-col-size=\"md\" data-start=\"2164\" data-end=\"2172\">108 g<\/td>\n<\/tr>\n<tr data-start=\"2173\" data-end=\"2202\">\n<td data-start=\"2173\" data-end=\"2196\" data-col-size=\"sm\"><strong data-start=\"2175\" data-end=\"2195\">Effizienzniveau<\/strong><\/td>\n<td data-col-size=\"md\" data-start=\"2196\" data-end=\"2202\">VI<\/td>\n<\/tr>\n<tr data-start=\"2203\" data-end=\"2277\">\n<td data-start=\"2203\" data-end=\"2221\" data-col-size=\"sm\"><strong data-start=\"2205\" data-end=\"2220\">Schutzma\u00dfnahmen<\/strong><\/td>\n<td data-col-size=\"md\" data-start=\"2221\" data-end=\"2277\">Kurzschluss, \u00dcberspannung, \u00dcberstrom, \u00dcberlast<\/td>\n<\/tr>\n<tr data-start=\"2278\" data-end=\"2328\">\n<td data-start=\"2278\" data-end=\"2297\" data-col-size=\"sm\"><strong data-start=\"2280\" data-end=\"2296\">Zertifikate<\/strong><\/td>\n<td data-col-size=\"md\" data-start=\"2297\" data-end=\"2328\">CE, FCC, ETL, KC, PSE, RoHS<\/td>\n<\/tr>\n<tr data-start=\"2329\" data-end=\"2354\">\n<td data-start=\"2329\" data-end=\"2344\" data-col-size=\"sm\"><strong data-start=\"2331\" data-end=\"2343\">Garantie<\/strong><\/td>\n<td data-col-size=\"md\" data-start=\"2344\" data-end=\"2354\">1 Jahr<\/td>\n<\/tr>\n<tr data-start=\"2355\" data-end=\"2399\">\n<td data-start=\"2355\" data-end=\"2383\" data-col-size=\"sm\"><strong data-start=\"2357\" data-end=\"2382\">Betriebstemperatur<\/strong><\/td>\n<td data-col-size=\"md\" data-start=\"2383\" data-end=\"2399\">-20 \u00b0C ~ 55 \u00b0C<\/td>\n<\/tr>\n<tr data-start=\"2400\" data-end=\"2442\">\n<td data-start=\"2400\" data-end=\"2426\" data-col-size=\"sm\"><strong data-start=\"2402\" data-end=\"2425\">Lagertemperatur<\/strong><\/td>\n<td data-col-size=\"md\" data-start=\"2426\" data-end=\"2442\">-40 \u00b0C ~ 70 \u00b0C<\/td>\n<\/tr>\n<\/tbody>\n<\/table>\n<\/div>\n<\/div>\n<h2 data-start=\"2449\" data-end=\"2476\"><strong data-start=\"2454\" data-end=\"2476\">Wichtigste Verkaufsargumente<\/strong><\/h2>\n<p data-start=\"2478\" data-end=\"2521\"><strong data-start=\"2484\" data-end=\"2521\">Hochleistungsf\u00e4hige USB-C-Stromversorgung<\/strong><\/p>\n<p data-start=\"2522\" data-end=\"2727\">Unterst\u00fctzt USB-PD-Ausgang mit vollem Frequenzbereich bis zu <strong data-start=\"2562\" data-end=\"2584\">65 W pro USB-C-Anschluss<\/strong>, Dadurch eignet es sich ideal zum schnellen und effizienten Laden von Laptops, Tablets und den neuesten Mobilger\u00e4ten.<\/p>\n<p data-start=\"2729\" data-end=\"2761\"><strong data-start=\"2736\" data-end=\"2761\">Laden mehrerer Ger\u00e4te<\/strong><\/p>\n<p data-start=\"2762\" data-end=\"2926\">Ausgestattet mit <strong data-start=\"2776\" data-end=\"2808\">zwei USB-C- und ein USB-A-Anschluss<\/strong>, erm\u00f6glicht das gleichzeitige Laden mehrerer Ger\u00e4te mit dynamischer Leistungsverteilung f\u00fcr optimale Ladegeschwindigkeit \u00fcber alle Ger\u00e4te hinweg.<\/p>\n<p data-start=\"2928\" data-end=\"2959\"><strong data-start=\"2935\" data-end=\"2959\">Globale Kompatibilit\u00e4t<\/strong><\/p>\n<p data-start=\"2960\" data-end=\"3108\">Breit <strong data-start=\"2965\" data-end=\"2983\">100\u2013240 V Eingang<\/strong> Dank der verschiedenen Steckdosenstandards (US, EU, UK, JP, KC) eignet sich das Ladeger\u00e4t f\u00fcr Reisen weltweit und internationale M\u00e4rkte.<\/p>\n<p data-start=\"3110\" data-end=\"3153\"><strong data-start=\"3117\" data-end=\"3153\">Umfassende Sicherheitsvorkehrungen<\/strong><\/p>\n<p data-start=\"3154\" data-end=\"3301\">Integrierte Schutzmechanismen \u2013 unter anderem gegen Kurzschl\u00fcsse, \u00dcberspannung und \u00dcberstrom \u2013 gew\u00e4hrleisten ein zuverl\u00e4ssiges und sicheres Laden aller angeschlossenen Ger\u00e4te.<\/p>\n<p data-start=\"3303\" data-end=\"3337\"><strong data-start=\"3310\" data-end=\"3337\">Zertifiziert und konform<\/strong><\/p>\n<p data-start=\"3338\" data-end=\"3485\">Erf\u00fcllt globale Sicherheits- und Qualit\u00e4tszertifizierungen, einschlie\u00dflich <strong data-start=\"3395\" data-end=\"3430\">CE, FCC, ETL, PSE, KC und RoHS<\/strong> um die Markteintrittsvoraussetzungen in wichtigen Regionen zu erf\u00fcllen.<\/p>\n<p data-start=\"3487\" data-end=\"3519\"><strong data-start=\"3494\" data-end=\"3519\">OEM\/ODM-Anpassung<\/strong><\/p>\n<p data-start=\"3520\" data-end=\"3652\">Bietet flexible Branding- und Anpassungsdienstleistungen, die auf die Bed\u00fcrfnisse der Partner zugeschnitten sind und mit professionellen Fertigungskapazit\u00e4ten abgestimmt sind.<\/p>\n<p data-start=\"3654\" data-end=\"3696\"><strong data-start=\"3661\" data-end=\"3696\">Vorteil eines zuverl\u00e4ssigen Herstellers<\/strong><\/p>\n<p data-start=\"3697\" data-end=\"3962\">Entworfen und hergestellt von Shenzhen Jialu Technology \u2013 einem renommierten chinesischen OEM\/ODM-Anbieter von Netzteilen mit ISO 9001- und ISO 14001-Zertifizierung, der Produkte an folgende Unternehmen liefert: <strong data-start=\"3868\" data-end=\"3886\">Mehr als 100 L\u00e4nder<\/strong> und hohe monatliche Produktionskapazit\u00e4t.<\/p>\n<h2 data-start=\"3969\" data-end=\"3990\"><strong data-start=\"3974\" data-end=\"3990\">Anwendungen<\/strong><\/h2>\n<p data-start=\"3992\" data-end=\"4035\">Das TR672C1AKR 65W PD-Ladeger\u00e4t ist ideal f\u00fcr:<\/p>\n<p data-start=\"4037\" data-end=\"4290\">Laptops und Notebooks, die PD-Laden unterst\u00fctzen<br data-start=\"4085\" data-end=\"4088\" \/>Tablets und iPads<br data-start=\"4107\" data-end=\"4110\" \/>Smartphones und Mobilger\u00e4te<br data-start=\"4142\" data-end=\"4145\" \/>Stromversorgung von USB-C-Zubeh\u00f6r (Kopfh\u00f6rer, Lautsprecher)<br data-start=\"4196\" data-end=\"4199\" \/>Reise-, B\u00fcro-, Heim- und Remote-Arbeitspl\u00e4tze<br data-start=\"4245\" data-end=\"4248\" \/>OEM-Produktb\u00fcndel und Einzelhandelsverpackungen<\/p>\n<h2 data-start=\"4297\" data-end=\"4316\"><strong data-start=\"4301\" data-end=\"4316\">Produkt-FAQ<\/strong><\/h2>\n<p data-start=\"4318\" data-end=\"4567\"><strong data-start=\"4318\" data-end=\"4358\">F: Kann dieses Ladeger\u00e4t meinen Laptop mit Strom versorgen?<\/strong><br data-start=\"4358\" data-end=\"4361\" \/><strong data-start=\"4361\" data-end=\"4367\">A:<\/strong> Ja \u2013 solange Ihr Laptop USB Power Delivery unterst\u00fctzt und maximal 65 W ben\u00f6tigt, stellt dieses Ladeger\u00e4t das erforderliche PD-Profil bereit. \u00dcberpr\u00fcfen Sie vor der Verwendung immer die PD-Unterst\u00fctzung und die Leistungsaufnahme Ihres Ger\u00e4ts.<\/p>\n<p data-start=\"4569\" data-end=\"4816\"><strong data-start=\"4569\" data-end=\"4625\">F: Was passiert, wenn mehrere Ger\u00e4te angeschlossen sind?<\/strong><br data-start=\"4625\" data-end=\"4628\" \/><strong data-start=\"4628\" data-end=\"4634\">A:<\/strong> Beim gleichzeitigen Laden mehrerer Ger\u00e4te passt sich die Gesamtleistung dynamisch an. Beispielsweise k\u00f6nnen USB-C1 + USB-C2 die ben\u00f6tigte Leistung bereitstellen. <strong data-start=\"4760\" data-end=\"4773\">45 W + 20 W<\/strong>, wodurch ein effizientes Laden mehrerer Ger\u00e4te gew\u00e4hrleistet wird.<\/p>\n<p data-start=\"4818\" data-end=\"5055\"><strong data-start=\"4818\" data-end=\"4862\">F: Ist das Ladeger\u00e4t f\u00fcr den Langzeitgebrauch sicher?<\/strong><br data-start=\"4862\" data-end=\"4865\" \/><strong data-start=\"4865\" data-end=\"4871\">A:<\/strong> Ja \u2013 integrierte Schutzmechanismen (gegen \u00dcberlastung, \u00dcberspannung, \u00dcberstrom usw.) sowie internationale Sicherheitszertifizierungen gew\u00e4hrleisten hohe Sicherheit und langfristige Zuverl\u00e4ssigkeit.<\/p>\n<p data-start=\"5057\" data-end=\"5255\"><strong data-start=\"5057\" data-end=\"5106\">F: Kann ich individuelles Branding und Verpackung bestellen?<\/strong><br data-start=\"5106\" data-end=\"5109\" \/><strong data-start=\"5109\" data-end=\"5115\">A:<\/strong> Ja \u2013 OEM\/ODM-Services sind auf Anfrage verf\u00fcgbar. Bitte kontaktieren Sie uns bez\u00fcglich Mindestbestellmenge (MOQ), Lieferzeiten und Designspezifikationen.<\/p>\n<p data-start=\"5257\" data-end=\"5440\"><strong data-start=\"5257\" data-end=\"5301\">F: Bieten Sie auch internationale Unterst\u00fctzung an?<\/strong><br data-start=\"5301\" data-end=\"5304\" \/><strong data-start=\"5304\" data-end=\"5310\">A:<\/strong> Absolut. Wir bieten weltweiten Vertrieb, technischen Support und Kundenservice als Teil unseres Engagements gegen\u00fcber internationalen Partnern.<\/p>","protected":false},"excerpt":{"rendered":"<p><strong data-start=\"1598\" data-end=\"1614\">Produktname: <\/strong>65-W-PD-Ladeger\u00e4t<\/p>\n<p><strong data-start=\"1636\" data-end=\"1652\">Modellnummer: <\/strong>TR672C1AKR<\/p>\n<p><strong data-start=\"1670\" data-end=\"1689\">Herkunftsort: <\/strong>China (Festland)<\/p>\n<p><strong data-start=\"1713\" data-end=\"1722\">Eingang: <\/strong>100\u2013240 V ~ 50\/60 Hz 1,5 A<\/p>\n<p><strong data-start=\"1753\" data-end=\"1772\">Ausgang \u2013 USB-C1: <\/strong>5V\/3A, 9V\/3A, 12V\/3A, 15V\/3A, 20V\/3,25A (65W)<\/p>\n<p><strong data-start=\"1825\" data-end=\"1844\">Ausgang \u2013 USB-C2: <\/strong>5V\/3A, 9V\/3A, 12V\/3A, 15V\/3A, 20V\/3,25A (65W)<\/p>\n<p><strong data-start=\"1897\" data-end=\"1915\">Ausgang \u2013 USB-A: <\/strong>5 V\/2,4 A, 9 V\/2 A, 12 V\/1,5 A<\/p>\n<p><strong data-start=\"1947\" data-end=\"1973\">Mehrfach-Stromverteiler <\/strong>C1+C2: 45 W + 20 W \/ C1+A: 45 W + 18 W \/ C2+A: 45 W + 18 W<\/p>\n<p><strong data-start=\"2031\" data-end=\"2051\">Steckdosenstandards: <\/strong>USA, EU, Gro\u00dfbritannien, Japan, KC<\/p>\n<p><strong data-start=\"2077\" data-end=\"2094\">Farboptionen: <\/strong>Schwarz, Wei\u00df<\/p>\n<p><strong data-start=\"2114\" data-end=\"2126\">Material: <\/strong>PC (feuerfest)<\/p>\n<p><strong data-start=\"2153\" data-end=\"2163\">Gewicht: <\/strong>108 g<\/p>\n<p><strong data-start=\"2175\" data-end=\"2195\">Effizienzniveau: <\/strong>VI<\/p>\n<p><strong data-start=\"2205\" data-end=\"2220\">Schutzma\u00dfnahmen: <\/strong>Kurzschluss, \u00dcberspannung, \u00dcberstrom, \u00dcberlast<\/p>","protected":false},"featured_media":1460,"comment_status":"open","ping_status":"closed","template":"","meta":{"_acf_changed":false,"site-sidebar-layout":"default","site-content-layout":"","ast-site-content-layout":"default","site-content-style":"default","site-sidebar-style":"default","ast-global-header-display":"","ast-banner-title-visibility":"","ast-main-header-display":"","ast-hfb-above-header-display":"","ast-hfb-below-header-display":"","ast-hfb-mobile-header-display":"","site-post-title":"","ast-breadcrumbs-content":"","ast-featured-img":"","footer-sml-layout":"","ast-disable-related-posts":"","theme-transparent-header-meta":"default","adv-header-id-meta":"","stick-header-meta":"","header-above-stick-meta":"","header-main-stick-meta":"","header-below-stick-meta":"","astra-migrate-meta-layouts":"set","ast-page-background-enabled":"default","ast-page-background-meta":{"desktop":{"background-color":"var(--ast-global-color-5)","background-image":"","background-repeat":"repeat","background-position":"center center","background-size":"auto","background-attachment":"scroll","background-type":"","background-media":"","overlay-type":"","overlay-color":"","overlay-opacity":"","overlay-gradient":""},"tablet":{"background-color":"","background-image":"","background-repeat":"repeat","background-position":"center center","background-size":"auto","background-attachment":"scroll","background-type":"","background-media":"","overlay-type":"","overlay-color":"","overlay-opacity":"","overlay-gradient":""},"mobile":{"background-color":"","background-image":"","background-repeat":"repeat","background-position":"center center","background-size":"auto","background-attachment":"scroll","background-type":"","background-media":"","overlay-type":"","overlay-color":"","overlay-opacity":"","overlay-gradient":""}},"ast-content-background-meta":{"desktop":{"background-color":"var(--ast-global-color-4)","background-image":"","background-repeat":"repeat","background-position":"center center","background-size":"auto","background-attachment":"scroll","background-type":"","background-media":"","overlay-type":"","overlay-color":"","overlay-opacity":"","overlay-gradient":""},"tablet":{"background-color":"var(--ast-global-color-4)","background-image":"","background-repeat":"repeat","background-position":"center center","background-size":"auto","background-attachment":"scroll","background-type":"","background-media":"","overlay-type":"","overlay-color":"","overlay-opacity":"","overlay-gradient":""},"mobile":{"background-color":"var(--ast-global-color-4)","background-image":"","background-repeat":"repeat","background-position":"center center","background-size":"auto","background-attachment":"scroll","background-type":"","background-media":"","overlay-type":"","overlay-color":"","overlay-opacity":"","overlay-gradient":""}}},"product_brand":[],"product_cat":[44,30],"product_tag":[138,203,89],"class_list":{"0":"post-1459","1":"product","2":"type-product","3":"status-publish","4":"has-post-thumbnail","6":"product_cat-65w","7":"product_cat-gan-charger","8":"product_tag-65w-pd-charger","9":"product_tag-pd-charging-adapter","10":"product_tag-usb-c-fast-charger","11":"desktop-align-left","12":"tablet-align-left","13":"mobile-align-left","15":"first","16":"instock","17":"shipping-taxable","18":"product-type-simple"},"acf":[],"_links":{"self":[{"href":"https:\/\/szjialu.com\/de\/wp-json\/wp\/v2\/product\/1459","targetHints":{"allow":["GET"]}}],"collection":[{"href":"https:\/\/szjialu.com\/de\/wp-json\/wp\/v2\/product"}],"about":[{"href":"https:\/\/szjialu.com\/de\/wp-json\/wp\/v2\/types\/product"}],"replies":[{"embeddable":true,"href":"https:\/\/szjialu.com\/de\/wp-json\/wp\/v2\/comments?post=1459"}],"wp:featuredmedia":[{"embeddable":true,"href":"https:\/\/szjialu.com\/de\/wp-json\/wp\/v2\/media\/1460"}],"wp:attachment":[{"href":"https:\/\/szjialu.com\/de\/wp-json\/wp\/v2\/media?parent=1459"}],"wp:term":[{"taxonomy":"product_brand","embeddable":true,"href":"https:\/\/szjialu.com\/de\/wp-json\/wp\/v2\/product_brand?post=1459"},{"taxonomy":"product_cat","embeddable":true,"href":"https:\/\/szjialu.com\/de\/wp-json\/wp\/v2\/product_cat?post=1459"},{"taxonomy":"product_tag","embeddable":true,"href":"https:\/\/szjialu.com\/de\/wp-json\/wp\/v2\/product_tag?post=1459"}],"curies":[{"name":"wp","href":"https:\/\/api.w.org\/{rel}","templated":true}]}}