{"id":1432,"date":"2025-12-17T08:56:13","date_gmt":"2025-12-17T08:56:13","guid":{"rendered":"https:\/\/szjialu.com\/?post_type=product&#038;p=1432"},"modified":"2026-02-19T07:19:19","modified_gmt":"2026-02-19T07:19:19","slug":"30-w-pd-ladegerat-tr8330acar","status":"publish","type":"product","link":"https:\/\/szjialu.com\/de\/product\/30w-pd-charger-tr8330acar\/","title":{"rendered":"30W PD-Ladeger\u00e4t TR8330ACAR"},"content":{"rendered":"<h2 data-start=\"864\" data-end=\"887\"><strong data-start=\"867\" data-end=\"887\">Produkt\u00fcbersicht<\/strong><\/h2>\n<p data-start=\"889\" data-end=\"1495\">Der <strong data-start=\"893\" data-end=\"930\">30W PD-Ladeger\u00e4t (Modell TR8330ACAR)<\/strong> ist eine zuverl\u00e4ssige, kompakte und hocheffiziente Ladel\u00f6sung, die f\u00fcr die Stromversorgung einer Vielzahl von Ger\u00e4ten wie Laptops, Notebooks, Tablets und Smartphones entwickelt wurde. Mit Dual-Port-Ausgang. <strong data-start=\"1123\" data-end=\"1147\">USB-C-Stromversorgung<\/strong> Und <strong data-start=\"1152\" data-end=\"1185\">USB-A-Schnellladefunktion<\/strong>, Dieses Ladeger\u00e4t bietet schnelles und optimiertes Laden f\u00fcr USB-C- und \u00e4ltere USB-Ger\u00e4te. Dank seiner weltweiten Steckdosenkompatibilit\u00e4t ist es ideal f\u00fcr Reisen und den Einsatz in verschiedenen Regionen. Mit robusten Sicherheitsvorkehrungen und hochwertigen Materialien gew\u00e4hrleistet das TR8330ACAR eine sichere und effiziente Stromversorgung, wo immer Sie sind.<\/p>\n<h2 data-start=\"1502\" data-end=\"1523\"><strong data-start=\"1505\" data-end=\"1523\">Spezifikationen<\/strong><\/h2>\n<div class=\"TyagGW_tableContainer\">\n<div class=\"group TyagGW_tableWrapper flex w-fit flex-col-reverse\" tabindex=\"-1\">\n<table class=\"w-fit min-w-(--thread-content-width)\" data-start=\"1525\" data-end=\"2402\">\n<thead data-start=\"1525\" data-end=\"1552\">\n<tr data-start=\"1525\" data-end=\"1552\">\n<th data-start=\"1525\" data-end=\"1541\" data-col-size=\"sm\">Spezifikation<\/th>\n<th data-start=\"1541\" data-end=\"1552\" data-col-size=\"md\">Details<\/th>\n<\/tr>\n<\/thead>\n<tbody data-start=\"1580\" data-end=\"2402\">\n<tr data-start=\"1580\" data-end=\"1617\">\n<td data-start=\"1580\" data-end=\"1599\" data-col-size=\"sm\"><strong data-start=\"1582\" data-end=\"1598\">Produktname<\/strong><\/td>\n<td data-start=\"1599\" data-end=\"1617\" data-col-size=\"md\">30-W-PD-Ladeger\u00e4t<\/td>\n<\/tr>\n<tr data-start=\"1618\" data-end=\"1651\">\n<td data-start=\"1618\" data-end=\"1637\" data-col-size=\"sm\"><strong data-start=\"1620\" data-end=\"1636\">Modellnummer<\/strong><\/td>\n<td data-start=\"1637\" data-end=\"1651\" data-col-size=\"md\">TR8330ACAR<\/td>\n<\/tr>\n<tr data-start=\"1652\" data-end=\"1694\">\n<td data-start=\"1652\" data-end=\"1674\" data-col-size=\"sm\"><strong data-start=\"1654\" data-end=\"1673\">Herkunftsort<\/strong><\/td>\n<td data-start=\"1674\" data-end=\"1694\" data-col-size=\"md\">China (Festland)<\/td>\n<\/tr>\n<tr data-start=\"1695\" data-end=\"1734\">\n<td data-start=\"1695\" data-end=\"1707\" data-col-size=\"sm\"><strong data-start=\"1697\" data-end=\"1706\">Eingang<\/strong><\/td>\n<td data-start=\"1707\" data-end=\"1734\" data-col-size=\"md\">100\u2013240 V ~ 50\/60 Hz 0,8 A<\/td>\n<\/tr>\n<tr data-start=\"1735\" data-end=\"1810\">\n<td data-start=\"1735\" data-end=\"1756\" data-col-size=\"sm\"><strong data-start=\"1737\" data-end=\"1755\">Ausgang (USB-C)<\/strong><\/td>\n<td data-start=\"1756\" data-end=\"1810\" data-col-size=\"md\">5V\/3A, 9V\/3A, 12V\/2,5A, 15V\/2A, 20V\/1,5A (30W max)<\/td>\n<\/tr>\n<tr data-start=\"1811\" data-end=\"1868\">\n<td data-start=\"1811\" data-end=\"1832\" data-col-size=\"sm\"><strong data-start=\"1813\" data-end=\"1831\">Ausgang (USB-A)<\/strong><\/td>\n<td data-start=\"1832\" data-end=\"1868\" data-col-size=\"md\">5V\/3A, 9V\/2A, 12V\/1,5A (max. 18W)<\/td>\n<\/tr>\n<tr data-start=\"1869\" data-end=\"1911\">\n<td data-start=\"1869\" data-end=\"1896\" data-col-size=\"sm\"><strong data-start=\"1871\" data-end=\"1895\">Gemeinsamer USB-A- und USB-C-Anschluss<\/strong><\/td>\n<td data-start=\"1896\" data-end=\"1911\" data-col-size=\"md\">5 V\/3 A gesamt<\/td>\n<\/tr>\n<tr data-start=\"1912\" data-end=\"1963\">\n<td data-start=\"1912\" data-end=\"1935\" data-col-size=\"sm\"><strong data-start=\"1914\" data-end=\"1934\">Steckdosenstandards<\/strong><\/td>\n<td data-start=\"1935\" data-end=\"1963\" data-col-size=\"md\">USA, EU, Gro\u00dfbritannien, Japan, Korea<\/td>\n<\/tr>\n<tr data-start=\"1964\" data-end=\"2003\">\n<td data-start=\"1964\" data-end=\"1987\" data-col-size=\"sm\"><strong data-start=\"1966\" data-end=\"1986\">Verf\u00fcgbare Farben<\/strong><\/td>\n<td data-start=\"1987\" data-end=\"2003\" data-col-size=\"md\">Schwarz, Wei\u00df<\/td>\n<\/tr>\n<tr data-start=\"2004\" data-end=\"2041\">\n<td data-start=\"2004\" data-end=\"2019\" data-col-size=\"sm\"><strong data-start=\"2006\" data-end=\"2018\">Material<\/strong><\/td>\n<td data-start=\"2019\" data-end=\"2041\" data-col-size=\"md\">PC (Polycarbonat)<\/td>\n<\/tr>\n<tr data-start=\"2042\" data-end=\"2062\">\n<td data-start=\"2042\" data-end=\"2055\" data-col-size=\"sm\"><strong data-start=\"2044\" data-end=\"2054\">Gewicht<\/strong><\/td>\n<td data-start=\"2055\" data-end=\"2062\" data-col-size=\"md\">50 g<\/td>\n<\/tr>\n<tr data-start=\"2063\" data-end=\"2095\">\n<td data-start=\"2063\" data-end=\"2077\" data-col-size=\"sm\"><strong data-start=\"2065\" data-end=\"2076\">Verpackung<\/strong><\/td>\n<td data-start=\"2077\" data-end=\"2095\" data-col-size=\"md\">Einzelhandelsverpackung<\/td>\n<\/tr>\n<tr data-start=\"2096\" data-end=\"2198\">\n<td data-start=\"2096\" data-end=\"2122\" data-col-size=\"sm\"><strong data-start=\"2098\" data-end=\"2121\">Schutzfunktionen<\/strong><\/td>\n<td data-start=\"2122\" data-end=\"2198\" data-col-size=\"md\">Kurzschluss-, \u00dcberspannungs-, \u00dcberstrom-, \u00dcberlast- und R\u00fcckflussschutz<\/td>\n<\/tr>\n<tr data-start=\"2199\" data-end=\"2228\">\n<td data-start=\"2199\" data-end=\"2222\" data-col-size=\"sm\"><strong data-start=\"2201\" data-end=\"2221\">Effizienzniveau<\/strong><\/td>\n<td data-start=\"2222\" data-end=\"2228\" data-col-size=\"md\">VI<\/td>\n<\/tr>\n<tr data-start=\"2229\" data-end=\"2300\">\n<td data-start=\"2229\" data-end=\"2248\" data-col-size=\"sm\"><strong data-start=\"2231\" data-end=\"2247\">Zertifikate<\/strong><\/td>\n<td data-start=\"2248\" data-end=\"2300\" data-col-size=\"md\">ETL, CE, FCC, UKCA, PSE, KC, RoHS, REACH, S-MARK<\/td>\n<\/tr>\n<tr data-start=\"2301\" data-end=\"2326\">\n<td data-start=\"2301\" data-end=\"2316\" data-col-size=\"sm\"><strong data-start=\"2303\" data-end=\"2315\">Garantie<\/strong><\/td>\n<td data-start=\"2316\" data-end=\"2326\" data-col-size=\"md\">1 Jahr<\/td>\n<\/tr>\n<tr data-start=\"2327\" data-end=\"2365\">\n<td data-start=\"2327\" data-end=\"2349\" data-col-size=\"sm\"><strong data-start=\"2329\" data-end=\"2348\">Betriebstemperatur.<\/strong><\/td>\n<td data-start=\"2349\" data-end=\"2365\" data-col-size=\"md\">-20 \u00b0C \u2013 55 \u00b0C<\/td>\n<\/tr>\n<tr data-start=\"2366\" data-end=\"2402\">\n<td data-start=\"2366\" data-end=\"2386\" data-col-size=\"sm\"><strong data-start=\"2368\" data-end=\"2385\">Lagertemperatur.<\/strong><\/td>\n<td data-start=\"2386\" data-end=\"2402\" data-col-size=\"md\">-40 \u00b0C \u2013 70 \u00b0C<\/td>\n<\/tr>\n<\/tbody>\n<\/table>\n<\/div>\n<\/div>\n<h2 data-start=\"2409\" data-end=\"2434\"><strong data-start=\"2412\" data-end=\"2434\">Wichtigste Verkaufsargumente<\/strong><\/h2>\n<p data-start=\"2436\" data-end=\"2471\"><strong data-start=\"2440\" data-end=\"2471\">Schnelles und flexibles Laden<\/strong><\/p>\n<ul data-start=\"2472\" data-end=\"2690\">\n<li data-start=\"2472\" data-end=\"2548\">\n<p data-start=\"2474\" data-end=\"2548\"><strong data-start=\"2474\" data-end=\"2501\">30W Leistungsabgabe (PD)<\/strong> \u00fcber USB-C zum schnellen Laden moderner Ger\u00e4te.<\/p>\n<\/li>\n<li data-start=\"2549\" data-end=\"2628\">\n<p data-start=\"2551\" data-end=\"2628\">Gewidmet <strong data-start=\"2561\" data-end=\"2575\">USB-A-Anschluss<\/strong> Unterst\u00fctzung von Schnellladeprotokollen f\u00fcr \u00e4ltere Ger\u00e4te.<\/p>\n<\/li>\n<li data-start=\"2629\" data-end=\"2690\">\n<p data-start=\"2631\" data-end=\"2690\">Dank des Dual-Port-Designs k\u00f6nnen Sie zwei Ger\u00e4te gleichzeitig mit Strom versorgen.<\/p>\n<\/li>\n<\/ul>\n<p data-start=\"2692\" data-end=\"2725\"><strong data-start=\"2696\" data-end=\"2725\">Weltweit reisefreundlich<\/strong><\/p>\n<ul data-start=\"2726\" data-end=\"2855\">\n<li data-start=\"2726\" data-end=\"2855\">\n<p data-start=\"2728\" data-end=\"2855\">Beinhaltet mehrere <strong data-start=\"2746\" data-end=\"2772\">Weltweite Steckdosenstandards<\/strong> (USA, EU, Gro\u00dfbritannien, Japan, S\u00fcdkorea), wodurch es sich ideal f\u00fcr internationale Reisen und globale M\u00e4rkte eignet.<\/p>\n<\/li>\n<\/ul>\n<p data-start=\"2857\" data-end=\"2881\"><strong data-start=\"2861\" data-end=\"2881\">Sicherheit geht vor<\/strong><\/p>\n<ul data-start=\"2882\" data-end=\"3030\">\n<li data-start=\"2882\" data-end=\"3030\">\n<p data-start=\"2884\" data-end=\"3030\">Eingebaut <strong data-start=\"2893\" data-end=\"2919\">mehrstufiger Schutz<\/strong> Sch\u00fctzt vor Kurzschl\u00fcssen, \u00dcberspannung, \u00dcberstrom, \u00dcberlastung und R\u00fcckstrom \u2013 und sorgt so f\u00fcr die Sicherheit Ihrer Ger\u00e4te.<\/p>\n<\/li>\n<\/ul>\n<p data-start=\"3032\" data-end=\"3067\"><strong data-start=\"3036\" data-end=\"3067\">Kompaktes und robustes Design<\/strong><\/p>\n<ul data-start=\"3068\" data-end=\"3191\">\n<li data-start=\"3068\" data-end=\"3116\">\n<p data-start=\"3070\" data-end=\"3116\">Leicht (50 g) und kompakt f\u00fcr optimalen Komfort.<\/p>\n<\/li>\n<li data-start=\"3117\" data-end=\"3191\">\n<p data-start=\"3119\" data-end=\"3191\">Robust <strong data-start=\"3126\" data-end=\"3139\">PC-Geh\u00e4use<\/strong> H\u00e4lt dem t\u00e4glichen Gebrauch stand und beh\u00e4lt dabei seine Leistungsf\u00e4higkeit.<\/p>\n<\/li>\n<\/ul>\n<p data-start=\"3193\" data-end=\"3221\"><strong data-start=\"3197\" data-end=\"3221\">Zertifizierte Qualit\u00e4t<\/strong><\/p>\n<ul data-start=\"3222\" data-end=\"3388\">\n<li data-start=\"3222\" data-end=\"3388\">\n<p data-start=\"3224\" data-end=\"3388\">Erf\u00fcllt die wichtigsten globalen Sicherheits- und Regulierungszertifizierungen, einschlie\u00dflich <strong data-start=\"3298\" data-end=\"3333\">ETL, CE, FCC, UKCA, PSE und KC<\/strong> \u2014 um Sicherheit f\u00fcr Exporte und Verbraucher zu gew\u00e4hrleisten.<\/p>\n<\/li>\n<\/ul>\n<h2 data-start=\"3395\" data-end=\"3414\"><strong data-start=\"3398\" data-end=\"3414\">Anwendungen<\/strong><\/h2>\n<p data-start=\"3416\" data-end=\"3466\">Der <strong data-start=\"3420\" data-end=\"3449\">30W PD-Ladeger\u00e4t TR8330ACAR<\/strong> ist geeignet f\u00fcr:<\/p>\n<ul data-start=\"3467\" data-end=\"3735\">\n<li data-start=\"3467\" data-end=\"3526\">\n<p data-start=\"3469\" data-end=\"3526\"><strong data-start=\"3469\" data-end=\"3492\">Laptops \/ Notebooks<\/strong> mit USB-C Power Delivery-Unterst\u00fctzung<\/p>\n<\/li>\n<li data-start=\"3527\" data-end=\"3565\">\n<p data-start=\"3529\" data-end=\"3565\"><strong data-start=\"3529\" data-end=\"3540\">Tabletten<\/strong> (iPads, Android-Tablets)<\/p>\n<\/li>\n<li data-start=\"3566\" data-end=\"3620\">\n<p data-start=\"3568\" data-end=\"3620\"><strong data-start=\"3568\" data-end=\"3585\">Mobiltelefone<\/strong> einschlie\u00dflich iPhones und Android-Ger\u00e4ten<\/p>\n<\/li>\n<li data-start=\"3621\" data-end=\"3650\">\n<p data-start=\"3623\" data-end=\"3650\"><strong data-start=\"3623\" data-end=\"3650\">Tragbare Spielger\u00e4te<\/strong><\/p>\n<\/li>\n<li data-start=\"3651\" data-end=\"3687\">\n<p data-start=\"3653\" data-end=\"3687\"><strong data-start=\"3653\" data-end=\"3687\">Bluetooth-Kopfh\u00f6rer, Lautsprecher<\/strong><\/p>\n<\/li>\n<li data-start=\"3688\" data-end=\"3735\">\n<p data-start=\"3690\" data-end=\"3735\"><strong data-start=\"3690\" data-end=\"3705\">Powerbanks<\/strong> und andere USB-betriebene Ger\u00e4te<\/p>\n<\/li>\n<\/ul>\n<p data-start=\"3737\" data-end=\"3792\">Perfekt f\u00fcr <strong data-start=\"3749\" data-end=\"3791\">Nutzung zu Hause, im B\u00fcro, auf Reisen und gesch\u00e4ftlich<\/strong>.<\/p>\n<h2 data-start=\"3799\" data-end=\"3862\"><strong data-start=\"3802\" data-end=\"3862\">Unternehmensvorteile \u2013 Warum Shenzhen Jialu Technology w\u00e4hlen?<\/strong><\/h2>\n<p data-start=\"3864\" data-end=\"4538\">Shenzhen Jialu Technology Co., Ltd. ist ein etablierter Hersteller von Netzteilen mit Fokus auf Qualit\u00e4t, Innovation und weltweiten Kundenservice. Das Unternehmen bietet ein starkes <strong data-start=\"4037\" data-end=\"4059\">OEM\/ODM-F\u00e4higkeiten<\/strong>, Dadurch k\u00f6nnen ma\u00dfgeschneiderte Produktl\u00f6sungen f\u00fcr die unterschiedlichen Marktbed\u00fcrfnisse entwickelt werden. Die Produkte von Jialu sind auf Langlebigkeit ausgelegt. <strong data-start=\"4166\" data-end=\"4190\">extreme Umgebungen<\/strong> und bieten zuverl\u00e4ssige Leistung, was sie weltweit zu einer vertrauensw\u00fcrdigen Wahl f\u00fcr Stromversorgungszubeh\u00f6r macht. Dar\u00fcber hinaus verf\u00fcgt das Unternehmen \u00fcber eine optimierte Produktionskapazit\u00e4t und eine globale Exportpr\u00e4senz. <strong data-start=\"4374\" data-end=\"4392\">Mehr als 100 L\u00e4nder<\/strong>, Der rund um die Uhr verf\u00fcgbare professionelle Service steigert zus\u00e4tzlich seine Attraktivit\u00e4t als zuverl\u00e4ssiger Fertigungspartner und Lieferant.<\/p>\n<h2 data-start=\"4545\" data-end=\"4563\"><strong data-start=\"4548\" data-end=\"4563\">Produkt-FAQ<\/strong><\/h2>\n<p data-start=\"4565\" data-end=\"4716\"><strong data-start=\"4565\" data-end=\"4609\">Frage 1: Welche Ger\u00e4te kann dieses Ladeger\u00e4t mit Strom versorgen?<\/strong><br data-start=\"4609\" data-end=\"4612\" \/><strong data-start=\"4612\" data-end=\"4618\">A:<\/strong> Es kann USB-C- und USB-A-kompatible Laptops, Tablets, Handys und andere USB-betriebene Ger\u00e4te aufladen.<\/p>\n<p data-start=\"4718\" data-end=\"4884\"><strong data-start=\"4718\" data-end=\"4765\">Frage 2: Unterst\u00fctzt das Ladeger\u00e4t Schnellladen?<\/strong><br data-start=\"4765\" data-end=\"4768\" \/><strong data-start=\"4768\" data-end=\"4774\">A:<\/strong> Ja. Der USB-C-Anschluss unterst\u00fctzt Power Delivery bis zu 30 W, und der USB-A-Anschluss unterst\u00fctzt Schnellladeprofile bis zu 18 W.<\/p>\n<p data-start=\"4886\" data-end=\"5045\"><strong data-start=\"4886\" data-end=\"4934\">Frage 3: K\u00f6nnen beide Anschl\u00fcsse gleichzeitig verwendet werden?<\/strong><br data-start=\"4934\" data-end=\"4937\" \/><strong data-start=\"4937\" data-end=\"4943\">A:<\/strong> Ja, sowohl USB-C als auch USB-A k\u00f6nnen gleichzeitig verwendet werden, wobei die gemeinsame Ausgangsleistung automatisch geregelt wird.<\/p>\n<p data-start=\"5047\" data-end=\"5182\"><strong data-start=\"5047\" data-end=\"5096\">Frage 4: Ist die Anwendung in verschiedenen L\u00e4ndern sicher?<\/strong><br data-start=\"5096\" data-end=\"5099\" \/><strong data-start=\"5099\" data-end=\"5105\">A:<\/strong> Ja. Das Ladeger\u00e4t unterst\u00fctzt mehrere Steckdosenstandards und ist somit weltweit einsetzbar.<\/p>\n<p data-start=\"5184\" data-end=\"5371\"><strong data-start=\"5184\" data-end=\"5229\">Frage 5: Welche Sicherheitsvorkehrungen sind enthalten?<\/strong><br data-start=\"5229\" data-end=\"5232\" \/><strong data-start=\"5232\" data-end=\"5238\">A:<\/strong> Es beinhaltet Schutzmechanismen gegen Kurzschl\u00fcsse, \u00dcberstrom, \u00dcberspannung, \u00dcberlastung und R\u00fcckstrom, um die Sicherheit von Benutzer und Ger\u00e4t zu gew\u00e4hrleisten.<\/p>\n<p data-start=\"5373\" data-end=\"5549\"><strong data-start=\"5373\" data-end=\"5423\">Frage 6: \u00dcber welche Zertifizierungen verf\u00fcgt das Produkt?<\/strong><br data-start=\"5423\" data-end=\"5426\" \/><strong data-start=\"5426\" data-end=\"5432\">A:<\/strong> Das Ladeger\u00e4t verf\u00fcgt \u00fcber Sicherheits- und Konformit\u00e4tszertifizierungen wie ETL, CE, FCC, UKCA, PSE, KC, RoHS, REACH und S-MARK.<\/p>\n<p data-start=\"5551\" data-end=\"5644\"><strong data-start=\"5551\" data-end=\"5580\">Frage 7: Wie sieht die Garantie aus?<\/strong><br data-start=\"5580\" data-end=\"5583\" \/><strong data-start=\"5583\" data-end=\"5589\">A:<\/strong> F\u00fcr das Produkt gilt eine einj\u00e4hrige Herstellergarantie.<\/p>","protected":false},"excerpt":{"rendered":"<p><strong data-start=\"1582\" data-end=\"1598\">Produktname: <\/strong>30-W-PD-Ladeger\u00e4t<\/p>\n<p><strong data-start=\"1620\" data-end=\"1636\">Modellnummer: <\/strong>TR8330ACAR<\/p>\n<p><strong data-start=\"1654\" data-end=\"1673\">Herkunftsort: <\/strong>China (Festland)<\/p>\n<p><strong data-start=\"1697\" data-end=\"1706\">Eingang: <\/strong>100\u2013240 V ~ 50\/60 Hz 0,8 A<\/p>\n<p><strong data-start=\"1737\" data-end=\"1755\">Ausgang (USB-C): <\/strong>5V\/3A, 9V\/3A, 12V\/2,5A, 15V\/2A, 20V\/1,5A (30W max)<\/p>\n<p><strong data-start=\"1813\" data-end=\"1831\">Ausgang (USB-A): <\/strong>5V\/3A, 9V\/2A, 12V\/1,5A (max. 18W)<\/p>\n<p><strong data-start=\"1871\" data-end=\"1895\">Gemeinsamer USB-A- und USB-C-Anschluss: <\/strong>5 V\/3 A gesamt<\/p>\n<p><strong data-start=\"1914\" data-end=\"1934\">Steckdosenstandards: <\/strong>USA, EU, Gro\u00dfbritannien, Japan, Korea<\/p>\n<p><strong data-start=\"1966\" data-end=\"1986\">Verf\u00fcgbare Farben: <\/strong>Schwarz, Wei\u00df<\/p>\n<p><strong data-start=\"2006\" data-end=\"2018\">Material: <\/strong>PC (Polycarbonat)<\/p>\n<p><strong data-start=\"2044\" data-end=\"2054\">Gewicht: <\/strong>50 g<\/p>\n<p><strong data-start=\"2065\" data-end=\"2076\">Verpackung: <\/strong>Einzelhandelsverpackung<\/p>\n<p><strong data-start=\"2098\" data-end=\"2121\">Schutzfunktionen: <\/strong>Kurzschluss-, \u00dcberspannungs-, \u00dcberstrom-, \u00dcberlast- und R\u00fcckflussschutz<\/p>","protected":false},"featured_media":1433,"comment_status":"open","ping_status":"closed","template":"","meta":{"_acf_changed":false,"site-sidebar-layout":"default","site-content-layout":"","ast-site-content-layout":"default","site-content-style":"default","site-sidebar-style":"default","ast-global-header-display":"","ast-banner-title-visibility":"","ast-main-header-display":"","ast-hfb-above-header-display":"","ast-hfb-below-header-display":"","ast-hfb-mobile-header-display":"","site-post-title":"","ast-breadcrumbs-content":"","ast-featured-img":"","footer-sml-layout":"","ast-disable-related-posts":"","theme-transparent-header-meta":"default","adv-header-id-meta":"","stick-header-meta":"","header-above-stick-meta":"","header-main-stick-meta":"","header-below-stick-meta":"","astra-migrate-meta-layouts":"set","ast-page-background-enabled":"default","ast-page-background-meta":{"desktop":{"background-color":"var(--ast-global-color-5)","background-image":"","background-repeat":"repeat","background-position":"center center","background-size":"auto","background-attachment":"scroll","background-type":"","background-media":"","overlay-type":"","overlay-color":"","overlay-opacity":"","overlay-gradient":""},"tablet":{"background-color":"","background-image":"","background-repeat":"repeat","background-position":"center center","background-size":"auto","background-attachment":"scroll","background-type":"","background-media":"","overlay-type":"","overlay-color":"","overlay-opacity":"","overlay-gradient":""},"mobile":{"background-color":"","background-image":"","background-repeat":"repeat","background-position":"center center","background-size":"auto","background-attachment":"scroll","background-type":"","background-media":"","overlay-type":"","overlay-color":"","overlay-opacity":"","overlay-gradient":""}},"ast-content-background-meta":{"desktop":{"background-color":"var(--ast-global-color-4)","background-image":"","background-repeat":"repeat","background-position":"center center","background-size":"auto","background-attachment":"scroll","background-type":"","background-media":"","overlay-type":"","overlay-color":"","overlay-opacity":"","overlay-gradient":""},"tablet":{"background-color":"var(--ast-global-color-4)","background-image":"","background-repeat":"repeat","background-position":"center center","background-size":"auto","background-attachment":"scroll","background-type":"","background-media":"","overlay-type":"","overlay-color":"","overlay-opacity":"","overlay-gradient":""},"mobile":{"background-color":"var(--ast-global-color-4)","background-image":"","background-repeat":"repeat","background-position":"center center","background-size":"auto","background-attachment":"scroll","background-type":"","background-media":"","overlay-type":"","overlay-color":"","overlay-opacity":"","overlay-gradient":""}}},"product_brand":[],"product_cat":[46,30],"product_tag":[122,195,197,196,194],"class_list":{"0":"post-1432","1":"product","2":"type-product","3":"status-publish","4":"has-post-thumbnail","6":"product_cat-30w","7":"product_cat-gan-charger","8":"product_tag-30w-pd-charger","9":"product_tag-dual-port-fast-charger","10":"product_tag-fast-usb-charger-30w","11":"product_tag-pd-charger-for-laptop","12":"product_tag-usb-c-power-delivery-adapter","13":"desktop-align-left","14":"tablet-align-left","15":"mobile-align-left","17":"first","18":"instock","19":"shipping-taxable","20":"product-type-simple"},"acf":[],"_links":{"self":[{"href":"https:\/\/szjialu.com\/de\/wp-json\/wp\/v2\/product\/1432","targetHints":{"allow":["GET"]}}],"collection":[{"href":"https:\/\/szjialu.com\/de\/wp-json\/wp\/v2\/product"}],"about":[{"href":"https:\/\/szjialu.com\/de\/wp-json\/wp\/v2\/types\/product"}],"replies":[{"embeddable":true,"href":"https:\/\/szjialu.com\/de\/wp-json\/wp\/v2\/comments?post=1432"}],"wp:featuredmedia":[{"embeddable":true,"href":"https:\/\/szjialu.com\/de\/wp-json\/wp\/v2\/media\/1433"}],"wp:attachment":[{"href":"https:\/\/szjialu.com\/de\/wp-json\/wp\/v2\/media?parent=1432"}],"wp:term":[{"taxonomy":"product_brand","embeddable":true,"href":"https:\/\/szjialu.com\/de\/wp-json\/wp\/v2\/product_brand?post=1432"},{"taxonomy":"product_cat","embeddable":true,"href":"https:\/\/szjialu.com\/de\/wp-json\/wp\/v2\/product_cat?post=1432"},{"taxonomy":"product_tag","embeddable":true,"href":"https:\/\/szjialu.com\/de\/wp-json\/wp\/v2\/product_tag?post=1432"}],"curies":[{"name":"wp","href":"https:\/\/api.w.org\/{rel}","templated":true}]}}