{"id":1428,"date":"2025-12-15T14:30:15","date_gmt":"2025-12-15T14:30:15","guid":{"rendered":"https:\/\/szjialu.com\/?post_type=product&#038;p=1428"},"modified":"2026-02-19T07:20:09","modified_gmt":"2026-02-19T07:20:09","slug":"30-w-pd-ladegerat-tr8330cuk","status":"publish","type":"product","link":"https:\/\/szjialu.com\/de\/product\/30w-pd-charger-tr8330cuk\/","title":{"rendered":"30W PD-Ladeger\u00e4t TR8330CUK"},"content":{"rendered":"<h2 data-start=\"826\" data-end=\"849\"><strong data-start=\"829\" data-end=\"849\">Produkt\u00fcbersicht<\/strong><\/h2>\n<p data-start=\"851\" data-end=\"1233\">Der <strong data-start=\"855\" data-end=\"883\">30W PD-Ladeger\u00e4t TR8330CUK<\/strong> ist ein kompakter, leichter USB-C-Netzadapter, der f\u00fcr schnelles, stabiles und effizientes Laden moderner elektronischer Ger\u00e4te entwickelt wurde. Unterst\u00fctzt <strong data-start=\"1031\" data-end=\"1060\">USB-C Power Delivery (PD)<\/strong> Und <strong data-start=\"1065\" data-end=\"1100\">PPS (Programmierbares Netzteil)<\/strong>, Es passt Spannung und Stromst\u00e4rke intelligent an die Ger\u00e4teanforderungen an, verbessert so die Ladegeschwindigkeit und sch\u00fctzt gleichzeitig die Batteriegesundheit.<\/p>\n<p data-start=\"1235\" data-end=\"1524\">Dank universeller Eingangsspannung und vielf\u00e4ltiger Steckdosenoptionen eignet sich dieses Ladeger\u00e4t ideal f\u00fcr Zuhause, B\u00fcro und unterwegs. Sein robustes PC-Geh\u00e4use, der mehrstufige Sicherheitsschutz und die umfangreichen internationalen Zertifizierungen machen es zu einer zuverl\u00e4ssigen Ladel\u00f6sung f\u00fcr den globalen Markt.<\/p>\n<h2 data-start=\"1531\" data-end=\"1552\"><strong data-start=\"1534\" data-end=\"1552\">Spezifikationen<\/strong><\/h2>\n<div class=\"TyagGW_tableContainer\">\n<div class=\"group TyagGW_tableWrapper flex w-fit flex-col-reverse\" tabindex=\"-1\">\n<table class=\"w-fit min-w-(--thread-content-width)\" data-start=\"1554\" data-end=\"2380\">\n<thead data-start=\"1554\" data-end=\"1576\">\n<tr data-start=\"1554\" data-end=\"1576\">\n<th data-start=\"1554\" data-end=\"1561\" data-col-size=\"sm\">Artikel<\/th>\n<th data-start=\"1561\" data-end=\"1576\" data-col-size=\"md\">Beschreibung<\/th>\n<\/tr>\n<\/thead>\n<tbody data-start=\"1599\" data-end=\"2380\">\n<tr data-start=\"1599\" data-end=\"1636\">\n<td data-start=\"1599\" data-end=\"1618\" data-col-size=\"sm\"><strong data-start=\"1601\" data-end=\"1617\">Produktname<\/strong><\/td>\n<td data-col-size=\"md\" data-start=\"1618\" data-end=\"1636\">30-W-PD-Ladeger\u00e4t<\/td>\n<\/tr>\n<tr data-start=\"1637\" data-end=\"1669\">\n<td data-start=\"1637\" data-end=\"1656\" data-col-size=\"sm\"><strong data-start=\"1639\" data-end=\"1655\">Modellnummer<\/strong><\/td>\n<td data-col-size=\"md\" data-start=\"1656\" data-end=\"1669\">TR8330CUK<\/td>\n<\/tr>\n<tr data-start=\"1670\" data-end=\"1712\">\n<td data-start=\"1670\" data-end=\"1692\" data-col-size=\"sm\"><strong data-start=\"1672\" data-end=\"1691\">Herkunftsort<\/strong><\/td>\n<td data-col-size=\"md\" data-start=\"1692\" data-end=\"1712\">China (Festland)<\/td>\n<\/tr>\n<tr data-start=\"1713\" data-end=\"1753\">\n<td data-start=\"1713\" data-end=\"1725\" data-col-size=\"sm\"><strong data-start=\"1715\" data-end=\"1724\">Eingang<\/strong><\/td>\n<td data-col-size=\"md\" data-start=\"1725\" data-end=\"1753\">100\u2013240 V ~ 50\/60 Hz, 0,8 A<\/td>\n<\/tr>\n<tr data-start=\"1754\" data-end=\"1784\">\n<td data-start=\"1754\" data-end=\"1777\" data-col-size=\"sm\"><strong data-start=\"1756\" data-end=\"1776\">Maximale Ausgangsleistung<\/strong><\/td>\n<td data-start=\"1777\" data-end=\"1784\" data-col-size=\"md\">30 W<\/td>\n<\/tr>\n<tr data-start=\"1785\" data-end=\"1851\">\n<td data-start=\"1785\" data-end=\"1807\" data-col-size=\"sm\"><strong data-start=\"1787\" data-end=\"1806\">Ausgabeprofile<\/strong><\/td>\n<td data-start=\"1807\" data-end=\"1851\" data-col-size=\"md\">5V\/3A, 9V\/3A, 12V\/2,5A, 15V\/2A, 20V\/1,5A<\/td>\n<\/tr>\n<tr data-start=\"1852\" data-end=\"1889\">\n<td data-start=\"1852\" data-end=\"1869\" data-col-size=\"sm\"><strong data-start=\"1854\" data-end=\"1868\">PPS-Ausgang<\/strong><\/td>\n<td data-start=\"1869\" data-end=\"1889\" data-col-size=\"md\">3,3\u201311,0 V \/ 2,7 A<\/td>\n<\/tr>\n<tr data-start=\"1890\" data-end=\"1945\">\n<td data-start=\"1890\" data-end=\"1913\" data-col-size=\"sm\"><strong data-start=\"1892\" data-end=\"1912\">Steckdosenstandards<\/strong><\/td>\n<td data-start=\"1913\" data-end=\"1945\" data-col-size=\"md\">USA \/ EU \/ Gro\u00dfbritannien \/ Japan \/ Korea<\/td>\n<\/tr>\n<tr data-start=\"1946\" data-end=\"1980\">\n<td data-start=\"1946\" data-end=\"1961\" data-col-size=\"sm\"><strong data-start=\"1948\" data-end=\"1960\">Material<\/strong><\/td>\n<td data-start=\"1961\" data-end=\"1980\" data-col-size=\"md\">Hochwertiger PC<\/td>\n<\/tr>\n<tr data-start=\"1981\" data-end=\"2010\">\n<td data-start=\"1981\" data-end=\"1994\" data-col-size=\"sm\"><strong data-start=\"1983\" data-end=\"1993\">Farben<\/strong><\/td>\n<td data-start=\"1994\" data-end=\"2010\" data-col-size=\"md\">Schwarz, Wei\u00df<\/td>\n<\/tr>\n<tr data-start=\"2011\" data-end=\"2031\">\n<td data-start=\"2011\" data-end=\"2024\" data-col-size=\"sm\"><strong data-start=\"2013\" data-end=\"2023\">Gewicht<\/strong><\/td>\n<td data-start=\"2024\" data-end=\"2031\" data-col-size=\"md\">51 g<\/td>\n<\/tr>\n<tr data-start=\"2032\" data-end=\"2067\">\n<td data-start=\"2032\" data-end=\"2055\" data-col-size=\"sm\"><strong data-start=\"2034\" data-end=\"2054\">Effizienzniveau<\/strong><\/td>\n<td data-start=\"2055\" data-end=\"2067\" data-col-size=\"md\">Stufe VI<\/td>\n<\/tr>\n<tr data-start=\"2068\" data-end=\"2169\">\n<td data-start=\"2068\" data-end=\"2092\" data-col-size=\"sm\"><strong data-start=\"2070\" data-end=\"2091\">Sicherheitsschutz<\/strong><\/td>\n<td data-start=\"2092\" data-end=\"2169\" data-col-size=\"md\">Kurzschluss-, \u00dcberspannungs-, \u00dcberstrom-, \u00dcberlast- und R\u00fcckflussschutz<\/td>\n<\/tr>\n<tr data-start=\"2170\" data-end=\"2235\">\n<td data-start=\"2170\" data-end=\"2191\" data-col-size=\"sm\"><strong data-start=\"2172\" data-end=\"2190\">Zertifizierungen<\/strong><\/td>\n<td data-start=\"2191\" data-end=\"2235\" data-col-size=\"md\">ETL, CE, FCC, UKCA, PSE, KC, RoHS, REACH<\/td>\n<\/tr>\n<tr data-start=\"2236\" data-end=\"2278\">\n<td data-start=\"2236\" data-end=\"2264\" data-col-size=\"sm\"><strong data-start=\"2238\" data-end=\"2263\">Betriebstemperatur<\/strong><\/td>\n<td data-start=\"2264\" data-end=\"2278\" data-col-size=\"md\">\u201320\u2103 ~ 55\u2103<\/td>\n<\/tr>\n<tr data-start=\"2279\" data-end=\"2319\">\n<td data-start=\"2279\" data-end=\"2305\" data-col-size=\"sm\"><strong data-start=\"2281\" data-end=\"2304\">Lagertemperatur<\/strong><\/td>\n<td data-start=\"2305\" data-end=\"2319\" data-col-size=\"md\">\u201340\u2103 ~ 70\u2103<\/td>\n<\/tr>\n<tr data-start=\"2320\" data-end=\"2354\">\n<td data-start=\"2320\" data-end=\"2336\" data-col-size=\"sm\"><strong data-start=\"2322\" data-end=\"2335\">Verpackung<\/strong><\/td>\n<td data-start=\"2336\" data-end=\"2354\" data-col-size=\"md\">Einzelhandelsverpackung<\/td>\n<\/tr>\n<tr data-start=\"2355\" data-end=\"2380\">\n<td data-start=\"2355\" data-end=\"2370\" data-col-size=\"sm\"><strong data-start=\"2357\" data-end=\"2369\">Garantie<\/strong><\/td>\n<td data-start=\"2370\" data-end=\"2380\" data-col-size=\"md\">1 Jahr<\/td>\n<\/tr>\n<\/tbody>\n<\/table>\n<\/div>\n<\/div>\n<h2 data-start=\"2387\" data-end=\"2412\"><strong data-start=\"2390\" data-end=\"2412\">Wichtigste Verkaufsargumente<\/strong><\/h2>\n<h3 data-start=\"2414\" data-end=\"2450\"><strong data-start=\"2420\" data-end=\"2450\">30-W-USB-C-PD-Schnellladung<\/strong><\/h3>\n<p data-start=\"2451\" data-end=\"2565\">Unterst\u00fctzt mehrere PD-Spannungsprofile und PPS, was ein schnelleres und effizienteres Laden kompatibler Ger\u00e4te erm\u00f6glicht.<\/p>\n<h3 data-start=\"2567\" data-end=\"2603\"><strong data-start=\"2574\" data-end=\"2603\">Breite Ger\u00e4tekompatibilit\u00e4t<\/strong><\/h3>\n<p data-start=\"2604\" data-end=\"2692\">Ideal f\u00fcr Laptops, Notebooks, Tablets, Smartphones und andere elektronische Ger\u00e4te mit USB-C-Anschluss.<\/p>\n<h3 data-start=\"2694\" data-end=\"2724\"><strong data-start=\"2701\" data-end=\"2724\">Global einsetzbares Design<\/strong><\/h3>\n<p data-start=\"2725\" data-end=\"2826\">Der breite Eingangsspannungsbereich und die verschiedenen Steckerstandards machen es f\u00fcr internationale M\u00e4rkte und Reisen geeignet.<\/p>\n<h3 data-start=\"2828\" data-end=\"2868\"><strong data-start=\"2835\" data-end=\"2868\">Mehrstufiger Sicherheitsschutz<\/strong><\/h3>\n<p data-start=\"2869\" data-end=\"2948\">Eingebaute elektrische Schutzmechanismen gew\u00e4hrleisten sicheres Laden und langfristige Zuverl\u00e4ssigkeit.<\/p>\n<h3 data-start=\"2950\" data-end=\"2982\"><strong data-start=\"2957\" data-end=\"2982\">Kompakt und leicht<\/strong><\/h3>\n<p data-start=\"2983\" data-end=\"3065\">Mit einem Gewicht von nur 51 g ist das Ladeger\u00e4t leicht zu transportieren und perfekt f\u00fcr einen mobilen Lebensstil geeignet.<\/p>\n<h3 data-start=\"3067\" data-end=\"3106\"><strong data-start=\"3074\" data-end=\"3106\">Energieeffiziente Leistung<\/strong><\/h3>\n<p data-start=\"3107\" data-end=\"3190\">Die Effizienzstufe VI reduziert Leistungsverluste und entspricht globalen Energievorschriften.<\/p>\n<h2 data-start=\"3197\" data-end=\"3216\"><strong data-start=\"3200\" data-end=\"3216\">Anwendungen<\/strong><\/h2>\n<p data-start=\"3218\" data-end=\"3267\">Der <strong data-start=\"3222\" data-end=\"3250\">TR8330CUK 30W PD-Ladeger\u00e4t<\/strong> ist geeignet f\u00fcr:<\/p>\n<ul data-start=\"3269\" data-end=\"3466\">\n<li data-start=\"3269\" data-end=\"3301\">\n<p data-start=\"3271\" data-end=\"3301\">USB-C-Laptops und Ultrabooks<\/p>\n<\/li>\n<li data-start=\"3302\" data-end=\"3327\">\n<p data-start=\"3304\" data-end=\"3327\">Tablets und E-Reader<\/p>\n<\/li>\n<li data-start=\"3328\" data-end=\"3361\">\n<p data-start=\"3330\" data-end=\"3361\">Smartphones und intelligente Ger\u00e4te<\/p>\n<\/li>\n<li data-start=\"3362\" data-end=\"3390\">\n<p data-start=\"3364\" data-end=\"3390\">Tragbare Spielkonsolen<\/p>\n<\/li>\n<li data-start=\"3391\" data-end=\"3423\">\n<p data-start=\"3393\" data-end=\"3423\">B\u00fcro- und Heimarbeitspl\u00e4tze<\/p>\n<\/li>\n<li data-start=\"3424\" data-end=\"3466\">\n<p data-start=\"3426\" data-end=\"3466\">Reise- und Gesch\u00e4ftsladel\u00f6sungen<\/p>\n<\/li>\n<\/ul>\n<h2 data-start=\"3473\" data-end=\"3525\"><strong data-start=\"3476\" data-end=\"3525\">Unternehmensvorteil \u2013 Shenzhen Jilu Technology<\/strong><\/h2>\n<p data-start=\"3527\" data-end=\"3818\">Ein wesentlicher Vorteil von <strong data-start=\"3546\" data-end=\"3585\">Shenzhen Jialu Technology Co., Ltd.<\/strong> ist es <strong data-start=\"3593\" data-end=\"3667\">ausgereiftes Fertigungssystem kombiniert mit starker Compliance-F\u00e4higkeit<\/strong>. Das Unternehmen integriert Produktentwicklung, Konstruktion, Tests und Massenproduktion und erm\u00f6glicht so eine gleichbleibende Qualit\u00e4tskontrolle bei Gro\u00dfauftr\u00e4gen.<\/p>\n<p data-start=\"3820\" data-end=\"4243\">Jialu arbeitet unter international anerkannten Systemen wie <strong data-start=\"3884\" data-end=\"3916\">ISO 9001 (Qualit\u00e4tsmanagement)<\/strong>, <strong data-start=\"3918\" data-end=\"3957\">ISO 14001 (Umweltmanagement)<\/strong>, Und <strong data-start=\"3963\" data-end=\"3971\">BSCI<\/strong>, und seine Produkte werden exportiert nach <strong data-start=\"4006\" data-end=\"4038\">\u00fcber 100 L\u00e4nder weltweit<\/strong>. Dadurch wird sichergestellt, dass die Kunden Stromversorgungsprodukte erhalten, die den unterschiedlichen regionalen Anforderungen an Sicherheit, Effizienz und Umweltvertr\u00e4glichkeit gerecht werden \u2013 was Jialu zu einem verl\u00e4sslichen langfristigen Partner f\u00fcr globale Marken und Vertriebspartner macht.<\/p>\n<h2 data-start=\"4250\" data-end=\"4268\"><strong data-start=\"4253\" data-end=\"4268\">Produkt-FAQ<\/strong><\/h2>\n<p data-start=\"4270\" data-end=\"4413\"><strong data-start=\"4270\" data-end=\"4316\">Frage 1: Welche Ger\u00e4te kann der TR8330CUK aufladen?<\/strong><br data-start=\"4316\" data-end=\"4319\" \/>A: Es unterst\u00fctzt USB-C PD-kompatible Laptops, Tablets, Smartphones und andere Ger\u00e4te bis zu 30 W.<\/p>\n<p data-start=\"4415\" data-end=\"4539\"><strong data-start=\"4415\" data-end=\"4463\">Frage 2: Unterst\u00fctzt dieses Ladeger\u00e4t Schnellladen?<\/strong><br data-start=\"4463\" data-end=\"4466\" \/>A: Ja, es unterst\u00fctzt USB-C Power Delivery und PPS-Schnellladeprotokolle.<\/p>\n<p data-start=\"4541\" data-end=\"4693\"><strong data-start=\"4541\" data-end=\"4587\">Frage 3: Ist es f\u00fcr die t\u00e4gliche Anwendung oder f\u00fcr die Anwendung \u00fcber Nacht geeignet?<\/strong><br data-start=\"4587\" data-end=\"4590\" \/>A: Ja, es verf\u00fcgt \u00fcber zahlreiche integrierte Sicherheitsvorkehrungen und erf\u00fcllt internationale Sicherheitsstandards.<\/p>\n<p data-start=\"4695\" data-end=\"4818\"><strong data-start=\"4695\" data-end=\"4734\">Frage 4: Kann es international eingesetzt werden?<\/strong><br data-start=\"4734\" data-end=\"4737\" \/>A: Ja, es unterst\u00fctzt einen Eingangsspannungsbereich von 100\u2013240 V und ist mit verschiedenen Steckerstandards erh\u00e4ltlich.<\/p>\n<p data-start=\"4820\" data-end=\"4901\"><strong data-start=\"4820\" data-end=\"4854\">Frage 5: Welche Garantie ist enthalten?<\/strong><br data-start=\"4854\" data-end=\"4857\" \/>A: F\u00fcr das Ladeger\u00e4t gilt eine einj\u00e4hrige Garantie.<\/p>","protected":false},"excerpt":{"rendered":"<p><strong data-start=\"1601\" data-end=\"1617\">Produktname: <\/strong>30-W-PD-Ladeger\u00e4t<\/p>\n<p><strong data-start=\"1639\" data-end=\"1655\">Modellnummer: <\/strong>TR8330CUK<\/p>\n<p><strong data-start=\"1672\" data-end=\"1691\">Herkunftsort: <\/strong>China (Festland)<\/p>\n<p><strong data-start=\"1715\" data-end=\"1724\">Eingang: <\/strong>100\u2013240 V ~ 50\/60 Hz, 0,8 A<\/p>\n<p><strong data-start=\"1756\" data-end=\"1776\">Maximale Ausgangsleistung: <\/strong>30 W<\/p>\n<p><strong data-start=\"1787\" data-end=\"1806\">Ausgabeprofile: <\/strong>5V\/3A, 9V\/3A, 12V\/2,5A, 15V\/2A, 20V\/1,5A<\/p>\n<p><strong data-start=\"1854\" data-end=\"1868\">PPS-Ausgabe: <\/strong>3,3\u201311,0 V \/ 2,7 A<\/p>\n<p><strong data-start=\"1892\" data-end=\"1912\">Steckdosenstandards: <\/strong>USA \/ EU \/ Gro\u00dfbritannien \/ Japan \/ Korea<\/p>\n<p><strong data-start=\"1948\" data-end=\"1960\">Material: <\/strong>Hochwertiger PC<\/p>\n<p><strong data-start=\"1983\" data-end=\"1993\">Farben: <\/strong>Schwarz, Wei\u00df<\/p>\n<p><strong data-start=\"2013\" data-end=\"2023\">Gewicht: <\/strong>51 g<\/p>\n<p><strong data-start=\"2034\" data-end=\"2054\">Effizienzniveau: <\/strong>Stufe VI<\/p>","protected":false},"featured_media":1429,"comment_status":"open","ping_status":"closed","template":"","meta":{"_acf_changed":false,"site-sidebar-layout":"default","site-content-layout":"","ast-site-content-layout":"default","site-content-style":"default","site-sidebar-style":"default","ast-global-header-display":"","ast-banner-title-visibility":"","ast-main-header-display":"","ast-hfb-above-header-display":"","ast-hfb-below-header-display":"","ast-hfb-mobile-header-display":"","site-post-title":"","ast-breadcrumbs-content":"","ast-featured-img":"","footer-sml-layout":"","ast-disable-related-posts":"","theme-transparent-header-meta":"default","adv-header-id-meta":"","stick-header-meta":"","header-above-stick-meta":"","header-main-stick-meta":"","header-below-stick-meta":"","astra-migrate-meta-layouts":"set","ast-page-background-enabled":"default","ast-page-background-meta":{"desktop":{"background-color":"var(--ast-global-color-5)","background-image":"","background-repeat":"repeat","background-position":"center center","background-size":"auto","background-attachment":"scroll","background-type":"","background-media":"","overlay-type":"","overlay-color":"","overlay-opacity":"","overlay-gradient":""},"tablet":{"background-color":"","background-image":"","background-repeat":"repeat","background-position":"center center","background-size":"auto","background-attachment":"scroll","background-type":"","background-media":"","overlay-type":"","overlay-color":"","overlay-opacity":"","overlay-gradient":""},"mobile":{"background-color":"","background-image":"","background-repeat":"repeat","background-position":"center center","background-size":"auto","background-attachment":"scroll","background-type":"","background-media":"","overlay-type":"","overlay-color":"","overlay-opacity":"","overlay-gradient":""}},"ast-content-background-meta":{"desktop":{"background-color":"var(--ast-global-color-4)","background-image":"","background-repeat":"repeat","background-position":"center center","background-size":"auto","background-attachment":"scroll","background-type":"","background-media":"","overlay-type":"","overlay-color":"","overlay-opacity":"","overlay-gradient":""},"tablet":{"background-color":"var(--ast-global-color-4)","background-image":"","background-repeat":"repeat","background-position":"center center","background-size":"auto","background-attachment":"scroll","background-type":"","background-media":"","overlay-type":"","overlay-color":"","overlay-opacity":"","overlay-gradient":""},"mobile":{"background-color":"var(--ast-global-color-4)","background-image":"","background-repeat":"repeat","background-position":"center center","background-size":"auto","background-attachment":"scroll","background-type":"","background-media":"","overlay-type":"","overlay-color":"","overlay-opacity":"","overlay-gradient":""}}},"product_brand":[],"product_cat":[46,30],"product_tag":[122,149,193,181],"class_list":{"0":"post-1428","1":"product","2":"type-product","3":"status-publish","4":"has-post-thumbnail","6":"product_cat-30w","7":"product_cat-gan-charger","8":"product_tag-30w-pd-charger","9":"product_tag-fast-charging-adapter","10":"product_tag-pps-wall-charger","11":"product_tag-usb-c-pd-charger","12":"desktop-align-left","13":"tablet-align-left","14":"mobile-align-left","16":"first","17":"instock","18":"shipping-taxable","19":"product-type-simple"},"acf":[],"_links":{"self":[{"href":"https:\/\/szjialu.com\/de\/wp-json\/wp\/v2\/product\/1428","targetHints":{"allow":["GET"]}}],"collection":[{"href":"https:\/\/szjialu.com\/de\/wp-json\/wp\/v2\/product"}],"about":[{"href":"https:\/\/szjialu.com\/de\/wp-json\/wp\/v2\/types\/product"}],"replies":[{"embeddable":true,"href":"https:\/\/szjialu.com\/de\/wp-json\/wp\/v2\/comments?post=1428"}],"wp:featuredmedia":[{"embeddable":true,"href":"https:\/\/szjialu.com\/de\/wp-json\/wp\/v2\/media\/1429"}],"wp:attachment":[{"href":"https:\/\/szjialu.com\/de\/wp-json\/wp\/v2\/media?parent=1428"}],"wp:term":[{"taxonomy":"product_brand","embeddable":true,"href":"https:\/\/szjialu.com\/de\/wp-json\/wp\/v2\/product_brand?post=1428"},{"taxonomy":"product_cat","embeddable":true,"href":"https:\/\/szjialu.com\/de\/wp-json\/wp\/v2\/product_cat?post=1428"},{"taxonomy":"product_tag","embeddable":true,"href":"https:\/\/szjialu.com\/de\/wp-json\/wp\/v2\/product_tag?post=1428"}],"curies":[{"name":"wp","href":"https:\/\/api.w.org\/{rel}","templated":true}]}}