{"id":1417,"date":"2025-12-15T14:09:29","date_gmt":"2025-12-15T14:09:29","guid":{"rendered":"https:\/\/szjialu.com\/?post_type=product&#038;p=1417"},"modified":"2026-02-19T07:29:16","modified_gmt":"2026-02-19T07:29:16","slug":"30-w-pd-ladegerat-tr8330cus","status":"publish","type":"product","link":"https:\/\/szjialu.com\/de\/product\/30w-pd-charger-tr8330cus\/","title":{"rendered":"30W PD-Ladeger\u00e4t TR8330CUS"},"content":{"rendered":"<h2 data-start=\"819\" data-end=\"842\"><strong data-start=\"822\" data-end=\"842\">Produkt\u00fcbersicht<\/strong><\/h2>\n<p data-start=\"844\" data-end=\"1188\">Der <strong data-start=\"848\" data-end=\"876\">30W PD-Ladeger\u00e4t TR8330CUS<\/strong> ist ein kompakter und hocheffizienter USB-C-Netzadapter, der die Ladeanforderungen moderner elektronischer Ger\u00e4te erf\u00fcllt. Unterst\u00fctzt <strong data-start=\"1009\" data-end=\"1050\">Power Delivery (PD)- und PPS-Protokolle<\/strong>, Es passt die Leistung intelligent an, um ein schnelles, stabiles und sicheres Laden von Laptops, Tablets, Mobiltelefonen und anderen USB-C-Ger\u00e4ten zu gew\u00e4hrleisten.<\/p>\n<p data-start=\"1190\" data-end=\"1480\">Dank seines leichten Designs, des breiten Eingangsspannungsbereichs und der Kompatibilit\u00e4t mit verschiedenen internationalen Steckdosenstandards eignet sich dieses Ladeger\u00e4t ideal f\u00fcr den t\u00e4glichen Gebrauch und Reisen weltweit. Umfassende Sicherheitsfunktionen und zahlreiche internationale Zertifizierungen gew\u00e4hrleisten zuverl\u00e4ssige Leistung in unterschiedlichsten Umgebungen.<\/p>\n<h2 data-start=\"1487\" data-end=\"1508\"><strong data-start=\"1490\" data-end=\"1508\">Spezifikationen<\/strong><\/h2>\n<div class=\"TyagGW_tableContainer\">\n<div class=\"group TyagGW_tableWrapper flex w-fit flex-col-reverse\" tabindex=\"-1\">\n<table class=\"w-fit min-w-(--thread-content-width)\" data-start=\"1510\" data-end=\"2308\">\n<thead data-start=\"1510\" data-end=\"1532\">\n<tr data-start=\"1510\" data-end=\"1532\">\n<th data-start=\"1510\" data-end=\"1517\" data-col-size=\"sm\">Artikel<\/th>\n<th data-start=\"1517\" data-end=\"1532\" data-col-size=\"md\">Beschreibung<\/th>\n<\/tr>\n<\/thead>\n<tbody data-start=\"1554\" data-end=\"2308\">\n<tr data-start=\"1554\" data-end=\"1591\">\n<td data-start=\"1554\" data-end=\"1573\" data-col-size=\"sm\"><strong data-start=\"1556\" data-end=\"1572\">Produktname<\/strong><\/td>\n<td data-start=\"1573\" data-end=\"1591\" data-col-size=\"md\">30-W-PD-Ladeger\u00e4t<\/td>\n<\/tr>\n<tr data-start=\"1592\" data-end=\"1624\">\n<td data-start=\"1592\" data-end=\"1611\" data-col-size=\"sm\"><strong data-start=\"1594\" data-end=\"1610\">Modellnummer<\/strong><\/td>\n<td data-start=\"1611\" data-end=\"1624\" data-col-size=\"md\">TR8330CUS<\/td>\n<\/tr>\n<tr data-start=\"1625\" data-end=\"1667\">\n<td data-start=\"1625\" data-end=\"1647\" data-col-size=\"sm\"><strong data-start=\"1627\" data-end=\"1646\">Herkunftsort<\/strong><\/td>\n<td data-start=\"1647\" data-end=\"1667\" data-col-size=\"md\">China (Festland)<\/td>\n<\/tr>\n<tr data-start=\"1668\" data-end=\"1708\">\n<td data-start=\"1668\" data-end=\"1680\" data-col-size=\"sm\"><strong data-start=\"1670\" data-end=\"1679\">Eingang<\/strong><\/td>\n<td data-start=\"1680\" data-end=\"1708\" data-col-size=\"md\">100\u2013240 V ~ 50\/60 Hz, 0,8 A<\/td>\n<\/tr>\n<tr data-start=\"1709\" data-end=\"1776\">\n<td data-start=\"1709\" data-end=\"1722\" data-col-size=\"sm\"><strong data-start=\"1711\" data-end=\"1721\">Ausgabe<\/strong><\/td>\n<td data-start=\"1722\" data-end=\"1776\" data-col-size=\"md\">5V\/3A, 9V\/3A, 12V\/2,5A, 15V\/2A, 20V\/1,5A (max. 30W)<\/td>\n<\/tr>\n<tr data-start=\"1777\" data-end=\"1814\">\n<td data-start=\"1777\" data-end=\"1794\" data-col-size=\"sm\"><strong data-start=\"1779\" data-end=\"1793\">PPS-Ausgang<\/strong><\/td>\n<td data-start=\"1794\" data-end=\"1814\" data-col-size=\"md\">3,3\u201311,0 V \/ 2,7 A<\/td>\n<\/tr>\n<tr data-start=\"1815\" data-end=\"1870\">\n<td data-start=\"1815\" data-end=\"1838\" data-col-size=\"sm\"><strong data-start=\"1817\" data-end=\"1837\">Steckdosenstandards<\/strong><\/td>\n<td data-start=\"1838\" data-end=\"1870\" data-col-size=\"md\">USA \/ EU \/ Gro\u00dfbritannien \/ Japan \/ Korea<\/td>\n<\/tr>\n<tr data-start=\"1871\" data-end=\"1910\">\n<td data-start=\"1871\" data-end=\"1886\" data-col-size=\"sm\"><strong data-start=\"1873\" data-end=\"1885\">Material<\/strong><\/td>\n<td data-start=\"1886\" data-end=\"1910\" data-col-size=\"md\">PC (flammhemmend)<\/td>\n<\/tr>\n<tr data-start=\"1911\" data-end=\"1940\">\n<td data-start=\"1911\" data-end=\"1924\" data-col-size=\"sm\"><strong data-start=\"1913\" data-end=\"1923\">Farben<\/strong><\/td>\n<td data-start=\"1924\" data-end=\"1940\" data-col-size=\"md\">Schwarz, Wei\u00df<\/td>\n<\/tr>\n<tr data-start=\"1941\" data-end=\"1961\">\n<td data-start=\"1941\" data-end=\"1954\" data-col-size=\"sm\"><strong data-start=\"1943\" data-end=\"1953\">Gewicht<\/strong><\/td>\n<td data-start=\"1954\" data-end=\"1961\" data-col-size=\"md\">51 g<\/td>\n<\/tr>\n<tr data-start=\"1962\" data-end=\"1997\">\n<td data-start=\"1962\" data-end=\"1985\" data-col-size=\"sm\"><strong data-start=\"1964\" data-end=\"1984\">Effizienzniveau<\/strong><\/td>\n<td data-start=\"1985\" data-end=\"1997\" data-col-size=\"md\">Stufe VI<\/td>\n<\/tr>\n<tr data-start=\"1998\" data-end=\"2099\">\n<td data-start=\"1998\" data-end=\"2022\" data-col-size=\"sm\"><strong data-start=\"2000\" data-end=\"2021\">Sicherheitsschutz<\/strong><\/td>\n<td data-start=\"2022\" data-end=\"2099\" data-col-size=\"md\">Kurzschluss-, \u00dcberspannungs-, \u00dcberstrom-, \u00dcberlast- und R\u00fcckflussschutz<\/td>\n<\/tr>\n<tr data-start=\"2100\" data-end=\"2165\">\n<td data-start=\"2100\" data-end=\"2121\" data-col-size=\"sm\"><strong data-start=\"2102\" data-end=\"2120\">Zertifizierungen<\/strong><\/td>\n<td data-start=\"2121\" data-end=\"2165\" data-col-size=\"md\">ETL, CE, FCC, UKCA, PSE, KC, RoHS, REACH<\/td>\n<\/tr>\n<tr data-start=\"2166\" data-end=\"2208\">\n<td data-start=\"2166\" data-end=\"2194\" data-col-size=\"sm\"><strong data-start=\"2168\" data-end=\"2193\">Betriebstemperatur<\/strong><\/td>\n<td data-start=\"2194\" data-end=\"2208\" data-col-size=\"md\">\u201320\u2103 ~ 55\u2103<\/td>\n<\/tr>\n<tr data-start=\"2209\" data-end=\"2249\">\n<td data-start=\"2209\" data-end=\"2235\" data-col-size=\"sm\"><strong data-start=\"2211\" data-end=\"2234\">Lagertemperatur<\/strong><\/td>\n<td data-start=\"2235\" data-end=\"2249\" data-col-size=\"md\">\u201340\u2103 ~ 70\u2103<\/td>\n<\/tr>\n<tr data-start=\"2250\" data-end=\"2282\">\n<td data-start=\"2250\" data-end=\"2264\" data-col-size=\"sm\"><strong data-start=\"2252\" data-end=\"2263\">Verpackung<\/strong><\/td>\n<td data-start=\"2264\" data-end=\"2282\" data-col-size=\"md\">Einzelhandelsverpackung<\/td>\n<\/tr>\n<tr data-start=\"2283\" data-end=\"2308\">\n<td data-start=\"2283\" data-end=\"2298\" data-col-size=\"sm\"><strong data-start=\"2285\" data-end=\"2297\">Garantie<\/strong><\/td>\n<td data-start=\"2298\" data-end=\"2308\" data-col-size=\"md\">1 Jahr<\/td>\n<\/tr>\n<\/tbody>\n<\/table>\n<\/div>\n<\/div>\n<h2 data-start=\"2315\" data-end=\"2340\"><strong data-start=\"2318\" data-end=\"2340\">Wichtigste Verkaufsargumente<\/strong><\/h2>\n<h3 data-start=\"2342\" data-end=\"2383\"><strong data-start=\"2348\" data-end=\"2383\">30-W-Schnellladung mit PD &amp; PPS<\/strong><\/h3>\n<p data-start=\"2384\" data-end=\"2522\">Unterst\u00fctzt USB-C Power Delivery bis zu 30 W und PPS-Technologie f\u00fcr eine optimierte, ger\u00e4tespezifische Ladeeffizienz und reduzierte W\u00e4rmeentwicklung.<\/p>\n<h3 data-start=\"2524\" data-end=\"2560\"><strong data-start=\"2531\" data-end=\"2560\">Breite Ger\u00e4tekompatibilit\u00e4t<\/strong><\/h3>\n<p data-start=\"2561\" data-end=\"2678\">Kann Laptops, Notebooks, Tablets, Smartphones und andere USB-C-f\u00e4hige elektronische Ger\u00e4te mit stabiler Ausgangsleistung aufladen.<\/p>\n<h3 data-start=\"2680\" data-end=\"2712\"><strong data-start=\"2687\" data-end=\"2712\">Globale Socket-Optionen<\/strong><\/h3>\n<p data-start=\"2713\" data-end=\"2819\">Erh\u00e4ltlich mit Steckerstandards f\u00fcr die USA, die EU, Gro\u00dfbritannien, Japan und Korea \u2013 ideal f\u00fcr internationale M\u00e4rkte und Reisen.<\/p>\n<h3 data-start=\"2821\" data-end=\"2858\"><strong data-start=\"2828\" data-end=\"2858\">Erweiterter Sicherheitsschutz<\/strong><\/h3>\n<p data-start=\"2859\" data-end=\"2963\">Mehrere integrierte Schutzmechanismen sch\u00fctzen sowohl das Ladeger\u00e4t als auch die angeschlossenen Ger\u00e4te vor elektrischen Gefahren.<\/p>\n<h3 data-start=\"2965\" data-end=\"2997\"><strong data-start=\"2972\" data-end=\"2997\">Ultraportables Design<\/strong><\/h3>\n<p data-start=\"2998\" data-end=\"3093\">Mit einem Gewicht von nur 51 g ist das Ladeger\u00e4t kompakt und reisefreundlich, ohne dabei Kompromisse bei der Leistung einzugehen.<\/p>\n<h3 data-start=\"3095\" data-end=\"3138\"><strong data-start=\"3102\" data-end=\"3138\">Energieeffizient und umweltkonform<\/strong><\/h3>\n<p data-start=\"3139\" data-end=\"3239\">Die Effizienzklasse VI reduziert Leistungsverluste und erf\u00fcllt strenge globale Umwelt- und Energievorschriften.<\/p>\n<h2 data-start=\"3246\" data-end=\"3265\"><strong data-start=\"3249\" data-end=\"3265\">Anwendungen<\/strong><\/h2>\n<p data-start=\"3267\" data-end=\"3312\">Das 30-W-PD-Ladeger\u00e4t TR8330CUS ist geeignet f\u00fcr:<\/p>\n<ul data-start=\"3314\" data-end=\"3491\">\n<li data-start=\"3314\" data-end=\"3346\">\n<p data-start=\"3316\" data-end=\"3346\">USB-C-Laptops und Ultrabooks<\/p>\n<\/li>\n<li data-start=\"3347\" data-end=\"3368\">\n<p data-start=\"3349\" data-end=\"3368\">Tablets und iPads<\/p>\n<\/li>\n<li data-start=\"3369\" data-end=\"3402\">\n<p data-start=\"3371\" data-end=\"3402\">Smartphones und intelligente Ger\u00e4te<\/p>\n<\/li>\n<li data-start=\"3403\" data-end=\"3431\">\n<p data-start=\"3405\" data-end=\"3431\">Tragbare Spielkonsolen<\/p>\n<\/li>\n<li data-start=\"3432\" data-end=\"3455\">\n<p data-start=\"3434\" data-end=\"3455\">B\u00fcroarbeitspl\u00e4tze<\/p>\n<\/li>\n<li data-start=\"3456\" data-end=\"3491\">\n<p data-start=\"3458\" data-end=\"3491\">Ladesysteme f\u00fcr Zuhause und unterwegs<\/p>\n<\/li>\n<\/ul>\n<h2 data-start=\"3498\" data-end=\"3550\"><strong data-start=\"3501\" data-end=\"3550\">Unternehmensvorteil \u2013 Shenzhen Jilu Technology<\/strong><\/h2>\n<p data-start=\"3552\" data-end=\"3854\">Ein wesentlicher Vorteil von <strong data-start=\"3573\" data-end=\"3612\">Shenzhen Jialu Technology Co., Ltd.<\/strong> ist es <strong data-start=\"3620\" data-end=\"3686\">starke integrierte Fertigungs- und Qualit\u00e4tskontrollkapazit\u00e4t<\/strong>. Das Unternehmen betreibt eine gro\u00df angelegte Produktionsanlage mit einem erfahrenen Ingenieurteam, was eine genaue Kontrolle \u00fcber Produktdesign, Tests und Massenproduktion erm\u00f6glicht.<\/p>\n<p data-start=\"3856\" data-end=\"4269\">Jialu hat erhalten <strong data-start=\"3875\" data-end=\"3905\">Qualit\u00e4tsmanagement nach ISO 9001<\/strong>, <strong data-start=\"3907\" data-end=\"3944\">ISO 14001 Umweltmanagement<\/strong>, Und <strong data-start=\"3950\" data-end=\"3980\">BSCI soziale Verantwortung<\/strong> Zertifizierungen gew\u00e4hrleisten eine gleichbleibende Produktqualit\u00e4t und die Einhaltung internationaler Standards. Die Produkte werden exportiert nach <strong data-start=\"4104\" data-end=\"4126\">\u00fcber 100 L\u00e4nder<\/strong>, Jialu bietet zuverl\u00e4ssige ODM\/OEM-Dienstleistungen und schnellen Support und ist damit ein vertrauensw\u00fcrdiger, langfristiger Partner f\u00fcr globale Marken und Distributoren.<\/p>\n<h2 data-start=\"4276\" data-end=\"4294\"><strong data-start=\"4279\" data-end=\"4294\">Produkt-FAQ<\/strong><\/h2>\n<p data-start=\"4296\" data-end=\"4441\"><strong data-start=\"4296\" data-end=\"4342\">Frage 1: Welche Ger\u00e4te kann der TR8330CUS aufladen?<\/strong><br data-start=\"4342\" data-end=\"4345\" \/>A: Es kann USB-C-Laptops, Tablets, Smartphones und andere PD-kompatible Ger\u00e4te mit bis zu 30 W aufladen.<\/p>\n<p data-start=\"4443\" data-end=\"4567\"><strong data-start=\"4443\" data-end=\"4491\">Frage 2: Unterst\u00fctzt dieses Ladeger\u00e4t Schnellladen?<\/strong><br data-start=\"4491\" data-end=\"4494\" \/>A: Ja, es unterst\u00fctzt USB-C Power Delivery und PPS-Schnellladeprotokolle.<\/p>\n<p data-start=\"4569\" data-end=\"4695\"><strong data-start=\"4569\" data-end=\"4605\">Frage 3: Ist die Anwendung \u00fcber Nacht unbedenklich?<\/strong><br data-start=\"4605\" data-end=\"4608\" \/>A: Ja, es beinhaltet vielf\u00e4ltige Sicherheitsvorkehrungen und erf\u00fcllt globale Sicherheitsstandards.<\/p>\n<p data-start=\"4697\" data-end=\"4818\"><strong data-start=\"4697\" data-end=\"4734\">Frage 4: Kann ich es international verwenden?<\/strong><br data-start=\"4734\" data-end=\"4737\" \/>A: Ja, es unterst\u00fctzt einen Eingangsspannungsbereich von 100\u2013240 V und ist mit verschiedenen Steckerstandards erh\u00e4ltlich.<\/p>\n<p data-start=\"4820\" data-end=\"4903\"><strong data-start=\"4820\" data-end=\"4856\">Frage 5: Wie lange betr\u00e4gt die Garantiezeit?<\/strong><br data-start=\"4856\" data-end=\"4859\" \/>A: F\u00fcr das Ladeger\u00e4t gilt eine einj\u00e4hrige Garantie.<\/p>","protected":false},"excerpt":{"rendered":"<p><strong data-start=\"1556\" data-end=\"1572\">Produktname: <\/strong>30-W-PD-Ladeger\u00e4t<\/p>\n<p><strong data-start=\"1594\" data-end=\"1610\">Modellnummer: <\/strong>TR8330CUS<\/p>\n<p><strong data-start=\"1627\" data-end=\"1646\">Herkunftsort: <\/strong>China (Festland)<\/p>\n<p><strong data-start=\"1670\" data-end=\"1679\">Eingang: <\/strong>100\u2013240 V ~ 50\/60 Hz, 0,8 A<\/p>\n<p><strong data-start=\"1711\" data-end=\"1721\">Ausgabe: <\/strong>5V\/3A, 9V\/3A, 12V\/2,5A, 15V\/2A, 20V\/1,5A (max. 30W)<\/p>\n<p><strong data-start=\"1779\" data-end=\"1793\">PPS-Ausgabe: <\/strong>3,3\u201311,0 V \/ 2,7 A<\/p>\n<p><strong data-start=\"1817\" data-end=\"1837\">Steckdosenstandards: <\/strong>USA \/ EU \/ Gro\u00dfbritannien \/ Japan \/ Korea<\/p>\n<p><strong data-start=\"1873\" data-end=\"1885\">Material: <\/strong>PC (flammhemmend)<\/p>\n<p><strong data-start=\"1913\" data-end=\"1923\">Farben: <\/strong>Schwarz, Wei\u00df<\/p>\n<p><strong data-start=\"1943\" data-end=\"1953\">Gewicht: <\/strong>51 g<\/p>\n<p><strong data-start=\"1964\" data-end=\"1984\">Effizienzniveau: <\/strong>Stufe VI<\/p>","protected":false},"featured_media":1418,"comment_status":"open","ping_status":"closed","template":"","meta":{"_acf_changed":false,"site-sidebar-layout":"default","site-content-layout":"","ast-site-content-layout":"default","site-content-style":"default","site-sidebar-style":"default","ast-global-header-display":"","ast-banner-title-visibility":"","ast-main-header-display":"","ast-hfb-above-header-display":"","ast-hfb-below-header-display":"","ast-hfb-mobile-header-display":"","site-post-title":"","ast-breadcrumbs-content":"","ast-featured-img":"","footer-sml-layout":"","ast-disable-related-posts":"","theme-transparent-header-meta":"default","adv-header-id-meta":"","stick-header-meta":"","header-above-stick-meta":"","header-main-stick-meta":"","header-below-stick-meta":"","astra-migrate-meta-layouts":"set","ast-page-background-enabled":"default","ast-page-background-meta":{"desktop":{"background-color":"var(--ast-global-color-5)","background-image":"","background-repeat":"repeat","background-position":"center center","background-size":"auto","background-attachment":"scroll","background-type":"","background-media":"","overlay-type":"","overlay-color":"","overlay-opacity":"","overlay-gradient":""},"tablet":{"background-color":"","background-image":"","background-repeat":"repeat","background-position":"center center","background-size":"auto","background-attachment":"scroll","background-type":"","background-media":"","overlay-type":"","overlay-color":"","overlay-opacity":"","overlay-gradient":""},"mobile":{"background-color":"","background-image":"","background-repeat":"repeat","background-position":"center center","background-size":"auto","background-attachment":"scroll","background-type":"","background-media":"","overlay-type":"","overlay-color":"","overlay-opacity":"","overlay-gradient":""}},"ast-content-background-meta":{"desktop":{"background-color":"var(--ast-global-color-4)","background-image":"","background-repeat":"repeat","background-position":"center center","background-size":"auto","background-attachment":"scroll","background-type":"","background-media":"","overlay-type":"","overlay-color":"","overlay-opacity":"","overlay-gradient":""},"tablet":{"background-color":"var(--ast-global-color-4)","background-image":"","background-repeat":"repeat","background-position":"center center","background-size":"auto","background-attachment":"scroll","background-type":"","background-media":"","overlay-type":"","overlay-color":"","overlay-opacity":"","overlay-gradient":""},"mobile":{"background-color":"var(--ast-global-color-4)","background-image":"","background-repeat":"repeat","background-position":"center center","background-size":"auto","background-attachment":"scroll","background-type":"","background-media":"","overlay-type":"","overlay-color":"","overlay-opacity":"","overlay-gradient":""}}},"product_brand":[],"product_cat":[46,30],"product_tag":[122,191,161,180],"class_list":{"0":"post-1417","1":"product","2":"type-product","3":"status-publish","4":"has-post-thumbnail","6":"product_cat-30w","7":"product_cat-gan-charger","8":"product_tag-30w-pd-charger","9":"product_tag-30w-type-c-pd-charger","10":"product_tag-fcc-certified-pd-charger","11":"product_tag-pps-charger","12":"desktop-align-left","13":"tablet-align-left","14":"mobile-align-left","16":"first","17":"instock","18":"shipping-taxable","19":"product-type-simple"},"acf":[],"_links":{"self":[{"href":"https:\/\/szjialu.com\/de\/wp-json\/wp\/v2\/product\/1417","targetHints":{"allow":["GET"]}}],"collection":[{"href":"https:\/\/szjialu.com\/de\/wp-json\/wp\/v2\/product"}],"about":[{"href":"https:\/\/szjialu.com\/de\/wp-json\/wp\/v2\/types\/product"}],"replies":[{"embeddable":true,"href":"https:\/\/szjialu.com\/de\/wp-json\/wp\/v2\/comments?post=1417"}],"wp:featuredmedia":[{"embeddable":true,"href":"https:\/\/szjialu.com\/de\/wp-json\/wp\/v2\/media\/1418"}],"wp:attachment":[{"href":"https:\/\/szjialu.com\/de\/wp-json\/wp\/v2\/media?parent=1417"}],"wp:term":[{"taxonomy":"product_brand","embeddable":true,"href":"https:\/\/szjialu.com\/de\/wp-json\/wp\/v2\/product_brand?post=1417"},{"taxonomy":"product_cat","embeddable":true,"href":"https:\/\/szjialu.com\/de\/wp-json\/wp\/v2\/product_cat?post=1417"},{"taxonomy":"product_tag","embeddable":true,"href":"https:\/\/szjialu.com\/de\/wp-json\/wp\/v2\/product_tag?post=1417"}],"curies":[{"name":"wp","href":"https:\/\/api.w.org\/{rel}","templated":true}]}}