{"id":1410,"date":"2025-12-15T10:26:25","date_gmt":"2025-12-15T10:26:25","guid":{"rendered":"https:\/\/szjialu.com\/?post_type=product&#038;p=1410"},"modified":"2026-02-19T07:02:11","modified_gmt":"2026-02-19T07:02:11","slug":"30w-pd-ladegerat-tr8330cau","status":"publish","type":"product","link":"https:\/\/szjialu.com\/de\/product\/30w-pd-charger-tr8330cau\/","title":{"rendered":"30W PD-Ladeger\u00e4t TR8330CAU"},"content":{"rendered":"<h2 data-start=\"897\" data-end=\"921\">Produkt\u00fcbersicht<\/h2>\n<p data-start=\"922\" data-end=\"1241\">Der <strong data-start=\"926\" data-end=\"962\">30W PD-Ladeger\u00e4t (Modell TR8330CAU)<\/strong> ist eine kompakte und leistungsstarke USB-C-Ladel\u00f6sung, die f\u00fcr die heutigen Hochleistungsger\u00e4te entwickelt wurde. <strong data-start=\"1065\" data-end=\"1093\">Leistungsabgabe bis zu 30 W<\/strong> Und <strong data-start=\"1098\" data-end=\"1141\">PPS-Unterst\u00fctzung (Programmierbares Netzteil)<\/strong>, Es passt die Leistung intelligent an, um schnelleres Laden, h\u00f6here Effizienz und geringere W\u00e4rmeentwicklung zu gew\u00e4hrleisten.<\/p>\n<p data-start=\"1243\" data-end=\"1615\">Der TR8330CAU wurde f\u00fcr den weltweiten Einsatz konzipiert und unterst\u00fctzt <strong data-start=\"1297\" data-end=\"1353\">mehrere Steckdosenstandards (USA, EU, Gro\u00dfbritannien, Japan, Korea)<\/strong> und eine breite <strong data-start=\"1365\" data-end=\"1389\">Eingangsspannungsbereich 100\u2013240 V<\/strong>, Dadurch eignet es sich f\u00fcr internationale Reisen und den weltweiten Vertrieb. Sein leichtes PC-Geh\u00e4use, das fortschrittliche Schutzsystem und die umfassenden Zertifizierungen gew\u00e4hrleisten eine sichere, stabile und zuverl\u00e4ssige Leistung im t\u00e4glichen Gebrauch.<\/p>\n<h2 data-start=\"1622\" data-end=\"1642\">Spezifikationen<\/h2>\n<div class=\"TyagGW_tableContainer\">\n<div class=\"group TyagGW_tableWrapper flex w-fit flex-col-reverse\" tabindex=\"-1\">\n<table class=\"w-fit min-w-(--thread-content-width)\" data-start=\"1644\" data-end=\"2497\">\n<thead data-start=\"1644\" data-end=\"1666\">\n<tr data-start=\"1644\" data-end=\"1666\">\n<th data-start=\"1644\" data-end=\"1651\" data-col-size=\"sm\">Artikel<\/th>\n<th data-start=\"1651\" data-end=\"1666\" data-col-size=\"md\">Beschreibung<\/th>\n<\/tr>\n<\/thead>\n<tbody data-start=\"1690\" data-end=\"2497\">\n<tr data-start=\"1690\" data-end=\"1727\">\n<td data-start=\"1690\" data-end=\"1709\" data-col-size=\"sm\"><strong data-start=\"1692\" data-end=\"1708\">Produktname<\/strong><\/td>\n<td data-start=\"1709\" data-end=\"1727\" data-col-size=\"md\">30-W-PD-Ladeger\u00e4t<\/td>\n<\/tr>\n<tr data-start=\"1728\" data-end=\"1760\">\n<td data-start=\"1728\" data-end=\"1747\" data-col-size=\"sm\"><strong data-start=\"1730\" data-end=\"1746\">Modellnummer<\/strong><\/td>\n<td data-start=\"1747\" data-end=\"1760\" data-col-size=\"md\">TR8330CAU<\/td>\n<\/tr>\n<tr data-start=\"1761\" data-end=\"1803\">\n<td data-start=\"1761\" data-end=\"1783\" data-col-size=\"sm\"><strong data-start=\"1763\" data-end=\"1782\">Herkunftsort<\/strong><\/td>\n<td data-start=\"1783\" data-end=\"1803\" data-col-size=\"md\">China (Festland)<\/td>\n<\/tr>\n<tr data-start=\"1804\" data-end=\"1880\">\n<td data-start=\"1804\" data-end=\"1823\" data-col-size=\"sm\"><strong data-start=\"1806\" data-end=\"1822\">Anwendungen<\/strong><\/td>\n<td data-start=\"1823\" data-end=\"1880\" data-col-size=\"md\">Laptop, Notebook, Tablet, Mobiltelefon, USB-C-Ger\u00e4te<\/td>\n<\/tr>\n<tr data-start=\"1881\" data-end=\"1921\">\n<td data-start=\"1881\" data-end=\"1893\" data-col-size=\"sm\"><strong data-start=\"1883\" data-end=\"1892\">Eingang<\/strong><\/td>\n<td data-start=\"1893\" data-end=\"1921\" data-col-size=\"md\">100\u2013240 V ~ 50\/60 Hz, 0,8 A<\/td>\n<\/tr>\n<tr data-start=\"1922\" data-end=\"1992\">\n<td data-start=\"1922\" data-end=\"1938\" data-col-size=\"sm\"><strong data-start=\"1924\" data-end=\"1937\">PD-Ausgang<\/strong><\/td>\n<td data-start=\"1938\" data-end=\"1992\" data-col-size=\"md\">5 V\/3 A, 9 V\/3 A, 12 V\/2,5 A, 15 V\/2 A, 20 V\/1,5 A (30 W max.)<\/td>\n<\/tr>\n<tr data-start=\"1993\" data-end=\"2030\">\n<td data-start=\"1993\" data-end=\"2010\" data-col-size=\"sm\"><strong data-start=\"1995\" data-end=\"2009\">PPS-Ausgang<\/strong><\/td>\n<td data-start=\"2010\" data-end=\"2030\" data-col-size=\"md\">3,3\u201311,0 V \/ 2,7 A<\/td>\n<\/tr>\n<tr data-start=\"2031\" data-end=\"2086\">\n<td data-start=\"2031\" data-end=\"2054\" data-col-size=\"sm\"><strong data-start=\"2033\" data-end=\"2053\">Steckdosenstandards<\/strong><\/td>\n<td data-start=\"2054\" data-end=\"2086\" data-col-size=\"md\">USA \/ EU \/ Gro\u00dfbritannien \/ Japan \/ Korea<\/td>\n<\/tr>\n<tr data-start=\"2087\" data-end=\"2116\">\n<td data-start=\"2087\" data-end=\"2100\" data-col-size=\"sm\"><strong data-start=\"2089\" data-end=\"2099\">Farben<\/strong><\/td>\n<td data-start=\"2100\" data-end=\"2116\" data-col-size=\"md\">Schwarz, Wei\u00df<\/td>\n<\/tr>\n<tr data-start=\"2117\" data-end=\"2154\">\n<td data-start=\"2117\" data-end=\"2132\" data-col-size=\"sm\"><strong data-start=\"2119\" data-end=\"2131\">Material<\/strong><\/td>\n<td data-start=\"2132\" data-end=\"2154\" data-col-size=\"md\">PC (Polycarbonat)<\/td>\n<\/tr>\n<tr data-start=\"2155\" data-end=\"2176\">\n<td data-start=\"2155\" data-end=\"2168\" data-col-size=\"sm\"><strong data-start=\"2157\" data-end=\"2167\">Gewicht<\/strong><\/td>\n<td data-start=\"2168\" data-end=\"2176\" data-col-size=\"md\">51 g<\/td>\n<\/tr>\n<tr data-start=\"2177\" data-end=\"2209\">\n<td data-start=\"2177\" data-end=\"2191\" data-col-size=\"sm\"><strong data-start=\"2179\" data-end=\"2190\">Verpackung<\/strong><\/td>\n<td data-start=\"2191\" data-end=\"2209\" data-col-size=\"md\">Einzelhandelsverpackung<\/td>\n<\/tr>\n<tr data-start=\"2210\" data-end=\"2293\">\n<td data-start=\"2210\" data-end=\"2227\" data-col-size=\"sm\"><strong data-start=\"2212\" data-end=\"2226\">Schutz<\/strong><\/td>\n<td data-start=\"2227\" data-end=\"2293\" data-col-size=\"md\">Kurzschluss, \u00dcberspannung, \u00dcberstrom, \u00dcberlast, R\u00fcckfluss<\/td>\n<\/tr>\n<tr data-start=\"2294\" data-end=\"2323\">\n<td data-start=\"2294\" data-end=\"2317\" data-col-size=\"sm\"><strong data-start=\"2296\" data-end=\"2316\">Effizienzniveau<\/strong><\/td>\n<td data-start=\"2317\" data-end=\"2323\" data-col-size=\"md\">VI<\/td>\n<\/tr>\n<tr data-start=\"2324\" data-end=\"2387\">\n<td data-start=\"2324\" data-end=\"2343\" data-col-size=\"sm\"><strong data-start=\"2326\" data-end=\"2342\">Zertifikate<\/strong><\/td>\n<td data-start=\"2343\" data-end=\"2387\" data-col-size=\"md\">ETL, CE, FCC, UKCA, PSE, KC, RoHS, REACH<\/td>\n<\/tr>\n<tr data-start=\"2388\" data-end=\"2413\">\n<td data-start=\"2388\" data-end=\"2403\" data-col-size=\"sm\"><strong data-start=\"2390\" data-end=\"2402\">Garantie<\/strong><\/td>\n<td data-start=\"2403\" data-end=\"2413\" data-col-size=\"md\">1 Jahr<\/td>\n<\/tr>\n<tr data-start=\"2414\" data-end=\"2456\">\n<td data-start=\"2414\" data-end=\"2442\" data-col-size=\"sm\"><strong data-start=\"2416\" data-end=\"2441\">Betriebstemperatur<\/strong><\/td>\n<td data-start=\"2442\" data-end=\"2456\" data-col-size=\"md\">-20\u2103 ~ 55\u2103<\/td>\n<\/tr>\n<tr data-start=\"2457\" data-end=\"2497\">\n<td data-start=\"2457\" data-end=\"2483\" data-col-size=\"sm\"><strong data-start=\"2459\" data-end=\"2482\">Lagertemperatur<\/strong><\/td>\n<td data-start=\"2483\" data-end=\"2497\" data-col-size=\"md\">-40\u2103 ~ 70\u2103<\/td>\n<\/tr>\n<\/tbody>\n<\/table>\n<\/div>\n<\/div>\n<figure id=\"attachment_1411\" aria-describedby=\"caption-attachment-1411\" style=\"width: 560px\" class=\"wp-caption alignnone\"><img fetchpriority=\"high\" decoding=\"async\" class=\"wp-image-1411\" src=\"https:\/\/szjialu.com\/wp-content\/uploads\/2025\/12\/\u4e3b\u56fe-1-22-300x300.jpg\" alt=\"30-W-PD-Ladeger\u00e4t\" width=\"560\" height=\"560\" srcset=\"https:\/\/szjialu.com\/wp-content\/uploads\/2025\/12\/\u4e3b\u56fe-1-22-300x300.jpg 300w, https:\/\/szjialu.com\/wp-content\/uploads\/2025\/12\/\u4e3b\u56fe-1-22-150x150.jpg 150w, https:\/\/szjialu.com\/wp-content\/uploads\/2025\/12\/\u4e3b\u56fe-1-22-768x768.jpg 768w, https:\/\/szjialu.com\/wp-content\/uploads\/2025\/12\/\u4e3b\u56fe-1-22-600x600.jpg 600w, https:\/\/szjialu.com\/wp-content\/uploads\/2025\/12\/\u4e3b\u56fe-1-22-100x100.jpg 100w, https:\/\/szjialu.com\/wp-content\/uploads\/2025\/12\/\u4e3b\u56fe-1-22-64x64.jpg 64w, https:\/\/szjialu.com\/wp-content\/uploads\/2025\/12\/\u4e3b\u56fe-1-22.jpg 800w\" sizes=\"(max-width: 560px) 100vw, 560px\" \/><figcaption id=\"caption-attachment-1411\" class=\"wp-caption-text\">30-W-PD-Ladeger\u00e4t<\/figcaption><\/figure>\n<h2 data-start=\"2504\" data-end=\"2527\">Wichtigste Verkaufsargumente<\/h2>\n<h3 data-start=\"2529\" data-end=\"2577\"><strong data-start=\"2536\" data-end=\"2577\">30-W-Schnellladung mit PPS-Technologie<\/strong><\/h3>\n<ul data-start=\"2578\" data-end=\"2782\">\n<li data-start=\"2578\" data-end=\"2672\">\n<p data-start=\"2580\" data-end=\"2672\">Unterst\u00fctzt <strong data-start=\"2589\" data-end=\"2623\">USB-C-Stromversorgung mit bis zu 30 W<\/strong>, Geeignet f\u00fcr Laptops, Tablets und Smartphones.<\/p>\n<\/li>\n<li data-start=\"2673\" data-end=\"2782\">\n<p data-start=\"2675\" data-end=\"2782\"><strong data-start=\"2675\" data-end=\"2689\">PPS-Ausgang<\/strong> Passt Spannung und Stromst\u00e4rke dynamisch an, um ein schnelleres Laden und einen verbesserten Batterieschutz zu gew\u00e4hrleisten.<\/p>\n<\/li>\n<\/ul>\n<h3 data-start=\"2784\" data-end=\"2813\"><strong data-start=\"2791\" data-end=\"2813\">Breite Kompatibilit\u00e4t<\/strong><\/h3>\n<ul data-start=\"2814\" data-end=\"2973\">\n<li data-start=\"2814\" data-end=\"2912\">\n<p data-start=\"2816\" data-end=\"2912\">Kompatibel mit den meisten USB-C-Ger\u00e4ten, einschlie\u00dflich Notebooks, Tablets, Mobiltelefonen und Zubeh\u00f6r.<\/p>\n<\/li>\n<li data-start=\"2913\" data-end=\"2973\">\n<p data-start=\"2915\" data-end=\"2973\">Ideal als prim\u00e4res Ladeger\u00e4t oder kompakter Ersatzadapter.<\/p>\n<\/li>\n<\/ul>\n<h3 data-start=\"2975\" data-end=\"3005\"><strong data-start=\"2982\" data-end=\"3005\">Globale Steckeroptionen<\/strong><\/h3>\n<ul data-start=\"3006\" data-end=\"3147\">\n<li data-start=\"3006\" data-end=\"3073\">\n<p data-start=\"3008\" data-end=\"3073\">Verf\u00fcgbar mit <strong data-start=\"3023\" data-end=\"3055\">USA, EU, Gro\u00dfbritannien, Japan und Korea<\/strong> Steckdosenstandards.<\/p>\n<\/li>\n<li data-start=\"3074\" data-end=\"3147\">\n<p data-start=\"3076\" data-end=\"3147\">Konzipiert f\u00fcr internationale M\u00e4rkte, Reisen und globale Einzelhandelsprogramme.<\/p>\n<\/li>\n<\/ul>\n<h3 data-start=\"3149\" data-end=\"3193\"><strong data-start=\"3157\" data-end=\"3193\">Fortschrittliches Mehrfachschutzsystem<\/strong><\/h3>\n<ul data-start=\"3194\" data-end=\"3358\">\n<li data-start=\"3194\" data-end=\"3298\">\n<p data-start=\"3196\" data-end=\"3298\">Eingebaute Schutzmechanismen gegen Kurzschluss, \u00dcberspannung, \u00dcberstrom, \u00dcberlastung und R\u00fcckstrom.<\/p>\n<\/li>\n<li data-start=\"3299\" data-end=\"3358\">\n<p data-start=\"3301\" data-end=\"3358\">Verbessert die Ger\u00e4tesicherheit und die langfristige Zuverl\u00e4ssigkeit des Ladeger\u00e4ts.<\/p>\n<\/li>\n<\/ul>\n<h3 data-start=\"3360\" data-end=\"3409\"><strong data-start=\"3367\" data-end=\"3409\">Hohe Effizienz und zertifizierte Konformit\u00e4t<\/strong><\/h3>\n<ul data-start=\"3410\" data-end=\"3598\">\n<li data-start=\"3410\" data-end=\"3494\">\n<p data-start=\"3412\" data-end=\"3494\">Trifft <strong data-start=\"3418\" data-end=\"3448\">Energieeffizienzklasse VI<\/strong>, wodurch Stromverluste und Standby-Verbrauch reduziert werden.<\/p>\n<\/li>\n<li data-start=\"3495\" data-end=\"3598\">\n<p data-start=\"3497\" data-end=\"3598\">Vollst\u00e4ndig zertifiziert f\u00fcr die wichtigsten globalen M\u00e4rkte, einschlie\u00dflich <strong data-start=\"3549\" data-end=\"3597\">ETL, CE, FCC, UKCA, PSE, KC, RoHS und REACH<\/strong>.<\/p>\n<\/li>\n<\/ul>\n<h3 data-start=\"3600\" data-end=\"3639\"><strong data-start=\"3607\" data-end=\"3639\">Kompaktes und leichtes Design<\/strong><\/h3>\n<ul data-start=\"3640\" data-end=\"3764\">\n<li data-start=\"3640\" data-end=\"3696\">\n<p data-start=\"3642\" data-end=\"3696\">Wiegt nur <strong data-start=\"3654\" data-end=\"3661\">51 g<\/strong>, L\u00e4sst sich leicht in Taschen oder Beuteln verstauen.<\/p>\n<\/li>\n<li data-start=\"3697\" data-end=\"3764\">\n<p data-start=\"3699\" data-end=\"3764\">Das robuste PC-Geh\u00e4use gew\u00e4hrleistet Hitzebest\u00e4ndigkeit und eine lange Lebensdauer.<\/p>\n<\/li>\n<\/ul>\n<h2 data-start=\"3771\" data-end=\"3789\">Anwendungen<\/h2>\n<p data-start=\"3790\" data-end=\"3832\">Das 30-W-PD-Ladeger\u00e4t TR8330CAU ist ideal f\u00fcr:<\/p>\n<ul data-start=\"3833\" data-end=\"4022\">\n<li data-start=\"3833\" data-end=\"3862\">\n<p data-start=\"3835\" data-end=\"3862\">USB-C-Laptops und -Notebooks<\/p>\n<\/li>\n<li data-start=\"3863\" data-end=\"3888\">\n<p data-start=\"3865\" data-end=\"3888\">Tablets und Smartphones<\/p>\n<\/li>\n<li data-start=\"3889\" data-end=\"3924\">\n<p data-start=\"3891\" data-end=\"3924\">Ladestationen f\u00fcr B\u00fcro und Zuhause<\/p>\n<\/li>\n<li data-start=\"3925\" data-end=\"3964\">\n<p data-start=\"3927\" data-end=\"3964\">Gesch\u00e4ftsreisen und internationale Nutzung<\/p>\n<\/li>\n<li data-start=\"3965\" data-end=\"4022\">\n<p data-start=\"3967\" data-end=\"4022\">Zubeh\u00f6rsets f\u00fcr den Einzelhandel und Marken-Ladel\u00f6sungen<\/p>\n<\/li>\n<\/ul>\n<h2 data-start=\"4029\" data-end=\"4045\">Produkt-FAQ<\/h2>\n<p data-start=\"4047\" data-end=\"4196\"><strong data-start=\"4047\" data-end=\"4088\">Frage 1: Kann dieses Ladeger\u00e4t einen Laptop aufladen?<\/strong><br data-start=\"4088\" data-end=\"4091\" \/>Ja. Mit bis zu <strong data-start=\"4107\" data-end=\"4124\">30 W PD-Ausgangsleistung<\/strong>, Es unterst\u00fctzt viele USB-C-Laptops und Notebooks, die 30 W oder weniger ben\u00f6tigen.<\/p>\n<p data-start=\"4198\" data-end=\"4387\"><strong data-start=\"4198\" data-end=\"4244\">Frage 2: Was ist PPS und welche Vorteile bietet es?<\/strong><br data-start=\"4244\" data-end=\"4247\" \/>PPS (Programmable Power Supply) erm\u00f6glicht die Anpassung der Spannung in Echtzeit, was zu schnellerem Laden, geringerer W\u00e4rmeentwicklung und einer l\u00e4ngeren Batterielebensdauer f\u00fchrt.<\/p>\n<p data-start=\"4389\" data-end=\"4547\"><strong data-start=\"4389\" data-end=\"4447\">Frage 3: Ist dieses Ladeger\u00e4t f\u00fcr internationale Reisen geeignet?<\/strong><br data-start=\"4447\" data-end=\"4450\" \/>Ja. Es unterst\u00fctzt <strong data-start=\"4467\" data-end=\"4485\">100\u2013240 V Eingang<\/strong> und ist mit verschiedenen Steckerstandards f\u00fcr den weltweiten Einsatz erh\u00e4ltlich.<\/p>\n<p data-start=\"4549\" data-end=\"4718\"><strong data-start=\"4549\" data-end=\"4581\">Frage 4: Ist die t\u00e4gliche Anwendung unbedenklich?<\/strong><br data-start=\"4581\" data-end=\"4584\" \/>Absolut. Das Ladeger\u00e4t verf\u00fcgt \u00fcber umfassende Schutzfunktionen und entspricht internationalen Sicherheits- und Umweltstandards.<\/p>\n<p data-start=\"4720\" data-end=\"4804\"><strong data-start=\"4720\" data-end=\"4754\">Frage 5: Welche Garantie wird gew\u00e4hrt?<\/strong><br data-start=\"4754\" data-end=\"4757\" \/>Der TR8330CAU wird mit einem <strong data-start=\"4784\" data-end=\"4803\">1 Jahr Garantie<\/strong>.<\/p>\n<h2 data-start=\"4811\" data-end=\"4859\">Unternehmensvorteil \u2013 Warum Jialu Technology<\/h2>\n<p data-start=\"4860\" data-end=\"5350\"><strong data-start=\"4860\" data-end=\"4899\">Shenzhen Jialu Technology Co., Ltd.<\/strong> Jialu ist ein professioneller Hersteller, der sich auf Netzteile, PD-Ladeger\u00e4te, GaN-Ladeger\u00e4te und Powerbanks spezialisiert hat. Einer der Hauptvorteile von Jialu ist seine <strong data-start=\"5044\" data-end=\"5127\">Starke OEM\/ODM-Anpassungsf\u00e4higkeit kombiniert mit strengem Qualit\u00e4tsmanagement<\/strong>. Mit modernen Produktionsanlagen, automatisierten Testsystemen und international anerkannten Managementzertifizierungen wie z. B. <strong data-start=\"5256\" data-end=\"5287\">ISO 9001, ISO 14001 und BSCI<\/strong>, Jialu gew\u00e4hrleistet gleichbleibende Produktqualit\u00e4t und zuverl\u00e4ssige Lieferketten.<\/p>\n<p data-start=\"5352\" data-end=\"5617\">Dank dieser Fertigungsst\u00e4rke kann Jialu globale Kunden mit flexiblen Designs, stabiler Leistung und Produkten unterst\u00fctzen, die den regulatorischen Anforderungen zahlreicher internationaler M\u00e4rkte entsprechen \u2013 was das Unternehmen zu einem vertrauensw\u00fcrdigen, langfristigen Partner f\u00fcr Marken und Vertriebspartner macht.<\/p>","protected":false},"excerpt":{"rendered":"<p><strong data-start=\"1692\" data-end=\"1708\">Produktname: <\/strong>30-W-PD-Ladeger\u00e4t<\/p>\n<p><strong data-start=\"1730\" data-end=\"1746\">Modellnummer: <\/strong>TR8330CAU<\/p>\n<p><strong data-start=\"1763\" data-end=\"1782\">Herkunftsort: <\/strong>China (Festland)<\/p>\n<p><strong data-start=\"1806\" data-end=\"1822\">Anwendungsbereiche: <\/strong>Laptop, Notebook, Tablet, Mobiltelefon, USB-C-Ger\u00e4te<\/p>\n<p><strong data-start=\"1883\" data-end=\"1892\">Eingang: <\/strong>100\u2013240 V ~ 50\/60 Hz, 0,8 A<\/p>\n<p><strong data-start=\"1924\" data-end=\"1937\">PD-Ausgang: <\/strong>5 V\/3 A, 9 V\/3 A, 12 V\/2,5 A, 15 V\/2 A, 20 V\/1,5 A (30 W max.)<\/p>\n<p><strong data-start=\"1995\" data-end=\"2009\">PPS-Ausgabe: <\/strong>3,3\u201311,0 V \/ 2,7 A<\/p>\n<p><strong data-start=\"2033\" data-end=\"2053\">Steckdosenstandards: <\/strong>USA \/ EU \/ Gro\u00dfbritannien \/ Japan \/ Korea<\/p>\n<p><strong data-start=\"2089\" data-end=\"2099\">Farben: <\/strong>Schwarz, Wei\u00df<\/p>\n<p><strong data-start=\"2119\" data-end=\"2131\">Material: <\/strong>PC (Polycarbonat)<\/p>\n<p><strong data-start=\"2157\" data-end=\"2167\">Gewicht: <\/strong>51 g<\/p>\n<p><strong data-start=\"2179\" data-end=\"2190\">Verpackung: <\/strong>Einzelhandelsverpackung<\/p>","protected":false},"featured_media":1411,"comment_status":"open","ping_status":"closed","template":"","meta":{"_acf_changed":false,"site-sidebar-layout":"default","site-content-layout":"","ast-site-content-layout":"default","site-content-style":"default","site-sidebar-style":"default","ast-global-header-display":"","ast-banner-title-visibility":"","ast-main-header-display":"","ast-hfb-above-header-display":"","ast-hfb-below-header-display":"","ast-hfb-mobile-header-display":"","site-post-title":"","ast-breadcrumbs-content":"","ast-featured-img":"","footer-sml-layout":"","ast-disable-related-posts":"","theme-transparent-header-meta":"default","adv-header-id-meta":"","stick-header-meta":"","header-above-stick-meta":"","header-main-stick-meta":"","header-below-stick-meta":"","astra-migrate-meta-layouts":"set","ast-page-background-enabled":"default","ast-page-background-meta":{"desktop":{"background-color":"var(--ast-global-color-5)","background-image":"","background-repeat":"repeat","background-position":"center center","background-size":"auto","background-attachment":"scroll","background-type":"","background-media":"","overlay-type":"","overlay-color":"","overlay-opacity":"","overlay-gradient":""},"tablet":{"background-color":"","background-image":"","background-repeat":"repeat","background-position":"center center","background-size":"auto","background-attachment":"scroll","background-type":"","background-media":"","overlay-type":"","overlay-color":"","overlay-opacity":"","overlay-gradient":""},"mobile":{"background-color":"","background-image":"","background-repeat":"repeat","background-position":"center center","background-size":"auto","background-attachment":"scroll","background-type":"","background-media":"","overlay-type":"","overlay-color":"","overlay-opacity":"","overlay-gradient":""}},"ast-content-background-meta":{"desktop":{"background-color":"var(--ast-global-color-4)","background-image":"","background-repeat":"repeat","background-position":"center center","background-size":"auto","background-attachment":"scroll","background-type":"","background-media":"","overlay-type":"","overlay-color":"","overlay-opacity":"","overlay-gradient":""},"tablet":{"background-color":"var(--ast-global-color-4)","background-image":"","background-repeat":"repeat","background-position":"center center","background-size":"auto","background-attachment":"scroll","background-type":"","background-media":"","overlay-type":"","overlay-color":"","overlay-opacity":"","overlay-gradient":""},"mobile":{"background-color":"var(--ast-global-color-4)","background-image":"","background-repeat":"repeat","background-position":"center center","background-size":"auto","background-attachment":"scroll","background-type":"","background-media":"","overlay-type":"","overlay-color":"","overlay-opacity":"","overlay-gradient":""}}},"product_brand":[],"product_cat":[46,30],"product_tag":[122,188],"class_list":{"0":"post-1410","1":"product","2":"type-product","3":"status-publish","4":"has-post-thumbnail","6":"product_cat-30w","7":"product_cat-gan-charger","8":"product_tag-30w-pd-charger","9":"product_tag-saa-certified-charger","10":"desktop-align-left","11":"tablet-align-left","12":"mobile-align-left","14":"first","15":"instock","16":"shipping-taxable","17":"product-type-simple"},"acf":[],"_links":{"self":[{"href":"https:\/\/szjialu.com\/de\/wp-json\/wp\/v2\/product\/1410","targetHints":{"allow":["GET"]}}],"collection":[{"href":"https:\/\/szjialu.com\/de\/wp-json\/wp\/v2\/product"}],"about":[{"href":"https:\/\/szjialu.com\/de\/wp-json\/wp\/v2\/types\/product"}],"replies":[{"embeddable":true,"href":"https:\/\/szjialu.com\/de\/wp-json\/wp\/v2\/comments?post=1410"}],"wp:featuredmedia":[{"embeddable":true,"href":"https:\/\/szjialu.com\/de\/wp-json\/wp\/v2\/media\/1411"}],"wp:attachment":[{"href":"https:\/\/szjialu.com\/de\/wp-json\/wp\/v2\/media?parent=1410"}],"wp:term":[{"taxonomy":"product_brand","embeddable":true,"href":"https:\/\/szjialu.com\/de\/wp-json\/wp\/v2\/product_brand?post=1410"},{"taxonomy":"product_cat","embeddable":true,"href":"https:\/\/szjialu.com\/de\/wp-json\/wp\/v2\/product_cat?post=1410"},{"taxonomy":"product_tag","embeddable":true,"href":"https:\/\/szjialu.com\/de\/wp-json\/wp\/v2\/product_tag?post=1410"}],"curies":[{"name":"wp","href":"https:\/\/api.w.org\/{rel}","templated":true}]}}