{"id":1406,"date":"2025-12-15T10:15:30","date_gmt":"2025-12-15T10:15:30","guid":{"rendered":"https:\/\/szjialu.com\/?post_type=product&#038;p=1406"},"modified":"2026-02-22T13:15:59","modified_gmt":"2026-02-22T13:15:59","slug":"30-w-pd-ladegerat-tr8330-auto","status":"publish","type":"product","link":"https:\/\/szjialu.com\/de\/product\/30w-pd-charger-tr8330car\/","title":{"rendered":"30W PD-Ladeger\u00e4t TR8330CAR"},"content":{"rendered":"<h2 data-start=\"890\" data-end=\"914\">Produkt\u00fcbersicht<\/h2>\n<p data-start=\"915\" data-end=\"1255\">Der <strong data-start=\"919\" data-end=\"955\">30W PD-Ladeger\u00e4t (Modell TR8330CAR)<\/strong> ist ein leistungsstarkes USB-C-Ladeger\u00e4t mit Power Delivery, das speziell f\u00fcr die Schnellladeanforderungen moderner elektronischer Ger\u00e4te entwickelt wurde. <strong data-start=\"1083\" data-end=\"1149\">30 W maximale Ausgangsleistung und PPS-Unterst\u00fctzung (programmierbares Netzteil).<\/strong>, Es gew\u00e4hrleistet ein effizientes, stabiles und optimiertes Laden von Laptops, Notebooks, Tablets und Mobiltelefonen.<\/p>\n<p data-start=\"1257\" data-end=\"1603\">Dieses Ladeger\u00e4t zeichnet sich durch eine kompakte Bauform und ein leichtes PC-Geh\u00e4use aus und unterst\u00fctzt <strong data-start=\"1345\" data-end=\"1399\">mehrere Steckerstandards (USA, EU, Gro\u00dfbritannien, Japan, Korea)<\/strong>, Dadurch eignet es sich hervorragend f\u00fcr globale M\u00e4rkte, den Reiseeinsatz und den internationalen Vertrieb. Fortschrittliche Sicherheitsvorkehrungen und eine breite Zertifizierungsabdeckung gew\u00e4hrleisten zuverl\u00e4ssige Leistung und Anwendersicherheit.<\/p>\n<h2 data-start=\"1610\" data-end=\"1630\">Spezifikationen<\/h2>\n<div class=\"TyagGW_tableContainer\">\n<div class=\"group TyagGW_tableWrapper flex w-fit flex-col-reverse\" tabindex=\"-1\">\n<table class=\"w-fit min-w-(--thread-content-width)\" data-start=\"1632\" data-end=\"2479\">\n<thead data-start=\"1632\" data-end=\"1654\">\n<tr data-start=\"1632\" data-end=\"1654\">\n<th data-start=\"1632\" data-end=\"1639\" data-col-size=\"sm\">Artikel<\/th>\n<th data-start=\"1639\" data-end=\"1654\" data-col-size=\"md\">Beschreibung<\/th>\n<\/tr>\n<\/thead>\n<tbody data-start=\"1676\" data-end=\"2479\">\n<tr data-start=\"1676\" data-end=\"1713\">\n<td data-start=\"1676\" data-end=\"1695\" data-col-size=\"sm\"><strong data-start=\"1678\" data-end=\"1694\">Produktname<\/strong><\/td>\n<td data-start=\"1695\" data-end=\"1713\" data-col-size=\"md\">30-W-PD-Ladeger\u00e4t<\/td>\n<\/tr>\n<tr data-start=\"1714\" data-end=\"1746\">\n<td data-start=\"1714\" data-end=\"1733\" data-col-size=\"sm\"><strong data-start=\"1716\" data-end=\"1732\">Modellnummer<\/strong><\/td>\n<td data-start=\"1733\" data-end=\"1746\" data-col-size=\"md\">TR8330CAR<\/td>\n<\/tr>\n<tr data-start=\"1747\" data-end=\"1789\">\n<td data-start=\"1747\" data-end=\"1769\" data-col-size=\"sm\"><strong data-start=\"1749\" data-end=\"1768\">Herkunftsort<\/strong><\/td>\n<td data-start=\"1769\" data-end=\"1789\" data-col-size=\"md\">China (Festland)<\/td>\n<\/tr>\n<tr data-start=\"1790\" data-end=\"1866\">\n<td data-start=\"1790\" data-end=\"1809\" data-col-size=\"sm\"><strong data-start=\"1792\" data-end=\"1808\">Anwendungen<\/strong><\/td>\n<td data-start=\"1809\" data-end=\"1866\" data-col-size=\"md\">Laptop, Notebook, Tablet, Mobiltelefon, USB-C-Ger\u00e4te<\/td>\n<\/tr>\n<tr data-start=\"1867\" data-end=\"1907\">\n<td data-start=\"1867\" data-end=\"1879\" data-col-size=\"sm\"><strong data-start=\"1869\" data-end=\"1878\">Eingang<\/strong><\/td>\n<td data-start=\"1879\" data-end=\"1907\" data-col-size=\"md\">100\u2013240 V ~ 50\/60 Hz, 0,8 A<\/td>\n<\/tr>\n<tr data-start=\"1908\" data-end=\"1980\">\n<td data-start=\"1908\" data-end=\"1926\" data-col-size=\"sm\"><strong data-start=\"1910\" data-end=\"1925\">Ausgang (PD)<\/strong><\/td>\n<td data-start=\"1926\" data-end=\"1980\" data-col-size=\"md\">5 V\/3 A, 9 V\/3 A, 12 V\/2,5 A, 15 V\/2 A, 20 V\/1,5 A (30 W max.)<\/td>\n<\/tr>\n<tr data-start=\"1981\" data-end=\"2018\">\n<td data-start=\"1981\" data-end=\"1998\" data-col-size=\"sm\"><strong data-start=\"1983\" data-end=\"1997\">PPS-Ausgang<\/strong><\/td>\n<td data-start=\"1998\" data-end=\"2018\" data-col-size=\"md\">3,3\u201311,0 V \/ 2,7 A<\/td>\n<\/tr>\n<tr data-start=\"2019\" data-end=\"2074\">\n<td data-start=\"2019\" data-end=\"2042\" data-col-size=\"sm\"><strong data-start=\"2021\" data-end=\"2041\">Steckdosenstandards<\/strong><\/td>\n<td data-start=\"2042\" data-end=\"2074\" data-col-size=\"md\">USA \/ EU \/ Gro\u00dfbritannien \/ Japan \/ Korea<\/td>\n<\/tr>\n<tr data-start=\"2075\" data-end=\"2104\">\n<td data-start=\"2075\" data-end=\"2088\" data-col-size=\"sm\"><strong data-start=\"2077\" data-end=\"2087\">Farben<\/strong><\/td>\n<td data-start=\"2088\" data-end=\"2104\" data-col-size=\"md\">Schwarz, Wei\u00df<\/td>\n<\/tr>\n<tr data-start=\"2105\" data-end=\"2158\">\n<td data-start=\"2105\" data-end=\"2120\" data-col-size=\"sm\"><strong data-start=\"2107\" data-end=\"2119\">Material<\/strong><\/td>\n<td data-start=\"2120\" data-end=\"2158\" data-col-size=\"md\">PC (flammhemmendes Polycarbonat)<\/td>\n<\/tr>\n<tr data-start=\"2159\" data-end=\"2180\">\n<td data-start=\"2159\" data-end=\"2172\" data-col-size=\"sm\"><strong data-start=\"2161\" data-end=\"2171\">Gewicht<\/strong><\/td>\n<td data-start=\"2172\" data-end=\"2180\" data-col-size=\"md\">51 g<\/td>\n<\/tr>\n<tr data-start=\"2181\" data-end=\"2213\">\n<td data-start=\"2181\" data-end=\"2195\" data-col-size=\"sm\"><strong data-start=\"2183\" data-end=\"2194\">Verpackung<\/strong><\/td>\n<td data-start=\"2195\" data-end=\"2213\" data-col-size=\"md\">Einzelhandelsverpackung<\/td>\n<\/tr>\n<tr data-start=\"2214\" data-end=\"2275\">\n<td data-start=\"2214\" data-end=\"2232\" data-col-size=\"sm\"><strong data-start=\"2216\" data-end=\"2231\">Schutzma\u00dfnahmen<\/strong><\/td>\n<td data-start=\"2232\" data-end=\"2275\" data-col-size=\"md\">SCP, OVP, OCP, OLP, R\u00fcckflussverhinderung<\/td>\n<\/tr>\n<tr data-start=\"2276\" data-end=\"2305\">\n<td data-start=\"2276\" data-end=\"2299\" data-col-size=\"sm\"><strong data-start=\"2278\" data-end=\"2298\">Effizienzniveau<\/strong><\/td>\n<td data-start=\"2299\" data-end=\"2305\" data-col-size=\"md\">VI<\/td>\n<\/tr>\n<tr data-start=\"2306\" data-end=\"2369\">\n<td data-start=\"2306\" data-end=\"2325\" data-col-size=\"sm\"><strong data-start=\"2308\" data-end=\"2324\">Zertifikate<\/strong><\/td>\n<td data-start=\"2325\" data-end=\"2369\" data-col-size=\"md\">ETL, CE, FCC, UKCA, PSE, KC, RoHS, REACH<\/td>\n<\/tr>\n<tr data-start=\"2370\" data-end=\"2395\">\n<td data-start=\"2370\" data-end=\"2385\" data-col-size=\"sm\"><strong data-start=\"2372\" data-end=\"2384\">Garantie<\/strong><\/td>\n<td data-start=\"2385\" data-end=\"2395\" data-col-size=\"md\">1 Jahr<\/td>\n<\/tr>\n<tr data-start=\"2396\" data-end=\"2438\">\n<td data-start=\"2396\" data-end=\"2424\" data-col-size=\"sm\"><strong data-start=\"2398\" data-end=\"2423\">Betriebstemperatur<\/strong><\/td>\n<td data-start=\"2424\" data-end=\"2438\" data-col-size=\"md\">-20\u2103 ~ 55\u2103<\/td>\n<\/tr>\n<tr data-start=\"2439\" data-end=\"2479\">\n<td data-start=\"2439\" data-end=\"2465\" data-col-size=\"sm\"><strong data-start=\"2441\" data-end=\"2464\">Lagertemperatur<\/strong><\/td>\n<td data-start=\"2465\" data-end=\"2479\" data-col-size=\"md\">-40\u2103 ~ 70\u2103<\/td>\n<\/tr>\n<\/tbody>\n<\/table>\n<\/div>\n<\/div>\n<h2 data-start=\"2486\" data-end=\"2509\">Wichtigste Verkaufsargumente<\/h2>\n<h3 data-start=\"2511\" data-end=\"2556\"><strong data-start=\"2518\" data-end=\"2556\">30-W-Schnellladung mit PPS-Unterst\u00fctzung<\/strong><\/h3>\n<ul data-start=\"2557\" data-end=\"2750\">\n<li data-start=\"2557\" data-end=\"2640\">\n<p data-start=\"2559\" data-end=\"2640\">Liefert bis zu <strong data-start=\"2574\" data-end=\"2596\">30 W Leistungsabgabe<\/strong>, Geeignet f\u00fcr Laptops, Tablets und Smartphones.<\/p>\n<\/li>\n<li data-start=\"2641\" data-end=\"2750\">\n<p data-start=\"2643\" data-end=\"2750\"><strong data-start=\"2643\" data-end=\"2661\">PPS-Technologie<\/strong> Passt Spannung und Stromst\u00e4rke dynamisch an, um ein schnelleres, k\u00fchleres und effizienteres Laden zu erm\u00f6glichen.<\/p>\n<\/li>\n<\/ul>\n<h3 data-start=\"2752\" data-end=\"2788\"><strong data-start=\"2759\" data-end=\"2788\">Breite Ger\u00e4tekompatibilit\u00e4t<\/strong><\/h3>\n<ul data-start=\"2789\" data-end=\"2936\">\n<li data-start=\"2789\" data-end=\"2877\">\n<p data-start=\"2791\" data-end=\"2877\">Unterst\u00fctzt das Laden von USB-C-Laptops, Notebooks, Tablets, Smartphones und Zubeh\u00f6r.<\/p>\n<\/li>\n<li data-start=\"2878\" data-end=\"2936\">\n<p data-start=\"2880\" data-end=\"2936\">Ideales Ersatzladeger\u00e4t f\u00fcr moderne PD-f\u00e4hige Ger\u00e4te.<\/p>\n<\/li>\n<\/ul>\n<h3 data-start=\"2938\" data-end=\"2975\"><strong data-start=\"2945\" data-end=\"2975\">Globale Multi-Plug-L\u00f6sung<\/strong><\/h3>\n<ul data-start=\"2976\" data-end=\"3118\">\n<li data-start=\"2976\" data-end=\"3043\">\n<p data-start=\"2978\" data-end=\"3043\">Verf\u00fcgbar mit <strong data-start=\"2993\" data-end=\"3025\">USA, EU, Gro\u00dfbritannien, Japan und Korea<\/strong> Steckdosenstandards.<\/p>\n<\/li>\n<li data-start=\"3044\" data-end=\"3118\">\n<p data-start=\"3046\" data-end=\"3118\">Ideal f\u00fcr internationale Reisen, den Einzelhandel und den globalen Markenvertrieb.<\/p>\n<\/li>\n<\/ul>\n<h3 data-start=\"3120\" data-end=\"3158\"><strong data-start=\"3128\" data-end=\"3158\">Erweiterter Sicherheitsschutz<\/strong><\/h3>\n<ul data-start=\"3159\" data-end=\"3318\">\n<li data-start=\"3159\" data-end=\"3256\">\n<p data-start=\"3161\" data-end=\"3256\">Ausgestattet mit <strong data-start=\"3175\" data-end=\"3255\">Kurzschluss-, \u00dcberspannungs-, \u00dcberstrom-, \u00dcberlast- und R\u00fcckflussschutz<\/strong>.<\/p>\n<\/li>\n<li data-start=\"3257\" data-end=\"3318\">\n<p data-start=\"3259\" data-end=\"3318\">Entwickelt, um sowohl das Ladeger\u00e4t als auch die angeschlossenen Ger\u00e4te zu sch\u00fctzen.<\/p>\n<\/li>\n<\/ul>\n<h3 data-start=\"3320\" data-end=\"3366\"><strong data-start=\"3327\" data-end=\"3366\">Hohe Effizienz und zertifizierte Qualit\u00e4t<\/strong><\/h3>\n<ul data-start=\"3367\" data-end=\"3545\">\n<li data-start=\"3367\" data-end=\"3423\">\n<p data-start=\"3369\" data-end=\"3423\">Trifft <strong data-start=\"3375\" data-end=\"3398\">Effizienzstufe VI<\/strong> zur Reduzierung von Energieverlusten.<\/p>\n<\/li>\n<li data-start=\"3424\" data-end=\"3545\">\n<p data-start=\"3426\" data-end=\"3545\">Vollst\u00e4ndig zertifiziert mit <strong data-start=\"3447\" data-end=\"3495\">ETL, CE, FCC, UKCA, PSE, KC, RoHS und REACH<\/strong>, um die Einhaltung der Vorschriften auf den wichtigsten globalen M\u00e4rkten sicherzustellen.<\/p>\n<\/li>\n<\/ul>\n<h3 data-start=\"3547\" data-end=\"3586\"><strong data-start=\"3554\" data-end=\"3586\">Kompaktes und leichtes Design<\/strong><\/h3>\n<ul data-start=\"3587\" data-end=\"3686\">\n<li data-start=\"3587\" data-end=\"3634\">\n<p data-start=\"3589\" data-end=\"3634\">Wiegt nur <strong data-start=\"3601\" data-end=\"3608\">51 g<\/strong>, wodurch es leicht zu transportieren ist.<\/p>\n<\/li>\n<li data-start=\"3635\" data-end=\"3686\">\n<p data-start=\"3637\" data-end=\"3686\">Das robuste PC-Geh\u00e4use gew\u00e4hrleistet langfristige Zuverl\u00e4ssigkeit.<\/p>\n<\/li>\n<\/ul>\n<h2 data-start=\"3693\" data-end=\"3711\">Anwendungen<\/h2>\n<p data-start=\"3712\" data-end=\"3754\">Das TR8330CAR 30W PD-Ladeger\u00e4t ist ideal f\u00fcr:<\/p>\n<ul data-start=\"3755\" data-end=\"3923\">\n<li data-start=\"3755\" data-end=\"3784\">\n<p data-start=\"3757\" data-end=\"3784\">USB-C-Laptops und -Notebooks<\/p>\n<\/li>\n<li data-start=\"3785\" data-end=\"3810\">\n<p data-start=\"3787\" data-end=\"3810\">Tablets und Smartphones<\/p>\n<\/li>\n<li data-start=\"3811\" data-end=\"3844\">\n<p data-start=\"3813\" data-end=\"3844\">Ladeeinrichtungen f\u00fcr B\u00fcro und Zuhause<\/p>\n<\/li>\n<li data-start=\"3845\" data-end=\"3884\">\n<p data-start=\"3847\" data-end=\"3884\">Gesch\u00e4ftsreisen und internationale Nutzung<\/p>\n<\/li>\n<li data-start=\"3885\" data-end=\"3923\">\n<p data-start=\"3887\" data-end=\"3923\">Einzelhandels- und Markenaccessoire-Sets<\/p>\n<\/li>\n<\/ul>\n<h2 data-start=\"3930\" data-end=\"3946\">Produkt-FAQ<\/h2>\n<p data-start=\"3948\" data-end=\"4109\"><strong data-start=\"3948\" data-end=\"3988\">Frage 1: Kann dieses Ladeger\u00e4t einen Laptop mit Strom versorgen?<\/strong><br data-start=\"3988\" data-end=\"3991\" \/>Ja. Mit bis zu <strong data-start=\"4007\" data-end=\"4024\">30 W PD-Ausgangsleistung<\/strong>, Es unterst\u00fctzt viele USB-C-Laptops, Notebooks und Ultrabooks, die 30-W-Laden akzeptieren.<\/p>\n<p data-start=\"4111\" data-end=\"4323\"><strong data-start=\"4111\" data-end=\"4155\">Frage 2: Was ist PPS und warum ist es wichtig?<\/strong><br data-start=\"4155\" data-end=\"4158\" \/>PPS (Programmable Power Supply) erm\u00f6glicht es dem Ladeger\u00e4t, Spannung und Strom dynamisch anzupassen, wodurch die Ladegeschwindigkeit verbessert, die W\u00e4rmeentwicklung reduziert und die Batterie geschont wird.<\/p>\n<p data-start=\"4325\" data-end=\"4466\"><strong data-start=\"4325\" data-end=\"4366\">F3: Kann ich dieses Ladeger\u00e4t weltweit verwenden?<\/strong><br data-start=\"4366\" data-end=\"4369\" \/>Ja. Es unterst\u00fctzt <strong data-start=\"4386\" data-end=\"4404\">100\u2013240 V Eingang<\/strong> und ist mit verschiedenen Steckerstandards f\u00fcr den weltweiten Einsatz erh\u00e4ltlich.<\/p>\n<p data-start=\"4468\" data-end=\"4654\"><strong data-start=\"4468\" data-end=\"4511\">Frage 4: Ist es f\u00fcr den langfristigen t\u00e4glichen Gebrauch sicher?<\/strong><br data-start=\"4511\" data-end=\"4514\" \/>Absolut. Das Ladeger\u00e4t verf\u00fcgt \u00fcber mehrere Sicherheitsvorkehrungen und erf\u00fcllt strenge internationale Sicherheits- und Umweltzertifizierungen.<\/p>\n<p data-start=\"4656\" data-end=\"4740\"><strong data-start=\"4656\" data-end=\"4692\">Frage 5: Wie lange betr\u00e4gt die Garantiezeit?<\/strong><br data-start=\"4692\" data-end=\"4695\" \/>Das Produkt wird mit einem <strong data-start=\"4720\" data-end=\"4739\">1 Jahr Garantie<\/strong>.<\/p>\n<h2 data-start=\"4747\" data-end=\"4802\">Unternehmensvorteil \u2013 Warum Jialu Technology?<\/h2>\n<p data-start=\"4803\" data-end=\"5202\"><strong data-start=\"4803\" data-end=\"4842\">Shenzhen Jialu Technology Co., Ltd.<\/strong> Jialu ist ein professioneller Hersteller, der sich auf Netzteile, PD-Ladeger\u00e4te, GaN-Ladeger\u00e4te und Powerbanks spezialisiert hat. Einer der Hauptvorteile von Jialu ist seine <strong data-start=\"4987\" data-end=\"5053\">starke OEM\/ODM-Kompetenz kombiniert mit strenger Qualit\u00e4tskontrolle<\/strong>. Das Unternehmen betreibt moderne, automatisierte Produktionslinien und umfassende Testsysteme, um eine stabile Leistung und hohe Produktkonsistenz zu gew\u00e4hrleisten.<\/p>\n<p data-start=\"5204\" data-end=\"5541\">Mit international anerkannten Zertifizierungen wie <strong data-start=\"5259\" data-end=\"5290\">ISO 9001, ISO 14001 und BSCI<\/strong>, Jialu unterst\u00fctzt seine Kunden mit zuverl\u00e4ssiger Fertigung, flexibler Anpassung und Produkten, die den regulatorischen Anforderungen der wichtigsten globalen M\u00e4rkte entsprechen. Das macht Jialu zu einem vertrauensw\u00fcrdigen, langfristigen Partner f\u00fcr Marken, Distributoren und Einzelh\u00e4ndler weltweit.<\/p>","protected":false},"excerpt":{"rendered":"<p><strong data-start=\"1678\" data-end=\"1694\">Produktname: <\/strong>30-W-PD-Ladeger\u00e4t<\/p>\n<p><strong data-start=\"1716\" data-end=\"1732\">Modellnummer: <\/strong>TR8330CAR<\/p>\n<p><strong data-start=\"1749\" data-end=\"1768\">Herkunftsort: <\/strong>China (Festland)<\/p>\n<p><strong data-start=\"1792\" data-end=\"1808\">Anwendungsbereiche: <\/strong>Laptop, Notebook, Tablet, Mobiltelefon, USB-C-Ger\u00e4te<\/p>\n<p><strong data-start=\"1869\" data-end=\"1878\">Eingang: <\/strong>100\u2013240 V ~ 50\/60 Hz, 0,8 A<\/p>\n<p><strong data-start=\"1910\" data-end=\"1925\">Ausgang (PD): <\/strong>5 V\/3 A, 9 V\/3 A, 12 V\/2,5 A, 15 V\/2 A, 20 V\/1,5 A (30 W max.)<\/p>\n<p><strong data-start=\"1983\" data-end=\"1997\">PPS-Ausgabe: <\/strong>3,3\u201311,0 V \/ 2,7 A<\/p>\n<p><strong data-start=\"2021\" data-end=\"2041\">Steckdosenstandards: <\/strong>USA \/ EU \/ Gro\u00dfbritannien \/ Japan \/ Korea<\/p>\n<p><strong data-start=\"2077\" data-end=\"2087\">Farben: <\/strong>Schwarz, Wei\u00df<\/p>\n<p><strong data-start=\"2107\" data-end=\"2119\">Material: <\/strong>PC (flammhemmendes Polycarbonat)<\/p>\n<p><strong data-start=\"2161\" data-end=\"2171\">Gewicht: <\/strong>51 g<\/p>\n<p><strong data-start=\"2183\" data-end=\"2194\">Verpackung: <\/strong>Einzelhandelsverpackung<\/p>\n<p><strong data-start=\"2216\" data-end=\"2231\">Schutzma\u00dfnahmen: <\/strong>SCP, OVP, OCP, OLP, R\u00fcckflussverhinderung<\/p>\n<p><strong data-start=\"2278\" data-end=\"2298\">Effizienzniveau: <\/strong>VI<\/p>\n<p><strong data-start=\"2308\" data-end=\"2324\">Zertifikate: <\/strong>ETL, CE, FCC, UKCA, PSE, KC, RoHS, REACH<\/p>","protected":false},"featured_media":1407,"comment_status":"open","ping_status":"closed","template":"","meta":{"_acf_changed":false,"site-sidebar-layout":"default","site-content-layout":"","ast-site-content-layout":"default","site-content-style":"default","site-sidebar-style":"default","ast-global-header-display":"","ast-banner-title-visibility":"","ast-main-header-display":"","ast-hfb-above-header-display":"","ast-hfb-below-header-display":"","ast-hfb-mobile-header-display":"","site-post-title":"","ast-breadcrumbs-content":"","ast-featured-img":"","footer-sml-layout":"","ast-disable-related-posts":"","theme-transparent-header-meta":"default","adv-header-id-meta":"","stick-header-meta":"","header-above-stick-meta":"","header-main-stick-meta":"","header-below-stick-meta":"","astra-migrate-meta-layouts":"set","ast-page-background-enabled":"default","ast-page-background-meta":{"desktop":{"background-color":"var(--ast-global-color-5)","background-image":"","background-repeat":"repeat","background-position":"center center","background-size":"auto","background-attachment":"scroll","background-type":"","background-media":"","overlay-type":"","overlay-color":"","overlay-opacity":"","overlay-gradient":""},"tablet":{"background-color":"","background-image":"","background-repeat":"repeat","background-position":"center center","background-size":"auto","background-attachment":"scroll","background-type":"","background-media":"","overlay-type":"","overlay-color":"","overlay-opacity":"","overlay-gradient":""},"mobile":{"background-color":"","background-image":"","background-repeat":"repeat","background-position":"center center","background-size":"auto","background-attachment":"scroll","background-type":"","background-media":"","overlay-type":"","overlay-color":"","overlay-opacity":"","overlay-gradient":""}},"ast-content-background-meta":{"desktop":{"background-color":"var(--ast-global-color-4)","background-image":"","background-repeat":"repeat","background-position":"center center","background-size":"auto","background-attachment":"scroll","background-type":"","background-media":"","overlay-type":"","overlay-color":"","overlay-opacity":"","overlay-gradient":""},"tablet":{"background-color":"var(--ast-global-color-4)","background-image":"","background-repeat":"repeat","background-position":"center center","background-size":"auto","background-attachment":"scroll","background-type":"","background-media":"","overlay-type":"","overlay-color":"","overlay-opacity":"","overlay-gradient":""},"mobile":{"background-color":"var(--ast-global-color-4)","background-image":"","background-repeat":"repeat","background-position":"center center","background-size":"auto","background-attachment":"scroll","background-type":"","background-media":"","overlay-type":"","overlay-color":"","overlay-opacity":"","overlay-gradient":""}}},"product_brand":[],"product_cat":[46,30],"product_tag":[122,123,187,181],"class_list":{"0":"post-1406","1":"product","2":"type-product","3":"status-publish","4":"has-post-thumbnail","6":"product_cat-30w","7":"product_cat-gan-charger","8":"product_tag-30w-pd-charger","9":"product_tag-30w-usb-c-charger","10":"product_tag-pps-fast-charger","11":"product_tag-usb-c-pd-charger","12":"desktop-align-left","13":"tablet-align-left","14":"mobile-align-left","16":"first","17":"instock","18":"shipping-taxable","19":"product-type-simple"},"acf":[],"_links":{"self":[{"href":"https:\/\/szjialu.com\/de\/wp-json\/wp\/v2\/product\/1406","targetHints":{"allow":["GET"]}}],"collection":[{"href":"https:\/\/szjialu.com\/de\/wp-json\/wp\/v2\/product"}],"about":[{"href":"https:\/\/szjialu.com\/de\/wp-json\/wp\/v2\/types\/product"}],"replies":[{"embeddable":true,"href":"https:\/\/szjialu.com\/de\/wp-json\/wp\/v2\/comments?post=1406"}],"wp:featuredmedia":[{"embeddable":true,"href":"https:\/\/szjialu.com\/de\/wp-json\/wp\/v2\/media\/1407"}],"wp:attachment":[{"href":"https:\/\/szjialu.com\/de\/wp-json\/wp\/v2\/media?parent=1406"}],"wp:term":[{"taxonomy":"product_brand","embeddable":true,"href":"https:\/\/szjialu.com\/de\/wp-json\/wp\/v2\/product_brand?post=1406"},{"taxonomy":"product_cat","embeddable":true,"href":"https:\/\/szjialu.com\/de\/wp-json\/wp\/v2\/product_cat?post=1406"},{"taxonomy":"product_tag","embeddable":true,"href":"https:\/\/szjialu.com\/de\/wp-json\/wp\/v2\/product_tag?post=1406"}],"curies":[{"name":"wp","href":"https:\/\/api.w.org\/{rel}","templated":true}]}}