{"id":1398,"date":"2025-12-14T13:56:48","date_gmt":"2025-12-14T13:56:48","guid":{"rendered":"https:\/\/szjialu.com\/?post_type=product&#038;p=1398"},"modified":"2026-04-07T03:49:20","modified_gmt":"2026-04-07T03:49:20","slug":"20w-pd-ladegerat-tr10220cjp","status":"publish","type":"product","link":"https:\/\/szjialu.com\/de\/product\/20w-pd-charger-tr10220cjp\/","title":{"rendered":"20W PD-Ladeger\u00e4t TR10220CJP"},"content":{"rendered":"<h2 data-start=\"864\" data-end=\"886\"><strong data-start=\"866\" data-end=\"886\">Produkt\u00fcbersicht<\/strong><\/h2>\n<p data-start=\"888\" data-end=\"1205\">Der <strong data-start=\"892\" data-end=\"929\"><a href=\"https:\/\/szjialu.com\/de\/nachricht\/ultraflache-gan-pd-ladegerate-20-w-65-w\/\">20-W-PD-Ladeger\u00e4t<\/a> (Modell TR10220CJP)<\/strong> ist ein kompaktes, hocheffizientes <a href=\"https:\/\/szjialu.com\/de\/nachricht\/wie-sie-einen-zuverlassigen-oem-lieferanten-fur-usb-c-ladegerate-fur-ihre-marke-auswahlen\/\"><strong data-start=\"960\" data-end=\"992\">USB-C Power Delivery-Ladeger\u00e4t<\/strong><\/a> Entwickelt, um den Ladebedarf moderner Mobilger\u00e4te zu decken. Es unterst\u00fctzt Schnellladeprofile (PD) mit bis zu 20 W und liefert Smartphones, Tablets und anderen USB-C-kompatiblen Ger\u00e4ten eine stabile und zuverl\u00e4ssige Stromversorgung.<\/p>\n<p data-start=\"1207\" data-end=\"1520\">Mit <strong data-start=\"1212\" data-end=\"1242\">breiter Eingangsspannungsbereich<\/strong> Und <strong data-start=\"1247\" data-end=\"1307\">mehrere Steckdosenstandards (USA, Korea, Japan, Gro\u00dfbritannien, EU, Australien)<\/strong>, Dieses Ladeger\u00e4t ist die ideale L\u00f6sung f\u00fcr globale M\u00e4rkte. Sein robustes PC-Geh\u00e4use, das geringe Gewicht und die umfassenden Sicherheitsvorkehrungen gew\u00e4hrleisten eine zuverl\u00e4ssige Leistung sowohl f\u00fcr private als auch f\u00fcr gewerbliche Anwendungen.<\/p>\n<h2 data-start=\"1527\" data-end=\"1555\"><strong data-start=\"1529\" data-end=\"1555\">Produktspezifikationen<\/strong><\/h2>\n<div class=\"TyagGW_tableContainer\">\n<div class=\"group TyagGW_tableWrapper flex w-fit flex-col-reverse\" tabindex=\"-1\">\n<table class=\"w-fit min-w-(--thread-content-width)\" data-start=\"1557\" data-end=\"2411\">\n<thead data-start=\"1557\" data-end=\"1583\">\n<tr data-start=\"1557\" data-end=\"1583\">\n<th data-start=\"1557\" data-end=\"1568\" data-col-size=\"sm\"><strong data-start=\"1559\" data-end=\"1567\">Artikel<\/strong><\/th>\n<th data-start=\"1568\" data-end=\"1583\" data-col-size=\"lg\"><strong data-start=\"1570\" data-end=\"1581\">Details<\/strong><\/th>\n<\/tr>\n<\/thead>\n<tbody data-start=\"1609\" data-end=\"2411\">\n<tr data-start=\"1609\" data-end=\"1646\">\n<td data-start=\"1609\" data-end=\"1628\" data-col-size=\"sm\"><strong data-start=\"1611\" data-end=\"1627\">Produktname<\/strong><\/td>\n<td data-col-size=\"lg\" data-start=\"1628\" data-end=\"1646\">20-W-PD-Ladeger\u00e4t<\/td>\n<\/tr>\n<tr data-start=\"1647\" data-end=\"1680\">\n<td data-start=\"1647\" data-end=\"1666\" data-col-size=\"sm\"><strong data-start=\"1649\" data-end=\"1665\">Modellnummer<\/strong><\/td>\n<td data-col-size=\"lg\" data-start=\"1666\" data-end=\"1680\">TR10220CJP<\/td>\n<\/tr>\n<tr data-start=\"1681\" data-end=\"1723\">\n<td data-start=\"1681\" data-end=\"1703\" data-col-size=\"sm\"><strong data-start=\"1683\" data-end=\"1702\">Herkunftsort<\/strong><\/td>\n<td data-col-size=\"lg\" data-start=\"1703\" data-end=\"1723\">China (Festland)<\/td>\n<\/tr>\n<tr data-start=\"1724\" data-end=\"1784\">\n<td data-start=\"1724\" data-end=\"1743\" data-col-size=\"sm\"><strong data-start=\"1726\" data-end=\"1742\">Anwendungen<\/strong><\/td>\n<td data-col-size=\"lg\" data-start=\"1743\" data-end=\"1784\">Mobiltelefone, Tablets, USB-C-Ger\u00e4te<\/td>\n<\/tr>\n<tr data-start=\"1785\" data-end=\"1827\">\n<td data-start=\"1785\" data-end=\"1797\" data-col-size=\"sm\"><strong data-start=\"1787\" data-end=\"1796\">Eingang<\/strong><\/td>\n<td data-col-size=\"lg\" data-start=\"1797\" data-end=\"1827\">100\u2013240 V Wechselstrom, 50\/60 Hz, 0,6 A<\/td>\n<\/tr>\n<tr data-start=\"1828\" data-end=\"1871\">\n<td data-start=\"1828\" data-end=\"1841\" data-col-size=\"sm\"><strong data-start=\"1830\" data-end=\"1840\">Ausgabe<\/strong><\/td>\n<td data-col-size=\"lg\" data-start=\"1841\" data-end=\"1871\">5 V\/3 A, 9 V\/2,22 A, 12 V\/1,67 A<\/td>\n<\/tr>\n<tr data-start=\"1872\" data-end=\"1931\">\n<td data-start=\"1872\" data-end=\"1894\" data-col-size=\"sm\"><strong data-start=\"1874\" data-end=\"1893\">Steckdosenstandard<\/strong><\/td>\n<td data-col-size=\"lg\" data-start=\"1894\" data-end=\"1931\">USA \/ Korea \/ Japan \/ Gro\u00dfbritannien \/ EU \/ Australien<\/td>\n<\/tr>\n<tr data-start=\"1932\" data-end=\"1961\">\n<td data-start=\"1932\" data-end=\"1945\" data-col-size=\"sm\"><strong data-start=\"1934\" data-end=\"1944\">Farben<\/strong><\/td>\n<td data-col-size=\"lg\" data-start=\"1945\" data-end=\"1961\">Schwarz, Wei\u00df<\/td>\n<\/tr>\n<tr data-start=\"1962\" data-end=\"1999\">\n<td data-start=\"1962\" data-end=\"1977\" data-col-size=\"sm\"><strong data-start=\"1964\" data-end=\"1976\">Material<\/strong><\/td>\n<td data-col-size=\"lg\" data-start=\"1977\" data-end=\"1999\">PC (Polycarbonat)<\/td>\n<\/tr>\n<tr data-start=\"2000\" data-end=\"2021\">\n<td data-start=\"2000\" data-end=\"2013\" data-col-size=\"sm\"><strong data-start=\"2002\" data-end=\"2012\">Gewicht<\/strong><\/td>\n<td data-col-size=\"lg\" data-start=\"2013\" data-end=\"2021\">50 g<\/td>\n<\/tr>\n<tr data-start=\"2022\" data-end=\"2054\">\n<td data-start=\"2022\" data-end=\"2036\" data-col-size=\"sm\"><strong data-start=\"2024\" data-end=\"2035\">Verpackung<\/strong><\/td>\n<td data-col-size=\"lg\" data-start=\"2036\" data-end=\"2054\">PE-Beutelverpackung<\/td>\n<\/tr>\n<tr data-start=\"2055\" data-end=\"2201\">\n<td data-start=\"2055\" data-end=\"2072\" data-col-size=\"sm\"><strong data-start=\"2057\" data-end=\"2071\">Schutz<\/strong><\/td>\n<td data-col-size=\"lg\" data-start=\"2072\" data-end=\"2201\">Kurzschlussschutz<br \/>\n\u00dcberspannungsschutz<br \/>\n\u00dcberstromschutz<br \/>\n\u00dcberlastschutz<br \/>\nR\u00fcckflussschutz<\/td>\n<\/tr>\n<tr data-start=\"2202\" data-end=\"2237\">\n<td data-start=\"2202\" data-end=\"2225\" data-col-size=\"sm\"><strong data-start=\"2204\" data-end=\"2224\">Effizienzniveau<\/strong><\/td>\n<td data-col-size=\"lg\" data-start=\"2225\" data-end=\"2237\">Stufe VI<\/td>\n<\/tr>\n<tr data-start=\"2238\" data-end=\"2301\">\n<td data-start=\"2238\" data-end=\"2257\" data-col-size=\"sm\"><strong data-start=\"2240\" data-end=\"2256\">Zertifikate<\/strong><\/td>\n<td data-col-size=\"lg\" data-start=\"2257\" data-end=\"2301\">CE, FCC, ETL, KC, PSE, UKCA, RoHS, REACH<\/td>\n<\/tr>\n<tr data-start=\"2302\" data-end=\"2327\">\n<td data-start=\"2302\" data-end=\"2317\" data-col-size=\"sm\"><strong data-start=\"2304\" data-end=\"2316\">Garantie<\/strong><\/td>\n<td data-col-size=\"lg\" data-start=\"2317\" data-end=\"2327\">1 Jahr<\/td>\n<\/tr>\n<tr data-start=\"2328\" data-end=\"2370\">\n<td data-start=\"2328\" data-end=\"2356\" data-col-size=\"sm\"><strong data-start=\"2330\" data-end=\"2355\">Betriebstemperatur<\/strong><\/td>\n<td data-col-size=\"lg\" data-start=\"2356\" data-end=\"2370\">-20\u2103 ~ 55\u2103<\/td>\n<\/tr>\n<tr data-start=\"2371\" data-end=\"2411\">\n<td data-start=\"2371\" data-end=\"2397\" data-col-size=\"sm\"><strong data-start=\"2373\" data-end=\"2396\">Lagertemperatur<\/strong><\/td>\n<td data-col-size=\"lg\" data-start=\"2397\" data-end=\"2411\">-40\u2103 ~ 70\u2103<\/td>\n<\/tr>\n<\/tbody>\n<\/table>\n<\/div>\n<\/div>\n<figure id=\"attachment_1399\" aria-describedby=\"caption-attachment-1399\" style=\"width: 598px\" class=\"wp-caption alignnone\"><img fetchpriority=\"high\" decoding=\"async\" class=\"wp-image-1399\" src=\"https:\/\/szjialu.com\/wp-content\/uploads\/2025\/12\/\u4e3b\u56fe-3-14-300x300.jpg\" alt=\"20-W-PD-Ladeger\u00e4t\" width=\"598\" height=\"598\" srcset=\"https:\/\/szjialu.com\/wp-content\/uploads\/2025\/12\/\u4e3b\u56fe-3-14-300x300.jpg 300w, https:\/\/szjialu.com\/wp-content\/uploads\/2025\/12\/\u4e3b\u56fe-3-14-150x150.jpg 150w, https:\/\/szjialu.com\/wp-content\/uploads\/2025\/12\/\u4e3b\u56fe-3-14-768x768.jpg 768w, https:\/\/szjialu.com\/wp-content\/uploads\/2025\/12\/\u4e3b\u56fe-3-14-600x600.jpg 600w, https:\/\/szjialu.com\/wp-content\/uploads\/2025\/12\/\u4e3b\u56fe-3-14-100x100.jpg 100w, https:\/\/szjialu.com\/wp-content\/uploads\/2025\/12\/\u4e3b\u56fe-3-14-64x64.jpg 64w, https:\/\/szjialu.com\/wp-content\/uploads\/2025\/12\/\u4e3b\u56fe-3-14.jpg 800w\" sizes=\"(max-width: 598px) 100vw, 598px\" \/><figcaption id=\"caption-attachment-1399\" class=\"wp-caption-text\">20-W-PD-Ladeger\u00e4t<\/figcaption><\/figure>\n<h2 data-start=\"2418\" data-end=\"2442\"><strong data-start=\"2420\" data-end=\"2442\">Wichtigste Verkaufsargumente<\/strong><\/h2>\n<p data-start=\"2444\" data-end=\"2478\"><strong data-start=\"2450\" data-end=\"2478\">20-W-USB-C-Stromversorgung<\/strong><\/p>\n<p data-start=\"2479\" data-end=\"2588\">Erm\u00f6glicht schnelles und effizientes Laden von Smartphones und Tablets unter Verwendung branchen\u00fcblicher PD-Spannungsprofile.<\/p>\n<p data-start=\"2590\" data-end=\"2623\"><strong data-start=\"2597\" data-end=\"2623\">Universelle Steckeroptionen<\/strong><\/p>\n<p data-start=\"2624\" data-end=\"2742\">Unterst\u00fctzt die Steckdosenstandards der USA, Koreas, Japans, Gro\u00dfbritanniens, der EU und Australiens und eignet sich daher f\u00fcr den weltweiten Vertrieb und den Einsatz auf Reisen.<\/p>\n<p data-start=\"2744\" data-end=\"2786\"><strong data-start=\"2751\" data-end=\"2786\">Umfassender Sicherheitsschutz<\/strong><\/p>\n<p data-start=\"2787\" data-end=\"2901\">Ausgestattet mit fortschrittlichen elektrischen Schutzmechanismen, einschlie\u00dflich R\u00fcckflussschutz, um sowohl Ger\u00e4te als auch Benutzer zu sch\u00fctzen.<\/p>\n<p data-start=\"2903\" data-end=\"2935\"><strong data-start=\"2910\" data-end=\"2935\">Kompakt und leicht<\/strong><\/p>\n<p data-start=\"2936\" data-end=\"3052\">Das Ladeger\u00e4t wiegt nur 50 g und ist daher leicht zu transportieren und ideal f\u00fcr den t\u00e4glichen Gebrauch, auf Reisen und f\u00fcr minimalistische Verpackungsl\u00f6sungen.<\/p>\n<p data-start=\"3054\" data-end=\"3095\"><strong data-start=\"3060\" data-end=\"3095\">Umfangreiche globale Zertifizierungen<\/strong><\/p>\n<p data-start=\"3096\" data-end=\"3186\">Zertifiziert gem\u00e4\u00df den Sicherheits- und Umweltvorschriften auf den wichtigsten internationalen M\u00e4rkten.<\/p>\n<p data-start=\"3188\" data-end=\"3217\"><strong data-start=\"3195\" data-end=\"3217\">Robustes PC-Geh\u00e4use<\/strong><\/p>\n<p data-start=\"3218\" data-end=\"3303\">Hochwertiges PC-Material sorgt f\u00fcr Hitzebest\u00e4ndigkeit, Langlebigkeit und eine lange Lebensdauer.<\/p>\n<h2 data-start=\"3310\" data-end=\"3328\"><strong data-start=\"3312\" data-end=\"3328\">Anwendungen<\/strong><\/h2>\n<p data-start=\"3330\" data-end=\"3416\">Das 20-W-PD-Ladeger\u00e4t TR10220CJP eignet sich f\u00fcr eine Vielzahl von Anwendungen, darunter:<\/p>\n<ul data-start=\"3418\" data-end=\"3636\">\n<li data-start=\"3418\" data-end=\"3457\">\n<p data-start=\"3420\" data-end=\"3457\">Schnellladef\u00e4hige Smartphones und Tablets<\/p>\n<\/li>\n<li data-start=\"3458\" data-end=\"3494\">\n<p data-start=\"3460\" data-end=\"3494\">Ladel\u00f6sungen f\u00fcr Zuhause und B\u00fcro<\/p>\n<\/li>\n<li data-start=\"3495\" data-end=\"3525\">\n<p data-start=\"3497\" data-end=\"3525\">Reise- und internationale Nutzung<\/p>\n<\/li>\n<li data-start=\"3526\" data-end=\"3555\">\n<p data-start=\"3528\" data-end=\"3555\">Einzelhandels- und E-Commerce-Ums\u00e4tze<\/p>\n<\/li>\n<li data-start=\"3556\" data-end=\"3597\">\n<p data-start=\"3558\" data-end=\"3597\">Firmengeschenke und Werbepakete<\/p>\n<\/li>\n<li data-start=\"3598\" data-end=\"3636\">\n<p data-start=\"3600\" data-end=\"3636\">OEM\/ODM-kundenspezifische Ladeprodukte<\/p>\n<\/li>\n<\/ul>\n<h2 data-start=\"3643\" data-end=\"3694\"><strong data-start=\"3645\" data-end=\"3694\">Unternehmensvorteil \u2013 Shenzhen Jilu Technology<\/strong><\/h2>\n<p data-start=\"3696\" data-end=\"4155\">Einer der Hauptvorteile von Shenzhen Jialu Technology ist seine <strong data-start=\"3753\" data-end=\"3792\">starke globale Compliance-F\u00e4higkeiten<\/strong>. Das Unternehmen entwickelt und fertigt Stromversorgungsprodukte, die eine Vielzahl internationaler Zertifizierungen erf\u00fcllen und Kunden so einen sicheren Markteintritt erm\u00f6glichen. Dank eigener Forschung und Entwicklung, strenger Qualit\u00e4tskontrolle und flexibler OEM\/ODM-Services bietet Jialu skalierbare und zuverl\u00e4ssige Ladel\u00f6sungen, die auf die unterschiedlichsten Kundenbed\u00fcrfnisse weltweit zugeschnitten sind.<\/p>\n<h2 data-start=\"4162\" data-end=\"4179\"><strong data-start=\"4164\" data-end=\"4179\">Produkt-FAQ<\/strong><\/h2>\n<p data-start=\"4181\" data-end=\"4303\"><strong data-start=\"4181\" data-end=\"4229\">Frage 1: Unterst\u00fctzt dieses Ladeger\u00e4t Schnellladen?<\/strong><br data-start=\"4229\" data-end=\"4232\" \/>Ja. Es unterst\u00fctzt USB-C Power Delivery mit bis zu 20 W f\u00fcr kompatible Ger\u00e4te.<\/p>\n<p data-start=\"4305\" data-end=\"4452\"><strong data-start=\"4305\" data-end=\"4364\">F2: Ist dieses Ladeger\u00e4t f\u00fcr internationale M\u00e4rkte geeignet?<\/strong><br data-start=\"4364\" data-end=\"4367\" \/>Ja. Es unterst\u00fctzt mehrere Steckerstandards und verf\u00fcgt \u00fcber umfangreiche globale Zertifizierungen.<\/p>\n<p data-start=\"4454\" data-end=\"4592\"><strong data-start=\"4454\" data-end=\"4503\">Frage 3: Kann es mein Ger\u00e4t \u00fcber Nacht sicher aufladen?<\/strong><br data-start=\"4503\" data-end=\"4506\" \/>Ja. Das Ladeger\u00e4t verf\u00fcgt \u00fcber mehrere Schutzmechanismen, um eine sichere Langzeitnutzung zu gew\u00e4hrleisten.<\/p>\n<p data-start=\"4594\" data-end=\"4751\"><strong data-start=\"4594\" data-end=\"4648\">Frage 4: Welche Ger\u00e4te sind mit diesem Ladeger\u00e4t kompatibel?<\/strong><br data-start=\"4648\" data-end=\"4651\" \/>Es funktioniert mit den meisten Smartphones, Tablets und USB-C-f\u00e4higen Ger\u00e4ten innerhalb des unterst\u00fctzten Leistungsbereichs.<\/p>\n<p data-start=\"4753\" data-end=\"4916\"><strong data-start=\"4753\" data-end=\"4814\">Frage 5: Ist eine individuelle Gestaltung des Brandings oder der Verpackung m\u00f6glich?<\/strong><br data-start=\"4814\" data-end=\"4817\" \/>Ja. OEM- und ODM-Anpassungsoptionen sind verf\u00fcgbar, einschlie\u00dflich Logodruck und Verpackungsdesign.<\/p>\n<p data-start=\"4918\" data-end=\"5002\"><strong data-start=\"4918\" data-end=\"4954\">Frage 6: Wie lange ist die Garantiezeit?<\/strong><br data-start=\"4954\" data-end=\"4957\" \/>Das Produkt wird mit einem <strong data-start=\"4982\" data-end=\"5001\">1 Jahr Garantie<\/strong>.<\/p>","protected":false},"excerpt":{"rendered":"<p><strong data-start=\"1611\" data-end=\"1627\">Produktname: <\/strong>20-W-PD-Ladeger\u00e4t<\/p>\n<p><strong data-start=\"1649\" data-end=\"1665\">Modellnummer: <\/strong>TR10220CJP<\/p>\n<p><strong data-start=\"1683\" data-end=\"1702\">Herkunftsort: <\/strong>China (Festland)<\/p>\n<p><strong data-start=\"1726\" data-end=\"1742\">Anwendungsbereiche: <\/strong>Mobiltelefone, Tablets, USB-C-Ger\u00e4te<\/p>\n<p><strong data-start=\"1787\" data-end=\"1796\">Eingang: <\/strong>100\u2013240 V Wechselstrom, 50\/60 Hz, 0,6 A<\/p>\n<p><strong data-start=\"1830\" data-end=\"1840\">Ausgabe: <\/strong>5 V\/3 A, 9 V\/2,22 A, 12 V\/1,67 A<\/p>\n<p><strong data-start=\"1874\" data-end=\"1893\">Steckdosenstandard: <\/strong>USA \/ Korea \/ Japan \/ Gro\u00dfbritannien \/ EU \/ Australien<\/p>\n<p><strong data-start=\"1934\" data-end=\"1944\">Farben: <\/strong>Schwarz, Wei\u00df<\/p>\n<p><strong data-start=\"1964\" data-end=\"1976\">Material: <\/strong>PC (Polycarbonat)<\/p>\n<p><strong data-start=\"2002\" data-end=\"2012\">Gewicht: <\/strong>50 g<\/p>\n<p><strong data-start=\"2024\" data-end=\"2035\">Verpackung: <\/strong>PE-Beutelverpackung<\/p>","protected":false},"featured_media":1399,"comment_status":"open","ping_status":"closed","template":"","meta":{"_acf_changed":false,"site-sidebar-layout":"default","site-content-layout":"","ast-site-content-layout":"default","site-content-style":"default","site-sidebar-style":"default","ast-global-header-display":"","ast-banner-title-visibility":"","ast-main-header-display":"","ast-hfb-above-header-display":"","ast-hfb-below-header-display":"","ast-hfb-mobile-header-display":"","site-post-title":"","ast-breadcrumbs-content":"","ast-featured-img":"","footer-sml-layout":"","ast-disable-related-posts":"","theme-transparent-header-meta":"default","adv-header-id-meta":"","stick-header-meta":"","header-above-stick-meta":"","header-main-stick-meta":"","header-below-stick-meta":"","astra-migrate-meta-layouts":"set","ast-page-background-enabled":"default","ast-page-background-meta":{"desktop":{"background-color":"var(--ast-global-color-5)","background-image":"","background-repeat":"repeat","background-position":"center center","background-size":"auto","background-attachment":"scroll","background-type":"","background-media":"","overlay-type":"","overlay-color":"","overlay-opacity":"","overlay-gradient":""},"tablet":{"background-color":"","background-image":"","background-repeat":"repeat","background-position":"center center","background-size":"auto","background-attachment":"scroll","background-type":"","background-media":"","overlay-type":"","overlay-color":"","overlay-opacity":"","overlay-gradient":""},"mobile":{"background-color":"","background-image":"","background-repeat":"repeat","background-position":"center center","background-size":"auto","background-attachment":"scroll","background-type":"","background-media":"","overlay-type":"","overlay-color":"","overlay-opacity":"","overlay-gradient":""}},"ast-content-background-meta":{"desktop":{"background-color":"var(--ast-global-color-4)","background-image":"","background-repeat":"repeat","background-position":"center center","background-size":"auto","background-attachment":"scroll","background-type":"","background-media":"","overlay-type":"","overlay-color":"","overlay-opacity":"","overlay-gradient":""},"tablet":{"background-color":"var(--ast-global-color-4)","background-image":"","background-repeat":"repeat","background-position":"center center","background-size":"auto","background-attachment":"scroll","background-type":"","background-media":"","overlay-type":"","overlay-color":"","overlay-opacity":"","overlay-gradient":""},"mobile":{"background-color":"var(--ast-global-color-4)","background-image":"","background-repeat":"repeat","background-position":"center center","background-size":"auto","background-attachment":"scroll","background-type":"","background-media":"","overlay-type":"","overlay-color":"","overlay-opacity":"","overlay-gradient":""}}},"product_brand":[],"product_cat":[45,30],"product_tag":[73,149,184,181],"class_list":{"0":"post-1398","1":"product","2":"type-product","3":"status-publish","4":"has-post-thumbnail","6":"product_cat-20w","7":"product_cat-gan-charger","8":"product_tag-20w-pd-charger","9":"product_tag-fast-charging-adapter","10":"product_tag-universal-plug-charger","11":"product_tag-usb-c-pd-charger","12":"desktop-align-left","13":"tablet-align-left","14":"mobile-align-left","16":"first","17":"instock","18":"shipping-taxable","19":"product-type-simple"},"acf":[],"_links":{"self":[{"href":"https:\/\/szjialu.com\/de\/wp-json\/wp\/v2\/product\/1398","targetHints":{"allow":["GET"]}}],"collection":[{"href":"https:\/\/szjialu.com\/de\/wp-json\/wp\/v2\/product"}],"about":[{"href":"https:\/\/szjialu.com\/de\/wp-json\/wp\/v2\/types\/product"}],"replies":[{"embeddable":true,"href":"https:\/\/szjialu.com\/de\/wp-json\/wp\/v2\/comments?post=1398"}],"wp:featuredmedia":[{"embeddable":true,"href":"https:\/\/szjialu.com\/de\/wp-json\/wp\/v2\/media\/1399"}],"wp:attachment":[{"href":"https:\/\/szjialu.com\/de\/wp-json\/wp\/v2\/media?parent=1398"}],"wp:term":[{"taxonomy":"product_brand","embeddable":true,"href":"https:\/\/szjialu.com\/de\/wp-json\/wp\/v2\/product_brand?post=1398"},{"taxonomy":"product_cat","embeddable":true,"href":"https:\/\/szjialu.com\/de\/wp-json\/wp\/v2\/product_cat?post=1398"},{"taxonomy":"product_tag","embeddable":true,"href":"https:\/\/szjialu.com\/de\/wp-json\/wp\/v2\/product_tag?post=1398"}],"curies":[{"name":"wp","href":"https:\/\/api.w.org\/{rel}","templated":true}]}}