{"id":1386,"date":"2025-12-12T14:06:42","date_gmt":"2025-12-12T14:06:42","guid":{"rendered":"https:\/\/szjialu.com\/?post_type=product&#038;p=1386"},"modified":"2026-02-22T13:25:00","modified_gmt":"2026-02-22T13:25:00","slug":"30w-pd-ladegerat-tr10230cjp","status":"publish","type":"product","link":"https:\/\/szjialu.com\/de\/product\/30w-pd-charger-tr10230cjp\/","title":{"rendered":"30W PD-Ladeger\u00e4t TR10230CJP"},"content":{"rendered":"<h2 data-start=\"545\" data-end=\"586\"><strong data-start=\"547\" data-end=\"584\">30W PD-Ladeger\u00e4t (Modell TR10230CJP) <\/strong><strong data-start=\"664\" data-end=\"684\">Produkt\u00fcbersicht<\/strong><\/h2>\n<p data-start=\"686\" data-end=\"1151\">Der <strong data-start=\"690\" data-end=\"727\">30W PD-Ladeger\u00e4t (Modell TR10230CJP)<\/strong> ist ein hochmodernes, kompaktes Wandladeger\u00e4t, das zuverl\u00e4ssiges und schnelles Laden f\u00fcr eine Vielzahl elektronischer Ger\u00e4te erm\u00f6glicht \u2013 von Mobiltelefonen und Tablets bis hin zu Laptops und Notebooks. <strong data-start=\"931\" data-end=\"958\">USB-Stromversorgung (PD)<\/strong> Und <strong data-start=\"963\" data-end=\"998\">Programmierbares Netzteil (PPS)<\/strong> Dieses Ladeger\u00e4t verhandelt intelligent das ideale Leistungsprofil f\u00fcr Ihr Ger\u00e4t, was zu schnelleren, sichereren und effizienteren Ladevorg\u00e4ngen f\u00fchrt.<\/p>\n<p data-start=\"1153\" data-end=\"1342\">Dieses weltweit einsetzbare Ladeger\u00e4t unterst\u00fctzt mehrere Steckerstandards (USA, EU, Gro\u00dfbritannien, Japan, Korea) und besticht durch sein elegantes Design. <strong data-start=\"1258\" data-end=\"1267\">Schwarz<\/strong> oder <strong data-start=\"1271\" data-end=\"1280\">Wei\u00df<\/strong> Die Verarbeitung ist so gestaltet, dass es sich sowohl f\u00fcr den pers\u00f6nlichen Gebrauch als auch f\u00fcr Reisen perfekt eignet.<\/p>\n<h2 data-start=\"1349\" data-end=\"1370\"><strong data-start=\"1352\" data-end=\"1370\">Spezifikationen<\/strong><\/h2>\n<div class=\"TyagGW_tableContainer\">\n<div class=\"group TyagGW_tableWrapper flex w-fit flex-col-reverse\" tabindex=\"-1\">\n<table class=\"w-fit min-w-(--thread-content-width)\" data-start=\"1372\" data-end=\"2270\">\n<thead data-start=\"1372\" data-end=\"1407\">\n<tr data-start=\"1372\" data-end=\"1407\">\n<th data-start=\"1372\" data-end=\"1386\" data-col-size=\"sm\"><strong data-start=\"1374\" data-end=\"1385\">Besonderheit<\/strong><\/th>\n<th data-start=\"1386\" data-end=\"1407\" data-col-size=\"md\"><strong data-start=\"1388\" data-end=\"1405\">Spezifikation<\/strong><\/th>\n<\/tr>\n<\/thead>\n<tbody data-start=\"1444\" data-end=\"2270\">\n<tr data-start=\"1444\" data-end=\"1481\">\n<td data-start=\"1444\" data-end=\"1463\" data-col-size=\"sm\"><strong data-start=\"1446\" data-end=\"1462\">Produktname<\/strong><\/td>\n<td data-start=\"1463\" data-end=\"1481\" data-col-size=\"md\">30-W-PD-Ladeger\u00e4t<\/td>\n<\/tr>\n<tr data-start=\"1482\" data-end=\"1515\">\n<td data-start=\"1482\" data-end=\"1501\" data-col-size=\"sm\"><strong data-start=\"1484\" data-end=\"1500\">Modellnummer<\/strong><\/td>\n<td data-start=\"1501\" data-end=\"1515\" data-col-size=\"md\">TR10230CJP<\/td>\n<\/tr>\n<tr data-start=\"1516\" data-end=\"1558\">\n<td data-start=\"1516\" data-end=\"1538\" data-col-size=\"sm\"><strong data-start=\"1518\" data-end=\"1537\">Herkunftsort<\/strong><\/td>\n<td data-start=\"1538\" data-end=\"1558\" data-col-size=\"md\">China (Festland)<\/td>\n<\/tr>\n<tr data-start=\"1559\" data-end=\"1626\">\n<td data-start=\"1559\" data-end=\"1578\" data-col-size=\"sm\"><strong data-start=\"1561\" data-end=\"1577\">Anwendungen<\/strong><\/td>\n<td data-start=\"1578\" data-end=\"1626\" data-col-size=\"md\">Laptop, Notebook, Tablet, Mobiltelefon usw.<\/td>\n<\/tr>\n<tr data-start=\"1627\" data-end=\"1670\">\n<td data-start=\"1627\" data-end=\"1639\" data-col-size=\"sm\"><strong data-start=\"1629\" data-end=\"1638\">Eingang<\/strong><\/td>\n<td data-start=\"1639\" data-end=\"1670\" data-col-size=\"md\">Wechselstrom 100\u2013240 V ~ 50\/60 Hz, 0,8 A<\/td>\n<\/tr>\n<tr data-start=\"1671\" data-end=\"1739\">\n<td data-start=\"1671\" data-end=\"1689\" data-col-size=\"sm\"><strong data-start=\"1673\" data-end=\"1688\">Ausgang (PD)<\/strong><\/td>\n<td data-start=\"1689\" data-end=\"1739\" data-col-size=\"md\">5V\/3A, 9V\/3A, 12V\/2,5A, 15V\/2A, 20V\/1,5A (30W)<\/td>\n<\/tr>\n<tr data-start=\"1740\" data-end=\"1777\">\n<td data-start=\"1740\" data-end=\"1757\" data-col-size=\"sm\"><strong data-start=\"1742\" data-end=\"1756\">PPS-Ausgang<\/strong><\/td>\n<td data-start=\"1757\" data-end=\"1777\" data-col-size=\"md\">3,3\u201311,0 V bei 2,7 A<\/td>\n<\/tr>\n<tr data-start=\"1778\" data-end=\"1829\">\n<td data-start=\"1778\" data-end=\"1801\" data-col-size=\"sm\"><strong data-start=\"1780\" data-end=\"1800\">Steckdosenstandards<\/strong><\/td>\n<td data-start=\"1801\" data-end=\"1829\" data-col-size=\"md\">USA, EU, Gro\u00dfbritannien, Japan, Korea<\/td>\n<\/tr>\n<tr data-start=\"1830\" data-end=\"1869\">\n<td data-start=\"1830\" data-end=\"1853\" data-col-size=\"sm\"><strong data-start=\"1832\" data-end=\"1852\">Verf\u00fcgbare Farben<\/strong><\/td>\n<td data-start=\"1853\" data-end=\"1869\" data-col-size=\"md\">Schwarz, Wei\u00df<\/td>\n<\/tr>\n<tr data-start=\"1870\" data-end=\"1915\">\n<td data-start=\"1870\" data-end=\"1885\" data-col-size=\"sm\"><strong data-start=\"1872\" data-end=\"1884\">Material<\/strong><\/td>\n<td data-start=\"1885\" data-end=\"1915\" data-col-size=\"md\">Langlebiges Polycarbonat (PC)<\/td>\n<\/tr>\n<tr data-start=\"1916\" data-end=\"1936\">\n<td data-start=\"1916\" data-end=\"1929\" data-col-size=\"sm\"><strong data-start=\"1918\" data-end=\"1928\">Gewicht<\/strong><\/td>\n<td data-start=\"1929\" data-end=\"1936\" data-col-size=\"md\">51 g<\/td>\n<\/tr>\n<tr data-start=\"1937\" data-end=\"1971\">\n<td data-start=\"1937\" data-end=\"1951\" data-col-size=\"sm\"><strong data-start=\"1939\" data-end=\"1950\">Verpackung<\/strong><\/td>\n<td data-start=\"1951\" data-end=\"1971\" data-col-size=\"md\">Einzelhandelsverpackung<\/td>\n<\/tr>\n<tr data-start=\"1972\" data-end=\"2064\">\n<td data-start=\"1972\" data-end=\"1998\" data-col-size=\"sm\"><strong data-start=\"1974\" data-end=\"1997\">Schutzfunktionen<\/strong><\/td>\n<td data-start=\"1998\" data-end=\"2064\" data-col-size=\"md\">Kurzschluss, \u00dcberspannung, \u00dcberstrom, \u00dcberlast, R\u00fcckfluss<\/td>\n<\/tr>\n<tr data-start=\"2065\" data-end=\"2094\">\n<td data-start=\"2065\" data-end=\"2088\" data-col-size=\"sm\"><strong data-start=\"2067\" data-end=\"2087\">Effizienzniveau<\/strong><\/td>\n<td data-start=\"2088\" data-end=\"2094\" data-col-size=\"md\">VI<\/td>\n<\/tr>\n<tr data-start=\"2095\" data-end=\"2158\">\n<td data-start=\"2095\" data-end=\"2114\" data-col-size=\"sm\"><strong data-start=\"2097\" data-end=\"2113\">Zertifikate<\/strong><\/td>\n<td data-start=\"2114\" data-end=\"2158\" data-col-size=\"md\">ETL, CE, FCC, UKCA, PSE, KC, RoHS, REACH<\/td>\n<\/tr>\n<tr data-start=\"2159\" data-end=\"2184\">\n<td data-start=\"2159\" data-end=\"2174\" data-col-size=\"sm\"><strong data-start=\"2161\" data-end=\"2173\">Garantie<\/strong><\/td>\n<td data-start=\"2174\" data-end=\"2184\" data-col-size=\"md\">1 Jahr<\/td>\n<\/tr>\n<tr data-start=\"2185\" data-end=\"2228\">\n<td data-start=\"2185\" data-end=\"2213\" data-col-size=\"sm\"><strong data-start=\"2187\" data-end=\"2212\">Betriebstemperatur<\/strong><\/td>\n<td data-start=\"2213\" data-end=\"2228\" data-col-size=\"md\">-20\u2103 bis 55\u2103<\/td>\n<\/tr>\n<tr data-start=\"2229\" data-end=\"2270\">\n<td data-start=\"2229\" data-end=\"2255\" data-col-size=\"sm\"><strong data-start=\"2231\" data-end=\"2254\">Lagertemperatur<\/strong><\/td>\n<td data-start=\"2255\" data-end=\"2270\" data-col-size=\"md\">-40\u2103 bis 70\u2103<\/td>\n<\/tr>\n<\/tbody>\n<\/table>\n<\/div>\n<\/div>\n<figure id=\"attachment_1387\" aria-describedby=\"caption-attachment-1387\" style=\"width: 670px\" class=\"wp-caption alignnone\"><img fetchpriority=\"high\" decoding=\"async\" class=\"wp-image-1387\" src=\"https:\/\/szjialu.com\/wp-content\/uploads\/2025\/12\/\u4e3b\u56fe-3-11-300x300.jpg\" alt=\"30-W-PD-Ladeger\u00e4t\" width=\"670\" height=\"670\" srcset=\"https:\/\/szjialu.com\/wp-content\/uploads\/2025\/12\/\u4e3b\u56fe-3-11-300x300.jpg 300w, https:\/\/szjialu.com\/wp-content\/uploads\/2025\/12\/\u4e3b\u56fe-3-11-150x150.jpg 150w, https:\/\/szjialu.com\/wp-content\/uploads\/2025\/12\/\u4e3b\u56fe-3-11-768x768.jpg 768w, https:\/\/szjialu.com\/wp-content\/uploads\/2025\/12\/\u4e3b\u56fe-3-11-600x600.jpg 600w, https:\/\/szjialu.com\/wp-content\/uploads\/2025\/12\/\u4e3b\u56fe-3-11-100x100.jpg 100w, https:\/\/szjialu.com\/wp-content\/uploads\/2025\/12\/\u4e3b\u56fe-3-11-64x64.jpg 64w, https:\/\/szjialu.com\/wp-content\/uploads\/2025\/12\/\u4e3b\u56fe-3-11.jpg 800w\" sizes=\"(max-width: 670px) 100vw, 670px\" \/><figcaption id=\"caption-attachment-1387\" class=\"wp-caption-text\">30-W-PD-Ladeger\u00e4t<\/figcaption><\/figure>\n<h2 data-start=\"2277\" data-end=\"2302\"><strong data-start=\"2280\" data-end=\"2302\">Wichtigste Verkaufsargumente<\/strong><\/h2>\n<p data-start=\"2304\" data-end=\"2352\"><strong data-start=\"2310\" data-end=\"2352\">Schnelles und adaptives Laden mit PD + PPS<\/strong><\/p>\n<p data-start=\"2353\" data-end=\"2583\">Ausgestattet mit Power Delivery (PD)- und PPS-Technologien passt dieses Ladeger\u00e4t Spannung und Stromst\u00e4rke dynamisch an die Bed\u00fcrfnisse Ihres Ger\u00e4ts an \u2013 f\u00fcr effizientes und schnelles Laden bei gleichzeitiger Reduzierung der W\u00e4rmeentwicklung und Schonung des Akkus.<\/p>\n<p data-start=\"2585\" data-end=\"2621\"><strong data-start=\"2592\" data-end=\"2621\">Globale Steckerkompatibilit\u00e4t<\/strong><\/p>\n<p data-start=\"2622\" data-end=\"2771\">Entwickelt zur Unterst\u00fctzung <strong data-start=\"2642\" data-end=\"2690\">Steckdosenstandards der USA, der EU, Gro\u00dfbritanniens, Japans und Koreas<\/strong>, Damit ist es eine ideale Stromversorgungsl\u00f6sung f\u00fcr Reisende und internationale Nutzer.<\/p>\n<p data-start=\"2773\" data-end=\"2820\"><strong data-start=\"2780\" data-end=\"2820\">Umfassender Mehrschichtschutz<\/strong><\/p>\n<p data-start=\"2821\" data-end=\"3024\">Eingebaute Schutzmechanismen sch\u00fctzen vor h\u00e4ufig auftretenden elektrischen Problemen wie \u00dcberspannung, Kurzschluss, \u00dcberstrom, \u00dcberlastung und R\u00fcckstrom und gew\u00e4hrleisten so ein sichereres Laden sowohl des Ladeger\u00e4ts als auch der angeschlossenen Ger\u00e4te.<\/p>\n<p data-start=\"3026\" data-end=\"3076\"><strong data-start=\"3033\" data-end=\"3076\">Hohe Effizienz &amp; globale Zertifizierungen<\/strong><\/p>\n<p data-start=\"3077\" data-end=\"3313\">Erreicht <strong data-start=\"3086\" data-end=\"3109\">Effizienzstufe VI<\/strong>, entspricht einem der h\u00f6chsten Branchenstandards und verf\u00fcgt \u00fcber internationale Zertifizierungen wie <strong data-start=\"3198\" data-end=\"3245\">ETL, CE, FCC, UKCA, PSE, KC, RoHS und REACH<\/strong> \u2014 Gew\u00e4hrleistung der Einhaltung globaler Sicherheits- und Leistungsstandards.<\/p>\n<p data-start=\"3315\" data-end=\"3350\"><strong data-start=\"3322\" data-end=\"3350\">Kompaktes und robustes Design<\/strong><\/p>\n<p data-start=\"3351\" data-end=\"3512\">Mit einem Gewicht von nur 51 g und der Konstruktion aus widerstandsf\u00e4higem PC-Material ist dieses Ladeger\u00e4t leicht und dennoch robust \u2013 perfekt f\u00fcr den t\u00e4glichen Gebrauch zu Hause, bei der Arbeit oder auf Reisen.<\/p>\n<h2 data-start=\"3519\" data-end=\"3538\"><strong data-start=\"3522\" data-end=\"3538\">Anwendungen<\/strong><\/h2>\n<p data-start=\"3540\" data-end=\"3599\">Dieses 30-W-PD-Ladeger\u00e4t ist vielseitig einsetzbar und eignet sich zum Laden:<\/p>\n<ul data-start=\"3601\" data-end=\"3955\">\n<li data-start=\"3601\" data-end=\"3683\">\n<p data-start=\"3603\" data-end=\"3683\"><strong data-start=\"3606\" data-end=\"3621\">Smartphones<\/strong> \u2013 Schnelles und sicheres Laden f\u00fcr Telefone mit USB-C PD\/PPS-Unterst\u00fctzung<\/p>\n<\/li>\n<li data-start=\"3684\" data-end=\"3766\">\n<p data-start=\"3686\" data-end=\"3766\"><strong data-start=\"3689\" data-end=\"3712\">Laptops &amp; Notebooks<\/strong> \u2013 PD-Ladefunktion f\u00fcr kompatible Laptops und Ultrabooks<\/p>\n<\/li>\n<li data-start=\"3767\" data-end=\"3854\">\n<p data-start=\"3769\" data-end=\"3854\"><strong data-start=\"3772\" data-end=\"3795\">Tablets &amp; E-Reader<\/strong> \u2013 Effiziente Stromversorgung f\u00fcr iPads und Android-Tablets<\/p>\n<\/li>\n<li data-start=\"3855\" data-end=\"3955\">\n<p data-start=\"3857\" data-end=\"3955\"><strong data-start=\"3860\" data-end=\"3881\">Andere USB-Ger\u00e4te<\/strong> \u2013 Powerbanks, Bluetooth-Zubeh\u00f6r, tragbare Lautsprecher, Kameras und mehr<\/p>\n<\/li>\n<\/ul>\n<p data-start=\"3957\" data-end=\"4063\">Ob zu Hause, im B\u00fcro oder unterwegs \u2013 es bietet zuverl\u00e4ssiges Laden, wo immer Sie es ben\u00f6tigen.<\/p>\n<h2 data-start=\"4070\" data-end=\"4088\"><strong data-start=\"4073\" data-end=\"4088\">Produkt-FAQ<\/strong><\/h2>\n<p data-start=\"4090\" data-end=\"4376\"><strong data-start=\"4090\" data-end=\"4146\">Frage 1: Was ist USB-C PD und wie hilft es meinem Ger\u00e4t?<\/strong><br data-start=\"4146\" data-end=\"4149\" \/><strong data-start=\"4149\" data-end=\"4155\">A:<\/strong> PD (Power Delivery) erm\u00f6glicht schnelleres, programmierbares Laden durch die Aushandlung optimaler Spannung und Stromst\u00e4rke zwischen Ladeger\u00e4t und Ger\u00e4t. Dies f\u00fchrt zu einer effizienten, w\u00e4rmeregulierten Energie\u00fcbertragung und k\u00fcrzeren Ladezeiten.<\/p>\n<p data-start=\"4378\" data-end=\"4643\"><strong data-start=\"4378\" data-end=\"4422\">Frage 2: Was ist PPS und warum ist es wichtig?<\/strong><br data-start=\"4422\" data-end=\"4425\" \/><strong data-start=\"4425\" data-end=\"4431\">A:<\/strong> PPS (Programmable Power Supply) erm\u00f6glicht eine noch feinere Steuerung von Spannung und Stromst\u00e4rke, was die Ladeeffizienz und die Batterielebensdauer verbessert \u2013 besonders n\u00fctzlich f\u00fcr Handys und Tablets, die dynamische Leistungsprofile unterst\u00fctzen.<\/p>\n<p data-start=\"4645\" data-end=\"4872\"><strong data-start=\"4645\" data-end=\"4699\">Frage 3: Kann ich dieses Ladeger\u00e4t in verschiedenen L\u00e4ndern verwenden?<\/strong><br data-start=\"4699\" data-end=\"4702\" \/><strong data-start=\"4702\" data-end=\"4708\">A:<\/strong> Ja \u2013 da mehrere Steckdosenstandards (USA, EU, Gro\u00dfbritannien, Japan, Korea) verf\u00fcgbar sind, ist es mit der entsprechenden Steckerkonfiguration f\u00fcr den Einsatz in vielen Regionen weltweit geeignet.<\/p>\n<p data-start=\"4874\" data-end=\"5126\"><strong data-start=\"4874\" data-end=\"4938\">Frage 4: Kann mein Ger\u00e4t besch\u00e4digt werden, wenn es \u00fcber Nacht angeschlossen bleibt?<\/strong><br data-start=\"4938\" data-end=\"4941\" \/><strong data-start=\"4941\" data-end=\"4947\">A:<\/strong> Nein \u2013 fortschrittliche, integrierte Sicherheitsvorkehrungen minimieren die Risiken von \u00dcberladung, \u00dcberhitzung und elektrischen Defekten. Wir empfehlen jedoch stets, den Ladevorgang \u00e4lterer Ger\u00e4te zu \u00fcberwachen.<\/p>\n<p data-start=\"5128\" data-end=\"5384\"><strong data-start=\"5128\" data-end=\"5177\">F5: Ist das Ladeger\u00e4t mit meinem Laptop kompatibel?<\/strong><br data-start=\"5177\" data-end=\"5180\" \/><strong data-start=\"5180\" data-end=\"5186\">A:<\/strong> Es bietet eine PD-Ausgangsleistung von bis zu 30 W. Dies ist f\u00fcr viele Tablets und ausgew\u00e4hlte Laptops geeignet, die PD-Laden mit 30 W oder weniger unterst\u00fctzen. F\u00fcr Laptops mit h\u00f6herer Wattzahl kann ein leistungsst\u00e4rkeres PD-Ladeger\u00e4t erforderlich sein.<\/p>\n<h2 data-start=\"5391\" data-end=\"5454\"><strong data-start=\"5394\" data-end=\"5454\">Unternehmensvorteile \u2013 Warum Shenzhen Jialu Technology w\u00e4hlen?<\/strong><\/h2>\n<p data-start=\"5456\" data-end=\"6246\"><strong data-start=\"5456\" data-end=\"5495\">Shenzhen Jialu Technology Co., Ltd.<\/strong> ist ein renommierter Entwickler und Hersteller von Netzteilen, USB- und PD-Ladeger\u00e4ten, GaN-Ladeger\u00e4ten und Powerbanks mit \u00fcber zehn Jahren Branchenerfahrung f\u00fcr den globalen Elektronikmarkt. Das Unternehmen legt Wert auf <strong data-start=\"5710\" data-end=\"5780\">Qualit\u00e4t, Umweltverantwortung und internationale Konformit\u00e4t<\/strong>, Wie die Zertifizierungen nach ISO 9001, ISO 14001 und BSCI belegen \u2013 Grundlagen, die f\u00fcr gleichbleibende Produktqualit\u00e4t, verantwortungsvollen Umgang mit Umweltstandards und die Einhaltung sozialer Verantwortung f\u00fcr globale Abnehmer sorgen \u2013, werden die Produkte von Jialu in einer modernen, 6.000 m\u00b2 gro\u00dfen Produktionsst\u00e4tte mit automatisierten Produktions- und Testsystemen entwickelt und gefertigt. Dies erm\u00f6glicht eine hohe Produktionseffizienz, geringe Fehlerraten und starke Exportkapazit\u00e4ten. <strong data-start=\"6175\" data-end=\"6207\">\u00fcber 100 L\u00e4nder weltweit<\/strong>.<\/p>","protected":false},"excerpt":{"rendered":"<p><strong data-start=\"1446\" data-end=\"1462\">Produktname: <\/strong>30-W-PD-Ladeger\u00e4t<\/p>\n<p><strong data-start=\"1484\" data-end=\"1500\">Modellnummer: <\/strong>TR10230CJP<\/p>\n<p><strong data-start=\"1518\" data-end=\"1537\">Herkunftsort: <\/strong>China (Festland)<\/p>\n<p><strong data-start=\"1561\" data-end=\"1577\">Anwendungsbereiche: <\/strong>Laptop, Notebook, Tablet, Mobiltelefon usw.<\/p>\n<p><strong data-start=\"1629\" data-end=\"1638\">Eingang: <\/strong>Wechselstrom 100\u2013240 V ~ 50\/60 Hz, 0,8 A<\/p>\n<p><strong data-start=\"1673\" data-end=\"1688\">Ausgang (PD): <\/strong>5V\/3A, 9V\/3A, 12V\/2,5A, 15V\/2A, 20V\/1,5A (30W)<\/p>\n<p><strong data-start=\"1742\" data-end=\"1756\">PPS-Ausgabe: <\/strong>3,3\u201311,0 V bei 2,7 A<\/p>\n<p><strong data-start=\"1780\" data-end=\"1800\">Steckdosenstandards: <\/strong>USA, EU, Gro\u00dfbritannien, Japan, Korea<\/p>\n<p><strong data-start=\"1832\" data-end=\"1852\">Verf\u00fcgbare Farben: <\/strong>Schwarz, Wei\u00df<\/p>\n<p><strong data-start=\"1872\" data-end=\"1884\">Material: <\/strong>Langlebiges Polycarbonat (PC)<\/p>\n<p><strong data-start=\"1918\" data-end=\"1928\">Gewicht: <\/strong>51 g<\/p>\n<p><strong data-start=\"1939\" data-end=\"1950\">Verpackung: <\/strong>Einzelhandelsverpackung<\/p>\n<p><strong data-start=\"1974\" data-end=\"1997\">Schutzfunktionen: <\/strong>Kurzschluss, \u00dcberspannung, \u00dcberstrom, \u00dcberlast, R\u00fcckfluss<\/p>\n<p><strong data-start=\"2067\" data-end=\"2087\">Effizienzniveau: <\/strong>VI<\/p>\n<p><strong data-start=\"2097\" data-end=\"2113\">Zertifikate: <\/strong>ETL, CE, FCC, UKCA, PSE, KC, RoHS, REACH<\/p>","protected":false},"featured_media":1387,"comment_status":"open","ping_status":"closed","template":"","meta":{"_acf_changed":false,"site-sidebar-layout":"default","site-content-layout":"","ast-site-content-layout":"default","site-content-style":"default","site-sidebar-style":"default","ast-global-header-display":"","ast-banner-title-visibility":"","ast-main-header-display":"","ast-hfb-above-header-display":"","ast-hfb-below-header-display":"","ast-hfb-mobile-header-display":"","site-post-title":"","ast-breadcrumbs-content":"","ast-featured-img":"","footer-sml-layout":"","ast-disable-related-posts":"","theme-transparent-header-meta":"default","adv-header-id-meta":"","stick-header-meta":"","header-above-stick-meta":"","header-main-stick-meta":"","header-below-stick-meta":"","astra-migrate-meta-layouts":"set","ast-page-background-enabled":"default","ast-page-background-meta":{"desktop":{"background-color":"var(--ast-global-color-5)","background-image":"","background-repeat":"repeat","background-position":"center center","background-size":"auto","background-attachment":"scroll","background-type":"","background-media":"","overlay-type":"","overlay-color":"","overlay-opacity":"","overlay-gradient":""},"tablet":{"background-color":"","background-image":"","background-repeat":"repeat","background-position":"center center","background-size":"auto","background-attachment":"scroll","background-type":"","background-media":"","overlay-type":"","overlay-color":"","overlay-opacity":"","overlay-gradient":""},"mobile":{"background-color":"","background-image":"","background-repeat":"repeat","background-position":"center center","background-size":"auto","background-attachment":"scroll","background-type":"","background-media":"","overlay-type":"","overlay-color":"","overlay-opacity":"","overlay-gradient":""}},"ast-content-background-meta":{"desktop":{"background-color":"var(--ast-global-color-4)","background-image":"","background-repeat":"repeat","background-position":"center center","background-size":"auto","background-attachment":"scroll","background-type":"","background-media":"","overlay-type":"","overlay-color":"","overlay-opacity":"","overlay-gradient":""},"tablet":{"background-color":"var(--ast-global-color-4)","background-image":"","background-repeat":"repeat","background-position":"center center","background-size":"auto","background-attachment":"scroll","background-type":"","background-media":"","overlay-type":"","overlay-color":"","overlay-opacity":"","overlay-gradient":""},"mobile":{"background-color":"var(--ast-global-color-4)","background-image":"","background-repeat":"repeat","background-position":"center center","background-size":"auto","background-attachment":"scroll","background-type":"","background-media":"","overlay-type":"","overlay-color":"","overlay-opacity":"","overlay-gradient":""}}},"product_brand":[],"product_cat":[46,30],"product_tag":[122,180,89],"class_list":{"0":"post-1386","1":"product","2":"type-product","3":"status-publish","4":"has-post-thumbnail","6":"product_cat-30w","7":"product_cat-gan-charger","8":"product_tag-30w-pd-charger","9":"product_tag-pps-charger","10":"product_tag-usb-c-fast-charger","11":"desktop-align-left","12":"tablet-align-left","13":"mobile-align-left","15":"first","16":"instock","17":"shipping-taxable","18":"product-type-simple"},"acf":[],"_links":{"self":[{"href":"https:\/\/szjialu.com\/de\/wp-json\/wp\/v2\/product\/1386","targetHints":{"allow":["GET"]}}],"collection":[{"href":"https:\/\/szjialu.com\/de\/wp-json\/wp\/v2\/product"}],"about":[{"href":"https:\/\/szjialu.com\/de\/wp-json\/wp\/v2\/types\/product"}],"replies":[{"embeddable":true,"href":"https:\/\/szjialu.com\/de\/wp-json\/wp\/v2\/comments?post=1386"}],"wp:featuredmedia":[{"embeddable":true,"href":"https:\/\/szjialu.com\/de\/wp-json\/wp\/v2\/media\/1387"}],"wp:attachment":[{"href":"https:\/\/szjialu.com\/de\/wp-json\/wp\/v2\/media?parent=1386"}],"wp:term":[{"taxonomy":"product_brand","embeddable":true,"href":"https:\/\/szjialu.com\/de\/wp-json\/wp\/v2\/product_brand?post=1386"},{"taxonomy":"product_cat","embeddable":true,"href":"https:\/\/szjialu.com\/de\/wp-json\/wp\/v2\/product_cat?post=1386"},{"taxonomy":"product_tag","embeddable":true,"href":"https:\/\/szjialu.com\/de\/wp-json\/wp\/v2\/product_tag?post=1386"}],"curies":[{"name":"wp","href":"https:\/\/api.w.org\/{rel}","templated":true}]}}