{"id":1377,"date":"2025-12-12T13:47:14","date_gmt":"2025-12-12T13:47:14","guid":{"rendered":"https:\/\/szjialu.com\/?post_type=product&#038;p=1377"},"modified":"2026-02-22T13:56:52","modified_gmt":"2026-02-22T13:56:52","slug":"30w-pd-ladegerat-tr102302cjp","status":"publish","type":"product","link":"https:\/\/szjialu.com\/de\/product\/30w-pd-charger-tr102302cjp\/","title":{"rendered":"30W PD-Ladeger\u00e4t TR102302CJP"},"content":{"rendered":"<h2 data-start=\"883\" data-end=\"923\"><strong data-start=\"885\" data-end=\"923\">30W PD-Ladeger\u00e4t (Modell TR102302CJP) <\/strong><strong data-start=\"928\" data-end=\"948\">Produkt\u00fcbersicht<\/strong><\/h2>\n<p data-start=\"950\" data-end=\"1324\">Der <strong data-start=\"954\" data-end=\"986\">30W PD-Ladeger\u00e4t (TR102302CJP)<\/strong> Dieses fortschrittliche, hocheffiziente Netzteil wurde f\u00fcr das schnelle und zuverl\u00e4ssige Laden einer Vielzahl von Ger\u00e4ten wie Laptops, Tablets, Notebooks und Mobiltelefonen entwickelt. Seine zwei USB-C-Anschl\u00fcsse unterst\u00fctzen das Schnellladeprotokoll Power Delivery (PD) und regeln die Stromzufuhr intelligent mit den angeschlossenen Ger\u00e4ten, um optimale Leistung und Sicherheit zu gew\u00e4hrleisten.<\/p>\n<p data-start=\"1326\" data-end=\"1542\">Dank seiner breiten Spannungskompatibilit\u00e4t und robusten Schutzfunktionen ist dieses PD-Ladeger\u00e4t ideal f\u00fcr Reisen, Zuhause und B\u00fcro. W\u00e4hlen Sie zwischen klassischem Schwarz oder elegantem Wei\u00df, passend zu Ihrem Stil und Ihrer Einrichtung.<\/p>\n<h2 data-start=\"1549\" data-end=\"1570\"><strong data-start=\"1552\" data-end=\"1570\">Spezifikationen<\/strong><\/h2>\n<div class=\"TyagGW_tableContainer\">\n<div class=\"group TyagGW_tableWrapper flex w-fit flex-col-reverse\" tabindex=\"-1\">\n<table class=\"w-fit min-w-(--thread-content-width)\" data-start=\"1572\" data-end=\"2427\">\n<thead data-start=\"1572\" data-end=\"1593\">\n<tr data-start=\"1572\" data-end=\"1593\">\n<th data-start=\"1572\" data-end=\"1582\" data-col-size=\"sm\">Besonderheit<\/th>\n<th data-start=\"1582\" data-end=\"1593\" data-col-size=\"lg\">Details<\/th>\n<\/tr>\n<\/thead>\n<tbody data-start=\"1616\" data-end=\"2427\">\n<tr data-start=\"1616\" data-end=\"1653\">\n<td data-start=\"1616\" data-end=\"1635\" data-col-size=\"sm\"><strong data-start=\"1618\" data-end=\"1634\">Produktname<\/strong><\/td>\n<td data-col-size=\"lg\" data-start=\"1635\" data-end=\"1653\">30-W-PD-Ladeger\u00e4t<\/td>\n<\/tr>\n<tr data-start=\"1654\" data-end=\"1688\">\n<td data-start=\"1654\" data-end=\"1673\" data-col-size=\"sm\"><strong data-start=\"1656\" data-end=\"1672\">Modellnummer<\/strong><\/td>\n<td data-col-size=\"lg\" data-start=\"1673\" data-end=\"1688\">TR102302CJP<\/td>\n<\/tr>\n<tr data-start=\"1689\" data-end=\"1731\">\n<td data-start=\"1689\" data-end=\"1711\" data-col-size=\"sm\"><strong data-start=\"1691\" data-end=\"1710\">Herkunftsort<\/strong><\/td>\n<td data-col-size=\"lg\" data-start=\"1711\" data-end=\"1731\">China (Festland)<\/td>\n<\/tr>\n<tr data-start=\"1732\" data-end=\"1775\">\n<td data-start=\"1732\" data-end=\"1744\" data-col-size=\"sm\"><strong data-start=\"1734\" data-end=\"1743\">Eingang<\/strong><\/td>\n<td data-col-size=\"lg\" data-start=\"1744\" data-end=\"1775\">100\u2013240 V Wechselstrom ~ 50\/60 Hz, 0,8 A<\/td>\n<\/tr>\n<tr data-start=\"1776\" data-end=\"1950\">\n<td data-start=\"1776\" data-end=\"1789\" data-col-size=\"sm\"><strong data-start=\"1778\" data-end=\"1788\">Ausgabe<\/strong><\/td>\n<td data-col-size=\"lg\" data-start=\"1789\" data-end=\"1950\"><strong data-start=\"1791\" data-end=\"1802\">USB-C1:<\/strong> 5V\/3A, 9V\/3A, 12V\/2,5A, 15V\/2A, 20V\/1,5A (30W)<br \/>\n<strong data-start=\"1853\" data-end=\"1864\">USB-C2:<\/strong> 5V\/3A, 9V\/3A, 12V\/2,5A, 15V\/2A, 20V\/1,5A (30W)<br \/>\n<strong data-start=\"1915\" data-end=\"1942\">USB-A + USB-C (gemeinsam genutzt):<\/strong> 5V\/3A<\/td>\n<\/tr>\n<tr data-start=\"1951\" data-end=\"1986\">\n<td data-start=\"1951\" data-end=\"1973\" data-col-size=\"sm\"><strong data-start=\"1953\" data-end=\"1972\">Steckdosenstandard<\/strong><\/td>\n<td data-col-size=\"lg\" data-start=\"1973\" data-end=\"1986\">Japan, USA<\/td>\n<\/tr>\n<tr data-start=\"1987\" data-end=\"2023\">\n<td data-start=\"1987\" data-end=\"2007\" data-col-size=\"sm\"><strong data-start=\"1989\" data-end=\"2006\">Farboptionen<\/strong><\/td>\n<td data-col-size=\"lg\" data-start=\"2007\" data-end=\"2023\">Schwarz, Wei\u00df<\/td>\n<\/tr>\n<tr data-start=\"2024\" data-end=\"2061\">\n<td data-start=\"2024\" data-end=\"2039\" data-col-size=\"sm\"><strong data-start=\"2026\" data-end=\"2038\">Material<\/strong><\/td>\n<td data-col-size=\"lg\" data-start=\"2039\" data-end=\"2061\">PC (Polycarbonat)<\/td>\n<\/tr>\n<tr data-start=\"2062\" data-end=\"2082\">\n<td data-start=\"2062\" data-end=\"2075\" data-col-size=\"sm\"><strong data-start=\"2064\" data-end=\"2074\">Gewicht<\/strong><\/td>\n<td data-col-size=\"lg\" data-start=\"2075\" data-end=\"2082\">50 g<\/td>\n<\/tr>\n<tr data-start=\"2083\" data-end=\"2117\">\n<td data-start=\"2083\" data-end=\"2097\" data-col-size=\"sm\"><strong data-start=\"2085\" data-end=\"2096\">Verpackung<\/strong><\/td>\n<td data-col-size=\"lg\" data-start=\"2097\" data-end=\"2117\">Einzelhandelsverpackung<\/td>\n<\/tr>\n<tr data-start=\"2118\" data-end=\"2221\">\n<td data-start=\"2118\" data-end=\"2144\" data-col-size=\"sm\"><strong data-start=\"2120\" data-end=\"2143\">Schutzfunktionen<\/strong><\/td>\n<td data-col-size=\"lg\" data-start=\"2144\" data-end=\"2221\">Kurzschluss-, \u00dcberspannungs-, \u00dcberstrom-, \u00dcberlast- und R\u00fcckflussschutz<\/td>\n<\/tr>\n<tr data-start=\"2222\" data-end=\"2251\">\n<td data-start=\"2222\" data-end=\"2245\" data-col-size=\"sm\"><strong data-start=\"2224\" data-end=\"2244\">Effizienzniveau<\/strong><\/td>\n<td data-col-size=\"lg\" data-start=\"2245\" data-end=\"2251\">VI<\/td>\n<\/tr>\n<tr data-start=\"2252\" data-end=\"2323\">\n<td data-start=\"2252\" data-end=\"2271\" data-col-size=\"sm\"><strong data-start=\"2254\" data-end=\"2270\">Zertifikate<\/strong><\/td>\n<td data-col-size=\"lg\" data-start=\"2271\" data-end=\"2323\">ETL, CE, FCC, UKCA, PSE, KC, RoHS, REACH, S-MARK<\/td>\n<\/tr>\n<tr data-start=\"2324\" data-end=\"2349\">\n<td data-start=\"2324\" data-end=\"2339\" data-col-size=\"sm\"><strong data-start=\"2326\" data-end=\"2338\">Garantie<\/strong><\/td>\n<td data-col-size=\"lg\" data-start=\"2339\" data-end=\"2349\">1 Jahr<\/td>\n<\/tr>\n<tr data-start=\"2350\" data-end=\"2389\">\n<td data-start=\"2350\" data-end=\"2372\" data-col-size=\"sm\"><strong data-start=\"2352\" data-end=\"2371\">Betriebstemperatur.<\/strong><\/td>\n<td data-col-size=\"lg\" data-start=\"2372\" data-end=\"2389\">-20 \u00b0C bis 55 \u00b0C<\/td>\n<\/tr>\n<tr data-start=\"2390\" data-end=\"2427\">\n<td data-start=\"2390\" data-end=\"2410\" data-col-size=\"sm\"><strong data-start=\"2392\" data-end=\"2409\">Lagertemperatur.<\/strong><\/td>\n<td data-col-size=\"lg\" data-start=\"2410\" data-end=\"2427\">-40 \u00b0C bis 70 \u00b0C<\/td>\n<\/tr>\n<\/tbody>\n<\/table>\n<\/div>\n<\/div>\n<figure id=\"attachment_1378\" aria-describedby=\"caption-attachment-1378\" style=\"width: 656px\" class=\"wp-caption alignnone\"><img fetchpriority=\"high\" decoding=\"async\" class=\"wp-image-1378\" src=\"https:\/\/szjialu.com\/wp-content\/uploads\/2025\/12\/\u4e3b\u56fe-3-9-300x300.jpg\" alt=\"30-W-PD-Ladeger\u00e4t\" width=\"656\" height=\"656\" srcset=\"https:\/\/szjialu.com\/wp-content\/uploads\/2025\/12\/\u4e3b\u56fe-3-9-300x300.jpg 300w, https:\/\/szjialu.com\/wp-content\/uploads\/2025\/12\/\u4e3b\u56fe-3-9-150x150.jpg 150w, https:\/\/szjialu.com\/wp-content\/uploads\/2025\/12\/\u4e3b\u56fe-3-9-768x768.jpg 768w, https:\/\/szjialu.com\/wp-content\/uploads\/2025\/12\/\u4e3b\u56fe-3-9-600x600.jpg 600w, https:\/\/szjialu.com\/wp-content\/uploads\/2025\/12\/\u4e3b\u56fe-3-9-100x100.jpg 100w, https:\/\/szjialu.com\/wp-content\/uploads\/2025\/12\/\u4e3b\u56fe-3-9-64x64.jpg 64w, https:\/\/szjialu.com\/wp-content\/uploads\/2025\/12\/\u4e3b\u56fe-3-9.jpg 800w\" sizes=\"(max-width: 656px) 100vw, 656px\" \/><figcaption id=\"caption-attachment-1378\" class=\"wp-caption-text\">30-W-PD-Ladeger\u00e4t<\/figcaption><\/figure>\n<h2 data-start=\"2434\" data-end=\"2459\"><strong data-start=\"2437\" data-end=\"2459\">Wichtigste Verkaufsargumente<\/strong><\/h2>\n<p data-start=\"2461\" data-end=\"2487\"><strong data-start=\"2467\" data-end=\"2487\">PD-Schnellladung<\/strong><\/p>\n<p data-start=\"2488\" data-end=\"2670\">Dieses Ladeger\u00e4t verf\u00fcgt \u00fcber zwei USB-C-Anschl\u00fcsse mit Power-Delivery-Technologie und liefert bis zu <strong data-start=\"2574\" data-end=\"2590\">30 W pro Port<\/strong>, erm\u00f6glicht effizientes Laden von Handys, Tablets und ausgew\u00e4hlten Laptops mit geringem Stromverbrauch.<\/p>\n<p data-start=\"2672\" data-end=\"2706\"><strong data-start=\"2679\" data-end=\"2706\">Universelle Kompatibilit\u00e4t<\/strong><\/p>\n<p data-start=\"2707\" data-end=\"2866\">Unterst\u00fctzt <strong data-start=\"2716\" data-end=\"2737\">100-240 V Wechselstromeingang<\/strong>, Dadurch eignet es sich f\u00fcr die Verwendung in Japan, den USA und vielen anderen Regionen mit dem passenden Steckeradapter. Ideal f\u00fcr Reisen und den t\u00e4glichen Gebrauch.<\/p>\n<p data-start=\"2868\" data-end=\"2906\"><strong data-start=\"2875\" data-end=\"2906\">Intelligente Dual-Port-Flexibilit\u00e4t<\/strong><\/p>\n<p data-start=\"2907\" data-end=\"3078\">Egal ob Sie zwei Ger\u00e4te gleichzeitig laden oder die Leistung zwischen USB-A- und USB-C-Anschl\u00fcssen aufteilen, das Ladeger\u00e4t optimiert die Ausgangsleistung intelligent, um den Anforderungen der Ger\u00e4te gerecht zu werden.<\/p>\n<p data-start=\"3080\" data-end=\"3123\"><strong data-start=\"3088\" data-end=\"3123\">Umfassender Sicherheitsschutz<\/strong><\/p>\n<p data-start=\"3124\" data-end=\"3280\">Eingebaute Schutzmechanismen sch\u00fctzen vor Kurzschl\u00fcssen, \u00dcberspannung, \u00dcberstrom, \u00dcberlastung und R\u00fcckstrom \u2013 und sch\u00fctzen so sowohl das Ladeger\u00e4t als auch die angeschlossenen Ger\u00e4te.<\/p>\n<p data-start=\"3282\" data-end=\"3314\"><strong data-start=\"3289\" data-end=\"3314\">Zertifiziert und effizient<\/strong><\/p>\n<p data-start=\"3315\" data-end=\"3479\">Erf\u00fcllt internationale Sicherheits- und Effizienzstandards (VI-Effizienz) mit Zertifizierungen wie ETL, CE, FCC und mehr \u2013 und unterst\u00fctzt damit die Einhaltung nationaler und globaler Vorschriften.<\/p>\n<h2 data-start=\"3486\" data-end=\"3505\"><strong data-start=\"3489\" data-end=\"3505\">Anwendungen<\/strong><\/h2>\n<p data-start=\"3507\" data-end=\"3582\">Dieses vielseitige 30-W-PD-Ladeger\u00e4t eignet sich perfekt zum Aufladen einer Vielzahl von Ger\u00e4ten:<\/p>\n<ul data-start=\"3584\" data-end=\"3910\">\n<li data-start=\"3584\" data-end=\"3660\">\n<p data-start=\"3586\" data-end=\"3660\"><strong data-start=\"3589\" data-end=\"3607\">Mobiltelefone:<\/strong> iPhone, Samsung, Pixel und andere USB-C PD-Ger\u00e4te<\/p>\n<\/li>\n<li data-start=\"3661\" data-end=\"3747\">\n<p data-start=\"3663\" data-end=\"3747\"><strong data-start=\"3666\" data-end=\"3690\">Laptops &amp; Notebooks:<\/strong> Ideal f\u00fcr kompakte Laptops und Ultrabooks mit PD-Unterst\u00fctzung<\/p>\n<\/li>\n<li data-start=\"3748\" data-end=\"3822\">\n<p data-start=\"3750\" data-end=\"3822\"><strong data-start=\"3753\" data-end=\"3777\">Tablets &amp; E-Reader:<\/strong> Schnellladen f\u00fcr iPad und Android-Tablets<\/p>\n<\/li>\n<li data-start=\"3823\" data-end=\"3910\">\n<p data-start=\"3825\" data-end=\"3910\"><strong data-start=\"3828\" data-end=\"3844\">Zubeh\u00f6r:<\/strong> Stromversorgung f\u00fcr Bluetooth-Headsets, Spielekonsolen, Powerbanks und mehr<\/p>\n<\/li>\n<\/ul>\n<p data-start=\"3912\" data-end=\"4009\">Ob zu Hause, im B\u00fcro oder auf Reisen \u2013 mit zuverl\u00e4ssiger Ladefunktion, wo immer Sie sind.<\/p>\n<h2 data-start=\"4016\" data-end=\"4070\"><strong data-start=\"4019\" data-end=\"4070\">Warum Jialu Technology w\u00e4hlen?<\/strong><\/h2>\n<p data-start=\"4072\" data-end=\"4872\"><strong data-start=\"4072\" data-end=\"4111\">Shenzhen Jialu Technology Co., Ltd.<\/strong> kombiniert robuste Fertigungskompetenz mit branchenerprobten Qualit\u00e4tssystemen. Mit einem engagierten <strong data-start=\"4208\" data-end=\"4272\">6.000 m\u00b2 gro\u00dfe Produktionsst\u00e4tte und rund 300 erfahrene Mitarbeiter<\/strong>, Jialu integriert moderne Produktionsautomatisierung und strenge Qualit\u00e4tskontrolle, um Produktzuverl\u00e4ssigkeit und niedrige Ausfallraten zu gew\u00e4hrleisten. Das Unternehmen verf\u00fcgt \u00fcber wichtige Zertifizierungen, darunter <strong data-start=\"4450\" data-end=\"4549\">ISO 9001 (Qualit\u00e4tsmanagement), ISO 14001 (Umweltmanagement) und BSCI (soziale Compliance)<\/strong> \u2014 und demonstriert damit sein Engagement f\u00fcr internationale Fertigungsstandards. Die Produkte von Jialu werden exportiert nach <strong data-start=\"4656\" data-end=\"4678\">\u00fcber 100 L\u00e4nder<\/strong> mit einer monatlichen Produktionsmenge von Hunderttausenden von Einheiten, unterst\u00fctzt durch <strong data-start=\"4749\" data-end=\"4774\">Kundenservice rund um die Uhr<\/strong> und flexible OEM\/ODM-L\u00f6sungen, die auf globale Partner zugeschnitten sind.<\/p>\n<h2 data-start=\"4879\" data-end=\"4897\"><strong data-start=\"4882\" data-end=\"4897\">Produkt-FAQ<\/strong><\/h2>\n<p data-start=\"4899\" data-end=\"5138\"><strong data-start=\"4899\" data-end=\"4950\">Frage 1: Kann ich dieses Ladeger\u00e4t sicher mit meinem Ger\u00e4t verwenden?<\/strong><br data-start=\"4950\" data-end=\"4953\" \/>Ja \u2013 das Ladeger\u00e4t verf\u00fcgt \u00fcber mehrere Schutzmechanismen (\u00dcberstrom, \u00dcberspannung usw.) und besitzt weitreichende Sicherheitszertifizierungen, wodurch ein sicherer Betrieb mit kompatiblen Ger\u00e4ten gew\u00e4hrleistet ist.<\/p>\n<p data-start=\"5140\" data-end=\"5347\"><strong data-start=\"5140\" data-end=\"5190\">Frage 2: Kann ich zwei Ger\u00e4te gleichzeitig aufladen?<\/strong><br data-start=\"5190\" data-end=\"5193\" \/>Ja \u2013 Sie k\u00f6nnen beide USB-C-Anschl\u00fcsse gleichzeitig nutzen. Der gemeinsame USB-A- und USB-C-Ausgang passt sich intelligent an, um eine optimale Stromverteilung zu gew\u00e4hrleisten.<\/p>\n<p data-start=\"5349\" data-end=\"5540\"><strong data-start=\"5349\" data-end=\"5387\">Frage 3: Funktioniert das mit meinem Laptop?<\/strong><br data-start=\"5387\" data-end=\"5390\" \/>Es unterst\u00fctzt PD-Laden bis zu 30 W. Dies ist f\u00fcr viele Tablets und kompakte Laptops geeignet, einige gr\u00f6\u00dfere Laptops ben\u00f6tigen jedoch m\u00f6glicherweise Ladeger\u00e4te mit h\u00f6herer Wattzahl.<\/p>\n<p data-start=\"5542\" data-end=\"5726\"><strong data-start=\"5542\" data-end=\"5582\">Frage 4: Was bedeuten die Zertifizierungen?<\/strong><br data-start=\"5582\" data-end=\"5585\" \/>Zertifizierungen wie CE, FCC, ETL und andere best\u00e4tigen, dass das Produkt die internationalen Sicherheits- und Leistungsstandards f\u00fcr globale M\u00e4rkte erf\u00fcllt.<\/p>\n<p data-start=\"5728\" data-end=\"5834\"><strong data-start=\"5728\" data-end=\"5761\">Frage 5: Wie lange ist die Garantiezeit?<\/strong><br data-start=\"5761\" data-end=\"5764\" \/>Dieses Produkt beinhaltet ein <strong data-start=\"5788\" data-end=\"5807\">1 Jahr Garantie<\/strong> ab Kaufdatum.<\/p>","protected":false},"excerpt":{"rendered":"<p><strong data-start=\"1618\" data-end=\"1634\">Produktname: <\/strong>30-W-PD-Ladeger\u00e4t<\/p>\n<p><strong data-start=\"1656\" data-end=\"1672\">Modellnummer: <\/strong>TR102302CJP<\/p>\n<p><strong data-start=\"1691\" data-end=\"1710\">Herkunftsort: <\/strong>China (Festland)<\/p>\n<p><strong data-start=\"1734\" data-end=\"1743\">Eingang: <\/strong>100\u2013240 V Wechselstrom ~ 50\/60 Hz, 0,8 A<\/p>\n<p><strong data-start=\"1778\" data-end=\"1788\">Ausgabe<\/strong><strong data-start=\"1791\" data-end=\"1802\">USB-C1:<\/strong> 5V\/3A, 9V\/3A, 12V\/2,5A, 15V\/2A, 20V\/1,5A (30W)<br \/>\n<strong data-start=\"1853\" data-end=\"1864\">USB-C2:<\/strong> 5V\/3A, 9V\/3A, 12V\/2,5A, 15V\/2A, 20V\/1,5A (30W)<br \/>\n<strong data-start=\"1915\" data-end=\"1942\">USB-A + USB-C (gemeinsam genutzt):<\/strong> 5V\/3A<\/p>\n<p><strong data-start=\"1953\" data-end=\"1972\">Steckdosenstandard: <\/strong>Japan, USA<\/p>\n<p><strong data-start=\"1989\" data-end=\"2006\">Farboptionen: <\/strong>Schwarz, Wei\u00df<\/p>\n<p><strong data-start=\"2026\" data-end=\"2038\">Material: <\/strong>PC (Polycarbonat)<\/p>\n<p><strong data-start=\"2064\" data-end=\"2074\">Gewicht: <\/strong>50 g<\/p>\n<p><strong data-start=\"2085\" data-end=\"2096\">Verpackung: <\/strong>Einzelhandelsverpackung<\/p>\n<p><strong data-start=\"2120\" data-end=\"2143\">Schutzfunktionen: <\/strong>Kurzschluss-, \u00dcberspannungs-, \u00dcberstrom-, \u00dcberlast- und R\u00fcckflussschutz<\/p>\n<p><strong data-start=\"2224\" data-end=\"2244\">Effizienzniveau: <\/strong>VI<\/p>\n<p><strong data-start=\"2254\" data-end=\"2270\">Zertifikate: <\/strong>ETL, CE, FCC, UKCA, PSE, KC, RoHS, REACH, S-MARK<\/p>","protected":false},"featured_media":1378,"comment_status":"open","ping_status":"closed","template":"","meta":{"_acf_changed":false,"site-sidebar-layout":"default","site-content-layout":"","ast-site-content-layout":"default","site-content-style":"default","site-sidebar-style":"default","ast-global-header-display":"","ast-banner-title-visibility":"","ast-main-header-display":"","ast-hfb-above-header-display":"","ast-hfb-below-header-display":"","ast-hfb-mobile-header-display":"","site-post-title":"","ast-breadcrumbs-content":"","ast-featured-img":"","footer-sml-layout":"","ast-disable-related-posts":"","theme-transparent-header-meta":"default","adv-header-id-meta":"","stick-header-meta":"","header-above-stick-meta":"","header-main-stick-meta":"","header-below-stick-meta":"","astra-migrate-meta-layouts":"set","ast-page-background-enabled":"default","ast-page-background-meta":{"desktop":{"background-color":"var(--ast-global-color-5)","background-image":"","background-repeat":"repeat","background-position":"center center","background-size":"auto","background-attachment":"scroll","background-type":"","background-media":"","overlay-type":"","overlay-color":"","overlay-opacity":"","overlay-gradient":""},"tablet":{"background-color":"","background-image":"","background-repeat":"repeat","background-position":"center center","background-size":"auto","background-attachment":"scroll","background-type":"","background-media":"","overlay-type":"","overlay-color":"","overlay-opacity":"","overlay-gradient":""},"mobile":{"background-color":"","background-image":"","background-repeat":"repeat","background-position":"center center","background-size":"auto","background-attachment":"scroll","background-type":"","background-media":"","overlay-type":"","overlay-color":"","overlay-opacity":"","overlay-gradient":""}},"ast-content-background-meta":{"desktop":{"background-color":"var(--ast-global-color-4)","background-image":"","background-repeat":"repeat","background-position":"center center","background-size":"auto","background-attachment":"scroll","background-type":"","background-media":"","overlay-type":"","overlay-color":"","overlay-opacity":"","overlay-gradient":""},"tablet":{"background-color":"var(--ast-global-color-4)","background-image":"","background-repeat":"repeat","background-position":"center center","background-size":"auto","background-attachment":"scroll","background-type":"","background-media":"","overlay-type":"","overlay-color":"","overlay-opacity":"","overlay-gradient":""},"mobile":{"background-color":"var(--ast-global-color-4)","background-image":"","background-repeat":"repeat","background-position":"center center","background-size":"auto","background-attachment":"scroll","background-type":"","background-media":"","overlay-type":"","overlay-color":"","overlay-opacity":"","overlay-gradient":""}}},"product_brand":[],"product_cat":[46,30],"product_tag":[122,177,89],"class_list":{"0":"post-1377","1":"product","2":"type-product","3":"status-publish","4":"has-post-thumbnail","6":"product_cat-30w","7":"product_cat-gan-charger","8":"product_tag-30w-pd-charger","9":"product_tag-dual-port-pd-charger","10":"product_tag-usb-c-fast-charger","11":"desktop-align-left","12":"tablet-align-left","13":"mobile-align-left","15":"first","16":"instock","17":"shipping-taxable","18":"product-type-simple"},"acf":[],"_links":{"self":[{"href":"https:\/\/szjialu.com\/de\/wp-json\/wp\/v2\/product\/1377","targetHints":{"allow":["GET"]}}],"collection":[{"href":"https:\/\/szjialu.com\/de\/wp-json\/wp\/v2\/product"}],"about":[{"href":"https:\/\/szjialu.com\/de\/wp-json\/wp\/v2\/types\/product"}],"replies":[{"embeddable":true,"href":"https:\/\/szjialu.com\/de\/wp-json\/wp\/v2\/comments?post=1377"}],"wp:featuredmedia":[{"embeddable":true,"href":"https:\/\/szjialu.com\/de\/wp-json\/wp\/v2\/media\/1378"}],"wp:attachment":[{"href":"https:\/\/szjialu.com\/de\/wp-json\/wp\/v2\/media?parent=1377"}],"wp:term":[{"taxonomy":"product_brand","embeddable":true,"href":"https:\/\/szjialu.com\/de\/wp-json\/wp\/v2\/product_brand?post=1377"},{"taxonomy":"product_cat","embeddable":true,"href":"https:\/\/szjialu.com\/de\/wp-json\/wp\/v2\/product_cat?post=1377"},{"taxonomy":"product_tag","embeddable":true,"href":"https:\/\/szjialu.com\/de\/wp-json\/wp\/v2\/product_tag?post=1377"}],"curies":[{"name":"wp","href":"https:\/\/api.w.org\/{rel}","templated":true}]}}