{"id":1372,"date":"2025-12-10T13:23:05","date_gmt":"2025-12-10T13:23:05","guid":{"rendered":"https:\/\/szjialu.com\/?post_type=product&#038;p=1372"},"modified":"2026-04-07T03:46:41","modified_gmt":"2026-04-07T03:46:41","slug":"45-w-pd-ladegerat-tr1072cus2","status":"publish","type":"product","link":"https:\/\/szjialu.com\/de\/product\/45w-pd-charger-tr1072cus2\/","title":{"rendered":"45W PD-Ladeger\u00e4t TR1072CUS2"},"content":{"rendered":"<h2 data-start=\"1067\" data-end=\"1091\"><strong data-start=\"1069\" data-end=\"1089\">Produkt\u00fcbersicht<\/strong><\/h2>\n<p data-start=\"1092\" data-end=\"1383\">Der <strong data-start=\"1096\" data-end=\"1125\">TR1072CUS2 <a href=\"https:\/\/szjialu.com\/de\/nachricht\/ultraflache-gan-pd-ladegerate-20-w-65-w\/\">45-W-PD-Ladeger\u00e4t<\/a><\/strong> ist ein leistungsstarkes Dual-USB-C-Schnellladeger\u00e4t, das f\u00fcr moderne Smart-Ger\u00e4te wie Laptops, Tablets, Notebooks und Mobiltelefone entwickelt wurde. Jeder USB-C-Anschluss unterst\u00fctzt bis zu <strong data-start=\"1296\" data-end=\"1306\">45W PD<\/strong>, bietet schnelles, stabiles und effizientes Laden f\u00fcr Elektronikger\u00e4te mit hohem Ladebedarf.<\/p>\n<p data-start=\"1385\" data-end=\"1695\">Werden beide Anschl\u00fcsse gleichzeitig genutzt, verteilt das Ladeger\u00e4t die Leistung intelligent entsprechend den Ger\u00e4teanforderungen und gew\u00e4hrleistet so ein sicheres und effektives Laden mehrerer Ger\u00e4te. <strong data-start=\"1555\" data-end=\"1581\">leichtes 90-g-Design<\/strong>, Dank des robusten PC-Geh\u00e4uses und der breiten Spannungskompatibilit\u00e4t (100\u2013240 V AC) eignet es sich ideal f\u00fcr den Einsatz zu Hause, im B\u00fcro und auf Reisen.<\/p>\n<p data-start=\"1697\" data-end=\"1906\">Mit robusten Sicherheitsvorkehrungen, hoher Effizienz (Stufe VI) und internationalen Zertifizierungen, darunter <strong data-start=\"1800\" data-end=\"1848\">ETL, CE, FCC, PSE, UKCA, KC, RoHS und REACH<\/strong>, Der TR1072CUS2 wurde entwickelt, um globale Marktstandards zu erf\u00fcllen.<\/p>\n<h2 data-start=\"1913\" data-end=\"1933\"><strong data-start=\"1915\" data-end=\"1933\">Spezifikationen<\/strong><\/h2>\n<div class=\"TyagGW_tableContainer\">\n<div class=\"group TyagGW_tableWrapper flex w-fit flex-col-reverse\" tabindex=\"-1\">\n<table class=\"w-fit min-w-(--thread-content-width)\" data-start=\"1935\" data-end=\"2859\">\n<thead data-start=\"1935\" data-end=\"1961\">\n<tr data-start=\"1935\" data-end=\"1961\">\n<th data-start=\"1935\" data-end=\"1946\" data-col-size=\"sm\"><strong data-start=\"1937\" data-end=\"1945\">Artikel<\/strong><\/th>\n<th data-start=\"1946\" data-end=\"1961\" data-col-size=\"md\"><strong data-start=\"1948\" data-end=\"1959\">Details<\/strong><\/th>\n<\/tr>\n<\/thead>\n<tbody data-start=\"1988\" data-end=\"2859\">\n<tr data-start=\"1988\" data-end=\"2025\">\n<td data-start=\"1988\" data-end=\"2007\" data-col-size=\"sm\"><strong data-start=\"1990\" data-end=\"2006\">Produktname<\/strong><\/td>\n<td data-col-size=\"md\" data-start=\"2007\" data-end=\"2025\">45-W-PD-Ladeger\u00e4t<\/td>\n<\/tr>\n<tr data-start=\"2026\" data-end=\"2052\">\n<td data-start=\"2026\" data-end=\"2038\" data-col-size=\"sm\"><strong data-start=\"2028\" data-end=\"2037\">Modell<\/strong><\/td>\n<td data-start=\"2038\" data-end=\"2052\" data-col-size=\"md\">TR1072CUS2<\/td>\n<\/tr>\n<tr data-start=\"2053\" data-end=\"2086\">\n<td data-start=\"2053\" data-end=\"2066\" data-col-size=\"sm\"><strong data-start=\"2055\" data-end=\"2065\">Herkunft<\/strong><\/td>\n<td data-start=\"2066\" data-end=\"2086\" data-col-size=\"md\">China (Festland)<\/td>\n<\/tr>\n<tr data-start=\"2087\" data-end=\"2173\">\n<td data-start=\"2087\" data-end=\"2106\" data-col-size=\"sm\"><strong data-start=\"2089\" data-end=\"2105\">Anwendungen<\/strong><\/td>\n<td data-start=\"2106\" data-end=\"2173\" data-col-size=\"md\">Laptop, Notebook, Tablet, Mobiltelefon und andere USB-C-Ger\u00e4te<\/td>\n<\/tr>\n<tr data-start=\"2174\" data-end=\"2213\">\n<td data-start=\"2174\" data-end=\"2186\" data-col-size=\"sm\"><strong data-start=\"2176\" data-end=\"2185\">Eingang<\/strong><\/td>\n<td data-col-size=\"md\" data-start=\"2186\" data-end=\"2213\">100\u2013240 V, 50\/60 Hz, 1,5 A<\/td>\n<\/tr>\n<tr data-start=\"2214\" data-end=\"2287\">\n<td data-start=\"2214\" data-end=\"2234\" data-col-size=\"sm\"><strong data-start=\"2216\" data-end=\"2233\">USB-C1-Ausgang<\/strong><\/td>\n<td data-col-size=\"md\" data-start=\"2234\" data-end=\"2287\">5V\/3A, 9V\/3A, 12V\/3A, 15V\/3A, 20V\/2,25A (45W Max)<\/td>\n<\/tr>\n<tr data-start=\"2288\" data-end=\"2361\">\n<td data-start=\"2288\" data-end=\"2308\" data-col-size=\"sm\"><strong data-start=\"2290\" data-end=\"2307\">USB-C2-Ausgang<\/strong><\/td>\n<td data-col-size=\"md\" data-start=\"2308\" data-end=\"2361\">5V\/3A, 9V\/3A, 12V\/3A, 15V\/3A, 20V\/2,25A (45W Max)<\/td>\n<\/tr>\n<tr data-start=\"2362\" data-end=\"2442\">\n<td data-start=\"2362\" data-end=\"2385\" data-col-size=\"sm\"><strong data-start=\"2364\" data-end=\"2384\">Dual-Port-Ausgang<\/strong><\/td>\n<td data-col-size=\"md\" data-start=\"2385\" data-end=\"2442\">USB-C1 + USB-C2: 30 W + 12 W (intelligente Verteilung)<\/td>\n<\/tr>\n<tr data-start=\"2443\" data-end=\"2480\">\n<td data-start=\"2443\" data-end=\"2463\" data-col-size=\"sm\"><strong data-start=\"2445\" data-end=\"2462\">Farboptionen<\/strong><\/td>\n<td data-col-size=\"md\" data-start=\"2463\" data-end=\"2480\">Schwarz\/Wei\u00df<\/td>\n<\/tr>\n<tr data-start=\"2481\" data-end=\"2502\">\n<td data-start=\"2481\" data-end=\"2496\" data-col-size=\"sm\"><strong data-start=\"2483\" data-end=\"2495\">Material<\/strong><\/td>\n<td data-start=\"2496\" data-end=\"2502\" data-col-size=\"md\">PC<\/td>\n<\/tr>\n<tr data-start=\"2503\" data-end=\"2523\">\n<td data-start=\"2503\" data-end=\"2516\" data-col-size=\"sm\"><strong data-start=\"2505\" data-end=\"2515\">Gewicht<\/strong><\/td>\n<td data-col-size=\"md\" data-start=\"2516\" data-end=\"2523\">90 g<\/td>\n<\/tr>\n<tr data-start=\"2524\" data-end=\"2553\">\n<td data-start=\"2524\" data-end=\"2547\" data-col-size=\"sm\"><strong data-start=\"2526\" data-end=\"2546\">Effizienzniveau<\/strong><\/td>\n<td data-col-size=\"md\" data-start=\"2547\" data-end=\"2553\">VI<\/td>\n<\/tr>\n<tr data-start=\"2554\" data-end=\"2644\">\n<td data-start=\"2554\" data-end=\"2579\" data-col-size=\"sm\"><strong data-start=\"2556\" data-end=\"2578\">Sicherheitsvorkehrungen<\/strong><\/td>\n<td data-col-size=\"md\" data-start=\"2579\" data-end=\"2644\">Kurzschluss, \u00dcberspannung, \u00dcberstrom, \u00dcberlastung, R\u00fcckfluss<\/td>\n<\/tr>\n<tr data-start=\"2645\" data-end=\"2710\">\n<td data-start=\"2645\" data-end=\"2666\" data-col-size=\"sm\"><strong data-start=\"2647\" data-end=\"2665\">Zertifizierungen<\/strong><\/td>\n<td data-col-size=\"md\" data-start=\"2666\" data-end=\"2710\">ETL, CE, FCC, PSE, UKCA, KC, RoHS, REACH<\/td>\n<\/tr>\n<tr data-start=\"2711\" data-end=\"2736\">\n<td data-start=\"2711\" data-end=\"2726\" data-col-size=\"sm\"><strong data-start=\"2713\" data-end=\"2725\">Garantie<\/strong><\/td>\n<td data-col-size=\"md\" data-start=\"2726\" data-end=\"2736\">1 Jahr<\/td>\n<\/tr>\n<tr data-start=\"2737\" data-end=\"2771\">\n<td data-start=\"2737\" data-end=\"2753\" data-col-size=\"sm\"><strong data-start=\"2739\" data-end=\"2752\">Verpackung<\/strong><\/td>\n<td data-col-size=\"md\" data-start=\"2753\" data-end=\"2771\">Einzelhandelsverpackung<\/td>\n<\/tr>\n<tr data-start=\"2772\" data-end=\"2816\">\n<td data-start=\"2772\" data-end=\"2800\" data-col-size=\"sm\"><strong data-start=\"2774\" data-end=\"2799\">Betriebstemperatur<\/strong><\/td>\n<td data-col-size=\"md\" data-start=\"2800\" data-end=\"2816\">\u201320 \u00b0C ~ 55 \u00b0C<\/td>\n<\/tr>\n<tr data-start=\"2817\" data-end=\"2859\">\n<td data-start=\"2817\" data-end=\"2843\" data-col-size=\"sm\"><strong data-start=\"2819\" data-end=\"2842\">Lagertemperatur<\/strong><\/td>\n<td data-col-size=\"md\" data-start=\"2843\" data-end=\"2859\">\u201340 \u00b0C ~ 70 \u00b0C<\/td>\n<\/tr>\n<\/tbody>\n<\/table>\n<\/div>\n<\/div>\n<figure id=\"attachment_1373\" aria-describedby=\"caption-attachment-1373\" style=\"width: 300px\" class=\"wp-caption alignnone\"><img fetchpriority=\"high\" decoding=\"async\" class=\"size-medium wp-image-1373\" src=\"https:\/\/szjialu.com\/wp-content\/uploads\/2025\/12\/\u4e3b\u56fe-1-14-300x300.jpg\" alt=\"45-W-PD-Ladeger\u00e4t\" width=\"300\" height=\"300\" srcset=\"https:\/\/szjialu.com\/wp-content\/uploads\/2025\/12\/\u4e3b\u56fe-1-14-300x300.jpg 300w, https:\/\/szjialu.com\/wp-content\/uploads\/2025\/12\/\u4e3b\u56fe-1-14-150x150.jpg 150w, https:\/\/szjialu.com\/wp-content\/uploads\/2025\/12\/\u4e3b\u56fe-1-14-768x768.jpg 768w, https:\/\/szjialu.com\/wp-content\/uploads\/2025\/12\/\u4e3b\u56fe-1-14-600x600.jpg 600w, https:\/\/szjialu.com\/wp-content\/uploads\/2025\/12\/\u4e3b\u56fe-1-14-100x100.jpg 100w, https:\/\/szjialu.com\/wp-content\/uploads\/2025\/12\/\u4e3b\u56fe-1-14-64x64.jpg 64w, https:\/\/szjialu.com\/wp-content\/uploads\/2025\/12\/\u4e3b\u56fe-1-14.jpg 800w\" sizes=\"(max-width: 300px) 100vw, 300px\" \/><figcaption id=\"caption-attachment-1373\" class=\"wp-caption-text\">45-W-PD-Ladeger\u00e4t<\/figcaption><\/figure>\n<h2 data-start=\"2866\" data-end=\"2886\"><strong data-start=\"2868\" data-end=\"2886\">Verkaufsargumente<\/strong><\/h2>\n<p data-start=\"2888\" data-end=\"2928\"><strong data-start=\"2892\" data-end=\"2926\">Duales USB-C 45W Schnellladen<\/strong><\/p>\n<p data-start=\"2929\" data-end=\"3039\">Beide USB-C-Anschl\u00fcsse unterst\u00fctzen <strong data-start=\"2954\" data-end=\"2969\">volle 45 W PD<\/strong>, Sie liefern hohe Leistung f\u00fcr Laptops und erm\u00f6glichen schnelles Aufladen f\u00fcr Smartphones.<\/p>\n<p data-start=\"3041\" data-end=\"3074\"><strong data-start=\"3045\" data-end=\"3072\">Laden mehrerer Ger\u00e4te<\/strong><\/p>\n<p data-start=\"3075\" data-end=\"3187\">Laden Sie zwei Ger\u00e4te gleichzeitig mit optimierter Stromverteilung \u2013 ideal f\u00fcr Benutzer mit mehreren USB-C-Ger\u00e4ten.<\/p>\n<p data-start=\"3189\" data-end=\"3224\"><strong data-start=\"3193\" data-end=\"3222\">Universelle Kompatibilit\u00e4t<\/strong><\/p>\n<p data-start=\"3225\" data-end=\"3362\">Funktioniert mit Laptops, Tablets, Handys und Zubeh\u00f6r von Marken wie Apple, Samsung, Huawei, Xiaomi, Lenovo, Dell, HP, Google und anderen.<\/p>\n<p data-start=\"3364\" data-end=\"3398\"><strong data-start=\"3368\" data-end=\"3396\">Globale Spannungsunterst\u00fctzung<\/strong><\/p>\n<p data-start=\"3399\" data-end=\"3471\">Dank des 100\u2013240V-Eingangs ist dies ein hervorragendes Reiseladeger\u00e4t f\u00fcr den weltweiten Einsatz.<\/p>\n<p data-start=\"3473\" data-end=\"3500\"><strong data-start=\"3477\" data-end=\"3498\">Sicher und zuverl\u00e4ssig<\/strong><\/p>\n<p data-start=\"3501\" data-end=\"3608\">Ausgestattet mit umfassenden Schutzmechanismen: Kurzschluss-, \u00dcberspannungs-, \u00dcberstrom-, \u00dcberlast- und R\u00fcckstromschutz.<\/p>\n<p data-start=\"3610\" data-end=\"3646\"><strong data-start=\"3614\" data-end=\"3644\">Weltweite Zertifizierungen<\/strong><\/p>\n<p data-start=\"3647\" data-end=\"3777\">Zertifiziert durch <strong data-start=\"3660\" data-end=\"3704\">ETL, CE, FCC, PSE, UKCA, KC, RoHS, REACH<\/strong>\u2014ideal f\u00fcr globale Einzelhandels-, Vertriebs- und Compliance-sensitive M\u00e4rkte.<\/p>\n<p data-start=\"3779\" data-end=\"3810\"><strong data-start=\"3783\" data-end=\"3808\">Effizient und langlebig<\/strong><\/p>\n<p data-start=\"3811\" data-end=\"3922\">Gefertigt mit Effizienzlevel VI und aus hochwertigem PC-Material, um eine stabile Leistung und lange Lebensdauer des Produkts zu gew\u00e4hrleisten.<\/p>\n<h2 data-start=\"3929\" data-end=\"3949\"><strong data-start=\"3931\" data-end=\"3947\">Anwendungen<\/strong><\/h2>\n<p data-start=\"3950\" data-end=\"3981\">Der TR1072CUS2 ist geeignet f\u00fcr:<\/p>\n<ul data-start=\"3983\" data-end=\"4250\">\n<li data-start=\"3983\" data-end=\"4017\">\n<p data-start=\"3985\" data-end=\"4017\"><strong data-start=\"3985\" data-end=\"4015\">USB-C-Laptops und Ultrabooks<\/strong><\/p>\n<\/li>\n<li data-start=\"4018\" data-end=\"4059\">\n<p data-start=\"4020\" data-end=\"4059\"><strong data-start=\"4020\" data-end=\"4057\">Tablets \/ iPads \/ Android-Tablets<\/strong><\/p>\n<\/li>\n<li data-start=\"4060\" data-end=\"4133\">\n<p data-start=\"4062\" data-end=\"4133\"><strong data-start=\"4062\" data-end=\"4131\">Smartphones (iPhone, Samsung, Huawei, Xiaomi, Google Pixel usw.)<\/strong><\/p>\n<\/li>\n<li data-start=\"4134\" data-end=\"4172\">\n<p data-start=\"4136\" data-end=\"4172\"><strong data-start=\"4136\" data-end=\"4170\">Kabellose Ohrh\u00f6rer &amp; Zubeh\u00f6r<\/strong><\/p>\n<\/li>\n<li data-start=\"4173\" data-end=\"4203\">\n<p data-start=\"4175\" data-end=\"4203\"><strong data-start=\"4175\" data-end=\"4201\">Tragbare Spielkonsolen<\/strong><\/p>\n<\/li>\n<li data-start=\"4204\" data-end=\"4250\">\n<p data-start=\"4206\" data-end=\"4250\"><strong data-start=\"4206\" data-end=\"4250\">Ladem\u00f6glichkeiten f\u00fcr das Arbeiten von zu Hause oder unterwegs<\/strong><\/p>\n<\/li>\n<\/ul>\n<p data-start=\"4252\" data-end=\"4336\">Dank des Dual-Port-Designs ist Flexibilit\u00e4t f\u00fcr Berufst\u00e4tige, Studenten und Reisende gew\u00e4hrleistet.<\/p>\n<h2 data-start=\"4343\" data-end=\"4387\"><strong data-start=\"4345\" data-end=\"4385\">Warum Jialu w\u00e4hlen \u2013 Unternehmensvorteil<\/strong><\/h2>\n<p data-start=\"4388\" data-end=\"4635\">Basierend auf Informationen von <strong data-start=\"4414\" data-end=\"4429\">szjialu.com<\/strong>, einer der herausragenden Vorteile von <strong data-start=\"4465\" data-end=\"4504\">Shenzhen Jialu Technology Co., Ltd.<\/strong> ist es <strong data-start=\"4512\" data-end=\"4574\">strenge Qualit\u00e4tskontrolle und ISO-zertifiziertes Produktionssystem<\/strong>, Dadurch wird eine gleichbleibende und hohe Zuverl\u00e4ssigkeit der Produktausgaben gew\u00e4hrleistet.<\/p>\n<h3 data-start=\"4637\" data-end=\"4708\"><strong data-start=\"4641\" data-end=\"4708\">Jialu-Vorteil: ISO-zertifizierte Qualit\u00e4t + fortschrittliche Fertigung<\/strong><\/h3>\n<ul data-start=\"4710\" data-end=\"5464\">\n<li data-start=\"4710\" data-end=\"4847\">\n<p data-start=\"4712\" data-end=\"4847\">Jialu betreibt eine moderne Produktionsst\u00e4tte mit <strong data-start=\"4764\" data-end=\"4844\">Automatisierte Produktionslinien, strenge Alterungstests und professionelle Forschungs- und Entwicklungsteams<\/strong>.<\/p>\n<\/li>\n<li data-start=\"4848\" data-end=\"5035\">\n<p data-start=\"4850\" data-end=\"5035\">Das Unternehmen ist zertifiziert nach <strong data-start=\"4881\" data-end=\"4913\">ISO 9001 (Qualit\u00e4tsmanagement)<\/strong> Und <strong data-start=\"4918\" data-end=\"4957\">ISO 14001 (Umweltmanagement)<\/strong>, was eine stabile Qualit\u00e4tskontrolle und nachhaltige Produktionspraktiken belegt.<\/p>\n<\/li>\n<li data-start=\"5036\" data-end=\"5236\">\n<p data-start=\"5038\" data-end=\"5236\">Mit jahrelanger Erfahrung im Bereich Netzteile und Ladeger\u00e4te bietet Jialu <strong data-start=\"5109\" data-end=\"5134\">OEM\/ODM-Anpassung<\/strong>, einschlie\u00dflich Formgebung, Schaltungsdesign, Markenbildung, Verpackung und marktspezifischer Zertifizierungsunterst\u00fctzung.<\/p>\n<\/li>\n<li data-start=\"5237\" data-end=\"5464\">\n<p data-start=\"5239\" data-end=\"5464\">Ihre Produkte werden weltweit vertrieben und entsprechen den geltenden Normen. <strong data-start=\"5296\" data-end=\"5369\">Globale Standards wie CE, FCC, ETL, PSE, UKCA, KC, RoHS und REACH<\/strong>, Dadurch sind sie ein vertrauensw\u00fcrdiger Lieferant f\u00fcr internationale E-Commerce-Unternehmen, Einzelhandelsmarken und Distributoren.<\/p>\n<\/li>\n<\/ul>\n<p data-start=\"5466\" data-end=\"5573\">Dieses Bekenntnis zu Qualit\u00e4t und globaler Konformit\u00e4t gew\u00e4hrleistet zuverl\u00e4ssige Produkte und langfristigen Partnerschaftswert.<\/p>\n<h2 data-start=\"5580\" data-end=\"5597\"><strong data-start=\"5582\" data-end=\"5597\">Produkt-FAQ<\/strong><\/h2>\n<p data-start=\"5599\" data-end=\"5663\"><strong data-start=\"5603\" data-end=\"5661\">Frage 1: K\u00f6nnen beide USB-C-Anschl\u00fcsse gleichzeitig 45 W liefern?<\/strong><\/p>\n<p data-start=\"5664\" data-end=\"5800\">Jeder Anschluss unterst\u00fctzt einzeln 45 W, aber bei gleichzeitiger Verwendung mehrerer Anschl\u00fcsse steuert das Ladeger\u00e4t die Ausgangsverteilung intelligent je nach Bedarf des Ger\u00e4ts.<\/p>\n<p data-start=\"5807\" data-end=\"5859\"><strong data-start=\"5811\" data-end=\"5857\">Frage 2: Ist dieses Ladeger\u00e4t mit meinem Laptop kompatibel?<\/strong><\/p>\n<p data-start=\"5860\" data-end=\"5999\">Ja \u2013 alle Laptops, die USB-C PD-Laden mit bis zu 45 W unterst\u00fctzen, sind kompatibel, darunter viele Modelle von Apple, Lenovo, Dell, HP, Asus und anderen Herstellern.<\/p>\n<p data-start=\"6006\" data-end=\"6060\"><strong data-start=\"6010\" data-end=\"6058\">Frage 3: Ist dieses Ladeger\u00e4t f\u00fcr den Dauerbetrieb geeignet?<\/strong><\/p>\n<p data-start=\"6061\" data-end=\"6199\">Ja. Es beinhaltet mehrere Schutzmechanismen (\u00dcberspannung, \u00dcberstrom, \u00dcberlastung, Kurzschluss, R\u00fcckfluss), um einen stabilen und sicheren Betrieb zu gew\u00e4hrleisten.<\/p>\n<p data-start=\"6206\" data-end=\"6258\"><strong data-start=\"6210\" data-end=\"6256\">Frage 4: Ist es auch f\u00fcr internationale Reisen geeignet?<\/strong><\/p>\n<p data-start=\"6259\" data-end=\"6344\">Absolut. Dank des 100\u2013240-V-Wechselstromeingangs funktioniert es mit dem passenden Steckeradapter weltweit.<\/p>\n<p data-start=\"6351\" data-end=\"6392\"><strong data-start=\"6355\" data-end=\"6390\">Frage 5: Welche Ger\u00e4te werden unterst\u00fctzt?<\/strong><\/p>\n<p data-start=\"6393\" data-end=\"6525\">Laptops, Tablets, Smartphones, Spielekonsolen, Powerbanks, Ohrh\u00f6rer und alle USB-C-f\u00e4higen Ger\u00e4te innerhalb des unterst\u00fctzten Leistungsbereichs.<\/p>\n<p data-start=\"6532\" data-end=\"6589\"><strong data-start=\"6536\" data-end=\"6587\">Frage 6: \u00dcber welche Zertifizierungen verf\u00fcgt das Ladeger\u00e4t?<\/strong><\/p>\n<p data-start=\"6590\" data-end=\"6699\">Es ist zertifiziert mit <strong data-start=\"6611\" data-end=\"6659\">ETL, CE, FCC, PSE, UKCA, KC, RoHS und REACH<\/strong>, wodurch es f\u00fcr globale M\u00e4rkte geeignet ist.<\/p>","protected":false},"excerpt":{"rendered":"<p><strong data-start=\"1990\" data-end=\"2006\">Produktname: <\/strong>45-W-PD-Ladeger\u00e4t<\/p>\n<p><strong data-start=\"2028\" data-end=\"2037\">Modell: <\/strong>TR1072CUS2<\/p>\n<p><strong data-start=\"2055\" data-end=\"2065\">Herkunft: <\/strong>China (Festland)<\/p>\n<p><strong data-start=\"2089\" data-end=\"2105\">Anwendungsbereiche: <\/strong>Laptop, Notebook, Tablet, Mobiltelefon und andere USB-C-Ger\u00e4te<\/p>\n<p><strong data-start=\"2176\" data-end=\"2185\">Eingang: <\/strong>100\u2013240 V, 50\/60 Hz, 1,5 A<\/p>\n<p><strong data-start=\"2216\" data-end=\"2233\">USB-C1-Ausgang: <\/strong>5V\/3A, 9V\/3A, 12V\/3A, 15V\/3A, 20V\/2,25A (45W Max)<\/p>\n<p><strong data-start=\"2290\" data-end=\"2307\">USB-C2-Ausgang: <\/strong>5V\/3A, 9V\/3A, 12V\/3A, 15V\/3A, 20V\/2,25A (45W Max)<\/p>\n<p><strong data-start=\"2364\" data-end=\"2384\">Dual-Port-Ausgang: <\/strong>USB-C1 + USB-C2: 30 W + 12 W (intelligente Verteilung)<\/p>\n<p><strong data-start=\"2445\" data-end=\"2462\">Farboptionen: <\/strong>Schwarz\/Wei\u00df<\/p>\n<p><strong data-start=\"2483\" data-end=\"2495\">Material: <\/strong>PC<\/p>\n<p><strong data-start=\"2505\" data-end=\"2515\">Gewicht: <\/strong>90 g<\/p>\n<p><strong data-start=\"2526\" data-end=\"2546\">Effizienzniveau: <\/strong>VI<\/p>\n<p><strong data-start=\"2556\" data-end=\"2578\">Sicherheitsvorkehrungen: <\/strong>Kurzschluss, \u00dcberspannung, \u00dcberstrom, \u00dcberlastung, R\u00fcckfluss<\/p>\n<p><strong data-start=\"2647\" data-end=\"2665\">Zertifizierungen: <\/strong>ETL, CE, FCC, PSE, UKCA, KC, RoHS, REACH<\/p>","protected":false},"featured_media":1373,"comment_status":"open","ping_status":"closed","template":"","meta":{"_acf_changed":false,"site-sidebar-layout":"default","site-content-layout":"","ast-site-content-layout":"default","site-content-style":"default","site-sidebar-style":"default","ast-global-header-display":"","ast-banner-title-visibility":"","ast-main-header-display":"","ast-hfb-above-header-display":"","ast-hfb-below-header-display":"","ast-hfb-mobile-header-display":"","site-post-title":"","ast-breadcrumbs-content":"","ast-featured-img":"","footer-sml-layout":"","ast-disable-related-posts":"","theme-transparent-header-meta":"default","adv-header-id-meta":"","stick-header-meta":"","header-above-stick-meta":"","header-main-stick-meta":"","header-below-stick-meta":"","astra-migrate-meta-layouts":"set","ast-page-background-enabled":"default","ast-page-background-meta":{"desktop":{"background-color":"var(--ast-global-color-5)","background-image":"","background-repeat":"repeat","background-position":"center center","background-size":"auto","background-attachment":"scroll","background-type":"","background-media":"","overlay-type":"","overlay-color":"","overlay-opacity":"","overlay-gradient":""},"tablet":{"background-color":"","background-image":"","background-repeat":"repeat","background-position":"center center","background-size":"auto","background-attachment":"scroll","background-type":"","background-media":"","overlay-type":"","overlay-color":"","overlay-opacity":"","overlay-gradient":""},"mobile":{"background-color":"","background-image":"","background-repeat":"repeat","background-position":"center center","background-size":"auto","background-attachment":"scroll","background-type":"","background-media":"","overlay-type":"","overlay-color":"","overlay-opacity":"","overlay-gradient":""}},"ast-content-background-meta":{"desktop":{"background-color":"var(--ast-global-color-4)","background-image":"","background-repeat":"repeat","background-position":"center center","background-size":"auto","background-attachment":"scroll","background-type":"","background-media":"","overlay-type":"","overlay-color":"","overlay-opacity":"","overlay-gradient":""},"tablet":{"background-color":"var(--ast-global-color-4)","background-image":"","background-repeat":"repeat","background-position":"center center","background-size":"auto","background-attachment":"scroll","background-type":"","background-media":"","overlay-type":"","overlay-color":"","overlay-opacity":"","overlay-gradient":""},"mobile":{"background-color":"var(--ast-global-color-4)","background-image":"","background-repeat":"repeat","background-position":"center center","background-size":"auto","background-attachment":"scroll","background-type":"","background-media":"","overlay-type":"","overlay-color":"","overlay-opacity":"","overlay-gradient":""}}},"product_brand":[],"product_cat":[47,30],"product_tag":[88,91,149,176],"class_list":{"0":"post-1372","1":"product","2":"type-product","3":"status-publish","4":"has-post-thumbnail","6":"product_cat-45w","7":"product_cat-gan-charger","8":"product_tag-45w-pd-charger","9":"product_tag-dual-usb-c-charger","10":"product_tag-fast-charging-adapter","11":"product_tag-gan-charger-alternative","12":"desktop-align-left","13":"tablet-align-left","14":"mobile-align-left","16":"first","17":"instock","18":"shipping-taxable","19":"product-type-simple"},"acf":[],"_links":{"self":[{"href":"https:\/\/szjialu.com\/de\/wp-json\/wp\/v2\/product\/1372","targetHints":{"allow":["GET"]}}],"collection":[{"href":"https:\/\/szjialu.com\/de\/wp-json\/wp\/v2\/product"}],"about":[{"href":"https:\/\/szjialu.com\/de\/wp-json\/wp\/v2\/types\/product"}],"replies":[{"embeddable":true,"href":"https:\/\/szjialu.com\/de\/wp-json\/wp\/v2\/comments?post=1372"}],"wp:featuredmedia":[{"embeddable":true,"href":"https:\/\/szjialu.com\/de\/wp-json\/wp\/v2\/media\/1373"}],"wp:attachment":[{"href":"https:\/\/szjialu.com\/de\/wp-json\/wp\/v2\/media?parent=1372"}],"wp:term":[{"taxonomy":"product_brand","embeddable":true,"href":"https:\/\/szjialu.com\/de\/wp-json\/wp\/v2\/product_brand?post=1372"},{"taxonomy":"product_cat","embeddable":true,"href":"https:\/\/szjialu.com\/de\/wp-json\/wp\/v2\/product_cat?post=1372"},{"taxonomy":"product_tag","embeddable":true,"href":"https:\/\/szjialu.com\/de\/wp-json\/wp\/v2\/product_tag?post=1372"}],"curies":[{"name":"wp","href":"https:\/\/api.w.org\/{rel}","templated":true}]}}