{"id":1366,"date":"2025-12-10T13:06:22","date_gmt":"2025-12-10T13:06:22","guid":{"rendered":"https:\/\/szjialu.com\/?post_type=product&#038;p=1366"},"modified":"2026-02-22T13:55:22","modified_gmt":"2026-02-22T13:55:22","slug":"45w-pd-ladegerat-tr1071cjp","status":"publish","type":"product","link":"https:\/\/szjialu.com\/de\/product\/45w-pd-charger-tr1071cjp\/","title":{"rendered":"45W PD-Ladeger\u00e4t TR1071CJP"},"content":{"rendered":"<h2 data-start=\"959\" data-end=\"983\"><strong data-start=\"961\" data-end=\"981\">Produkt\u00fcbersicht<\/strong><\/h2>\n<p data-start=\"984\" data-end=\"1356\">Der <strong data-start=\"988\" data-end=\"1016\">TR1071CJP 45W PD-Ladeger\u00e4t<\/strong> ist ein leistungsstarker USB-C-Schnellladeadapter, der f\u00fcr den universellen Einsatz mit Laptops, Notebooks, Tablets und Mobiltelefonen entwickelt wurde. Ausgestattet mit fortschrittlicher Technologie <strong data-start=\"1172\" data-end=\"1195\">Stromversorgung (PD)<\/strong> Und <strong data-start=\"1200\" data-end=\"1207\">PPS<\/strong> Dank seiner Protokolle erm\u00f6glicht es ein pr\u00e4zises und effizientes Laden moderner Elektronikger\u00e4te \u2013 einschlie\u00dflich Flaggschiff-Smartphones, die eine dynamische Spannungsanpassung erfordern.<\/p>\n<p data-start=\"1358\" data-end=\"1684\">Leicht (nur 79 g) und aus robustem Polycarbonat gefertigt, bietet es weltweite Spannungskompatibilit\u00e4t f\u00fcr Reisen, hohe Energieeffizienz (Level VI) und mehrschichtigen Schutz f\u00fcr sicheres Laden in jeder Umgebung. Zertifiziert mit <strong data-start=\"1586\" data-end=\"1607\">PSE, ETL und FCC<\/strong>, Der TR1071CJP erf\u00fcllt die globalen Konformit\u00e4tsstandards f\u00fcr Zuverl\u00e4ssigkeit und Sicherheit.<\/p>\n<p data-start=\"1686\" data-end=\"1820\">Dieses Ladeger\u00e4t ist eine hochwertige, kompakte und reisefreundliche Ladel\u00f6sung f\u00fcr den pers\u00f6nlichen Gebrauch, den Einzelhandel und die OEM\/ODM-Anpassung.<\/p>\n<h2 data-start=\"1827\" data-end=\"1847\"><strong data-start=\"1829\" data-end=\"1847\">Spezifikationen<\/strong><\/h2>\n<div class=\"TyagGW_tableContainer\">\n<div class=\"group TyagGW_tableWrapper flex w-fit flex-col-reverse\" tabindex=\"-1\">\n<table class=\"w-fit min-w-(--thread-content-width)\" data-start=\"1849\" data-end=\"2596\">\n<thead data-start=\"1849\" data-end=\"1875\">\n<tr data-start=\"1849\" data-end=\"1875\">\n<th data-start=\"1849\" data-end=\"1860\" data-col-size=\"sm\"><strong data-start=\"1851\" data-end=\"1859\">Artikel<\/strong><\/th>\n<th data-start=\"1860\" data-end=\"1875\" data-col-size=\"md\"><strong data-start=\"1862\" data-end=\"1873\">Details<\/strong><\/th>\n<\/tr>\n<\/thead>\n<tbody data-start=\"1902\" data-end=\"2596\">\n<tr data-start=\"1902\" data-end=\"1939\">\n<td data-start=\"1902\" data-end=\"1921\" data-col-size=\"sm\"><strong data-start=\"1904\" data-end=\"1920\">Produktname<\/strong><\/td>\n<td data-col-size=\"md\" data-start=\"1921\" data-end=\"1939\">45-W-PD-Ladeger\u00e4t<\/td>\n<\/tr>\n<tr data-start=\"1940\" data-end=\"1972\">\n<td data-start=\"1940\" data-end=\"1959\" data-col-size=\"sm\"><strong data-start=\"1942\" data-end=\"1958\">Modellnummer<\/strong><\/td>\n<td data-col-size=\"md\" data-start=\"1959\" data-end=\"1972\">TR1071CJP<\/td>\n<\/tr>\n<tr data-start=\"1973\" data-end=\"2015\">\n<td data-start=\"1973\" data-end=\"1995\" data-col-size=\"sm\"><strong data-start=\"1975\" data-end=\"1994\">Herkunftsort<\/strong><\/td>\n<td data-col-size=\"md\" data-start=\"1995\" data-end=\"2015\">China (Festland)<\/td>\n<\/tr>\n<tr data-start=\"2016\" data-end=\"2055\">\n<td data-start=\"2016\" data-end=\"2028\" data-col-size=\"sm\"><strong data-start=\"2018\" data-end=\"2027\">Eingang<\/strong><\/td>\n<td data-col-size=\"md\" data-start=\"2028\" data-end=\"2055\">100\u2013240 V, 50\/60 Hz, 1,5 A<\/td>\n<\/tr>\n<tr data-start=\"2056\" data-end=\"2133\">\n<td data-start=\"2056\" data-end=\"2080\" data-col-size=\"sm\"><strong data-start=\"2058\" data-end=\"2079\">Ausgang (USB-C PD)<\/strong><\/td>\n<td data-col-size=\"md\" data-start=\"2080\" data-end=\"2133\">5V\/3A, 9V\/3A, 12V\/3A, 15V\/3A, 20V\/2,25A (45W Max)<\/td>\n<\/tr>\n<tr data-start=\"2134\" data-end=\"2188\">\n<td data-start=\"2134\" data-end=\"2153\" data-col-size=\"sm\"><strong data-start=\"2136\" data-end=\"2152\">Ausgang (PPS)<\/strong><\/td>\n<td data-col-size=\"md\" data-start=\"2153\" data-end=\"2188\">3,3\u201311 V \/ 4,05 A; 3,3\u201316 V \/ 2,8 A<\/td>\n<\/tr>\n<tr data-start=\"2189\" data-end=\"2226\">\n<td data-start=\"2189\" data-end=\"2209\" data-col-size=\"sm\"><strong data-start=\"2191\" data-end=\"2208\">Farboptionen<\/strong><\/td>\n<td data-col-size=\"md\" data-start=\"2209\" data-end=\"2226\">Schwarz\/Wei\u00df<\/td>\n<\/tr>\n<tr data-start=\"2227\" data-end=\"2264\">\n<td data-start=\"2227\" data-end=\"2242\" data-col-size=\"sm\"><strong data-start=\"2229\" data-end=\"2241\">Material<\/strong><\/td>\n<td data-col-size=\"md\" data-start=\"2242\" data-end=\"2264\">PC (Polycarbonat)<\/td>\n<\/tr>\n<tr data-start=\"2265\" data-end=\"2285\">\n<td data-start=\"2265\" data-end=\"2278\" data-col-size=\"sm\"><strong data-start=\"2267\" data-end=\"2277\">Gewicht<\/strong><\/td>\n<td data-col-size=\"md\" data-start=\"2278\" data-end=\"2285\">79 g<\/td>\n<\/tr>\n<tr data-start=\"2286\" data-end=\"2315\">\n<td data-start=\"2286\" data-end=\"2303\" data-col-size=\"sm\"><strong data-start=\"2288\" data-end=\"2302\">Effizienz<\/strong><\/td>\n<td data-col-size=\"md\" data-start=\"2303\" data-end=\"2315\">Stufe VI<\/td>\n<\/tr>\n<tr data-start=\"2316\" data-end=\"2410\">\n<td data-start=\"2316\" data-end=\"2334\" data-col-size=\"sm\"><strong data-start=\"2318\" data-end=\"2333\">Schutzma\u00dfnahmen<\/strong><\/td>\n<td data-col-size=\"md\" data-start=\"2334\" data-end=\"2410\">Kurzschluss-, \u00dcberspannungs-, \u00dcberstrom-, \u00dcberlast- und R\u00fcckflussschutz<\/td>\n<\/tr>\n<tr data-start=\"2411\" data-end=\"2447\">\n<td data-start=\"2411\" data-end=\"2430\" data-col-size=\"sm\"><strong data-start=\"2413\" data-end=\"2429\">Zertifikate<\/strong><\/td>\n<td data-col-size=\"md\" data-start=\"2430\" data-end=\"2447\">PSE, ETL, FCC<\/td>\n<\/tr>\n<tr data-start=\"2448\" data-end=\"2473\">\n<td data-start=\"2448\" data-end=\"2463\" data-col-size=\"sm\"><strong data-start=\"2450\" data-end=\"2462\">Garantie<\/strong><\/td>\n<td data-col-size=\"md\" data-start=\"2463\" data-end=\"2473\">1 Jahr<\/td>\n<\/tr>\n<tr data-start=\"2474\" data-end=\"2508\">\n<td data-start=\"2474\" data-end=\"2490\" data-col-size=\"sm\"><strong data-start=\"2476\" data-end=\"2489\">Verpackung<\/strong><\/td>\n<td data-col-size=\"md\" data-start=\"2490\" data-end=\"2508\">Einzelhandelsverpackung<\/td>\n<\/tr>\n<tr data-start=\"2509\" data-end=\"2553\">\n<td data-start=\"2509\" data-end=\"2537\" data-col-size=\"sm\"><strong data-start=\"2511\" data-end=\"2536\">Betriebstemperatur<\/strong><\/td>\n<td data-col-size=\"md\" data-start=\"2537\" data-end=\"2553\">-20 \u00b0C bis 55 \u00b0C<\/td>\n<\/tr>\n<tr data-start=\"2554\" data-end=\"2596\">\n<td data-start=\"2554\" data-end=\"2580\" data-col-size=\"sm\"><strong data-start=\"2556\" data-end=\"2579\">Lagertemperatur<\/strong><\/td>\n<td data-col-size=\"md\" data-start=\"2580\" data-end=\"2596\">-40 \u00b0C bis 70 \u00b0C<\/td>\n<\/tr>\n<\/tbody>\n<\/table>\n<\/div>\n<\/div>\n<figure id=\"attachment_1367\" aria-describedby=\"caption-attachment-1367\" style=\"width: 633px\" class=\"wp-caption alignnone\"><img fetchpriority=\"high\" decoding=\"async\" class=\"wp-image-1367\" src=\"https:\/\/szjialu.com\/wp-content\/uploads\/2025\/12\/\u4e3b\u56fe-1-13-300x300.jpg\" alt=\"45-W-PD-Ladeger\u00e4t\" width=\"633\" height=\"633\" srcset=\"https:\/\/szjialu.com\/wp-content\/uploads\/2025\/12\/\u4e3b\u56fe-1-13-300x300.jpg 300w, https:\/\/szjialu.com\/wp-content\/uploads\/2025\/12\/\u4e3b\u56fe-1-13-150x150.jpg 150w, https:\/\/szjialu.com\/wp-content\/uploads\/2025\/12\/\u4e3b\u56fe-1-13-768x768.jpg 768w, https:\/\/szjialu.com\/wp-content\/uploads\/2025\/12\/\u4e3b\u56fe-1-13-600x600.jpg 600w, https:\/\/szjialu.com\/wp-content\/uploads\/2025\/12\/\u4e3b\u56fe-1-13-100x100.jpg 100w, https:\/\/szjialu.com\/wp-content\/uploads\/2025\/12\/\u4e3b\u56fe-1-13-64x64.jpg 64w, https:\/\/szjialu.com\/wp-content\/uploads\/2025\/12\/\u4e3b\u56fe-1-13.jpg 800w\" sizes=\"(max-width: 633px) 100vw, 633px\" \/><figcaption id=\"caption-attachment-1367\" class=\"wp-caption-text\">45-W-PD-Ladeger\u00e4t<\/figcaption><\/figure>\n<h2 data-start=\"2603\" data-end=\"2623\"><strong data-start=\"2605\" data-end=\"2623\">Verkaufsargumente<\/strong><\/h2>\n<p data-start=\"2625\" data-end=\"2668\"><strong data-start=\"2629\" data-end=\"2668\">Erweiterte 45-W-Stromversorgung + PPS<\/strong><\/p>\n<p data-start=\"2669\" data-end=\"2801\">Unterst\u00fctzt PD und PPS und erm\u00f6glicht so eine intelligente Spannungsanpassung \u2013 ideal f\u00fcr Samsung Super Fast Charging und andere PPS-kompatible Ger\u00e4te.<\/p>\n<p data-start=\"2803\" data-end=\"2857\"><strong data-start=\"2807\" data-end=\"2857\">Universelles Schnellladen f\u00fcr Laptops und Handys<\/strong><\/p>\n<p data-start=\"2858\" data-end=\"2940\">Die 45-Watt-Ausgangsleistung unterst\u00fctzt viele USB-C-Laptops, iPads, Tablets und alle g\u00e4ngigen Smartphones.<\/p>\n<p data-start=\"2942\" data-end=\"2978\"><strong data-start=\"2946\" data-end=\"2978\">Leicht und reisefertig<\/strong><\/p>\n<p data-start=\"2979\" data-end=\"3056\">Nur 79 g leicht und kompakt \u2013 perfekt f\u00fcr Reisen, Arbeit und den t\u00e4glichen Gebrauch.<\/p>\n<p data-start=\"3058\" data-end=\"3091\"><strong data-start=\"3062\" data-end=\"3091\">Energieeffizientes Design<\/strong><\/p>\n<p data-start=\"3092\" data-end=\"3172\">Entspricht den <strong data-start=\"3106\" data-end=\"3129\">Effizienzstufe VI<\/strong>, wodurch Energieverluste und W\u00e4rmeerzeugung reduziert werden.<\/p>\n<p data-start=\"3174\" data-end=\"3206\"><strong data-start=\"3178\" data-end=\"3206\">Vollst\u00e4ndiger Sicherheitsschutz<\/strong><\/p>\n<p data-start=\"3207\" data-end=\"3296\">Eingebaute Mechanismen sch\u00fctzen vor \u00dcberspannung, Kurzschl\u00fcssen, \u00dcberlastung und R\u00fcckstrom.<\/p>\n<p data-start=\"3298\" data-end=\"3336\"><strong data-start=\"3302\" data-end=\"3336\">Globale Spannungskompatibilit\u00e4t<\/strong><\/p>\n<p data-start=\"3337\" data-end=\"3408\">Unterst\u00fctzt Eingangsspannungen von 100\u2013240 V f\u00fcr weltweite Reisen und internationale M\u00e4rkte.<\/p>\n<p data-start=\"3410\" data-end=\"3448\"><strong data-start=\"3414\" data-end=\"3448\">F\u00fcr globale M\u00e4rkte zertifiziert<\/strong><\/p>\n<p data-start=\"3449\" data-end=\"3529\">PSE-, ETL- und FCC-Zertifizierungen gew\u00e4hrleisten die Einhaltung strenger Sicherheitsstandards.<\/p>\n<h2 data-start=\"3536\" data-end=\"3554\"><strong data-start=\"3538\" data-end=\"3554\">Anwendungen<\/strong><\/h2>\n<p data-start=\"3556\" data-end=\"3586\">Der TR1071CJP eignet sich f\u00fcr:<\/p>\n<ul data-start=\"3588\" data-end=\"3956\">\n<li data-start=\"3588\" data-end=\"3639\">\n<p data-start=\"3590\" data-end=\"3639\"><strong data-start=\"3590\" data-end=\"3614\">Laptops &amp; Ultrabooks<\/strong> mit USB-C PD-Ladefunktion<\/p>\n<\/li>\n<li data-start=\"3640\" data-end=\"3687\">\n<p data-start=\"3642\" data-end=\"3687\"><strong data-start=\"3642\" data-end=\"3661\">Tablets &amp; iPads<\/strong> Schnellladung erforderlich<\/p>\n<\/li>\n<li data-start=\"3688\" data-end=\"3754\">\n<p data-start=\"3690\" data-end=\"3754\"><strong data-start=\"3690\" data-end=\"3705\">Smartphones<\/strong> (Apple, Samsung, Huawei, Xiaomi, Google usw.)<\/p>\n<\/li>\n<li data-start=\"3755\" data-end=\"3801\">\n<p data-start=\"3757\" data-end=\"3801\"><strong data-start=\"3757\" data-end=\"3775\">Gaming-Ger\u00e4te<\/strong> wie zum Beispiel Nintendo Switch<\/p>\n<\/li>\n<li data-start=\"3802\" data-end=\"3887\">\n<p data-start=\"3804\" data-end=\"3887\"><strong data-start=\"3804\" data-end=\"3838\">Tragbare Ger\u00e4te und Zubeh\u00f6r<\/strong> wie zum Beispiel Ohrh\u00f6rer, Powerbanks und Mini-Gadgets<\/p>\n<\/li>\n<li data-start=\"3888\" data-end=\"3956\">\n<p data-start=\"3890\" data-end=\"3956\"><strong data-start=\"3890\" data-end=\"3914\">Zuhause, B\u00fcro, unterwegs<\/strong>, und Umgebungen zum Laden mehrerer Ger\u00e4te<\/p>\n<\/li>\n<\/ul>\n<p data-start=\"3958\" data-end=\"4043\">Seine vielseitigen Ausg\u00e4nge gew\u00e4hrleisten Kompatibilit\u00e4t mit einer breiten Palette moderner Elektronikger\u00e4te.<\/p>\n<h2 data-start=\"4050\" data-end=\"4092\"><strong data-start=\"4052\" data-end=\"4092\">Warum Jialu w\u00e4hlen \u2013 Unternehmensvorteil<\/strong><\/h2>\n<p data-start=\"4094\" data-end=\"4301\">Laut Informationen von <strong data-start=\"4124\" data-end=\"4139\">szjialu.com<\/strong>, eine der gr\u00f6\u00dften St\u00e4rken von <strong data-start=\"4171\" data-end=\"4210\">Shenzhen Jialu Technology Co., Ltd.<\/strong> ist es <strong data-start=\"4218\" data-end=\"4300\">Professionelle OEM\/ODM-Produktionskapazit\u00e4ten, unterst\u00fctzt durch zertifizierte Qualit\u00e4tssysteme<\/strong>.<\/p>\n<h3 data-start=\"4303\" data-end=\"4395\"><strong data-start=\"4307\" data-end=\"4395\">Jialus wichtigster Vorteil: Starke, ISO-zertifizierte Fertigungs- und Anpassungskapazit\u00e4ten<\/strong><\/h3>\n<ul data-start=\"4397\" data-end=\"5157\">\n<li data-start=\"4397\" data-end=\"4555\">\n<p data-start=\"4399\" data-end=\"4555\">Jialu betreibt eine moderne, gro\u00df angelegte Produktionsanlage, die ausgestattet ist mit <strong data-start=\"4470\" data-end=\"4497\">automatisierte Testlinien<\/strong>, alternde Maschinen und Pr\u00e4zisionsfertigungsanlagen.<\/p>\n<\/li>\n<li data-start=\"4556\" data-end=\"4742\">\n<p data-start=\"4558\" data-end=\"4742\">Das Unternehmen ist zertifiziert mit <strong data-start=\"4588\" data-end=\"4620\">ISO 9001 (Qualit\u00e4tsmanagement)<\/strong> Und <strong data-start=\"4625\" data-end=\"4664\">ISO 14001 (Umweltmanagement)<\/strong>, um eine gleichbleibende, zuverl\u00e4ssige und umweltvertr\u00e4gliche Produktion zu gew\u00e4hrleisten.<\/p>\n<\/li>\n<li data-start=\"4743\" data-end=\"4961\">\n<p data-start=\"4745\" data-end=\"4961\">Mit einem erfahrenen Ingenieurteam und etablierten Entwicklungsprozessen bietet Jialu ein umfassendes Leistungsspektrum. <strong data-start=\"4845\" data-end=\"4864\">OEM\/ODM-Unterst\u00fctzung<\/strong>, Dadurch werden kundenspezifische Designs, Private Labeling und ma\u00dfgeschneiderte Ladel\u00f6sungen f\u00fcr globale Marken erm\u00f6glicht.<\/p>\n<\/li>\n<li data-start=\"4962\" data-end=\"5157\">\n<p data-start=\"4964\" data-end=\"5157\">Ihre Produkte werden in zahlreiche L\u00e4nder exportiert und erf\u00fcllen internationale Zertifizierungen (PSE, FCC, ETL, CE usw.), was sie zu einem vertrauensw\u00fcrdigen Lieferanten auf dem globalen Markt f\u00fcr Ladeger\u00e4te und Netzadapter macht.<\/p>\n<\/li>\n<\/ul>\n<p data-start=\"5159\" data-end=\"5350\">Diese Kombination aus <strong data-start=\"5179\" data-end=\"5257\">Qualit\u00e4tssicherung, flexible Anpassungsm\u00f6glichkeiten und internationale Konformit\u00e4t<\/strong> Das macht Jialu zu einem idealen Fertigungspartner f\u00fcr Distributoren, Marken und E-Commerce-H\u00e4ndler.<\/p>\n<h2 data-start=\"5357\" data-end=\"5374\"><strong data-start=\"5359\" data-end=\"5374\">Produkt-FAQ<\/strong><\/h2>\n<p data-start=\"5376\" data-end=\"5551\"><strong data-start=\"5376\" data-end=\"5437\">Frage 1: Unterst\u00fctzt der TR1071CJP Schnellladen f\u00fcr Laptops?<\/strong><br data-start=\"5437\" data-end=\"5440\" \/>Ja. Mit einer PD-Ausgangsleistung von bis zu 45 W unterst\u00fctzt es viele USB-C-Laptops wie Ultrabooks, Chromebooks und MacBook Air.<\/p>\n<p data-start=\"5558\" data-end=\"5774\"><strong data-start=\"5558\" data-end=\"5603\">Frage 2: Was ist PPS und warum ist es wichtig?<\/strong><br data-start=\"5603\" data-end=\"5606\" \/>PPS (Programmable Power Supply) erm\u00f6glicht es dem Ladeger\u00e4t, die Spannung in Echtzeit anzupassen.<br data-start=\"5688\" data-end=\"5691\" \/>F\u00fcr Ger\u00e4te wie die Samsung Galaxy S-Serie ist die \u201cSuperschnellladefunktion\u201d unerl\u00e4sslich.\u201d<\/p>\n<p data-start=\"5781\" data-end=\"5929\"><strong data-start=\"5781\" data-end=\"5830\">Frage 3: Kann dieses Ladeger\u00e4t international verwendet werden?<\/strong><br data-start=\"5830\" data-end=\"5833\" \/>Absolut. Dank des 100\u2013240-V-Eingangs ist das Ladeger\u00e4t mit dem entsprechenden Steckeradapter weltweit einsetzbar.<\/p>\n<p data-start=\"5936\" data-end=\"6113\"><strong data-start=\"5936\" data-end=\"5988\">Frage 4: Kann das Ladeger\u00e4t bedenkenlos \u00fcber l\u00e4ngere Zeitr\u00e4ume verwendet werden?<\/strong><br data-start=\"5988\" data-end=\"5991\" \/>Ja. Es umfasst mehrere Schutzebenen: \u00dcberstrom-, \u00dcberspannungs-, \u00dcberlast-, R\u00fcckstrom- und Kurzschlussschutz.<\/p>\n<p data-start=\"6120\" data-end=\"6274\"><strong data-start=\"6120\" data-end=\"6174\">Frage 5: Welche Ger\u00e4te sind mit diesem Ladeger\u00e4t kompatibel?<\/strong><br data-start=\"6174\" data-end=\"6177\" \/>Laptops, Tablets, Handys, Spielekonsolen, Powerbanks und alle USB-C-Ger\u00e4te mit einer Leistungsaufnahme von bis zu 45 W.<\/p>\n<p data-start=\"6281\" data-end=\"6383\"><strong data-start=\"6281\" data-end=\"6326\">Frage 6: Ist das Ladeger\u00e4t durch eine Garantie abgedeckt?<\/strong><br data-start=\"6326\" data-end=\"6329\" \/>Ja. Es wird mit einem geliefert <strong data-start=\"6350\" data-end=\"6382\">1 Jahr Herstellergarantie<\/strong>.<\/p>","protected":false},"excerpt":{"rendered":"<p><strong data-start=\"1904\" data-end=\"1920\">Produktname: <\/strong>45-W-PD-Ladeger\u00e4t<\/p>\n<p><strong data-start=\"1942\" data-end=\"1958\">Modellnummer: <\/strong>TR1071CJP<\/p>\n<p><strong data-start=\"1975\" data-end=\"1994\">Herkunftsort: <\/strong>China (Festland)<\/p>\n<p><strong data-start=\"2018\" data-end=\"2027\">Eingang: <\/strong>100\u2013240 V, 50\/60 Hz, 1,5 A<\/p>\n<p><strong data-start=\"2058\" data-end=\"2079\">Ausgang (USB-C PD): <\/strong>5V\/3A, 9V\/3A, 12V\/3A, 15V\/3A, 20V\/2,25A (45W Max)<\/p>\n<p><strong data-start=\"2136\" data-end=\"2152\">Ausgabe (PPS): <\/strong>3,3\u201311 V \/ 4,05 A; 3,3\u201316 V \/ 2,8 A<\/p>\n<p><strong data-start=\"2191\" data-end=\"2208\">Farboptionen: <\/strong>Schwarz\/Wei\u00df<\/p>\n<p><strong data-start=\"2229\" data-end=\"2241\">Material: <\/strong>PC (Polycarbonat)<\/p>\n<p><strong data-start=\"2267\" data-end=\"2277\">Gewicht: <\/strong>79 g<\/p>\n<p><strong data-start=\"2288\" data-end=\"2302\">Effizienz: <\/strong>Stufe VI<\/p>\n<p><strong data-start=\"2318\" data-end=\"2333\">Schutzma\u00dfnahmen: <\/strong>Kurzschluss-, \u00dcberspannungs-, \u00dcberstrom-, \u00dcberlast- und R\u00fcckflussschutz<\/p>\n<p><strong data-start=\"2413\" data-end=\"2429\">Zertifikate: <\/strong>PSE, ETL, FCC<\/p>","protected":false},"featured_media":1367,"comment_status":"open","ping_status":"closed","template":"","meta":{"_acf_changed":false,"site-sidebar-layout":"default","site-content-layout":"","ast-site-content-layout":"default","site-content-style":"default","site-sidebar-style":"default","ast-global-header-display":"","ast-banner-title-visibility":"","ast-main-header-display":"","ast-hfb-above-header-display":"","ast-hfb-below-header-display":"","ast-hfb-mobile-header-display":"","site-post-title":"","ast-breadcrumbs-content":"","ast-featured-img":"","footer-sml-layout":"","ast-disable-related-posts":"","theme-transparent-header-meta":"default","adv-header-id-meta":"","stick-header-meta":"","header-above-stick-meta":"","header-main-stick-meta":"","header-below-stick-meta":"","astra-migrate-meta-layouts":"set","ast-page-background-enabled":"default","ast-page-background-meta":{"desktop":{"background-color":"var(--ast-global-color-5)","background-image":"","background-repeat":"repeat","background-position":"center center","background-size":"auto","background-attachment":"scroll","background-type":"","background-media":"","overlay-type":"","overlay-color":"","overlay-opacity":"","overlay-gradient":""},"tablet":{"background-color":"","background-image":"","background-repeat":"repeat","background-position":"center center","background-size":"auto","background-attachment":"scroll","background-type":"","background-media":"","overlay-type":"","overlay-color":"","overlay-opacity":"","overlay-gradient":""},"mobile":{"background-color":"","background-image":"","background-repeat":"repeat","background-position":"center center","background-size":"auto","background-attachment":"scroll","background-type":"","background-media":"","overlay-type":"","overlay-color":"","overlay-opacity":"","overlay-gradient":""}},"ast-content-background-meta":{"desktop":{"background-color":"var(--ast-global-color-4)","background-image":"","background-repeat":"repeat","background-position":"center center","background-size":"auto","background-attachment":"scroll","background-type":"","background-media":"","overlay-type":"","overlay-color":"","overlay-opacity":"","overlay-gradient":""},"tablet":{"background-color":"var(--ast-global-color-4)","background-image":"","background-repeat":"repeat","background-position":"center center","background-size":"auto","background-attachment":"scroll","background-type":"","background-media":"","overlay-type":"","overlay-color":"","overlay-opacity":"","overlay-gradient":""},"mobile":{"background-color":"var(--ast-global-color-4)","background-image":"","background-repeat":"repeat","background-position":"center center","background-size":"auto","background-attachment":"scroll","background-type":"","background-media":"","overlay-type":"","overlay-color":"","overlay-opacity":"","overlay-gradient":""}}},"product_brand":[],"product_cat":[47,30],"product_tag":[88,175,173,174],"class_list":{"0":"post-1366","1":"product","2":"type-product","3":"status-publish","4":"has-post-thumbnail","6":"product_cat-45w","7":"product_cat-gan-charger","8":"product_tag-45w-pd-charger","9":"product_tag-45w-pd-pse-certified-charger","10":"product_tag-45w-power-adapter","11":"product_tag-45w-usb-c-fast-charger","12":"desktop-align-left","13":"tablet-align-left","14":"mobile-align-left","16":"first","17":"instock","18":"shipping-taxable","19":"product-type-simple"},"acf":[],"_links":{"self":[{"href":"https:\/\/szjialu.com\/de\/wp-json\/wp\/v2\/product\/1366","targetHints":{"allow":["GET"]}}],"collection":[{"href":"https:\/\/szjialu.com\/de\/wp-json\/wp\/v2\/product"}],"about":[{"href":"https:\/\/szjialu.com\/de\/wp-json\/wp\/v2\/types\/product"}],"replies":[{"embeddable":true,"href":"https:\/\/szjialu.com\/de\/wp-json\/wp\/v2\/comments?post=1366"}],"wp:featuredmedia":[{"embeddable":true,"href":"https:\/\/szjialu.com\/de\/wp-json\/wp\/v2\/media\/1367"}],"wp:attachment":[{"href":"https:\/\/szjialu.com\/de\/wp-json\/wp\/v2\/media?parent=1366"}],"wp:term":[{"taxonomy":"product_brand","embeddable":true,"href":"https:\/\/szjialu.com\/de\/wp-json\/wp\/v2\/product_brand?post=1366"},{"taxonomy":"product_cat","embeddable":true,"href":"https:\/\/szjialu.com\/de\/wp-json\/wp\/v2\/product_cat?post=1366"},{"taxonomy":"product_tag","embeddable":true,"href":"https:\/\/szjialu.com\/de\/wp-json\/wp\/v2\/product_tag?post=1366"}],"curies":[{"name":"wp","href":"https:\/\/api.w.org\/{rel}","templated":true}]}}