{"id":1364,"date":"2025-12-10T12:55:32","date_gmt":"2025-12-10T12:55:32","guid":{"rendered":"https:\/\/szjialu.com\/?post_type=product&#038;p=1364"},"modified":"2026-02-22T13:52:37","modified_gmt":"2026-02-22T13:52:37","slug":"45w-pd-ladegerat-tr107acjp","status":"publish","type":"product","link":"https:\/\/szjialu.com\/de\/product\/45w-pd-charger-tr107acjp\/","title":{"rendered":"45W PD-Ladeger\u00e4t TR107ACJP"},"content":{"rendered":"<h2 data-start=\"956\" data-end=\"977\">Produkt\u00fcbersicht<\/h2>\n<p data-start=\"979\" data-end=\"1631\">Der <strong data-start=\"983\" data-end=\"1011\"><a href=\"https:\/\/szjialu.com\/de\/product-category\/gan-ladegerat\/45-w\/\">45-W-PD-Ladeger\u00e4t<\/a> TR107ACJP<\/strong> Dieses kompakte und hocheffiziente Netzteil l\u00e4dt eine Vielzahl von Ger\u00e4ten \u2013 von Laptops und Notebooks bis hin zu Tablets und Smartphones. Es verf\u00fcgt \u00fcber USB-C- und USB-A-Anschl\u00fcsse, unterst\u00fctzt Power Delivery (PD) und liefert \u00fcber USB-C bis zu 45 W. Damit ist es ideal f\u00fcr moderne Laptops und stromhungrige Ger\u00e4te. Dank seines geringen Gewichts (nur 90 g) und der breiten Eingangsspannungskompatibilit\u00e4t (100\u2013240 V AC) ist es ein wahrhaft globales und reisefreundliches Ladeger\u00e4t. Integrierte Schutzfunktionen (Kurzschluss-, \u00dcberspannungs-, \u00dcberstrom-, \u00dcberlast- und R\u00fcckstromschutz) gew\u00e4hrleisten ein optimales Verh\u00e4ltnis von Sicherheit, Zuverl\u00e4ssigkeit und Benutzerfreundlichkeit.<\/p>\n<h2 data-start=\"1638\" data-end=\"1657\">Spezifikationen<\/h2>\n<div class=\"TyagGW_tableContainer\">\n<div class=\"group TyagGW_tableWrapper flex w-fit flex-col-reverse\" tabindex=\"-1\">\n<table class=\"w-fit min-w-(--thread-content-width)\" data-start=\"1659\" data-end=\"2467\">\n<thead data-start=\"1659\" data-end=\"1686\">\n<tr data-start=\"1659\" data-end=\"1686\">\n<th data-start=\"1659\" data-end=\"1675\" data-col-size=\"sm\">Spezifikation<\/th>\n<th data-start=\"1675\" data-end=\"1686\" data-col-size=\"lg\">Details<\/th>\n<\/tr>\n<\/thead>\n<tbody data-start=\"1714\" data-end=\"2467\">\n<tr data-start=\"1714\" data-end=\"1742\">\n<td data-start=\"1714\" data-end=\"1729\" data-col-size=\"sm\">Modellnummer<\/td>\n<td data-col-size=\"lg\" data-start=\"1729\" data-end=\"1742\">TR107ACJP<\/td>\n<\/tr>\n<tr data-start=\"1743\" data-end=\"1784\">\n<td data-start=\"1743\" data-end=\"1751\" data-col-size=\"sm\">Eingang<\/td>\n<td data-col-size=\"lg\" data-start=\"1751\" data-end=\"1784\">100\u2013240 V Wechselstrom, 50\/60 Hz, 1,5 A<\/td>\n<\/tr>\n<tr data-start=\"1785\" data-end=\"1856\">\n<td data-start=\"1785\" data-end=\"1802\" data-col-size=\"sm\">Ausgang (USB-C)<\/td>\n<td data-col-size=\"lg\" data-start=\"1802\" data-end=\"1856\">5V\/3A, 9V\/3A, 12V\/3A, 15V\/3A, 20V\/2,25A (45 W max)<\/td>\n<\/tr>\n<tr data-start=\"1857\" data-end=\"1911\">\n<td data-start=\"1857\" data-end=\"1874\" data-col-size=\"sm\">Ausgang (USB-A)<\/td>\n<td data-col-size=\"lg\" data-start=\"1874\" data-end=\"1911\">5V\/3A, 9V\/2A, 12V\/1,5A (18 W max)<\/td>\n<\/tr>\n<tr data-start=\"1912\" data-end=\"2029\">\n<td data-start=\"1912\" data-end=\"1942\" data-col-size=\"sm\">Gleichzeitiger Ausgang (A + C)<\/td>\n<td data-col-size=\"lg\" data-start=\"1942\" data-end=\"2029\">USB-A: 5V\/2,4A; USB-C: 5V\/3A, 9V\/3A, 12V\/2,5A, 15V\/2A, 20V\/1,5A (insgesamt bis zu ~30 W)<\/td>\n<\/tr>\n<tr data-start=\"2030\" data-end=\"2055\">\n<td data-start=\"2030\" data-end=\"2039\" data-col-size=\"sm\">Farben<\/td>\n<td data-col-size=\"lg\" data-start=\"2039\" data-end=\"2055\">Schwarz, Wei\u00df<\/td>\n<\/tr>\n<tr data-start=\"2056\" data-end=\"2083\">\n<td data-start=\"2056\" data-end=\"2067\" data-col-size=\"sm\">Material<\/td>\n<td data-col-size=\"lg\" data-start=\"2067\" data-end=\"2083\">PC (Geh\u00e4use)<\/td>\n<\/tr>\n<tr data-start=\"2084\" data-end=\"2101\">\n<td data-start=\"2084\" data-end=\"2093\" data-col-size=\"sm\">Gewicht<\/td>\n<td data-col-size=\"lg\" data-start=\"2093\" data-end=\"2101\">90 g<\/td>\n<\/tr>\n<tr data-start=\"2102\" data-end=\"2244\">\n<td data-start=\"2102\" data-end=\"2124\" data-col-size=\"sm\">Sicherheit und Schutz<\/td>\n<td data-start=\"2124\" data-end=\"2244\" data-col-size=\"lg\">Kurzschlussschutz, \u00dcberspannungsschutz, \u00dcberstromschutz, \u00dcberlastschutz, R\u00fcckflussschutz<\/td>\n<\/tr>\n<tr data-start=\"2245\" data-end=\"2293\">\n<td data-start=\"2245\" data-end=\"2258\" data-col-size=\"sm\">Effizienz<\/td>\n<td data-col-size=\"lg\" data-start=\"2258\" data-end=\"2293\">Energieeffizienzklasse VI (VI)<\/td>\n<\/tr>\n<tr data-start=\"2294\" data-end=\"2328\">\n<td data-start=\"2294\" data-end=\"2311\" data-col-size=\"sm\">Zertifizierungen<\/td>\n<td data-start=\"2311\" data-end=\"2328\" data-col-size=\"lg\">PSE, ETL, FCC<\/td>\n<\/tr>\n<tr data-start=\"2329\" data-end=\"2371\">\n<td data-start=\"2329\" data-end=\"2353\" data-col-size=\"sm\">Betriebstemperatur<\/td>\n<td data-col-size=\"lg\" data-start=\"2353\" data-end=\"2371\">\u201320 \u00b0C ~ 55 \u00b0C<\/td>\n<\/tr>\n<tr data-start=\"2372\" data-end=\"2412\">\n<td data-start=\"2372\" data-end=\"2394\" data-col-size=\"sm\">Lagertemperatur<\/td>\n<td data-col-size=\"lg\" data-start=\"2394\" data-end=\"2412\">\u201340 \u00b0C ~ 70 \u00b0C<\/td>\n<\/tr>\n<tr data-start=\"2413\" data-end=\"2434\">\n<td data-start=\"2413\" data-end=\"2424\" data-col-size=\"sm\">Garantie<\/td>\n<td data-start=\"2424\" data-end=\"2434\" data-col-size=\"lg\">1 Jahr<\/td>\n<\/tr>\n<tr data-start=\"2435\" data-end=\"2467\">\n<td data-start=\"2435\" data-end=\"2447\" data-col-size=\"sm\">Verpackung<\/td>\n<td data-col-size=\"lg\" data-start=\"2447\" data-end=\"2467\">Einzelhandelsverpackung<\/td>\n<\/tr>\n<\/tbody>\n<\/table>\n<\/div>\n<\/div>\n<figure id=\"attachment_1365\" aria-describedby=\"caption-attachment-1365\" style=\"width: 825px\" class=\"wp-caption alignnone\"><img fetchpriority=\"high\" decoding=\"async\" class=\"wp-image-1365\" src=\"https:\/\/szjialu.com\/wp-content\/uploads\/2025\/12\/\u4e3b\u56fe-1-12-300x300.jpg\" alt=\"45-W-PD-Ladeger\u00e4t\" width=\"825\" height=\"825\" srcset=\"https:\/\/szjialu.com\/wp-content\/uploads\/2025\/12\/\u4e3b\u56fe-1-12-300x300.jpg 300w, https:\/\/szjialu.com\/wp-content\/uploads\/2025\/12\/\u4e3b\u56fe-1-12-150x150.jpg 150w, https:\/\/szjialu.com\/wp-content\/uploads\/2025\/12\/\u4e3b\u56fe-1-12-768x768.jpg 768w, https:\/\/szjialu.com\/wp-content\/uploads\/2025\/12\/\u4e3b\u56fe-1-12-600x600.jpg 600w, https:\/\/szjialu.com\/wp-content\/uploads\/2025\/12\/\u4e3b\u56fe-1-12-100x100.jpg 100w, https:\/\/szjialu.com\/wp-content\/uploads\/2025\/12\/\u4e3b\u56fe-1-12-64x64.jpg 64w, https:\/\/szjialu.com\/wp-content\/uploads\/2025\/12\/\u4e3b\u56fe-1-12.jpg 800w\" sizes=\"(max-width: 825px) 100vw, 825px\" \/><figcaption id=\"caption-attachment-1365\" class=\"wp-caption-text\">45-W-PD-Ladeger\u00e4t<\/figcaption><\/figure>\n<h2 data-start=\"2474\" data-end=\"2493\">Verkaufsargumente<\/h2>\n<ul data-start=\"2495\" data-end=\"3686\">\n<li data-start=\"2495\" data-end=\"2687\">\n<p data-start=\"2497\" data-end=\"2687\"><strong data-start=\"2497\" data-end=\"2524\">Universelle Kompatibilit\u00e4t<\/strong> Mit zwei Anschl\u00fcssen (USB-C und USB-A) und einem breiten Ausgangsspannungsbereich kann das Ladeger\u00e4t Laptops, Notebooks, Tablets oder Smartphones mit Strom versorgen. Ideal f\u00fcr Nutzer mit mehreren Ger\u00e4ten.<\/p>\n<\/li>\n<li data-start=\"2688\" data-end=\"2854\">\n<p data-start=\"2690\" data-end=\"2854\"><strong data-start=\"2690\" data-end=\"2712\">45-W-Schnellladung<\/strong> \u2014 Der USB-C PD-Ausgang mit bis zu 45 W deckt die meisten Notebooks und Laptops ab; der USB-A-Anschluss unterst\u00fctzt auch das Schnellladen von Handys, Tablets oder Zubeh\u00f6r.<\/p>\n<\/li>\n<li data-start=\"2855\" data-end=\"3007\">\n<p data-start=\"2857\" data-end=\"3007\"><strong data-start=\"2857\" data-end=\"2881\">Laden von zwei Ger\u00e4ten<\/strong> \u2014 Dank des simultanen Dual-Port-Ausgangs k\u00f6nnen Sie zwei Ger\u00e4te gleichzeitig aufladen (z. B. Handy + Laptop), ideal f\u00fcr Reisen oder den Arbeitsplatz.<\/p>\n<\/li>\n<li data-start=\"3008\" data-end=\"3125\">\n<p data-start=\"3010\" data-end=\"3125\"><strong data-start=\"3010\" data-end=\"3036\">Globale Spannungsunterst\u00fctzung<\/strong> \u2014 Der Eingangsspannungsbereich von 100\u2013240 V erm\u00f6glicht den weltweiten Einsatz \u2014 praktisch f\u00fcr Reisende oder globale M\u00e4rkte.<\/p>\n<\/li>\n<li data-start=\"3126\" data-end=\"3244\">\n<p data-start=\"3128\" data-end=\"3244\"><strong data-start=\"3128\" data-end=\"3153\">Kompakt und leicht<\/strong> \u2014 Mit einem Gewicht von nur 90 g und einer kleinen Bauform ist es \u00e4u\u00dferst portabel und reisefreundlich.<\/p>\n<\/li>\n<li data-start=\"3245\" data-end=\"3403\">\n<p data-start=\"3247\" data-end=\"3403\"><strong data-start=\"3247\" data-end=\"3275\">Hohe Effizienz und Sicherheit<\/strong> \u2014 Entspricht dem Effizienzstandard VI und minimiert so den Energieverlust; beinhaltet mehrere Schutzmechanismen zum Schutz der Ger\u00e4te.<\/p>\n<\/li>\n<li data-start=\"3404\" data-end=\"3554\">\n<p data-start=\"3406\" data-end=\"3554\"><strong data-start=\"3406\" data-end=\"3427\">Zertifizierte Qualit\u00e4t<\/strong> \u2014 Sicherheitszertifizierungen (PSE, ETL, FCC) bieten zus\u00e4tzliche Gewissheit \u00fcber die Einhaltung internationaler Sicherheits- und elektromagnetischer Normen.<\/p>\n<\/li>\n<li data-start=\"3555\" data-end=\"3686\">\n<p data-start=\"3557\" data-end=\"3686\"><strong data-start=\"3557\" data-end=\"3574\">Robuste Konstruktion<\/strong> \u2014 Robustes PC-Geh\u00e4use und internes Design, geeignet f\u00fcr den t\u00e4glichen Gebrauch, Reisen und unterschiedliche Umgebungsbedingungen.<\/p>\n<\/li>\n<\/ul>\n<h2 data-start=\"3693\" data-end=\"3710\">Anwendungen<\/h2>\n<p data-start=\"3712\" data-end=\"3781\">Das 45-W-PD-Ladeger\u00e4t eignet sich f\u00fcr eine Vielzahl von Anwendungsf\u00e4llen, darunter:<\/p>\n<ul data-start=\"3783\" data-end=\"4294\">\n<li data-start=\"3783\" data-end=\"3882\">\n<p data-start=\"3785\" data-end=\"3882\">Laden <strong data-start=\"3794\" data-end=\"3819\">Laptops und Notebooks<\/strong> (\u00fcber USB-C) \u2014 ideal f\u00fcr mobiles Arbeiten oder Remote-Arbeitsumgebungen.<\/p>\n<\/li>\n<li data-start=\"3883\" data-end=\"3960\">\n<p data-start=\"3885\" data-end=\"3960\">Stromversorgung <strong data-start=\"3894\" data-end=\"3915\">Tablets und iPads<\/strong> \u2014 zum Surfen, Medienkonsum oder Arbeiten.<\/p>\n<\/li>\n<li data-start=\"3961\" data-end=\"4086\">\n<p data-start=\"3963\" data-end=\"4086\">Laden <strong data-start=\"3972\" data-end=\"4017\">Smartphones und andere USB-betriebene Ger\u00e4te<\/strong> (Telefone, Ohrh\u00f6rer, Smartwatches, Powerbanks) \u2014 \u00fcber USB-A oder USB-C.<\/p>\n<\/li>\n<li data-start=\"4087\" data-end=\"4186\">\n<p data-start=\"4089\" data-end=\"4186\">Gleichzeitiges Laden mehrerer Ger\u00e4te \u2013 z. B. Laptop und Handy, praktisch f\u00fcr Reisen, B\u00fcro oder Zuhause.<\/p>\n<\/li>\n<li data-start=\"4187\" data-end=\"4294\">\n<p data-start=\"4189\" data-end=\"4294\">Verwenden Sie bei <strong data-start=\"4196\" data-end=\"4239\">Zuhause, B\u00fcro, Reisen, Coworking-Spaces<\/strong> \u2014 dank globaler Spannungsunterst\u00fctzung und kompakter Gr\u00f6\u00dfe.<\/p>\n<\/li>\n<\/ul>\n<h2 data-start=\"4301\" data-end=\"4358\">Warum Shenzhen Jialu w\u00e4hlen \u2013 Ein Herstellervorteil<\/h2>\n<p data-start=\"4360\" data-end=\"4632\">Zusammenarbeit mit <strong data-start=\"4373\" data-end=\"4402\">Shenzhen Jialu Technologie<\/strong> bietet klare Vorteile: Sie sind ein zertifizierter, erfahrener Hersteller mit einer 6.000 m\u00b2 gro\u00dfen Produktionsst\u00e4tte in Shenzhen und rund 300 Mitarbeitern, darunter mehr als 40 leitende technische und Management-Mitarbeiter.<\/p>\n<ul data-start=\"4634\" data-end=\"5434\">\n<li data-start=\"4634\" data-end=\"4911\">\n<p data-start=\"4636\" data-end=\"4911\">Sie halten <strong data-start=\"4646\" data-end=\"4657\">ISO9001<\/strong> (Qualit\u00e4tsmanagement), <strong data-start=\"4680\" data-end=\"4692\">ISO14001<\/strong> (Umweltmanagement) und <strong data-start=\"4724\" data-end=\"4732\">BSCI<\/strong> (Soziale Compliance-)Zertifizierungen \u2013 die ein Engagement f\u00fcr gleichbleibende Qualit\u00e4t, Umweltverantwortung und ethische Gesch\u00e4ftspraktiken belegen.<\/p>\n<\/li>\n<li data-start=\"4912\" data-end=\"5073\">\n<p data-start=\"4914\" data-end=\"5073\">Ihre Produktionslinien nutzen <strong data-start=\"4941\" data-end=\"4980\">automatisierte Test- und Alterungssysteme<\/strong>, wodurch die Fehlerraten gesenkt und eine zuverl\u00e4ssige Produktion sichergestellt werden.<\/p>\n<\/li>\n<li data-start=\"5074\" data-end=\"5253\">\n<p data-start=\"5076\" data-end=\"5253\">Sie unterst\u00fctzen <strong data-start=\"5089\" data-end=\"5114\">OEM\/ODM-Anpassung<\/strong>, Dadurch wird es f\u00fcr Marken oder Vertriebsh\u00e4ndler einfacher, Eigenmarkenprodukte mit ma\u00dfgeschneiderten Spezifikationen zu erstellen.<\/p>\n<\/li>\n<li data-start=\"5254\" data-end=\"5434\">\n<p data-start=\"5256\" data-end=\"5434\">Ihre globale Reichweite \u2013 mit Produkten, die in \u00fcber 100 L\u00e4ndern verkauft werden \u2013 spiegelt nachweisliche Exporterfahrung und die Einhaltung internationaler Standards wider.<\/p>\n<\/li>\n<\/ul>\n<p data-start=\"5436\" data-end=\"5592\">Das alles bedeutet, dass Sie nicht nur ein Ladeger\u00e4t kaufen \u2013 Sie gehen eine Partnerschaft mit einem Hersteller ein, der Wert auf Qualit\u00e4t, Konformit\u00e4t, Skalierbarkeit und Flexibilit\u00e4t legt.<\/p>\n<h2 data-start=\"5599\" data-end=\"5607\">H\u00e4ufig gestellte Fragen<\/h2>\n<p data-start=\"5609\" data-end=\"5783\"><strong data-start=\"5609\" data-end=\"5649\">F: Funktioniert dieses Ladeger\u00e4t weltweit?<\/strong><br data-start=\"5649\" data-end=\"5652\" \/>A: Ja. Der Eingang unterst\u00fctzt 100\u2013240 V Wechselstrom, 50\/60 Hz, sodass Sie ihn weltweit einsetzen k\u00f6nnen \u2013 perfekt f\u00fcr Reisen oder internationale Gesch\u00e4ftsreisen.<\/p>\n<p data-start=\"5785\" data-end=\"6034\"><strong data-start=\"5785\" data-end=\"5834\">F: Kann ich zwei Ger\u00e4te gleichzeitig aufladen?<\/strong><br data-start=\"5834\" data-end=\"5837\" \/>A: Ja. Das Ladeger\u00e4t unterst\u00fctzt die gleichzeitige Ausgabe \u00fcber USB-C und USB-A. Die kombinierte Ausgangsleistung betr\u00e4gt bis zu ca. 30 W (abh\u00e4ngig vom Stromverbrauch des angeschlossenen Ger\u00e4ts), ausreichend f\u00fcr ein Smartphone\/Tablet und ein kleineres Ger\u00e4t.<\/p>\n<p data-start=\"6036\" data-end=\"6324\"><strong data-start=\"6036\" data-end=\"6082\">F: Reicht die Ausgangsleistung von 45 W f\u00fcr einen Laptop aus?<\/strong><br data-start=\"6082\" data-end=\"6085\" \/>A: F\u00fcr viele Laptops und Notebooks (insbesondere Ultrabooks und Kompaktlaptops) reichen 45 W zum Laden oder zum Erhalt des Akkuladestands aus. Bei sehr leistungsstarken Laptops (z. B. High-End-Gaming-Laptops) kann ein Ladeger\u00e4t mit h\u00f6herer Wattzahl erforderlich sein.<\/p>\n<p data-start=\"6326\" data-end=\"6577\"><strong data-start=\"6326\" data-end=\"6373\">F: Welche Schutzfunktionen bietet das Ladeger\u00e4t?<\/strong><br data-start=\"6373\" data-end=\"6376\" \/>A: Es umfasst Kurzschlussschutz, \u00dcberspannungsschutz, \u00dcberstromschutz, \u00dcberlastschutz und R\u00fcckstromschutz \u2013 und tr\u00e4gt so zum Schutz angeschlossener Ger\u00e4te und zur Gew\u00e4hrleistung sicheren Ladens bei.<\/p>\n<p data-start=\"6579\" data-end=\"6766\"><strong data-start=\"6579\" data-end=\"6619\">F: \u00dcber welche Zertifizierungen verf\u00fcgt es?<\/strong><br data-start=\"6619\" data-end=\"6622\" \/>A: Das Ladeger\u00e4t ist nach PSE, ETL und FCC zertifiziert, was die Einhaltung der relevanten Sicherheits- und elektromagnetischen Normen f\u00fcr viele M\u00e4rkte belegt.<\/p>\n<p data-start=\"6768\" data-end=\"6927\"><strong data-start=\"6768\" data-end=\"6798\">F: Welche Garantie erhalte ich?<\/strong><br data-start=\"6798\" data-end=\"6801\" \/>A: Das Produkt beinhaltet eine 1-j\u00e4hrige Garantie, die Ihnen im Falle von Herstellungsfehlern oder Problemen bei normalem Gebrauch Sicherheit gibt.<\/p>\n<p data-start=\"6929\" data-end=\"7165\"><strong data-start=\"6929\" data-end=\"7006\">F: Kann man das auch f\u00fcr Tablets, Handys und Zubeh\u00f6r neben Laptops verwenden?<\/strong><br data-start=\"7006\" data-end=\"7009\" \/>A: Absolut \u2013 der USB-A-Anschluss bietet eine Standard-Schnellladeleistung (bis zu 18 W) und ist ideal f\u00fcr Handys, Tablets, Zubeh\u00f6r wie Powerbanks, Ohrh\u00f6rer usw.<\/p>","protected":false},"excerpt":{"rendered":"<p>Modellnummer: TR107ACJP<\/p>\n<p>Eingang: 100\u2013240 V Wechselstrom, 50\/60 Hz, 1,5 A<\/p>\n<p>Ausgang (USB-C): 5V\/3A, 9V\/3A, 12V\/3A, 15V\/3A, 20V\/2,25A (45 W max)<\/p>\n<p>Ausgang (USB-A): 5 V\/3 A, 9 V\/2 A, 12 V\/1,5 A (max. 18 W) Gleichzeitig<\/p>\n<p>Ausgang (A + C) USB-A: 5V\/2,4A; USB-C: 5V\/3A, 9V\/3A, 12V\/2,5A, 15V\/2A, 20V\/1,5A (insgesamt bis zu ~30 W)<\/p>\n<p>Farben: Schwarz, Wei\u00df<\/p>\n<p>Material: PC (Geh\u00e4use)<\/p>\n<p>Gewicht: 90 g<\/p>\n<p>Sicherheit &amp; Schutz: Kurzschlussschutz, \u00dcberspannungsschutz, \u00dcberstromschutz, \u00dcberlastschutz, R\u00fcckflussschutz<\/p>\n<p>Effizienz: Energieeffizienzklasse VI (VI)<\/p>\n<p>Zertifizierungen: PSE, ETL, FCC<\/p>","protected":false},"featured_media":1365,"comment_status":"open","ping_status":"closed","template":"","meta":{"_acf_changed":false,"site-sidebar-layout":"default","site-content-layout":"","ast-site-content-layout":"default","site-content-style":"default","site-sidebar-style":"default","ast-global-header-display":"","ast-banner-title-visibility":"","ast-main-header-display":"","ast-hfb-above-header-display":"","ast-hfb-below-header-display":"","ast-hfb-mobile-header-display":"","site-post-title":"","ast-breadcrumbs-content":"","ast-featured-img":"","footer-sml-layout":"","ast-disable-related-posts":"","theme-transparent-header-meta":"default","adv-header-id-meta":"","stick-header-meta":"","header-above-stick-meta":"","header-main-stick-meta":"","header-below-stick-meta":"","astra-migrate-meta-layouts":"set","ast-page-background-enabled":"default","ast-page-background-meta":{"desktop":{"background-color":"var(--ast-global-color-5)","background-image":"","background-repeat":"repeat","background-position":"center center","background-size":"auto","background-attachment":"scroll","background-type":"","background-media":"","overlay-type":"","overlay-color":"","overlay-opacity":"","overlay-gradient":""},"tablet":{"background-color":"","background-image":"","background-repeat":"repeat","background-position":"center center","background-size":"auto","background-attachment":"scroll","background-type":"","background-media":"","overlay-type":"","overlay-color":"","overlay-opacity":"","overlay-gradient":""},"mobile":{"background-color":"","background-image":"","background-repeat":"repeat","background-position":"center center","background-size":"auto","background-attachment":"scroll","background-type":"","background-media":"","overlay-type":"","overlay-color":"","overlay-opacity":"","overlay-gradient":""}},"ast-content-background-meta":{"desktop":{"background-color":"var(--ast-global-color-4)","background-image":"","background-repeat":"repeat","background-position":"center center","background-size":"auto","background-attachment":"scroll","background-type":"","background-media":"","overlay-type":"","overlay-color":"","overlay-opacity":"","overlay-gradient":""},"tablet":{"background-color":"var(--ast-global-color-4)","background-image":"","background-repeat":"repeat","background-position":"center center","background-size":"auto","background-attachment":"scroll","background-type":"","background-media":"","overlay-type":"","overlay-color":"","overlay-opacity":"","overlay-gradient":""},"mobile":{"background-color":"var(--ast-global-color-4)","background-image":"","background-repeat":"repeat","background-position":"center center","background-size":"auto","background-attachment":"scroll","background-type":"","background-media":"","overlay-type":"","overlay-color":"","overlay-opacity":"","overlay-gradient":""}}},"product_brand":[],"product_cat":[47,30],"product_tag":[88,172,171],"class_list":{"0":"post-1364","1":"product","2":"type-product","3":"status-publish","4":"has-post-thumbnail","6":"product_cat-45w","7":"product_cat-gan-charger","8":"product_tag-45w-pd-charger","9":"product_tag-compact-usb-power-adapter","10":"product_tag-laptop-charger-45w","11":"desktop-align-left","12":"tablet-align-left","13":"mobile-align-left","15":"first","16":"instock","17":"shipping-taxable","18":"product-type-simple"},"acf":[],"_links":{"self":[{"href":"https:\/\/szjialu.com\/de\/wp-json\/wp\/v2\/product\/1364","targetHints":{"allow":["GET"]}}],"collection":[{"href":"https:\/\/szjialu.com\/de\/wp-json\/wp\/v2\/product"}],"about":[{"href":"https:\/\/szjialu.com\/de\/wp-json\/wp\/v2\/types\/product"}],"replies":[{"embeddable":true,"href":"https:\/\/szjialu.com\/de\/wp-json\/wp\/v2\/comments?post=1364"}],"wp:featuredmedia":[{"embeddable":true,"href":"https:\/\/szjialu.com\/de\/wp-json\/wp\/v2\/media\/1365"}],"wp:attachment":[{"href":"https:\/\/szjialu.com\/de\/wp-json\/wp\/v2\/media?parent=1364"}],"wp:term":[{"taxonomy":"product_brand","embeddable":true,"href":"https:\/\/szjialu.com\/de\/wp-json\/wp\/v2\/product_brand?post=1364"},{"taxonomy":"product_cat","embeddable":true,"href":"https:\/\/szjialu.com\/de\/wp-json\/wp\/v2\/product_cat?post=1364"},{"taxonomy":"product_tag","embeddable":true,"href":"https:\/\/szjialu.com\/de\/wp-json\/wp\/v2\/product_tag?post=1364"}],"curies":[{"name":"wp","href":"https:\/\/api.w.org\/{rel}","templated":true}]}}