{"id":1362,"date":"2025-12-09T14:56:15","date_gmt":"2025-12-09T14:56:15","guid":{"rendered":"https:\/\/szjialu.com\/?post_type=product&#038;p=1362"},"modified":"2026-02-22T13:43:04","modified_gmt":"2026-02-22T13:43:04","slug":"20w-pd-ladegerat-tr79cuk","status":"publish","type":"product","link":"https:\/\/szjialu.com\/de\/product\/20w-pd-charger-tr79cuk\/","title":{"rendered":"20W PD-Ladeger\u00e4t TR79CUK"},"content":{"rendered":"<h2 data-start=\"937\" data-end=\"958\">Produkt\u00fcbersicht<\/h2>\n<p data-start=\"960\" data-end=\"1360\">Der <strong data-start=\"964\" data-end=\"998\">20W PD-Ladeger\u00e4t (Modell TR79CUK)<\/strong> Dieses kompakte, effiziente und weltweit kompatible USB-C-Netzteil wurde speziell f\u00fcr den t\u00e4glichen Ladebedarf moderner Mobiltelefone, Tablets und kleiner USB-Ger\u00e4te entwickelt. Trotz seines geringen Gewichts von nur 48 g liefert es bis zu 20 W saubere Leistung \u00fcber verschiedene Ausgangsspannungen und eignet sich daher hervorragend zum Schnellladen oder regelm\u00e4\u00dfigen Aufladen von Ger\u00e4ten.<\/p>\n<p data-start=\"1362\" data-end=\"1593\">Da es einen breiten Eingangsspannungsbereich (100\u2013240 V AC) und mehrere Steckdosenstandards (US, EU, UK, Korea, Japan) unterst\u00fctzt, ist dieses Ladeger\u00e4t f\u00fcr Benutzer weltweit geeignet \u2013 perfekt f\u00fcr den Gebrauch zu Hause, auf Reisen oder als vielseitiges Ersatzladeger\u00e4t.<\/p>\n<p data-start=\"1595\" data-end=\"1753\">Der TR79CUK wurde mit Blick auf Sicherheit, Konformit\u00e4t und Komfort entwickelt und bietet eine zuverl\u00e4ssige Ladel\u00f6sung, egal ob Sie zu Hause, im B\u00fcro oder unterwegs sind.<\/p>\n<h2 data-start=\"1760\" data-end=\"1779\">Spezifikationen<\/h2>\n<ul data-start=\"1781\" data-end=\"2640\">\n<li data-start=\"1781\" data-end=\"1817\">\n<p data-start=\"1783\" data-end=\"1817\"><strong data-start=\"1783\" data-end=\"1800\">Produktname:<\/strong> 20-W-PD-Ladeger\u00e4t<\/p>\n<\/li>\n<li data-start=\"1818\" data-end=\"1847\">\n<p data-start=\"1820\" data-end=\"1847\"><strong data-start=\"1820\" data-end=\"1837\">Modellnummer:<\/strong> TR79CUK<\/p>\n<\/li>\n<li data-start=\"1848\" data-end=\"1889\">\n<p data-start=\"1850\" data-end=\"1889\"><strong data-start=\"1850\" data-end=\"1870\">Herkunftsort:<\/strong> China (Festland)<\/p>\n<\/li>\n<li data-start=\"1890\" data-end=\"1934\">\n<p data-start=\"1892\" data-end=\"1934\"><strong data-start=\"1892\" data-end=\"1902\">Eingang:<\/strong> 100\u2013240 V Wechselstrom, 50\/60 Hz, 0,6 A<\/p>\n<\/li>\n<li data-start=\"1935\" data-end=\"2001\">\n<p data-start=\"1937\" data-end=\"2001\"><strong data-start=\"1937\" data-end=\"1948\">Ausgabe:<\/strong> 5 V \/ 3 A, 9 V \/ 2,22 A, 12 V \/ 1,67 A (max. 20 W)<\/p>\n<\/li>\n<li data-start=\"2002\" data-end=\"2071\">\n<p data-start=\"2004\" data-end=\"2071\"><strong data-start=\"2004\" data-end=\"2035\">Unterst\u00fctzte Steckdosenstandards:<\/strong> USA, EU (Europa), Gro\u00dfbritannien, Korea, Japan<\/p>\n<\/li>\n<li data-start=\"2072\" data-end=\"2146\">\n<p data-start=\"2074\" data-end=\"2146\"><strong data-start=\"2074\" data-end=\"2096\">Unterst\u00fctzte Ger\u00e4te:<\/strong> Mobiltelefone, Tablets und andere USB-C-Ger\u00e4te<\/p>\n<\/li>\n<li data-start=\"2147\" data-end=\"2185\">\n<p data-start=\"2149\" data-end=\"2185\"><strong data-start=\"2149\" data-end=\"2170\">Verf\u00fcgbare Farben:<\/strong> Schwarz, Wei\u00df<\/p>\n<\/li>\n<li data-start=\"2186\" data-end=\"2230\">\n<p data-start=\"2188\" data-end=\"2230\"><strong data-start=\"2188\" data-end=\"2209\">Geh\u00e4usematerial:<\/strong> PC (Polycarbonat)<\/p>\n<\/li>\n<li data-start=\"2231\" data-end=\"2251\">\n<p data-start=\"2233\" data-end=\"2251\"><strong data-start=\"2233\" data-end=\"2244\">Gewicht:<\/strong> 48 g<\/p>\n<\/li>\n<li data-start=\"2252\" data-end=\"2283\">\n<p data-start=\"2254\" data-end=\"2283\"><strong data-start=\"2254\" data-end=\"2266\">Verpackung:<\/strong> PE-Beutelverpackung<\/p>\n<\/li>\n<li data-start=\"2284\" data-end=\"2431\">\n<p data-start=\"2286\" data-end=\"2431\"><strong data-start=\"2286\" data-end=\"2310\">Schutzfunktionen:<\/strong> Kurzschlussschutz, \u00dcberspannungsschutz, \u00dcberstromschutz, \u00dcberlastschutz, R\u00fcckflussschutz<\/p>\n<\/li>\n<li data-start=\"2432\" data-end=\"2460\">\n<p data-start=\"2434\" data-end=\"2460\"><strong data-start=\"2434\" data-end=\"2455\">Effizienzniveau:<\/strong> VI<\/p>\n<\/li>\n<li data-start=\"2461\" data-end=\"2525\">\n<p data-start=\"2463\" data-end=\"2525\"><strong data-start=\"2463\" data-end=\"2482\">Zertifizierungen:<\/strong> CE, FCC, ETL, KC, PSE, UKCA, RoHS, REACH<\/p>\n<\/li>\n<li data-start=\"2526\" data-end=\"2550\">\n<p data-start=\"2528\" data-end=\"2550\"><strong data-start=\"2528\" data-end=\"2541\">Garantie:<\/strong> 1 Jahr<\/p>\n<\/li>\n<li data-start=\"2551\" data-end=\"2596\">\n<p data-start=\"2553\" data-end=\"2596\"><strong data-start=\"2553\" data-end=\"2579\">Betriebstemperatur:<\/strong> \u201320 \u00b0C ~ 55 \u00b0C<\/p>\n<\/li>\n<li data-start=\"2597\" data-end=\"2640\">\n<p data-start=\"2599\" data-end=\"2640\"><strong data-start=\"2599\" data-end=\"2623\">Lagertemperatur:<\/strong> \u201340 \u00b0C ~ 70 \u00b0C<\/p>\n<\/li>\n<\/ul>\n<h2 data-start=\"2647\" data-end=\"2670\">Wichtigste Verkaufsargumente<\/h2>\n<ul data-start=\"2672\" data-end=\"3840\">\n<li data-start=\"2672\" data-end=\"2927\">\n<p data-start=\"2674\" data-end=\"2927\"><strong data-start=\"2674\" data-end=\"2714\">Weltweite Kompatibilit\u00e4t &amp; reisetauglich:<\/strong> Dank der Unterst\u00fctzung universeller Steckdosenstandards (USA, EU, Gro\u00dfbritannien, Korea, Japan) und eines breiten Eingangsspannungsbereichs (100\u2013240 V AC) funktioniert dieses Ladeger\u00e4t praktisch \u00fcberall auf der Welt \u2013 ideal f\u00fcr Vielreisende oder Exportm\u00e4rkte.<\/p>\n<\/li>\n<li data-start=\"2928\" data-end=\"3069\">\n<p data-start=\"2930\" data-end=\"3069\"><strong data-start=\"2930\" data-end=\"2958\">Schnelles, zuverl\u00e4ssiges Laden:<\/strong> Eine Ausgangsleistung von bis zu 20 W \u00fcber USB-C PD gew\u00e4hrleistet effizientes Laden f\u00fcr Smartphones, Tablets und andere kleine Ger\u00e4te.<\/p>\n<\/li>\n<li data-start=\"3070\" data-end=\"3239\">\n<p data-start=\"3072\" data-end=\"3239\"><strong data-start=\"3072\" data-end=\"3105\">Kompaktes und leichtes Design:<\/strong> Mit nur 48 g Gewicht und minimalem Platzbedarf ist das Ladeger\u00e4t leicht zu transportieren und zu verstauen \u2013 perfekt f\u00fcr Reisen, Pendelfahrten oder den t\u00e4glichen Gebrauch.<\/p>\n<\/li>\n<li data-start=\"3240\" data-end=\"3408\">\n<p data-start=\"3242\" data-end=\"3408\"><strong data-start=\"3242\" data-end=\"3280\">Umfassende Sicherheit und Schutz:<\/strong> Eingebaute Schutzmechanismen (Kurzschluss, \u00dcberspannung, \u00dcberstrom, \u00dcberlastung, R\u00fcckstrom) sch\u00fctzen sowohl Ladeger\u00e4t als auch Ger\u00e4t.<\/p>\n<\/li>\n<li data-start=\"3409\" data-end=\"3674\">\n<p data-start=\"3411\" data-end=\"3674\"><strong data-start=\"3411\" data-end=\"3447\">Hochwertige Verarbeitung &amp; Einhaltung der Vorschriften:<\/strong> Das robuste PC-Geh\u00e4use, das energieeffiziente Design (Effizienzstufe VI) und die breite Palette globaler Zertifizierungen (CE, FCC, ETL, KC, PSE, UKCA, RoHS, REACH) garantieren Zuverl\u00e4ssigkeit und die Einhaltung gesetzlicher Vorschriften auf internationalen M\u00e4rkten.<\/p>\n<\/li>\n<li data-start=\"3675\" data-end=\"3840\">\n<p data-start=\"3677\" data-end=\"3840\"><strong data-start=\"3677\" data-end=\"3728\">Leichte Verpackung, geeignet f\u00fcr den Versand gro\u00dfer Mengen:<\/strong> Die Verpackung in PE-Beuteln tr\u00e4gt zur Reduzierung des Versandvolumens und der Kosten bei \u2013 ein Vorteil f\u00fcr H\u00e4ndler, Wiederverk\u00e4ufer und OEM-Kunden.<\/p>\n<\/li>\n<\/ul>\n<figure id=\"attachment_1363\" aria-describedby=\"caption-attachment-1363\" style=\"width: 710px\" class=\"wp-caption alignnone\"><img fetchpriority=\"high\" decoding=\"async\" class=\"wp-image-1363\" src=\"https:\/\/szjialu.com\/wp-content\/uploads\/2025\/12\/\u4e3b\u56fe2-14-300x300.jpg\" alt=\"20-W-PD-Ladeger\u00e4t\" width=\"710\" height=\"710\" srcset=\"https:\/\/szjialu.com\/wp-content\/uploads\/2025\/12\/\u4e3b\u56fe2-14-300x300.jpg 300w, https:\/\/szjialu.com\/wp-content\/uploads\/2025\/12\/\u4e3b\u56fe2-14-150x150.jpg 150w, https:\/\/szjialu.com\/wp-content\/uploads\/2025\/12\/\u4e3b\u56fe2-14-768x768.jpg 768w, https:\/\/szjialu.com\/wp-content\/uploads\/2025\/12\/\u4e3b\u56fe2-14-600x600.jpg 600w, https:\/\/szjialu.com\/wp-content\/uploads\/2025\/12\/\u4e3b\u56fe2-14-100x100.jpg 100w, https:\/\/szjialu.com\/wp-content\/uploads\/2025\/12\/\u4e3b\u56fe2-14-64x64.jpg 64w, https:\/\/szjialu.com\/wp-content\/uploads\/2025\/12\/\u4e3b\u56fe2-14.jpg 800w\" sizes=\"(max-width: 710px) 100vw, 710px\" \/><figcaption id=\"caption-attachment-1363\" class=\"wp-caption-text\">20-W-PD-Ladeger\u00e4t<\/figcaption><\/figure>\n<h2 data-start=\"3847\" data-end=\"3864\">Anwendungen<\/h2>\n<p data-start=\"3866\" data-end=\"3950\">Das 20-W-PD-Ladeger\u00e4t TR79CUK eignet sich ideal f\u00fcr eine Vielzahl von Anwendungen, darunter:<\/p>\n<ul data-start=\"3952\" data-end=\"4428\">\n<li data-start=\"3952\" data-end=\"3997\">\n<p data-start=\"3954\" data-end=\"3997\">Aufladen von Smartphones (iOS, Android usw.)<\/p>\n<\/li>\n<li data-start=\"3998\" data-end=\"4048\">\n<p data-start=\"4000\" data-end=\"4048\">Aufladen von Tablets (z. B. iPad, Android-Tablets)<\/p>\n<\/li>\n<li data-start=\"4049\" data-end=\"4157\">\n<p data-start=\"4051\" data-end=\"4157\">Stromversorgung anderer USB-C-Ger\u00e4te (E-Reader, Kopfh\u00f6rer\/Ohrh\u00f6rer, tragbare Lautsprecher, Handheld-Konsolen usw.)<\/p>\n<\/li>\n<li data-start=\"4158\" data-end=\"4243\">\n<p data-start=\"4160\" data-end=\"4243\">Reiseladeger\u00e4t \u2013 dank weltweiter Steckerkompatibilit\u00e4t ideal f\u00fcr Reisen ins Ausland<\/p>\n<\/li>\n<li data-start=\"4244\" data-end=\"4312\">\n<p data-start=\"4246\" data-end=\"4312\">Ersatz- oder Zusatzladeger\u00e4t f\u00fcr Ger\u00e4te oder Ladezubeh\u00f6r<\/p>\n<\/li>\n<li data-start=\"4313\" data-end=\"4428\">\n<p data-start=\"4315\" data-end=\"4428\">OEM- oder Private-Label-Projekte f\u00fcr Wiederverk\u00e4ufer, Marken oder Distributoren, die kompakte, zertifizierte PD-Ladeger\u00e4te suchen<\/p>\n<\/li>\n<\/ul>\n<h2 data-start=\"4435\" data-end=\"4472\">H\u00e4ufig gestellte Fragen (FAQ)<\/h2>\n<p data-start=\"4474\" data-end=\"4724\"><strong data-start=\"4474\" data-end=\"4518\">F: Funktioniert dieses Ladeger\u00e4t in meinem Land?<\/strong><br data-start=\"4518\" data-end=\"4521\" \/><strong data-start=\"4521\" data-end=\"4527\">A:<\/strong> Ja \u2013 das Ladeger\u00e4t unterst\u00fctzt 100\u2013240 V Wechselstrom und bietet verschiedene Stecker-\/Buchsenstandards (USA, EU, Gro\u00dfbritannien, Korea, Japan). Solange Sie den richtigen Steckerstandard f\u00fcr Ihre Region ausw\u00e4hlen, funktioniert es.<\/p>\n<p data-start=\"4726\" data-end=\"4935\"><strong data-start=\"4726\" data-end=\"4767\">F: Welche Ger\u00e4te kann ich damit aufladen?<\/strong><br data-start=\"4767\" data-end=\"4770\" \/><strong data-start=\"4770\" data-end=\"4776\">A:<\/strong> Es eignet sich f\u00fcr Smartphones, Tablets und andere USB-C-Ger\u00e4te, die bis zu 20 W \u00fcber PD ben\u00f6tigen. Es kann auch als Ersatzladeger\u00e4t f\u00fcr viele USB-C-Ger\u00e4te dienen.<\/p>\n<p data-start=\"4937\" data-end=\"5233\"><strong data-start=\"4937\" data-end=\"4962\">F: Ist die Anwendung sicher?<\/strong><br data-start=\"4962\" data-end=\"4965\" \/><strong data-start=\"4965\" data-end=\"4971\">A:<\/strong> Ja \u2013 das Ladeger\u00e4t verf\u00fcgt \u00fcber Sicherheitsvorkehrungen: Schutz vor Kurzschluss, \u00dcberspannung, \u00dcberstrom, \u00dcberlastung und R\u00fcckstrom. Dar\u00fcber hinaus ist es nach mehreren internationalen Sicherheits- und Konformit\u00e4tsstandards zertifiziert (CE, FCC, ETL, KC, PSE, UKCA, RoHS, REACH).<\/p>\n<p data-start=\"5235\" data-end=\"5458\"><strong data-start=\"5235\" data-end=\"5283\">F: Welche Farben und Steckertypen sind erh\u00e4ltlich?<\/strong><br data-start=\"5283\" data-end=\"5286\" \/><strong data-start=\"5286\" data-end=\"5292\">A:<\/strong> Das Ladeger\u00e4t ist in Schwarz oder Wei\u00df erh\u00e4ltlich. Es stehen Stecker\/Buchsen f\u00fcr die USA, die EU, Gro\u00dfbritannien, Korea und Japan zur Verf\u00fcgung. Bitte geben Sie bei der Bestellung den ben\u00f6tigten Steckertyp an.<\/p>\n<p data-start=\"5460\" data-end=\"5573\"><strong data-start=\"5460\" data-end=\"5488\">F: Wie sieht die Garantie aus?<\/strong><br data-start=\"5488\" data-end=\"5491\" \/><strong data-start=\"5491\" data-end=\"5497\">A:<\/strong> F\u00fcr dieses Ladeger\u00e4t gilt eine einj\u00e4hrige Herstellergarantie gegen Material- und Verarbeitungsfehler.<\/p>\n<p data-start=\"5575\" data-end=\"5789\"><strong data-start=\"5575\" data-end=\"5641\">F: Kann dieses Ladeger\u00e4t f\u00fcr OEM- oder Private-Label-Produkte verwendet werden?<\/strong><br data-start=\"5641\" data-end=\"5644\" \/><strong data-start=\"5644\" data-end=\"5650\">A:<\/strong> Ja. Der Hersteller bietet OEM\/ODM-Services an \u2013 Sie k\u00f6nnen individuelle Anpassungen hinsichtlich Branding, Verpackung, Steckertyp oder anderer Designdetails anfragen.<\/p>\n<p data-start=\"5791\" data-end=\"5953\"><strong data-start=\"5791\" data-end=\"5864\">F: Welche Lager- und Betriebstemperaturbereiche werden empfohlen?<\/strong><br data-start=\"5864\" data-end=\"5867\" \/><strong data-start=\"5867\" data-end=\"5873\">A:<\/strong> Betriebstemperatur: \u201320 \u00b0C bis 55 \u00b0C. Lagertemperatur: \u201340 \u00b0C bis 70 \u00b0C.<\/p>\n<h2 data-start=\"5960\" data-end=\"6017\">Warum Sie sich f\u00fcr dieses Ladeger\u00e4t entscheiden sollten \u2013 und Vorteile des Herstellers<\/h2>\n<p data-start=\"6019\" data-end=\"6267\">Dieses 20-Watt-PD-Ladeger\u00e4t ist mehr als nur ein weiterer USB-C-Netzadapter \u2013 es stammt von einem renommierten Hersteller mit langj\u00e4hriger Erfahrung. Das Unternehmen hinter dem Ladeger\u00e4t, <strong data-start=\"6183\" data-end=\"6222\">Shenzhen Jialu Technology Co., Ltd.<\/strong>, bietet K\u00e4ufern einen erheblichen Vorteil:<\/p>\n<h3 data-start=\"6269\" data-end=\"6326\">Starke Fertigungskapazit\u00e4t und Qualit\u00e4tssicherung<\/h3>\n<ul data-start=\"6328\" data-end=\"6981\">\n<li data-start=\"6328\" data-end=\"6526\">\n<p data-start=\"6330\" data-end=\"6526\">Jialu betreibt ein <strong data-start=\"6343\" data-end=\"6378\">6.000 m\u00b2 gro\u00dfe Produktionsst\u00e4tte<\/strong> in Shenzhen, unterst\u00fctzt von etwa <strong data-start=\"6411\" data-end=\"6428\">300 Mitarbeiter<\/strong>, einschlie\u00dflich <strong data-start=\"6440\" data-end=\"6485\">Mehr als 40 leitende Angestellte und technisches Personal<\/strong>.<\/p>\n<\/li>\n<li data-start=\"6527\" data-end=\"6802\">\n<p data-start=\"6529\" data-end=\"6802\">Das Unternehmen hat <strong data-start=\"6545\" data-end=\"6570\">formale Zertifizierungen<\/strong> einschlie\u00dflich <strong data-start=\"6581\" data-end=\"6613\">ISO 9001 (Qualit\u00e4tsmanagement)<\/strong>, <strong data-start=\"6615\" data-end=\"6654\">ISO 14001 (Umweltmanagement)<\/strong>, Und <strong data-start=\"6660\" data-end=\"6688\">BSCI (soziale Compliance)<\/strong> \u2014 was das Engagement f\u00fcr Qualit\u00e4t, Umwelt- und Arbeitsstandards unterstreicht.<\/p>\n<\/li>\n<li data-start=\"6803\" data-end=\"6981\">\n<p data-start=\"6805\" data-end=\"6981\">Jialu verf\u00fcgt \u00fcber umfassende Erfahrung in <strong data-start=\"6835\" data-end=\"6855\">OEM\/ODM-Dienstleistungen<\/strong>, Dadurch wird die Herstellung von Ladeprodukten unter Eigenmarken oder nach kundenspezifischen Vorgaben f\u00fcr Kunden weltweit erm\u00f6glicht.<\/p>\n<\/li>\n<\/ul>\n<p data-start=\"6983\" data-end=\"7189\">Dank dieser St\u00e4rken erhalten Partner nicht nur ein zuverl\u00e4ssiges, zertifiziertes Produkt, sondern auch einen Hersteller, der Serienproduktion, Qualit\u00e4tskontrolle, kundenspezifische Anpassungen und weltweite Lieferung effizient abwickeln kann.<\/p>\n<p data-start=\"7191\" data-end=\"7419\">Dies macht das Ladeger\u00e4t TR79CUK zu einer besonders attraktiven Option f\u00fcr Unternehmen (Wiederverk\u00e4ufer, Importeure, Eigenmarken), die eine zuverl\u00e4ssige, weltweit kompatible 20-W-PD-L\u00f6sung suchen, die auf die Bed\u00fcrfnisse ihres Marktes zugeschnitten werden kann.<\/p>","protected":false},"excerpt":{"rendered":"<p data-start=\"1783\" data-end=\"1817\"><strong data-start=\"1783\" data-end=\"1800\">Produktname:<\/strong> 20-W-PD-Ladeger\u00e4t<\/p>\n<p data-start=\"1820\" data-end=\"1847\"><strong data-start=\"1820\" data-end=\"1837\">Modellnummer:<\/strong> TR79CUK<\/p>\n<p data-start=\"1850\" data-end=\"1889\"><strong data-start=\"1850\" data-end=\"1870\">Herkunftsort:<\/strong> China (Festland)<\/p>\n<p data-start=\"1892\" data-end=\"1934\"><strong data-start=\"1892\" data-end=\"1902\">Eingang:<\/strong> 100\u2013240 V Wechselstrom, 50\/60 Hz, 0,6 A<\/p>\n<p data-start=\"1937\" data-end=\"2001\"><strong data-start=\"1937\" data-end=\"1948\">Ausgabe:<\/strong> 5 V \/ 3 A, 9 V \/ 2,22 A, 12 V \/ 1,67 A (max. 20 W)<\/p>\n<p data-start=\"2004\" data-end=\"2071\"><strong data-start=\"2004\" data-end=\"2035\">Unterst\u00fctzte Steckdosenstandards:<\/strong> USA, EU (Europa), Gro\u00dfbritannien, Korea, Japan<\/p>\n<p data-start=\"2074\" data-end=\"2146\"><strong data-start=\"2074\" data-end=\"2096\">Unterst\u00fctzte Ger\u00e4te:<\/strong> Mobiltelefone, Tablets und andere USB-C-Ger\u00e4te<\/p>\n<p data-start=\"2149\" data-end=\"2185\"><strong data-start=\"2149\" data-end=\"2170\">Verf\u00fcgbare Farben:<\/strong> Schwarz, Wei\u00df<\/p>\n<p data-start=\"2188\" data-end=\"2230\"><strong data-start=\"2188\" data-end=\"2209\">Geh\u00e4usematerial:<\/strong> PC (Polycarbonat)<\/p>\n<p data-start=\"2233\" data-end=\"2251\"><strong data-start=\"2233\" data-end=\"2244\">Gewicht:<\/strong> 48 g<\/p>\n<p data-start=\"2254\" data-end=\"2283\"><strong data-start=\"2254\" data-end=\"2266\">Verpackung:<\/strong> PE-Beutelverpackung<\/p>\n<p data-start=\"2286\" data-end=\"2431\"><strong data-start=\"2286\" data-end=\"2310\">Schutzfunktionen:<\/strong> Kurzschlussschutz, \u00dcberspannungsschutz, \u00dcberstromschutz, \u00dcberlastschutz, R\u00fcckflussschutz<\/p>\n<p data-start=\"2434\" data-end=\"2460\"><strong data-start=\"2434\" data-end=\"2455\">Effizienzniveau:<\/strong> VI<\/p>\n<p data-start=\"2463\" data-end=\"2525\"><strong data-start=\"2463\" data-end=\"2482\">Zertifizierungen:<\/strong> CE, FCC, ETL, KC, PSE, UKCA, RoHS, REACH<\/p>\n<p data-start=\"2528\" data-end=\"2550\">","protected":false},"featured_media":1363,"comment_status":"open","ping_status":"closed","template":"","meta":{"_acf_changed":false,"site-sidebar-layout":"default","site-content-layout":"","ast-site-content-layout":"default","site-content-style":"default","site-sidebar-style":"default","ast-global-header-display":"","ast-banner-title-visibility":"","ast-main-header-display":"","ast-hfb-above-header-display":"","ast-hfb-below-header-display":"","ast-hfb-mobile-header-display":"","site-post-title":"","ast-breadcrumbs-content":"","ast-featured-img":"","footer-sml-layout":"","ast-disable-related-posts":"","theme-transparent-header-meta":"default","adv-header-id-meta":"","stick-header-meta":"","header-above-stick-meta":"","header-main-stick-meta":"","header-below-stick-meta":"","astra-migrate-meta-layouts":"set","ast-page-background-enabled":"default","ast-page-background-meta":{"desktop":{"background-color":"var(--ast-global-color-5)","background-image":"","background-repeat":"repeat","background-position":"center center","background-size":"auto","background-attachment":"scroll","background-type":"","background-media":"","overlay-type":"","overlay-color":"","overlay-opacity":"","overlay-gradient":""},"tablet":{"background-color":"","background-image":"","background-repeat":"repeat","background-position":"center center","background-size":"auto","background-attachment":"scroll","background-type":"","background-media":"","overlay-type":"","overlay-color":"","overlay-opacity":"","overlay-gradient":""},"mobile":{"background-color":"","background-image":"","background-repeat":"repeat","background-position":"center center","background-size":"auto","background-attachment":"scroll","background-type":"","background-media":"","overlay-type":"","overlay-color":"","overlay-opacity":"","overlay-gradient":""}},"ast-content-background-meta":{"desktop":{"background-color":"var(--ast-global-color-4)","background-image":"","background-repeat":"repeat","background-position":"center center","background-size":"auto","background-attachment":"scroll","background-type":"","background-media":"","overlay-type":"","overlay-color":"","overlay-opacity":"","overlay-gradient":""},"tablet":{"background-color":"var(--ast-global-color-4)","background-image":"","background-repeat":"repeat","background-position":"center center","background-size":"auto","background-attachment":"scroll","background-type":"","background-media":"","overlay-type":"","overlay-color":"","overlay-opacity":"","overlay-gradient":""},"mobile":{"background-color":"var(--ast-global-color-4)","background-image":"","background-repeat":"repeat","background-position":"center center","background-size":"auto","background-attachment":"scroll","background-type":"","background-media":"","overlay-type":"","overlay-color":"","overlay-opacity":"","overlay-gradient":""}}},"product_brand":[],"product_cat":[45,30],"product_tag":[73,170],"class_list":{"0":"post-1362","1":"product","2":"type-product","3":"status-publish","4":"has-post-thumbnail","6":"product_cat-20w","7":"product_cat-gan-charger","8":"product_tag-20w-pd-charger","9":"product_tag-type-c-pd-wall-charger","10":"desktop-align-left","11":"tablet-align-left","12":"mobile-align-left","14":"first","15":"instock","16":"shipping-taxable","17":"product-type-simple"},"acf":[],"_links":{"self":[{"href":"https:\/\/szjialu.com\/de\/wp-json\/wp\/v2\/product\/1362","targetHints":{"allow":["GET"]}}],"collection":[{"href":"https:\/\/szjialu.com\/de\/wp-json\/wp\/v2\/product"}],"about":[{"href":"https:\/\/szjialu.com\/de\/wp-json\/wp\/v2\/types\/product"}],"replies":[{"embeddable":true,"href":"https:\/\/szjialu.com\/de\/wp-json\/wp\/v2\/comments?post=1362"}],"wp:featuredmedia":[{"embeddable":true,"href":"https:\/\/szjialu.com\/de\/wp-json\/wp\/v2\/media\/1363"}],"wp:attachment":[{"href":"https:\/\/szjialu.com\/de\/wp-json\/wp\/v2\/media?parent=1362"}],"wp:term":[{"taxonomy":"product_brand","embeddable":true,"href":"https:\/\/szjialu.com\/de\/wp-json\/wp\/v2\/product_brand?post=1362"},{"taxonomy":"product_cat","embeddable":true,"href":"https:\/\/szjialu.com\/de\/wp-json\/wp\/v2\/product_cat?post=1362"},{"taxonomy":"product_tag","embeddable":true,"href":"https:\/\/szjialu.com\/de\/wp-json\/wp\/v2\/product_tag?post=1362"}],"curies":[{"name":"wp","href":"https:\/\/api.w.org\/{rel}","templated":true}]}}