{"id":1358,"date":"2025-12-09T14:48:14","date_gmt":"2025-12-09T14:48:14","guid":{"rendered":"https:\/\/szjialu.com\/?post_type=product&#038;p=1358"},"modified":"2026-02-22T13:57:38","modified_gmt":"2026-02-22T13:57:38","slug":"20w-pd-ladegerat-tr-79cus2","status":"publish","type":"product","link":"https:\/\/szjialu.com\/de\/product\/20w-pd-charger-tr-79cus2\/","title":{"rendered":"20W PD-Ladeger\u00e4t TR79CUS2"},"content":{"rendered":"<hr data-start=\"1020\" data-end=\"1023\" \/>\n<h2 data-start=\"1025\" data-end=\"1046\">Produkt\u00fcbersicht<\/h2>\n<p data-start=\"1048\" data-end=\"1422\">Das 20-W-PD-Ladeger\u00e4t (Modell) <strong data-start=\"1074\" data-end=\"1086\">TR79CUS2<\/strong>Dieser kompakte und dennoch leistungsstarke USB-C-PD-Netzadapter (Power Delivery) wurde speziell f\u00fcr die Ladeanforderungen moderner Mobilger\u00e4te wie Smartphones und Tablets entwickelt. Er ist weltweit kompatibel und bietet hohen Komfort im Alltag. Ob zu Hause, im B\u00fcro oder auf Reisen \u2013 dieses Ladeger\u00e4t erm\u00f6glicht schnelles, effizientes und sicheres Laden.<\/p>\n<p data-start=\"1424\" data-end=\"1763\">Dank Unterst\u00fctzung zahlreicher Steckdosenstandards (USA, EU, Gro\u00dfbritannien, Korea, Japan) und eines breiten Eingangsspannungsbereichs (100\u2013240 V, 50\/60 Hz) ist dieses Ladeger\u00e4t nahezu weltweit einsetzbar. Trotz seiner geringen Gr\u00f6\u00dfe und seines leichten Gewichts (nur 48 g) liefert es bis zu 20 W Leistung und eignet sich somit ideal zum schnellen Aufladen oder regelm\u00e4\u00dfigen Laden moderner Ger\u00e4te.<\/p>\n<h2 data-start=\"1770\" data-end=\"1789\">Spezifikationen<\/h2>\n<div class=\"TyagGW_tableContainer\">\n<div class=\"group TyagGW_tableWrapper flex w-fit flex-col-reverse\" tabindex=\"-1\">\n<table class=\"w-fit min-w-(--thread-content-width)\" data-start=\"1791\" data-end=\"2697\">\n<thead data-start=\"1791\" data-end=\"1818\">\n<tr data-start=\"1791\" data-end=\"1818\">\n<th data-start=\"1791\" data-end=\"1801\" data-col-size=\"sm\">Besonderheit<\/th>\n<th data-start=\"1801\" data-end=\"1818\" data-col-size=\"lg\">Spezifikation<\/th>\n<\/tr>\n<\/thead>\n<tbody data-start=\"1847\" data-end=\"2697\">\n<tr data-start=\"1847\" data-end=\"1878\">\n<td data-start=\"1847\" data-end=\"1866\" data-col-size=\"sm\"><strong data-start=\"1849\" data-end=\"1865\">Modellnummer<\/strong><\/td>\n<td data-start=\"1866\" data-end=\"1878\" data-col-size=\"lg\">TR79CUS2<\/td>\n<\/tr>\n<tr data-start=\"1879\" data-end=\"1916\">\n<td data-start=\"1879\" data-end=\"1898\" data-col-size=\"sm\"><strong data-start=\"1881\" data-end=\"1897\">Produktname<\/strong><\/td>\n<td data-start=\"1898\" data-end=\"1916\" data-col-size=\"lg\">20-W-PD-Ladeger\u00e4t<\/td>\n<\/tr>\n<tr data-start=\"1917\" data-end=\"1959\">\n<td data-start=\"1917\" data-end=\"1939\" data-col-size=\"sm\"><strong data-start=\"1919\" data-end=\"1938\">Herkunftsort<\/strong><\/td>\n<td data-start=\"1939\" data-end=\"1959\" data-col-size=\"lg\">China (Festland)<\/td>\n<\/tr>\n<tr data-start=\"1960\" data-end=\"2005\">\n<td data-start=\"1960\" data-end=\"1972\" data-col-size=\"sm\"><strong data-start=\"1962\" data-end=\"1971\">Eingang<\/strong><\/td>\n<td data-start=\"1972\" data-end=\"2005\" data-col-size=\"lg\">100\u2013240 V Wechselstrom, 50\/60 Hz, 0,6 A<\/td>\n<\/tr>\n<tr data-start=\"2006\" data-end=\"2072\">\n<td data-start=\"2006\" data-end=\"2019\" data-col-size=\"sm\"><strong data-start=\"2008\" data-end=\"2018\">Ausgabe<\/strong><\/td>\n<td data-start=\"2019\" data-end=\"2072\" data-col-size=\"lg\">5 V \/ 3 A, 9 V \/ 2,22 A, 12 V \/ 1,67 A (max. 20 W)<\/td>\n<\/tr>\n<tr data-start=\"2073\" data-end=\"2134\">\n<td data-start=\"2073\" data-end=\"2106\" data-col-size=\"sm\"><strong data-start=\"2075\" data-end=\"2105\">Unterst\u00fctzte Steckdosenstandards<\/strong><\/td>\n<td data-start=\"2106\" data-end=\"2134\" data-col-size=\"lg\">USA, Korea, Japan, Gro\u00dfbritannien, EU<\/td>\n<\/tr>\n<tr data-start=\"2135\" data-end=\"2206\">\n<td data-start=\"2135\" data-end=\"2159\" data-col-size=\"sm\"><strong data-start=\"2137\" data-end=\"2158\">Unterst\u00fctzte Ger\u00e4te<\/strong><\/td>\n<td data-start=\"2159\" data-end=\"2206\" data-col-size=\"lg\">Mobiltelefone, Tablets, andere USB-C-Ger\u00e4te<\/td>\n<\/tr>\n<tr data-start=\"2207\" data-end=\"2246\">\n<td data-start=\"2207\" data-end=\"2230\" data-col-size=\"sm\"><strong data-start=\"2209\" data-end=\"2229\">Verf\u00fcgbare Farben<\/strong><\/td>\n<td data-start=\"2230\" data-end=\"2246\" data-col-size=\"lg\">Schwarz, Wei\u00df<\/td>\n<\/tr>\n<tr data-start=\"2247\" data-end=\"2278\">\n<td data-start=\"2247\" data-end=\"2262\" data-col-size=\"sm\"><strong data-start=\"2249\" data-end=\"2261\">Material<\/strong><\/td>\n<td data-start=\"2262\" data-end=\"2278\" data-col-size=\"lg\">PC (Geh\u00e4use)<\/td>\n<\/tr>\n<tr data-start=\"2279\" data-end=\"2300\">\n<td data-start=\"2279\" data-end=\"2292\" data-col-size=\"sm\"><strong data-start=\"2281\" data-end=\"2291\">Gewicht<\/strong><\/td>\n<td data-start=\"2292\" data-end=\"2300\" data-col-size=\"lg\">48 g<\/td>\n<\/tr>\n<tr data-start=\"2301\" data-end=\"2333\">\n<td data-start=\"2301\" data-end=\"2315\" data-col-size=\"sm\"><strong data-start=\"2303\" data-end=\"2314\">Verpackung<\/strong><\/td>\n<td data-start=\"2315\" data-end=\"2333\" data-col-size=\"lg\">PE-Beutelverpackung<\/td>\n<\/tr>\n<tr data-start=\"2334\" data-end=\"2482\">\n<td data-start=\"2334\" data-end=\"2360\" data-col-size=\"sm\"><strong data-start=\"2336\" data-end=\"2359\">Schutzfunktionen<\/strong><\/td>\n<td data-start=\"2360\" data-end=\"2482\" data-col-size=\"lg\">Kurzschlussschutz, \u00dcberspannungsschutz, \u00dcberstromschutz, \u00dcberlastschutz, R\u00fcckflussschutz<\/td>\n<\/tr>\n<tr data-start=\"2483\" data-end=\"2513\">\n<td data-start=\"2483\" data-end=\"2507\" data-col-size=\"sm\"><strong data-start=\"2485\" data-end=\"2506\">Effizienzbewertung<\/strong><\/td>\n<td data-start=\"2507\" data-end=\"2513\" data-col-size=\"lg\">VI<\/td>\n<\/tr>\n<tr data-start=\"2514\" data-end=\"2579\">\n<td data-start=\"2514\" data-end=\"2535\" data-col-size=\"sm\"><strong data-start=\"2516\" data-end=\"2534\">Zertifizierungen<\/strong><\/td>\n<td data-start=\"2535\" data-end=\"2579\" data-col-size=\"lg\">CE, FCC, ETL, KC, PSE, UKCA, RoHS, REACH<\/td>\n<\/tr>\n<tr data-start=\"2580\" data-end=\"2605\">\n<td data-start=\"2580\" data-end=\"2595\" data-col-size=\"sm\"><strong data-start=\"2582\" data-end=\"2594\">Garantie<\/strong><\/td>\n<td data-start=\"2595\" data-end=\"2605\" data-col-size=\"lg\">1 Jahr<\/td>\n<\/tr>\n<tr data-start=\"2606\" data-end=\"2652\">\n<td data-start=\"2606\" data-end=\"2634\" data-col-size=\"sm\"><strong data-start=\"2608\" data-end=\"2633\">Betriebstemperatur<\/strong><\/td>\n<td data-start=\"2634\" data-end=\"2652\" data-col-size=\"lg\">\u201320 \u00b0C ~ 55 \u00b0C<\/td>\n<\/tr>\n<tr data-start=\"2653\" data-end=\"2697\">\n<td data-start=\"2653\" data-end=\"2679\" data-col-size=\"sm\"><strong data-start=\"2655\" data-end=\"2678\">Lagertemperatur<\/strong><\/td>\n<td data-start=\"2679\" data-end=\"2697\" data-col-size=\"lg\">\u201340 \u00b0C ~ 70 \u00b0C<\/td>\n<\/tr>\n<\/tbody>\n<\/table>\n<\/div>\n<\/div>\n<h2 data-start=\"2704\" data-end=\"2727\">Wichtigste Verkaufsargumente<\/h2>\n<ul data-start=\"2729\" data-end=\"3956\">\n<li data-start=\"2729\" data-end=\"2924\">\n<p data-start=\"2731\" data-end=\"2924\"><strong data-start=\"2731\" data-end=\"2766\">Weitgehende Kompatibilit\u00e4t und weltweite Nutzung<\/strong> \u2014 Unterst\u00fctzt mehrere Steckdosenstandards (USA, EU, Gro\u00dfbritannien, Korea, Japan) und Eingangsspannungen von 100\u2013240 V AC, wodurch es reisetauglich und ideal f\u00fcr Anwender weltweit ist.<\/p>\n<\/li>\n<li data-start=\"2925\" data-end=\"3087\">\n<p data-start=\"2927\" data-end=\"3087\"><strong data-start=\"2927\" data-end=\"2955\">Schnelles, effizientes Laden<\/strong> \u2014 Bis zu 20 W Ausgangsleistung \u00fcber USB Power Delivery (PD) f\u00fcr schnelles Aufladen von Smartphones, Tablets oder anderen PD-f\u00e4higen Ger\u00e4ten.<\/p>\n<\/li>\n<li data-start=\"3088\" data-end=\"3258\">\n<p data-start=\"3090\" data-end=\"3258\"><strong data-start=\"3090\" data-end=\"3122\">Kompaktes und leichtes Design<\/strong> \u2014 Mit nur 48 g Gewicht und geringem Platzbedarf ist dieses Ladeger\u00e4t leicht zu transportieren, aufzubewahren oder zu verstauen \u2013 perfekt f\u00fcr Reisen, Pendelfahrten oder den t\u00e4glichen Gebrauch.<\/p>\n<\/li>\n<li data-start=\"3259\" data-end=\"3445\">\n<p data-start=\"3261\" data-end=\"3445\"><strong data-start=\"3261\" data-end=\"3297\">Umfassende Sicherheitsvorkehrungen<\/strong> \u2014 Eingebaute Schutzmechanismen gegen Kurzschluss, \u00dcberspannung, \u00dcberstrom, \u00dcberlastung und R\u00fcckstrom gew\u00e4hrleisten einen sicheren Betrieb und eine zuverl\u00e4ssige Leistung.<\/p>\n<\/li>\n<li data-start=\"3446\" data-end=\"3636\">\n<p data-start=\"3448\" data-end=\"3636\"><strong data-start=\"3448\" data-end=\"3493\">Hochwertige Verarbeitung &amp; zertifizierte Konformit\u00e4t<\/strong> \u2014 Hergestellt aus robustem PC-Geh\u00e4use, zertifiziert nach CE, FCC, ETL, KC, PSE, UKCA, RoHS, REACH \u2014 bereit f\u00fcr den weltweiten Vertrieb und das Vertrauen der Endverbraucher.<\/p>\n<\/li>\n<li data-start=\"3637\" data-end=\"3766\">\n<p data-start=\"3639\" data-end=\"3766\"><strong data-start=\"3639\" data-end=\"3660\">Energieeffizienz<\/strong> \u2014 Erf\u00fcllt die Standards der Effizienzstufe VI, was eine verbesserte Energieeffizienz und weniger Energieverschwendung gew\u00e4hrleistet.<\/p>\n<\/li>\n<li data-start=\"3767\" data-end=\"3956\">\n<p data-start=\"3769\" data-end=\"3956\"><strong data-start=\"3769\" data-end=\"3822\">Leichte Verpackung f\u00fcr kosteng\u00fcnstigen Versand<\/strong> \u2014 Verpackt in einem einfachen PE-Beutel, um das Volumen zu reduzieren und so die Kosten f\u00fcr den Versand bei Gro\u00dfbestellungen oder an Endkunden zu senken.<\/p>\n<\/li>\n<\/ul>\n<figure id=\"attachment_1360\" aria-describedby=\"caption-attachment-1360\" style=\"width: 765px\" class=\"wp-caption alignnone\"><img fetchpriority=\"high\" decoding=\"async\" class=\"wp-image-1360\" src=\"https:\/\/szjialu.com\/wp-content\/uploads\/2025\/12\/\u4e3b\u56fe1-15-300x300.jpg\" alt=\"20-W-PD-Ladeger\u00e4t\" width=\"765\" height=\"765\" srcset=\"https:\/\/szjialu.com\/wp-content\/uploads\/2025\/12\/\u4e3b\u56fe1-15-300x300.jpg 300w, https:\/\/szjialu.com\/wp-content\/uploads\/2025\/12\/\u4e3b\u56fe1-15-150x150.jpg 150w, https:\/\/szjialu.com\/wp-content\/uploads\/2025\/12\/\u4e3b\u56fe1-15-768x768.jpg 768w, https:\/\/szjialu.com\/wp-content\/uploads\/2025\/12\/\u4e3b\u56fe1-15-600x600.jpg 600w, https:\/\/szjialu.com\/wp-content\/uploads\/2025\/12\/\u4e3b\u56fe1-15-100x100.jpg 100w, https:\/\/szjialu.com\/wp-content\/uploads\/2025\/12\/\u4e3b\u56fe1-15-64x64.jpg 64w, https:\/\/szjialu.com\/wp-content\/uploads\/2025\/12\/\u4e3b\u56fe1-15.jpg 800w\" sizes=\"(max-width: 765px) 100vw, 765px\" \/><figcaption id=\"caption-attachment-1360\" class=\"wp-caption-text\">20-W-PD-Ladeger\u00e4t<\/figcaption><\/figure>\n<h2 data-start=\"3963\" data-end=\"3980\">Anwendungen<\/h2>\n<p data-start=\"3982\" data-end=\"4070\">Das 20-W-PD-Ladeger\u00e4t TR79CUS2 eignet sich ideal f\u00fcr eine breite Palette allt\u00e4glicher Ladeszenarien:<\/p>\n<ul data-start=\"4072\" data-end=\"4470\">\n<li data-start=\"4072\" data-end=\"4108\">\n<p data-start=\"4074\" data-end=\"4108\">Smartphones (iOS, Android usw.)<\/p>\n<\/li>\n<li data-start=\"4109\" data-end=\"4144\">\n<p data-start=\"4111\" data-end=\"4144\">Tablets (iPad, Android-Tablets)<\/p>\n<\/li>\n<li data-start=\"4145\" data-end=\"4252\">\n<p data-start=\"4147\" data-end=\"4252\">Tragbare Ger\u00e4te mit USB-C-Ladeanschluss (z. B. E-Reader, Bluetooth-Kopfh\u00f6rer\/Ohrh\u00f6rer, Handheld-Konsolen)<\/p>\n<\/li>\n<li data-start=\"4253\" data-end=\"4333\">\n<p data-start=\"4255\" data-end=\"4333\">Reisen \u2013 dank weltweiter Steckdosenkompatibilit\u00e4t, einfachem Einstecken und kompakter Gr\u00f6\u00dfe<\/p>\n<\/li>\n<li data-start=\"4334\" data-end=\"4391\">\n<p data-start=\"4336\" data-end=\"4391\">Ersatzladeger\u00e4t f\u00fcr OEM- oder markenunabh\u00e4ngige Ger\u00e4te<\/p>\n<\/li>\n<li data-start=\"4392\" data-end=\"4470\">\n<p data-start=\"4394\" data-end=\"4470\">OEM\/ODM-Verpackungen und Private-Label-M\u00f6glichkeiten f\u00fcr Wiederverk\u00e4ufer und Marken<\/p>\n<\/li>\n<\/ul>\n<h2 data-start=\"4477\" data-end=\"4542\">\u00dcber den Hersteller \u2013 Shenzhen Jialu Technology Co., Ltd.<\/h2>\n<p data-start=\"4544\" data-end=\"4911\">Das Ladeger\u00e4t wird hergestellt von <strong data-start=\"4575\" data-end=\"4614\">Shenzhen Jialu Technology Co., Ltd.<\/strong>, Jialu ist ein etabliertes Stromversorgungsunternehmen mit Sitz in Shenzhen, China. Das Unternehmen ist spezialisiert auf die Entwicklung, Herstellung und den Export einer breiten Palette von Stromversorgungsprodukten, darunter USB\/PD-Ladeger\u00e4te, GaN-Ladeger\u00e4te, Netzadapter, Desktop-Adapter und Powerbanks.<\/p>\n<p data-start=\"4913\" data-end=\"4940\"><strong data-start=\"4913\" data-end=\"4938\">Warum Jialu heraussticht:<\/strong><\/p>\n<ul data-start=\"4941\" data-end=\"5962\">\n<li data-start=\"4941\" data-end=\"5136\">\n<p data-start=\"4943\" data-end=\"5136\">Jialu betreibt in Shenzhen eine moderne, 6.000 m\u00b2 gro\u00dfe Produktionsst\u00e4tte mit rund 300 Mitarbeitern und \u00fcber 40 leitenden Technikern und Managern.<\/p>\n<\/li>\n<li data-start=\"5137\" data-end=\"5424\">\n<p data-start=\"5139\" data-end=\"5424\">Das Unternehmen besitzt international anerkannte Zertifizierungen wie ISO 9001 (Qualit\u00e4tsmanagement), ISO 14001 (Umweltmanagement) und BSCI (Sozialkonformit\u00e4t), was das Engagement f\u00fcr formale Qualit\u00e4ts-, Umwelt- und Sozialstandards widerspiegelt.<\/p>\n<\/li>\n<li data-start=\"5425\" data-end=\"5732\">\n<p data-start=\"5427\" data-end=\"5732\">Jialu bietet OEM\/ODM-Dienstleistungen an, die die Anpassung von Stromversorgungsprodukten an spezifische Kundenanforderungen in Bezug auf Design, Spezifikationen, Branding und Verpackung erm\u00f6glichen \u2013 ein wertvoller Vorteil f\u00fcr Wiederverk\u00e4ufer oder Marken, die Private-Label-Produkte suchen.<\/p>\n<\/li>\n<li data-start=\"5733\" data-end=\"5962\">\n<p data-start=\"5735\" data-end=\"5962\">Das Unternehmen exportiert in \u00fcber 100 L\u00e4nder und beweist damit seine globale Reichweite und Erfahrung im Umgang mit internationalen Vorschriften und Versandprozessen, wodurch seine Produkte f\u00fcr globale M\u00e4rkte geeignet sind.<\/p>\n<\/li>\n<\/ul>\n<p data-start=\"5964\" data-end=\"6209\">Durch die Wahl von Jialu als Hersteller profitieren K\u00e4ufer von einem Partner mit Erfahrung in Massenproduktion, Qualit\u00e4tssicherung, Compliance und flexibler OEM\/ODM-Unterst\u00fctzung \u2013 was dazu beitr\u00e4gt, Produkte wie das 20W PD-Ladeger\u00e4t schnell und sicher auf den Markt zu bringen.<\/p>\n<h2 data-start=\"6216\" data-end=\"6253\">H\u00e4ufig gestellte Fragen (FAQ)<\/h2>\n<p data-start=\"6255\" data-end=\"6553\"><strong data-start=\"6255\" data-end=\"6306\">F: Ist dieses 20W PD-Ladeger\u00e4t weltweit kompatibel?<\/strong><br data-start=\"6306\" data-end=\"6309\" \/>A: Ja. Das Ladeger\u00e4t unterst\u00fctzt einen Eingangsspannungsbereich von 100\u2013240 V Wechselstrom bei 50\/60 Hz und deckt damit die meisten nationalen Stromnetzstandards ab. Es unterst\u00fctzt au\u00dferdem verschiedene Steckdosenstandards, darunter die der USA, der EU, Gro\u00dfbritanniens, Koreas und Japans, und ist somit in vielen L\u00e4ndern einsetzbar.<\/p>\n<p data-start=\"6555\" data-end=\"6732\"><strong data-start=\"6555\" data-end=\"6599\">F: Welche Ger\u00e4te kann dieses Ladeger\u00e4t mit Strom versorgen?<\/strong><br data-start=\"6599\" data-end=\"6602\" \/>A: Das Ladeger\u00e4t eignet sich ideal f\u00fcr Smartphones, Tablets und andere USB-C-f\u00e4hige Ger\u00e4te, die \u00fcber Power Delivery (PD) bis zu 20 W aufnehmen k\u00f6nnen.<\/p>\n<p data-start=\"6734\" data-end=\"7057\"><strong data-start=\"6734\" data-end=\"6768\">F: Ist das Ladeger\u00e4t sicher in der Anwendung?<\/strong><br data-start=\"6768\" data-end=\"6771\" \/>A: Ja. Es umfasst mehrere Schutzmechanismen \u2013 Kurzschlussschutz, \u00dcberspannungsschutz, \u00dcberstromschutz, \u00dcberlastschutz und R\u00fcckflussschutz. Dar\u00fcber hinaus ist es nach mehreren internationalen Standards zertifiziert (CE, FCC, ETL, KC, PSE, UKCA, RoHS, REACH).<\/p>\n<p data-start=\"7059\" data-end=\"7270\"><strong data-start=\"7059\" data-end=\"7107\">F: Welche Farben und Steckertypen sind erh\u00e4ltlich?<\/strong><br data-start=\"7107\" data-end=\"7110\" \/>A: Das Ladeger\u00e4t ist in Schwarz oder Wei\u00df erh\u00e4ltlich. Es stehen Stecker\/Buchsen f\u00fcr die USA, die EU, Gro\u00dfbritannien, Korea und Japan zur Verf\u00fcgung. Bitte best\u00e4tigen Sie den gew\u00fcnschten Steckertyp bei der Bestellung.<\/p>\n<p data-start=\"7272\" data-end=\"7386\"><strong data-start=\"7272\" data-end=\"7307\">F: Wie lange ist die Garantiezeit?<\/strong><br data-start=\"7307\" data-end=\"7310\" \/>A: F\u00fcr dieses Produkt gilt eine einj\u00e4hrige Herstellergarantie gegen Material- und Verarbeitungsfehler.<\/p>\n<p data-start=\"7388\" data-end=\"7631\"><strong data-start=\"7388\" data-end=\"7457\">F: Kann ich dieses Ladeger\u00e4t unter einer Eigenmarke oder mit individuellem Branding erhalten?<\/strong><br data-start=\"7457\" data-end=\"7460\" \/>A: Ja. Der Hersteller (Shenzhen Jialu Technology Co., Ltd.) bietet OEM\/ODM-Services an. Sie k\u00f6nnen individuelle Markenauftritte, Verpackungen oder Designs anfragen, um den Bed\u00fcrfnissen Ihres Marktes gerecht zu werden.<\/p>\n<p data-start=\"7633\" data-end=\"7779\"><strong data-start=\"7633\" data-end=\"7694\">F: Welche Betriebs- und Lagertemperaturbereiche gibt es?<\/strong><br data-start=\"7694\" data-end=\"7697\" \/>A: Betriebstemperatur: \u201320 \u00b0C bis 55 \u00b0C. Lagertemperatur: \u201340 \u00b0C bis 70 \u00b0C.<\/p>\n<h2 data-start=\"7786\" data-end=\"7825\">Warum dieses Ladeger\u00e4t eine ausgezeichnete Wahl ist<\/h2>\n<p data-start=\"7827\" data-end=\"8151\">Wenn Sie ein zuverl\u00e4ssiges, weltweit kompatibles und sicheres 20-W-Ladeger\u00e4t f\u00fcr Mobilger\u00e4te und Tablets suchen \u2013 sei es f\u00fcr Einzelhandelskunden, Private Labeling oder die Integration in Bundle-Produkte \u2013 bietet das TR79CUS2 von Shenzhen Jialu eine hervorragende Balance aus Portabilit\u00e4t, Leistung, Zertifizierungen und Fertigungsqualit\u00e4t.<\/p>\n<p data-start=\"8153\" data-end=\"8386\">Dank der starken Fertigungskompetenz von Jialu, der Einhaltung internationaler Standards und der OEM\/ODM-Flexibilit\u00e4t eignet sich dieses Ladeger\u00e4t hervorragend f\u00fcr den globalen Vertrieb und kann problemlos an die Design- oder Verpackungsanforderungen Ihrer Marke angepasst werden.<\/p>","protected":false},"excerpt":{"rendered":"<p><strong data-start=\"1849\" data-end=\"1865\">Modellnummer: <\/strong>TR79CUS2<\/p>\n<p><strong data-start=\"1881\" data-end=\"1897\">Produktname: <\/strong>20-W-PD-Ladeger\u00e4t<\/p>\n<p><strong data-start=\"1919\" data-end=\"1938\">Herkunftsort: <\/strong>China (Festland)<\/p>\n<p><strong data-start=\"1962\" data-end=\"1971\">Eingang: <\/strong>100\u2013240 V Wechselstrom, 50\/60 Hz, 0,6 A<\/p>\n<p><strong data-start=\"2008\" data-end=\"2018\">Ausgabe: <\/strong>5 V \/ 3 A, 9 V \/ 2,22 A, 12 V \/ 1,67 A (max. 20 W)<\/p>\n<p><strong data-start=\"2075\" data-end=\"2105\">Unterst\u00fctzte Steckdosenstandards: <\/strong>USA, Korea, Japan, Gro\u00dfbritannien, EU<\/p>\n<p><strong data-start=\"2137\" data-end=\"2158\">Unterst\u00fctzte Ger\u00e4te: <\/strong>Mobiltelefone, Tablets, andere USB-C-Ger\u00e4te<\/p>\n<p><strong data-start=\"2209\" data-end=\"2229\">Verf\u00fcgbare Farben: <\/strong>Schwarz, Wei\u00df<\/p>\n<p><strong data-start=\"2249\" data-end=\"2261\">Material: <\/strong>PC (Geh\u00e4use)<\/p>\n<p><strong data-start=\"2281\" data-end=\"2291\">Gewicht: <\/strong>48 g<\/p>\n<p><strong data-start=\"2303\" data-end=\"2314\">Verpackung: <\/strong>PE-Beutelverpackung<\/p>\n<p><strong data-start=\"2336\" data-end=\"2359\">Schutzfunktionen: <\/strong>Kurzschlussschutz, \u00dcberspannungsschutz, \u00dcberstromschutz, \u00dcberlastschutz, R\u00fcckflussschutz<\/p>\n<p><strong data-start=\"2485\" data-end=\"2506\">Effizienzbewertung: <\/strong>VI<\/p>\n<p><strong data-start=\"2516\" data-end=\"2534\">Zertifizierungen: <\/strong>CE, FCC, ETL, KC, PSE, UKCA, RoHS, REACH<\/p>","protected":false},"featured_media":1360,"comment_status":"open","ping_status":"closed","template":"","meta":{"_acf_changed":false,"site-sidebar-layout":"default","site-content-layout":"","ast-site-content-layout":"default","site-content-style":"default","site-sidebar-style":"default","ast-global-header-display":"","ast-banner-title-visibility":"","ast-main-header-display":"","ast-hfb-above-header-display":"","ast-hfb-below-header-display":"","ast-hfb-mobile-header-display":"","site-post-title":"","ast-breadcrumbs-content":"","ast-featured-img":"","footer-sml-layout":"","ast-disable-related-posts":"","theme-transparent-header-meta":"default","adv-header-id-meta":"","stick-header-meta":"","header-above-stick-meta":"","header-main-stick-meta":"","header-below-stick-meta":"","astra-migrate-meta-layouts":"set","ast-page-background-enabled":"default","ast-page-background-meta":{"desktop":{"background-color":"var(--ast-global-color-5)","background-image":"","background-repeat":"repeat","background-position":"center center","background-size":"auto","background-attachment":"scroll","background-type":"","background-media":"","overlay-type":"","overlay-color":"","overlay-opacity":"","overlay-gradient":""},"tablet":{"background-color":"","background-image":"","background-repeat":"repeat","background-position":"center center","background-size":"auto","background-attachment":"scroll","background-type":"","background-media":"","overlay-type":"","overlay-color":"","overlay-opacity":"","overlay-gradient":""},"mobile":{"background-color":"","background-image":"","background-repeat":"repeat","background-position":"center center","background-size":"auto","background-attachment":"scroll","background-type":"","background-media":"","overlay-type":"","overlay-color":"","overlay-opacity":"","overlay-gradient":""}},"ast-content-background-meta":{"desktop":{"background-color":"var(--ast-global-color-4)","background-image":"","background-repeat":"repeat","background-position":"center center","background-size":"auto","background-attachment":"scroll","background-type":"","background-media":"","overlay-type":"","overlay-color":"","overlay-opacity":"","overlay-gradient":""},"tablet":{"background-color":"var(--ast-global-color-4)","background-image":"","background-repeat":"repeat","background-position":"center center","background-size":"auto","background-attachment":"scroll","background-type":"","background-media":"","overlay-type":"","overlay-color":"","overlay-opacity":"","overlay-gradient":""},"mobile":{"background-color":"var(--ast-global-color-4)","background-image":"","background-repeat":"repeat","background-position":"center center","background-size":"auto","background-attachment":"scroll","background-type":"","background-media":"","overlay-type":"","overlay-color":"","overlay-opacity":"","overlay-gradient":""}}},"product_brand":[],"product_cat":[45,30],"product_tag":[73,169],"class_list":{"0":"post-1358","1":"product","2":"type-product","3":"status-publish","4":"has-post-thumbnail","6":"product_cat-20w","7":"product_cat-gan-charger","8":"product_tag-20w-pd-charger","9":"product_tag-type-c-pd-adapter","10":"desktop-align-left","11":"tablet-align-left","12":"mobile-align-left","14":"first","15":"instock","16":"shipping-taxable","17":"product-type-simple"},"acf":[],"_links":{"self":[{"href":"https:\/\/szjialu.com\/de\/wp-json\/wp\/v2\/product\/1358","targetHints":{"allow":["GET"]}}],"collection":[{"href":"https:\/\/szjialu.com\/de\/wp-json\/wp\/v2\/product"}],"about":[{"href":"https:\/\/szjialu.com\/de\/wp-json\/wp\/v2\/types\/product"}],"replies":[{"embeddable":true,"href":"https:\/\/szjialu.com\/de\/wp-json\/wp\/v2\/comments?post=1358"}],"wp:featuredmedia":[{"embeddable":true,"href":"https:\/\/szjialu.com\/de\/wp-json\/wp\/v2\/media\/1360"}],"wp:attachment":[{"href":"https:\/\/szjialu.com\/de\/wp-json\/wp\/v2\/media?parent=1358"}],"wp:term":[{"taxonomy":"product_brand","embeddable":true,"href":"https:\/\/szjialu.com\/de\/wp-json\/wp\/v2\/product_brand?post=1358"},{"taxonomy":"product_cat","embeddable":true,"href":"https:\/\/szjialu.com\/de\/wp-json\/wp\/v2\/product_cat?post=1358"},{"taxonomy":"product_tag","embeddable":true,"href":"https:\/\/szjialu.com\/de\/wp-json\/wp\/v2\/product_tag?post=1358"}],"curies":[{"name":"wp","href":"https:\/\/api.w.org\/{rel}","templated":true}]}}