{"id":1355,"date":"2025-12-08T13:17:22","date_gmt":"2025-12-08T13:17:22","guid":{"rendered":"https:\/\/szjialu.com\/?post_type=product&#038;p=1355"},"modified":"2026-02-22T13:38:22","modified_gmt":"2026-02-22T13:38:22","slug":"20-w-schnellladegerat-typ-c-tr-79eu","status":"publish","type":"product","link":"https:\/\/szjialu.com\/de\/product\/20w-type-c-fast-charger-tr-79eu\/","title":{"rendered":"20W Typ-C-Schnellladeger\u00e4t TR79CEU"},"content":{"rendered":"<h2 data-start=\"941\" data-end=\"963\"><strong data-start=\"943\" data-end=\"963\">Produkt\u00fcbersicht<\/strong><\/h2>\n<p data-start=\"965\" data-end=\"1276\">Der <strong data-start=\"969\" data-end=\"1003\">20-W-PD-Ladeger\u00e4t \u2013 Modell TR79CEU<\/strong> ist ein kompaktes und leistungsstarkes USB-C-Ladeger\u00e4t, das f\u00fcr schnelles Laden einer Vielzahl mobiler Ger\u00e4te entwickelt wurde. Dank 20-Watt-Power-Delivery-Unterst\u00fctzung (PD) bietet es eine schnelle und stabile Ladeleistung bei gleichzeitig hohen Sicherheitsstandards durch mehrere integrierte Schutzmechanismen.<\/p>\n<p data-start=\"1278\" data-end=\"1590\">Entworfen mit einem leichten <strong data-start=\"1306\" data-end=\"1324\">48g PC-Geh\u00e4use<\/strong>, Die TR79CEU ist tragbar, robust und ideal f\u00fcr den t\u00e4glichen Gebrauch. Ihre Kompatibilit\u00e4t mit <strong data-start=\"1410\" data-end=\"1457\">US-, Korea-, Japan-, Gro\u00dfbritannien- und EU-Steckerstandards<\/strong> Dadurch eignet es sich f\u00fcr den weltweiten Einsatz und ist somit eine ausgezeichnete Wahl f\u00fcr Verbraucher, Einzelh\u00e4ndler und Marken, die OEM\/ODM-L\u00f6sungen suchen.<\/p>\n<h2 data-start=\"1597\" data-end=\"1625\"><strong data-start=\"1599\" data-end=\"1625\">Produktspezifikationen<\/strong><\/h2>\n<div class=\"TyagGW_tableContainer\">\n<div class=\"group TyagGW_tableWrapper flex w-fit flex-col-reverse\" tabindex=\"-1\">\n<table class=\"w-fit min-w-(--thread-content-width)\" data-start=\"1627\" data-end=\"2435\">\n<thead data-start=\"1627\" data-end=\"1653\">\n<tr data-start=\"1627\" data-end=\"1653\">\n<th data-start=\"1627\" data-end=\"1638\" data-col-size=\"sm\"><strong data-start=\"1629\" data-end=\"1637\">Artikel<\/strong><\/th>\n<th data-start=\"1638\" data-end=\"1653\" data-col-size=\"md\"><strong data-start=\"1640\" data-end=\"1651\">Details<\/strong><\/th>\n<\/tr>\n<\/thead>\n<tbody data-start=\"1680\" data-end=\"2435\">\n<tr data-start=\"1680\" data-end=\"1717\">\n<td data-start=\"1680\" data-end=\"1699\" data-col-size=\"sm\"><strong data-start=\"1682\" data-end=\"1698\">Produktname<\/strong><\/td>\n<td data-col-size=\"md\" data-start=\"1699\" data-end=\"1717\">20-W-PD-Ladeger\u00e4t<\/td>\n<\/tr>\n<tr data-start=\"1718\" data-end=\"1748\">\n<td data-start=\"1718\" data-end=\"1737\" data-col-size=\"sm\"><strong data-start=\"1720\" data-end=\"1736\">Modellnummer<\/strong><\/td>\n<td data-col-size=\"md\" data-start=\"1737\" data-end=\"1748\">TR79CEU<\/td>\n<\/tr>\n<tr data-start=\"1749\" data-end=\"1791\">\n<td data-start=\"1749\" data-end=\"1771\" data-col-size=\"sm\"><strong data-start=\"1751\" data-end=\"1770\">Herkunftsort<\/strong><\/td>\n<td data-col-size=\"md\" data-start=\"1771\" data-end=\"1791\">China (Festland)<\/td>\n<\/tr>\n<tr data-start=\"1792\" data-end=\"1858\">\n<td data-start=\"1792\" data-end=\"1811\" data-col-size=\"sm\"><strong data-start=\"1794\" data-end=\"1810\">Anwendungen<\/strong><\/td>\n<td data-col-size=\"md\" data-start=\"1811\" data-end=\"1858\">Mobiltelefone, Tablets, USB-betriebene Ger\u00e4te<\/td>\n<\/tr>\n<tr data-start=\"1859\" data-end=\"1898\">\n<td data-start=\"1859\" data-end=\"1871\" data-col-size=\"sm\"><strong data-start=\"1861\" data-end=\"1870\">Eingang<\/strong><\/td>\n<td data-col-size=\"md\" data-start=\"1871\" data-end=\"1898\">100\u2013240 V, 50\/60 Hz, 0,6 A<\/td>\n<\/tr>\n<tr data-start=\"1899\" data-end=\"1953\">\n<td data-start=\"1899\" data-end=\"1923\" data-col-size=\"sm\"><strong data-start=\"1901\" data-end=\"1922\">Ausgang (USB-C PD)<\/strong><\/td>\n<td data-col-size=\"md\" data-start=\"1923\" data-end=\"1953\">5 V\/3 A, 9 V\/2,22 A, 12 V\/1,67 A<\/td>\n<\/tr>\n<tr data-start=\"1954\" data-end=\"2009\">\n<td data-start=\"1954\" data-end=\"1977\" data-col-size=\"sm\"><strong data-start=\"1956\" data-end=\"1976\">Steckdosenstandards<\/strong><\/td>\n<td data-start=\"1977\" data-end=\"2009\" data-col-size=\"md\">USA \/ Korea \/ Japan \/ Gro\u00dfbritannien \/ EU<\/td>\n<\/tr>\n<tr data-start=\"2010\" data-end=\"2039\">\n<td data-start=\"2010\" data-end=\"2023\" data-col-size=\"sm\"><strong data-start=\"2012\" data-end=\"2022\">Farben<\/strong><\/td>\n<td data-start=\"2023\" data-end=\"2039\" data-col-size=\"md\">Schwarz, Wei\u00df<\/td>\n<\/tr>\n<tr data-start=\"2040\" data-end=\"2088\">\n<td data-start=\"2040\" data-end=\"2055\" data-col-size=\"sm\"><strong data-start=\"2042\" data-end=\"2054\">Material<\/strong><\/td>\n<td data-start=\"2055\" data-end=\"2088\" data-col-size=\"md\">PC (flammhemmend, langlebig)<\/td>\n<\/tr>\n<tr data-start=\"2089\" data-end=\"2109\">\n<td data-start=\"2089\" data-end=\"2102\" data-col-size=\"sm\"><strong data-start=\"2091\" data-end=\"2101\">Gewicht<\/strong><\/td>\n<td data-start=\"2102\" data-end=\"2109\" data-col-size=\"md\">48 g<\/td>\n<\/tr>\n<tr data-start=\"2110\" data-end=\"2134\">\n<td data-start=\"2110\" data-end=\"2124\" data-col-size=\"sm\"><strong data-start=\"2112\" data-end=\"2123\">Verpackung<\/strong><\/td>\n<td data-start=\"2124\" data-end=\"2134\" data-col-size=\"md\">PE-Beutel<\/td>\n<\/tr>\n<tr data-start=\"2135\" data-end=\"2225\">\n<td data-start=\"2135\" data-end=\"2160\" data-col-size=\"sm\"><strong data-start=\"2137\" data-end=\"2159\">Sicherheitsvorkehrungen<\/strong><\/td>\n<td data-start=\"2160\" data-end=\"2225\" data-col-size=\"md\">Kurzschluss, \u00dcberspannung, \u00dcberstrom, \u00dcberlastung, R\u00fcckfluss<\/td>\n<\/tr>\n<tr data-start=\"2226\" data-end=\"2255\">\n<td data-start=\"2226\" data-end=\"2249\" data-col-size=\"sm\"><strong data-start=\"2228\" data-end=\"2248\">Effizienzniveau<\/strong><\/td>\n<td data-start=\"2249\" data-end=\"2255\" data-col-size=\"md\">VI<\/td>\n<\/tr>\n<tr data-start=\"2256\" data-end=\"2321\">\n<td data-start=\"2256\" data-end=\"2277\" data-col-size=\"sm\"><strong data-start=\"2258\" data-end=\"2276\">Zertifizierungen<\/strong><\/td>\n<td data-start=\"2277\" data-end=\"2321\" data-col-size=\"md\">CE, FCC, ETL, KC, PSE, UKCA, RoHS, REACH<\/td>\n<\/tr>\n<tr data-start=\"2322\" data-end=\"2347\">\n<td data-start=\"2322\" data-end=\"2337\" data-col-size=\"sm\"><strong data-start=\"2324\" data-end=\"2336\">Garantie<\/strong><\/td>\n<td data-start=\"2337\" data-end=\"2347\" data-col-size=\"md\">1 Jahr<\/td>\n<\/tr>\n<tr data-start=\"2348\" data-end=\"2392\">\n<td data-start=\"2348\" data-end=\"2376\" data-col-size=\"sm\"><strong data-start=\"2350\" data-end=\"2375\">Betriebstemperatur<\/strong><\/td>\n<td data-start=\"2376\" data-end=\"2392\" data-col-size=\"md\">\u201320 \u00b0C ~ 55 \u00b0C<\/td>\n<\/tr>\n<tr data-start=\"2393\" data-end=\"2435\">\n<td data-start=\"2393\" data-end=\"2419\" data-col-size=\"sm\"><strong data-start=\"2395\" data-end=\"2418\">Lagertemperatur<\/strong><\/td>\n<td data-start=\"2419\" data-end=\"2435\" data-col-size=\"md\">\u201340 \u00b0C ~ 70 \u00b0C<\/td>\n<\/tr>\n<\/tbody>\n<\/table>\n<\/div>\n<\/div>\n<figure id=\"attachment_1356\" aria-describedby=\"caption-attachment-1356\" style=\"width: 848px\" class=\"wp-caption alignnone\"><img fetchpriority=\"high\" decoding=\"async\" class=\"wp-image-1356\" src=\"https:\/\/szjialu.com\/wp-content\/uploads\/2025\/12\/\u4e3b\u56fe1-13-300x300.jpg\" alt=\"20-W-PD-Ladeger\u00e4t\" width=\"848\" height=\"848\" srcset=\"https:\/\/szjialu.com\/wp-content\/uploads\/2025\/12\/\u4e3b\u56fe1-13-300x300.jpg 300w, https:\/\/szjialu.com\/wp-content\/uploads\/2025\/12\/\u4e3b\u56fe1-13-150x150.jpg 150w, https:\/\/szjialu.com\/wp-content\/uploads\/2025\/12\/\u4e3b\u56fe1-13-768x768.jpg 768w, https:\/\/szjialu.com\/wp-content\/uploads\/2025\/12\/\u4e3b\u56fe1-13-600x600.jpg 600w, https:\/\/szjialu.com\/wp-content\/uploads\/2025\/12\/\u4e3b\u56fe1-13-100x100.jpg 100w, https:\/\/szjialu.com\/wp-content\/uploads\/2025\/12\/\u4e3b\u56fe1-13-64x64.jpg 64w, https:\/\/szjialu.com\/wp-content\/uploads\/2025\/12\/\u4e3b\u56fe1-13.jpg 800w\" sizes=\"(max-width: 848px) 100vw, 848px\" \/><figcaption id=\"caption-attachment-1356\" class=\"wp-caption-text\">20-W-PD-Ladeger\u00e4t<\/figcaption><\/figure>\n<h2 data-start=\"2442\" data-end=\"2462\"><strong data-start=\"2444\" data-end=\"2462\">Verkaufsargumente<\/strong><\/h2>\n<p data-start=\"2464\" data-end=\"2515\"><strong data-start=\"2468\" data-end=\"2513\">1. 20-W-USB-C-Schnellladung<\/strong><\/p>\n<p data-start=\"2516\" data-end=\"2625\">Bietet Hochgeschwindigkeitsladung f\u00fcr Smartphones und Tablets, deutlich schneller als herk\u00f6mmliche 5W\/10W-Ladeger\u00e4te.<\/p>\n<p data-start=\"2627\" data-end=\"2663\"><strong data-start=\"2631\" data-end=\"2661\">2. Ideal f\u00fcr weltweite Reisen<\/strong><\/p>\n<p data-start=\"2664\" data-end=\"2794\">Unterst\u00fctzt mehrere Steckerstandards (US\/KR\/JP\/GB\/EU) und ist damit die perfekte Wahl f\u00fcr internationale Reisende und globale Vertriebspartner.<\/p>\n<p data-start=\"2796\" data-end=\"2830\"><strong data-start=\"2800\" data-end=\"2828\">3. Kompakt und leicht<\/strong><\/p>\n<p data-start=\"2831\" data-end=\"2931\">Gewicht: nur <strong data-start=\"2845\" data-end=\"2852\">48 g<\/strong>, Der TR79CEU ist bequem zu tragen, einfach zu verstauen und ideal f\u00fcr den t\u00e4glichen Gebrauch.<\/p>\n<p data-start=\"2933\" data-end=\"2972\"><strong data-start=\"2937\" data-end=\"2970\">4. Vollst\u00e4ndiger Sicherheitsschutz<\/strong><\/p>\n<p data-start=\"2973\" data-end=\"3008\">Zu den integrierten Sicherheitsmerkmalen geh\u00f6ren:<\/p>\n<ul data-start=\"3009\" data-end=\"3142\">\n<li data-start=\"3009\" data-end=\"3037\">\n<p data-start=\"3011\" data-end=\"3037\">Kurzschlussschutz<\/p>\n<\/li>\n<li data-start=\"3038\" data-end=\"3065\">\n<p data-start=\"3040\" data-end=\"3065\">\u00dcberspannungsschutz<\/p>\n<\/li>\n<li data-start=\"3066\" data-end=\"3093\">\n<p data-start=\"3068\" data-end=\"3093\">\u00dcberstromschutz<\/p>\n<\/li>\n<li data-start=\"3094\" data-end=\"3118\">\n<p data-start=\"3096\" data-end=\"3118\">\u00dcberlastschutz<\/p>\n<\/li>\n<li data-start=\"3119\" data-end=\"3142\">\n<p data-start=\"3121\" data-end=\"3142\">R\u00fcckflussschutz<\/p>\n<\/li>\n<\/ul>\n<p data-start=\"3144\" data-end=\"3198\">Dies gew\u00e4hrleistet ein sicheres und stabiles Laden aller Ger\u00e4te.<\/p>\n<p data-start=\"3200\" data-end=\"3257\"><strong data-start=\"3204\" data-end=\"3255\">5. Hochwertiges Material und hervorragende Haltbarkeit<\/strong><\/p>\n<p data-start=\"3258\" data-end=\"3365\">Hergestellt aus hochwertigem PC-Material, das flammhemmend und sto\u00dffest ist und somit langfristige Zuverl\u00e4ssigkeit gew\u00e4hrleistet.<\/p>\n<p data-start=\"3367\" data-end=\"3408\"><strong data-start=\"3371\" data-end=\"3406\">6. Internationale Zertifizierungen<\/strong><\/p>\n<p data-start=\"3409\" data-end=\"3534\">Die Zertifizierungen CE, FCC, ETL, KC, PSE, UKCA, RoHS und REACH gew\u00e4hrleisten die Einhaltung globaler Sicherheits- und Umweltstandards.<\/p>\n<p data-start=\"3536\" data-end=\"3562\"><strong data-start=\"3540\" data-end=\"3560\">7. OEM\/ODM-f\u00e4hig<\/strong><\/p>\n<p data-start=\"3563\" data-end=\"3678\">Perfekt f\u00fcr Marken, die eine individuelle Anpassung unter ihrer eigenen Marke w\u00fcnschen \u2013 sei es f\u00fcr Verpackungen, Branding oder Modifikationen an Steckertypen.<\/p>\n<h2 data-start=\"3685\" data-end=\"3703\"><strong data-start=\"3687\" data-end=\"3703\">Anwendungen<\/strong><\/h2>\n<ul data-start=\"3705\" data-end=\"4009\">\n<li data-start=\"3705\" data-end=\"3761\">\n<p data-start=\"3707\" data-end=\"3761\">Aufladen von Smartphones (iPhone, Samsung, Xiaomi usw.).<\/p>\n<\/li>\n<li data-start=\"3762\" data-end=\"3815\">\n<p data-start=\"3764\" data-end=\"3815\">Aufladen von Tablets wie iPads und Android-Tablets<\/p>\n<\/li>\n<li data-start=\"3816\" data-end=\"3880\">\n<p data-start=\"3818\" data-end=\"3880\">Stromversorgung tragbarer Ger\u00e4te wie Ohrh\u00f6rer, Kameras, Powerbanks<\/p>\n<\/li>\n<li data-start=\"3881\" data-end=\"3918\">\n<p data-start=\"3883\" data-end=\"3918\">Laden zu Hause, im B\u00fcro und unterwegs<\/p>\n<\/li>\n<li data-start=\"3919\" data-end=\"3965\">\n<p data-start=\"3921\" data-end=\"3965\">Einzelhandels-, Gro\u00dfhandels- und Werbepakete<\/p>\n<\/li>\n<li data-start=\"3966\" data-end=\"4009\">\n<p data-start=\"3968\" data-end=\"4009\">OEM\/ODM-Projekte f\u00fcr Elektronikmarken<\/p>\n<\/li>\n<\/ul>\n<h2 data-start=\"4016\" data-end=\"4062\"><strong data-start=\"4018\" data-end=\"4062\">Unternehmensvorteil<\/strong><\/h2>\n<p data-start=\"4064\" data-end=\"4258\"><strong data-start=\"4064\" data-end=\"4093\">Shenzhen Jialu Technologie<\/strong> ist bekannt f\u00fcr seine hohe Fertigungskompetenz und flexiblen Anpassungsm\u00f6glichkeiten. Ein wesentlicher Vorteil des Unternehmens ist die <strong data-start=\"4217\" data-end=\"4241\">vollst\u00e4ndige OEM\/ODM-Unterst\u00fctzung<\/strong>, wozu Folgendes geh\u00f6rt:<\/p>\n<ul data-start=\"4260\" data-end=\"4542\">\n<li data-start=\"4260\" data-end=\"4303\">\n<p data-start=\"4262\" data-end=\"4303\">Interne Entwicklungs- und Designunterst\u00fctzung<\/p>\n<\/li>\n<li data-start=\"4304\" data-end=\"4363\">\n<p data-start=\"4306\" data-end=\"4363\">Individuelle Markenentwicklung, Logodruck und Verpackungsl\u00f6sungen<\/p>\n<\/li>\n<li data-start=\"4364\" data-end=\"4422\">\n<p data-start=\"4366\" data-end=\"4422\">Unterst\u00fctzung f\u00fcr personalisierte Steckertypen und Spezifikationen<\/p>\n<\/li>\n<li data-start=\"4423\" data-end=\"4471\">\n<p data-start=\"4425\" data-end=\"4471\">Strenge Qualit\u00e4tskontrolle w\u00e4hrend der gesamten Produktion<\/p>\n<\/li>\n<li data-start=\"4472\" data-end=\"4542\">\n<p data-start=\"4474\" data-end=\"4542\">Erfahrung in der Bedienung globaler M\u00e4rkte mit zertifizierten Ladeprodukten<\/p>\n<\/li>\n<\/ul>\n<p data-start=\"4544\" data-end=\"4685\">Damit ist Jialu ein idealer Partner f\u00fcr Marken und Vertriebsh\u00e4ndler, die eine zuverl\u00e4ssige Ladeger\u00e4teherstellung mit professionellen Anpassungsm\u00f6glichkeiten suchen.<\/p>\n<h2 data-start=\"4692\" data-end=\"4709\"><strong data-start=\"4694\" data-end=\"4709\">Produkt-FAQ<\/strong><\/h2>\n<p data-start=\"4711\" data-end=\"4764\"><strong data-start=\"4715\" data-end=\"4762\">Frage 1: Unterst\u00fctzt der TR79CEU Schnellladen?<\/strong><\/p>\n<p data-start=\"4765\" data-end=\"4863\">Ja. Es bietet 20-W-PD-Schnellladung \u00fcber USB-C und ist f\u00fcr die meisten modernen Smartphones und Tablets geeignet.<\/p>\n<p data-start=\"4865\" data-end=\"4926\"><strong data-start=\"4869\" data-end=\"4924\">Frage 2: Welche Ger\u00e4te sind mit diesem Ladeger\u00e4t kompatibel?<\/strong><\/p>\n<p data-start=\"4927\" data-end=\"5020\">Alle USB-C-Ger\u00e4te, einschlie\u00dflich iPhones, Android-Handys, Tablets, Ohrh\u00f6rer, Powerbanks und mehr.<\/p>\n<p data-start=\"5022\" data-end=\"5074\"><strong data-start=\"5026\" data-end=\"5072\">Frage 3: Kann dieses Ladeger\u00e4t bedenkenlos \u00fcber Nacht verwendet werden?<\/strong><\/p>\n<p data-start=\"5075\" data-end=\"5180\">Ja. Das Ladeger\u00e4t verf\u00fcgt \u00fcber mehrere Schutzmechanismen, um jederzeit ein sicheres und stabiles Laden zu gew\u00e4hrleisten.<\/p>\n<p data-start=\"5182\" data-end=\"5242\"><strong data-start=\"5186\" data-end=\"5240\">Frage 4: Kann ich dieses Ladeger\u00e4t in verschiedenen L\u00e4ndern verwenden?<\/strong><\/p>\n<p data-start=\"5243\" data-end=\"5347\">Ja. Dank der verschiedenen verf\u00fcgbaren Steckerstandards (US\/KR\/JP\/GB\/EU) und des Eingangsspannungsbereichs von 100\u2013240 V ist es weltweit einsetzbar.<\/p>\n<p data-start=\"5349\" data-end=\"5398\"><strong data-start=\"5353\" data-end=\"5396\">Frage 5: Wird eine OEM\/ODM-Anpassung unterst\u00fctzt?<\/strong><\/p>\n<p data-start=\"5399\" data-end=\"5494\">Absolut. Das Ladeger\u00e4t kann mit Ihrer Marke, Verpackung und Ihren speziellen Anforderungen individuell gestaltet werden.<\/p>\n<p data-start=\"5496\" data-end=\"5553\"><strong data-start=\"5500\" data-end=\"5551\">Frage 6: \u00dcber welche Zertifizierungen verf\u00fcgt dieses Produkt?<\/strong><\/p>\n<p data-start=\"5554\" data-end=\"5649\">Es ist nach CE, FCC, ETL, KC, PSE, UKCA, RoHS und REACH zertifiziert und erf\u00fcllt somit die Anforderungen des globalen Marktes.<\/p>","protected":false},"excerpt":{"rendered":"<p><strong data-start=\"1682\" data-end=\"1698\">Produktname: <\/strong>20-W-PD-Ladeger\u00e4t<\/p>\n<p><strong data-start=\"1720\" data-end=\"1736\">Modellnummer: <\/strong>TR79CEU<\/p>\n<p><strong data-start=\"1751\" data-end=\"1770\">Herkunftsort: <\/strong>China (Festland)<\/p>\n<p><strong data-start=\"1794\" data-end=\"1810\">Anwendungsbereiche: <\/strong>Mobiltelefone, Tablets, USB-betriebene Ger\u00e4te<\/p>\n<p><strong data-start=\"1861\" data-end=\"1870\">Eingang: <\/strong>100\u2013240 V, 50\/60 Hz, 0,6 A<\/p>\n<p><strong data-start=\"1901\" data-end=\"1922\">Ausgang (Typ C PD): <\/strong>5 V\/3 A, 9 V\/2,22 A, 12 V\/1,67 A<\/p>\n<p><strong data-start=\"1956\" data-end=\"1976\">Steckdosenstandards: <\/strong>USA \/ Korea \/ Japan \/ Gro\u00dfbritannien \/ EU<\/p>\n<p><strong data-start=\"2012\" data-end=\"2022\">Farben: <\/strong>Schwarz, Wei\u00df<\/p>\n<p><strong data-start=\"2042\" data-end=\"2054\">Material: <\/strong>PC (flammhemmend, langlebig)<\/p>\n<p><strong data-start=\"2091\" data-end=\"2101\">Gewicht: <\/strong>48 g<\/p>\n<p><strong data-start=\"2112\" data-end=\"2123\">Verpackung: <\/strong>PE-Beutel<\/p>\n<p><strong data-start=\"2137\" data-end=\"2159\">Sicherheitsvorkehrungen: <\/strong>Kurzschluss, \u00dcberspannung, \u00dcberstrom, \u00dcberlastung, R\u00fcckfluss<\/p>\n<p><strong data-start=\"2228\" data-end=\"2248\">Effizienzniveau: <\/strong>VI<\/p>\n<p><strong data-start=\"2258\" data-end=\"2276\">Zertifizierungen: <\/strong>CE, FCC, ETL, KC, PSE, UKCA, RoHS, REACH<\/p>","protected":false},"featured_media":1356,"comment_status":"open","ping_status":"closed","template":"","meta":{"_acf_changed":false,"site-sidebar-layout":"default","site-content-layout":"","ast-site-content-layout":"default","site-content-style":"default","site-sidebar-style":"default","ast-global-header-display":"","ast-banner-title-visibility":"","ast-main-header-display":"","ast-hfb-above-header-display":"","ast-hfb-below-header-display":"","ast-hfb-mobile-header-display":"","site-post-title":"","ast-breadcrumbs-content":"","ast-featured-img":"","footer-sml-layout":"","ast-disable-related-posts":"","theme-transparent-header-meta":"default","adv-header-id-meta":"","stick-header-meta":"","header-above-stick-meta":"","header-main-stick-meta":"","header-below-stick-meta":"","astra-migrate-meta-layouts":"set","ast-page-background-enabled":"default","ast-page-background-meta":{"desktop":{"background-color":"var(--ast-global-color-5)","background-image":"","background-repeat":"repeat","background-position":"center center","background-size":"auto","background-attachment":"scroll","background-type":"","background-media":"","overlay-type":"","overlay-color":"","overlay-opacity":"","overlay-gradient":""},"tablet":{"background-color":"","background-image":"","background-repeat":"repeat","background-position":"center center","background-size":"auto","background-attachment":"scroll","background-type":"","background-media":"","overlay-type":"","overlay-color":"","overlay-opacity":"","overlay-gradient":""},"mobile":{"background-color":"","background-image":"","background-repeat":"repeat","background-position":"center center","background-size":"auto","background-attachment":"scroll","background-type":"","background-media":"","overlay-type":"","overlay-color":"","overlay-opacity":"","overlay-gradient":""}},"ast-content-background-meta":{"desktop":{"background-color":"var(--ast-global-color-4)","background-image":"","background-repeat":"repeat","background-position":"center center","background-size":"auto","background-attachment":"scroll","background-type":"","background-media":"","overlay-type":"","overlay-color":"","overlay-opacity":"","overlay-gradient":""},"tablet":{"background-color":"var(--ast-global-color-4)","background-image":"","background-repeat":"repeat","background-position":"center center","background-size":"auto","background-attachment":"scroll","background-type":"","background-media":"","overlay-type":"","overlay-color":"","overlay-opacity":"","overlay-gradient":""},"mobile":{"background-color":"var(--ast-global-color-4)","background-image":"","background-repeat":"repeat","background-position":"center center","background-size":"auto","background-attachment":"scroll","background-type":"","background-media":"","overlay-type":"","overlay-color":"","overlay-opacity":"","overlay-gradient":""}}},"product_brand":[],"product_cat":[45,30],"product_tag":[73,130,168],"class_list":{"0":"post-1355","1":"product","2":"type-product","3":"status-publish","4":"has-post-thumbnail","6":"product_cat-20w","7":"product_cat-gan-charger","8":"product_tag-20w-pd-charger","9":"product_tag-ce-certified-charger","10":"product_tag-type-c-fast-charger","11":"desktop-align-left","12":"tablet-align-left","13":"mobile-align-left","15":"first","16":"instock","17":"shipping-taxable","18":"product-type-simple"},"acf":[],"_links":{"self":[{"href":"https:\/\/szjialu.com\/de\/wp-json\/wp\/v2\/product\/1355","targetHints":{"allow":["GET"]}}],"collection":[{"href":"https:\/\/szjialu.com\/de\/wp-json\/wp\/v2\/product"}],"about":[{"href":"https:\/\/szjialu.com\/de\/wp-json\/wp\/v2\/types\/product"}],"replies":[{"embeddable":true,"href":"https:\/\/szjialu.com\/de\/wp-json\/wp\/v2\/comments?post=1355"}],"wp:featuredmedia":[{"embeddable":true,"href":"https:\/\/szjialu.com\/de\/wp-json\/wp\/v2\/media\/1356"}],"wp:attachment":[{"href":"https:\/\/szjialu.com\/de\/wp-json\/wp\/v2\/media?parent=1355"}],"wp:term":[{"taxonomy":"product_brand","embeddable":true,"href":"https:\/\/szjialu.com\/de\/wp-json\/wp\/v2\/product_brand?post=1355"},{"taxonomy":"product_cat","embeddable":true,"href":"https:\/\/szjialu.com\/de\/wp-json\/wp\/v2\/product_cat?post=1355"},{"taxonomy":"product_tag","embeddable":true,"href":"https:\/\/szjialu.com\/de\/wp-json\/wp\/v2\/product_tag?post=1355"}],"curies":[{"name":"wp","href":"https:\/\/api.w.org\/{rel}","templated":true}]}}