{"id":1350,"date":"2025-12-08T12:49:15","date_gmt":"2025-12-08T12:49:15","guid":{"rendered":"https:\/\/szjialu.com\/?post_type=product&#038;p=1350"},"modified":"2026-02-22T13:32:32","modified_gmt":"2026-02-22T13:32:32","slug":"20w-pd-schnellladegerat-tr79ckr","status":"publish","type":"product","link":"https:\/\/szjialu.com\/de\/product\/20w-pd-fast-charger-tr79ckr\/","title":{"rendered":"20W PD Schnellladeger\u00e4t TR79CKR"},"content":{"rendered":"<h2 data-start=\"1044\" data-end=\"1066\"><strong data-start=\"1046\" data-end=\"1066\">Produkt\u00fcbersicht<\/strong><\/h2>\n<p data-start=\"1068\" data-end=\"1388\">Der <strong data-start=\"1072\" data-end=\"1106\">20-W-PD-Schnellladeger\u00e4t \u2013 Modell TR79CKR<\/strong> Dieses Ladeger\u00e4t ist eine leistungsstarke, reisefreundliche Ladel\u00f6sung f\u00fcr moderne Smartphones, Tablets und tragbare Ger\u00e4te. Dank USB-C-Power-Delivery (PD) bietet es eine schnelle und stabile Stromabgabe bei gleichzeitig hoher Sicherheit durch integrierte Schutzsysteme.<\/p>\n<p data-start=\"1390\" data-end=\"1704\">Hergestellt aus robustem PC-Material und mit einem Gewicht von nur <strong data-start=\"1445\" data-end=\"1452\">48 g<\/strong>, Der TR79CKR ist leicht genug f\u00fcr Reisen und gleichzeitig robust genug f\u00fcr den t\u00e4glichen Gebrauch. Mit Unterst\u00fctzung f\u00fcr <strong data-start=\"1549\" data-end=\"1596\">US-, Korea-, Japan-, Gro\u00dfbritannien- und EU-Steckerstandards<\/strong>, Es l\u00e4sst sich problemlos an globale M\u00e4rkte anpassen \u2013 und ist daher ideal f\u00fcr Einzelh\u00e4ndler, Distributoren und OEM\/ODM-Anpassungen.<\/p>\n<h2 data-start=\"1711\" data-end=\"1731\"><strong data-start=\"1713\" data-end=\"1731\">Spezifikationen<\/strong><\/h2>\n<div class=\"TyagGW_tableContainer\">\n<div class=\"group TyagGW_tableWrapper flex w-fit flex-col-reverse\" tabindex=\"-1\">\n<table class=\"w-fit min-w-(--thread-content-width)\" data-start=\"1733\" data-end=\"2544\">\n<thead data-start=\"1733\" data-end=\"1763\">\n<tr data-start=\"1733\" data-end=\"1763\">\n<th data-start=\"1733\" data-end=\"1748\" data-col-size=\"sm\"><strong data-start=\"1735\" data-end=\"1747\">Kategorie<\/strong><\/th>\n<th data-start=\"1748\" data-end=\"1763\" data-col-size=\"md\"><strong data-start=\"1750\" data-end=\"1761\">Details<\/strong><\/th>\n<\/tr>\n<\/thead>\n<tbody data-start=\"1795\" data-end=\"2544\">\n<tr data-start=\"1795\" data-end=\"1832\">\n<td data-start=\"1795\" data-end=\"1814\" data-col-size=\"sm\"><strong data-start=\"1797\" data-end=\"1813\">Produktname<\/strong><\/td>\n<td data-start=\"1814\" data-end=\"1832\" data-col-size=\"md\">20-W-PD-Ladeger\u00e4t<\/td>\n<\/tr>\n<tr data-start=\"1833\" data-end=\"1863\">\n<td data-start=\"1833\" data-end=\"1852\" data-col-size=\"sm\"><strong data-start=\"1835\" data-end=\"1851\">Modellnummer<\/strong><\/td>\n<td data-start=\"1852\" data-end=\"1863\" data-col-size=\"md\">TR79CKR<\/td>\n<\/tr>\n<tr data-start=\"1864\" data-end=\"1897\">\n<td data-start=\"1864\" data-end=\"1877\" data-col-size=\"sm\"><strong data-start=\"1866\" data-end=\"1876\">Herkunft<\/strong><\/td>\n<td data-start=\"1877\" data-end=\"1897\" data-col-size=\"md\">China (Festland)<\/td>\n<\/tr>\n<tr data-start=\"1898\" data-end=\"1974\">\n<td data-start=\"1898\" data-end=\"1917\" data-col-size=\"sm\"><strong data-start=\"1900\" data-end=\"1916\">Anwendungen<\/strong><\/td>\n<td data-start=\"1917\" data-end=\"1974\" data-col-size=\"md\">Mobiltelefone, Tablets und andere USB-betriebene Ger\u00e4te<\/td>\n<\/tr>\n<tr data-start=\"1975\" data-end=\"2014\">\n<td data-start=\"1975\" data-end=\"1987\" data-col-size=\"sm\"><strong data-start=\"1977\" data-end=\"1986\">Eingang<\/strong><\/td>\n<td data-start=\"1987\" data-end=\"2014\" data-col-size=\"md\">100\u2013240 V, 50\/60 Hz, 0,6 A<\/td>\n<\/tr>\n<tr data-start=\"2015\" data-end=\"2069\">\n<td data-start=\"2015\" data-end=\"2039\" data-col-size=\"sm\"><strong data-start=\"2017\" data-end=\"2038\">Ausgang (USB-C PD)<\/strong><\/td>\n<td data-start=\"2039\" data-end=\"2069\" data-col-size=\"md\">5 V\/3 A, 9 V\/2,22 A, 12 V\/1,67 A<\/td>\n<\/tr>\n<tr data-start=\"2070\" data-end=\"2123\">\n<td data-start=\"2070\" data-end=\"2091\" data-col-size=\"sm\"><strong data-start=\"2072\" data-end=\"2090\">Steckerstandards<\/strong><\/td>\n<td data-start=\"2091\" data-end=\"2123\" data-col-size=\"md\">USA \/ Korea \/ Japan \/ Gro\u00dfbritannien \/ EU<\/td>\n<\/tr>\n<tr data-start=\"2124\" data-end=\"2160\">\n<td data-start=\"2124\" data-end=\"2144\" data-col-size=\"sm\"><strong data-start=\"2126\" data-end=\"2143\">Farboptionen<\/strong><\/td>\n<td data-start=\"2144\" data-end=\"2160\" data-col-size=\"md\">Schwarz, Wei\u00df<\/td>\n<\/tr>\n<tr data-start=\"2161\" data-end=\"2204\">\n<td data-start=\"2161\" data-end=\"2176\" data-col-size=\"sm\"><strong data-start=\"2163\" data-end=\"2175\">Material<\/strong><\/td>\n<td data-start=\"2176\" data-end=\"2204\" data-col-size=\"md\">Flammhemmendes PC-Geh\u00e4use<\/td>\n<\/tr>\n<tr data-start=\"2205\" data-end=\"2225\">\n<td data-start=\"2205\" data-end=\"2218\" data-col-size=\"sm\"><strong data-start=\"2207\" data-end=\"2217\">Gewicht<\/strong><\/td>\n<td data-start=\"2218\" data-end=\"2225\" data-col-size=\"md\">48 g<\/td>\n<\/tr>\n<tr data-start=\"2226\" data-end=\"2250\">\n<td data-start=\"2226\" data-end=\"2240\" data-col-size=\"sm\"><strong data-start=\"2228\" data-end=\"2239\">Verpackung<\/strong><\/td>\n<td data-start=\"2240\" data-end=\"2250\" data-col-size=\"md\">PE-Beutel<\/td>\n<\/tr>\n<tr data-start=\"2251\" data-end=\"2334\">\n<td data-start=\"2251\" data-end=\"2269\" data-col-size=\"sm\"><strong data-start=\"2253\" data-end=\"2268\">Schutzma\u00dfnahmen<\/strong><\/td>\n<td data-start=\"2269\" data-end=\"2334\" data-col-size=\"md\">Kurzschluss, \u00dcberspannung, \u00dcberstrom, \u00dcberlastung, R\u00fcckfluss<\/td>\n<\/tr>\n<tr data-start=\"2335\" data-end=\"2364\">\n<td data-start=\"2335\" data-end=\"2358\" data-col-size=\"sm\"><strong data-start=\"2337\" data-end=\"2357\">Effizienzniveau<\/strong><\/td>\n<td data-start=\"2358\" data-end=\"2364\" data-col-size=\"md\">VI<\/td>\n<\/tr>\n<tr data-start=\"2365\" data-end=\"2430\">\n<td data-start=\"2365\" data-end=\"2386\" data-col-size=\"sm\"><strong data-start=\"2367\" data-end=\"2385\">Zertifizierungen<\/strong><\/td>\n<td data-start=\"2386\" data-end=\"2430\" data-col-size=\"md\">CE, FCC, ETL, KC, PSE, UKCA, RoHS, REACH<\/td>\n<\/tr>\n<tr data-start=\"2431\" data-end=\"2456\">\n<td data-start=\"2431\" data-end=\"2446\" data-col-size=\"sm\"><strong data-start=\"2433\" data-end=\"2445\">Garantie<\/strong><\/td>\n<td data-start=\"2446\" data-end=\"2456\" data-col-size=\"md\">1 Jahr<\/td>\n<\/tr>\n<tr data-start=\"2457\" data-end=\"2501\">\n<td data-start=\"2457\" data-end=\"2485\" data-col-size=\"sm\"><strong data-start=\"2459\" data-end=\"2484\">Betriebstemperatur<\/strong><\/td>\n<td data-start=\"2485\" data-end=\"2501\" data-col-size=\"md\">\u201320 \u00b0C ~ 55 \u00b0C<\/td>\n<\/tr>\n<tr data-start=\"2502\" data-end=\"2544\">\n<td data-start=\"2502\" data-end=\"2528\" data-col-size=\"sm\"><strong data-start=\"2504\" data-end=\"2527\">Lagertemperatur<\/strong><\/td>\n<td data-start=\"2528\" data-end=\"2544\" data-col-size=\"md\">\u201340 \u00b0C ~ 70 \u00b0C<\/td>\n<\/tr>\n<\/tbody>\n<\/table>\n<\/div>\n<\/div>\n<figure id=\"attachment_1351\" aria-describedby=\"caption-attachment-1351\" style=\"width: 676px\" class=\"wp-caption alignnone\"><img fetchpriority=\"high\" decoding=\"async\" class=\"wp-image-1351\" src=\"https:\/\/szjialu.com\/wp-content\/uploads\/2025\/12\/\u4e3b\u56fe1-11-300x300.jpg\" alt=\"20-W-PD-Schnellladeger\u00e4t\" width=\"676\" height=\"676\" srcset=\"https:\/\/szjialu.com\/wp-content\/uploads\/2025\/12\/\u4e3b\u56fe1-11-300x300.jpg 300w, https:\/\/szjialu.com\/wp-content\/uploads\/2025\/12\/\u4e3b\u56fe1-11-150x150.jpg 150w, https:\/\/szjialu.com\/wp-content\/uploads\/2025\/12\/\u4e3b\u56fe1-11-768x768.jpg 768w, https:\/\/szjialu.com\/wp-content\/uploads\/2025\/12\/\u4e3b\u56fe1-11-600x600.jpg 600w, https:\/\/szjialu.com\/wp-content\/uploads\/2025\/12\/\u4e3b\u56fe1-11-100x100.jpg 100w, https:\/\/szjialu.com\/wp-content\/uploads\/2025\/12\/\u4e3b\u56fe1-11-64x64.jpg 64w, https:\/\/szjialu.com\/wp-content\/uploads\/2025\/12\/\u4e3b\u56fe1-11.jpg 800w\" sizes=\"(max-width: 676px) 100vw, 676px\" \/><figcaption id=\"caption-attachment-1351\" class=\"wp-caption-text\">20-W-PD-Schnellladeger\u00e4t<\/figcaption><\/figure>\n<h2 data-start=\"2551\" data-end=\"2571\"><strong data-start=\"2553\" data-end=\"2571\">Verkaufsargumente<\/strong><\/h2>\n<h3 data-start=\"2573\" data-end=\"2618\"><strong data-start=\"2577\" data-end=\"2616\">1. Schnelles und effizientes 20-W-PD-Laden<\/strong><\/h3>\n<p data-start=\"2619\" data-end=\"2757\">Unterst\u00fctzt Stromversorgung bis zu <strong data-start=\"2649\" data-end=\"2656\">20 W<\/strong>, und erm\u00f6glicht so ein deutlich schnelleres Laden von Smartphones und Tablets im Vergleich zu Standardladeger\u00e4ten.<\/p>\n<h3 data-start=\"2759\" data-end=\"2801\"><strong data-start=\"2763\" data-end=\"2799\">2. Universelle globale Steckeroptionen<\/strong><\/h3>\n<p data-start=\"2802\" data-end=\"2927\">Erh\u00e4ltlich in verschiedenen Steckerformaten (US\/KR\/JP\/EU\/UK), wodurch es sich ideal f\u00fcr internationale Reisen und den weltweiten Einzelhandel eignet.<\/p>\n<h3 data-start=\"2929\" data-end=\"2963\"><strong data-start=\"2933\" data-end=\"2961\">3. Leicht und kompakt<\/strong><\/h3>\n<p data-start=\"2964\" data-end=\"3099\">Bei nur <strong data-start=\"2972\" data-end=\"2979\">48 g<\/strong>, Der TR79CKR bietet hohe Leistung in einem kompakten Formfaktor, der problemlos in Taschen, Handtaschen und Reisekoffer passt.<\/p>\n<h3 data-start=\"3101\" data-end=\"3141\"><strong data-start=\"3105\" data-end=\"3139\">4. Mehrfache Sicherheitsvorkehrungen<\/strong><\/h3>\n<p data-start=\"3142\" data-end=\"3277\">Ausgestattet mit <strong data-start=\"3156\" data-end=\"3236\">Kurzschluss-, \u00dcberspannungs-, \u00dcberstrom-, \u00dcberlast- und R\u00fcckflussschutz<\/strong>, wodurch ein sicheres Laden aller Ger\u00e4te gew\u00e4hrleistet wird.<\/p>\n<h3 data-start=\"3279\" data-end=\"3316\"><strong data-start=\"3283\" data-end=\"3314\">5. Hochwertiges PC-Material<\/strong><\/h3>\n<p data-start=\"3317\" data-end=\"3407\">Das robuste, hitzebest\u00e4ndige PC-Geh\u00e4use gew\u00e4hrleistet auch bei h\u00e4ufigem Gebrauch eine lange Lebensdauer.<\/p>\n<h3 data-start=\"3409\" data-end=\"3460\"><strong data-start=\"3413\" data-end=\"3458\">6. Weitgehend f\u00fcr Marktkonformit\u00e4t zertifiziert.<\/strong><\/h3>\n<p data-start=\"3461\" data-end=\"3630\">Verf\u00fcgt \u00fcber wichtige internationale Zertifizierungen (CE, FCC, ETL, KC, PSE, UKCA, RoHS, REACH) und erf\u00fcllt somit alle globalen Sicherheits- und Umweltstandards.<\/p>\n<h3 data-start=\"3632\" data-end=\"3675\"><strong data-start=\"3636\" data-end=\"3673\">7. Hervorragend geeignet f\u00fcr OEM\/ODM-Projekte<\/strong><\/h3>\n<p data-start=\"3676\" data-end=\"3775\">Ideal f\u00fcr Unternehmen, die Ladeger\u00e4te unter ihrer eigenen Marke mit individuell anpassbaren Spezifikationen und Verpackungen suchen.<\/p>\n<h2 data-start=\"3782\" data-end=\"3800\"><strong data-start=\"3784\" data-end=\"3800\">Anwendungen<\/strong><\/h2>\n<ul data-start=\"3802\" data-end=\"4078\">\n<li data-start=\"3802\" data-end=\"3853\">\n<p data-start=\"3804\" data-end=\"3853\"><strong data-start=\"3804\" data-end=\"3819\">Smartphones<\/strong> (iPhone, Samsung, Huawei usw.)<\/p>\n<\/li>\n<li data-start=\"3854\" data-end=\"3877\">\n<p data-start=\"3856\" data-end=\"3877\"><strong data-start=\"3856\" data-end=\"3875\">Tablets &amp; iPads<\/strong><\/p>\n<\/li>\n<li data-start=\"3878\" data-end=\"3897\">\n<p data-start=\"3880\" data-end=\"3897\"><strong data-start=\"3880\" data-end=\"3895\">Powerbanks<\/strong><\/p>\n<\/li>\n<li data-start=\"3898\" data-end=\"3933\">\n<p data-start=\"3900\" data-end=\"3933\"><strong data-start=\"3900\" data-end=\"3931\">Ohrh\u00f6rer und kleine Elektronikger\u00e4te<\/strong><\/p>\n<\/li>\n<li data-start=\"3934\" data-end=\"3982\">\n<p data-start=\"3936\" data-end=\"3982\"><strong data-start=\"3936\" data-end=\"3980\">Ladem\u00f6glichkeiten f\u00fcr Reisen, Zuhause und B\u00fcro<\/strong><\/p>\n<\/li>\n<li data-start=\"3983\" data-end=\"4027\">\n<p data-start=\"3985\" data-end=\"4027\"><strong data-start=\"3985\" data-end=\"4025\">Einzelhandelsums\u00e4tze und Unternehmensbeschaffung<\/strong><\/p>\n<\/li>\n<li data-start=\"4028\" data-end=\"4078\">\n<p data-start=\"4030\" data-end=\"4078\"><strong data-start=\"4030\" data-end=\"4078\">OEM\/ODM-Anpassung f\u00fcr Elektronikmarken<\/strong><\/p>\n<\/li>\n<\/ul>\n<h2 data-start=\"4085\" data-end=\"4143\"><strong data-start=\"4087\" data-end=\"4143\">Unternehmensvorteil<\/strong><\/h2>\n<p data-start=\"4145\" data-end=\"4353\">Einer der Hauptvorteile einer Partnerschaft mit <strong data-start=\"4190\" data-end=\"4219\">Shenzhen Jialu Technologie<\/strong> ist die St\u00e4rke des Unternehmens <strong data-start=\"4244\" data-end=\"4280\">OEM\/ODM-Fertigungskapazit\u00e4t<\/strong>. Jialu ist spezialisiert auf Ladeger\u00e4te, Adapter und Stromversorgungsl\u00f6sungen und bietet Folgendes an:<\/p>\n<ul data-start=\"4355\" data-end=\"4667\">\n<li data-start=\"4355\" data-end=\"4419\">\n<p data-start=\"4357\" data-end=\"4419\">Professionelle Forschungs- und Entwicklungsunterst\u00fctzung sowie technische Unterst\u00fctzung f\u00fcr kundenspezifische Produkte<\/p>\n<\/li>\n<li data-start=\"4420\" data-end=\"4485\">\n<p data-start=\"4422\" data-end=\"4485\">Flexible Anpassungsm\u00f6glichkeiten bei Branding, Verpackung und Spezifikationen<\/p>\n<\/li>\n<li data-start=\"4486\" data-end=\"4544\">\n<p data-start=\"4488\" data-end=\"4544\">Stabile Produktionskapazit\u00e4t bei strenger Qualit\u00e4tskontrolle<\/p>\n<\/li>\n<li data-start=\"4545\" data-end=\"4598\">\n<p data-start=\"4547\" data-end=\"4598\">Globale Exporterfahrung und Kenntnisse im Bereich Compliance<\/p>\n<\/li>\n<li data-start=\"4599\" data-end=\"4667\">\n<p data-start=\"4601\" data-end=\"4667\">Kurze Lieferzeiten f\u00fcr Distributoren und Marken der Unterhaltungselektronik<\/p>\n<\/li>\n<\/ul>\n<p data-start=\"4669\" data-end=\"4794\">Damit ist Jialu der ideale Partner f\u00fcr Unternehmen, die hochwertige, global zertifizierte Ladeger\u00e4te mit anpassbaren Optionen suchen.<\/p>\n<h2 data-start=\"4801\" data-end=\"4818\"><strong data-start=\"4803\" data-end=\"4818\">Produkt-FAQ<\/strong><\/h2>\n<h3 data-start=\"4820\" data-end=\"4887\"><strong data-start=\"4824\" data-end=\"4885\">Frage 1: Welche Ger\u00e4te sind mit dem Ladeger\u00e4t TR79CKR kompatibel?<\/strong><\/h3>\n<p data-start=\"4888\" data-end=\"4994\">Es funktioniert mit den meisten USB-C-Ger\u00e4ten, darunter Smartphones, Tablets, Ohrh\u00f6rer, Kameras, Powerbanks und mehr.<\/p>\n<h3 data-start=\"4996\" data-end=\"5040\"><strong data-start=\"5000\" data-end=\"5038\">Frage 2: Unterst\u00fctzt es Schnellladen?<\/strong><\/h3>\n<p data-start=\"5041\" data-end=\"5196\">Ja. Mit <strong data-start=\"5051\" data-end=\"5073\">20 W Leistungsabgabe<\/strong>, Es unterst\u00fctzt das Schnellladen f\u00fcr viele Smartphones wie das iPhone 8 und neuere Modelle, Samsung PD-Ger\u00e4te und PD-kompatible Tablets.<\/p>\n<h3 data-start=\"5198\" data-end=\"5251\"><strong data-start=\"5202\" data-end=\"5249\">Frage 3: Kann ich dieses Ladeger\u00e4t auf Reisen verwenden?<\/strong><\/h3>\n<p data-start=\"5252\" data-end=\"5373\">Absolut. <strong data-start=\"5268\" data-end=\"5299\">Weitspannungseingang 100\u2013240 V<\/strong> Unterst\u00fctzt den weltweiten Einsatz und bietet Steckertypen f\u00fcr verschiedene L\u00e4nder.<\/p>\n<h3 data-start=\"5375\" data-end=\"5423\"><strong data-start=\"5379\" data-end=\"5421\">Frage 4: Ist das Aufladen \u00fcber Nacht unbedenklich?<\/strong><\/h3>\n<p data-start=\"5424\" data-end=\"5536\">Ja. Das Ladeger\u00e4t verf\u00fcgt \u00fcber mehrere Sicherheitsfunktionen wie \u00dcberspannungs-, \u00dcberstrom- und \u00dcberlastungsschutz.<\/p>\n<h3 data-start=\"5538\" data-end=\"5595\"><strong data-start=\"5542\" data-end=\"5593\">Frage 5: \u00dcber welche Zertifizierungen verf\u00fcgt dieses Ladeger\u00e4t?<\/strong><\/h3>\n<p data-start=\"5596\" data-end=\"5700\">Es tr\u00e4gt <strong data-start=\"5607\" data-end=\"5655\">CE, FCC, ETL, KC, PSE, UKCA, RoHS und REACH<\/strong> Zertifizierungen, geeignet f\u00fcr globale M\u00e4rkte.<\/p>\n<h3 data-start=\"5702\" data-end=\"5756\"><strong data-start=\"5706\" data-end=\"5754\">Frage 6: Kann es f\u00fcr OEM\/ODM-Auftr\u00e4ge angepasst werden?<\/strong><\/h3>\n<p data-start=\"5757\" data-end=\"5860\">Ja. Branding, Verpackung, Steckertyp und spezielle Spezifikationen k\u00f6nnen f\u00fcr Gro\u00dfbestellungen individuell gestaltet werden.<\/p>","protected":false},"excerpt":{"rendered":"<p><strong data-start=\"1797\" data-end=\"1813\">Produktname: <\/strong>20-W-PD-Ladeger\u00e4t<\/p>\n<p><strong data-start=\"1835\" data-end=\"1851\">Modellnummer: <\/strong>TR79CKR<\/p>\n<p><strong data-start=\"1866\" data-end=\"1876\">Herkunft: <\/strong>China (Festland)<\/p>\n<p><strong data-start=\"1900\" data-end=\"1916\">Anwendungsbereiche: <\/strong>Mobiltelefone, Tablets und andere USB-betriebene Ger\u00e4te<\/p>\n<p><strong data-start=\"1977\" data-end=\"1986\">Eingang: <\/strong>100\u2013240 V, 50\/60 Hz, 0,6 A<\/p>\n<p><strong data-start=\"2017\" data-end=\"2038\">Ausgang (USB-C PD): <\/strong>5 V\/3 A, 9 V\/2,22 A, 12 V\/1,67 A<\/p>\n<p><strong data-start=\"2072\" data-end=\"2090\">Steckerstandards: <\/strong>USA \/ Korea \/ Japan \/ Gro\u00dfbritannien \/ EU<\/p>\n<p><strong data-start=\"2126\" data-end=\"2143\">Farboptionen: <\/strong>Schwarz, Wei\u00df<\/p>\n<p><strong data-start=\"2163\" data-end=\"2175\">Material: <\/strong>Flammhemmendes PC-Geh\u00e4use<\/p>\n<p><strong data-start=\"2207\" data-end=\"2217\">Gewicht: <\/strong>48 g<\/p>\n<p><strong data-start=\"2228\" data-end=\"2239\">Verpackung: <\/strong>PE-Beutel<\/p>\n<p><strong data-start=\"2253\" data-end=\"2268\">Schutzma\u00dfnahmen: <\/strong>Kurzschluss, \u00dcberspannung, \u00dcberstrom, \u00dcberlastung, R\u00fcckfluss<\/p>\n<p><strong data-start=\"2337\" data-end=\"2357\">Effizienzniveau: <\/strong>VI<\/p>\n<p><strong data-start=\"2367\" data-end=\"2385\">Zertifizierungen: <\/strong>CE, FCC, ETL, KC, PSE, UKCA, RoHS, REACH<\/p>","protected":false},"featured_media":1351,"comment_status":"open","ping_status":"closed","template":"","meta":{"_acf_changed":false,"site-sidebar-layout":"default","site-content-layout":"","ast-site-content-layout":"default","site-content-style":"default","site-sidebar-style":"default","ast-global-header-display":"","ast-banner-title-visibility":"","ast-main-header-display":"","ast-hfb-above-header-display":"","ast-hfb-below-header-display":"","ast-hfb-mobile-header-display":"","site-post-title":"","ast-breadcrumbs-content":"","ast-featured-img":"","footer-sml-layout":"","ast-disable-related-posts":"","theme-transparent-header-meta":"default","adv-header-id-meta":"","stick-header-meta":"","header-above-stick-meta":"","header-main-stick-meta":"","header-below-stick-meta":"","astra-migrate-meta-layouts":"set","ast-page-background-enabled":"default","ast-page-background-meta":{"desktop":{"background-color":"var(--ast-global-color-5)","background-image":"","background-repeat":"repeat","background-position":"center center","background-size":"auto","background-attachment":"scroll","background-type":"","background-media":"","overlay-type":"","overlay-color":"","overlay-opacity":"","overlay-gradient":""},"tablet":{"background-color":"","background-image":"","background-repeat":"repeat","background-position":"center center","background-size":"auto","background-attachment":"scroll","background-type":"","background-media":"","overlay-type":"","overlay-color":"","overlay-opacity":"","overlay-gradient":""},"mobile":{"background-color":"","background-image":"","background-repeat":"repeat","background-position":"center center","background-size":"auto","background-attachment":"scroll","background-type":"","background-media":"","overlay-type":"","overlay-color":"","overlay-opacity":"","overlay-gradient":""}},"ast-content-background-meta":{"desktop":{"background-color":"var(--ast-global-color-4)","background-image":"","background-repeat":"repeat","background-position":"center center","background-size":"auto","background-attachment":"scroll","background-type":"","background-media":"","overlay-type":"","overlay-color":"","overlay-opacity":"","overlay-gradient":""},"tablet":{"background-color":"var(--ast-global-color-4)","background-image":"","background-repeat":"repeat","background-position":"center center","background-size":"auto","background-attachment":"scroll","background-type":"","background-media":"","overlay-type":"","overlay-color":"","overlay-opacity":"","overlay-gradient":""},"mobile":{"background-color":"var(--ast-global-color-4)","background-image":"","background-repeat":"repeat","background-position":"center center","background-size":"auto","background-attachment":"scroll","background-type":"","background-media":"","overlay-type":"","overlay-color":"","overlay-opacity":"","overlay-gradient":""}}},"product_brand":[],"product_cat":[45,30],"product_tag":[162],"class_list":{"0":"post-1350","1":"product","2":"type-product","3":"status-publish","4":"has-post-thumbnail","6":"product_cat-20w","7":"product_cat-gan-charger","8":"product_tag-20w-pd-fast-charger","9":"desktop-align-left","10":"tablet-align-left","11":"mobile-align-left","13":"first","14":"instock","15":"shipping-taxable","16":"product-type-simple"},"acf":[],"_links":{"self":[{"href":"https:\/\/szjialu.com\/de\/wp-json\/wp\/v2\/product\/1350","targetHints":{"allow":["GET"]}}],"collection":[{"href":"https:\/\/szjialu.com\/de\/wp-json\/wp\/v2\/product"}],"about":[{"href":"https:\/\/szjialu.com\/de\/wp-json\/wp\/v2\/types\/product"}],"replies":[{"embeddable":true,"href":"https:\/\/szjialu.com\/de\/wp-json\/wp\/v2\/comments?post=1350"}],"wp:featuredmedia":[{"embeddable":true,"href":"https:\/\/szjialu.com\/de\/wp-json\/wp\/v2\/media\/1351"}],"wp:attachment":[{"href":"https:\/\/szjialu.com\/de\/wp-json\/wp\/v2\/media?parent=1350"}],"wp:term":[{"taxonomy":"product_brand","embeddable":true,"href":"https:\/\/szjialu.com\/de\/wp-json\/wp\/v2\/product_brand?post=1350"},{"taxonomy":"product_cat","embeddable":true,"href":"https:\/\/szjialu.com\/de\/wp-json\/wp\/v2\/product_cat?post=1350"},{"taxonomy":"product_tag","embeddable":true,"href":"https:\/\/szjialu.com\/de\/wp-json\/wp\/v2\/product_tag?post=1350"}],"curies":[{"name":"wp","href":"https:\/\/api.w.org\/{rel}","templated":true}]}}