{"id":1346,"date":"2025-12-08T07:46:39","date_gmt":"2025-12-08T07:46:39","guid":{"rendered":"https:\/\/szjialu.com\/?post_type=product&#038;p=1346"},"modified":"2026-02-22T13:30:00","modified_gmt":"2026-02-22T13:30:00","slug":"20w-pd-ladegerat-tr79acuk","status":"publish","type":"product","link":"https:\/\/szjialu.com\/de\/product\/20w-pd-charger-tr79acuk\/","title":{"rendered":"20W PD-Ladeger\u00e4t TR79ACUK"},"content":{"rendered":"<h2 data-start=\"922\" data-end=\"943\"><strong data-start=\"949\" data-end=\"984\">20W PD-Ladeger\u00e4t (Modell TR79ACUK) <\/strong>Produkt\u00fcbersicht<\/h2>\n<p data-start=\"945\" data-end=\"1381\">Der <strong data-start=\"949\" data-end=\"984\">20W PD-Ladeger\u00e4t (Modell TR79ACUK)<\/strong> Dieses Ladeger\u00e4t bietet schnelles und zuverl\u00e4ssiges Laden in einem kompakten und reisefreundlichen Format \u2013 ideal f\u00fcr moderne Smartphones, Tablets und andere USB-Ger\u00e4te. Entwickelt und hergestellt von Shenzhen Jialu Technology Co., Ltd. (Jialu), vereint es universelle Kompatibilit\u00e4t, robuste Sicherheitsfunktionen und weltweit einsetzbare Steckeroptionen und erf\u00fcllt damit die Bed\u00fcrfnisse von Nutzern im Alltag, Reisenden und H\u00e4ndlern gleicherma\u00dfen.<\/p>\n<p data-start=\"1383\" data-end=\"1574\">Egal ob Sie ein zuverl\u00e4ssiges Ladeger\u00e4t f\u00fcr zu Hause, ein Ersatzger\u00e4t f\u00fcr die Arbeit oder eine kompakte Stromversorgungsl\u00f6sung f\u00fcr unterwegs ben\u00f6tigen, das TR79ACUK wurde entwickelt, um eine gleichbleibende Leistung ohne unn\u00f6tiges Volumen zu liefern.<\/p>\n<h2 data-start=\"1581\" data-end=\"1600\">Spezifikationen<\/h2>\n<div class=\"TyagGW_tableContainer\">\n<div class=\"group TyagGW_tableWrapper flex w-fit flex-col-reverse\" tabindex=\"-1\">\n<table class=\"w-fit min-w-(--thread-content-width)\" data-start=\"1602\" data-end=\"2559\">\n<thead data-start=\"1602\" data-end=\"1625\">\n<tr data-start=\"1602\" data-end=\"1625\">\n<th data-start=\"1602\" data-end=\"1614\" data-col-size=\"sm\">Attribut<\/th>\n<th data-start=\"1614\" data-end=\"1625\" data-col-size=\"lg\">Details<\/th>\n<\/tr>\n<\/thead>\n<tbody data-start=\"1649\" data-end=\"2559\">\n<tr data-start=\"1649\" data-end=\"1680\">\n<td data-start=\"1649\" data-end=\"1668\" data-col-size=\"sm\"><strong data-start=\"1651\" data-end=\"1667\">Modellnummer<\/strong><\/td>\n<td data-col-size=\"lg\" data-start=\"1668\" data-end=\"1680\">TR79ACUK<\/td>\n<\/tr>\n<tr data-start=\"1681\" data-end=\"1761\">\n<td data-start=\"1681\" data-end=\"1711\" data-col-size=\"sm\"><strong data-start=\"1683\" data-end=\"1710\">Stecker-\/Buchsenstandards<\/strong><\/td>\n<td data-col-size=\"lg\" data-start=\"1711\" data-end=\"1761\">USA, Korea, Japan, Gro\u00dfbritannien, EU \u2013 globale Steckeroptionen<\/td>\n<\/tr>\n<tr data-start=\"1762\" data-end=\"1811\">\n<td data-start=\"1762\" data-end=\"1774\" data-col-size=\"sm\"><strong data-start=\"1764\" data-end=\"1773\">Eingang<\/strong><\/td>\n<td data-col-size=\"lg\" data-start=\"1774\" data-end=\"1811\">100\u2013240 V Wechselstrom, 50\/60 Hz, max. 0,6 A<\/td>\n<\/tr>\n<tr data-start=\"1812\" data-end=\"1957\">\n<td data-start=\"1812\" data-end=\"1825\" data-col-size=\"sm\"><strong data-start=\"1814\" data-end=\"1824\">Ausgabe<\/strong><\/td>\n<td data-col-size=\"lg\" data-start=\"1825\" data-end=\"1957\">USB-C: 5 V\/3 A, 9 V\/2,22 A, 12 V\/1,67 A<br \/>\nUSB-A: 5 V\/3 A, 9 V\/2 A, 12 V\/1,5 A<br \/>\nUSB-A + USB-C (gemeinsam genutzt): 5 V\/3 A (gemeinsam genutzt)<\/td>\n<\/tr>\n<tr data-start=\"1958\" data-end=\"2054\">\n<td data-start=\"1958\" data-end=\"1997\" data-col-size=\"sm\"><strong data-start=\"1960\" data-end=\"1996\">Unterst\u00fctzte Ger\u00e4te \/ Anwendungen<\/strong><\/td>\n<td data-col-size=\"lg\" data-start=\"1997\" data-end=\"2054\">Mobiltelefone, Tablets und andere USB-betriebene Ger\u00e4te<\/td>\n<\/tr>\n<tr data-start=\"2055\" data-end=\"2100\">\n<td data-start=\"2055\" data-end=\"2070\" data-col-size=\"sm\"><strong data-start=\"2057\" data-end=\"2069\">Material<\/strong><\/td>\n<td data-col-size=\"lg\" data-start=\"2070\" data-end=\"2100\">PC-Geh\u00e4use (Polycarbonat)<\/td>\n<\/tr>\n<tr data-start=\"2101\" data-end=\"2124\">\n<td data-start=\"2101\" data-end=\"2114\" data-col-size=\"sm\"><strong data-start=\"2103\" data-end=\"2113\">Gewicht<\/strong><\/td>\n<td data-col-size=\"lg\" data-start=\"2114\" data-end=\"2124\">\u2248 50 g<\/td>\n<\/tr>\n<tr data-start=\"2125\" data-end=\"2161\">\n<td data-start=\"2125\" data-end=\"2145\" data-col-size=\"sm\"><strong data-start=\"2127\" data-end=\"2144\">Farboptionen<\/strong><\/td>\n<td data-col-size=\"lg\" data-start=\"2145\" data-end=\"2161\">Schwarz, Wei\u00df<\/td>\n<\/tr>\n<tr data-start=\"2162\" data-end=\"2194\">\n<td data-start=\"2162\" data-end=\"2176\" data-col-size=\"sm\"><strong data-start=\"2164\" data-end=\"2175\">Verpackung<\/strong><\/td>\n<td data-col-size=\"lg\" data-start=\"2176\" data-end=\"2194\">PE-Beutelverpackung<\/td>\n<\/tr>\n<tr data-start=\"2195\" data-end=\"2342\">\n<td data-start=\"2195\" data-end=\"2221\" data-col-size=\"sm\"><strong data-start=\"2197\" data-end=\"2220\">Sicherheit und Schutz<\/strong><\/td>\n<td data-col-size=\"lg\" data-start=\"2221\" data-end=\"2342\">Kurzschlussschutz, \u00dcberspannungsschutz, \u00dcberstromschutz, \u00dcberlastschutz, R\u00fcckflussschutz<\/td>\n<\/tr>\n<tr data-start=\"2343\" data-end=\"2373\">\n<td data-start=\"2343\" data-end=\"2367\" data-col-size=\"sm\"><strong data-start=\"2345\" data-end=\"2366\">Effizienzbewertung<\/strong><\/td>\n<td data-col-size=\"lg\" data-start=\"2367\" data-end=\"2373\">VI<\/td>\n<\/tr>\n<tr data-start=\"2374\" data-end=\"2439\">\n<td data-start=\"2374\" data-end=\"2395\" data-col-size=\"sm\"><strong data-start=\"2376\" data-end=\"2394\">Zertifizierungen<\/strong><\/td>\n<td data-col-size=\"lg\" data-start=\"2395\" data-end=\"2439\">CE, FCC, ETL, KC, PSE, UKCA, RoHS, REACH<\/td>\n<\/tr>\n<tr data-start=\"2440\" data-end=\"2465\">\n<td data-start=\"2440\" data-end=\"2455\" data-col-size=\"sm\"><strong data-start=\"2442\" data-end=\"2454\">Garantie<\/strong><\/td>\n<td data-start=\"2455\" data-end=\"2465\" data-col-size=\"lg\">1 Jahr<\/td>\n<\/tr>\n<tr data-start=\"2466\" data-end=\"2513\">\n<td data-start=\"2466\" data-end=\"2494\" data-col-size=\"sm\"><strong data-start=\"2468\" data-end=\"2493\">Betriebstemperatur<\/strong><\/td>\n<td data-col-size=\"lg\" data-start=\"2494\" data-end=\"2513\">\u201320 \u00b0C ~ +55 \u00b0C<\/td>\n<\/tr>\n<tr data-start=\"2514\" data-end=\"2559\">\n<td data-start=\"2514\" data-end=\"2540\" data-col-size=\"sm\"><strong data-start=\"2516\" data-end=\"2539\">Lagertemperatur<\/strong><\/td>\n<td data-col-size=\"lg\" data-start=\"2540\" data-end=\"2559\">\u201340 \u00b0C ~ +70 \u00b0C<\/td>\n<\/tr>\n<\/tbody>\n<\/table>\n<\/div>\n<\/div>\n<figure id=\"attachment_1347\" aria-describedby=\"caption-attachment-1347\" style=\"width: 649px\" class=\"wp-caption alignnone\"><img fetchpriority=\"high\" decoding=\"async\" class=\"wp-image-1347\" src=\"https:\/\/szjialu.com\/wp-content\/uploads\/2025\/12\/\u4e3b\u56fe1-10-300x300.jpg\" alt=\"20-W-PD-Ladeger\u00e4t\" width=\"649\" height=\"649\" srcset=\"https:\/\/szjialu.com\/wp-content\/uploads\/2025\/12\/\u4e3b\u56fe1-10-300x300.jpg 300w, https:\/\/szjialu.com\/wp-content\/uploads\/2025\/12\/\u4e3b\u56fe1-10-150x150.jpg 150w, https:\/\/szjialu.com\/wp-content\/uploads\/2025\/12\/\u4e3b\u56fe1-10-768x768.jpg 768w, https:\/\/szjialu.com\/wp-content\/uploads\/2025\/12\/\u4e3b\u56fe1-10-600x600.jpg 600w, https:\/\/szjialu.com\/wp-content\/uploads\/2025\/12\/\u4e3b\u56fe1-10-100x100.jpg 100w, https:\/\/szjialu.com\/wp-content\/uploads\/2025\/12\/\u4e3b\u56fe1-10-64x64.jpg 64w, https:\/\/szjialu.com\/wp-content\/uploads\/2025\/12\/\u4e3b\u56fe1-10.jpg 800w\" sizes=\"(max-width: 649px) 100vw, 649px\" \/><figcaption id=\"caption-attachment-1347\" class=\"wp-caption-text\">20-W-PD-Ladeger\u00e4t<\/figcaption><\/figure>\n<h2 data-start=\"2566\" data-end=\"2585\">Verkaufsargumente<\/h2>\n<ul data-start=\"2587\" data-end=\"4091\">\n<li data-start=\"2587\" data-end=\"2926\">\n<p data-start=\"2589\" data-end=\"2926\"><strong data-start=\"2589\" data-end=\"2623\">Schnelles Laden \u00fcber USB-C \/ USB-A PD<\/strong> Mit bis zu 20 W PD-Ausgangsleistung \u00fcber den USB-C-Anschluss und ausreichender Ausgangsleistung \u00fcber den USB-A-Anschluss unterst\u00fctzt der TR79ACUK das Schnellladen von Smartphones, Tablets und anderen USB-Ger\u00e4ten. Im Vergleich zu herk\u00f6mmlichen 5-W-\/10-W-Ladeger\u00e4ten erm\u00f6glicht er ein deutlich schnelleres Laden.<\/p>\n<\/li>\n<li data-start=\"2927\" data-end=\"3114\">\n<p data-start=\"2929\" data-end=\"3114\"><strong data-start=\"2929\" data-end=\"2978\">Universelle Kompatibilit\u00e4t &amp; Globale Steckeroptionen<\/strong> \u2013 Das Ladeger\u00e4t unterst\u00fctzt mehrere Steckdosenstandards (US \/ EU \/ UK \/ JP \/ KR) und ist somit ideal f\u00fcr internationale Reisen oder den globalen Einzelhandel geeignet.<\/p>\n<\/li>\n<li data-start=\"3115\" data-end=\"3293\">\n<p data-start=\"3117\" data-end=\"3293\"><strong data-start=\"3117\" data-end=\"3158\">Flexibilit\u00e4t dank zweier Anschl\u00fcsse (USB-C + USB-A)<\/strong> \u2013 Benutzer k\u00f6nnen zwei Ger\u00e4te gleichzeitig aufladen (z. B. Smartphone + Tablet) \u2013 n\u00fctzlich f\u00fcr Haushalte mit mehreren Ger\u00e4ten, B\u00fcros oder Reisen.<\/p>\n<\/li>\n<li data-start=\"3294\" data-end=\"3494\">\n<p data-start=\"3296\" data-end=\"3494\"><strong data-start=\"3296\" data-end=\"3338\">Kompakt, leicht und reisefreundlich<\/strong> \u2013 Mit einem Gewicht von rund 50 g und seiner kompakten Bauform passt das Ladeger\u00e4t problemlos in Taschen, Gep\u00e4ckst\u00fccke oder sogar Hosentaschen und reduziert so das Volumen im Vergleich zu gr\u00f6\u00dferen Mehrfachladeger\u00e4ten.<\/p>\n<\/li>\n<li data-start=\"3495\" data-end=\"3685\">\n<p data-start=\"3497\" data-end=\"3685\"><strong data-start=\"3497\" data-end=\"3526\">Robuste Sicherheitsvorkehrungen<\/strong> \u2013 Eingebaute Schutzmechanismen (Kurzschluss, \u00dcberspannung, \u00dcberstrom, \u00dcberlastung, R\u00fcckstrom) gew\u00e4hrleisten sicheres Laden und sch\u00fctzen sowohl die Ger\u00e4te als auch das Ladeger\u00e4t selbst.<\/p>\n<\/li>\n<li data-start=\"3686\" data-end=\"3918\">\n<p data-start=\"3688\" data-end=\"3918\"><strong data-start=\"3688\" data-end=\"3734\">Globale Konformit\u00e4ts- und Qualit\u00e4tszertifizierungen<\/strong> Mit CE-, FCC-, ETL-, KC-, PSE-, UKCA-, RoHS- und REACH-Zulassungen sowie der Effizienzklasse VI erf\u00fcllt dieses Ladeger\u00e4t internationale Regulierungsstandards und ist somit f\u00fcr M\u00e4rkte weltweit geeignet.<\/p>\n<\/li>\n<li data-start=\"3919\" data-end=\"4091\">\n<p data-start=\"3921\" data-end=\"4091\"><strong data-start=\"3921\" data-end=\"3946\">Langlebige Bauqualit\u00e4t<\/strong> \u2013 Das Geh\u00e4use aus PC-Material ist auf Stabilit\u00e4t \u00fcber einen weiten Temperaturbereich ausgelegt und gew\u00e4hrleistet so eine zuverl\u00e4ssige Leistung in unterschiedlichen Umgebungen.<\/p>\n<\/li>\n<\/ul>\n<h2 data-start=\"4098\" data-end=\"4115\">Anwendungen<\/h2>\n<ul data-start=\"4117\" data-end=\"4957\">\n<li data-start=\"4117\" data-end=\"4235\">\n<p data-start=\"4119\" data-end=\"4235\"><strong data-start=\"4119\" data-end=\"4144\">Smartphones &amp; Tablets<\/strong> \u2013 Ideal zum t\u00e4glichen Aufladen von Handys, Tablets, E-Readern, tragbaren Lautsprechern und mehr.<\/p>\n<\/li>\n<li data-start=\"4236\" data-end=\"4389\">\n<p data-start=\"4238\" data-end=\"4389\"><strong data-start=\"4238\" data-end=\"4265\">Reisen &amp; Gesch\u00e4ftsreisen<\/strong> \u2013 Dank globaler Steckeroptionen und kompakter Gr\u00f6\u00dfe ist es perfekt f\u00fcr Reisende geeignet, die ein einziges Ladeger\u00e4t f\u00fcr mehrere Regionen\/Ger\u00e4te ben\u00f6tigen.<\/p>\n<\/li>\n<li data-start=\"4390\" data-end=\"4524\">\n<p data-start=\"4392\" data-end=\"4524\"><strong data-start=\"4392\" data-end=\"4409\">Zuhause &amp; B\u00fcro<\/strong> \u2013 Ein praktisches Universalladeger\u00e4t f\u00fcr den Familien- oder B\u00fcrogebrauch, das mehrere Ger\u00e4te gleichzeitig mit Strom versorgen kann, ohne dass Kabelsalat entsteht.<\/p>\n<\/li>\n<li data-start=\"4525\" data-end=\"4718\">\n<p data-start=\"4527\" data-end=\"4718\"><strong data-start=\"4527\" data-end=\"4551\">Einzelh\u00e4ndler &amp; B\u00fcndelung<\/strong> \u2013 Aufgrund seiner Zertifizierungen und seiner globalen Einsatzf\u00e4higkeit eignet sich das Ladeger\u00e4t hervorragend f\u00fcr die Aufnahme in Ger\u00e4te-Bundles im Einzelhandel, in Reseller-Kits oder als Zubeh\u00f6r unter Eigenmarken.<\/p>\n<\/li>\n<li data-start=\"4719\" data-end=\"4957\">\n<p data-start=\"4721\" data-end=\"4957\"><strong data-start=\"4721\" data-end=\"4750\">OEM\/ODM- und kundenspezifische Projekte<\/strong> \u2013 Als Teil der breiteren Produktpalette von Jialu kann das Ladeger\u00e4t als Basis f\u00fcr kundenspezifische Ladeger\u00e4te f\u00fcr Elektronikmarken, Zubeh\u00f6rhersteller oder Systemintegratoren dienen.<\/p>\n<\/li>\n<\/ul>\n<h2 data-start=\"4964\" data-end=\"5009\">Warum Jialu w\u00e4hlen? \u2013 Unsere Unternehmensvorteile<\/h2>\n<p data-start=\"5011\" data-end=\"5187\">Einer der herausragenden Vorteile der Zusammenarbeit mit <strong data-start=\"5058\" data-end=\"5078\">Jialu-Technologie<\/strong> ist ihr <strong data-start=\"5088\" data-end=\"5184\">umfassende Fertigungskapazit\u00e4ten kombiniert mit strengen Qualit\u00e4ts- und Konformit\u00e4tsstandards<\/strong>.<\/p>\n<ul data-start=\"5189\" data-end=\"6306\">\n<li data-start=\"5189\" data-end=\"5448\">\n<p data-start=\"5191\" data-end=\"5448\">Jialu betreibt in Shenzhen eine ger\u00e4umige 6.000 m\u00b2 gro\u00dfe Produktionsst\u00e4tte mit rund 300 Mitarbeitern (darunter mehr als 40 leitende technische und Managementkr\u00e4fte), was es dem Unternehmen erm\u00f6glicht, auch gro\u00dfe Auftragsvolumina effizient abzuwickeln.<\/p>\n<\/li>\n<li data-start=\"5449\" data-end=\"5771\">\n<p data-start=\"5451\" data-end=\"5771\">Das Unternehmen verf\u00fcgt \u00fcber internationale Zertifizierungen \u2013 darunter ISO9001 (Qualit\u00e4tsmanagement), ISO14001 (Umweltmanagement) und BSCI (Business Social Compliance) \u2013, die sein Engagement f\u00fcr gleichbleibende Qualit\u00e4t, Umweltverantwortung und ethische Gesch\u00e4ftspraktiken unterstreichen.<\/p>\n<\/li>\n<li data-start=\"5772\" data-end=\"6104\">\n<p data-start=\"5774\" data-end=\"6104\">F\u00fcr Kunden, die individuelle L\u00f6sungen ben\u00f6tigen, bietet Jialu umfassende OEM\/ODM-Dienstleistungen an \u2013 von der individuellen Design- und Spezifikationsbesprechung bis hin zur ma\u00dfgeschneiderten Produktion und Verpackung \u2013 wodurch es f\u00fcr Marken, Wiederverk\u00e4ufer oder Systemintegratoren unkompliziert wird, schnell und mit globaler Konformit\u00e4t Private-Label-Ladeger\u00e4te zu erhalten.<\/p>\n<\/li>\n<li data-start=\"6105\" data-end=\"6306\">\n<p data-start=\"6107\" data-end=\"6306\">Ihre gro\u00dfe globale Pr\u00e4senz \u2013 Exporte in \u00fcber 100 L\u00e4nder \u2013 und der Kundenservice rund um die Uhr beweisen Zuverl\u00e4ssigkeit und Bereitschaft zur internationalen Zusammenarbeit.<\/p>\n<\/li>\n<\/ul>\n<p data-start=\"6308\" data-end=\"6545\">Diese Kombination aus Produktionsumfang, zertifizierter Qualit\u00e4t und flexibler Anpassung macht Jialu zu einem starken Partner f\u00fcr alle, die zuverl\u00e4ssige Ladel\u00f6sungen f\u00fcr den globalen Vertrieb oder Private-Label-Marken suchen.<\/p>\n<h2 data-start=\"6552\" data-end=\"6568\">Produkt-FAQ<\/h2>\n<p data-start=\"6570\" data-end=\"6987\"><strong data-start=\"6570\" data-end=\"6633\">F: Mit welchen Ger\u00e4ten ist das 20W PD-Ladeger\u00e4t TR79ACUK kompatibel?<\/strong><br data-start=\"6633\" data-end=\"6636\" \/>A: Das Ladeger\u00e4t ist mit den meisten USB-f\u00e4higen Ger\u00e4ten kompatibel \u2013 darunter Smartphones, Tablets, E-Reader, kabellose Ohrh\u00f6rer, tragbare Lautsprecher und andere Gadgets \u2013, sofern diese USB-C- oder USB-A-Ladeanschl\u00fcsse unterst\u00fctzen. Es unterst\u00fctzt USB Power Delivery (PD) \u00fcber USB-C, was bei modernen Smartphones und Tablets weit verbreitet ist.<\/p>\n<p data-start=\"6989\" data-end=\"7320\"><strong data-start=\"6989\" data-end=\"7038\">F: Kann ich zwei Ger\u00e4te gleichzeitig aufladen?<\/strong><br data-start=\"7038\" data-end=\"7041\" \/>A: Ja \u2013 das Ladeger\u00e4t verf\u00fcgt \u00fcber USB-C- und USB-A-Anschl\u00fcsse, sodass Sie zwei Ger\u00e4te gleichzeitig anschlie\u00dfen k\u00f6nnen. Beachten Sie, dass bei Verwendung beider Anschl\u00fcsse die Leistung aufgeteilt wird (USB-A + USB-C: 5 V\/3 A geteilt). Daher kann die Ladegeschwindigkeit f\u00fcr jedes Ger\u00e4t etwas geringer sein als im Einzelger\u00e4temodus.<\/p>\n<p data-start=\"7322\" data-end=\"7579\"><strong data-start=\"7322\" data-end=\"7362\">F: Funktioniert dieses Ladeger\u00e4t weltweit?<\/strong><br data-start=\"7362\" data-end=\"7365\" \/>A: Ja \u2013 dank des 100\u2013240-V-Eingangs und der Unterst\u00fctzung verschiedener Steckdosenstandards (USA, Gro\u00dfbritannien, EU, Japan, Korea) ist das Ladeger\u00e4t weltweit einsetzbar. Sie m\u00fcssen jedoch den passenden Stecker f\u00fcr Ihre Region ausw\u00e4hlen.<\/p>\n<p data-start=\"7581\" data-end=\"7929\"><strong data-start=\"7581\" data-end=\"7628\">F: Ist die Anwendung \u00fcber einen l\u00e4ngeren Zeitraum \/ \u00fcber Nacht unbedenklich?<\/strong><br data-start=\"7628\" data-end=\"7631\" \/>A: Der TR79ACUK verf\u00fcgt \u00fcber mehrere integrierte Schutzfunktionen \u2013 Kurzschluss-, \u00dcberspannungs-, \u00dcberstrom-, \u00dcberlast- und R\u00fcckstromschutz \u2013, die einen sicheren Betrieb auch bei l\u00e4ngerem Gebrauch gew\u00e4hrleisten. Die Zertifizierungen (CE, FCC, ETL usw.) best\u00e4tigen die Einhaltung internationaler Sicherheitsstandards.<\/p>\n<p data-start=\"7931\" data-end=\"8107\"><strong data-start=\"7931\" data-end=\"7961\">F: Welche Garantie erhalte ich?<\/strong><br data-start=\"7961\" data-end=\"7964\" \/>A: Das Ladeger\u00e4t hat eine einj\u00e4hrige Garantie. Bei Gro\u00dfbestellungen oder OEM-Auftr\u00e4gen wenden Sie sich bitte bez\u00fcglich Garantie- und Kundendienstdetails an den Lieferanten.<\/p>\n<p data-start=\"8109\" data-end=\"8374\"><strong data-start=\"8109\" data-end=\"8159\">F: Kann ich ein individuelles Branding oder eine individuelle Verpackung anfragen?<\/strong><br data-start=\"8159\" data-end=\"8162\" \/>A: Ja. Im Rahmen des OEM\/ODM-Angebots von Jialu k\u00f6nnen Sie \u2013 abh\u00e4ngig von Bestellmenge und Spezifikationen \u2013 individuelle Branding-, Verpackungs-, Steckertypen oder andere Modifikationen anfragen.<\/p>\n<p data-start=\"8376\" data-end=\"8648\"><strong data-start=\"8376\" data-end=\"8434\">F: Welche Betriebsbedingungen unterst\u00fctzt das Ladeger\u00e4t?<\/strong><br data-start=\"8434\" data-end=\"8437\" \/>A: Das Ladeger\u00e4t ist f\u00fcr den Betrieb bei Umgebungstemperaturen von \u201320 \u00b0C bis +55 \u00b0C ausgelegt und kann bei Temperaturen von \u201340 \u00b0C bis +70 \u00b0C gelagert werden, wodurch es f\u00fcr eine Vielzahl von Klimazonen und Anwendungsf\u00e4llen geeignet ist.<\/p>","protected":false},"excerpt":{"rendered":"<p>20W PD Charger (Model TR79ACUK) Product Overview The 20W PD Charger (Model TR79ACUK) delivers fast, reliable charging in a compact [&hellip;]<\/p>\n","protected":false},"featured_media":1347,"comment_status":"open","ping_status":"closed","template":"","meta":{"_acf_changed":false,"site-sidebar-layout":"default","site-content-layout":"","ast-site-content-layout":"default","site-content-style":"default","site-sidebar-style":"default","ast-global-header-display":"","ast-banner-title-visibility":"","ast-main-header-display":"","ast-hfb-above-header-display":"","ast-hfb-below-header-display":"","ast-hfb-mobile-header-display":"","site-post-title":"","ast-breadcrumbs-content":"","ast-featured-img":"","footer-sml-layout":"","ast-disable-related-posts":"","theme-transparent-header-meta":"default","adv-header-id-meta":"","stick-header-meta":"","header-above-stick-meta":"","header-main-stick-meta":"","header-below-stick-meta":"","astra-migrate-meta-layouts":"set","ast-page-background-enabled":"default","ast-page-background-meta":{"desktop":{"background-color":"var(--ast-global-color-5)","background-image":"","background-repeat":"repeat","background-position":"center center","background-size":"auto","background-attachment":"scroll","background-type":"","background-media":"","overlay-type":"","overlay-color":"","overlay-opacity":"","overlay-gradient":""},"tablet":{"background-color":"","background-image":"","background-repeat":"repeat","background-position":"center center","background-size":"auto","background-attachment":"scroll","background-type":"","background-media":"","overlay-type":"","overlay-color":"","overlay-opacity":"","overlay-gradient":""},"mobile":{"background-color":"","background-image":"","background-repeat":"repeat","background-position":"center center","background-size":"auto","background-attachment":"scroll","background-type":"","background-media":"","overlay-type":"","overlay-color":"","overlay-opacity":"","overlay-gradient":""}},"ast-content-background-meta":{"desktop":{"background-color":"var(--ast-global-color-4)","background-image":"","background-repeat":"repeat","background-position":"center center","background-size":"auto","background-attachment":"scroll","background-type":"","background-media":"","overlay-type":"","overlay-color":"","overlay-opacity":"","overlay-gradient":""},"tablet":{"background-color":"var(--ast-global-color-4)","background-image":"","background-repeat":"repeat","background-position":"center center","background-size":"auto","background-attachment":"scroll","background-type":"","background-media":"","overlay-type":"","overlay-color":"","overlay-opacity":"","overlay-gradient":""},"mobile":{"background-color":"var(--ast-global-color-4)","background-image":"","background-repeat":"repeat","background-position":"center center","background-size":"auto","background-attachment":"scroll","background-type":"","background-media":"","overlay-type":"","overlay-color":"","overlay-opacity":"","overlay-gradient":""}}},"product_brand":[],"product_cat":[45,30],"product_tag":[80,73,70,150],"class_list":{"0":"post-1346","1":"product","2":"type-product","3":"status-publish","4":"has-post-thumbnail","6":"product_cat-20w","7":"product_cat-gan-charger","8":"product_tag-20w-dual-usb-c-pd-charger","9":"product_tag-20w-pd-charger","10":"product_tag-pd-charger","11":"product_tag-usb-c-charger","12":"desktop-align-left","13":"tablet-align-left","14":"mobile-align-left","16":"first","17":"instock","18":"shipping-taxable","19":"product-type-simple"},"acf":[],"_links":{"self":[{"href":"https:\/\/szjialu.com\/de\/wp-json\/wp\/v2\/product\/1346","targetHints":{"allow":["GET"]}}],"collection":[{"href":"https:\/\/szjialu.com\/de\/wp-json\/wp\/v2\/product"}],"about":[{"href":"https:\/\/szjialu.com\/de\/wp-json\/wp\/v2\/types\/product"}],"replies":[{"embeddable":true,"href":"https:\/\/szjialu.com\/de\/wp-json\/wp\/v2\/comments?post=1346"}],"wp:featuredmedia":[{"embeddable":true,"href":"https:\/\/szjialu.com\/de\/wp-json\/wp\/v2\/media\/1347"}],"wp:attachment":[{"href":"https:\/\/szjialu.com\/de\/wp-json\/wp\/v2\/media?parent=1346"}],"wp:term":[{"taxonomy":"product_brand","embeddable":true,"href":"https:\/\/szjialu.com\/de\/wp-json\/wp\/v2\/product_brand?post=1346"},{"taxonomy":"product_cat","embeddable":true,"href":"https:\/\/szjialu.com\/de\/wp-json\/wp\/v2\/product_cat?post=1346"},{"taxonomy":"product_tag","embeddable":true,"href":"https:\/\/szjialu.com\/de\/wp-json\/wp\/v2\/product_tag?post=1346"}],"curies":[{"name":"wp","href":"https:\/\/api.w.org\/{rel}","templated":true}]}}