{"id":1343,"date":"2025-12-08T07:00:51","date_gmt":"2025-12-08T07:00:51","guid":{"rendered":"https:\/\/szjialu.com\/?post_type=product&#038;p=1343"},"modified":"2026-02-22T13:28:51","modified_gmt":"2026-02-22T13:28:51","slug":"20w-pd-ladegerat-tr79acusm2","status":"publish","type":"product","link":"https:\/\/szjialu.com\/de\/product\/20w-pd-charger-tr79acus2\/","title":{"rendered":"20W PD-Ladeger\u00e4t TR79ACUS2"},"content":{"rendered":"<h2 data-start=\"1110\" data-end=\"1173\"><strong data-start=\"1112\" data-end=\"1173\">Produkt\u00fcbersicht \u2013 20W PD Schnellladeger\u00e4t (Modell: TR79ACUS2)<\/strong><\/h2>\n<p data-start=\"1175\" data-end=\"1651\">Der <strong data-start=\"1179\" data-end=\"1207\">TR79ACUS2 20W PD-Ladeger\u00e4t<\/strong> ist eine kompakte, hocheffiziente Schnellladel\u00f6sung f\u00fcr Smartphones, Tablets und eine Vielzahl von USB-betriebenen Elektronikger\u00e4ten. Sie verf\u00fcgt \u00fcber beide Funktionen: <strong data-start=\"1356\" data-end=\"1380\">USB-C-Stromversorgung<\/strong> Und <strong data-start=\"1385\" data-end=\"1406\">USB-A-Schnellladung<\/strong> Dank seiner Anschl\u00fcsse bietet es vielseitige Ladeoptionen in einem leichten, reisefreundlichen Design. Mit einem universellen 100\u2013240-V-Eingang und globalen Steckerstandards ist dieses Ladeger\u00e4t ideal f\u00fcr internationale Anwender und Marken, die zuverl\u00e4ssige OEM\/ODM-Netzteile suchen.<\/p>\n<p data-start=\"1653\" data-end=\"1995\">Ausgestattet mit fortschrittlichen Sicherheitsfunktionen \u2013 Kurzschluss-, \u00dcberspannungs-, \u00dcberstrom-, \u00dcberlast- und R\u00fcckstromschutz \u2013 gew\u00e4hrleistet der TR79ACUS2 eine stabile und sichere Ladeleistung in jeder Umgebung. Dank globaler Zertifizierungen (CE, FCC, ETL, KC, PSE, UKCA, RoHS, REACH) erf\u00fcllt er die strengen regulatorischen Anforderungen der wichtigsten M\u00e4rkte.<\/p>\n<h2 data-start=\"2002\" data-end=\"2032\"><strong data-start=\"2004\" data-end=\"2032\">Technische Spezifikationen<\/strong><\/h2>\n<div class=\"TyagGW_tableContainer\">\n<div class=\"group TyagGW_tableWrapper flex w-fit flex-col-reverse\" tabindex=\"-1\">\n<table class=\"w-fit min-w-(--thread-content-width)\" data-start=\"2034\" data-end=\"2898\">\n<thead data-start=\"2034\" data-end=\"2061\">\n<tr data-start=\"2034\" data-end=\"2061\">\n<th data-start=\"2034\" data-end=\"2050\" data-col-size=\"sm\">Spezifikation<\/th>\n<th data-start=\"2050\" data-end=\"2061\" data-col-size=\"md\">Details<\/th>\n<\/tr>\n<\/thead>\n<tbody data-start=\"2089\" data-end=\"2898\">\n<tr data-start=\"2089\" data-end=\"2126\">\n<td data-start=\"2089\" data-end=\"2108\" data-col-size=\"sm\"><strong data-start=\"2091\" data-end=\"2107\">Produktname<\/strong><\/td>\n<td data-col-size=\"md\" data-start=\"2108\" data-end=\"2126\">20-W-PD-Ladeger\u00e4t<\/td>\n<\/tr>\n<tr data-start=\"2127\" data-end=\"2159\">\n<td data-start=\"2127\" data-end=\"2146\" data-col-size=\"sm\"><strong data-start=\"2129\" data-end=\"2145\">Modellnummer<\/strong><\/td>\n<td data-col-size=\"md\" data-start=\"2146\" data-end=\"2159\">TR79ACUS2<\/td>\n<\/tr>\n<tr data-start=\"2160\" data-end=\"2202\">\n<td data-start=\"2160\" data-end=\"2182\" data-col-size=\"sm\"><strong data-start=\"2162\" data-end=\"2181\">Herkunftsort<\/strong><\/td>\n<td data-col-size=\"md\" data-start=\"2182\" data-end=\"2202\">China (Festland)<\/td>\n<\/tr>\n<tr data-start=\"2203\" data-end=\"2273\">\n<td data-start=\"2203\" data-end=\"2222\" data-col-size=\"sm\"><strong data-start=\"2205\" data-end=\"2221\">Anwendungen<\/strong><\/td>\n<td data-col-size=\"md\" data-start=\"2222\" data-end=\"2273\">Mobiltelefone, Tablets, Wearables und USB-Ger\u00e4te<\/td>\n<\/tr>\n<tr data-start=\"2274\" data-end=\"2313\">\n<td data-start=\"2274\" data-end=\"2286\" data-col-size=\"sm\"><strong data-start=\"2276\" data-end=\"2285\">Eingang<\/strong><\/td>\n<td data-col-size=\"md\" data-start=\"2286\" data-end=\"2313\">100\u2013240 V, 50\/60 Hz, 0,6 A<\/td>\n<\/tr>\n<tr data-start=\"2314\" data-end=\"2428\">\n<td data-start=\"2314\" data-end=\"2327\" data-col-size=\"sm\"><strong data-start=\"2316\" data-end=\"2326\">Ausgabe<\/strong><\/td>\n<td data-col-size=\"md\" data-start=\"2327\" data-end=\"2428\">USB-C: 5 V\/3 A, 9 V\/2,22 A, 12 V\/1,67 A<br \/>\nUSB-A: 5 V\/3 A, 9 V\/2 A, 12 V\/1,5 A<br \/>\nUSB-A + USB-C: 5 V\/3 A gemeinsam genutzt<\/td>\n<\/tr>\n<tr data-start=\"2429\" data-end=\"2479\">\n<td data-start=\"2429\" data-end=\"2451\" data-col-size=\"sm\"><strong data-start=\"2431\" data-end=\"2450\">Steckdosenstandard<\/strong><\/td>\n<td data-col-size=\"md\" data-start=\"2451\" data-end=\"2479\">USA, Korea, Japan, Gro\u00dfbritannien, EU<\/td>\n<\/tr>\n<tr data-start=\"2480\" data-end=\"2510\">\n<td data-start=\"2480\" data-end=\"2493\" data-col-size=\"sm\"><strong data-start=\"2482\" data-end=\"2492\">Farben<\/strong><\/td>\n<td data-col-size=\"md\" data-start=\"2493\" data-end=\"2510\">Schwarz\/Wei\u00df<\/td>\n<\/tr>\n<tr data-start=\"2511\" data-end=\"2550\">\n<td data-start=\"2511\" data-end=\"2526\" data-col-size=\"sm\"><strong data-start=\"2513\" data-end=\"2525\">Material<\/strong><\/td>\n<td data-col-size=\"md\" data-start=\"2526\" data-end=\"2550\">PC (flammhemmend)<\/td>\n<\/tr>\n<tr data-start=\"2551\" data-end=\"2571\">\n<td data-start=\"2551\" data-end=\"2564\" data-col-size=\"sm\"><strong data-start=\"2553\" data-end=\"2563\">Gewicht<\/strong><\/td>\n<td data-col-size=\"md\" data-start=\"2564\" data-end=\"2571\">50 g<\/td>\n<\/tr>\n<tr data-start=\"2572\" data-end=\"2606\">\n<td data-start=\"2572\" data-end=\"2586\" data-col-size=\"sm\"><strong data-start=\"2574\" data-end=\"2585\">Verpackung<\/strong><\/td>\n<td data-col-size=\"md\" data-start=\"2586\" data-end=\"2606\">PE-Beutelverpackung<\/td>\n<\/tr>\n<tr data-start=\"2607\" data-end=\"2690\">\n<td data-start=\"2607\" data-end=\"2624\" data-col-size=\"sm\"><strong data-start=\"2609\" data-end=\"2623\">Schutz<\/strong><\/td>\n<td data-col-size=\"md\" data-start=\"2624\" data-end=\"2690\">Kurzschluss, \u00dcberspannung, \u00dcberstrom, \u00dcberlast, R\u00fcckfluss<\/td>\n<\/tr>\n<tr data-start=\"2691\" data-end=\"2720\">\n<td data-start=\"2691\" data-end=\"2708\" data-col-size=\"sm\"><strong data-start=\"2693\" data-end=\"2707\">Effizienz<\/strong><\/td>\n<td data-col-size=\"md\" data-start=\"2708\" data-end=\"2720\">Stufe VI<\/td>\n<\/tr>\n<tr data-start=\"2721\" data-end=\"2784\">\n<td data-start=\"2721\" data-end=\"2740\" data-col-size=\"sm\"><strong data-start=\"2723\" data-end=\"2739\">Zertifikate<\/strong><\/td>\n<td data-col-size=\"md\" data-start=\"2740\" data-end=\"2784\">CE, FCC, ETL, KC, PSE, UKCA, RoHS, REACH<\/td>\n<\/tr>\n<tr data-start=\"2785\" data-end=\"2810\">\n<td data-start=\"2785\" data-end=\"2800\" data-col-size=\"sm\"><strong data-start=\"2787\" data-end=\"2799\">Garantie<\/strong><\/td>\n<td data-col-size=\"md\" data-start=\"2800\" data-end=\"2810\">1 Jahr<\/td>\n<\/tr>\n<tr data-start=\"2811\" data-end=\"2855\">\n<td data-start=\"2811\" data-end=\"2839\" data-col-size=\"sm\"><strong data-start=\"2813\" data-end=\"2838\">Betriebstemperatur<\/strong><\/td>\n<td data-col-size=\"md\" data-start=\"2839\" data-end=\"2855\">\u201320 \u00b0C ~ 55 \u00b0C<\/td>\n<\/tr>\n<tr data-start=\"2856\" data-end=\"2898\">\n<td data-start=\"2856\" data-end=\"2882\" data-col-size=\"sm\"><strong data-start=\"2858\" data-end=\"2881\">Lagertemperatur<\/strong><\/td>\n<td data-col-size=\"md\" data-start=\"2882\" data-end=\"2898\">\u201340 \u00b0C ~ 70 \u00b0C<\/td>\n<\/tr>\n<\/tbody>\n<\/table>\n<\/div>\n<\/div>\n<h2 data-start=\"2905\" data-end=\"2929\"><strong data-start=\"2907\" data-end=\"2929\">Wichtigste Verkaufsargumente<\/strong><\/h2>\n<h3 data-start=\"2931\" data-end=\"2973\"><strong data-start=\"2937\" data-end=\"2973\">20-W-Schnellladung<\/strong><\/h3>\n<p data-start=\"2974\" data-end=\"3092\">L\u00e4dt Mobiltelefone bis zu 3-mal schneller als herk\u00f6mmliche 5-Watt-Ladeger\u00e4te. Ideal f\u00fcr iPhones, Samsung- und Xiaomi-Ger\u00e4te, Tablets und mehr.<\/p>\n<h3 data-start=\"3094\" data-end=\"3134\"><strong data-start=\"3100\" data-end=\"3134\">Dual-Port-Ausgang USB-C + USB-A<\/strong><\/h3>\n<p data-start=\"3135\" data-end=\"3208\">Zwei Ger\u00e4te gleichzeitig mit Strom versorgen \u2013 dank effizientem, gemeinsamem Ausgangsmanagement.<\/p>\n<h3 data-start=\"3210\" data-end=\"3243\"><strong data-start=\"3216\" data-end=\"3243\">Universelle Kompatibilit\u00e4t<\/strong><\/h3>\n<p data-start=\"3244\" data-end=\"3351\">Unterst\u00fctzt weltweite Spannungen (100\u2013240 V) und bietet Steckeroptionen f\u00fcr die wichtigsten Regionen: <strong data-start=\"3322\" data-end=\"3350\">USA, EU, Gro\u00dfbritannien, Korea, Japan<\/strong>.<\/p>\n<h3 data-start=\"3353\" data-end=\"3390\"><strong data-start=\"3359\" data-end=\"3390\">Kompakt und ultraleicht<\/strong><\/h3>\n<p data-start=\"3391\" data-end=\"3448\">Nur 50 g \u2013 perfekt f\u00fcr Reisen, Pendeln und den t\u00e4glichen Gebrauch.<\/p>\n<h3 data-start=\"3450\" data-end=\"3482\"><strong data-start=\"3456\" data-end=\"3482\">Hoher Sicherheitsschutz<\/strong><\/h3>\n<p data-start=\"3483\" data-end=\"3519\">Integrierter intelligenter Schutz gegen:<\/p>\n<ul data-start=\"3520\" data-end=\"3598\">\n<li data-start=\"3520\" data-end=\"3537\">\n<p data-start=\"3522\" data-end=\"3537\">Kurzschluss<\/p>\n<\/li>\n<li data-start=\"3538\" data-end=\"3554\">\n<p data-start=\"3540\" data-end=\"3554\">\u00dcberstrom<\/p>\n<\/li>\n<li data-start=\"3555\" data-end=\"3571\">\n<p data-start=\"3557\" data-end=\"3571\">\u00dcberspannung<\/p>\n<\/li>\n<li data-start=\"3572\" data-end=\"3585\">\n<p data-start=\"3574\" data-end=\"3585\">\u00dcberlast<\/p>\n<\/li>\n<li data-start=\"3586\" data-end=\"3598\">\n<p data-start=\"3588\" data-end=\"3598\">R\u00fcckfluss<\/p>\n<\/li>\n<\/ul>\n<p data-start=\"3600\" data-end=\"3633\">Gew\u00e4hrleistet sicheres und stabiles Laden.<\/p>\n<h3 data-start=\"3635\" data-end=\"3673\"><strong data-start=\"3641\" data-end=\"3673\">F\u00fcr globale M\u00e4rkte zertifiziert<\/strong><\/h3>\n<p data-start=\"3674\" data-end=\"3794\">Vollst\u00e4ndig konform mit:<br \/>\nCE, FCC, ETL, KC, PSE, UKCA, RoHS, REACH<br data-start=\"3736\" data-end=\"3739\" \/>Geeignet f\u00fcr Einzelh\u00e4ndler, Gro\u00dfh\u00e4ndler und Markenvertriebe.<\/p>\n<h3 data-start=\"3796\" data-end=\"3841\"><strong data-start=\"3802\" data-end=\"3841\">Langlebiges, flammhemmendes PC-Material<\/strong><\/h3>\n<p data-start=\"3842\" data-end=\"3898\">Das robuste, hitzebest\u00e4ndige Geh\u00e4use gew\u00e4hrleistet eine lange Lebensdauer.<\/p>\n<h3 data-start=\"3900\" data-end=\"3925\"><strong data-start=\"3906\" data-end=\"3925\">OEM\/ODM-Unterst\u00fctzung<\/strong><\/h3>\n<p data-start=\"3926\" data-end=\"4007\">Individuelle Farben, Verpackungen, Eigenmarken und strukturelle Anpassungen sind m\u00f6glich.<\/p>\n<figure id=\"attachment_1344\" aria-describedby=\"caption-attachment-1344\" style=\"width: 785px\" class=\"wp-caption alignnone\"><img fetchpriority=\"high\" decoding=\"async\" class=\"wp-image-1344\" src=\"https:\/\/szjialu.com\/wp-content\/uploads\/2025\/12\/\u4e3b\u56fe1-9-300x300.jpg\" alt=\"20-W-PD-Ladeger\u00e4t\" width=\"785\" height=\"785\" srcset=\"https:\/\/szjialu.com\/wp-content\/uploads\/2025\/12\/\u4e3b\u56fe1-9-300x300.jpg 300w, https:\/\/szjialu.com\/wp-content\/uploads\/2025\/12\/\u4e3b\u56fe1-9-150x150.jpg 150w, https:\/\/szjialu.com\/wp-content\/uploads\/2025\/12\/\u4e3b\u56fe1-9-768x768.jpg 768w, https:\/\/szjialu.com\/wp-content\/uploads\/2025\/12\/\u4e3b\u56fe1-9-600x600.jpg 600w, https:\/\/szjialu.com\/wp-content\/uploads\/2025\/12\/\u4e3b\u56fe1-9-100x100.jpg 100w, https:\/\/szjialu.com\/wp-content\/uploads\/2025\/12\/\u4e3b\u56fe1-9-64x64.jpg 64w, https:\/\/szjialu.com\/wp-content\/uploads\/2025\/12\/\u4e3b\u56fe1-9.jpg 800w\" sizes=\"(max-width: 785px) 100vw, 785px\" \/><figcaption id=\"caption-attachment-1344\" class=\"wp-caption-text\">20-W-PD-Ladeger\u00e4t<\/figcaption><\/figure>\n<h2 data-start=\"4014\" data-end=\"4032\"><strong data-start=\"4016\" data-end=\"4032\">Anwendungen<\/strong><\/h2>\n<p data-start=\"4034\" data-end=\"4069\">Das 20-W-PD-Ladeger\u00e4t ist geeignet f\u00fcr:<\/p>\n<ul data-start=\"4071\" data-end=\"4282\">\n<li data-start=\"4071\" data-end=\"4124\">\n<p data-start=\"4073\" data-end=\"4124\">Smartphones (iPhone, Samsung, Huawei, Xiaomi usw.)<\/p>\n<\/li>\n<li data-start=\"4125\" data-end=\"4144\">\n<p data-start=\"4127\" data-end=\"4144\">Tablets &amp; iPads<\/p>\n<\/li>\n<li data-start=\"4145\" data-end=\"4178\">\n<p data-start=\"4147\" data-end=\"4178\">Kabellose Ohrh\u00f6rer und Kopfh\u00f6rer<\/p>\n<\/li>\n<li data-start=\"4179\" data-end=\"4194\">\n<p data-start=\"4181\" data-end=\"4194\">Powerbanks<\/p>\n<\/li>\n<li data-start=\"4195\" data-end=\"4222\">\n<p data-start=\"4197\" data-end=\"4222\">Handheld-Spielger\u00e4te<\/p>\n<\/li>\n<li data-start=\"4223\" data-end=\"4251\">\n<p data-start=\"4225\" data-end=\"4251\">Smartwatches und Wearables<\/p>\n<\/li>\n<li data-start=\"4252\" data-end=\"4282\">\n<p data-start=\"4254\" data-end=\"4282\">Tragbare kleine Elektronik<\/p>\n<\/li>\n<\/ul>\n<p data-start=\"4284\" data-end=\"4378\">Ideal f\u00fcr Einzelh\u00e4ndler, Marken der Unterhaltungselektronik, Telekommunikationsanbieter und E-Commerce-Distributoren.<\/p>\n<h2 data-start=\"4385\" data-end=\"4431\"><strong data-start=\"4387\" data-end=\"4431\">Unternehmensvorteil<\/strong><\/h2>\n<p data-start=\"4433\" data-end=\"4602\">Wie aus folgendem hervorgeht <strong data-start=\"4452\" data-end=\"4467\">szjialu.com<\/strong>, Eine der gr\u00f6\u00dften St\u00e4rken des Unternehmens ist seine <strong data-start=\"4513\" data-end=\"4581\">professionelle, hochgradig kundenspezifische OEM\/ODM-Fertigungskapazit\u00e4ten<\/strong>. Das Unternehmen bietet Folgendes an:<\/p>\n<h3 data-start=\"4604\" data-end=\"4646\"><strong data-start=\"4608\" data-end=\"4646\">Starke Unterst\u00fctzung in Forschung und Entwicklung sowie Werkzeugkonstruktion<\/strong><\/h3>\n<p data-start=\"4647\" data-end=\"4869\">Mit hauseigenen Ingenieuren, Formenbau, Leiterplattendesign und Strukturtechnik k\u00f6nnen wir Konzepte schnell in serienreife Produkte umsetzen \u2013 ideal f\u00fcr Marken, die kundenspezifische Netzteile oder Private-Label-Ladeger\u00e4tel\u00f6sungen suchen.<\/p>\n<h3 data-start=\"4871\" data-end=\"4906\"><strong data-start=\"4875\" data-end=\"4906\">Qualit\u00e4t steht bei der Fertigung an erster Stelle<\/strong><\/h3>\n<p data-start=\"4907\" data-end=\"5037\">Fortschrittliche Produktionslinien, strenge Qualit\u00e4tskontrollprozesse und internationale Zertifizierungen gew\u00e4hrleisten eine gleichbleibende Produktqualit\u00e4t f\u00fcr die globalen M\u00e4rkte.<\/p>\n<h3 data-start=\"5039\" data-end=\"5071\"><strong data-start=\"5043\" data-end=\"5071\">Flexible kundenspezifische Dienstleistungen<\/strong><\/h3>\n<p data-start=\"5072\" data-end=\"5232\">Von Logodruck und Verpackungsdesign bis hin zu kundenspezifischen Ladeparametern und Steckertypen unterst\u00fctzt das Unternehmen sowohl Kleinserien-Anpassungen als auch Gro\u00dfauftr\u00e4ge.<\/p>\n<p data-start=\"5234\" data-end=\"5336\">Das macht uns zu einem zuverl\u00e4ssigen Partner f\u00fcr Marken, die eine langfristige und stabile Versorgung mit hochwertigen Ladeger\u00e4ten ben\u00f6tigen.<\/p>\n<h2 data-start=\"5343\" data-end=\"5360\"><strong data-start=\"5345\" data-end=\"5360\">Produkt-FAQ<\/strong><\/h2>\n<h3 data-start=\"5362\" data-end=\"5442\"><strong data-start=\"5366\" data-end=\"5442\">1. Unterst\u00fctzt das 20W PD-Ladeger\u00e4t Schnellladen f\u00fcr iPhone und Android?<\/strong><\/h3>\n<p data-start=\"5443\" data-end=\"5544\">Ja. Es unterst\u00fctzt PD, QC und mehrere Schnellladeprotokolle f\u00fcr die meisten g\u00e4ngigen Smartphones und Tablets.<\/p>\n<h3 data-start=\"5546\" data-end=\"5599\"><strong data-start=\"5550\" data-end=\"5599\">2. Kann ich zwei Ger\u00e4te gleichzeitig aufladen?<\/strong><\/h3>\n<p data-start=\"5600\" data-end=\"5685\">Ja. Die USB-C- und USB-A-Anschl\u00fcsse k\u00f6nnen gleichzeitig mit einem gemeinsamen 5V\/3A-Ausgang verwendet werden.<\/p>\n<h3 data-start=\"5687\" data-end=\"5750\"><strong data-start=\"5691\" data-end=\"5750\">3. Ist dieses Produkt f\u00fcr internationale M\u00e4rkte zertifiziert?<\/strong><\/h3>\n<p data-start=\"5751\" data-end=\"5834\">Absolut. Es verf\u00fcgt \u00fcber CE-, FCC-, ETL-, KC-, PSE-, RoHS-, UKCA- und REACH-Zertifizierungen.<\/p>\n<h3 data-start=\"5836\" data-end=\"5882\"><strong data-start=\"5840\" data-end=\"5882\">4. Bieten Sie OEM\/ODM-Anpassungen an?<\/strong><\/h3>\n<p data-start=\"5883\" data-end=\"5993\">Ja. Wir k\u00f6nnen Farbe, Logo, Verpackung, Ausgangsparameter und Steckertypen an Ihre Markenbed\u00fcrfnisse anpassen.<\/p>\n<h3 data-start=\"5995\" data-end=\"6043\"><strong data-start=\"5999\" data-end=\"6043\">5. Kann das Ladeger\u00e4t bedenkenlos \u00fcber Nacht verwendet werden?<\/strong><\/h3>\n<p data-start=\"6044\" data-end=\"6154\">Ja. Dank mehrerer integrierter Schutzfunktionen regelt das Ladeger\u00e4t Temperatur, Spannung und Stromst\u00e4rke sicher.<\/p>\n<h3 data-start=\"6156\" data-end=\"6195\"><strong data-start=\"6160\" data-end=\"6195\">6. Wie lange betr\u00e4gt die Garantiezeit?<\/strong><\/h3>\n<p data-start=\"6196\" data-end=\"6253\">Wir bieten eine <strong data-start=\"6209\" data-end=\"6228\">1 Jahr Garantie<\/strong> f\u00fcr alle 20W PD-Ladeger\u00e4te.<\/p>","protected":false},"excerpt":{"rendered":"<p><strong data-start=\"2091\" data-end=\"2107\">Produktname: <\/strong>20-W-PD-Ladeger\u00e4t<\/p>\n<p><strong data-start=\"2129\" data-end=\"2145\">Modellnummer: <\/strong>TR79ACUS2<\/p>\n<p><strong data-start=\"2162\" data-end=\"2181\">Herkunftsort: <\/strong>China (Festland)<\/p>\n<p><strong data-start=\"2205\" data-end=\"2221\">Anwendungsbereiche: <\/strong>Mobiltelefone, Tablets, Wearables und USB-Ger\u00e4te<\/p>\n<p><strong data-start=\"2276\" data-end=\"2285\">Eingang: <\/strong>100\u2013240 V, 50\/60 Hz, 0,6 A<\/p>\n<p><strong data-start=\"2316\" data-end=\"2326\">Ausgabe <\/strong>USB-C: 5 V\/3 A, 9 V\/2,22 A, 12 V\/1,67 A<br \/>\nUSB-A: 5 V\/3 A, 9 V\/2 A, 12 V\/1,5 A<br \/>\nUSB-A + USB-C: 5 V\/3 A gemeinsam genutzt<\/p>\n<p><strong data-start=\"2431\" data-end=\"2450\">Steckdosenstandard: <\/strong>USA, Korea, Japan, Gro\u00dfbritannien, EU<\/p>\n<p><strong data-start=\"2482\" data-end=\"2492\">Farben: <\/strong>Schwarz\/Wei\u00df<\/p>\n<p><strong data-start=\"2513\" data-end=\"2525\">Material: <\/strong>PC (flammhemmend)<\/p>\n<p><strong data-start=\"2553\" data-end=\"2563\">Gewicht: <\/strong>50 g<\/p>\n<p><strong data-start=\"2574\" data-end=\"2585\">Verpackung: <\/strong>PE-Beutelverpackung<\/p>\n<p><strong data-start=\"2609\" data-end=\"2623\">Schutz: <\/strong>Kurzschluss, \u00dcberspannung, \u00dcberstrom, \u00dcberlast, R\u00fcckfluss<\/p>\n<p><strong data-start=\"2693\" data-end=\"2707\">Effizienz: <\/strong>Stufe VI<\/p>\n<p><strong data-start=\"2723\" data-end=\"2739\">Zertifikate: <\/strong>CE, FCC, ETL, KC, PSE, UKCA, RoHS, REACH<\/p>","protected":false},"featured_media":1344,"comment_status":"open","ping_status":"closed","template":"","meta":{"_acf_changed":false,"site-sidebar-layout":"default","site-content-layout":"","ast-site-content-layout":"default","site-content-style":"default","site-sidebar-style":"default","ast-global-header-display":"","ast-banner-title-visibility":"","ast-main-header-display":"","ast-hfb-above-header-display":"","ast-hfb-below-header-display":"","ast-hfb-mobile-header-display":"","site-post-title":"","ast-breadcrumbs-content":"","ast-featured-img":"","footer-sml-layout":"","ast-disable-related-posts":"","theme-transparent-header-meta":"default","adv-header-id-meta":"","stick-header-meta":"","header-above-stick-meta":"","header-main-stick-meta":"","header-below-stick-meta":"","astra-migrate-meta-layouts":"set","ast-page-background-enabled":"default","ast-page-background-meta":{"desktop":{"background-color":"var(--ast-global-color-5)","background-image":"","background-repeat":"repeat","background-position":"center center","background-size":"auto","background-attachment":"scroll","background-type":"","background-media":"","overlay-type":"","overlay-color":"","overlay-opacity":"","overlay-gradient":""},"tablet":{"background-color":"","background-image":"","background-repeat":"repeat","background-position":"center center","background-size":"auto","background-attachment":"scroll","background-type":"","background-media":"","overlay-type":"","overlay-color":"","overlay-opacity":"","overlay-gradient":""},"mobile":{"background-color":"","background-image":"","background-repeat":"repeat","background-position":"center center","background-size":"auto","background-attachment":"scroll","background-type":"","background-media":"","overlay-type":"","overlay-color":"","overlay-opacity":"","overlay-gradient":""}},"ast-content-background-meta":{"desktop":{"background-color":"var(--ast-global-color-4)","background-image":"","background-repeat":"repeat","background-position":"center center","background-size":"auto","background-attachment":"scroll","background-type":"","background-media":"","overlay-type":"","overlay-color":"","overlay-opacity":"","overlay-gradient":""},"tablet":{"background-color":"var(--ast-global-color-4)","background-image":"","background-repeat":"repeat","background-position":"center center","background-size":"auto","background-attachment":"scroll","background-type":"","background-media":"","overlay-type":"","overlay-color":"","overlay-opacity":"","overlay-gradient":""},"mobile":{"background-color":"var(--ast-global-color-4)","background-image":"","background-repeat":"repeat","background-position":"center center","background-size":"auto","background-attachment":"scroll","background-type":"","background-media":"","overlay-type":"","overlay-color":"","overlay-opacity":"","overlay-gradient":""}}},"product_brand":[],"product_cat":[45,30],"product_tag":[73],"class_list":{"0":"post-1343","1":"product","2":"type-product","3":"status-publish","4":"has-post-thumbnail","6":"product_cat-20w","7":"product_cat-gan-charger","8":"product_tag-20w-pd-charger","9":"desktop-align-left","10":"tablet-align-left","11":"mobile-align-left","13":"first","14":"instock","15":"shipping-taxable","16":"product-type-simple"},"acf":[],"_links":{"self":[{"href":"https:\/\/szjialu.com\/de\/wp-json\/wp\/v2\/product\/1343","targetHints":{"allow":["GET"]}}],"collection":[{"href":"https:\/\/szjialu.com\/de\/wp-json\/wp\/v2\/product"}],"about":[{"href":"https:\/\/szjialu.com\/de\/wp-json\/wp\/v2\/types\/product"}],"replies":[{"embeddable":true,"href":"https:\/\/szjialu.com\/de\/wp-json\/wp\/v2\/comments?post=1343"}],"wp:featuredmedia":[{"embeddable":true,"href":"https:\/\/szjialu.com\/de\/wp-json\/wp\/v2\/media\/1344"}],"wp:attachment":[{"href":"https:\/\/szjialu.com\/de\/wp-json\/wp\/v2\/media?parent=1343"}],"wp:term":[{"taxonomy":"product_brand","embeddable":true,"href":"https:\/\/szjialu.com\/de\/wp-json\/wp\/v2\/product_brand?post=1343"},{"taxonomy":"product_cat","embeddable":true,"href":"https:\/\/szjialu.com\/de\/wp-json\/wp\/v2\/product_cat?post=1343"},{"taxonomy":"product_tag","embeddable":true,"href":"https:\/\/szjialu.com\/de\/wp-json\/wp\/v2\/product_tag?post=1343"}],"curies":[{"name":"wp","href":"https:\/\/api.w.org\/{rel}","templated":true}]}}