{"id":1336,"date":"2025-12-07T12:42:31","date_gmt":"2025-12-07T12:42:31","guid":{"rendered":"https:\/\/szjialu.com\/?post_type=product&#038;p=1336"},"modified":"2026-02-22T13:17:08","modified_gmt":"2026-02-22T13:17:08","slug":"20w-pd-schnellladegerat-tr79aceu","status":"publish","type":"product","link":"https:\/\/szjialu.com\/de\/product\/20w-pd-fast-charger-tr79aceu\/","title":{"rendered":"20W PD Schnellladeger\u00e4t TR79ACEU"},"content":{"rendered":"<h2 data-start=\"883\" data-end=\"905\"><strong data-start=\"885\" data-end=\"905\">20-W-PD-Schnellladeger\u00e4t TR79ACEU \u2013 Produkt\u00fcbersicht<\/strong><\/h2>\n<p data-start=\"907\" data-end=\"1189\">Der <strong data-start=\"911\" data-end=\"938\">20W PD-Ladeger\u00e4t TR79ACEU<\/strong> ist ein hocheffizientes, kompaktes Schnellladeger\u00e4t, das speziell f\u00fcr moderne Mobilger\u00e4te entwickelt wurde. Ausgestattet mit USB-C Power Delivery- und USB-A-Schnellladeanschl\u00fcssen erm\u00f6glicht es ein stabiles und schnelles Laden von Smartphones, Tablets und anderen USB-betriebenen Elektronikger\u00e4ten.<\/p>\n<p data-start=\"1191\" data-end=\"1512\">Mit einem breiten Eingangsspannungsbereich (100\u2013240 V), verschiedenen internationalen Steckeroptionen (USA\/Korea\/Japan\/Gro\u00dfbritannien\/EU) und einem ultraleichten Gewicht von nur 50 g ist das TR79ACEU ideal f\u00fcr den t\u00e4glichen Gebrauch und internationale Reisen. Das robuste PC-Geh\u00e4use und der umfassende elektrische Schutz gew\u00e4hrleisten Sicherheit, Zuverl\u00e4ssigkeit und Langlebigkeit.<\/p>\n<p data-start=\"1514\" data-end=\"1688\">Das Produkt ist nach CE, FCC, ETL, KC, PSE, UKCA, RoHS und REACH zertifiziert und erf\u00fcllt somit alle globalen Qualit\u00e4ts- und Sicherheitsstandards \u2013 ideal f\u00fcr Einzelh\u00e4ndler, Distributoren und OEM\/ODM-Projekte von Markenherstellern.<\/p>\n<h2 data-start=\"883\" data-end=\"905\"><strong data-start=\"885\" data-end=\"905\">TR79ACEU <\/strong><strong data-start=\"1697\" data-end=\"1723\">Produktspezifikationen<\/strong><\/h2>\n<div class=\"TyagGW_tableContainer\">\n<div class=\"group TyagGW_tableWrapper flex w-fit flex-col-reverse\" tabindex=\"-1\">\n<table class=\"w-fit min-w-(--thread-content-width)\" data-start=\"1725\" data-end=\"2574\">\n<thead data-start=\"1725\" data-end=\"1743\">\n<tr data-start=\"1725\" data-end=\"1743\">\n<th data-start=\"1725\" data-end=\"1732\" data-col-size=\"sm\">Artikel<\/th>\n<th data-start=\"1732\" data-end=\"1743\" data-col-size=\"md\">Details<\/th>\n<\/tr>\n<\/thead>\n<tbody data-start=\"1763\" data-end=\"2574\">\n<tr data-start=\"1763\" data-end=\"1800\">\n<td data-start=\"1763\" data-end=\"1782\" data-col-size=\"sm\"><strong data-start=\"1765\" data-end=\"1781\">Produktname<\/strong><\/td>\n<td data-start=\"1782\" data-end=\"1800\" data-col-size=\"md\">20-W-PD-Ladeger\u00e4t<\/td>\n<\/tr>\n<tr data-start=\"1801\" data-end=\"1832\">\n<td data-start=\"1801\" data-end=\"1820\" data-col-size=\"sm\"><strong data-start=\"1803\" data-end=\"1819\">Modellnummer<\/strong><\/td>\n<td data-start=\"1820\" data-end=\"1832\" data-col-size=\"md\">TR79ACEU<\/td>\n<\/tr>\n<tr data-start=\"1833\" data-end=\"1875\">\n<td data-start=\"1833\" data-end=\"1855\" data-col-size=\"sm\"><strong data-start=\"1835\" data-end=\"1854\">Herkunftsort<\/strong><\/td>\n<td data-start=\"1855\" data-end=\"1875\" data-col-size=\"md\">China (Festland)<\/td>\n<\/tr>\n<tr data-start=\"1876\" data-end=\"1934\">\n<td data-start=\"1876\" data-end=\"1895\" data-col-size=\"sm\"><strong data-start=\"1878\" data-end=\"1894\">Anwendungen<\/strong><\/td>\n<td data-start=\"1895\" data-end=\"1934\" data-col-size=\"md\">Mobiltelefone, Tablets, USB-Ger\u00e4te<\/td>\n<\/tr>\n<tr data-start=\"1935\" data-end=\"1978\">\n<td data-start=\"1935\" data-end=\"1947\" data-col-size=\"sm\"><strong data-start=\"1937\" data-end=\"1946\">Eingang<\/strong><\/td>\n<td data-start=\"1947\" data-end=\"1978\" data-col-size=\"md\">100\u2013240 V, 50\/60 Hz, max. 0,6 A<\/td>\n<\/tr>\n<tr data-start=\"1979\" data-end=\"2109\">\n<td data-start=\"1979\" data-end=\"1992\" data-col-size=\"sm\"><strong data-start=\"1981\" data-end=\"1991\">Ausgabe<\/strong><\/td>\n<td data-start=\"1992\" data-end=\"2109\" data-col-size=\"md\"><strong data-start=\"1994\" data-end=\"2004\">USB-C:<\/strong> 5 V\/3 A, 9 V\/2,22 A, 12 V\/1,67 A<br \/>\n<strong data-start=\"2037\" data-end=\"2047\">USB-A:<\/strong> 5 V\/3 A, 9 V\/2 A, 12 V\/1,5 A<br \/>\n<strong data-start=\"2076\" data-end=\"2094\">USB-A + USB-C:<\/strong> 5V\/3A gemeinsam genutzt<\/td>\n<\/tr>\n<tr data-start=\"2110\" data-end=\"2160\">\n<td data-start=\"2110\" data-end=\"2132\" data-col-size=\"sm\"><strong data-start=\"2112\" data-end=\"2131\">Steckdosenstandard<\/strong><\/td>\n<td data-start=\"2132\" data-end=\"2160\" data-col-size=\"md\">USA, Korea, Japan, Gro\u00dfbritannien, EU<\/td>\n<\/tr>\n<tr data-start=\"2161\" data-end=\"2191\">\n<td data-start=\"2161\" data-end=\"2174\" data-col-size=\"sm\"><strong data-start=\"2163\" data-end=\"2173\">Farben<\/strong><\/td>\n<td data-start=\"2174\" data-end=\"2191\" data-col-size=\"md\">Schwarz\/Wei\u00df<\/td>\n<\/tr>\n<tr data-start=\"2192\" data-end=\"2229\">\n<td data-start=\"2192\" data-end=\"2207\" data-col-size=\"sm\"><strong data-start=\"2194\" data-end=\"2206\">Material<\/strong><\/td>\n<td data-start=\"2207\" data-end=\"2229\" data-col-size=\"md\">PC (Polycarbonat)<\/td>\n<\/tr>\n<tr data-start=\"2230\" data-end=\"2250\">\n<td data-start=\"2230\" data-end=\"2243\" data-col-size=\"sm\"><strong data-start=\"2232\" data-end=\"2242\">Gewicht<\/strong><\/td>\n<td data-start=\"2243\" data-end=\"2250\" data-col-size=\"md\">50 g<\/td>\n<\/tr>\n<tr data-start=\"2251\" data-end=\"2283\">\n<td data-start=\"2251\" data-end=\"2265\" data-col-size=\"sm\"><strong data-start=\"2253\" data-end=\"2264\">Verpackung<\/strong><\/td>\n<td data-start=\"2265\" data-end=\"2283\" data-col-size=\"md\">PE-Beutelverpackung<\/td>\n<\/tr>\n<tr data-start=\"2284\" data-end=\"2366\">\n<td data-start=\"2284\" data-end=\"2301\" data-col-size=\"sm\"><strong data-start=\"2286\" data-end=\"2300\">Schutz<\/strong><\/td>\n<td data-start=\"2301\" data-end=\"2366\" data-col-size=\"md\">Kurzschluss, \u00dcberspannung, \u00dcberstrom, \u00dcberlastung, R\u00fcckfluss<\/td>\n<\/tr>\n<tr data-start=\"2367\" data-end=\"2396\">\n<td data-start=\"2367\" data-end=\"2390\" data-col-size=\"sm\"><strong data-start=\"2369\" data-end=\"2389\">Effizienzniveau<\/strong><\/td>\n<td data-start=\"2390\" data-end=\"2396\" data-col-size=\"md\">VI<\/td>\n<\/tr>\n<tr data-start=\"2397\" data-end=\"2460\">\n<td data-start=\"2397\" data-end=\"2416\" data-col-size=\"sm\"><strong data-start=\"2399\" data-end=\"2415\">Zertifikate<\/strong><\/td>\n<td data-start=\"2416\" data-end=\"2460\" data-col-size=\"md\">CE, FCC, ETL, KC, PSE, UKCA, RoHS, REACH<\/td>\n<\/tr>\n<tr data-start=\"2461\" data-end=\"2486\">\n<td data-start=\"2461\" data-end=\"2476\" data-col-size=\"sm\"><strong data-start=\"2463\" data-end=\"2475\">Garantie<\/strong><\/td>\n<td data-start=\"2476\" data-end=\"2486\" data-col-size=\"md\">1 Jahr<\/td>\n<\/tr>\n<tr data-start=\"2487\" data-end=\"2531\">\n<td data-start=\"2487\" data-end=\"2515\" data-col-size=\"sm\"><strong data-start=\"2489\" data-end=\"2514\">Betriebstemperatur<\/strong><\/td>\n<td data-start=\"2515\" data-end=\"2531\" data-col-size=\"md\">\u201320 \u00b0C ~ 55 \u00b0C<\/td>\n<\/tr>\n<tr data-start=\"2532\" data-end=\"2574\">\n<td data-start=\"2532\" data-end=\"2558\" data-col-size=\"sm\"><strong data-start=\"2534\" data-end=\"2557\">Lagertemperatur<\/strong><\/td>\n<td data-start=\"2558\" data-end=\"2574\" data-col-size=\"md\">\u201340 \u00b0C ~ 70 \u00b0C<\/td>\n<\/tr>\n<\/tbody>\n<\/table>\n<\/div>\n<\/div>\n<figure id=\"attachment_1339\" aria-describedby=\"caption-attachment-1339\" style=\"width: 693px\" class=\"wp-caption alignnone\"><img fetchpriority=\"high\" decoding=\"async\" class=\"wp-image-1339\" src=\"https:\/\/szjialu.com\/wp-content\/uploads\/2025\/12\/\u4e3b\u56fe2-8-300x300.jpg\" alt=\"20-W-PD-Schnellladeger\u00e4t\" width=\"693\" height=\"693\" srcset=\"https:\/\/szjialu.com\/wp-content\/uploads\/2025\/12\/\u4e3b\u56fe2-8-300x300.jpg 300w, https:\/\/szjialu.com\/wp-content\/uploads\/2025\/12\/\u4e3b\u56fe2-8-150x150.jpg 150w, https:\/\/szjialu.com\/wp-content\/uploads\/2025\/12\/\u4e3b\u56fe2-8-768x768.jpg 768w, https:\/\/szjialu.com\/wp-content\/uploads\/2025\/12\/\u4e3b\u56fe2-8-600x600.jpg 600w, https:\/\/szjialu.com\/wp-content\/uploads\/2025\/12\/\u4e3b\u56fe2-8-100x100.jpg 100w, https:\/\/szjialu.com\/wp-content\/uploads\/2025\/12\/\u4e3b\u56fe2-8-64x64.jpg 64w, https:\/\/szjialu.com\/wp-content\/uploads\/2025\/12\/\u4e3b\u56fe2-8.jpg 800w\" sizes=\"(max-width: 693px) 100vw, 693px\" \/><figcaption id=\"caption-attachment-1339\" class=\"wp-caption-text\">20-W-PD-Schnellladeger\u00e4t<\/figcaption><\/figure>\n<h2 data-start=\"2581\" data-end=\"2605\"><strong data-start=\"2583\" data-end=\"2605\">Wichtigste Verkaufsargumente<\/strong><\/h2>\n<h3 data-start=\"2607\" data-end=\"2649\"><strong data-start=\"2611\" data-end=\"2647\">1. Schnellladen mit zwei Anschl\u00fcssen<\/strong><\/h3>\n<p data-start=\"2650\" data-end=\"2801\">Das Ladeger\u00e4t verf\u00fcgt sowohl \u00fcber einen USB-C PD-Anschluss als auch \u00fcber einen USB-A-Schnellladeanschluss, sodass Benutzer zwei Ger\u00e4te gleichzeitig mit stabiler Ausgangsleistung aufladen k\u00f6nnen.<\/p>\n<h3 data-start=\"2803\" data-end=\"2846\"><strong data-start=\"2807\" data-end=\"2844\">2. Universelle Reisekompatibilit\u00e4t<\/strong><\/h3>\n<p data-start=\"2847\" data-end=\"2999\">Mit einem Eingangsspannungsbereich von 100\u2013240 V und der Unterst\u00fctzung mehrerer regionaler Steckerstandards eignet sich dieses Ladeger\u00e4t f\u00fcr den weltweiten Einsatz \u2013 selbst in schnelllebigen Reiseumgebungen.<\/p>\n<h3 data-start=\"3001\" data-end=\"3043\"><strong data-start=\"3005\" data-end=\"3041\">3. Ultraleichtes und tragbares Design<\/strong><\/h3>\n<p data-start=\"3044\" data-end=\"3141\">Mit einem Gewicht von nur 50 g ist der TR79ACEU so kompakt, dass er in Taschen, Hosentaschen oder kleine Reisekoffer passt.<\/p>\n<h3 data-start=\"3143\" data-end=\"3195\"><strong data-start=\"3147\" data-end=\"3193\">4. Vollst\u00e4ndiger Schutz und langfristige Zuverl\u00e4ssigkeit<\/strong><\/h3>\n<p data-start=\"3196\" data-end=\"3344\">Zu den integrierten Sicherheitsfunktionen geh\u00f6ren Schutz vor Kurzschluss, \u00dcberspannung, \u00dcberstrom, \u00dcberlastung und R\u00fcckfluss \u2013 so ist jederzeit ein sicheres Laden gew\u00e4hrleistet.<\/p>\n<h3 data-start=\"3346\" data-end=\"3387\"><strong data-start=\"3350\" data-end=\"3385\">5. Zertifiziert f\u00fcr globale M\u00e4rkte<\/strong><\/h3>\n<p data-start=\"3388\" data-end=\"3541\">Mit CE-, FCC-, ETL-, KC-, PSE-, UKCA-, RoHS- und REACH-Zertifizierungen ist das Ladeger\u00e4t vollst\u00e4ndig f\u00fcr den Vertrieb in Europa, Nordamerika und Asien geeignet.<\/p>\n<h3 data-start=\"3543\" data-end=\"3574\"><strong data-start=\"3547\" data-end=\"3572\">6. Robustes PC-Geh\u00e4use<\/strong><\/h3>\n<p data-start=\"3575\" data-end=\"3680\">Hergestellt aus hochwertigem Polycarbonat-Material f\u00fcr verbesserte Hitzebest\u00e4ndigkeit und strukturelle Stabilit\u00e4t.<\/p>\n<h2 data-start=\"3687\" data-end=\"3705\"><strong data-start=\"3689\" data-end=\"3705\">Anwendungen<\/strong><\/h2>\n<ul data-start=\"3707\" data-end=\"4007\">\n<li data-start=\"3707\" data-end=\"3768\">\n<p data-start=\"3709\" data-end=\"3768\">Smartphones (iPhone, Samsung, Huawei, Xiaomi, OPPO usw.)<\/p>\n<\/li>\n<li data-start=\"3769\" data-end=\"3795\">\n<p data-start=\"3771\" data-end=\"3795\">Tablets einschlie\u00dflich iPad<\/p>\n<\/li>\n<li data-start=\"3796\" data-end=\"3831\">\n<p data-start=\"3798\" data-end=\"3831\">Bluetooth-Headsets und -Lautsprecher<\/p>\n<\/li>\n<li data-start=\"3832\" data-end=\"3874\">\n<p data-start=\"3834\" data-end=\"3874\">E-Reader, Smartwatches und Wearables<\/p>\n<\/li>\n<li data-start=\"3875\" data-end=\"3901\">\n<p data-start=\"3877\" data-end=\"3901\">Tragbare Spielkonsolen<\/p>\n<\/li>\n<li data-start=\"3902\" data-end=\"3947\">\n<p data-start=\"3904\" data-end=\"3947\">Powerbanks und andere USB-aufladbare Ger\u00e4te<\/p>\n<\/li>\n<li data-start=\"3948\" data-end=\"4007\">\n<p data-start=\"3950\" data-end=\"4007\">Ideal f\u00fcr Reisen, Zuhause, B\u00fcro und Einzelhandels-\/OEM-Projekte<\/p>\n<\/li>\n<\/ul>\n<h2 data-start=\"4014\" data-end=\"4062\"><strong data-start=\"4016\" data-end=\"4060\">Unternehmensvorteil<\/strong><\/h2>\n<h3 data-start=\"4063\" data-end=\"4118\"><strong data-start=\"4067\" data-end=\"4118\">Fortschrittliche OEM\/ODM-Kapazit\u00e4ten f\u00fcr globale Marken<\/strong><\/h3>\n<p data-start=\"4120\" data-end=\"4301\">Shenzhen Jialu Technology zeichnet sich als professioneller Hersteller von Ladeger\u00e4ten und Adaptern mit starker <strong data-start=\"4220\" data-end=\"4258\">OEM\/ODM-Anpassungsm\u00f6glichkeiten<\/strong>. Laut Unternehmensangaben:<\/p>\n<ul data-start=\"4303\" data-end=\"4958\">\n<li data-start=\"4303\" data-end=\"4435\">\n<p data-start=\"4305\" data-end=\"4435\">Das Werk ist zertifiziert mit <strong data-start=\"4335\" data-end=\"4359\">ISO 9001 und ISO 14001<\/strong>, um ein hohes Qualit\u00e4tsniveau im Produktionsmanagement und die Einhaltung hoher Umweltstandards zu gew\u00e4hrleisten.<\/p>\n<\/li>\n<li data-start=\"4436\" data-end=\"4601\">\n<p data-start=\"4438\" data-end=\"4601\">Jialu betreibt hochmoderne, automatisierte Produktionslinien, von der SMT-Best\u00fcckung \u00fcber Alterungstests bis hin zur abschlie\u00dfenden Qualit\u00e4tskontrolle, und gew\u00e4hrleistet so eine gleichbleibende Qualit\u00e4t und niedrige Fehlerraten.<\/p>\n<\/li>\n<li data-start=\"4602\" data-end=\"4793\">\n<p data-start=\"4604\" data-end=\"4793\">Das Unternehmen unterst\u00fctzt vollst\u00e4ndige Anpassungen, einschlie\u00dflich <strong data-start=\"4654\" data-end=\"4747\">Eigenmarkenentwicklung, individuelle Farben, Verpackung, Formenbau und Elektronikentwicklung<\/strong>\u2014ideal f\u00fcr Markenvertriebe und Einzelh\u00e4ndler.<\/p>\n<\/li>\n<li data-start=\"4794\" data-end=\"4958\">\n<p data-start=\"4796\" data-end=\"4958\">Mit umfassender Erfahrung in der Bedienung globaler M\u00e4rkte und der Erf\u00fcllung regionaler Zertifizierungsanforderungen bietet Jialu eine stabile Versorgung und einen zuverl\u00e4ssigen Kundendienst.<\/p>\n<\/li>\n<\/ul>\n<p data-start=\"4960\" data-end=\"5113\">Dies macht den TR79ACEU nicht nur zu einem qualitativ hochwertigen Produkt, sondern auch zu einer attraktiven Option f\u00fcr Unternehmen, die einen vertrauensw\u00fcrdigen Partner f\u00fcr die Herstellung von Netzteilen suchen.<\/p>\n<h2 data-start=\"5120\" data-end=\"5137\"><strong data-start=\"5122\" data-end=\"5137\">Produkt-FAQ<\/strong><\/h2>\n<p data-start=\"5139\" data-end=\"5337\"><strong data-start=\"5139\" data-end=\"5219\">Frage 1: Unterst\u00fctzt der TR79ACEU Schnellladen f\u00fcr iPhones und Android-Ger\u00e4te?<\/strong><br data-start=\"5219\" data-end=\"5222\" \/>Ja, der USB-C PD-Anschluss unterst\u00fctzt Schnellladen f\u00fcr iPhone, Samsung, Huawei, Xiaomi und andere PD-kompatible Ger\u00e4te.<\/p>\n<p data-start=\"5339\" data-end=\"5469\"><strong data-start=\"5339\" data-end=\"5389\">Frage 2: Kann ich zwei Ger\u00e4te gleichzeitig aufladen?<\/strong><br data-start=\"5389\" data-end=\"5392\" \/>Ja. Bei gleichzeitiger Verwendung von USB-C und USB-A wird die Gesamtleistung mit 5 V\/3 A aufgeteilt.<\/p>\n<p data-start=\"5471\" data-end=\"5595\"><strong data-start=\"5471\" data-end=\"5515\">Frage 3: Ist dieses Ladeger\u00e4t f\u00fcr die Reise geeignet?<\/strong><br data-start=\"5515\" data-end=\"5518\" \/>Absolut. Es unterst\u00fctzt Eingangsspannungen von 100\u2013240 V und verschiedene internationale Steckertypen.<\/p>\n<p data-start=\"5597\" data-end=\"5736\"><strong data-start=\"5597\" data-end=\"5639\">Frage 4: Welche Sicherheitsmerkmale sind enthalten?<\/strong><br data-start=\"5639\" data-end=\"5642\" \/>Es beinhaltet Schutzmechanismen gegen Kurzschluss, \u00dcberspannung, \u00dcberstrom, \u00dcberlastung und R\u00fcckstrom.<\/p>\n<p data-start=\"5738\" data-end=\"5866\"><strong data-start=\"5738\" data-end=\"5788\">Frage 5: \u00dcber welche Zertifizierungen verf\u00fcgt das Produkt?<\/strong><br data-start=\"5788\" data-end=\"5791\" \/>Das Ladeger\u00e4t ist nach CE, FCC, ETL, KC, PSE, UKCA, RoHS und REACH zertifiziert.<\/p>\n<p data-start=\"5868\" data-end=\"6011\"><strong data-start=\"5868\" data-end=\"5928\">Frage 6: Kann das Ladeger\u00e4t in hei\u00dfen oder kalten Umgebungen betrieben werden?<\/strong><br data-start=\"5928\" data-end=\"5931\" \/>Ja. Es funktioniert sicher im Temperaturbereich von \u201320 \u00b0C bis 55 \u00b0C und kann bei Temperaturen von \u201340 \u00b0C bis 70 \u00b0C gelagert werden.<\/p>\n<p data-start=\"6013\" data-end=\"6152\"><strong data-start=\"6013\" data-end=\"6050\">F7. Wird OEM\/ODM-Support angeboten?<\/strong><br data-start=\"6050\" data-end=\"6053\" \/>Ja. Jialu Technology bietet umfassende Individualisierungsdienste f\u00fcr Branding, Verpackung, Design und mehr.<\/p>","protected":false},"excerpt":{"rendered":"<p><strong data-start=\"1765\" data-end=\"1781\">Produktname: <\/strong>20-W-PD-Ladeger\u00e4t<\/p>\n<p><strong data-start=\"1803\" data-end=\"1819\">Modellnummer: <\/strong>TR79ACEU<\/p>\n<p><strong data-start=\"1835\" data-end=\"1854\">Herkunftsort: <\/strong>China (Festland)<\/p>\n<p><strong data-start=\"1878\" data-end=\"1894\">Anwendungsbereiche: <\/strong>Mobiltelefone, Tablets, USB-Ger\u00e4te<\/p>\n<p><strong data-start=\"1937\" data-end=\"1946\">Eingang: <\/strong>100\u2013240 V, 50\/60 Hz, max. 0,6 A<\/p>\n<p><strong data-start=\"1981\" data-end=\"1991\">Ausgabe<\/strong><strong data-start=\"1994\" data-end=\"2004\">USB-C:<\/strong> 5 V\/3 A, 9 V\/2,22 A, 12 V\/1,67 A<br \/>\n<strong data-start=\"2037\" data-end=\"2047\">USB-A:<\/strong> 5 V\/3 A, 9 V\/2 A, 12 V\/1,5 A<br \/>\n<strong data-start=\"2076\" data-end=\"2094\">USB-A + USB-C:<\/strong> 5V\/3A gemeinsam genutzt<\/p>\n<p><strong data-start=\"2112\" data-end=\"2131\">Steckdosenstandard: <\/strong>USA, Korea, Japan, Gro\u00dfbritannien, EU<\/p>\n<p><strong data-start=\"2163\" data-end=\"2173\">Farben: <\/strong>Schwarz\/Wei\u00df<\/p>\n<p><strong data-start=\"2194\" data-end=\"2206\">Material: <\/strong>PC (Polycarbonat)<\/p>\n<p><strong data-start=\"2232\" data-end=\"2242\">Gewicht: <\/strong>50 g<\/p>\n<p><strong data-start=\"2253\" data-end=\"2264\">Verpackung: <\/strong>PE-Beutelverpackung<\/p>\n<p><strong data-start=\"2286\" data-end=\"2300\">Schutz: <\/strong>Kurzschluss, \u00dcberspannung, \u00dcberstrom, \u00dcberlastung, R\u00fcckfluss<\/p>\n<p><strong data-start=\"2369\" data-end=\"2389\">Effizienzniveau: <\/strong>VI<\/p>\n<p><strong data-start=\"2399\" data-end=\"2415\">Zertifikate: <\/strong>CE, FCC, ETL, KC, PSE, UKCA, RoHS, REACH<\/p>","protected":false},"featured_media":1339,"comment_status":"open","ping_status":"closed","template":"","meta":{"_acf_changed":false,"site-sidebar-layout":"default","site-content-layout":"","ast-site-content-layout":"default","site-content-style":"default","site-sidebar-style":"default","ast-global-header-display":"","ast-banner-title-visibility":"","ast-main-header-display":"","ast-hfb-above-header-display":"","ast-hfb-below-header-display":"","ast-hfb-mobile-header-display":"","site-post-title":"","ast-breadcrumbs-content":"","ast-featured-img":"","footer-sml-layout":"","ast-disable-related-posts":"","theme-transparent-header-meta":"default","adv-header-id-meta":"","stick-header-meta":"","header-above-stick-meta":"","header-main-stick-meta":"","header-below-stick-meta":"","astra-migrate-meta-layouts":"set","ast-page-background-enabled":"default","ast-page-background-meta":{"desktop":{"background-color":"var(--ast-global-color-5)","background-image":"","background-repeat":"repeat","background-position":"center center","background-size":"auto","background-attachment":"scroll","background-type":"","background-media":"","overlay-type":"","overlay-color":"","overlay-opacity":"","overlay-gradient":""},"tablet":{"background-color":"","background-image":"","background-repeat":"repeat","background-position":"center center","background-size":"auto","background-attachment":"scroll","background-type":"","background-media":"","overlay-type":"","overlay-color":"","overlay-opacity":"","overlay-gradient":""},"mobile":{"background-color":"","background-image":"","background-repeat":"repeat","background-position":"center center","background-size":"auto","background-attachment":"scroll","background-type":"","background-media":"","overlay-type":"","overlay-color":"","overlay-opacity":"","overlay-gradient":""}},"ast-content-background-meta":{"desktop":{"background-color":"var(--ast-global-color-4)","background-image":"","background-repeat":"repeat","background-position":"center center","background-size":"auto","background-attachment":"scroll","background-type":"","background-media":"","overlay-type":"","overlay-color":"","overlay-opacity":"","overlay-gradient":""},"tablet":{"background-color":"var(--ast-global-color-4)","background-image":"","background-repeat":"repeat","background-position":"center center","background-size":"auto","background-attachment":"scroll","background-type":"","background-media":"","overlay-type":"","overlay-color":"","overlay-opacity":"","overlay-gradient":""},"mobile":{"background-color":"var(--ast-global-color-4)","background-image":"","background-repeat":"repeat","background-position":"center center","background-size":"auto","background-attachment":"scroll","background-type":"","background-media":"","overlay-type":"","overlay-color":"","overlay-opacity":"","overlay-gradient":""}}},"product_brand":[],"product_cat":[45,30],"product_tag":[162,130,89],"class_list":{"0":"post-1336","1":"product","2":"type-product","3":"status-publish","4":"has-post-thumbnail","6":"product_cat-20w","7":"product_cat-gan-charger","8":"product_tag-20w-pd-fast-charger","9":"product_tag-ce-certified-charger","10":"product_tag-usb-c-fast-charger","11":"desktop-align-left","12":"tablet-align-left","13":"mobile-align-left","15":"first","16":"instock","17":"shipping-taxable","18":"product-type-simple"},"acf":[],"_links":{"self":[{"href":"https:\/\/szjialu.com\/de\/wp-json\/wp\/v2\/product\/1336","targetHints":{"allow":["GET"]}}],"collection":[{"href":"https:\/\/szjialu.com\/de\/wp-json\/wp\/v2\/product"}],"about":[{"href":"https:\/\/szjialu.com\/de\/wp-json\/wp\/v2\/types\/product"}],"replies":[{"embeddable":true,"href":"https:\/\/szjialu.com\/de\/wp-json\/wp\/v2\/comments?post=1336"}],"wp:featuredmedia":[{"embeddable":true,"href":"https:\/\/szjialu.com\/de\/wp-json\/wp\/v2\/media\/1339"}],"wp:attachment":[{"href":"https:\/\/szjialu.com\/de\/wp-json\/wp\/v2\/media?parent=1336"}],"wp:term":[{"taxonomy":"product_brand","embeddable":true,"href":"https:\/\/szjialu.com\/de\/wp-json\/wp\/v2\/product_brand?post=1336"},{"taxonomy":"product_cat","embeddable":true,"href":"https:\/\/szjialu.com\/de\/wp-json\/wp\/v2\/product_cat?post=1336"},{"taxonomy":"product_tag","embeddable":true,"href":"https:\/\/szjialu.com\/de\/wp-json\/wp\/v2\/product_tag?post=1336"}],"curies":[{"name":"wp","href":"https:\/\/api.w.org\/{rel}","templated":true}]}}