{"id":1326,"date":"2025-12-05T06:39:46","date_gmt":"2025-12-05T06:39:46","guid":{"rendered":"https:\/\/szjialu.com\/?post_type=product&#038;p=1326"},"modified":"2025-12-05T06:39:48","modified_gmt":"2025-12-05T06:39:48","slug":"30-w-pd-ladegerat-tr7930cuk","status":"publish","type":"product","link":"https:\/\/szjialu.com\/de\/product\/30w-pd-charger-tr7930cuk\/","title":{"rendered":"30W PD-Ladeger\u00e4t TR7930CUK"},"content":{"rendered":"<h2 data-start=\"1009\" data-end=\"1033\"><strong data-start=\"1011\" data-end=\"1031\">Produkt\u00fcbersicht<\/strong><\/h2>\n<p data-start=\"1034\" data-end=\"1414\">Der <strong data-start=\"1038\" data-end=\"1074\">30W PD-Ladeger\u00e4t (Modell TR7930CUK)<\/strong> Dieser leistungsstarke USB-C-Netzadapter wurde f\u00fcr Anwender entwickelt, die ihre Ger\u00e4te schnell, effizient und zuverl\u00e4ssig aufladen m\u00f6chten. Dank seiner breiten Kompatibilit\u00e4t ist er der ideale Begleiter f\u00fcr Laptops, Notebooks, Tablets und Mobiltelefone \u2013 insbesondere f\u00fcr Reisende und Berufst\u00e4tige, die nur ein einziges Ladeger\u00e4t f\u00fcr all ihre Ger\u00e4te ben\u00f6tigen.<\/p>\n<p data-start=\"1416\" data-end=\"1744\">Mit universellem Wechselstromeingang (100\u2013240 V), vielf\u00e4ltigen Ausgangsspannungsoptionen und PPS-Schnellladefunktion liefert dieses kompakte 30-W-Ladeger\u00e4t stabile Leistung bei maximaler Effizienz. Gefertigt aus robustem Polycarbonat und ausgestattet mit fortschrittlichen Schutzsystemen, vereint das TR7930CUK Langlebigkeit, Sicherheit und weltweite Einsatzm\u00f6glichkeiten in einem leichten Design.<\/p>\n<h2 data-start=\"1751\" data-end=\"1771\"><strong data-start=\"1753\" data-end=\"1771\">Spezifikationen<\/strong><\/h2>\n<div class=\"TyagGW_tableContainer\">\n<div class=\"group TyagGW_tableWrapper flex w-fit flex-col-reverse\" tabindex=\"-1\">\n<table class=\"w-fit min-w-(--thread-content-width)\" data-start=\"1773\" data-end=\"2615\">\n<thead data-start=\"1773\" data-end=\"1794\">\n<tr data-start=\"1773\" data-end=\"1794\">\n<th data-start=\"1773\" data-end=\"1783\" data-col-size=\"sm\">Besonderheit<\/th>\n<th data-start=\"1783\" data-end=\"1794\" data-col-size=\"md\">Details<\/th>\n<\/tr>\n<\/thead>\n<tbody data-start=\"1816\" data-end=\"2615\">\n<tr data-start=\"1816\" data-end=\"1853\">\n<td data-start=\"1816\" data-end=\"1835\" data-col-size=\"sm\"><strong data-start=\"1818\" data-end=\"1834\">Produktname<\/strong><\/td>\n<td data-start=\"1835\" data-end=\"1853\" data-col-size=\"md\">30-W-PD-Ladeger\u00e4t<\/td>\n<\/tr>\n<tr data-start=\"1854\" data-end=\"1886\">\n<td data-start=\"1854\" data-end=\"1873\" data-col-size=\"sm\"><strong data-start=\"1856\" data-end=\"1872\">Modellnummer<\/strong><\/td>\n<td data-start=\"1873\" data-end=\"1886\" data-col-size=\"md\">TR7930CUK<\/td>\n<\/tr>\n<tr data-start=\"1887\" data-end=\"1929\">\n<td data-start=\"1887\" data-end=\"1909\" data-col-size=\"sm\"><strong data-start=\"1889\" data-end=\"1908\">Herkunftsort<\/strong><\/td>\n<td data-start=\"1909\" data-end=\"1929\" data-col-size=\"md\">China (Festland)<\/td>\n<\/tr>\n<tr data-start=\"1930\" data-end=\"2006\">\n<td data-start=\"1930\" data-end=\"1949\" data-col-size=\"sm\"><strong data-start=\"1932\" data-end=\"1948\">Anwendungen<\/strong><\/td>\n<td data-start=\"1949\" data-end=\"2006\" data-col-size=\"md\">Laptop, Notebook, Tablet, Mobiltelefon, USB-C-Ger\u00e4te<\/td>\n<\/tr>\n<tr data-start=\"2007\" data-end=\"2046\">\n<td data-start=\"2007\" data-end=\"2019\" data-col-size=\"sm\"><strong data-start=\"2009\" data-end=\"2018\">Eingang<\/strong><\/td>\n<td data-start=\"2019\" data-end=\"2046\" data-col-size=\"md\">100\u2013240 V, 50\/60 Hz, 0,8 A<\/td>\n<\/tr>\n<tr data-start=\"2047\" data-end=\"2139\">\n<td data-start=\"2047\" data-end=\"2060\" data-col-size=\"sm\"><strong data-start=\"2049\" data-end=\"2059\">Ausgabe<\/strong><\/td>\n<td data-start=\"2060\" data-end=\"2139\" data-col-size=\"md\">5 V\/3 A, 9 V\/3 A, 12 V\/2,5 A, 15 V\/2 A, 20 V\/1,5 A (30 W max.)<br \/>\nPPS: 3,3\u201311,0 V\/2,7 A<\/td>\n<\/tr>\n<tr data-start=\"2140\" data-end=\"2191\">\n<td data-start=\"2140\" data-end=\"2163\" data-col-size=\"sm\"><strong data-start=\"2142\" data-end=\"2162\">Steckdosenstandards<\/strong><\/td>\n<td data-start=\"2163\" data-end=\"2191\" data-col-size=\"md\">USA, EU, Gro\u00dfbritannien, Japan, Korea<\/td>\n<\/tr>\n<tr data-start=\"2192\" data-end=\"2222\">\n<td data-start=\"2192\" data-end=\"2205\" data-col-size=\"sm\"><strong data-start=\"2194\" data-end=\"2204\">Farben<\/strong><\/td>\n<td data-start=\"2205\" data-end=\"2222\" data-col-size=\"md\">Schwarz\/Wei\u00df<\/td>\n<\/tr>\n<tr data-start=\"2223\" data-end=\"2252\">\n<td data-start=\"2223\" data-end=\"2238\" data-col-size=\"sm\"><strong data-start=\"2225\" data-end=\"2237\">Material<\/strong><\/td>\n<td data-start=\"2238\" data-end=\"2252\" data-col-size=\"md\">Langlebiges PC<\/td>\n<\/tr>\n<tr data-start=\"2253\" data-end=\"2273\">\n<td data-start=\"2253\" data-end=\"2266\" data-col-size=\"sm\"><strong data-start=\"2255\" data-end=\"2265\">Gewicht<\/strong><\/td>\n<td data-start=\"2266\" data-end=\"2273\" data-col-size=\"md\">51 g<\/td>\n<\/tr>\n<tr data-start=\"2274\" data-end=\"2308\">\n<td data-start=\"2274\" data-end=\"2288\" data-col-size=\"sm\"><strong data-start=\"2276\" data-end=\"2287\">Verpackung<\/strong><\/td>\n<td data-start=\"2288\" data-end=\"2308\" data-col-size=\"md\">Einzelhandelsverpackung<\/td>\n<\/tr>\n<tr data-start=\"2309\" data-end=\"2403\">\n<td data-start=\"2309\" data-end=\"2326\" data-col-size=\"sm\"><strong data-start=\"2311\" data-end=\"2325\">Schutz<\/strong><\/td>\n<td data-start=\"2326\" data-end=\"2403\" data-col-size=\"md\">Kurzschluss-, \u00dcberspannungs-, \u00dcberstrom-, \u00dcberlast- und R\u00fcckflussschutz<\/td>\n<\/tr>\n<tr data-start=\"2404\" data-end=\"2433\">\n<td data-start=\"2404\" data-end=\"2421\" data-col-size=\"sm\"><strong data-start=\"2406\" data-end=\"2420\">Effizienz<\/strong><\/td>\n<td data-start=\"2421\" data-end=\"2433\" data-col-size=\"md\">Stufe VI<\/td>\n<\/tr>\n<tr data-start=\"2434\" data-end=\"2499\">\n<td data-start=\"2434\" data-end=\"2455\" data-col-size=\"sm\"><strong data-start=\"2436\" data-end=\"2454\">Zertifizierungen<\/strong><\/td>\n<td data-start=\"2455\" data-end=\"2499\" data-col-size=\"md\">ETL, CE, FCC, UKCA, PSE, KC, RoHS, REACH<\/td>\n<\/tr>\n<tr data-start=\"2500\" data-end=\"2525\">\n<td data-start=\"2500\" data-end=\"2515\" data-col-size=\"sm\"><strong data-start=\"2502\" data-end=\"2514\">Garantie<\/strong><\/td>\n<td data-start=\"2515\" data-end=\"2525\" data-col-size=\"md\">1 Jahr<\/td>\n<\/tr>\n<tr data-start=\"2526\" data-end=\"2571\">\n<td data-start=\"2526\" data-end=\"2554\" data-col-size=\"sm\"><strong data-start=\"2528\" data-end=\"2553\">Betriebstemperatur<\/strong><\/td>\n<td data-start=\"2554\" data-end=\"2571\" data-col-size=\"md\">\u201320 \u00b0C bis 55 \u00b0C<\/td>\n<\/tr>\n<tr data-start=\"2572\" data-end=\"2615\">\n<td data-start=\"2572\" data-end=\"2598\" data-col-size=\"sm\"><strong data-start=\"2574\" data-end=\"2597\">Lagertemperatur<\/strong><\/td>\n<td data-start=\"2598\" data-end=\"2615\" data-col-size=\"md\">\u201340 \u00b0C bis 70 \u00b0C<\/td>\n<\/tr>\n<\/tbody>\n<\/table>\n<\/div>\n<\/div>\n<figure id=\"attachment_1327\" aria-describedby=\"caption-attachment-1327\" style=\"width: 654px\" class=\"wp-caption alignnone\"><img fetchpriority=\"high\" decoding=\"async\" class=\"wp-image-1327\" src=\"https:\/\/szjialu.com\/wp-content\/uploads\/2025\/12\/\u4e3b\u56fe-0-4-300x300.jpg\" alt=\"30-W-PD-Ladeger\u00e4t\" width=\"654\" height=\"654\" srcset=\"https:\/\/szjialu.com\/wp-content\/uploads\/2025\/12\/\u4e3b\u56fe-0-4-300x300.jpg 300w, https:\/\/szjialu.com\/wp-content\/uploads\/2025\/12\/\u4e3b\u56fe-0-4-150x150.jpg 150w, https:\/\/szjialu.com\/wp-content\/uploads\/2025\/12\/\u4e3b\u56fe-0-4-768x768.jpg 768w, https:\/\/szjialu.com\/wp-content\/uploads\/2025\/12\/\u4e3b\u56fe-0-4-600x600.jpg 600w, https:\/\/szjialu.com\/wp-content\/uploads\/2025\/12\/\u4e3b\u56fe-0-4-100x100.jpg 100w, https:\/\/szjialu.com\/wp-content\/uploads\/2025\/12\/\u4e3b\u56fe-0-4-64x64.jpg 64w, https:\/\/szjialu.com\/wp-content\/uploads\/2025\/12\/\u4e3b\u56fe-0-4.jpg 800w\" sizes=\"(max-width: 654px) 100vw, 654px\" \/><figcaption id=\"caption-attachment-1327\" class=\"wp-caption-text\">30-W-PD-Ladeger\u00e4t<\/figcaption><\/figure>\n<h2 data-start=\"2622\" data-end=\"2642\"><strong data-start=\"2624\" data-end=\"2642\">Verkaufsargumente<\/strong><\/h2>\n<p data-start=\"2644\" data-end=\"2676\"><strong data-start=\"2648\" data-end=\"2674\">30-W-PD-Schnellladung<\/strong><\/p>\n<p data-start=\"2677\" data-end=\"2839\">Unterst\u00fctzt USB Power Delivery mit mehreren Spannungsprofilen und PPS-Ausgang und erm\u00f6glicht so ein schnelles und optimiertes Laden von Smartphones, Tablets und leichten Laptops.<\/p>\n<p data-start=\"2841\" data-end=\"2876\"><strong data-start=\"2845\" data-end=\"2874\">Universelle Kompatibilit\u00e4t<\/strong><\/p>\n<p data-start=\"2877\" data-end=\"2963\">Konzipiert f\u00fcr eine Vielzahl von USB-C-Ger\u00e4ten \u2013 ideal f\u00fcr Reisen, Arbeit und den t\u00e4glichen Gebrauch.<\/p>\n<p data-start=\"2965\" data-end=\"2998\"><strong data-start=\"2969\" data-end=\"2996\">Globale Socket-Optionen<\/strong><\/p>\n<p data-start=\"2999\" data-end=\"3119\">Erh\u00e4ltlich mit Steckertypen f\u00fcr die USA, die EU, Gro\u00dfbritannien, Japan und Korea, wodurch es f\u00fcr internationale M\u00e4rkte und Kunden weltweit geeignet ist.<\/p>\n<p data-start=\"3121\" data-end=\"3162\"><strong data-start=\"3125\" data-end=\"3160\">Leicht und reisefreundlich<\/strong><\/p>\n<p data-start=\"3163\" data-end=\"3268\">Nur <strong data-start=\"3171\" data-end=\"3183\">51 Gramm<\/strong>, Der TR7930CUK ist so kompakt, dass er in jede Reisetasche, Laptoptasche oder Hosentasche passt.<\/p>\n<p data-start=\"3270\" data-end=\"3308\"><strong data-start=\"3274\" data-end=\"3306\">Erweiterter Sicherheitsschutz<\/strong><\/p>\n<p data-start=\"3309\" data-end=\"3448\">Eingebaute Schutzmechanismen (Kurzschluss-, \u00dcberlast-, \u00dcberstrom-, \u00dcberspannungs- und R\u00fcckflussschutz) gew\u00e4hrleisten sowohl die Sicherheit des Benutzers als auch die Langlebigkeit des Ger\u00e4ts.<\/p>\n<p data-start=\"3450\" data-end=\"3485\"><strong data-start=\"3454\" data-end=\"3483\">Energieeffizientes Design<\/strong><\/p>\n<p data-start=\"3486\" data-end=\"3554\">Erf\u00fcllt die Effizienzstufe VI und reduziert so Energieverschwendung und W\u00e4rmeentwicklung.<\/p>\n<p data-start=\"3556\" data-end=\"3602\"><strong data-start=\"3560\" data-end=\"3600\">Vollst\u00e4ndig zertifiziert f\u00fcr globale M\u00e4rkte<\/strong><\/p>\n<p data-start=\"3603\" data-end=\"3703\">ETL, CE, FCC, UKCA, PSE, KC, RoHS und REACH gew\u00e4hrleisten die vollst\u00e4ndige Einhaltung der regulatorischen Bestimmungen in allen wichtigen Regionen.<\/p>\n<h2 data-start=\"3710\" data-end=\"3728\"><strong data-start=\"3712\" data-end=\"3728\">Anwendungen<\/strong><\/h2>\n<p data-start=\"3730\" data-end=\"3768\">Der TR7930CUK eignet sich perfekt f\u00fcr:<\/p>\n<ul data-start=\"3770\" data-end=\"4069\">\n<li data-start=\"3770\" data-end=\"3811\">\n<p data-start=\"3772\" data-end=\"3811\">USB-C-Laptops und -Notebooks (bis zu 30 W)<\/p>\n<\/li>\n<li data-start=\"3812\" data-end=\"3831\">\n<p data-start=\"3814\" data-end=\"3831\">Tablets und iPads<\/p>\n<\/li>\n<li data-start=\"3832\" data-end=\"3869\">\n<p data-start=\"3834\" data-end=\"3869\">Smartphones (iPhone, Android usw.)<\/p>\n<\/li>\n<li data-start=\"3870\" data-end=\"3920\">\n<p data-start=\"3872\" data-end=\"3920\">Tragbare Spielkonsolen (Nintendo Switch usw.)<\/p>\n<\/li>\n<li data-start=\"3921\" data-end=\"3969\">\n<p data-start=\"3923\" data-end=\"3969\">USB-C-Zubeh\u00f6r und stromhungrige Peripherieger\u00e4te<\/p>\n<\/li>\n<li data-start=\"3970\" data-end=\"4010\">\n<p data-start=\"3972\" data-end=\"4010\">Nutzung zu Hause, im B\u00fcro, im Gesch\u00e4ft und auf Reisen<\/p>\n<\/li>\n<li data-start=\"4011\" data-end=\"4069\">\n<p data-start=\"4013\" data-end=\"4069\">Einzelhandel, Gro\u00dfhandel, OEM\/ODM und kundenspezifische Markenprojekte<\/p>\n<\/li>\n<\/ul>\n<h2 data-start=\"4076\" data-end=\"4124\"><strong data-start=\"4078\" data-end=\"4122\">Unternehmensvorteil (Basierend auf szjialu.com)<\/strong><\/h2>\n<h3 data-start=\"4126\" data-end=\"4195\"><strong data-start=\"4132\" data-end=\"4193\">Starke OEM\/ODM-Kompetenz \u2013 Kundenspezifische Ladel\u00f6sungen<\/strong><\/h3>\n<p data-start=\"4196\" data-end=\"4577\">Shenzhen Jialu Technology zeichnet sich durch seine professionellen OEM\/ODM-Dienstleistungen aus und bietet umfassende Anpassungsm\u00f6glichkeiten f\u00fcr Ladeger\u00e4te, Netzteile und Schnellladel\u00f6sungen. <strong data-start=\"4366\" data-end=\"4398\">6.000 m\u00b2 Produktionsst\u00e4tte<\/strong>, Mit fortschrittlicher automatisierter Ausr\u00fcstung und einem qualifizierten Ingenieurteam unterst\u00fctzt Jialu kundenspezifische Formen, Eigenmarken, zertifizierte Produktentwicklung und schnelle Produktion f\u00fcr globale Marken.<\/p>\n<p data-start=\"4579\" data-end=\"4618\">Marken, die mit Jialu zusammenarbeiten, profitieren von:<\/p>\n<ul data-start=\"4620\" data-end=\"4836\">\n<li data-start=\"4620\" data-end=\"4647\">\n<p data-start=\"4622\" data-end=\"4647\">Schnelle Prototypenerstellung<\/p>\n<\/li>\n<li data-start=\"4648\" data-end=\"4691\">\n<p data-start=\"4650\" data-end=\"4691\">Flexible Branding- und Verpackungsoptionen<\/p>\n<\/li>\n<li data-start=\"4692\" data-end=\"4749\">\n<p data-start=\"4694\" data-end=\"4749\">Strenge Qualit\u00e4tskontrolle (ISO9001- und ISO14001-zertifiziert)<\/p>\n<\/li>\n<li data-start=\"4750\" data-end=\"4800\">\n<p data-start=\"4752\" data-end=\"4800\">Einhaltung internationaler Sicherheitsstandards<\/p>\n<\/li>\n<li data-start=\"4801\" data-end=\"4836\">\n<p data-start=\"4803\" data-end=\"4836\">Gro\u00dfserienproduktionskapazit\u00e4t<\/p>\n<\/li>\n<\/ul>\n<p data-start=\"4838\" data-end=\"4981\">Dies macht den TR7930CUK zu einer zuverl\u00e4ssigen Wahl nicht nur f\u00fcr Verbraucher, sondern auch f\u00fcr Unternehmen, die hochwertige, individuell anpassbare Ladel\u00f6sungen suchen.<\/p>\n<h2 data-start=\"4988\" data-end=\"5026\"><strong data-start=\"4990\" data-end=\"5026\">H\u00e4ufig gestellte Fragen (FAQ)<\/strong><\/h2>\n<p data-start=\"5028\" data-end=\"5173\"><strong data-start=\"5028\" data-end=\"5077\">Frage 1: Unterst\u00fctzt der TR7930CUK Schnellladen?<\/strong><br data-start=\"5077\" data-end=\"5080\" \/>Ja. Es unterst\u00fctzt PD-Schnellladung und PPS-Technologie f\u00fcr optimiertes, ger\u00e4tespezifisches Laden.<\/p>\n<p data-start=\"5175\" data-end=\"5323\"><strong data-start=\"5175\" data-end=\"5230\">Frage 2: Welche Ger\u00e4te sind mit diesem Ladeger\u00e4t kompatibel?<\/strong><br data-start=\"5230\" data-end=\"5233\" \/>Alle USB-C-Ger\u00e4te, die bis zu 30 W ben\u00f6tigen, einschlie\u00dflich Smartphones, Tablets und vieler Ultrabooks.<\/p>\n<p data-start=\"5325\" data-end=\"5509\"><strong data-start=\"5325\" data-end=\"5371\">Frage 3: Kann dieses Ladeger\u00e4t bedenkenlos \u00fcber Nacht verwendet werden?<\/strong><br data-start=\"5371\" data-end=\"5374\" \/>Ja. Dank \u00dcberstrom-, \u00dcberspannungs-, Kurzschluss-, \u00dcberlast- und R\u00fcckstromschutz ist das Ladeger\u00e4t f\u00fcr einen sicheren Langzeitgebrauch ausgelegt.<\/p>\n<p data-start=\"5511\" data-end=\"5671\"><strong data-start=\"5511\" data-end=\"5558\">Frage 4: Kann ich dieses Ladeger\u00e4t international verwenden?<\/strong><br data-start=\"5558\" data-end=\"5561\" \/>Absolut. Es unterst\u00fctzt weltweite Spannungen (100\u2013240 V) und ist mit verschiedenen Steckertypen erh\u00e4ltlich (US\/EU\/UK\/JP\/KR).<\/p>\n<p data-start=\"5673\" data-end=\"5761\"><strong data-start=\"5673\" data-end=\"5710\">Frage 5: Gibt es eine Garantie?<\/strong><br data-start=\"5710\" data-end=\"5713\" \/>Ja, das Produkt beinhaltet ein <strong data-start=\"5741\" data-end=\"5760\">1 Jahr Garantie<\/strong>.<\/p>\n<p data-start=\"5763\" data-end=\"5929\"><strong data-start=\"5763\" data-end=\"5815\">F6: Kann dieses Ladeger\u00e4t f\u00fcr meine Marke angepasst werden?<\/strong><br data-start=\"5815\" data-end=\"5818\" \/>Ja. Shenzhen Jialu Technology bietet OEM\/ODM-Dienstleistungen f\u00fcr Logodruck, Verpackung und Produktanpassung an.<\/p>","protected":false},"excerpt":{"rendered":"<p><strong data-start=\"1818\" data-end=\"1834\">Produktname: <\/strong>30-W-PD-Ladeger\u00e4t<\/p>\n<p><strong data-start=\"1856\" data-end=\"1872\">Modellnummer: <\/strong>TR7930CUK<\/p>\n<p><strong data-start=\"1889\" data-end=\"1908\">Herkunftsort: <\/strong>China (Festland)<\/p>\n<p><strong data-start=\"1932\" data-end=\"1948\">Anwendungsbereiche: <\/strong>Laptop, Notebook, Tablet, Mobiltelefon, USB-C-Ger\u00e4te<\/p>\n<p><strong data-start=\"2009\" data-end=\"2018\">Eingang: <\/strong>100\u2013240 V, 50\/60 Hz, 0,8 A<\/p>\n<p><strong data-start=\"2049\" data-end=\"2059\">Ausgabe: <\/strong>5 V\/3 A, 9 V\/3 A, 12 V\/2,5 A, 15 V\/2 A, 20 V\/1,5 A (30 W max.)<br \/>\nPPS: 3,3\u201311,0 V\/2,7 A<\/p>\n<p><strong data-start=\"2142\" data-end=\"2162\">Steckdosenstandards: <\/strong>USA, EU, Gro\u00dfbritannien, Japan, Korea<\/p>\n<p><strong data-start=\"2194\" data-end=\"2204\">Farben: <\/strong>Schwarz\/Wei\u00df<\/p>\n<p><strong data-start=\"2225\" data-end=\"2237\">Material: <\/strong>Langlebiges PC<\/p>\n<p><strong data-start=\"2255\" data-end=\"2265\">Gewicht: <\/strong>51 g<\/p>\n<p><strong data-start=\"2276\" data-end=\"2287\">Verpackung: <\/strong>Einzelhandelsverpackung<\/p>\n<p><strong data-start=\"2311\" data-end=\"2325\">Schutz: <\/strong>Kurzschluss-, \u00dcberspannungs-, \u00dcberstrom-, \u00dcberlast- und R\u00fcckflussschutz<\/p>\n<p><strong data-start=\"2406\" data-end=\"2420\">Effizienz: <\/strong>Stufe VI<\/p>\n<p><strong data-start=\"2436\" data-end=\"2454\">Zertifizierungen: <\/strong>ETL, CE, FCC, UKCA, PSE, KC, RoHS, REACH<\/p>","protected":false},"featured_media":1327,"comment_status":"closed","ping_status":"closed","template":"","meta":{"_acf_changed":false,"site-sidebar-layout":"default","site-content-layout":"","ast-site-content-layout":"default","site-content-style":"default","site-sidebar-style":"default","ast-global-header-display":"","ast-banner-title-visibility":"","ast-main-header-display":"","ast-hfb-above-header-display":"","ast-hfb-below-header-display":"","ast-hfb-mobile-header-display":"","site-post-title":"","ast-breadcrumbs-content":"","ast-featured-img":"","footer-sml-layout":"","ast-disable-related-posts":"","theme-transparent-header-meta":"default","adv-header-id-meta":"","stick-header-meta":"","header-above-stick-meta":"","header-main-stick-meta":"","header-below-stick-meta":"","astra-migrate-meta-layouts":"set","ast-page-background-enabled":"default","ast-page-background-meta":{"desktop":{"background-color":"var(--ast-global-color-5)","background-image":"","background-repeat":"repeat","background-position":"center center","background-size":"auto","background-attachment":"scroll","background-type":"","background-media":"","overlay-type":"","overlay-color":"","overlay-opacity":"","overlay-gradient":""},"tablet":{"background-color":"","background-image":"","background-repeat":"repeat","background-position":"center center","background-size":"auto","background-attachment":"scroll","background-type":"","background-media":"","overlay-type":"","overlay-color":"","overlay-opacity":"","overlay-gradient":""},"mobile":{"background-color":"","background-image":"","background-repeat":"repeat","background-position":"center center","background-size":"auto","background-attachment":"scroll","background-type":"","background-media":"","overlay-type":"","overlay-color":"","overlay-opacity":"","overlay-gradient":""}},"ast-content-background-meta":{"desktop":{"background-color":"var(--ast-global-color-4)","background-image":"","background-repeat":"repeat","background-position":"center center","background-size":"auto","background-attachment":"scroll","background-type":"","background-media":"","overlay-type":"","overlay-color":"","overlay-opacity":"","overlay-gradient":""},"tablet":{"background-color":"var(--ast-global-color-4)","background-image":"","background-repeat":"repeat","background-position":"center center","background-size":"auto","background-attachment":"scroll","background-type":"","background-media":"","overlay-type":"","overlay-color":"","overlay-opacity":"","overlay-gradient":""},"mobile":{"background-color":"var(--ast-global-color-4)","background-image":"","background-repeat":"repeat","background-position":"center center","background-size":"auto","background-attachment":"scroll","background-type":"","background-media":"","overlay-type":"","overlay-color":"","overlay-opacity":"","overlay-gradient":""}}},"product_brand":[],"product_cat":[30,46],"product_tag":[122,157,149,158,89],"class_list":{"0":"post-1326","1":"product","2":"type-product","3":"status-publish","4":"has-post-thumbnail","6":"product_cat-gan-charger","7":"product_cat-30w","8":"product_tag-30w-pd-charger","9":"product_tag-30w-usb-c-power-adapter","10":"product_tag-fast-charging-adapter","11":"product_tag-pps-charger-30w","12":"product_tag-usb-c-fast-charger","13":"desktop-align-left","14":"tablet-align-left","15":"mobile-align-left","17":"first","18":"instock","19":"shipping-taxable","20":"product-type-simple"},"acf":[],"_links":{"self":[{"href":"https:\/\/szjialu.com\/de\/wp-json\/wp\/v2\/product\/1326","targetHints":{"allow":["GET"]}}],"collection":[{"href":"https:\/\/szjialu.com\/de\/wp-json\/wp\/v2\/product"}],"about":[{"href":"https:\/\/szjialu.com\/de\/wp-json\/wp\/v2\/types\/product"}],"replies":[{"embeddable":true,"href":"https:\/\/szjialu.com\/de\/wp-json\/wp\/v2\/comments?post=1326"}],"wp:featuredmedia":[{"embeddable":true,"href":"https:\/\/szjialu.com\/de\/wp-json\/wp\/v2\/media\/1327"}],"wp:attachment":[{"href":"https:\/\/szjialu.com\/de\/wp-json\/wp\/v2\/media?parent=1326"}],"wp:term":[{"taxonomy":"product_brand","embeddable":true,"href":"https:\/\/szjialu.com\/de\/wp-json\/wp\/v2\/product_brand?post=1326"},{"taxonomy":"product_cat","embeddable":true,"href":"https:\/\/szjialu.com\/de\/wp-json\/wp\/v2\/product_cat?post=1326"},{"taxonomy":"product_tag","embeddable":true,"href":"https:\/\/szjialu.com\/de\/wp-json\/wp\/v2\/product_tag?post=1326"}],"curies":[{"name":"wp","href":"https:\/\/api.w.org\/{rel}","templated":true}]}}