{"id":1323,"date":"2025-12-05T06:33:36","date_gmt":"2025-12-05T06:33:36","guid":{"rendered":"https:\/\/szjialu.com\/?post_type=product&#038;p=1323"},"modified":"2025-12-05T06:33:39","modified_gmt":"2025-12-05T06:33:39","slug":"30-w-usb-c-pd-ladegerat-tr7930cus1","status":"publish","type":"product","link":"https:\/\/szjialu.com\/de\/product\/30w-usb-c-pd-charger-tr7930cus1\/","title":{"rendered":"30W USB-C PD-Ladeger\u00e4t TR7930CUS1"},"content":{"rendered":"<h2 data-start=\"962\" data-end=\"983\">Produkt\u00fcbersicht<\/h2>\n<p data-start=\"985\" data-end=\"1477\">Der <strong data-start=\"989\" data-end=\"1026\"><a href=\"https:\/\/szjialu.com\/de\/product-category\/gan-ladegerat\/30-w\/\">30-W-USB-C-PD-Ladeger\u00e4t<\/a> (Modell TR7930CUS1)<\/strong> Dieses vielseitige und kompakte Netzteil liefert zuverl\u00e4ssig und schnell Strom f\u00fcr eine Vielzahl von Ger\u00e4ten \u2013 Laptops, Tablets, Smartphones und mehr. Es ist f\u00fcr den weltweiten Einsatz konzipiert, unterst\u00fctzt Wechselstrom von 100\u2013240 V und bietet verschiedene Ausgangsprofile f\u00fcr unterschiedliche Leistungsanforderungen. Dank seines geringen Gewichts, der universellen Steckeroptionen und der integrierten Sicherheitsfunktionen ist es die ideale Wahl f\u00fcr den t\u00e4glichen Gebrauch zu Hause, im B\u00fcro oder auf Reisen.<\/p>\n<p data-start=\"1479\" data-end=\"1662\">Egal ob Sie eine stabile Stromversorgung f\u00fcr ein Notebook, eine Schnellladung f\u00fcr ein Handy oder flexibles Laden f\u00fcr ein Tablet ben\u00f6tigen \u2013 dieses 30-Watt-Ladeger\u00e4t vereint Komfort, Kompatibilit\u00e4t und Sicherheit.<\/p>\n<h2 data-start=\"1669\" data-end=\"1688\">Spezifikationen<\/h2>\n<div class=\"TyagGW_tableContainer\">\n<div class=\"group TyagGW_tableWrapper flex w-fit flex-col-reverse\" tabindex=\"-1\">\n<table class=\"w-fit min-w-(--thread-content-width)\" data-start=\"1690\" data-end=\"2622\">\n<thead data-start=\"1690\" data-end=\"1713\">\n<tr data-start=\"1690\" data-end=\"1713\">\n<th data-start=\"1690\" data-end=\"1702\" data-col-size=\"sm\">Parameter<\/th>\n<th data-start=\"1702\" data-end=\"1713\" data-col-size=\"lg\">Details<\/th>\n<\/tr>\n<\/thead>\n<tbody data-start=\"1737\" data-end=\"2622\">\n<tr data-start=\"1737\" data-end=\"1774\">\n<td data-start=\"1737\" data-end=\"1756\" data-col-size=\"sm\"><strong data-start=\"1739\" data-end=\"1755\">Produktname<\/strong><\/td>\n<td data-start=\"1756\" data-end=\"1774\" data-col-size=\"lg\">30-W-PD-Ladeger\u00e4t<\/td>\n<\/tr>\n<tr data-start=\"1775\" data-end=\"1808\">\n<td data-start=\"1775\" data-end=\"1794\" data-col-size=\"sm\"><strong data-start=\"1777\" data-end=\"1793\">Modellnummer<\/strong><\/td>\n<td data-col-size=\"lg\" data-start=\"1794\" data-end=\"1808\">TR7930CUS1<\/td>\n<\/tr>\n<tr data-start=\"1809\" data-end=\"1851\">\n<td data-start=\"1809\" data-end=\"1831\" data-col-size=\"sm\"><strong data-start=\"1811\" data-end=\"1830\">Herkunftsort<\/strong><\/td>\n<td data-col-size=\"lg\" data-start=\"1831\" data-end=\"1851\">China (Festland)<\/td>\n<\/tr>\n<tr data-start=\"1852\" data-end=\"1897\">\n<td data-start=\"1852\" data-end=\"1864\" data-col-size=\"sm\"><strong data-start=\"1854\" data-end=\"1863\">Eingang<\/strong><\/td>\n<td data-col-size=\"lg\" data-start=\"1864\" data-end=\"1897\">100\u2013240 V Wechselstrom, 50\/60 Hz, 0,8 A<\/td>\n<\/tr>\n<tr data-start=\"1898\" data-end=\"2011\">\n<td data-start=\"1898\" data-end=\"1911\" data-col-size=\"sm\"><strong data-start=\"1900\" data-end=\"1910\">Ausgabe<\/strong><\/td>\n<td data-col-size=\"lg\" data-start=\"1911\" data-end=\"2011\">5 V \/ 3 A, 9 V \/ 3 A, 12 V \/ 2,5 A, 15 V \/ 2 A, 20 V \/ 1,5 A (30 W)<br \/>\nPPS: 3,3\u201311,0 V \/ 2,7 A<\/td>\n<\/tr>\n<tr data-start=\"2012\" data-end=\"2076\">\n<td data-start=\"2012\" data-end=\"2048\" data-col-size=\"sm\"><strong data-start=\"2014\" data-end=\"2047\">Steckdosenstandards \/ Steckertypen<\/strong><\/td>\n<td data-col-size=\"lg\" data-start=\"2048\" data-end=\"2076\">USA, EU, Gro\u00dfbritannien, Japan, Korea<\/td>\n<\/tr>\n<tr data-start=\"2077\" data-end=\"2149\">\n<td data-start=\"2077\" data-end=\"2101\" data-col-size=\"sm\"><strong data-start=\"2079\" data-end=\"2100\">Unterst\u00fctzte Ger\u00e4te<\/strong><\/td>\n<td data-col-size=\"lg\" data-start=\"2101\" data-end=\"2149\">Laptop, Notebook, Tablet, Mobiltelefon usw.<\/td>\n<\/tr>\n<tr data-start=\"2150\" data-end=\"2181\">\n<td data-start=\"2150\" data-end=\"2165\" data-col-size=\"sm\"><strong data-start=\"2152\" data-end=\"2164\">Material<\/strong><\/td>\n<td data-start=\"2165\" data-end=\"2181\" data-col-size=\"lg\">PC (Geh\u00e4use)<\/td>\n<\/tr>\n<tr data-start=\"2182\" data-end=\"2211\">\n<td data-start=\"2182\" data-end=\"2195\" data-col-size=\"sm\"><strong data-start=\"2184\" data-end=\"2194\">Farben<\/strong><\/td>\n<td data-start=\"2195\" data-end=\"2211\" data-col-size=\"lg\">Schwarz, Wei\u00df<\/td>\n<\/tr>\n<tr data-start=\"2212\" data-end=\"2233\">\n<td data-start=\"2212\" data-end=\"2225\" data-col-size=\"sm\"><strong data-start=\"2214\" data-end=\"2224\">Gewicht<\/strong><\/td>\n<td data-start=\"2225\" data-end=\"2233\" data-col-size=\"lg\">51 g<\/td>\n<\/tr>\n<tr data-start=\"2234\" data-end=\"2266\">\n<td data-start=\"2234\" data-end=\"2248\" data-col-size=\"sm\"><strong data-start=\"2236\" data-end=\"2247\">Verpackung<\/strong><\/td>\n<td data-col-size=\"lg\" data-start=\"2248\" data-end=\"2266\">Einzelhandelsverpackung<\/td>\n<\/tr>\n<tr data-start=\"2267\" data-end=\"2406\">\n<td data-start=\"2267\" data-end=\"2285\" data-col-size=\"sm\"><strong data-start=\"2269\" data-end=\"2284\">Schutzma\u00dfnahmen<\/strong><\/td>\n<td data-col-size=\"lg\" data-start=\"2285\" data-end=\"2406\">Kurzschlussschutz, \u00dcberspannungsschutz, \u00dcberstromschutz, \u00dcberlastschutz, R\u00fcckflussschutz<\/td>\n<\/tr>\n<tr data-start=\"2407\" data-end=\"2436\">\n<td data-start=\"2407\" data-end=\"2430\" data-col-size=\"sm\"><strong data-start=\"2409\" data-end=\"2429\">Effizienzniveau<\/strong><\/td>\n<td data-col-size=\"lg\" data-start=\"2430\" data-end=\"2436\">VI<\/td>\n<\/tr>\n<tr data-start=\"2437\" data-end=\"2502\">\n<td data-start=\"2437\" data-end=\"2458\" data-col-size=\"sm\"><strong data-start=\"2439\" data-end=\"2457\">Zertifizierungen<\/strong><\/td>\n<td data-col-size=\"lg\" data-start=\"2458\" data-end=\"2502\">ETL, CE, FCC, UKCA, PSE, KC, RoHS, REACH<\/td>\n<\/tr>\n<tr data-start=\"2503\" data-end=\"2528\">\n<td data-start=\"2503\" data-end=\"2518\" data-col-size=\"sm\"><strong data-start=\"2505\" data-end=\"2517\">Garantie<\/strong><\/td>\n<td data-start=\"2518\" data-end=\"2528\" data-col-size=\"lg\">1 Jahr<\/td>\n<\/tr>\n<tr data-start=\"2529\" data-end=\"2576\">\n<td data-start=\"2529\" data-end=\"2557\" data-col-size=\"sm\"><strong data-start=\"2531\" data-end=\"2556\">Betriebstemperatur<\/strong><\/td>\n<td data-col-size=\"lg\" data-start=\"2557\" data-end=\"2576\">\u201320 \u00b0C bis 55 \u00b0C<\/td>\n<\/tr>\n<tr data-start=\"2577\" data-end=\"2622\">\n<td data-start=\"2577\" data-end=\"2603\" data-col-size=\"sm\"><strong data-start=\"2579\" data-end=\"2602\">Lagertemperatur<\/strong><\/td>\n<td data-col-size=\"lg\" data-start=\"2603\" data-end=\"2622\">\u201340 \u00b0C bis 70 \u00b0C<\/td>\n<\/tr>\n<\/tbody>\n<\/table>\n<\/div>\n<\/div>\n<figure id=\"attachment_1324\" aria-describedby=\"caption-attachment-1324\" style=\"width: 767px\" class=\"wp-caption alignnone\"><img fetchpriority=\"high\" decoding=\"async\" class=\"wp-image-1324\" src=\"https:\/\/szjialu.com\/wp-content\/uploads\/2025\/12\/\u4e3b\u56fe-0-3-300x300.jpg\" alt=\"30-W-USB-C-PD-Ladeger\u00e4t\" width=\"767\" height=\"767\" srcset=\"https:\/\/szjialu.com\/wp-content\/uploads\/2025\/12\/\u4e3b\u56fe-0-3-300x300.jpg 300w, https:\/\/szjialu.com\/wp-content\/uploads\/2025\/12\/\u4e3b\u56fe-0-3-150x150.jpg 150w, https:\/\/szjialu.com\/wp-content\/uploads\/2025\/12\/\u4e3b\u56fe-0-3-768x768.jpg 768w, https:\/\/szjialu.com\/wp-content\/uploads\/2025\/12\/\u4e3b\u56fe-0-3-600x600.jpg 600w, https:\/\/szjialu.com\/wp-content\/uploads\/2025\/12\/\u4e3b\u56fe-0-3-100x100.jpg 100w, https:\/\/szjialu.com\/wp-content\/uploads\/2025\/12\/\u4e3b\u56fe-0-3-64x64.jpg 64w, https:\/\/szjialu.com\/wp-content\/uploads\/2025\/12\/\u4e3b\u56fe-0-3.jpg 800w\" sizes=\"(max-width: 767px) 100vw, 767px\" \/><figcaption id=\"caption-attachment-1324\" class=\"wp-caption-text\">30-W-USB-C-PD-Ladeger\u00e4t<\/figcaption><\/figure>\n<h2 data-start=\"2629\" data-end=\"2648\">Verkaufsargumente<\/h2>\n<ul data-start=\"2650\" data-end=\"3965\">\n<li data-start=\"2650\" data-end=\"2864\">\n<p data-start=\"2652\" data-end=\"2864\"><strong data-start=\"2652\" data-end=\"2681\">Breite Ger\u00e4tekompatibilit\u00e4t<\/strong> \u2014 Dank mehrerer Ausgangsspannungen (5 V, 9 V, 12 V, 15 V, 20 V) und PPS-Unterst\u00fctzung kann das Ladeger\u00e4t Smartphones, Tablets und viele USB-C-Laptops mit einem PD-Bedarf von bis zu 30 W bedienen.<\/p>\n<\/li>\n<li data-start=\"2865\" data-end=\"3069\">\n<p data-start=\"2867\" data-end=\"3069\"><strong data-start=\"2867\" data-end=\"2897\">Weltweite Steckerflexibilit\u00e4t<\/strong> \u2014 Dank der Kompatibilit\u00e4t mit Steckdosenstandards der USA, der EU, Gro\u00dfbritanniens, Japans und Koreas ist dieses Ladeger\u00e4t ideal f\u00fcr Weltreisende oder internationale Sendungen und reduziert den Bedarf an mehreren Artikelvarianten.<\/p>\n<\/li>\n<li data-start=\"3070\" data-end=\"3178\">\n<p data-start=\"3072\" data-end=\"3178\"><strong data-start=\"3072\" data-end=\"3094\">Global einsetzbare Eingabe<\/strong> \u2014 Der Wechselstromeingang von 100\u2013240 V \/ 50\u201360 Hz gew\u00e4hrleistet die Kompatibilit\u00e4t mit Stromnetzen weltweit.<\/p>\n<\/li>\n<li data-start=\"3179\" data-end=\"3338\">\n<p data-start=\"3181\" data-end=\"3338\"><strong data-start=\"3181\" data-end=\"3206\">Kompakt und leicht<\/strong> \u2014 Mit nur 51 g Gewicht und einer kleinen Form l\u00e4sst es sich leicht in einer Tasche verstauen und ist ideal f\u00fcr Laptops unterwegs, Gesch\u00e4ftsreisen oder mobiles Arbeiten.<\/p>\n<\/li>\n<li data-start=\"3339\" data-end=\"3615\">\n<p data-start=\"3341\" data-end=\"3615\"><strong data-start=\"3341\" data-end=\"3377\">Umfassende Sicherheitsvorkehrungen<\/strong> Integrierte Schutzmechanismen (Kurzschluss-, \u00dcberspannungs-, \u00dcberstrom-, \u00dcberlast- und R\u00fcckflussschutz) maximieren die Sicherheit von Anwender und Ger\u00e4t. Zertifizierungen (ETL, CE, FCC, UKCA, PSE, KC, RoHS, REACH) schaffen Vertrauen sowohl im Einzelhandel als auch bei OEMs.<\/p>\n<\/li>\n<li data-start=\"3616\" data-end=\"3741\">\n<p data-start=\"3618\" data-end=\"3741\"><strong data-start=\"3618\" data-end=\"3645\">Energieeffizientes Design<\/strong> \u2014 Effizienzstufe VI gew\u00e4hrleistet einen effizienten Betrieb und reduziert Energieverschwendung und W\u00e4rmeerzeugung.<\/p>\n<\/li>\n<li data-start=\"3742\" data-end=\"3965\">\n<p data-start=\"3744\" data-end=\"3965\"><strong data-start=\"3744\" data-end=\"3785\">Hochwertige Fertigung und Zuverl\u00e4ssigkeit<\/strong> \u2014 hergestellt von einem zertifizierten Hersteller mit branchen\u00fcblichen Qualit\u00e4ts- und Umweltmanagementsystemen, der eine gleichbleibende Produktqualit\u00e4t und die Einhaltung globaler Standards gew\u00e4hrleistet.<\/p>\n<\/li>\n<\/ul>\n<h2 data-start=\"3972\" data-end=\"3989\">Anwendungen<\/h2>\n<p data-start=\"3991\" data-end=\"4054\">Das 30-W-PD-Ladeger\u00e4t eignet sich f\u00fcr eine Vielzahl von Anwendungsf\u00e4llen:<\/p>\n<ul data-start=\"4056\" data-end=\"4410\">\n<li data-start=\"4056\" data-end=\"4123\">\n<p data-start=\"4058\" data-end=\"4123\">Laden von Laptops oder Ultrabooks (USB-C PD-kompatibel, bis zu 30 W)<\/p>\n<\/li>\n<li data-start=\"4124\" data-end=\"4159\">\n<p data-start=\"4126\" data-end=\"4159\">Schnellladef\u00e4hige Tablets und iPads<\/p>\n<\/li>\n<li data-start=\"4160\" data-end=\"4209\">\n<p data-start=\"4162\" data-end=\"4209\">Aufladen von Smartphones und anderen Mobilger\u00e4ten<\/p>\n<\/li>\n<li data-start=\"4210\" data-end=\"4272\">\n<p data-start=\"4212\" data-end=\"4272\">Stromversorgung von USB-C-Zubeh\u00f6r oder Peripherieger\u00e4ten<\/p>\n<\/li>\n<li data-start=\"4273\" data-end=\"4320\">\n<p data-start=\"4275\" data-end=\"4320\">Nutzung zu Hause, im B\u00fcro, auf Reisen oder bei der Telearbeit<\/p>\n<\/li>\n<li data-start=\"4321\" data-end=\"4410\">\n<p data-start=\"4323\" data-end=\"4410\">Als Bestandteil von Einzelhandelsprodukten, OEM\/ODM-Eigenmarken-Kits oder Zubeh\u00f6rpaketen<\/p>\n<\/li>\n<\/ul>\n<h2 data-start=\"4417\" data-end=\"4458\">Warum Shenzhen Jialu Technology w\u00e4hlen?<\/h2>\n<p data-start=\"4460\" data-end=\"4615\">Indem ich dieses Ladeger\u00e4t beziehe von <strong data-start=\"4490\" data-end=\"4528\">Shenzhen Jialu Technology Co., Ltd<\/strong>, Sie profitieren von den Vorteilen der Zusammenarbeit mit einem zuverl\u00e4ssigen, erfahrenen Hersteller:<\/p>\n<ul data-start=\"4617\" data-end=\"5964\">\n<li data-start=\"4617\" data-end=\"4893\">\n<p data-start=\"4619\" data-end=\"4893\"><strong data-start=\"4619\" data-end=\"4653\">Zertifizierte Qualit\u00e4t und Konformit\u00e4t<\/strong> \u2014 Jialu ist nach ISO 9001 (Qualit\u00e4tsmanagement), ISO 14001 (Umweltmanagement) und BSCI (soziale Verantwortung) zertifiziert und beweist damit sein Engagement f\u00fcr hohe Fertigungs- und ethische Standards.<\/p>\n<\/li>\n<li data-start=\"4894\" data-end=\"5204\">\n<p data-start=\"4896\" data-end=\"5204\"><strong data-start=\"4896\" data-end=\"4945\">Breites Produktportfolio &amp; OEM\/ODM-Flexibilit\u00e4t<\/strong> \u2014 Jialu bietet eine breite Palette an Stromversorgungsl\u00f6sungen (von 5-W-USB-Ladeger\u00e4ten bis hin zu 140-W-GaN-Ladeger\u00e4ten, Netzadaptern, Powerbanks und kundenspezifischen Netzteilen), wodurch sie sich gut f\u00fcr die Entwicklung kundenspezifischer Marken oder die Lieferung in gro\u00dfen Mengen eignen.<\/p>\n<\/li>\n<li data-start=\"5205\" data-end=\"5510\">\n<p data-start=\"5207\" data-end=\"5510\"><strong data-start=\"5207\" data-end=\"5261\">Hohe Produktionskapazit\u00e4t und effiziente Fertigung<\/strong> \u2014 Mit einer Produktionsst\u00e4tte von ca. 6.000 m\u00b2 in Shenzhen, rund 300 Mitarbeitern (darunter mehr als 40 leitende technische Mitarbeiter) und automatisierten Produktions-\/Testlinien kann Jialu zuverl\u00e4ssig eine Serienproduktion mit niedrigen Fehlerraten liefern.<\/p>\n<\/li>\n<li data-start=\"5511\" data-end=\"5729\">\n<p data-start=\"5513\" data-end=\"5729\"><strong data-start=\"5513\" data-end=\"5549\">Globale Reichweite &amp; Exporterfahrung<\/strong> \u2014 Jialu exportiert in mehr als 100 L\u00e4nder und verf\u00fcgt \u00fcber ein betr\u00e4chtliches j\u00e4hrliches Exportvolumen, was die nachgewiesenen globalen Logistik- und Compliance-F\u00e4higkeiten widerspiegelt.<\/p>\n<\/li>\n<li data-start=\"5730\" data-end=\"5964\">\n<p data-start=\"5732\" data-end=\"5964\"><strong data-start=\"5732\" data-end=\"5772\">Reaktionsschneller Service &amp; OEM\/ODM-Unterst\u00fctzung<\/strong> \u2014 F\u00fcr Marken, die nach Eigenmarken- oder kundenspezifischen Ladeger\u00e4ten suchen, bietet Jialu Design, Anpassung und umfassende Produktionsunterst\u00fctzung \u2013 vom Konzept bis zum fertigen Produkt.<\/p>\n<\/li>\n<\/ul>\n<p data-start=\"5966\" data-end=\"6155\">Zusammengenommen machen diese Faktoren Jialu zu einem verl\u00e4sslichen Fertigungspartner, der hochwertige Ladeger\u00e4te anbietet, die globalen Standards entsprechen und je nach Kundenwunsch angepasst oder mit dem eigenen Branding versehen werden k\u00f6nnen.<\/p>\n<h2 data-start=\"6162\" data-end=\"6199\">H\u00e4ufig gestellte Fragen (FAQ)<\/h2>\n<p data-start=\"6201\" data-end=\"6441\"><strong data-start=\"6201\" data-end=\"6244\">F: Funktioniert das 30-W-Ladeger\u00e4t weltweit?<\/strong><br data-start=\"6244\" data-end=\"6247\" \/>A: Ja. Das Ladeger\u00e4t unterst\u00fctzt Wechselstrom von 100\u2013240 V, 50\/60 Hz. Dank der Kompatibilit\u00e4t mit verschiedenen Steckertypen (USA, EU, Gro\u00dfbritannien, Japan, Korea) ist dieses Ladeger\u00e4t weltweit einsetzbar.<\/p>\n<p data-start=\"6443\" data-end=\"6701\"><strong data-start=\"6443\" data-end=\"6511\">F: Welche Ger\u00e4te k\u00f6nnen mit diesem 30-W-PD-Ladeger\u00e4t sicher geladen werden?<\/strong><br data-start=\"6511\" data-end=\"6514\" \/>A: Sie k\u00f6nnen es bedenkenlos zum Laden von Smartphones, Tablets und vielen USB-C-Laptops oder Ultrabooks verwenden, die eine PD-Eingangsleistung von bis zu 30 W unterst\u00fctzen. \u00dcberpr\u00fcfen Sie vor der Verwendung immer die Eingangsanforderungen Ihres Ger\u00e4ts.<\/p>\n<p data-start=\"6703\" data-end=\"6953\"><strong data-start=\"6703\" data-end=\"6750\">F: Unterst\u00fctzt es Schnellladestandards?<\/strong><br data-start=\"6750\" data-end=\"6753\" \/>A: Ja. Das Ladeger\u00e4t unterst\u00fctzt mehrere Spannungs-\/Stromausgangsprofile (5 V, 9 V, 12 V, 15 V, 20 V) und unterst\u00fctzt au\u00dferdem PPS (3,3\u201311,0 V \/ 2,7 A), wodurch adaptives Schnellladen f\u00fcr kompatible Ger\u00e4te erm\u00f6glicht wird.<\/p>\n<p data-start=\"6955\" data-end=\"7266\"><strong data-start=\"6955\" data-end=\"7013\">F: Ist das Ladeger\u00e4t f\u00fcr den l\u00e4ngeren Gebrauch oder den Gebrauch \u00fcber Nacht geeignet?<\/strong><br data-start=\"7013\" data-end=\"7016\" \/>A: Das Ladeger\u00e4t verf\u00fcgt \u00fcber mehrere Sicherheitsvorkehrungen \u2013 Kurzschluss-, \u00dcberspannungs-, \u00dcberstrom-, \u00dcberlast- und R\u00fcckstromschutz \u2013, um Risiken im Normalbetrieb zu minimieren. Beachten Sie jedoch stets die Herstellerrichtlinien und verwenden Sie ausschlie\u00dflich Original-Netzteile.<\/p>\n<p data-start=\"7268\" data-end=\"7464\"><strong data-start=\"7268\" data-end=\"7326\">F: Welche Zertifizierungen\/Standards erf\u00fcllt das Ladeger\u00e4t?<\/strong><br data-start=\"7326\" data-end=\"7329\" \/>A: Das Ladeger\u00e4t ist nach ETL, CE, FCC, UKCA, PSE und KC zertifiziert und erf\u00fcllt die Umwelt- und Sicherheitsstandards RoHS und REACH.<\/p>\n<p data-start=\"7466\" data-end=\"7717\"><strong data-start=\"7466\" data-end=\"7539\">F: Kann dieses Ladeger\u00e4t individuell gebrandet oder f\u00fcr OEM\/ODM-Auftr\u00e4ge verpackt werden?<\/strong><br data-start=\"7539\" data-end=\"7542\" \/>A: Ja. \u00dcber die OEM\/ODM-Services von Shenzhen Jialu Technology k\u00f6nnen Sie bei einer Gro\u00dfbestellung individuelle Markenanpassungen, Verpackungen, Steckertypen oder sogar kundenspezifische Spezifikationen anfordern.<\/p>\n<p data-start=\"7719\" data-end=\"7802\"><strong data-start=\"7719\" data-end=\"7752\">F: Welche Garantie wird gew\u00e4hrt?<\/strong><br data-start=\"7752\" data-end=\"7755\" \/>A: F\u00fcr dieses Ladeger\u00e4t gilt eine einj\u00e4hrige Garantie.<\/p>\n<h2 data-start=\"7809\" data-end=\"7824\">Abschluss<\/h2>\n<p data-start=\"7826\" data-end=\"8317\">Der <strong data-start=\"7830\" data-end=\"7861\">30W PD-Ladeger\u00e4t (TR7930CUS1)<\/strong> Dieses Ladeger\u00e4t ist eine zuverl\u00e4ssige, weltweit kompatible und effiziente Ladel\u00f6sung \u2013 ideal f\u00fcr eine Vielzahl von Ger\u00e4ten, von Laptops bis hin zu Smartphones. Dank seiner kompakten Gr\u00f6\u00dfe, der verschiedenen Anschlussm\u00f6glichkeiten und der robusten Sicherheitsfunktionen eignet es sich besonders f\u00fcr Reisende, Remote-Mitarbeiter oder OEM-Kunden, die Ladeger\u00e4te mit ihren Produkten kombinieren m\u00f6chten. Unterst\u00fctzt durch die Fertigungskompetenz und die globale Erfahrung von Shenzhen Jialu Technology bietet dieses Ladeger\u00e4t Qualit\u00e4t und Flexibilit\u00e4t.<\/p>\n<p data-start=\"8319\" data-end=\"8508\">Wenn Sie Ladeger\u00e4te f\u00fcr den Einzelhandel, OEM-Bundles oder Eigenmarkenprodukte beschaffen, stellt dieses Modell \u2013 und die Partnerschaft mit Jialu \u2013 eine zuverl\u00e4ssige, kosteng\u00fcnstige und konforme Wahl dar.<\/p>","protected":false},"excerpt":{"rendered":"<p><strong data-start=\"1739\" data-end=\"1755\">Produktname: <\/strong>30-W-PD-Ladeger\u00e4t<\/p>\n<p><strong data-start=\"1777\" data-end=\"1793\">Modellnummer: <\/strong>TR7930CUS1<\/p>\n<p><strong data-start=\"1811\" data-end=\"1830\">Herkunftsort: <\/strong>China (Festland)<\/p>\n<p><strong data-start=\"1854\" data-end=\"1863\">Eingang: <\/strong>100\u2013240 V Wechselstrom, 50\/60 Hz, 0,8 A<\/p>\n<p><strong data-start=\"1900\" data-end=\"1910\">Ausgabe: <\/strong>5 V \/ 3 A, 9 V \/ 3 A, 12 V \/ 2,5 A, 15 V \/ 2 A, 20 V \/ 1,5 A (30 W)<br \/>\nPPS: 3,3\u201311,0 V \/ 2,7 A<\/p>\n<p><strong data-start=\"2014\" data-end=\"2047\">Steckdosenstandards \/ Steckertypen: <\/strong>USA, EU, Gro\u00dfbritannien, Japan, Korea<\/p>\n<p><strong data-start=\"2079\" data-end=\"2100\">Unterst\u00fctzte Ger\u00e4te: <\/strong>Laptop, Notebook, Tablet, Mobiltelefon usw.<\/p>\n<p><strong data-start=\"2152\" data-end=\"2164\">Material: <\/strong>PC (Geh\u00e4use)<\/p>\n<p><strong data-start=\"2184\" data-end=\"2194\">Farben: <\/strong>Schwarz, Wei\u00df<\/p>\n<p><strong data-start=\"2214\" data-end=\"2224\">Gewicht: <\/strong>51 g<\/p>\n<p><strong data-start=\"2236\" data-end=\"2247\">Verpackung: <\/strong>Einzelhandelsverpackung<\/p>\n<p><strong data-start=\"2269\" data-end=\"2284\">Schutzma\u00dfnahmen: <\/strong>Kurzschlussschutz, \u00dcberspannungsschutz, \u00dcberstromschutz, \u00dcberlastschutz, R\u00fcckflussschutz<\/p>\n<p><strong data-start=\"2409\" data-end=\"2429\">Effizienzniveau: <\/strong>VI<\/p>","protected":false},"featured_media":1324,"comment_status":"closed","ping_status":"closed","template":"","meta":{"_acf_changed":false,"site-sidebar-layout":"default","site-content-layout":"","ast-site-content-layout":"default","site-content-style":"default","site-sidebar-style":"default","ast-global-header-display":"","ast-banner-title-visibility":"","ast-main-header-display":"","ast-hfb-above-header-display":"","ast-hfb-below-header-display":"","ast-hfb-mobile-header-display":"","site-post-title":"","ast-breadcrumbs-content":"","ast-featured-img":"","footer-sml-layout":"","ast-disable-related-posts":"","theme-transparent-header-meta":"default","adv-header-id-meta":"","stick-header-meta":"","header-above-stick-meta":"","header-main-stick-meta":"","header-below-stick-meta":"","astra-migrate-meta-layouts":"set","ast-page-background-enabled":"default","ast-page-background-meta":{"desktop":{"background-color":"var(--ast-global-color-5)","background-image":"","background-repeat":"repeat","background-position":"center center","background-size":"auto","background-attachment":"scroll","background-type":"","background-media":"","overlay-type":"","overlay-color":"","overlay-opacity":"","overlay-gradient":""},"tablet":{"background-color":"","background-image":"","background-repeat":"repeat","background-position":"center center","background-size":"auto","background-attachment":"scroll","background-type":"","background-media":"","overlay-type":"","overlay-color":"","overlay-opacity":"","overlay-gradient":""},"mobile":{"background-color":"","background-image":"","background-repeat":"repeat","background-position":"center center","background-size":"auto","background-attachment":"scroll","background-type":"","background-media":"","overlay-type":"","overlay-color":"","overlay-opacity":"","overlay-gradient":""}},"ast-content-background-meta":{"desktop":{"background-color":"var(--ast-global-color-4)","background-image":"","background-repeat":"repeat","background-position":"center center","background-size":"auto","background-attachment":"scroll","background-type":"","background-media":"","overlay-type":"","overlay-color":"","overlay-opacity":"","overlay-gradient":""},"tablet":{"background-color":"var(--ast-global-color-4)","background-image":"","background-repeat":"repeat","background-position":"center center","background-size":"auto","background-attachment":"scroll","background-type":"","background-media":"","overlay-type":"","overlay-color":"","overlay-opacity":"","overlay-gradient":""},"mobile":{"background-color":"var(--ast-global-color-4)","background-image":"","background-repeat":"repeat","background-position":"center center","background-size":"auto","background-attachment":"scroll","background-type":"","background-media":"","overlay-type":"","overlay-color":"","overlay-opacity":"","overlay-gradient":""}}},"product_brand":[],"product_cat":[46,30],"product_tag":[122,136,123,156,124],"class_list":{"0":"post-1323","1":"product","2":"type-product","3":"status-publish","4":"has-post-thumbnail","6":"product_cat-30w","7":"product_cat-gan-charger","8":"product_tag-30w-pd-charger","9":"product_tag-30w-pd-fast-charger","10":"product_tag-30w-usb-c-charger","11":"product_tag-30w-usb-c-pd-charger","12":"product_tag-fast-charger-30w","13":"desktop-align-left","14":"tablet-align-left","15":"mobile-align-left","17":"first","18":"instock","19":"shipping-taxable","20":"product-type-simple"},"acf":[],"_links":{"self":[{"href":"https:\/\/szjialu.com\/de\/wp-json\/wp\/v2\/product\/1323","targetHints":{"allow":["GET"]}}],"collection":[{"href":"https:\/\/szjialu.com\/de\/wp-json\/wp\/v2\/product"}],"about":[{"href":"https:\/\/szjialu.com\/de\/wp-json\/wp\/v2\/types\/product"}],"replies":[{"embeddable":true,"href":"https:\/\/szjialu.com\/de\/wp-json\/wp\/v2\/comments?post=1323"}],"wp:featuredmedia":[{"embeddable":true,"href":"https:\/\/szjialu.com\/de\/wp-json\/wp\/v2\/media\/1324"}],"wp:attachment":[{"href":"https:\/\/szjialu.com\/de\/wp-json\/wp\/v2\/media?parent=1323"}],"wp:term":[{"taxonomy":"product_brand","embeddable":true,"href":"https:\/\/szjialu.com\/de\/wp-json\/wp\/v2\/product_brand?post=1323"},{"taxonomy":"product_cat","embeddable":true,"href":"https:\/\/szjialu.com\/de\/wp-json\/wp\/v2\/product_cat?post=1323"},{"taxonomy":"product_tag","embeddable":true,"href":"https:\/\/szjialu.com\/de\/wp-json\/wp\/v2\/product_tag?post=1323"}],"curies":[{"name":"wp","href":"https:\/\/api.w.org\/{rel}","templated":true}]}}