{"id":1320,"date":"2025-12-04T13:53:50","date_gmt":"2025-12-04T13:53:50","guid":{"rendered":"https:\/\/szjialu.com\/?post_type=product&#038;p=1320"},"modified":"2025-12-04T13:54:43","modified_gmt":"2025-12-04T13:54:43","slug":"30-w-pd-ladegerat-tr7930cru","status":"publish","type":"product","link":"https:\/\/szjialu.com\/de\/product\/30w-pd-charger-tr7930cru\/","title":{"rendered":"30W PD-Ladeger\u00e4t TR7930CRU"},"content":{"rendered":"<h2 data-start=\"979\" data-end=\"998\">Produkt\u00fcbersicht<\/h2>\n<p data-start=\"1000\" data-end=\"1694\">Der <strong data-start=\"1004\" data-end=\"1040\">30W PD-Ladeger\u00e4t (Modell TR7930CRU)<\/strong> Der vielseitige und effiziente USB-C-Lader TR7930CRU wurde entwickelt, um den Strombedarf einer Vielzahl moderner Ger\u00e4te zu decken \u2013 von Laptops und Notebooks bis hin zu Tablets und Smartphones. Dank seines weltweit einsetzbaren Eingangs (100\u2013240 V AC) und seines kompakten, leichten Designs (ca. 51 g) eignet er sich hervorragend f\u00fcr Zuhause, B\u00fcro und unterwegs. Der Lader unterst\u00fctzt mehrere Standard-PD-Ausgangsspannungen sowie PPS (Programmable Power Supply) und gew\u00e4hrleistet so optimales und sicheres Laden f\u00fcr Ger\u00e4te mit unterschiedlichen Leistungsanforderungen. Der TR7930CRU wurde mit Blick auf Sicherheit, Konformit\u00e4t und Mobilit\u00e4t entwickelt und ist die ideale Wahl f\u00fcr Endkunden, H\u00e4ndler und OEM-Partner.<\/p>\n<h2 data-start=\"1701\" data-end=\"1718\">Spezifikationen<\/h2>\n<ul data-start=\"1720\" data-end=\"2599\">\n<li data-start=\"1720\" data-end=\"1751\">\n<p data-start=\"1722\" data-end=\"1751\"><strong data-start=\"1722\" data-end=\"1739\">Modellnummer:<\/strong> TR7930CRU<\/p>\n<\/li>\n<li data-start=\"1752\" data-end=\"1793\">\n<p data-start=\"1754\" data-end=\"1793\"><strong data-start=\"1754\" data-end=\"1774\">Herkunftsort:<\/strong> China (Festland)<\/p>\n<\/li>\n<li data-start=\"1794\" data-end=\"1838\">\n<p data-start=\"1796\" data-end=\"1838\"><strong data-start=\"1796\" data-end=\"1806\">Eingang:<\/strong> 100\u2013240 V Wechselstrom, 50\/60 Hz, 0,8 A<\/p>\n<\/li>\n<li data-start=\"1839\" data-end=\"2000\">\n<p data-start=\"1841\" data-end=\"1865\"><strong data-start=\"1841\" data-end=\"1863\">Ausgang (PD \/ PPS):<\/strong><\/p>\n<ul data-start=\"1868\" data-end=\"2000\">\n<li data-start=\"1868\" data-end=\"1881\">\n<p data-start=\"1870\" data-end=\"1881\">5 V \/ 3 A<\/p>\n<\/li>\n<li data-start=\"1884\" data-end=\"1897\">\n<p data-start=\"1886\" data-end=\"1897\">9 V \/ 3 A<\/p>\n<\/li>\n<li data-start=\"1900\" data-end=\"1916\">\n<p data-start=\"1902\" data-end=\"1916\">12 V \/ 2,5 A<\/p>\n<\/li>\n<li data-start=\"1919\" data-end=\"1933\">\n<p data-start=\"1921\" data-end=\"1933\">15 V \/ 2 A<\/p>\n<\/li>\n<li data-start=\"1936\" data-end=\"1965\">\n<p data-start=\"1938\" data-end=\"1965\">20 V \/ 1,5 A \u2014 bis zu 30 W<\/p>\n<\/li>\n<li data-start=\"1968\" data-end=\"2000\">\n<p data-start=\"1970\" data-end=\"2000\">PPS-Modus: 3,3\u201311,0 V \/ 2,7 A<\/p>\n<\/li>\n<\/ul>\n<\/li>\n<li data-start=\"2001\" data-end=\"2075\">\n<p data-start=\"2003\" data-end=\"2075\"><strong data-start=\"2003\" data-end=\"2029\">Steckdosen-\/Steckeroptionen:<\/strong> USA, EU, Gro\u00dfbritannien, Japan, Korea (regionsabh\u00e4ngig)<\/p>\n<\/li>\n<li data-start=\"2076\" data-end=\"2114\">\n<p data-start=\"2078\" data-end=\"2114\"><strong data-start=\"2078\" data-end=\"2099\">Verf\u00fcgbare Farben:<\/strong> Schwarz, Wei\u00df<\/p>\n<\/li>\n<li data-start=\"2115\" data-end=\"2170\">\n<p data-start=\"2117\" data-end=\"2170\"><strong data-start=\"2117\" data-end=\"2130\">Material:<\/strong> PC (langlebiges Polycarbonat oder \u00e4hnliches)<\/p>\n<\/li>\n<li data-start=\"2171\" data-end=\"2199\">\n<p data-start=\"2173\" data-end=\"2199\"><strong data-start=\"2173\" data-end=\"2184\">Gewicht:<\/strong> Ca. 51 g<\/p>\n<\/li>\n<li data-start=\"2200\" data-end=\"2231\">\n<p data-start=\"2202\" data-end=\"2231\"><strong data-start=\"2202\" data-end=\"2214\">Verpackung:<\/strong> Einzelhandelsverpackung<\/p>\n<\/li>\n<li data-start=\"2232\" data-end=\"2378\">\n<p data-start=\"2234\" data-end=\"2378\"><strong data-start=\"2234\" data-end=\"2258\">Schutzfunktionen:<\/strong> Kurzschlussschutz, \u00dcberspannungsschutz, \u00dcberstromschutz, \u00dcberlastschutz, R\u00fcckflussschutz<\/p>\n<\/li>\n<li data-start=\"2379\" data-end=\"2417\">\n<p data-start=\"2381\" data-end=\"2417\"><strong data-start=\"2381\" data-end=\"2402\">Effizienzniveau:<\/strong> VI (Stufe 6)<\/p>\n<\/li>\n<li data-start=\"2418\" data-end=\"2482\">\n<p data-start=\"2420\" data-end=\"2482\"><strong data-start=\"2420\" data-end=\"2439\">Zertifizierungen:<\/strong> ETL, CE, FCC, UKCA, PSE, KC, RoHS, REACH<\/p>\n<\/li>\n<li data-start=\"2483\" data-end=\"2529\">\n<p data-start=\"2485\" data-end=\"2529\"><strong data-start=\"2485\" data-end=\"2511\">Betriebstemperatur:<\/strong> \u201320 \u00b0C bis 55 \u00b0C<\/p>\n<\/li>\n<li data-start=\"2530\" data-end=\"2574\">\n<p data-start=\"2532\" data-end=\"2574\"><strong data-start=\"2532\" data-end=\"2556\">Lagertemperatur:<\/strong> \u201340 \u00b0C bis 70 \u00b0C<\/p>\n<\/li>\n<li data-start=\"2575\" data-end=\"2599\">\n<p data-start=\"2577\" data-end=\"2599\"><strong data-start=\"2577\" data-end=\"2590\">Garantie:<\/strong> 1 Jahr<\/p>\n<\/li>\n<\/ul>\n<figure id=\"attachment_1321\" aria-describedby=\"caption-attachment-1321\" style=\"width: 720px\" class=\"wp-caption alignnone\"><img fetchpriority=\"high\" decoding=\"async\" class=\"wp-image-1321\" src=\"https:\/\/szjialu.com\/wp-content\/uploads\/2025\/12\/\u4e3b\u56fe-0-2-300x300.jpg\" alt=\"30-W-PD-Ladeger\u00e4t\" width=\"720\" height=\"720\" srcset=\"https:\/\/szjialu.com\/wp-content\/uploads\/2025\/12\/\u4e3b\u56fe-0-2-300x300.jpg 300w, https:\/\/szjialu.com\/wp-content\/uploads\/2025\/12\/\u4e3b\u56fe-0-2-150x150.jpg 150w, https:\/\/szjialu.com\/wp-content\/uploads\/2025\/12\/\u4e3b\u56fe-0-2-768x768.jpg 768w, https:\/\/szjialu.com\/wp-content\/uploads\/2025\/12\/\u4e3b\u56fe-0-2-600x600.jpg 600w, https:\/\/szjialu.com\/wp-content\/uploads\/2025\/12\/\u4e3b\u56fe-0-2-100x100.jpg 100w, https:\/\/szjialu.com\/wp-content\/uploads\/2025\/12\/\u4e3b\u56fe-0-2-64x64.jpg 64w, https:\/\/szjialu.com\/wp-content\/uploads\/2025\/12\/\u4e3b\u56fe-0-2.jpg 800w\" sizes=\"(max-width: 720px) 100vw, 720px\" \/><figcaption id=\"caption-attachment-1321\" class=\"wp-caption-text\">30-W-PD-Ladeger\u00e4t<\/figcaption><\/figure>\n<h2 data-start=\"2606\" data-end=\"2623\">Verkaufsargumente<\/h2>\n<ul data-start=\"2625\" data-end=\"3962\">\n<li data-start=\"2625\" data-end=\"2786\">\n<p data-start=\"2627\" data-end=\"2786\"><strong data-start=\"2627\" data-end=\"2662\">Universelle Ger\u00e4tekompatibilit\u00e4t:<\/strong> Funktioniert mit Laptops, Notebooks, Tablets, Smartphones und anderen USB-C\/PD-f\u00e4higen Ger\u00e4ten \u2013 ein Ladeger\u00e4t f\u00fcr viele Ger\u00e4te.<\/p>\n<\/li>\n<li data-start=\"2787\" data-end=\"2997\">\n<p data-start=\"2789\" data-end=\"2997\"><strong data-start=\"2789\" data-end=\"2827\">Globale Flexibilit\u00e4t bei Spannung und Stecker:<\/strong> Integrierte Unterst\u00fctzung f\u00fcr 100\u2013240 V Wechselstrom \u2013 weltweit einsetzbar \u2013 mit optionalen Steckertypen (US\/EU\/GB\/Japan\/Korea). Ideal f\u00fcr Reisende und internationale M\u00e4rkte.<\/p>\n<\/li>\n<li data-start=\"2998\" data-end=\"3199\">\n<p data-start=\"3000\" data-end=\"3199\"><strong data-start=\"3000\" data-end=\"3043\">Mehrere Ausgabeprofile + PPS-Unterst\u00fctzung:<\/strong> Bietet Standard-PD-Spannungen (5 \/ 9 \/ 12 \/ 15 \/ 20 V) und PPS (3,3\u201311 V) f\u00fcr dynamisch optimiertes Laden \u2013 effizient und sicher f\u00fcr eine Vielzahl von Ger\u00e4ten.<\/p>\n<\/li>\n<li data-start=\"3200\" data-end=\"3328\">\n<p data-start=\"3202\" data-end=\"3328\"><strong data-start=\"3202\" data-end=\"3225\">Kompakt und tragbar:<\/strong> Leicht (\u2248 51 g) und taschenfreundlich, ideal f\u00fcr Reisen, Pendeln oder minimalistische Schreibtisch-Setups.<\/p>\n<\/li>\n<li data-start=\"3329\" data-end=\"3584\">\n<p data-start=\"3331\" data-end=\"3584\"><strong data-start=\"3331\" data-end=\"3369\">Umfassende Sicherheit und Konformit\u00e4t:<\/strong> Ausgestattet mit wichtigen Schutzfunktionen (Kurzschluss-, \u00dcberspannungs-, \u00dcberstrom-, \u00dcberlast- und R\u00fcckflussschutz) und mit zahlreichen globalen Sicherheitszertifizierungen \u2013 beruhigend f\u00fcr Endanwender und auf Compliance bedachte M\u00e4rkte gleicherma\u00dfen.<\/p>\n<\/li>\n<li data-start=\"3585\" data-end=\"3789\">\n<p data-start=\"3587\" data-end=\"3789\"><strong data-start=\"3587\" data-end=\"3623\">OEM\/ODM- und Private-Label-f\u00e4hig:<\/strong> Durch sein universelles Design, die flexible Steckerwahl und die robuste Zertifizierung eignet es sich f\u00fcr Marken oder Wiederverk\u00e4ufer, die ihre eigenen Ladeger\u00e4te unter Eigenmarken anbieten m\u00f6chten.<\/p>\n<\/li>\n<li data-start=\"3790\" data-end=\"3962\">\n<p data-start=\"3792\" data-end=\"3962\"><strong data-start=\"3792\" data-end=\"3836\">Langlebige Materialien und stabile Leistung:<\/strong> Das Geh\u00e4use besteht aus Polycarbonat und ist f\u00fcr langfristige Stabilit\u00e4t und gleichbleibende Leistung unter normalen Betriebsbedingungen ausgelegt.<\/p>\n<\/li>\n<\/ul>\n<h2 data-start=\"3969\" data-end=\"3992\">Typische Anwendungen<\/h2>\n<ul data-start=\"3994\" data-end=\"4566\">\n<li data-start=\"3994\" data-end=\"4068\">\n<p data-start=\"3996\" data-end=\"4068\">Laden von Laptops und Notebooks (die einen USB-C PD-Eingang von bis zu 30 W akzeptieren)<\/p>\n<\/li>\n<li data-start=\"4069\" data-end=\"4136\">\n<p data-start=\"4071\" data-end=\"4136\">Laden von Tablets und iPads \u2013 praktisch f\u00fcr Arbeit, Studium und Reisen<\/p>\n<\/li>\n<li data-start=\"4137\" data-end=\"4229\">\n<p data-start=\"4139\" data-end=\"4229\">Schnellladef\u00e4hige Smartphones und andere USB-C-Ger\u00e4te (Handys, E-Reader, tragbare Konsolen)<\/p>\n<\/li>\n<li data-start=\"4230\" data-end=\"4357\">\n<p data-start=\"4232\" data-end=\"4357\">Reiseladeger\u00e4t: Dank universeller Eingangsspannung und optionaler Stecker ist es perfekt f\u00fcr Gesch\u00e4ftsreisen, Urlaube oder die Arbeit im Ausland geeignet.<\/p>\n<\/li>\n<li data-start=\"4358\" data-end=\"4480\">\n<p data-start=\"4360\" data-end=\"4480\">OEM\/ODM-Lieferung: F\u00fcr Marken und Wiederverk\u00e4ufer, die zuverl\u00e4ssige Netzteile ben\u00f6tigen, um sie mit Ger\u00e4ten zu b\u00fcndeln oder als Zubeh\u00f6r zu verkaufen.<\/p>\n<\/li>\n<li data-start=\"4481\" data-end=\"4566\">\n<p data-start=\"4483\" data-end=\"4566\">F\u00fcr den t\u00e4glichen Gebrauch zu Hause, im B\u00fcro, im Caf\u00e9, in Coworking-Spaces oder in Remote-Arbeitsumgebungen<\/p>\n<\/li>\n<\/ul>\n<h2 data-start=\"4573\" data-end=\"4637\">Warum Sie sich f\u00fcr dieses Ladeger\u00e4t entscheiden sollten \u2013 Ein entscheidender Vorteil des Herstellers<\/h2>\n<p data-start=\"4639\" data-end=\"4927\">Dieses Ladeger\u00e4t wird hergestellt von <strong data-start=\"4667\" data-end=\"4714\">Shenzhen Jialu Technology Co., Ltd. (Jialu)<\/strong> \u2014 ein mittelst\u00e4ndischer Hersteller mit Sitz in Shenzhen, der sich auf Stromversorgungsl\u00f6sungen spezialisiert hat, darunter Netzadapter, USB- und PD-Ladeger\u00e4te, Powerbanks und kundenspezifische Stromversorgungsl\u00f6sungen.<\/p>\n<h3 data-start=\"4929\" data-end=\"4972\">Starke Qualit\u00e4ts- und Compliance-Systeme<\/h3>\n<p data-start=\"4973\" data-end=\"5363\">Eine der herausragenden St\u00e4rken von Jialu liegt in seinem Engagement f\u00fcr strenge Qualit\u00e4tskontrolle und die Einhaltung von Vorschriften. Das Unternehmen h\u00e4lt <strong data-start=\"5092\" data-end=\"5104\">ISO 9001<\/strong> (Qualit\u00e4tsmanagement), <strong data-start=\"5127\" data-end=\"5140\">ISO 14001<\/strong> (Umweltmanagement) und <strong data-start=\"5173\" data-end=\"5181\">BSCI<\/strong> (Business Social Compliance)-Zertifizierungen \u2013 die sicherstellen, dass sowohl die Fertigungsprozesse als auch die Arbeitsbedingungen internationalen Standards entsprechen.<\/p>\n<p data-start=\"5365\" data-end=\"5625\">Das bedeutet, dass Sie, egal ob Sie ein kleiner Einzelh\u00e4ndler, eine globale Marke oder ein OEM-Partner sind, auf die Best\u00e4ndigkeit, Sicherheit und Konformit\u00e4t von Produkten wie dem TR7930CRU 30W PD-Ladeger\u00e4t vertrauen k\u00f6nnen \u2013 was das Risiko reduziert und die Einhaltung von Vorschriften\/Importbestimmungen in vielen M\u00e4rkten vereinfacht.<\/p>\n<h2 data-start=\"5632\" data-end=\"5667\">H\u00e4ufig gestellte Fragen (FAQ)<\/h2>\n<p data-start=\"5669\" data-end=\"5936\"><strong data-start=\"5669\" data-end=\"5719\">F: Welche Ger\u00e4te kann dieses 30-W-PD-Ladeger\u00e4t mit Strom versorgen?<\/strong><br data-start=\"5719\" data-end=\"5722\" \/>A: Das Ladeger\u00e4t eignet sich f\u00fcr Laptops und Notebooks (mit USB-C PD-Unterst\u00fctzung und \u2264 30 W Eingangsleistung), Tablets, Smartphones, tragbare Konsolen und alle anderen USB-C- oder PD\/PPS-kompatiblen Ger\u00e4te innerhalb des Ausgangsleistungsbereichs.<\/p>\n<p data-start=\"5938\" data-end=\"6228\"><strong data-start=\"5938\" data-end=\"5988\">F: Funktioniert es auch bei internationalen Reisen?<\/strong><br data-start=\"5988\" data-end=\"5991\" \/>A: Ja. Da der Eingang des Ladeger\u00e4ts 100\u2013240 V Wechselstrom unterst\u00fctzt und Sie zwischen verschiedenen Stecker-\/Buchsenstandards (USA, EU, Gro\u00dfbritannien, Japan, Korea) w\u00e4hlen k\u00f6nnen, funktioniert es praktisch weltweit \u2013 ideal f\u00fcr Reisende, Gesch\u00e4ftsreisen oder Sendungen \u00fcber Regionen hinweg.<\/p>\n<p data-start=\"6230\" data-end=\"6550\"><strong data-start=\"6230\" data-end=\"6264\">F: Ist das Ladeger\u00e4t sicher in der Anwendung?<\/strong><br data-start=\"6264\" data-end=\"6267\" \/>A: Ja. Es verf\u00fcgt \u00fcber mehrere integrierte Sicherheitsvorkehrungen (Kurzschluss, \u00dcberspannung, \u00dcberstrom, \u00dcberlast, R\u00fcckfluss) und hat zahlreiche internationale Zertifizierungen (ETL, CE, FCC, UKCA, PSE, KC, RoHS, REACH) bestanden, wodurch die Einhaltung internationaler Sicherheits- und Umweltvorschriften gew\u00e4hrleistet ist.<\/p>\n<p data-start=\"6552\" data-end=\"6816\"><strong data-start=\"6552\" data-end=\"6592\">F: Was ist PPS und wozu ist es n\u00fctzlich?<\/strong><br data-start=\"6592\" data-end=\"6595\" \/>A: PPS (Programmable Power Supply) erm\u00f6glicht es dem Ladeger\u00e4t, Spannung und Stromst\u00e4rke dynamisch an die Echtzeitbed\u00fcrfnisse des Ger\u00e4ts anzupassen \u2013 was zu einem effizienteren, sichereren und schnelleren Laden von Ger\u00e4ten f\u00fchrt, die PPS unterst\u00fctzen.<\/p>\n<p data-start=\"6818\" data-end=\"7134\"><strong data-start=\"6818\" data-end=\"6903\">F: Kann ich bei einer Gro\u00dfbestellung individuelles Branding, Verpackungen oder individuelle Steckertypen erhalten?<\/strong><br data-start=\"6903\" data-end=\"6906\" \/>A: Ja. Der Hersteller Jialu bietet OEM\/ODM-Services an, das hei\u00dft, Sie k\u00f6nnen individuelle Spezifikationen, Branding, Verpackung und Steckerkonfigurationen anfordern, die zu Ihrer Marke oder Ihrem Zielmarkt passen.<\/p>\n<p data-start=\"7136\" data-end=\"7281\"><strong data-start=\"7136\" data-end=\"7171\">F: Wie lange ist die Garantiezeit?<\/strong><br data-start=\"7171\" data-end=\"7174\" \/>A: F\u00fcr das Ladeger\u00e4t gilt eine einj\u00e4hrige Garantie, die Material- und Verarbeitungsfehler bei normalem Gebrauch abdeckt.<\/p>\n<p data-start=\"7283\" data-end=\"7427\"><strong data-start=\"7283\" data-end=\"7344\">F: Welche Betriebs- und Lagertemperaturbereiche gibt es?<\/strong><br data-start=\"7344\" data-end=\"7347\" \/>A: Betriebstemperatur: \u201320 \u00b0C bis 55 \u00b0C. Lagertemperatur: \u201340 \u00b0C bis 70 \u00b0C.<\/p>","protected":false},"excerpt":{"rendered":"<p data-start=\"1722\" data-end=\"1751\"><strong data-start=\"1722\" data-end=\"1739\">Modellnummer:<\/strong> TR7930CRU<\/p>\n<p data-start=\"1754\" data-end=\"1793\"><strong data-start=\"1754\" data-end=\"1774\">Herkunftsort:<\/strong> China (Festland)<\/p>\n<p data-start=\"1796\" data-end=\"1838\"><strong data-start=\"1796\" data-end=\"1806\">Eingang:<\/strong> 100\u2013240 V Wechselstrom, 50\/60 Hz, 0,8 A<\/p>\n<p data-start=\"1841\" data-end=\"1865\"><strong data-start=\"1841\" data-end=\"1863\">Ausgang (PD \/ PPS): <\/strong>5 V \/ 3 A 9 V \/ 3 A 12 V \/ 2,5 A 15 V \/ 2 A 20 V \/ 1,5 A \u2013 bis zu 30 W<\/p>\n<p data-start=\"1970\" data-end=\"2000\">PPS-Modus: 3,3\u201311,0 V \/ 2,7 A<\/p>\n<p data-start=\"2003\" data-end=\"2075\"><strong data-start=\"2003\" data-end=\"2029\">Steckdosen-\/Steckeroptionen:<\/strong> USA, EU, Gro\u00dfbritannien, Japan, Korea (regionsabh\u00e4ngig)<\/p>\n<p data-start=\"2078\" data-end=\"2114\"><strong data-start=\"2078\" data-end=\"2099\">Verf\u00fcgbare Farben:<\/strong> Schwarz, Wei\u00df<\/p>\n<p data-start=\"2117\" data-end=\"2170\"><strong data-start=\"2117\" data-end=\"2130\">Material:<\/strong> PC (langlebiges Polycarbonat oder \u00e4hnliches)<\/p>\n<p data-start=\"2173\" data-end=\"2199\"><strong data-start=\"2173\" data-end=\"2184\">Gewicht:<\/strong> Ca. 51 g<\/p>\n<p data-start=\"2202\" data-end=\"2231\"><strong data-start=\"2202\" data-end=\"2214\">Verpackung:<\/strong> Einzelhandelsverpackung<\/p>\n<p data-start=\"2234\" data-end=\"2378\"><strong data-start=\"2234\" data-end=\"2258\">Schutzfunktionen:<\/strong> Kurzschlussschutz, \u00dcberspannungsschutz, \u00dcberstromschutz, \u00dcberlastschutz, R\u00fcckflussschutz<\/p>\n<p data-start=\"2381\" data-end=\"2417\"><strong data-start=\"2381\" data-end=\"2402\">Effizienzniveau:<\/strong> VI (Stufe 6)<\/p>\n<p data-start=\"2420\" data-end=\"2482\"><strong data-start=\"2420\" data-end=\"2439\">Zertifizierungen:<\/strong> ETL, CE, FCC, UKCA, PSE, KC, RoHS, REACH<\/p>","protected":false},"featured_media":1321,"comment_status":"closed","ping_status":"closed","template":"","meta":{"_acf_changed":false,"site-sidebar-layout":"default","site-content-layout":"","ast-site-content-layout":"default","site-content-style":"default","site-sidebar-style":"default","ast-global-header-display":"","ast-banner-title-visibility":"","ast-main-header-display":"","ast-hfb-above-header-display":"","ast-hfb-below-header-display":"","ast-hfb-mobile-header-display":"","site-post-title":"","ast-breadcrumbs-content":"","ast-featured-img":"","footer-sml-layout":"","ast-disable-related-posts":"","theme-transparent-header-meta":"default","adv-header-id-meta":"","stick-header-meta":"","header-above-stick-meta":"","header-main-stick-meta":"","header-below-stick-meta":"","astra-migrate-meta-layouts":"set","ast-page-background-enabled":"default","ast-page-background-meta":{"desktop":{"background-color":"var(--ast-global-color-5)","background-image":"","background-repeat":"repeat","background-position":"center center","background-size":"auto","background-attachment":"scroll","background-type":"","background-media":"","overlay-type":"","overlay-color":"","overlay-opacity":"","overlay-gradient":""},"tablet":{"background-color":"","background-image":"","background-repeat":"repeat","background-position":"center center","background-size":"auto","background-attachment":"scroll","background-type":"","background-media":"","overlay-type":"","overlay-color":"","overlay-opacity":"","overlay-gradient":""},"mobile":{"background-color":"","background-image":"","background-repeat":"repeat","background-position":"center center","background-size":"auto","background-attachment":"scroll","background-type":"","background-media":"","overlay-type":"","overlay-color":"","overlay-opacity":"","overlay-gradient":""}},"ast-content-background-meta":{"desktop":{"background-color":"var(--ast-global-color-4)","background-image":"","background-repeat":"repeat","background-position":"center center","background-size":"auto","background-attachment":"scroll","background-type":"","background-media":"","overlay-type":"","overlay-color":"","overlay-opacity":"","overlay-gradient":""},"tablet":{"background-color":"var(--ast-global-color-4)","background-image":"","background-repeat":"repeat","background-position":"center center","background-size":"auto","background-attachment":"scroll","background-type":"","background-media":"","overlay-type":"","overlay-color":"","overlay-opacity":"","overlay-gradient":""},"mobile":{"background-color":"var(--ast-global-color-4)","background-image":"","background-repeat":"repeat","background-position":"center center","background-size":"auto","background-attachment":"scroll","background-type":"","background-media":"","overlay-type":"","overlay-color":"","overlay-opacity":"","overlay-gradient":""}}},"product_brand":[],"product_cat":[30,46],"product_tag":[122,155,154,148,150],"class_list":{"0":"post-1320","1":"product","2":"type-product","3":"status-publish","4":"has-post-thumbnail","6":"product_cat-gan-charger","7":"product_cat-30w","8":"product_tag-30w-pd-charger","9":"product_tag-compact-pd-charger","10":"product_tag-power-delivery-charger","11":"product_tag-universal-travel-charger","12":"product_tag-usb-c-charger","13":"desktop-align-left","14":"tablet-align-left","15":"mobile-align-left","17":"first","18":"instock","19":"shipping-taxable","20":"product-type-simple"},"acf":[],"_links":{"self":[{"href":"https:\/\/szjialu.com\/de\/wp-json\/wp\/v2\/product\/1320","targetHints":{"allow":["GET"]}}],"collection":[{"href":"https:\/\/szjialu.com\/de\/wp-json\/wp\/v2\/product"}],"about":[{"href":"https:\/\/szjialu.com\/de\/wp-json\/wp\/v2\/types\/product"}],"replies":[{"embeddable":true,"href":"https:\/\/szjialu.com\/de\/wp-json\/wp\/v2\/comments?post=1320"}],"wp:featuredmedia":[{"embeddable":true,"href":"https:\/\/szjialu.com\/de\/wp-json\/wp\/v2\/media\/1321"}],"wp:attachment":[{"href":"https:\/\/szjialu.com\/de\/wp-json\/wp\/v2\/media?parent=1320"}],"wp:term":[{"taxonomy":"product_brand","embeddable":true,"href":"https:\/\/szjialu.com\/de\/wp-json\/wp\/v2\/product_brand?post=1320"},{"taxonomy":"product_cat","embeddable":true,"href":"https:\/\/szjialu.com\/de\/wp-json\/wp\/v2\/product_cat?post=1320"},{"taxonomy":"product_tag","embeddable":true,"href":"https:\/\/szjialu.com\/de\/wp-json\/wp\/v2\/product_tag?post=1320"}],"curies":[{"name":"wp","href":"https:\/\/api.w.org\/{rel}","templated":true}]}}